{"id":14610,"date":"2020-09-13T14:47:03","date_gmt":"2020-09-13T12:47:03","guid":{"rendered":"https:\/\/radarservice.eu\/produkt\/escort-max-360c-international\/"},"modified":"2021-03-18T11:20:05","modified_gmt":"2021-03-18T10:20:05","slug":"escort-max-360c-international","status":"publish","type":"product","link":"https:\/\/radarservice.eu\/fr\/produit\/escort-max-360c-international\/","title":{"rendered":"Escort MAX 360c International"},"content":{"rendered":"<p>L\u2019escort Max 360c International dispose d\u2019un r\u00e9cepteur radar \u00e9tendu qui assure un avertissement sur de longues distances pour toutes les mesures de la foudre.<\/p>\n<p>L\u2019escort MAX 360c dispose d\u2019un \u00e9cran OLED qui permet plusieurs r\u00e9glages de couleurs. Vous pouvez r\u00e9gler l\u2019affichage en bleu, vert, rouge ou ambr\u00e9. La luminosit\u00e9 de l\u2019affichage peut \u00eatre r\u00e9gl\u00e9e sur l\u2019obscurit\u00e9, le minimum, le milieu, le maximum ou automatiquement.<\/p>\n<p><strong>Note: <\/strong> L\u2019Escort Max 360c a certes une r\u00e9ception laser, mais pour une protection laser s\u00fbre, nous recommandons l\u2019utilisation d\u2019un bloquant laser actif z.B. Antilaser ALP Priority ou laser flare ! <\/p>\n<p><strong>\u00e9vente:<\/strong><br \/>\n+ avertisseur radar mobile avec antenne radar HD<br \/>\n+ d\u00e9tection de CD Multaradar (important pour une utilisation en Autriche, Pays-Bas &amp; Slovaquie) <br \/>\nD\u00e9tection + 360\u00b0 degr\u00e9s de toutes les sources radar en Europe (bande X \/ K \/ Ka) <br \/>\n+ mise en garde contre les mesures laser <br \/>\n+ mise en garde contre les syst\u00e8mes fixes de mesure de la vitesse <br \/>\n+ Alerte aux surveillances de feux rouges<br \/>\n+ avertissement pour les mesures section control (contr\u00f4les de section) <br \/>\n+ \u00e9cran OLED avec diff\u00e9rentes couleurs de fond<br \/>\n+ base de donn\u00e9es EUROPA pour les radars fixes<br \/>\n+ points de danger propres <br \/>\n+ Logiciel de mise \u00e0 jour pour Windows et Mac<\/p>\n<p><strong>approvisionnement:<\/strong><br \/>\n* Avertisseur radar Escort Max 360c avec r\u00e9cepteur GPS int\u00e9gr\u00e9<br \/>\n* Accessoires pour montage sur le pare-brise (ventouses) <br \/>\n* Alimentation \u00e9lectrique 12V avec connexion \u00e0 l\u2019allume-cigare<br \/>\n* Mode d\u2019emploi<\/p>\n","protected":false},"excerpt":{"rendered":"<p>L\u2019escort Max 360c International dispose d\u2019un r\u00e9cepteur radar \u00e9tendu qui assure un avertissement sur de longues distances pour toutes les mesures de la foudre. L\u2019escort MAX 360c dispose d\u2019un \u00e9cran OLED qui permet plusieurs r\u00e9glages de couleurs. Vous pouvez r\u00e9gler l\u2019affichage en bleu, vert, rouge ou ambr\u00e9. La luminosit\u00e9 de l\u2019affichage peut \u00eatre r\u00e9gl\u00e9e sur [&#8230;]\n","protected":false},"featured_media":14190,"comment_status":"open","ping_status":"closed","template":"","meta":[],"product_brand":[],"product_cat":[320,293],"product_tag":[642,410,414,424,429,493,639],"class_list":{"0":"post-14610","1":"product","2":"type-product","3":"status-publish","4":"has-post-thumbnail","6":"product_cat-detecteurs-de-radar-portable","7":"product_cat-escort-france","8":"product_tag-avertisseur-de-radar-mobile","9":"product_tag-escort-fr","10":"product_tag-escort-max-360c-fr","11":"product_tag-europa-fr","12":"product_tag-gps-fr","13":"product_tag-max-360c-fr","14":"product_tag-piege-radar","16":"first","17":"instock","18":"taxable","19":"shipping-taxable","20":"purchasable","21":"product-type-simple"},"yoast_head":"<!-- This site is optimized with the Yoast SEO plugin v27.2 - https:\/\/yoast.com\/product\/yoast-seo-wordpress\/ -->\n<title>Escort MAX 360c International | Radar Service<\/title>\n<meta name=\"description\" content=\"L\u2019Escort Max 360c International dispose d\u2019une antenne radar moderne et met en garde de mani\u00e8re fiable contre les pi\u00e8ges radars mobiles et les mesures au laser.\" \/>\n<meta name=\"robots\" content=\"index, follow, max-snippet:-1, max-image-preview:large, max-video-preview:-1\" \/>\n<link rel=\"canonical\" href=\"https:\/\/radarservice.eu\/fr\/produit\/escort-max-360c-international\/\" \/>\n<meta property=\"og:locale\" content=\"fr_FR\" \/>\n<meta property=\"og:type\" content=\"article\" \/>\n<meta property=\"og:title\" content=\"Escort MAX 360c International | Radar Service\" \/>\n<meta property=\"og:description\" content=\"L\u2019Escort Max 360c International dispose d\u2019une antenne radar moderne et met en garde de mani\u00e8re fiable contre les pi\u00e8ges radars mobiles et les mesures au laser.\" \/>\n<meta property=\"og:url\" content=\"https:\/\/radarservice.eu\/fr\/produit\/escort-max-360c-international\/\" \/>\n<meta property=\"og:site_name\" content=\"Radar Service\" \/>\n<meta property=\"article:modified_time\" content=\"2021-03-18T10:20:05+00:00\" \/>\n<meta property=\"og:image\" content=\"https:\/\/radarservice.eu\/wp-content\/uploads\/2020\/09\/Escort_Max_360c_International_display.png\" \/>\n\t<meta property=\"og:image:width\" content=\"800\" \/>\n\t<meta property=\"og:image:height\" content=\"800\" \/>\n\t<meta property=\"og:image:type\" content=\"image\/png\" \/>\n<meta name=\"twitter:card\" content=\"summary_large_image\" \/>\n<meta name=\"twitter:label1\" content=\"Dur\u00e9e de lecture estim\u00e9e\" \/>\n\t<meta name=\"twitter:data1\" content=\"1 minute\" \/>\n<script type=\"application\/ld+json\" class=\"yoast-schema-graph\">{\"@context\":\"https:\/\/schema.org\",\"@graph\":[{\"@type\":\"WebPage\",\"@id\":\"https:\/\/radarservice.eu\/fr\/produit\/escort-max-360c-international\/\",\"url\":\"https:\/\/radarservice.eu\/fr\/produit\/escort-max-360c-international\/\",\"name\":\"Escort MAX 360c International | Radar Service\",\"isPartOf\":{\"@id\":\"https:\/\/radarservice.eu\/fr\/#website\"},\"primaryImageOfPage\":{\"@id\":\"https:\/\/radarservice.eu\/fr\/produit\/escort-max-360c-international\/#primaryimage\"},\"image\":{\"@id\":\"https:\/\/radarservice.eu\/fr\/produit\/escort-max-360c-international\/#primaryimage\"},\"thumbnailUrl\":\"https:\/\/radarservice.eu\/wp-content\/uploads\/2020\/09\/Escort_Max_360c_International_display.png\",\"datePublished\":\"2020-09-13T12:47:03+00:00\",\"dateModified\":\"2021-03-18T10:20:05+00:00\",\"description\":\"L\u2019Escort Max 360c International dispose d\u2019une antenne radar moderne et met en garde de mani\u00e8re fiable contre les pi\u00e8ges radars mobiles et les mesures au laser.\",\"breadcrumb\":{\"@id\":\"https:\/\/radarservice.eu\/fr\/produit\/escort-max-360c-international\/#breadcrumb\"},\"inLanguage\":\"fr-FR\",\"potentialAction\":[{\"@type\":\"ReadAction\",\"target\":[\"https:\/\/radarservice.eu\/fr\/produit\/escort-max-360c-international\/\"]}]},{\"@type\":\"ImageObject\",\"inLanguage\":\"fr-FR\",\"@id\":\"https:\/\/radarservice.eu\/fr\/produit\/escort-max-360c-international\/#primaryimage\",\"url\":\"https:\/\/radarservice.eu\/wp-content\/uploads\/2020\/09\/Escort_Max_360c_International_display.png\",\"contentUrl\":\"https:\/\/radarservice.eu\/wp-content\/uploads\/2020\/09\/Escort_Max_360c_International_display.png\",\"width\":800,\"height\":800,\"caption\":\"Escort Max 360c International\"},{\"@type\":\"BreadcrumbList\",\"@id\":\"https:\/\/radarservice.eu\/fr\/produit\/escort-max-360c-international\/#breadcrumb\",\"itemListElement\":[{\"@type\":\"ListItem\",\"position\":1,\"name\":\"Boutique\",\"item\":\"https:\/\/radarservice.eu\/fr\/boutique\/\"},{\"@type\":\"ListItem\",\"position\":2,\"name\":\"Escort MAX 360c International\"}]},{\"@type\":\"WebSite\",\"@id\":\"https:\/\/radarservice.eu\/fr\/#website\",\"url\":\"https:\/\/radarservice.eu\/fr\/\",\"name\":\"Radar Service\",\"description\":\"Radar detector Laser jammer mobile fix\",\"publisher\":{\"@id\":\"https:\/\/radarservice.eu\/fr\/#organization\"},\"potentialAction\":[{\"@type\":\"SearchAction\",\"target\":{\"@type\":\"EntryPoint\",\"urlTemplate\":\"https:\/\/radarservice.eu\/fr\/?s={search_term_string}\"},\"query-input\":{\"@type\":\"PropertyValueSpecification\",\"valueRequired\":true,\"valueName\":\"search_term_string\"}}],\"inLanguage\":\"fr-FR\"},{\"@type\":\"Organization\",\"@id\":\"https:\/\/radarservice.eu\/fr\/#organization\",\"name\":\"RadarService\",\"url\":\"https:\/\/radarservice.eu\/fr\/\",\"logo\":{\"@type\":\"ImageObject\",\"inLanguage\":\"fr-FR\",\"@id\":\"https:\/\/radarservice.eu\/fr\/#\/schema\/logo\/image\/\",\"url\":\"https:\/\/radarservice.eu\/wp-content\/uploads\/2021\/03\/Radar_detector_service.png\",\"contentUrl\":\"https:\/\/radarservice.eu\/wp-content\/uploads\/2021\/03\/Radar_detector_service.png\",\"width\":174,\"height\":48,\"caption\":\"RadarService\"},\"image\":{\"@id\":\"https:\/\/radarservice.eu\/fr\/#\/schema\/logo\/image\/\"}}]}<\/script>\n<!-- \/ Yoast SEO plugin. -->","yoast_head_json":{"title":"Escort MAX 360c International | Radar Service","description":"L\u2019Escort Max 360c International dispose d\u2019une antenne radar moderne et met en garde de mani\u00e8re fiable contre les pi\u00e8ges radars mobiles et les mesures au laser.","robots":{"index":"index","follow":"follow","max-snippet":"max-snippet:-1","max-image-preview":"max-image-preview:large","max-video-preview":"max-video-preview:-1"},"canonical":"https:\/\/radarservice.eu\/fr\/produit\/escort-max-360c-international\/","og_locale":"fr_FR","og_type":"article","og_title":"Escort MAX 360c International | Radar Service","og_description":"L\u2019Escort Max 360c International dispose d\u2019une antenne radar moderne et met en garde de mani\u00e8re fiable contre les pi\u00e8ges radars mobiles et les mesures au laser.","og_url":"https:\/\/radarservice.eu\/fr\/produit\/escort-max-360c-international\/","og_site_name":"Radar Service","article_modified_time":"2021-03-18T10:20:05+00:00","og_image":[{"width":800,"height":800,"url":"https:\/\/radarservice.eu\/wp-content\/uploads\/2020\/09\/Escort_Max_360c_International_display.png","type":"image\/png"}],"twitter_card":"summary_large_image","twitter_misc":{"Dur\u00e9e de lecture estim\u00e9e":"1 minute"},"schema":{"@context":"https:\/\/schema.org","@graph":[{"@type":"WebPage","@id":"https:\/\/radarservice.eu\/fr\/produit\/escort-max-360c-international\/","url":"https:\/\/radarservice.eu\/fr\/produit\/escort-max-360c-international\/","name":"Escort MAX 360c International | Radar Service","isPartOf":{"@id":"https:\/\/radarservice.eu\/fr\/#website"},"primaryImageOfPage":{"@id":"https:\/\/radarservice.eu\/fr\/produit\/escort-max-360c-international\/#primaryimage"},"image":{"@id":"https:\/\/radarservice.eu\/fr\/produit\/escort-max-360c-international\/#primaryimage"},"thumbnailUrl":"https:\/\/radarservice.eu\/wp-content\/uploads\/2020\/09\/Escort_Max_360c_International_display.png","datePublished":"2020-09-13T12:47:03+00:00","dateModified":"2021-03-18T10:20:05+00:00","description":"L\u2019Escort Max 360c International dispose d\u2019une antenne radar moderne et met en garde de mani\u00e8re fiable contre les pi\u00e8ges radars mobiles et les mesures au laser.","breadcrumb":{"@id":"https:\/\/radarservice.eu\/fr\/produit\/escort-max-360c-international\/#breadcrumb"},"inLanguage":"fr-FR","potentialAction":[{"@type":"ReadAction","target":["https:\/\/radarservice.eu\/fr\/produit\/escort-max-360c-international\/"]}]},{"@type":"ImageObject","inLanguage":"fr-FR","@id":"https:\/\/radarservice.eu\/fr\/produit\/escort-max-360c-international\/#primaryimage","url":"https:\/\/radarservice.eu\/wp-content\/uploads\/2020\/09\/Escort_Max_360c_International_display.png","contentUrl":"https:\/\/radarservice.eu\/wp-content\/uploads\/2020\/09\/Escort_Max_360c_International_display.png","width":800,"height":800,"caption":"Escort Max 360c International"},{"@type":"BreadcrumbList","@id":"https:\/\/radarservice.eu\/fr\/produit\/escort-max-360c-international\/#breadcrumb","itemListElement":[{"@type":"ListItem","position":1,"name":"Boutique","item":"https:\/\/radarservice.eu\/fr\/boutique\/"},{"@type":"ListItem","position":2,"name":"Escort MAX 360c International"}]},{"@type":"WebSite","@id":"https:\/\/radarservice.eu\/fr\/#website","url":"https:\/\/radarservice.eu\/fr\/","name":"Radar Service","description":"Radar detector Laser jammer mobile fix","publisher":{"@id":"https:\/\/radarservice.eu\/fr\/#organization"},"potentialAction":[{"@type":"SearchAction","target":{"@type":"EntryPoint","urlTemplate":"https:\/\/radarservice.eu\/fr\/?s={search_term_string}"},"query-input":{"@type":"PropertyValueSpecification","valueRequired":true,"valueName":"search_term_string"}}],"inLanguage":"fr-FR"},{"@type":"Organization","@id":"https:\/\/radarservice.eu\/fr\/#organization","name":"RadarService","url":"https:\/\/radarservice.eu\/fr\/","logo":{"@type":"ImageObject","inLanguage":"fr-FR","@id":"https:\/\/radarservice.eu\/fr\/#\/schema\/logo\/image\/","url":"https:\/\/radarservice.eu\/wp-content\/uploads\/2021\/03\/Radar_detector_service.png","contentUrl":"https:\/\/radarservice.eu\/wp-content\/uploads\/2021\/03\/Radar_detector_service.png","width":174,"height":48,"caption":"RadarService"},"image":{"@id":"https:\/\/radarservice.eu\/fr\/#\/schema\/logo\/image\/"}}]}},"_links":{"self":[{"href":"https:\/\/radarservice.eu\/fr\/wp-json\/wp\/v2\/product\/14610","targetHints":{"allow":["GET"]}}],"collection":[{"href":"https:\/\/radarservice.eu\/fr\/wp-json\/wp\/v2\/product"}],"about":[{"href":"https:\/\/radarservice.eu\/fr\/wp-json\/wp\/v2\/types\/product"}],"replies":[{"embeddable":true,"href":"https:\/\/radarservice.eu\/fr\/wp-json\/wp\/v2\/comments?post=14610"}],"wp:featuredmedia":[{"embeddable":true,"href":"https:\/\/radarservice.eu\/fr\/wp-json\/wp\/v2\/media\/14190"}],"wp:attachment":[{"href":"https:\/\/radarservice.eu\/fr\/wp-json\/wp\/v2\/media?parent=14610"}],"wp:term":[{"taxonomy":"product_brand","embeddable":true,"href":"https:\/\/radarservice.eu\/fr\/wp-json\/wp\/v2\/product_brand?post=14610"},{"taxonomy":"product_cat","embeddable":true,"href":"https:\/\/radarservice.eu\/fr\/wp-json\/wp\/v2\/product_cat?post=14610"},{"taxonomy":"product_tag","embeddable":true,"href":"https:\/\/radarservice.eu\/fr\/wp-json\/wp\/v2\/product_tag?post=14610"}],"curies":[{"name":"wp","href":"https:\/\/api.w.org\/{rel}","templated":true}]}}