{"id":14609,"date":"2020-09-13T14:47:03","date_gmt":"2020-09-13T12:47:03","guid":{"rendered":"https:\/\/radarservice.eu\/produkt\/escort-redline-360c-international\/"},"modified":"2025-12-05T00:02:20","modified_gmt":"2025-12-04T23:02:20","slug":"escort-redline-360c-international","status":"publish","type":"product","link":"https:\/\/radarservice.eu\/fr\/produit\/escort-redline-360c-international\/","title":{"rendered":"Escort Redline 360c International"},"content":{"rendered":"<p>L\u2019Escort Redline 360c n\u2019est pas pour tout le monde, mais seulement pour ceux qui attendent le meilleur.  Gr\u00e2ce \u00e0 la port\u00e9e extr\u00eame (2x plus grande port\u00e9e par rapport \u00e0 l\u2019Escort Redline EX), vous savez exactement ce qui se passe devant vous, derri\u00e8re vous et partout autour de vous. L\u2019avertisseur radar Escort Redline 360c d\u00e9tecte de mani\u00e8re fiable les pi\u00e8ges radar et les mesures au laser. Les nouveaux radars MultaRadar (MRCD \/ MRCT \/ Moving) et Gatso sont \u00e9galement signal\u00e9s \u00e0 temps. Les radars fixes et sections de contr\u00f4le de section sont signal\u00e9s de mani\u00e8re fiable par le r\u00e9cepteur GPS int\u00e9gr\u00e9 et une base de donn\u00e9es Europa. <\/p>\n<p>Alon du nouveau filtre de fausse alerte, les messages erron\u00e9s sont d\u00e9lib\u00e9r\u00e9ment occult\u00e9s.<\/p>\n<p>La technologie de pointe de l\u2019Escort Redline 360c garantit une protection fiable contre les d\u00e9tecteurs radar de la police fran\u00e7aise et n\u00e9erlandaise.<\/p>\n<p><strong>\u00e9vente:<\/strong><br \/>\n+ avertisseur radar mobile avec connexion 12V \u00e0 l\u2019allume-cigare<br \/>\n+ Alerte radar et laser (bande X \/ K-Band \/ KA \/ MultaRadar \/ Gatso et laser) <br \/>\n+ True-Lock GPS Technologie AutoLearn pour la suppression de fausse alerte<br \/>\n+ Tachometer GPS <br \/ ><br \/>\n+ protection \u00e9lectronique contre la g\u00e9olocalisation par des d\u00e9tecteurs de radar<br \/>\n+ Multi-couleur \u00e9cran OLED<br \/>\n+ r\u00e9gulation de la luminosit\u00e9 \u00e0 plusieurs niveaux plus mode sombre<br \/>\n+ de nombreuses options de r\u00e9glage<\/p>\n<p><strong>approvisionnement:<\/strong><br \/>\n* Escort Redline 360c Avertisseur radar<br \/>\n* Accessoires pour montage sur le pare-brise (ventouses) <br \/>\n* Alimentation \u00e9lectrique 12V avec connexion \u00e0 l\u2019allume-cigare<br \/>\n* Mode d\u2019emploi<\/p>\n<p><strong>Note: <\/strong> L\u2019Escort Redline 360c dispose d\u2019une r\u00e9ception laser, mais pour une protection laser s\u00fbre, nous recommandons l\u2019utilisation d\u2019un bloquant laser actif.B. Antilaser ALP Priority ou Lasertrack Flare.<\/p>\n","protected":false},"excerpt":{"rendered":"<p>L\u2019Escort Redline 360c n\u2019est pas pour tout le monde, mais seulement pour ceux qui attendent le meilleur. Gr\u00e2ce \u00e0 la port\u00e9e extr\u00eame (2x plus grande port\u00e9e par rapport \u00e0 l\u2019Escort Redline EX), vous savez exactement ce qui se passe devant vous, derri\u00e8re vous et partout autour de vous. L\u2019avertisseur radar Escort Redline 360c d\u00e9tecte de [&#8230;]\n","protected":false},"featured_media":14204,"comment_status":"open","ping_status":"closed","template":"","meta":[],"product_brand":[],"product_cat":[320,293],"product_tag":[393,661,416,419,424,662,577,514],"class_list":{"0":"post-14609","1":"product","2":"type-product","3":"status-publish","4":"has-post-thumbnail","6":"product_cat-detecteurs-de-radar-portable","7":"product_cat-escort-france","8":"product_tag-allemagne","9":"product_tag-bon-marche","10":"product_tag-escort-redline-fr","11":"product_tag-escort-redline-360c-fr","12":"product_tag-europa-fr","13":"product_tag-modele-dentree-de-gamme","14":"product_tag-radarwarner-fr","15":"product_tag-redline-360c-fr","17":"first","18":"onbackorder","19":"sale","20":"taxable","21":"shipping-taxable","22":"purchasable","23":"product-type-simple"},"yoast_head":"<!-- This site is optimized with the Yoast SEO plugin v27.2 - https:\/\/yoast.com\/product\/yoast-seo-wordpress\/ -->\n<title>Escort Redline 360c International | Radar Service<\/title>\n<meta name=\"description\" content=\"Escort Redline 360c International | Radar Service\" \/>\n<meta name=\"robots\" content=\"index, follow, max-snippet:-1, max-image-preview:large, max-video-preview:-1\" \/>\n<link rel=\"canonical\" href=\"https:\/\/radarservice.eu\/fr\/produit\/escort-redline-360c-international\/\" \/>\n<meta property=\"og:locale\" content=\"fr_FR\" \/>\n<meta property=\"og:type\" content=\"article\" \/>\n<meta property=\"og:title\" content=\"Escort Redline 360c International | Radar Service\" \/>\n<meta property=\"og:description\" content=\"Escort Redline 360c International | Radar Service\" \/>\n<meta property=\"og:url\" content=\"https:\/\/radarservice.eu\/fr\/produit\/escort-redline-360c-international\/\" \/>\n<meta property=\"og:site_name\" content=\"Radar Service\" \/>\n<meta property=\"article:modified_time\" content=\"2025-12-04T23:02:20+00:00\" \/>\n<meta property=\"og:image\" content=\"https:\/\/radarservice.eu\/wp-content\/uploads\/2020\/09\/Escort_Redline_360c_International_display.jpg\" \/>\n\t<meta property=\"og:image:width\" content=\"800\" \/>\n\t<meta property=\"og:image:height\" content=\"800\" \/>\n\t<meta property=\"og:image:type\" content=\"image\/jpeg\" \/>\n<meta name=\"twitter:card\" content=\"summary_large_image\" \/>\n<meta name=\"twitter:label1\" content=\"Dur\u00e9e de lecture estim\u00e9e\" \/>\n\t<meta name=\"twitter:data1\" content=\"1 minute\" \/>\n<script type=\"application\/ld+json\" class=\"yoast-schema-graph\">{\"@context\":\"https:\/\/schema.org\",\"@graph\":[{\"@type\":\"WebPage\",\"@id\":\"https:\/\/radarservice.eu\/fr\/produit\/escort-redline-360c-international\/\",\"url\":\"https:\/\/radarservice.eu\/fr\/produit\/escort-redline-360c-international\/\",\"name\":\"Escort Redline 360c International | Radar Service\",\"isPartOf\":{\"@id\":\"https:\/\/radarservice.eu\/fr\/#website\"},\"primaryImageOfPage\":{\"@id\":\"https:\/\/radarservice.eu\/fr\/produit\/escort-redline-360c-international\/#primaryimage\"},\"image\":{\"@id\":\"https:\/\/radarservice.eu\/fr\/produit\/escort-redline-360c-international\/#primaryimage\"},\"thumbnailUrl\":\"https:\/\/radarservice.eu\/wp-content\/uploads\/2020\/09\/Escort_Redline_360c_International_display.jpg\",\"datePublished\":\"2020-09-13T12:47:03+00:00\",\"dateModified\":\"2025-12-04T23:02:20+00:00\",\"description\":\"Escort Redline 360c International | Radar Service\",\"breadcrumb\":{\"@id\":\"https:\/\/radarservice.eu\/fr\/produit\/escort-redline-360c-international\/#breadcrumb\"},\"inLanguage\":\"fr-FR\",\"potentialAction\":[{\"@type\":\"ReadAction\",\"target\":[\"https:\/\/radarservice.eu\/fr\/produit\/escort-redline-360c-international\/\"]}]},{\"@type\":\"ImageObject\",\"inLanguage\":\"fr-FR\",\"@id\":\"https:\/\/radarservice.eu\/fr\/produit\/escort-redline-360c-international\/#primaryimage\",\"url\":\"https:\/\/radarservice.eu\/wp-content\/uploads\/2020\/09\/Escort_Redline_360c_International_display.jpg\",\"contentUrl\":\"https:\/\/radarservice.eu\/wp-content\/uploads\/2020\/09\/Escort_Redline_360c_International_display.jpg\",\"width\":800,\"height\":800,\"caption\":\"Escort Redline 360c International\"},{\"@type\":\"BreadcrumbList\",\"@id\":\"https:\/\/radarservice.eu\/fr\/produit\/escort-redline-360c-international\/#breadcrumb\",\"itemListElement\":[{\"@type\":\"ListItem\",\"position\":1,\"name\":\"Boutique\",\"item\":\"https:\/\/radarservice.eu\/fr\/boutique\/\"},{\"@type\":\"ListItem\",\"position\":2,\"name\":\"Escort Redline 360c International\"}]},{\"@type\":\"WebSite\",\"@id\":\"https:\/\/radarservice.eu\/fr\/#website\",\"url\":\"https:\/\/radarservice.eu\/fr\/\",\"name\":\"Radar Service\",\"description\":\"Radar detector Laser jammer mobile fix\",\"publisher\":{\"@id\":\"https:\/\/radarservice.eu\/fr\/#organization\"},\"potentialAction\":[{\"@type\":\"SearchAction\",\"target\":{\"@type\":\"EntryPoint\",\"urlTemplate\":\"https:\/\/radarservice.eu\/fr\/?s={search_term_string}\"},\"query-input\":{\"@type\":\"PropertyValueSpecification\",\"valueRequired\":true,\"valueName\":\"search_term_string\"}}],\"inLanguage\":\"fr-FR\"},{\"@type\":\"Organization\",\"@id\":\"https:\/\/radarservice.eu\/fr\/#organization\",\"name\":\"RadarService\",\"url\":\"https:\/\/radarservice.eu\/fr\/\",\"logo\":{\"@type\":\"ImageObject\",\"inLanguage\":\"fr-FR\",\"@id\":\"https:\/\/radarservice.eu\/fr\/#\/schema\/logo\/image\/\",\"url\":\"https:\/\/radarservice.eu\/wp-content\/uploads\/2021\/03\/Radar_detector_service.png\",\"contentUrl\":\"https:\/\/radarservice.eu\/wp-content\/uploads\/2021\/03\/Radar_detector_service.png\",\"width\":174,\"height\":48,\"caption\":\"RadarService\"},\"image\":{\"@id\":\"https:\/\/radarservice.eu\/fr\/#\/schema\/logo\/image\/\"}}]}<\/script>\n<!-- \/ Yoast SEO plugin. -->","yoast_head_json":{"title":"Escort Redline 360c International | Radar Service","description":"Escort Redline 360c International | Radar Service","robots":{"index":"index","follow":"follow","max-snippet":"max-snippet:-1","max-image-preview":"max-image-preview:large","max-video-preview":"max-video-preview:-1"},"canonical":"https:\/\/radarservice.eu\/fr\/produit\/escort-redline-360c-international\/","og_locale":"fr_FR","og_type":"article","og_title":"Escort Redline 360c International | Radar Service","og_description":"Escort Redline 360c International | Radar Service","og_url":"https:\/\/radarservice.eu\/fr\/produit\/escort-redline-360c-international\/","og_site_name":"Radar Service","article_modified_time":"2025-12-04T23:02:20+00:00","og_image":[{"width":800,"height":800,"url":"https:\/\/radarservice.eu\/wp-content\/uploads\/2020\/09\/Escort_Redline_360c_International_display.jpg","type":"image\/jpeg"}],"twitter_card":"summary_large_image","twitter_misc":{"Dur\u00e9e de lecture estim\u00e9e":"1 minute"},"schema":{"@context":"https:\/\/schema.org","@graph":[{"@type":"WebPage","@id":"https:\/\/radarservice.eu\/fr\/produit\/escort-redline-360c-international\/","url":"https:\/\/radarservice.eu\/fr\/produit\/escort-redline-360c-international\/","name":"Escort Redline 360c International | Radar Service","isPartOf":{"@id":"https:\/\/radarservice.eu\/fr\/#website"},"primaryImageOfPage":{"@id":"https:\/\/radarservice.eu\/fr\/produit\/escort-redline-360c-international\/#primaryimage"},"image":{"@id":"https:\/\/radarservice.eu\/fr\/produit\/escort-redline-360c-international\/#primaryimage"},"thumbnailUrl":"https:\/\/radarservice.eu\/wp-content\/uploads\/2020\/09\/Escort_Redline_360c_International_display.jpg","datePublished":"2020-09-13T12:47:03+00:00","dateModified":"2025-12-04T23:02:20+00:00","description":"Escort Redline 360c International | Radar Service","breadcrumb":{"@id":"https:\/\/radarservice.eu\/fr\/produit\/escort-redline-360c-international\/#breadcrumb"},"inLanguage":"fr-FR","potentialAction":[{"@type":"ReadAction","target":["https:\/\/radarservice.eu\/fr\/produit\/escort-redline-360c-international\/"]}]},{"@type":"ImageObject","inLanguage":"fr-FR","@id":"https:\/\/radarservice.eu\/fr\/produit\/escort-redline-360c-international\/#primaryimage","url":"https:\/\/radarservice.eu\/wp-content\/uploads\/2020\/09\/Escort_Redline_360c_International_display.jpg","contentUrl":"https:\/\/radarservice.eu\/wp-content\/uploads\/2020\/09\/Escort_Redline_360c_International_display.jpg","width":800,"height":800,"caption":"Escort Redline 360c International"},{"@type":"BreadcrumbList","@id":"https:\/\/radarservice.eu\/fr\/produit\/escort-redline-360c-international\/#breadcrumb","itemListElement":[{"@type":"ListItem","position":1,"name":"Boutique","item":"https:\/\/radarservice.eu\/fr\/boutique\/"},{"@type":"ListItem","position":2,"name":"Escort Redline 360c International"}]},{"@type":"WebSite","@id":"https:\/\/radarservice.eu\/fr\/#website","url":"https:\/\/radarservice.eu\/fr\/","name":"Radar Service","description":"Radar detector Laser jammer mobile fix","publisher":{"@id":"https:\/\/radarservice.eu\/fr\/#organization"},"potentialAction":[{"@type":"SearchAction","target":{"@type":"EntryPoint","urlTemplate":"https:\/\/radarservice.eu\/fr\/?s={search_term_string}"},"query-input":{"@type":"PropertyValueSpecification","valueRequired":true,"valueName":"search_term_string"}}],"inLanguage":"fr-FR"},{"@type":"Organization","@id":"https:\/\/radarservice.eu\/fr\/#organization","name":"RadarService","url":"https:\/\/radarservice.eu\/fr\/","logo":{"@type":"ImageObject","inLanguage":"fr-FR","@id":"https:\/\/radarservice.eu\/fr\/#\/schema\/logo\/image\/","url":"https:\/\/radarservice.eu\/wp-content\/uploads\/2021\/03\/Radar_detector_service.png","contentUrl":"https:\/\/radarservice.eu\/wp-content\/uploads\/2021\/03\/Radar_detector_service.png","width":174,"height":48,"caption":"RadarService"},"image":{"@id":"https:\/\/radarservice.eu\/fr\/#\/schema\/logo\/image\/"}}]}},"_links":{"self":[{"href":"https:\/\/radarservice.eu\/fr\/wp-json\/wp\/v2\/product\/14609","targetHints":{"allow":["GET"]}}],"collection":[{"href":"https:\/\/radarservice.eu\/fr\/wp-json\/wp\/v2\/product"}],"about":[{"href":"https:\/\/radarservice.eu\/fr\/wp-json\/wp\/v2\/types\/product"}],"replies":[{"embeddable":true,"href":"https:\/\/radarservice.eu\/fr\/wp-json\/wp\/v2\/comments?post=14609"}],"wp:featuredmedia":[{"embeddable":true,"href":"https:\/\/radarservice.eu\/fr\/wp-json\/wp\/v2\/media\/14204"}],"wp:attachment":[{"href":"https:\/\/radarservice.eu\/fr\/wp-json\/wp\/v2\/media?parent=14609"}],"wp:term":[{"taxonomy":"product_brand","embeddable":true,"href":"https:\/\/radarservice.eu\/fr\/wp-json\/wp\/v2\/product_brand?post=14609"},{"taxonomy":"product_cat","embeddable":true,"href":"https:\/\/radarservice.eu\/fr\/wp-json\/wp\/v2\/product_cat?post=14609"},{"taxonomy":"product_tag","embeddable":true,"href":"https:\/\/radarservice.eu\/fr\/wp-json\/wp\/v2\/product_tag?post=14609"}],"curies":[{"name":"wp","href":"https:\/\/api.w.org\/{rel}","templated":true}]}}