{"id":14607,"date":"2020-09-13T14:47:03","date_gmt":"2020-09-13T12:47:03","guid":{"rendered":"https:\/\/radarservice.eu\/produkt\/genevo-ff-brouilleur-de-laser-bloqueur-de-laser\/"},"modified":"2021-03-18T11:19:19","modified_gmt":"2021-03-18T10:19:19","slug":"genevo-ff-brouilleur-de-laser-bloqueur-de-laser","status":"publish","type":"product","link":"https:\/\/radarservice.eu\/fr\/produit\/genevo-ff-brouilleur-de-laser-bloqueur-de-laser\/","title":{"rendered":"Genevo FF brouilleur de laser | bloqueur de laser"},"content":{"rendered":"<p>Le nouveau syst\u00e8me laser Genevo FF peut \u00eatre utilis\u00e9 \u00e0 la fois comme capteur de stationnement l\u00e9gal et\/ou comme perturbateur laser contre les mesures de vitesse \u00e0 l\u2019aide de pistolets laser.<br \/>\nLa conception tr\u00e8s petite des capteurs et le support de plaque d\u2019immatriculation Genevo sp\u00e9cialement con\u00e7u pour l\u2019installation invisible par d\u00e9faut permettent pour la premi\u00e8re fois une installation totalement invisible et en m\u00eame temps simple de capteurs de stationnement et de perturbateurs laser.<br \/>\nLa fonction de perturbateur laser est \u00e9galement d\u00e9sactiv\u00e9e sur demande en appuyant sur un bouton et conform\u00e9ment au r\u00e8glement sur les concentrations. Ainsi, une exploitation l\u00e9gale peut \u00eatre mise en place \u00e0 tout moment.<\/p>\n<p><strong>En savoir:<\/strong> Pour couvrir compl\u00e8tement la surface du v\u00e9hicule, nous recommandons la version Genevo FF2 pour une utilisation sur une voiture ou un SUV avec 2 capteurs.<br \/>\nSi vous souhaitez s\u00e9curiser l\u2019arri\u00e8re du v\u00e9hicule en plus de l\u2019avant du v\u00e9hicule, la version FF2x2 est recommand\u00e9e pour les voitures ou les SUV.<br \/>\nLes motos n\u00e9cessitent seulement la version Genevo FF simple avec un capteur ou le Genevo FF2 pour la protection frontale et arri\u00e8re.<br \/>\nLa version Genevo FF4 avec 4 capteurs est recommand\u00e9e pour les camions et les autocars et pour la protection frontale et arri\u00e8re, la version FF4x4 avec 8 capteurs.<\/p>\n<p><strong>\u00e9vente:<\/strong><br \/>\n+ les plus petits capteurs laser sur le march\u00e9<br \/>\n+ Porte-plaques sp\u00e9ciales pour montage simple &amp; invisible (dimensions de support : 520mm x 110mm &#8211; norme EU, pas adapt\u00e9e \u00e0 l\u2019Autriche) <br \/>\n+ en tant qu\u2019assistant de stationnement au laser<br \/>\n+ avertissement laser ou brouillage laser actif contre toutes les mesures laser<br \/>\n+ Exploitation l\u00e9gale activable en tant qu\u2019assistant de stationnement pur en appuyant sur un bouton<br \/>\n+ MARQUAGE CE et E certifi\u00e9s<\/p>\n<p><strong>approvisionnement:<\/strong><br \/>\n* Capteurs laser (oui selon la s\u00e9lection 1 \/ 2 \/ 4 ou 8 capteurs) <br \/>\n* Calculateur <br \/>\n* Set de c\u00e2bles avec haut-parleurs et LED<\/p>\n","protected":false},"excerpt":{"rendered":"<p>Le nouveau syst\u00e8me laser Genevo FF peut \u00eatre utilis\u00e9 \u00e0 la fois comme capteur de stationnement l\u00e9gal et\/ou comme perturbateur laser contre les mesures de vitesse \u00e0 l\u2019aide de pistolets laser. La conception tr\u00e8s petite des capteurs et le support de plaque d\u2019immatriculation Genevo sp\u00e9cialement con\u00e7u pour l\u2019installation invisible par d\u00e9faut permettent pour la premi\u00e8re [&#8230;]\n","protected":false},"featured_media":14222,"comment_status":"open","ping_status":"closed","template":"","meta":[],"product_brand":[],"product_cat":[324,295],"product_tag":[629,628,658,657,440],"class_list":{"0":"post-14607","1":"product","2":"type-product","3":"status-publish","4":"has-post-thumbnail","6":"product_cat-brouilleur-laser","7":"product_cat-genevo-france","8":"product_tag-bables-laser-fr","9":"product_tag-bables-laser","10":"product_tag-detecteurs-de-stationnement","11":"product_tag-detecteurs-laser","12":"product_tag-genevo-ff-fr","14":"first","15":"onbackorder","16":"taxable","17":"shipping-taxable","18":"purchasable","19":"product-type-simple"},"yoast_head":"<!-- This site is optimized with the Yoast SEO plugin v27.2 - https:\/\/yoast.com\/product\/yoast-seo-wordpress\/ -->\n<title>Genevo FF brouilleur de laser | bloqueur de laser | Radar Service<\/title>\n<meta name=\"description\" content=\"Le Genevo FF Antilaser peut \u00eatre utilis\u00e9 comme capteur de stationnement l\u00e9gal et bloqueur laser contre les mesures de vitesse avec des pistolets laser.\" \/>\n<meta name=\"robots\" content=\"index, follow, max-snippet:-1, max-image-preview:large, max-video-preview:-1\" \/>\n<link rel=\"canonical\" href=\"https:\/\/radarservice.eu\/fr\/produit\/genevo-ff-brouilleur-de-laser-bloqueur-de-laser\/\" \/>\n<meta property=\"og:locale\" content=\"fr_FR\" \/>\n<meta property=\"og:type\" content=\"article\" \/>\n<meta property=\"og:title\" content=\"Genevo FF brouilleur de laser | bloqueur de laser | Radar Service\" \/>\n<meta property=\"og:description\" content=\"Le Genevo FF Antilaser peut \u00eatre utilis\u00e9 comme capteur de stationnement l\u00e9gal et bloqueur laser contre les mesures de vitesse avec des pistolets laser.\" \/>\n<meta property=\"og:url\" content=\"https:\/\/radarservice.eu\/fr\/produit\/genevo-ff-brouilleur-de-laser-bloqueur-de-laser\/\" \/>\n<meta property=\"og:site_name\" content=\"Radar Service\" \/>\n<meta property=\"article:modified_time\" content=\"2021-03-18T10:19:19+00:00\" \/>\n<meta property=\"og:image\" content=\"https:\/\/radarservice.eu\/wp-content\/uploads\/2020\/09\/GENEVO_FF_Nummerschildhalterung.png\" \/>\n\t<meta property=\"og:image:width\" content=\"725\" \/>\n\t<meta property=\"og:image:height\" content=\"472\" \/>\n\t<meta property=\"og:image:type\" content=\"image\/png\" \/>\n<meta name=\"twitter:card\" content=\"summary_large_image\" \/>\n<meta name=\"twitter:label1\" content=\"Dur\u00e9e de lecture estim\u00e9e\" \/>\n\t<meta name=\"twitter:data1\" content=\"2 minutes\" \/>\n<script type=\"application\/ld+json\" class=\"yoast-schema-graph\">{\"@context\":\"https:\/\/schema.org\",\"@graph\":[{\"@type\":\"WebPage\",\"@id\":\"https:\/\/radarservice.eu\/fr\/produit\/genevo-ff-brouilleur-de-laser-bloqueur-de-laser\/\",\"url\":\"https:\/\/radarservice.eu\/fr\/produit\/genevo-ff-brouilleur-de-laser-bloqueur-de-laser\/\",\"name\":\"Genevo FF brouilleur de laser | bloqueur de laser | Radar Service\",\"isPartOf\":{\"@id\":\"https:\/\/radarservice.eu\/fr\/#website\"},\"primaryImageOfPage\":{\"@id\":\"https:\/\/radarservice.eu\/fr\/produit\/genevo-ff-brouilleur-de-laser-bloqueur-de-laser\/#primaryimage\"},\"image\":{\"@id\":\"https:\/\/radarservice.eu\/fr\/produit\/genevo-ff-brouilleur-de-laser-bloqueur-de-laser\/#primaryimage\"},\"thumbnailUrl\":\"https:\/\/radarservice.eu\/wp-content\/uploads\/2020\/09\/GENEVO_FF_Nummerschildhalterung.png\",\"datePublished\":\"2020-09-13T12:47:03+00:00\",\"dateModified\":\"2021-03-18T10:19:19+00:00\",\"description\":\"Le Genevo FF Antilaser peut \u00eatre utilis\u00e9 comme capteur de stationnement l\u00e9gal et bloqueur laser contre les mesures de vitesse avec des pistolets laser.\",\"breadcrumb\":{\"@id\":\"https:\/\/radarservice.eu\/fr\/produit\/genevo-ff-brouilleur-de-laser-bloqueur-de-laser\/#breadcrumb\"},\"inLanguage\":\"fr-FR\",\"potentialAction\":[{\"@type\":\"ReadAction\",\"target\":[\"https:\/\/radarservice.eu\/fr\/produit\/genevo-ff-brouilleur-de-laser-bloqueur-de-laser\/\"]}]},{\"@type\":\"ImageObject\",\"inLanguage\":\"fr-FR\",\"@id\":\"https:\/\/radarservice.eu\/fr\/produit\/genevo-ff-brouilleur-de-laser-bloqueur-de-laser\/#primaryimage\",\"url\":\"https:\/\/radarservice.eu\/wp-content\/uploads\/2020\/09\/GENEVO_FF_Nummerschildhalterung.png\",\"contentUrl\":\"https:\/\/radarservice.eu\/wp-content\/uploads\/2020\/09\/GENEVO_FF_Nummerschildhalterung.png\",\"width\":725,\"height\":472,\"caption\":\"GENEVO FF Fixation de la plaque d'immatriculation\"},{\"@type\":\"BreadcrumbList\",\"@id\":\"https:\/\/radarservice.eu\/fr\/produit\/genevo-ff-brouilleur-de-laser-bloqueur-de-laser\/#breadcrumb\",\"itemListElement\":[{\"@type\":\"ListItem\",\"position\":1,\"name\":\"Boutique\",\"item\":\"https:\/\/radarservice.eu\/fr\/boutique\/\"},{\"@type\":\"ListItem\",\"position\":2,\"name\":\"Genevo FF brouilleur de laser | bloqueur de laser\"}]},{\"@type\":\"WebSite\",\"@id\":\"https:\/\/radarservice.eu\/fr\/#website\",\"url\":\"https:\/\/radarservice.eu\/fr\/\",\"name\":\"Radar Service\",\"description\":\"Radar detector Laser jammer mobile fix\",\"publisher\":{\"@id\":\"https:\/\/radarservice.eu\/fr\/#organization\"},\"potentialAction\":[{\"@type\":\"SearchAction\",\"target\":{\"@type\":\"EntryPoint\",\"urlTemplate\":\"https:\/\/radarservice.eu\/fr\/?s={search_term_string}\"},\"query-input\":{\"@type\":\"PropertyValueSpecification\",\"valueRequired\":true,\"valueName\":\"search_term_string\"}}],\"inLanguage\":\"fr-FR\"},{\"@type\":\"Organization\",\"@id\":\"https:\/\/radarservice.eu\/fr\/#organization\",\"name\":\"RadarService\",\"url\":\"https:\/\/radarservice.eu\/fr\/\",\"logo\":{\"@type\":\"ImageObject\",\"inLanguage\":\"fr-FR\",\"@id\":\"https:\/\/radarservice.eu\/fr\/#\/schema\/logo\/image\/\",\"url\":\"https:\/\/radarservice.eu\/wp-content\/uploads\/2021\/03\/Radar_detector_service.png\",\"contentUrl\":\"https:\/\/radarservice.eu\/wp-content\/uploads\/2021\/03\/Radar_detector_service.png\",\"width\":174,\"height\":48,\"caption\":\"RadarService\"},\"image\":{\"@id\":\"https:\/\/radarservice.eu\/fr\/#\/schema\/logo\/image\/\"}}]}<\/script>\n<!-- \/ Yoast SEO plugin. -->","yoast_head_json":{"title":"Genevo FF brouilleur de laser | bloqueur de laser | Radar Service","description":"Le Genevo FF Antilaser peut \u00eatre utilis\u00e9 comme capteur de stationnement l\u00e9gal et bloqueur laser contre les mesures de vitesse avec des pistolets laser.","robots":{"index":"index","follow":"follow","max-snippet":"max-snippet:-1","max-image-preview":"max-image-preview:large","max-video-preview":"max-video-preview:-1"},"canonical":"https:\/\/radarservice.eu\/fr\/produit\/genevo-ff-brouilleur-de-laser-bloqueur-de-laser\/","og_locale":"fr_FR","og_type":"article","og_title":"Genevo FF brouilleur de laser | bloqueur de laser | Radar Service","og_description":"Le Genevo FF Antilaser peut \u00eatre utilis\u00e9 comme capteur de stationnement l\u00e9gal et bloqueur laser contre les mesures de vitesse avec des pistolets laser.","og_url":"https:\/\/radarservice.eu\/fr\/produit\/genevo-ff-brouilleur-de-laser-bloqueur-de-laser\/","og_site_name":"Radar Service","article_modified_time":"2021-03-18T10:19:19+00:00","og_image":[{"width":725,"height":472,"url":"https:\/\/radarservice.eu\/wp-content\/uploads\/2020\/09\/GENEVO_FF_Nummerschildhalterung.png","type":"image\/png"}],"twitter_card":"summary_large_image","twitter_misc":{"Dur\u00e9e de lecture estim\u00e9e":"2 minutes"},"schema":{"@context":"https:\/\/schema.org","@graph":[{"@type":"WebPage","@id":"https:\/\/radarservice.eu\/fr\/produit\/genevo-ff-brouilleur-de-laser-bloqueur-de-laser\/","url":"https:\/\/radarservice.eu\/fr\/produit\/genevo-ff-brouilleur-de-laser-bloqueur-de-laser\/","name":"Genevo FF brouilleur de laser | bloqueur de laser | Radar Service","isPartOf":{"@id":"https:\/\/radarservice.eu\/fr\/#website"},"primaryImageOfPage":{"@id":"https:\/\/radarservice.eu\/fr\/produit\/genevo-ff-brouilleur-de-laser-bloqueur-de-laser\/#primaryimage"},"image":{"@id":"https:\/\/radarservice.eu\/fr\/produit\/genevo-ff-brouilleur-de-laser-bloqueur-de-laser\/#primaryimage"},"thumbnailUrl":"https:\/\/radarservice.eu\/wp-content\/uploads\/2020\/09\/GENEVO_FF_Nummerschildhalterung.png","datePublished":"2020-09-13T12:47:03+00:00","dateModified":"2021-03-18T10:19:19+00:00","description":"Le Genevo FF Antilaser peut \u00eatre utilis\u00e9 comme capteur de stationnement l\u00e9gal et bloqueur laser contre les mesures de vitesse avec des pistolets laser.","breadcrumb":{"@id":"https:\/\/radarservice.eu\/fr\/produit\/genevo-ff-brouilleur-de-laser-bloqueur-de-laser\/#breadcrumb"},"inLanguage":"fr-FR","potentialAction":[{"@type":"ReadAction","target":["https:\/\/radarservice.eu\/fr\/produit\/genevo-ff-brouilleur-de-laser-bloqueur-de-laser\/"]}]},{"@type":"ImageObject","inLanguage":"fr-FR","@id":"https:\/\/radarservice.eu\/fr\/produit\/genevo-ff-brouilleur-de-laser-bloqueur-de-laser\/#primaryimage","url":"https:\/\/radarservice.eu\/wp-content\/uploads\/2020\/09\/GENEVO_FF_Nummerschildhalterung.png","contentUrl":"https:\/\/radarservice.eu\/wp-content\/uploads\/2020\/09\/GENEVO_FF_Nummerschildhalterung.png","width":725,"height":472,"caption":"GENEVO FF Fixation de la plaque d'immatriculation"},{"@type":"BreadcrumbList","@id":"https:\/\/radarservice.eu\/fr\/produit\/genevo-ff-brouilleur-de-laser-bloqueur-de-laser\/#breadcrumb","itemListElement":[{"@type":"ListItem","position":1,"name":"Boutique","item":"https:\/\/radarservice.eu\/fr\/boutique\/"},{"@type":"ListItem","position":2,"name":"Genevo FF brouilleur de laser | bloqueur de laser"}]},{"@type":"WebSite","@id":"https:\/\/radarservice.eu\/fr\/#website","url":"https:\/\/radarservice.eu\/fr\/","name":"Radar Service","description":"Radar detector Laser jammer mobile fix","publisher":{"@id":"https:\/\/radarservice.eu\/fr\/#organization"},"potentialAction":[{"@type":"SearchAction","target":{"@type":"EntryPoint","urlTemplate":"https:\/\/radarservice.eu\/fr\/?s={search_term_string}"},"query-input":{"@type":"PropertyValueSpecification","valueRequired":true,"valueName":"search_term_string"}}],"inLanguage":"fr-FR"},{"@type":"Organization","@id":"https:\/\/radarservice.eu\/fr\/#organization","name":"RadarService","url":"https:\/\/radarservice.eu\/fr\/","logo":{"@type":"ImageObject","inLanguage":"fr-FR","@id":"https:\/\/radarservice.eu\/fr\/#\/schema\/logo\/image\/","url":"https:\/\/radarservice.eu\/wp-content\/uploads\/2021\/03\/Radar_detector_service.png","contentUrl":"https:\/\/radarservice.eu\/wp-content\/uploads\/2021\/03\/Radar_detector_service.png","width":174,"height":48,"caption":"RadarService"},"image":{"@id":"https:\/\/radarservice.eu\/fr\/#\/schema\/logo\/image\/"}}]}},"_links":{"self":[{"href":"https:\/\/radarservice.eu\/fr\/wp-json\/wp\/v2\/product\/14607","targetHints":{"allow":["GET"]}}],"collection":[{"href":"https:\/\/radarservice.eu\/fr\/wp-json\/wp\/v2\/product"}],"about":[{"href":"https:\/\/radarservice.eu\/fr\/wp-json\/wp\/v2\/types\/product"}],"replies":[{"embeddable":true,"href":"https:\/\/radarservice.eu\/fr\/wp-json\/wp\/v2\/comments?post=14607"}],"wp:featuredmedia":[{"embeddable":true,"href":"https:\/\/radarservice.eu\/fr\/wp-json\/wp\/v2\/media\/14222"}],"wp:attachment":[{"href":"https:\/\/radarservice.eu\/fr\/wp-json\/wp\/v2\/media?parent=14607"}],"wp:term":[{"taxonomy":"product_brand","embeddable":true,"href":"https:\/\/radarservice.eu\/fr\/wp-json\/wp\/v2\/product_brand?post=14607"},{"taxonomy":"product_cat","embeddable":true,"href":"https:\/\/radarservice.eu\/fr\/wp-json\/wp\/v2\/product_cat?post=14607"},{"taxonomy":"product_tag","embeddable":true,"href":"https:\/\/radarservice.eu\/fr\/wp-json\/wp\/v2\/product_tag?post=14607"}],"curies":[{"name":"wp","href":"https:\/\/api.w.org\/{rel}","templated":true}]}}