{"id":14606,"date":"2020-09-13T14:47:03","date_gmt":"2020-09-13T12:47:03","guid":{"rendered":"https:\/\/radarservice.eu\/produkt\/detecteur-de-radar-genevo-gps-hdm\/"},"modified":"2022-09-16T16:13:20","modified_gmt":"2022-09-16T14:13:20","slug":"detecteur-de-radar-genevo-gps-hdm","status":"publish","type":"product","link":"https:\/\/radarservice.eu\/fr\/produit\/detecteur-de-radar-genevo-gps-hdm\/","title":{"rendered":"D\u00e9tecteur de radar Genevo GPS+ HDM+"},"content":{"rendered":"<p>L\u2019avertisseur radar sans fil Genevo HDM+ est un avertisseur de radar \u00e0 montage fixe petit et puissant pour l\u2019installation cach\u00e9e \u00e0 l\u2019avant du v\u00e9hicule.<br \/>\nGr\u00e2ce au bo\u00eetier anti-\u00e9claboussure, une installation invisible n\u2019est pas un probl\u00e8me. Les avertissements acoustiques et optiques sont effectu\u00e9s par l\u2019interm\u00e9diaire de l\u2019avertisseur GPS+ POI Genevo avec annonce vocale allemande. Le GPS Genevo+ peut \u00eatre fix\u00e9 au pare-brise au choix avec des ventouses ou m\u00eame plac\u00e9 confortablement dans la console centrale.<br \/>\nLe GPS+ Warner vous met \u00e9galement en garde contre les syst\u00e8mes de surveillance de la vitesse et des feux rouges install\u00e9s dans toute l\u2019Europe.<\/p>\n<p>La puissante antenne radar HDM+ met \u00e9galement en garde de mani\u00e8re fiable contre les nouveaux radars MultaRadar (MRCD \/ MRCT \/ Moving) et les pi\u00e8ges radar Gatso en Europe.<\/p>\n<p><strong>\u00e9vente:<\/strong><br \/>\n+ plus petit et puissant avertisseur de radar<br \/>\n+ alerte laser <br \/>\n+ montage sans fil <br \/>\n+ bande X, K, KA, MultaRadar, Gatso<br \/>\n+ mise en garde contre les radars fixes <br \/>\n+ Avertissement contre la surveillance de la lumi\u00e8re rouge<br \/>\n+ avertissement pour les mesures section control (contr\u00f4les de section) <br \/>\n+ signaux d\u2019alarme en allemand<br \/>\n+ convient pour une utilisation en Europe<br \/>\n+ EUROPA base de donn\u00e9es pour les flashs fixes d\u00e9j\u00e0 pr\u00e9install\u00e9<\/p>\n<p><strong>approvisionnement:<\/strong><br \/>\n* Antenne radar sans fil externe Genevo HDM+<br \/>\n* Genevo GPS+ POI Warner<br \/>\n* Set de c\u00e2bles <br \/>\n* Mat\u00e9riel de montage complet pour l\u2019installation<br \/>\n* Mode d\u2019emploi<\/p>\n<p><strong>Note:<\/strong> L\u2019avertisseur radar Genevo HDM+ dispose d\u2019une r\u00e9ception laser, mais pour une protection laser s\u00fbre, nous recommandons l\u2019utilisation d\u2019un bloquant laser actif z.B. Antilaser ALP Priority et Lasertrack Flare.<\/p>\n","protected":false},"excerpt":{"rendered":"<p>L\u2019avertisseur radar sans fil Genevo HDM+ est un avertisseur de radar \u00e0 montage fixe petit et puissant pour l\u2019installation cach\u00e9e \u00e0 l\u2019avant du v\u00e9hicule. Gr\u00e2ce au bo\u00eetier anti-\u00e9claboussure, une installation invisible n\u2019est pas un probl\u00e8me. Les avertissements acoustiques et optiques sont effectu\u00e9s par l\u2019interm\u00e9diaire de l\u2019avertisseur GPS+ POI Genevo avec annonce vocale allemande. Le GPS [&#8230;]\n","protected":false},"featured_media":14298,"comment_status":"open","ping_status":"closed","template":"","meta":[],"product_brand":[],"product_cat":[331,295],"product_tag":[655,626,424,453,456,577,656],"class_list":{"0":"post-14606","1":"product","2":"type-product","3":"status-publish","4":"has-post-thumbnail","6":"product_cat-detecteurs-de-radar-fixes-invisible","7":"product_cat-genevo-france","8":"product_tag-antenne-radar-hdm","9":"product_tag-detecteur-de-laser","10":"product_tag-europa-fr","11":"product_tag-genevo-gps-fr","12":"product_tag-genevo-hdm-fr","13":"product_tag-radarwarner-fr","14":"product_tag-systeme-dinsensage-fixe-sans-fil","16":"first","17":"instock","18":"sale","19":"taxable","20":"shipping-taxable","21":"purchasable","22":"product-type-simple"},"yoast_head":"<!-- This site is optimized with the Yoast SEO plugin v27.2 - https:\/\/yoast.com\/product\/yoast-seo-wordpress\/ -->\n<title>D\u00e9tecteur de radar Genevo GPS+ HDM+ | Radar Service<\/title>\n<meta name=\"description\" content=\"L\u2019avertisseur radar sans fil Genevo HDM+ est un petit avertisseur de radar \u00e0 montage fixe pour l\u2019installation cach\u00e9e \u00e0 l\u2019avant du v\u00e9hicule.\" \/>\n<meta name=\"robots\" content=\"index, follow, max-snippet:-1, max-image-preview:large, max-video-preview:-1\" \/>\n<link rel=\"canonical\" href=\"https:\/\/radarservice.eu\/fr\/produit\/detecteur-de-radar-genevo-gps-hdm\/\" \/>\n<meta property=\"og:locale\" content=\"fr_FR\" \/>\n<meta property=\"og:type\" content=\"article\" \/>\n<meta property=\"og:title\" content=\"D\u00e9tecteur de radar Genevo GPS+ HDM+ | Radar Service\" \/>\n<meta property=\"og:description\" content=\"L\u2019avertisseur radar sans fil Genevo HDM+ est un petit avertisseur de radar \u00e0 montage fixe pour l\u2019installation cach\u00e9e \u00e0 l\u2019avant du v\u00e9hicule.\" \/>\n<meta property=\"og:url\" content=\"https:\/\/radarservice.eu\/fr\/produit\/detecteur-de-radar-genevo-gps-hdm\/\" \/>\n<meta property=\"og:site_name\" content=\"Radar Service\" \/>\n<meta property=\"article:modified_time\" content=\"2022-09-16T14:13:20+00:00\" \/>\n<meta property=\"og:image\" content=\"https:\/\/radarservice.eu\/wp-content\/uploads\/2020\/09\/genevo_gpshdm_radarwarner.jpg\" \/>\n\t<meta property=\"og:image:width\" content=\"990\" \/>\n\t<meta property=\"og:image:height\" content=\"720\" \/>\n\t<meta property=\"og:image:type\" content=\"image\/jpeg\" \/>\n<meta name=\"twitter:card\" content=\"summary_large_image\" \/>\n<meta name=\"twitter:label1\" content=\"Dur\u00e9e de lecture estim\u00e9e\" \/>\n\t<meta name=\"twitter:data1\" content=\"1 minute\" \/>\n<script type=\"application\/ld+json\" class=\"yoast-schema-graph\">{\"@context\":\"https:\/\/schema.org\",\"@graph\":[{\"@type\":\"WebPage\",\"@id\":\"https:\/\/radarservice.eu\/fr\/produit\/detecteur-de-radar-genevo-gps-hdm\/\",\"url\":\"https:\/\/radarservice.eu\/fr\/produit\/detecteur-de-radar-genevo-gps-hdm\/\",\"name\":\"D\u00e9tecteur de radar Genevo GPS+ HDM+ | Radar Service\",\"isPartOf\":{\"@id\":\"https:\/\/radarservice.eu\/fr\/#website\"},\"primaryImageOfPage\":{\"@id\":\"https:\/\/radarservice.eu\/fr\/produit\/detecteur-de-radar-genevo-gps-hdm\/#primaryimage\"},\"image\":{\"@id\":\"https:\/\/radarservice.eu\/fr\/produit\/detecteur-de-radar-genevo-gps-hdm\/#primaryimage\"},\"thumbnailUrl\":\"https:\/\/radarservice.eu\/wp-content\/uploads\/2020\/09\/genevo_gpshdm_radarwarner.jpg\",\"datePublished\":\"2020-09-13T12:47:03+00:00\",\"dateModified\":\"2022-09-16T14:13:20+00:00\",\"description\":\"L\u2019avertisseur radar sans fil Genevo HDM+ est un petit avertisseur de radar \u00e0 montage fixe pour l\u2019installation cach\u00e9e \u00e0 l\u2019avant du v\u00e9hicule.\",\"breadcrumb\":{\"@id\":\"https:\/\/radarservice.eu\/fr\/produit\/detecteur-de-radar-genevo-gps-hdm\/#breadcrumb\"},\"inLanguage\":\"fr-FR\",\"potentialAction\":[{\"@type\":\"ReadAction\",\"target\":[\"https:\/\/radarservice.eu\/fr\/produit\/detecteur-de-radar-genevo-gps-hdm\/\"]}]},{\"@type\":\"ImageObject\",\"inLanguage\":\"fr-FR\",\"@id\":\"https:\/\/radarservice.eu\/fr\/produit\/detecteur-de-radar-genevo-gps-hdm\/#primaryimage\",\"url\":\"https:\/\/radarservice.eu\/wp-content\/uploads\/2020\/09\/genevo_gpshdm_radarwarner.jpg\",\"contentUrl\":\"https:\/\/radarservice.eu\/wp-content\/uploads\/2020\/09\/genevo_gpshdm_radarwarner.jpg\",\"width\":990,\"height\":720,\"caption\":\"D\u00e9tecteur de radar GPS Genevo HDM\"},{\"@type\":\"BreadcrumbList\",\"@id\":\"https:\/\/radarservice.eu\/fr\/produit\/detecteur-de-radar-genevo-gps-hdm\/#breadcrumb\",\"itemListElement\":[{\"@type\":\"ListItem\",\"position\":1,\"name\":\"Boutique\",\"item\":\"https:\/\/radarservice.eu\/fr\/boutique\/\"},{\"@type\":\"ListItem\",\"position\":2,\"name\":\"D\u00e9tecteur de radar Genevo GPS+ HDM+\"}]},{\"@type\":\"WebSite\",\"@id\":\"https:\/\/radarservice.eu\/fr\/#website\",\"url\":\"https:\/\/radarservice.eu\/fr\/\",\"name\":\"Radar Service\",\"description\":\"Radar detector Laser jammer mobile fix\",\"publisher\":{\"@id\":\"https:\/\/radarservice.eu\/fr\/#organization\"},\"potentialAction\":[{\"@type\":\"SearchAction\",\"target\":{\"@type\":\"EntryPoint\",\"urlTemplate\":\"https:\/\/radarservice.eu\/fr\/?s={search_term_string}\"},\"query-input\":{\"@type\":\"PropertyValueSpecification\",\"valueRequired\":true,\"valueName\":\"search_term_string\"}}],\"inLanguage\":\"fr-FR\"},{\"@type\":\"Organization\",\"@id\":\"https:\/\/radarservice.eu\/fr\/#organization\",\"name\":\"RadarService\",\"url\":\"https:\/\/radarservice.eu\/fr\/\",\"logo\":{\"@type\":\"ImageObject\",\"inLanguage\":\"fr-FR\",\"@id\":\"https:\/\/radarservice.eu\/fr\/#\/schema\/logo\/image\/\",\"url\":\"https:\/\/radarservice.eu\/wp-content\/uploads\/2021\/03\/Radar_detector_service.png\",\"contentUrl\":\"https:\/\/radarservice.eu\/wp-content\/uploads\/2021\/03\/Radar_detector_service.png\",\"width\":174,\"height\":48,\"caption\":\"RadarService\"},\"image\":{\"@id\":\"https:\/\/radarservice.eu\/fr\/#\/schema\/logo\/image\/\"}}]}<\/script>\n<!-- \/ Yoast SEO plugin. -->","yoast_head_json":{"title":"D\u00e9tecteur de radar Genevo GPS+ HDM+ | Radar Service","description":"L\u2019avertisseur radar sans fil Genevo HDM+ est un petit avertisseur de radar \u00e0 montage fixe pour l\u2019installation cach\u00e9e \u00e0 l\u2019avant du v\u00e9hicule.","robots":{"index":"index","follow":"follow","max-snippet":"max-snippet:-1","max-image-preview":"max-image-preview:large","max-video-preview":"max-video-preview:-1"},"canonical":"https:\/\/radarservice.eu\/fr\/produit\/detecteur-de-radar-genevo-gps-hdm\/","og_locale":"fr_FR","og_type":"article","og_title":"D\u00e9tecteur de radar Genevo GPS+ HDM+ | Radar Service","og_description":"L\u2019avertisseur radar sans fil Genevo HDM+ est un petit avertisseur de radar \u00e0 montage fixe pour l\u2019installation cach\u00e9e \u00e0 l\u2019avant du v\u00e9hicule.","og_url":"https:\/\/radarservice.eu\/fr\/produit\/detecteur-de-radar-genevo-gps-hdm\/","og_site_name":"Radar Service","article_modified_time":"2022-09-16T14:13:20+00:00","og_image":[{"width":990,"height":720,"url":"https:\/\/radarservice.eu\/wp-content\/uploads\/2020\/09\/genevo_gpshdm_radarwarner.jpg","type":"image\/jpeg"}],"twitter_card":"summary_large_image","twitter_misc":{"Dur\u00e9e de lecture estim\u00e9e":"1 minute"},"schema":{"@context":"https:\/\/schema.org","@graph":[{"@type":"WebPage","@id":"https:\/\/radarservice.eu\/fr\/produit\/detecteur-de-radar-genevo-gps-hdm\/","url":"https:\/\/radarservice.eu\/fr\/produit\/detecteur-de-radar-genevo-gps-hdm\/","name":"D\u00e9tecteur de radar Genevo GPS+ HDM+ | Radar Service","isPartOf":{"@id":"https:\/\/radarservice.eu\/fr\/#website"},"primaryImageOfPage":{"@id":"https:\/\/radarservice.eu\/fr\/produit\/detecteur-de-radar-genevo-gps-hdm\/#primaryimage"},"image":{"@id":"https:\/\/radarservice.eu\/fr\/produit\/detecteur-de-radar-genevo-gps-hdm\/#primaryimage"},"thumbnailUrl":"https:\/\/radarservice.eu\/wp-content\/uploads\/2020\/09\/genevo_gpshdm_radarwarner.jpg","datePublished":"2020-09-13T12:47:03+00:00","dateModified":"2022-09-16T14:13:20+00:00","description":"L\u2019avertisseur radar sans fil Genevo HDM+ est un petit avertisseur de radar \u00e0 montage fixe pour l\u2019installation cach\u00e9e \u00e0 l\u2019avant du v\u00e9hicule.","breadcrumb":{"@id":"https:\/\/radarservice.eu\/fr\/produit\/detecteur-de-radar-genevo-gps-hdm\/#breadcrumb"},"inLanguage":"fr-FR","potentialAction":[{"@type":"ReadAction","target":["https:\/\/radarservice.eu\/fr\/produit\/detecteur-de-radar-genevo-gps-hdm\/"]}]},{"@type":"ImageObject","inLanguage":"fr-FR","@id":"https:\/\/radarservice.eu\/fr\/produit\/detecteur-de-radar-genevo-gps-hdm\/#primaryimage","url":"https:\/\/radarservice.eu\/wp-content\/uploads\/2020\/09\/genevo_gpshdm_radarwarner.jpg","contentUrl":"https:\/\/radarservice.eu\/wp-content\/uploads\/2020\/09\/genevo_gpshdm_radarwarner.jpg","width":990,"height":720,"caption":"D\u00e9tecteur de radar GPS Genevo HDM"},{"@type":"BreadcrumbList","@id":"https:\/\/radarservice.eu\/fr\/produit\/detecteur-de-radar-genevo-gps-hdm\/#breadcrumb","itemListElement":[{"@type":"ListItem","position":1,"name":"Boutique","item":"https:\/\/radarservice.eu\/fr\/boutique\/"},{"@type":"ListItem","position":2,"name":"D\u00e9tecteur de radar Genevo GPS+ HDM+"}]},{"@type":"WebSite","@id":"https:\/\/radarservice.eu\/fr\/#website","url":"https:\/\/radarservice.eu\/fr\/","name":"Radar Service","description":"Radar detector Laser jammer mobile fix","publisher":{"@id":"https:\/\/radarservice.eu\/fr\/#organization"},"potentialAction":[{"@type":"SearchAction","target":{"@type":"EntryPoint","urlTemplate":"https:\/\/radarservice.eu\/fr\/?s={search_term_string}"},"query-input":{"@type":"PropertyValueSpecification","valueRequired":true,"valueName":"search_term_string"}}],"inLanguage":"fr-FR"},{"@type":"Organization","@id":"https:\/\/radarservice.eu\/fr\/#organization","name":"RadarService","url":"https:\/\/radarservice.eu\/fr\/","logo":{"@type":"ImageObject","inLanguage":"fr-FR","@id":"https:\/\/radarservice.eu\/fr\/#\/schema\/logo\/image\/","url":"https:\/\/radarservice.eu\/wp-content\/uploads\/2021\/03\/Radar_detector_service.png","contentUrl":"https:\/\/radarservice.eu\/wp-content\/uploads\/2021\/03\/Radar_detector_service.png","width":174,"height":48,"caption":"RadarService"},"image":{"@id":"https:\/\/radarservice.eu\/fr\/#\/schema\/logo\/image\/"}}]}},"_links":{"self":[{"href":"https:\/\/radarservice.eu\/fr\/wp-json\/wp\/v2\/product\/14606","targetHints":{"allow":["GET"]}}],"collection":[{"href":"https:\/\/radarservice.eu\/fr\/wp-json\/wp\/v2\/product"}],"about":[{"href":"https:\/\/radarservice.eu\/fr\/wp-json\/wp\/v2\/types\/product"}],"replies":[{"embeddable":true,"href":"https:\/\/radarservice.eu\/fr\/wp-json\/wp\/v2\/comments?post=14606"}],"wp:featuredmedia":[{"embeddable":true,"href":"https:\/\/radarservice.eu\/fr\/wp-json\/wp\/v2\/media\/14298"}],"wp:attachment":[{"href":"https:\/\/radarservice.eu\/fr\/wp-json\/wp\/v2\/media?parent=14606"}],"wp:term":[{"taxonomy":"product_brand","embeddable":true,"href":"https:\/\/radarservice.eu\/fr\/wp-json\/wp\/v2\/product_brand?post=14606"},{"taxonomy":"product_cat","embeddable":true,"href":"https:\/\/radarservice.eu\/fr\/wp-json\/wp\/v2\/product_cat?post=14606"},{"taxonomy":"product_tag","embeddable":true,"href":"https:\/\/radarservice.eu\/fr\/wp-json\/wp\/v2\/product_tag?post=14606"}],"curies":[{"name":"wp","href":"https:\/\/api.w.org\/{rel}","templated":true}]}}