{"id":14603,"date":"2020-09-13T14:47:03","date_gmt":"2020-09-13T12:47:03","guid":{"rendered":"https:\/\/radarservice.eu\/produkt\/detecteur-de-radar-genevo-max\/"},"modified":"2023-07-18T15:15:16","modified_gmt":"2023-07-18T13:15:16","slug":"detecteur-de-radar-genevo-max","status":"publish","type":"product","link":"https:\/\/radarservice.eu\/fr\/produit\/detecteur-de-radar-genevo-max\/","title":{"rendered":"D\u00e9tecteur de radar Genevo Max"},"content":{"rendered":"<p>L\u2019avertisseur radar Genevo Max est parfaitement adapt\u00e9 \u00e0 une utilisation en Europe et peut \u00eatre utilis\u00e9 de mani\u00e8re flexible en quelques gestes en tant qu\u2019avertisseur de radar mobile. Le Genevo Max offre un tr\u00e8s bon avertissement pour les mesures de vitesse et de laser mobiles. En outre, vous recevrez des avertissements concernant les feux de vitesse fixes et les feux de circulation et les syst\u00e8mes de mesure SectioControl.<\/p>\n<p> Radars le Genevo Max signale \u00e0 la fois \u00e0 l\u2019\u00e9cran et \u00e0 l\u2019aide de l\u2019annonce vocale allemande. Le conducteur re\u00e7oit des informations d\u00e9taill\u00e9es sur le pi\u00e8ge radar d\u00e9tect\u00e9, l\u2019avertissement POI ou la mesure au laser. En cas de d\u00e9tection radar, l\u2019intensit\u00e9 du signal est \u00e9galement affich\u00e9e \u00e0 l\u2019aide d\u2019un bip pour indiquer la distance par rapport au pi\u00e8ge radar.<\/p>\n<p>L\u2019utilisateur peut \u00e9galement stocker ou supprimer ses propres emplacements GPS (POI) afin qu\u2019ils puissent \u00eatre avertis acoustiquement sur demande.<\/p>\n<p> Le Genevo Max peut \u00eatre programm\u00e9 selon les besoins \u00e0 l\u2019aide d\u2019un menu allemand et peut donc \u00eatre adaptable aux exigences et aux souhaits respectives.<\/p>\n<p><strong>\u00e9vente:<\/strong><br \/>\n+ l\u2019avertisseur radar mobile le plus compact avec antenne radar pour les radars mobiles et la technologie GPS<br \/>\nD\u00e9tection + 360\u00b0 de degr\u00e9s de toutes les sources radar en Europe (bande X \/ K \/ Ka \/ MultaRadar \/ Gatso) <br \/>\n+ mise en garde contre les mesures laser <br \/>\n+ mise en garde contre les radars fixes <br \/>\n+ Avertissement contre la surveillance de la lumi\u00e8re rouge<br \/>\n+ avertissement pour les mesures section control (contr\u00f4les de section) <br \/>\n+ Configuration avec le menu allemand<br \/>\n+ mise \u00e0 jour avec connexion USB <br \/>\n+ Signaux d\u2019alarme et param\u00e8tres complets en allemand<br \/>\n+ les points de danger propres peuvent \u00eatre m\u00e9morisables<\/p>\n<p><strong>approvisionnement:<\/strong><br \/>\n* D\u00e9tecteur de radar Genevo Max avec r\u00e9cepteur GPS int\u00e9gr\u00e9<br \/>\n* Base de donn\u00e9es Europa pr\u00e9install\u00e9e<br \/>\n* support magn\u00e9tique de face avant <br \/>\n* Set de c\u00e2ble 12V-Alimentation \u00e9lectrique <\/p>\n<p><strong>Note:<\/strong> L\u2019avertisseur radar Genevo Max dispose d\u2019une r\u00e9ception laser, mais pour une protection laser s\u00fbre, nous recommandons l\u2019utilisation d\u2019un bloquant laser actif z.B. Antilaser ALP Priority ou Lasertrack Flare.<\/p>\n","protected":false},"excerpt":{"rendered":"<p>L\u2019avertisseur radar Genevo Max est parfait pour une utilisation en Europe.<\/p>\n","protected":false},"featured_media":14286,"comment_status":"open","ping_status":"closed","template":"","meta":[],"product_brand":[],"product_cat":[320,318,295],"product_tag":[424,442,458,577],"class_list":{"0":"post-14603","1":"product","2":"type-product","3":"status-publish","4":"has-post-thumbnail","6":"product_cat-detecteurs-de-radar-portable","7":"product_cat-detecteurs-de-radar-recommandes","8":"product_cat-genevo-france","9":"product_tag-europa-fr","10":"product_tag-genevo-fr","11":"product_tag-genevo-max-fr","12":"product_tag-radarwarner-fr","14":"first","15":"instock","16":"sale","17":"taxable","18":"shipping-taxable","19":"purchasable","20":"product-type-simple"},"yoast_head":"<!-- This site is optimized with the Yoast SEO plugin v27.2 - https:\/\/yoast.com\/product\/yoast-seo-wordpress\/ -->\n<title>D\u00e9tecteur de radar Genevo Max | Radar Service<\/title>\n<meta name=\"description\" content=\"L\u2019avertisseur radar Genevo Max est parfaitement adapt\u00e9 \u00e0 une utilisation en Europe et peut \u00eatre utilis\u00e9 de mani\u00e8re flexible en tant qu\u2019avertisseur radar mobile.\" \/>\n<meta name=\"robots\" content=\"index, follow, max-snippet:-1, max-image-preview:large, max-video-preview:-1\" \/>\n<link rel=\"canonical\" href=\"https:\/\/radarservice.eu\/fr\/produit\/detecteur-de-radar-genevo-max\/\" \/>\n<meta property=\"og:locale\" content=\"fr_FR\" \/>\n<meta property=\"og:type\" content=\"article\" \/>\n<meta property=\"og:title\" content=\"D\u00e9tecteur de radar Genevo Max | Radar Service\" \/>\n<meta property=\"og:description\" content=\"L\u2019avertisseur radar Genevo Max est parfaitement adapt\u00e9 \u00e0 une utilisation en Europe et peut \u00eatre utilis\u00e9 de mani\u00e8re flexible en tant qu\u2019avertisseur radar mobile.\" \/>\n<meta property=\"og:url\" content=\"https:\/\/radarservice.eu\/fr\/produit\/detecteur-de-radar-genevo-max\/\" \/>\n<meta property=\"og:site_name\" content=\"Radar Service\" \/>\n<meta property=\"article:modified_time\" content=\"2023-07-18T13:15:16+00:00\" \/>\n<meta property=\"og:image\" content=\"https:\/\/radarservice.eu\/wp-content\/uploads\/2020\/09\/Genevo_Max_Seite.jpg\" \/>\n\t<meta property=\"og:image:width\" content=\"1096\" \/>\n\t<meta property=\"og:image:height\" content=\"949\" \/>\n\t<meta property=\"og:image:type\" content=\"image\/jpeg\" \/>\n<meta name=\"twitter:card\" content=\"summary_large_image\" \/>\n<meta name=\"twitter:label1\" content=\"Dur\u00e9e de lecture estim\u00e9e\" \/>\n\t<meta name=\"twitter:data1\" content=\"2 minutes\" \/>\n<script type=\"application\/ld+json\" class=\"yoast-schema-graph\">{\"@context\":\"https:\/\/schema.org\",\"@graph\":[{\"@type\":\"WebPage\",\"@id\":\"https:\/\/radarservice.eu\/fr\/produit\/detecteur-de-radar-genevo-max\/\",\"url\":\"https:\/\/radarservice.eu\/fr\/produit\/detecteur-de-radar-genevo-max\/\",\"name\":\"D\u00e9tecteur de radar Genevo Max | Radar Service\",\"isPartOf\":{\"@id\":\"https:\/\/radarservice.eu\/fr\/#website\"},\"primaryImageOfPage\":{\"@id\":\"https:\/\/radarservice.eu\/fr\/produit\/detecteur-de-radar-genevo-max\/#primaryimage\"},\"image\":{\"@id\":\"https:\/\/radarservice.eu\/fr\/produit\/detecteur-de-radar-genevo-max\/#primaryimage\"},\"thumbnailUrl\":\"https:\/\/radarservice.eu\/wp-content\/uploads\/2020\/09\/Genevo_Max_Seite.jpg\",\"datePublished\":\"2020-09-13T12:47:03+00:00\",\"dateModified\":\"2023-07-18T13:15:16+00:00\",\"description\":\"L\u2019avertisseur radar Genevo Max est parfaitement adapt\u00e9 \u00e0 une utilisation en Europe et peut \u00eatre utilis\u00e9 de mani\u00e8re flexible en tant qu\u2019avertisseur radar mobile.\",\"breadcrumb\":{\"@id\":\"https:\/\/radarservice.eu\/fr\/produit\/detecteur-de-radar-genevo-max\/#breadcrumb\"},\"inLanguage\":\"fr-FR\",\"potentialAction\":[{\"@type\":\"ReadAction\",\"target\":[\"https:\/\/radarservice.eu\/fr\/produit\/detecteur-de-radar-genevo-max\/\"]}]},{\"@type\":\"ImageObject\",\"inLanguage\":\"fr-FR\",\"@id\":\"https:\/\/radarservice.eu\/fr\/produit\/detecteur-de-radar-genevo-max\/#primaryimage\",\"url\":\"https:\/\/radarservice.eu\/wp-content\/uploads\/2020\/09\/Genevo_Max_Seite.jpg\",\"contentUrl\":\"https:\/\/radarservice.eu\/wp-content\/uploads\/2020\/09\/Genevo_Max_Seite.jpg\",\"width\":1096,\"height\":949,\"caption\":\"D\u00e9tecteur de radar Genevo Max\"},{\"@type\":\"BreadcrumbList\",\"@id\":\"https:\/\/radarservice.eu\/fr\/produit\/detecteur-de-radar-genevo-max\/#breadcrumb\",\"itemListElement\":[{\"@type\":\"ListItem\",\"position\":1,\"name\":\"Boutique\",\"item\":\"https:\/\/radarservice.eu\/fr\/boutique\/\"},{\"@type\":\"ListItem\",\"position\":2,\"name\":\"D\u00e9tecteur de radar Genevo Max\"}]},{\"@type\":\"WebSite\",\"@id\":\"https:\/\/radarservice.eu\/fr\/#website\",\"url\":\"https:\/\/radarservice.eu\/fr\/\",\"name\":\"Radar Service\",\"description\":\"Radar detector Laser jammer mobile fix\",\"publisher\":{\"@id\":\"https:\/\/radarservice.eu\/fr\/#organization\"},\"potentialAction\":[{\"@type\":\"SearchAction\",\"target\":{\"@type\":\"EntryPoint\",\"urlTemplate\":\"https:\/\/radarservice.eu\/fr\/?s={search_term_string}\"},\"query-input\":{\"@type\":\"PropertyValueSpecification\",\"valueRequired\":true,\"valueName\":\"search_term_string\"}}],\"inLanguage\":\"fr-FR\"},{\"@type\":\"Organization\",\"@id\":\"https:\/\/radarservice.eu\/fr\/#organization\",\"name\":\"RadarService\",\"url\":\"https:\/\/radarservice.eu\/fr\/\",\"logo\":{\"@type\":\"ImageObject\",\"inLanguage\":\"fr-FR\",\"@id\":\"https:\/\/radarservice.eu\/fr\/#\/schema\/logo\/image\/\",\"url\":\"https:\/\/radarservice.eu\/wp-content\/uploads\/2021\/03\/Radar_detector_service.png\",\"contentUrl\":\"https:\/\/radarservice.eu\/wp-content\/uploads\/2021\/03\/Radar_detector_service.png\",\"width\":174,\"height\":48,\"caption\":\"RadarService\"},\"image\":{\"@id\":\"https:\/\/radarservice.eu\/fr\/#\/schema\/logo\/image\/\"}}]}<\/script>\n<!-- \/ Yoast SEO plugin. -->","yoast_head_json":{"title":"D\u00e9tecteur de radar Genevo Max | Radar Service","description":"L\u2019avertisseur radar Genevo Max est parfaitement adapt\u00e9 \u00e0 une utilisation en Europe et peut \u00eatre utilis\u00e9 de mani\u00e8re flexible en tant qu\u2019avertisseur radar mobile.","robots":{"index":"index","follow":"follow","max-snippet":"max-snippet:-1","max-image-preview":"max-image-preview:large","max-video-preview":"max-video-preview:-1"},"canonical":"https:\/\/radarservice.eu\/fr\/produit\/detecteur-de-radar-genevo-max\/","og_locale":"fr_FR","og_type":"article","og_title":"D\u00e9tecteur de radar Genevo Max | Radar Service","og_description":"L\u2019avertisseur radar Genevo Max est parfaitement adapt\u00e9 \u00e0 une utilisation en Europe et peut \u00eatre utilis\u00e9 de mani\u00e8re flexible en tant qu\u2019avertisseur radar mobile.","og_url":"https:\/\/radarservice.eu\/fr\/produit\/detecteur-de-radar-genevo-max\/","og_site_name":"Radar Service","article_modified_time":"2023-07-18T13:15:16+00:00","og_image":[{"width":1096,"height":949,"url":"https:\/\/radarservice.eu\/wp-content\/uploads\/2020\/09\/Genevo_Max_Seite.jpg","type":"image\/jpeg"}],"twitter_card":"summary_large_image","twitter_misc":{"Dur\u00e9e de lecture estim\u00e9e":"2 minutes"},"schema":{"@context":"https:\/\/schema.org","@graph":[{"@type":"WebPage","@id":"https:\/\/radarservice.eu\/fr\/produit\/detecteur-de-radar-genevo-max\/","url":"https:\/\/radarservice.eu\/fr\/produit\/detecteur-de-radar-genevo-max\/","name":"D\u00e9tecteur de radar Genevo Max | Radar Service","isPartOf":{"@id":"https:\/\/radarservice.eu\/fr\/#website"},"primaryImageOfPage":{"@id":"https:\/\/radarservice.eu\/fr\/produit\/detecteur-de-radar-genevo-max\/#primaryimage"},"image":{"@id":"https:\/\/radarservice.eu\/fr\/produit\/detecteur-de-radar-genevo-max\/#primaryimage"},"thumbnailUrl":"https:\/\/radarservice.eu\/wp-content\/uploads\/2020\/09\/Genevo_Max_Seite.jpg","datePublished":"2020-09-13T12:47:03+00:00","dateModified":"2023-07-18T13:15:16+00:00","description":"L\u2019avertisseur radar Genevo Max est parfaitement adapt\u00e9 \u00e0 une utilisation en Europe et peut \u00eatre utilis\u00e9 de mani\u00e8re flexible en tant qu\u2019avertisseur radar mobile.","breadcrumb":{"@id":"https:\/\/radarservice.eu\/fr\/produit\/detecteur-de-radar-genevo-max\/#breadcrumb"},"inLanguage":"fr-FR","potentialAction":[{"@type":"ReadAction","target":["https:\/\/radarservice.eu\/fr\/produit\/detecteur-de-radar-genevo-max\/"]}]},{"@type":"ImageObject","inLanguage":"fr-FR","@id":"https:\/\/radarservice.eu\/fr\/produit\/detecteur-de-radar-genevo-max\/#primaryimage","url":"https:\/\/radarservice.eu\/wp-content\/uploads\/2020\/09\/Genevo_Max_Seite.jpg","contentUrl":"https:\/\/radarservice.eu\/wp-content\/uploads\/2020\/09\/Genevo_Max_Seite.jpg","width":1096,"height":949,"caption":"D\u00e9tecteur de radar Genevo Max"},{"@type":"BreadcrumbList","@id":"https:\/\/radarservice.eu\/fr\/produit\/detecteur-de-radar-genevo-max\/#breadcrumb","itemListElement":[{"@type":"ListItem","position":1,"name":"Boutique","item":"https:\/\/radarservice.eu\/fr\/boutique\/"},{"@type":"ListItem","position":2,"name":"D\u00e9tecteur de radar Genevo Max"}]},{"@type":"WebSite","@id":"https:\/\/radarservice.eu\/fr\/#website","url":"https:\/\/radarservice.eu\/fr\/","name":"Radar Service","description":"Radar detector Laser jammer mobile fix","publisher":{"@id":"https:\/\/radarservice.eu\/fr\/#organization"},"potentialAction":[{"@type":"SearchAction","target":{"@type":"EntryPoint","urlTemplate":"https:\/\/radarservice.eu\/fr\/?s={search_term_string}"},"query-input":{"@type":"PropertyValueSpecification","valueRequired":true,"valueName":"search_term_string"}}],"inLanguage":"fr-FR"},{"@type":"Organization","@id":"https:\/\/radarservice.eu\/fr\/#organization","name":"RadarService","url":"https:\/\/radarservice.eu\/fr\/","logo":{"@type":"ImageObject","inLanguage":"fr-FR","@id":"https:\/\/radarservice.eu\/fr\/#\/schema\/logo\/image\/","url":"https:\/\/radarservice.eu\/wp-content\/uploads\/2021\/03\/Radar_detector_service.png","contentUrl":"https:\/\/radarservice.eu\/wp-content\/uploads\/2021\/03\/Radar_detector_service.png","width":174,"height":48,"caption":"RadarService"},"image":{"@id":"https:\/\/radarservice.eu\/fr\/#\/schema\/logo\/image\/"}}]}},"_links":{"self":[{"href":"https:\/\/radarservice.eu\/fr\/wp-json\/wp\/v2\/product\/14603","targetHints":{"allow":["GET"]}}],"collection":[{"href":"https:\/\/radarservice.eu\/fr\/wp-json\/wp\/v2\/product"}],"about":[{"href":"https:\/\/radarservice.eu\/fr\/wp-json\/wp\/v2\/types\/product"}],"replies":[{"embeddable":true,"href":"https:\/\/radarservice.eu\/fr\/wp-json\/wp\/v2\/comments?post=14603"}],"wp:featuredmedia":[{"embeddable":true,"href":"https:\/\/radarservice.eu\/fr\/wp-json\/wp\/v2\/media\/14286"}],"wp:attachment":[{"href":"https:\/\/radarservice.eu\/fr\/wp-json\/wp\/v2\/media?parent=14603"}],"wp:term":[{"taxonomy":"product_brand","embeddable":true,"href":"https:\/\/radarservice.eu\/fr\/wp-json\/wp\/v2\/product_brand?post=14603"},{"taxonomy":"product_cat","embeddable":true,"href":"https:\/\/radarservice.eu\/fr\/wp-json\/wp\/v2\/product_cat?post=14603"},{"taxonomy":"product_tag","embeddable":true,"href":"https:\/\/radarservice.eu\/fr\/wp-json\/wp\/v2\/product_tag?post=14603"}],"curies":[{"name":"wp","href":"https:\/\/api.w.org\/{rel}","templated":true}]}}