{"id":14600,"date":"2020-09-13T14:47:04","date_gmt":"2020-09-13T12:47:04","guid":{"rendered":"https:\/\/radarservice.eu\/produkt\/stealth-mobile-avertisseur-radar-mobile\/"},"modified":"2023-04-02T20:27:03","modified_gmt":"2023-04-02T18:27:03","slug":"stealth-mobile-avertisseur-radar-mobile","status":"publish","type":"product","link":"https:\/\/radarservice.eu\/fr\/produit\/stealth-mobile-avertisseur-radar-mobile\/","title":{"rendered":"Stealth Mobile &#8211; Avertisseur radar mobile"},"content":{"rendered":"<p>Le Stealth Mobile est un avertisseur radar de classe moyenne mobile qui met en garde contre les pi\u00e8ges radars mobiles et fixes.<br \/>\nLe r\u00e9cepteur GPS int\u00e9gr\u00e9 est utilis\u00e9 en combinaison avec la base de donn\u00e9es pr\u00e9install\u00e9e \u00e0 la fois pour la d\u00e9tection des pi\u00e8ges radar et pour la suppression des fausses alarmes.<\/p>\n<p><strong>Selon:<\/strong> Le Stealth Mobile dispose d\u2019un r\u00e9cepteur laser int\u00e9gr\u00e9, mais pour une protection laser s\u00fbre, nous recommandons l\u2019utilisation d\u2019un bloquant laser actif z.B. Genevo FF2 ou AL Priority.<\/p>\n<p><strong>\u00e9vente:<\/strong><br \/>\n+ radar bande K et Ka<br \/>\n+ SiRF III r\u00e9cepteur GPS avec base de donn\u00e9es pr\u00e9install\u00e9e<br \/>\n+ fausse alarme GPS<br \/>\n+ prise d\u2019\u00e9coute<\/p>\n<p><strong>approvisionnement:<\/strong><br \/>\n* D\u00e9tecteur de radar mobile furtif<br \/>\n* Support <br \/>\n* C\u00e2ble de raccordement 12V pour allume-cigare<\/p>\n","protected":false},"excerpt":{"rendered":"<p>Le Stealth Mobile est un avertisseur radar de classe moyenne mobile qui met en garde contre les pi\u00e8ges radars mobiles et fixes. Le r\u00e9cepteur GPS int\u00e9gr\u00e9 est utilis\u00e9 en combinaison avec la base de donn\u00e9es pr\u00e9install\u00e9e \u00e0 la fois pour la d\u00e9tection des pi\u00e8ges radar et pour la suppression des fausses alarmes. Selon: Le Stealth [&#8230;]\n","protected":false},"featured_media":14178,"comment_status":"open","ping_status":"closed","template":"","meta":[],"product_brand":[],"product_cat":[320,303],"product_tag":[424,646,645,577,527],"class_list":{"0":"post-14600","1":"product","2":"type-product","3":"status-publish","4":"has-post-thumbnail","6":"product_cat-detecteurs-de-radar-portable","7":"product_cat-stealth-france","8":"product_tag-europa-fr","9":"product_tag-pieges-radar-fixes","10":"product_tag-pieges-radar-mobiles","11":"product_tag-radarwarner-fr","12":"product_tag-stealth-mobile-fr","14":"first","15":"instock","16":"sale","17":"taxable","18":"shipping-taxable","19":"purchasable","20":"product-type-simple"},"yoast_head":"<!-- This site is optimized with the Yoast SEO plugin v27.2 - https:\/\/yoast.com\/product\/yoast-seo-wordpress\/ -->\n<title>Stealth Mobile - Avertisseur radar mobile | Radar Service<\/title>\n<meta name=\"description\" content=\"Le Stealth Mobile est un avertisseur radar de classe moyenne mobile qui met en garde contre les pi\u00e8ges radars mobiles et fixes.\" \/>\n<meta name=\"robots\" content=\"index, follow, max-snippet:-1, max-image-preview:large, max-video-preview:-1\" \/>\n<link rel=\"canonical\" href=\"https:\/\/radarservice.eu\/fr\/produit\/stealth-mobile-avertisseur-radar-mobile\/\" \/>\n<meta property=\"og:locale\" content=\"fr_FR\" \/>\n<meta property=\"og:type\" content=\"article\" \/>\n<meta property=\"og:title\" content=\"Stealth Mobile - Avertisseur radar mobile | Radar Service\" \/>\n<meta property=\"og:description\" content=\"Le Stealth Mobile est un avertisseur radar de classe moyenne mobile qui met en garde contre les pi\u00e8ges radars mobiles et fixes.\" \/>\n<meta property=\"og:url\" content=\"https:\/\/radarservice.eu\/fr\/produit\/stealth-mobile-avertisseur-radar-mobile\/\" \/>\n<meta property=\"og:site_name\" content=\"Radar Service\" \/>\n<meta property=\"article:modified_time\" content=\"2023-04-02T18:27:03+00:00\" \/>\n<meta property=\"og:image\" content=\"https:\/\/radarservice.eu\/wp-content\/uploads\/2020\/09\/stealth_mobile.jpg\" \/>\n\t<meta property=\"og:image:width\" content=\"753\" \/>\n\t<meta property=\"og:image:height\" content=\"450\" \/>\n\t<meta property=\"og:image:type\" content=\"image\/jpeg\" \/>\n<meta name=\"twitter:card\" content=\"summary_large_image\" \/>\n<meta name=\"twitter:label1\" content=\"Dur\u00e9e de lecture estim\u00e9e\" \/>\n\t<meta name=\"twitter:data1\" content=\"1 minute\" \/>\n<script type=\"application\/ld+json\" class=\"yoast-schema-graph\">{\"@context\":\"https:\/\/schema.org\",\"@graph\":[{\"@type\":\"WebPage\",\"@id\":\"https:\/\/radarservice.eu\/fr\/produit\/stealth-mobile-avertisseur-radar-mobile\/\",\"url\":\"https:\/\/radarservice.eu\/fr\/produit\/stealth-mobile-avertisseur-radar-mobile\/\",\"name\":\"Stealth Mobile - Avertisseur radar mobile | Radar Service\",\"isPartOf\":{\"@id\":\"https:\/\/radarservice.eu\/fr\/#website\"},\"primaryImageOfPage\":{\"@id\":\"https:\/\/radarservice.eu\/fr\/produit\/stealth-mobile-avertisseur-radar-mobile\/#primaryimage\"},\"image\":{\"@id\":\"https:\/\/radarservice.eu\/fr\/produit\/stealth-mobile-avertisseur-radar-mobile\/#primaryimage\"},\"thumbnailUrl\":\"https:\/\/radarservice.eu\/wp-content\/uploads\/2020\/09\/stealth_mobile.jpg\",\"datePublished\":\"2020-09-13T12:47:04+00:00\",\"dateModified\":\"2023-04-02T18:27:03+00:00\",\"description\":\"Le Stealth Mobile est un avertisseur radar de classe moyenne mobile qui met en garde contre les pi\u00e8ges radars mobiles et fixes.\",\"breadcrumb\":{\"@id\":\"https:\/\/radarservice.eu\/fr\/produit\/stealth-mobile-avertisseur-radar-mobile\/#breadcrumb\"},\"inLanguage\":\"fr-FR\",\"potentialAction\":[{\"@type\":\"ReadAction\",\"target\":[\"https:\/\/radarservice.eu\/fr\/produit\/stealth-mobile-avertisseur-radar-mobile\/\"]}]},{\"@type\":\"ImageObject\",\"inLanguage\":\"fr-FR\",\"@id\":\"https:\/\/radarservice.eu\/fr\/produit\/stealth-mobile-avertisseur-radar-mobile\/#primaryimage\",\"url\":\"https:\/\/radarservice.eu\/wp-content\/uploads\/2020\/09\/stealth_mobile.jpg\",\"contentUrl\":\"https:\/\/radarservice.eu\/wp-content\/uploads\/2020\/09\/stealth_mobile.jpg\",\"width\":753,\"height\":450,\"caption\":\"Stealth Mobile\"},{\"@type\":\"BreadcrumbList\",\"@id\":\"https:\/\/radarservice.eu\/fr\/produit\/stealth-mobile-avertisseur-radar-mobile\/#breadcrumb\",\"itemListElement\":[{\"@type\":\"ListItem\",\"position\":1,\"name\":\"Boutique\",\"item\":\"https:\/\/radarservice.eu\/fr\/boutique\/\"},{\"@type\":\"ListItem\",\"position\":2,\"name\":\"Stealth Mobile &#8211; Avertisseur radar mobile\"}]},{\"@type\":\"WebSite\",\"@id\":\"https:\/\/radarservice.eu\/fr\/#website\",\"url\":\"https:\/\/radarservice.eu\/fr\/\",\"name\":\"Radar Service\",\"description\":\"Radar detector Laser jammer mobile fix\",\"publisher\":{\"@id\":\"https:\/\/radarservice.eu\/fr\/#organization\"},\"potentialAction\":[{\"@type\":\"SearchAction\",\"target\":{\"@type\":\"EntryPoint\",\"urlTemplate\":\"https:\/\/radarservice.eu\/fr\/?s={search_term_string}\"},\"query-input\":{\"@type\":\"PropertyValueSpecification\",\"valueRequired\":true,\"valueName\":\"search_term_string\"}}],\"inLanguage\":\"fr-FR\"},{\"@type\":\"Organization\",\"@id\":\"https:\/\/radarservice.eu\/fr\/#organization\",\"name\":\"RadarService\",\"url\":\"https:\/\/radarservice.eu\/fr\/\",\"logo\":{\"@type\":\"ImageObject\",\"inLanguage\":\"fr-FR\",\"@id\":\"https:\/\/radarservice.eu\/fr\/#\/schema\/logo\/image\/\",\"url\":\"https:\/\/radarservice.eu\/wp-content\/uploads\/2021\/03\/Radar_detector_service.png\",\"contentUrl\":\"https:\/\/radarservice.eu\/wp-content\/uploads\/2021\/03\/Radar_detector_service.png\",\"width\":174,\"height\":48,\"caption\":\"RadarService\"},\"image\":{\"@id\":\"https:\/\/radarservice.eu\/fr\/#\/schema\/logo\/image\/\"}}]}<\/script>\n<!-- \/ Yoast SEO plugin. -->","yoast_head_json":{"title":"Stealth Mobile - Avertisseur radar mobile | Radar Service","description":"Le Stealth Mobile est un avertisseur radar de classe moyenne mobile qui met en garde contre les pi\u00e8ges radars mobiles et fixes.","robots":{"index":"index","follow":"follow","max-snippet":"max-snippet:-1","max-image-preview":"max-image-preview:large","max-video-preview":"max-video-preview:-1"},"canonical":"https:\/\/radarservice.eu\/fr\/produit\/stealth-mobile-avertisseur-radar-mobile\/","og_locale":"fr_FR","og_type":"article","og_title":"Stealth Mobile - Avertisseur radar mobile | Radar Service","og_description":"Le Stealth Mobile est un avertisseur radar de classe moyenne mobile qui met en garde contre les pi\u00e8ges radars mobiles et fixes.","og_url":"https:\/\/radarservice.eu\/fr\/produit\/stealth-mobile-avertisseur-radar-mobile\/","og_site_name":"Radar Service","article_modified_time":"2023-04-02T18:27:03+00:00","og_image":[{"width":753,"height":450,"url":"https:\/\/radarservice.eu\/wp-content\/uploads\/2020\/09\/stealth_mobile.jpg","type":"image\/jpeg"}],"twitter_card":"summary_large_image","twitter_misc":{"Dur\u00e9e de lecture estim\u00e9e":"1 minute"},"schema":{"@context":"https:\/\/schema.org","@graph":[{"@type":"WebPage","@id":"https:\/\/radarservice.eu\/fr\/produit\/stealth-mobile-avertisseur-radar-mobile\/","url":"https:\/\/radarservice.eu\/fr\/produit\/stealth-mobile-avertisseur-radar-mobile\/","name":"Stealth Mobile - Avertisseur radar mobile | Radar Service","isPartOf":{"@id":"https:\/\/radarservice.eu\/fr\/#website"},"primaryImageOfPage":{"@id":"https:\/\/radarservice.eu\/fr\/produit\/stealth-mobile-avertisseur-radar-mobile\/#primaryimage"},"image":{"@id":"https:\/\/radarservice.eu\/fr\/produit\/stealth-mobile-avertisseur-radar-mobile\/#primaryimage"},"thumbnailUrl":"https:\/\/radarservice.eu\/wp-content\/uploads\/2020\/09\/stealth_mobile.jpg","datePublished":"2020-09-13T12:47:04+00:00","dateModified":"2023-04-02T18:27:03+00:00","description":"Le Stealth Mobile est un avertisseur radar de classe moyenne mobile qui met en garde contre les pi\u00e8ges radars mobiles et fixes.","breadcrumb":{"@id":"https:\/\/radarservice.eu\/fr\/produit\/stealth-mobile-avertisseur-radar-mobile\/#breadcrumb"},"inLanguage":"fr-FR","potentialAction":[{"@type":"ReadAction","target":["https:\/\/radarservice.eu\/fr\/produit\/stealth-mobile-avertisseur-radar-mobile\/"]}]},{"@type":"ImageObject","inLanguage":"fr-FR","@id":"https:\/\/radarservice.eu\/fr\/produit\/stealth-mobile-avertisseur-radar-mobile\/#primaryimage","url":"https:\/\/radarservice.eu\/wp-content\/uploads\/2020\/09\/stealth_mobile.jpg","contentUrl":"https:\/\/radarservice.eu\/wp-content\/uploads\/2020\/09\/stealth_mobile.jpg","width":753,"height":450,"caption":"Stealth Mobile"},{"@type":"BreadcrumbList","@id":"https:\/\/radarservice.eu\/fr\/produit\/stealth-mobile-avertisseur-radar-mobile\/#breadcrumb","itemListElement":[{"@type":"ListItem","position":1,"name":"Boutique","item":"https:\/\/radarservice.eu\/fr\/boutique\/"},{"@type":"ListItem","position":2,"name":"Stealth Mobile &#8211; Avertisseur radar mobile"}]},{"@type":"WebSite","@id":"https:\/\/radarservice.eu\/fr\/#website","url":"https:\/\/radarservice.eu\/fr\/","name":"Radar Service","description":"Radar detector Laser jammer mobile fix","publisher":{"@id":"https:\/\/radarservice.eu\/fr\/#organization"},"potentialAction":[{"@type":"SearchAction","target":{"@type":"EntryPoint","urlTemplate":"https:\/\/radarservice.eu\/fr\/?s={search_term_string}"},"query-input":{"@type":"PropertyValueSpecification","valueRequired":true,"valueName":"search_term_string"}}],"inLanguage":"fr-FR"},{"@type":"Organization","@id":"https:\/\/radarservice.eu\/fr\/#organization","name":"RadarService","url":"https:\/\/radarservice.eu\/fr\/","logo":{"@type":"ImageObject","inLanguage":"fr-FR","@id":"https:\/\/radarservice.eu\/fr\/#\/schema\/logo\/image\/","url":"https:\/\/radarservice.eu\/wp-content\/uploads\/2021\/03\/Radar_detector_service.png","contentUrl":"https:\/\/radarservice.eu\/wp-content\/uploads\/2021\/03\/Radar_detector_service.png","width":174,"height":48,"caption":"RadarService"},"image":{"@id":"https:\/\/radarservice.eu\/fr\/#\/schema\/logo\/image\/"}}]}},"_links":{"self":[{"href":"https:\/\/radarservice.eu\/fr\/wp-json\/wp\/v2\/product\/14600","targetHints":{"allow":["GET"]}}],"collection":[{"href":"https:\/\/radarservice.eu\/fr\/wp-json\/wp\/v2\/product"}],"about":[{"href":"https:\/\/radarservice.eu\/fr\/wp-json\/wp\/v2\/types\/product"}],"replies":[{"embeddable":true,"href":"https:\/\/radarservice.eu\/fr\/wp-json\/wp\/v2\/comments?post=14600"}],"wp:featuredmedia":[{"embeddable":true,"href":"https:\/\/radarservice.eu\/fr\/wp-json\/wp\/v2\/media\/14178"}],"wp:attachment":[{"href":"https:\/\/radarservice.eu\/fr\/wp-json\/wp\/v2\/media?parent=14600"}],"wp:term":[{"taxonomy":"product_brand","embeddable":true,"href":"https:\/\/radarservice.eu\/fr\/wp-json\/wp\/v2\/product_brand?post=14600"},{"taxonomy":"product_cat","embeddable":true,"href":"https:\/\/radarservice.eu\/fr\/wp-json\/wp\/v2\/product_cat?post=14600"},{"taxonomy":"product_tag","embeddable":true,"href":"https:\/\/radarservice.eu\/fr\/wp-json\/wp\/v2\/product_tag?post=14600"}],"curies":[{"name":"wp","href":"https:\/\/api.w.org\/{rel}","templated":true}]}}