{"id":14598,"date":"2020-09-13T14:47:04","date_gmt":"2020-09-13T12:47:04","guid":{"rendered":"https:\/\/radarservice.eu\/produkt\/quintezz-drive-control-gps-v4-0\/"},"modified":"2024-12-14T17:27:04","modified_gmt":"2024-12-14T16:27:04","slug":"quintezz-drive-control-gps-v4-0","status":"publish","type":"product","link":"https:\/\/radarservice.eu\/fr\/produit\/quintezz-drive-control-gps-v4-0\/","title":{"rendered":"Quintezz Drive Control GPS V4.0"},"content":{"rendered":"<p>L\u2019avertisseur radar mobile Quintezz Drive Control est un appareil d\u2019entr\u00e9e de gamme abordable qui est adapt\u00e9 \u00e0 une utilisation en Europe. Le r\u00e9cepteur GPS int\u00e9gr\u00e9 vous permet d\u2019obtenir des alertes radar et laser, mais aussi des avertissements concernant les syst\u00e8mes de surveillance de la vitesse et des feux rouges install\u00e9s.<br \/>\nLa fonction d\u2019alerte radar et laser peut \u00eatre d\u00e9sactiv\u00e9e si n\u00e9cessaire (par exemple.B contr\u00f4le de la circulation, trafic frontalier) en appuyant sur un bouton et r\u00e9activ\u00e9e ult\u00e9rieurement par code secret.<\/p>\n<p>Le Quintezz Drive Control est id\u00e9al pour les conducteurs qui se d\u00e9brouillent avec des performances moyennes et qui ont droit \u00e0 une protection de base.<\/p>\n<p><strong>Hiweis:<\/strong> Le Quintezz Drive Control dispose d\u2019une r\u00e9ception laser, mais nous vous recommandons d\u2019utiliser une protection laser s\u00fbre<br \/>\nl\u2019utilisation d\u2019un bloquant laser actif z.B. Genevo FF2 ou AL Priority.<\/p>\n<p><strong>\u00e9vente:<\/strong><br \/>\n+ avertisseur radar mobile avec connexion 12V \u00e0 l\u2019allume-cigare<br \/>\n+ alerte radar et laser<br \/>\n+ bande \u00e9troite Ka pour des performances max. sur les radars multanova europ\u00e9ens<br \/>\n+ dimensions : 34 x 75 x 117 (hauteur x largeur x longueur en mm) <\/p>\n<p><strong> fr\u00e9quence:<\/strong><br \/>\nBande X &#8211; 9.41 GHz, 9.90 GHz, 10.50 GHz, 10.525 GHz, 10.60 GHz<br \/>\nBande + K &#8211; 24.10 GHz, 24.125 GHz, 24.150 GHz<br \/>\n+ Ka-Narrow &#8211; 34.00 GHz, 34.30 GHz, 34.36 GHz<br \/>\n+ Ka-Wide &#8211; 35.50 GHz, 35.70 GHz<br \/>\n+ bande KU &#8211; 13.450 GHz<\/p>\n<p><strong>approvisionnement:<\/strong><br \/>\n* Quintezz Drive Control V4.0 Avertisseur radar <br \/>\n* Support &amp; 12V c\u00e2ble de raccordement <br \/>\n* C\u00e2ble USB <br \/>\n* Logiciel de mise \u00e0 jour (flash fixe) <\/p>\n","protected":false},"excerpt":{"rendered":"<p>L\u2019avertisseur radar mobile Quintezz Drive Control est un appareil d\u2019entr\u00e9e de gamme abordable qui est adapt\u00e9 \u00e0 une utilisation en Europe. Le r\u00e9cepteur GPS int\u00e9gr\u00e9 vous permet d\u2019obtenir des alertes radar et laser, mais aussi des avertissements concernant les syst\u00e8mes de surveillance de la vitesse et des feux rouges install\u00e9s. La fonction d\u2019alerte radar et [&#8230;]\n","protected":false},"featured_media":14172,"comment_status":"open","ping_status":"closed","template":"","meta":[],"product_brand":[],"product_cat":[320,301],"product_tag":[643,626,424,429,627,501,577],"class_list":{"0":"post-14598","1":"product","2":"type-product","3":"status-publish","4":"has-post-thumbnail","6":"product_cat-detecteurs-de-radar-portable","7":"product_cat-quintezz-france","8":"product_tag-appareil-dentree-de-gamme","9":"product_tag-detecteur-de-laser","10":"product_tag-europa-fr","11":"product_tag-gps-fr","12":"product_tag-poi-warner-fr","13":"product_tag-quintezz-drive-control-fr","14":"product_tag-radarwarner-fr","16":"first","17":"instock","18":"taxable","19":"shipping-taxable","20":"purchasable","21":"product-type-simple"},"yoast_head":"<!-- This site is optimized with the Yoast SEO plugin v27.2 - https:\/\/yoast.com\/product\/yoast-seo-wordpress\/ -->\n<title>Quintezz Drive Control GPS V4.0 | Radar Service<\/title>\n<meta name=\"description\" content=\"L\u2019avertisseur radar mobile Quintezz Drive Control est un appareil d\u2019entr\u00e9e de gamme abordable qui est adapt\u00e9 \u00e0 une utilisation en Europe.\" \/>\n<meta name=\"robots\" content=\"index, follow, max-snippet:-1, max-image-preview:large, max-video-preview:-1\" \/>\n<link rel=\"canonical\" href=\"https:\/\/radarservice.eu\/fr\/produit\/quintezz-drive-control-gps-v4-0\/\" \/>\n<meta property=\"og:locale\" content=\"fr_FR\" \/>\n<meta property=\"og:type\" content=\"article\" \/>\n<meta property=\"og:title\" content=\"Quintezz Drive Control GPS V4.0 | Radar Service\" \/>\n<meta property=\"og:description\" content=\"L\u2019avertisseur radar mobile Quintezz Drive Control est un appareil d\u2019entr\u00e9e de gamme abordable qui est adapt\u00e9 \u00e0 une utilisation en Europe.\" \/>\n<meta property=\"og:url\" content=\"https:\/\/radarservice.eu\/fr\/produit\/quintezz-drive-control-gps-v4-0\/\" \/>\n<meta property=\"og:site_name\" content=\"Radar Service\" \/>\n<meta property=\"article:modified_time\" content=\"2024-12-14T16:27:04+00:00\" \/>\n<meta property=\"og:image\" content=\"https:\/\/radarservice.eu\/wp-content\/uploads\/2020\/09\/quintezz_drive_control_gps_v4.jpg\" \/>\n\t<meta property=\"og:image:width\" content=\"450\" \/>\n\t<meta property=\"og:image:height\" content=\"450\" \/>\n\t<meta property=\"og:image:type\" content=\"image\/jpeg\" \/>\n<meta name=\"twitter:card\" content=\"summary_large_image\" \/>\n<meta name=\"twitter:label1\" content=\"Dur\u00e9e de lecture estim\u00e9e\" \/>\n\t<meta name=\"twitter:data1\" content=\"1 minute\" \/>\n<script type=\"application\/ld+json\" class=\"yoast-schema-graph\">{\"@context\":\"https:\/\/schema.org\",\"@graph\":[{\"@type\":\"WebPage\",\"@id\":\"https:\/\/radarservice.eu\/fr\/produit\/quintezz-drive-control-gps-v4-0\/\",\"url\":\"https:\/\/radarservice.eu\/fr\/produit\/quintezz-drive-control-gps-v4-0\/\",\"name\":\"Quintezz Drive Control GPS V4.0 | Radar Service\",\"isPartOf\":{\"@id\":\"https:\/\/radarservice.eu\/fr\/#website\"},\"primaryImageOfPage\":{\"@id\":\"https:\/\/radarservice.eu\/fr\/produit\/quintezz-drive-control-gps-v4-0\/#primaryimage\"},\"image\":{\"@id\":\"https:\/\/radarservice.eu\/fr\/produit\/quintezz-drive-control-gps-v4-0\/#primaryimage\"},\"thumbnailUrl\":\"https:\/\/radarservice.eu\/wp-content\/uploads\/2020\/09\/quintezz_drive_control_gps_v4.jpg\",\"datePublished\":\"2020-09-13T12:47:04+00:00\",\"dateModified\":\"2024-12-14T16:27:04+00:00\",\"description\":\"L\u2019avertisseur radar mobile Quintezz Drive Control est un appareil d\u2019entr\u00e9e de gamme abordable qui est adapt\u00e9 \u00e0 une utilisation en Europe.\",\"breadcrumb\":{\"@id\":\"https:\/\/radarservice.eu\/fr\/produit\/quintezz-drive-control-gps-v4-0\/#breadcrumb\"},\"inLanguage\":\"fr-FR\",\"potentialAction\":[{\"@type\":\"ReadAction\",\"target\":[\"https:\/\/radarservice.eu\/fr\/produit\/quintezz-drive-control-gps-v4-0\/\"]}]},{\"@type\":\"ImageObject\",\"inLanguage\":\"fr-FR\",\"@id\":\"https:\/\/radarservice.eu\/fr\/produit\/quintezz-drive-control-gps-v4-0\/#primaryimage\",\"url\":\"https:\/\/radarservice.eu\/wp-content\/uploads\/2020\/09\/quintezz_drive_control_gps_v4.jpg\",\"contentUrl\":\"https:\/\/radarservice.eu\/wp-content\/uploads\/2020\/09\/quintezz_drive_control_gps_v4.jpg\",\"width\":450,\"height\":450,\"caption\":\"Quintezz Drive Control GPS V4.0\"},{\"@type\":\"BreadcrumbList\",\"@id\":\"https:\/\/radarservice.eu\/fr\/produit\/quintezz-drive-control-gps-v4-0\/#breadcrumb\",\"itemListElement\":[{\"@type\":\"ListItem\",\"position\":1,\"name\":\"Boutique\",\"item\":\"https:\/\/radarservice.eu\/fr\/boutique\/\"},{\"@type\":\"ListItem\",\"position\":2,\"name\":\"Quintezz Drive Control GPS V4.0\"}]},{\"@type\":\"WebSite\",\"@id\":\"https:\/\/radarservice.eu\/fr\/#website\",\"url\":\"https:\/\/radarservice.eu\/fr\/\",\"name\":\"Radar Service\",\"description\":\"Radar detector Laser jammer mobile fix\",\"publisher\":{\"@id\":\"https:\/\/radarservice.eu\/fr\/#organization\"},\"potentialAction\":[{\"@type\":\"SearchAction\",\"target\":{\"@type\":\"EntryPoint\",\"urlTemplate\":\"https:\/\/radarservice.eu\/fr\/?s={search_term_string}\"},\"query-input\":{\"@type\":\"PropertyValueSpecification\",\"valueRequired\":true,\"valueName\":\"search_term_string\"}}],\"inLanguage\":\"fr-FR\"},{\"@type\":\"Organization\",\"@id\":\"https:\/\/radarservice.eu\/fr\/#organization\",\"name\":\"RadarService\",\"url\":\"https:\/\/radarservice.eu\/fr\/\",\"logo\":{\"@type\":\"ImageObject\",\"inLanguage\":\"fr-FR\",\"@id\":\"https:\/\/radarservice.eu\/fr\/#\/schema\/logo\/image\/\",\"url\":\"https:\/\/radarservice.eu\/wp-content\/uploads\/2021\/03\/Radar_detector_service.png\",\"contentUrl\":\"https:\/\/radarservice.eu\/wp-content\/uploads\/2021\/03\/Radar_detector_service.png\",\"width\":174,\"height\":48,\"caption\":\"RadarService\"},\"image\":{\"@id\":\"https:\/\/radarservice.eu\/fr\/#\/schema\/logo\/image\/\"}}]}<\/script>\n<!-- \/ Yoast SEO plugin. -->","yoast_head_json":{"title":"Quintezz Drive Control GPS V4.0 | Radar Service","description":"L\u2019avertisseur radar mobile Quintezz Drive Control est un appareil d\u2019entr\u00e9e de gamme abordable qui est adapt\u00e9 \u00e0 une utilisation en Europe.","robots":{"index":"index","follow":"follow","max-snippet":"max-snippet:-1","max-image-preview":"max-image-preview:large","max-video-preview":"max-video-preview:-1"},"canonical":"https:\/\/radarservice.eu\/fr\/produit\/quintezz-drive-control-gps-v4-0\/","og_locale":"fr_FR","og_type":"article","og_title":"Quintezz Drive Control GPS V4.0 | Radar Service","og_description":"L\u2019avertisseur radar mobile Quintezz Drive Control est un appareil d\u2019entr\u00e9e de gamme abordable qui est adapt\u00e9 \u00e0 une utilisation en Europe.","og_url":"https:\/\/radarservice.eu\/fr\/produit\/quintezz-drive-control-gps-v4-0\/","og_site_name":"Radar Service","article_modified_time":"2024-12-14T16:27:04+00:00","og_image":[{"width":450,"height":450,"url":"https:\/\/radarservice.eu\/wp-content\/uploads\/2020\/09\/quintezz_drive_control_gps_v4.jpg","type":"image\/jpeg"}],"twitter_card":"summary_large_image","twitter_misc":{"Dur\u00e9e de lecture estim\u00e9e":"1 minute"},"schema":{"@context":"https:\/\/schema.org","@graph":[{"@type":"WebPage","@id":"https:\/\/radarservice.eu\/fr\/produit\/quintezz-drive-control-gps-v4-0\/","url":"https:\/\/radarservice.eu\/fr\/produit\/quintezz-drive-control-gps-v4-0\/","name":"Quintezz Drive Control GPS V4.0 | Radar Service","isPartOf":{"@id":"https:\/\/radarservice.eu\/fr\/#website"},"primaryImageOfPage":{"@id":"https:\/\/radarservice.eu\/fr\/produit\/quintezz-drive-control-gps-v4-0\/#primaryimage"},"image":{"@id":"https:\/\/radarservice.eu\/fr\/produit\/quintezz-drive-control-gps-v4-0\/#primaryimage"},"thumbnailUrl":"https:\/\/radarservice.eu\/wp-content\/uploads\/2020\/09\/quintezz_drive_control_gps_v4.jpg","datePublished":"2020-09-13T12:47:04+00:00","dateModified":"2024-12-14T16:27:04+00:00","description":"L\u2019avertisseur radar mobile Quintezz Drive Control est un appareil d\u2019entr\u00e9e de gamme abordable qui est adapt\u00e9 \u00e0 une utilisation en Europe.","breadcrumb":{"@id":"https:\/\/radarservice.eu\/fr\/produit\/quintezz-drive-control-gps-v4-0\/#breadcrumb"},"inLanguage":"fr-FR","potentialAction":[{"@type":"ReadAction","target":["https:\/\/radarservice.eu\/fr\/produit\/quintezz-drive-control-gps-v4-0\/"]}]},{"@type":"ImageObject","inLanguage":"fr-FR","@id":"https:\/\/radarservice.eu\/fr\/produit\/quintezz-drive-control-gps-v4-0\/#primaryimage","url":"https:\/\/radarservice.eu\/wp-content\/uploads\/2020\/09\/quintezz_drive_control_gps_v4.jpg","contentUrl":"https:\/\/radarservice.eu\/wp-content\/uploads\/2020\/09\/quintezz_drive_control_gps_v4.jpg","width":450,"height":450,"caption":"Quintezz Drive Control GPS V4.0"},{"@type":"BreadcrumbList","@id":"https:\/\/radarservice.eu\/fr\/produit\/quintezz-drive-control-gps-v4-0\/#breadcrumb","itemListElement":[{"@type":"ListItem","position":1,"name":"Boutique","item":"https:\/\/radarservice.eu\/fr\/boutique\/"},{"@type":"ListItem","position":2,"name":"Quintezz Drive Control GPS V4.0"}]},{"@type":"WebSite","@id":"https:\/\/radarservice.eu\/fr\/#website","url":"https:\/\/radarservice.eu\/fr\/","name":"Radar Service","description":"Radar detector Laser jammer mobile fix","publisher":{"@id":"https:\/\/radarservice.eu\/fr\/#organization"},"potentialAction":[{"@type":"SearchAction","target":{"@type":"EntryPoint","urlTemplate":"https:\/\/radarservice.eu\/fr\/?s={search_term_string}"},"query-input":{"@type":"PropertyValueSpecification","valueRequired":true,"valueName":"search_term_string"}}],"inLanguage":"fr-FR"},{"@type":"Organization","@id":"https:\/\/radarservice.eu\/fr\/#organization","name":"RadarService","url":"https:\/\/radarservice.eu\/fr\/","logo":{"@type":"ImageObject","inLanguage":"fr-FR","@id":"https:\/\/radarservice.eu\/fr\/#\/schema\/logo\/image\/","url":"https:\/\/radarservice.eu\/wp-content\/uploads\/2021\/03\/Radar_detector_service.png","contentUrl":"https:\/\/radarservice.eu\/wp-content\/uploads\/2021\/03\/Radar_detector_service.png","width":174,"height":48,"caption":"RadarService"},"image":{"@id":"https:\/\/radarservice.eu\/fr\/#\/schema\/logo\/image\/"}}]}},"_links":{"self":[{"href":"https:\/\/radarservice.eu\/fr\/wp-json\/wp\/v2\/product\/14598","targetHints":{"allow":["GET"]}}],"collection":[{"href":"https:\/\/radarservice.eu\/fr\/wp-json\/wp\/v2\/product"}],"about":[{"href":"https:\/\/radarservice.eu\/fr\/wp-json\/wp\/v2\/types\/product"}],"replies":[{"embeddable":true,"href":"https:\/\/radarservice.eu\/fr\/wp-json\/wp\/v2\/comments?post=14598"}],"wp:featuredmedia":[{"embeddable":true,"href":"https:\/\/radarservice.eu\/fr\/wp-json\/wp\/v2\/media\/14172"}],"wp:attachment":[{"href":"https:\/\/radarservice.eu\/fr\/wp-json\/wp\/v2\/media?parent=14598"}],"wp:term":[{"taxonomy":"product_brand","embeddable":true,"href":"https:\/\/radarservice.eu\/fr\/wp-json\/wp\/v2\/product_brand?post=14598"},{"taxonomy":"product_cat","embeddable":true,"href":"https:\/\/radarservice.eu\/fr\/wp-json\/wp\/v2\/product_cat?post=14598"},{"taxonomy":"product_tag","embeddable":true,"href":"https:\/\/radarservice.eu\/fr\/wp-json\/wp\/v2\/product_tag?post=14598"}],"curies":[{"name":"wp","href":"https:\/\/api.w.org\/{rel}","templated":true}]}}