{"id":14596,"date":"2020-09-13T14:47:04","date_gmt":"2020-09-13T12:47:04","guid":{"rendered":"https:\/\/radarservice.eu\/produkt\/escort-redline-ex-international-radarwarner\/"},"modified":"2026-05-03T04:43:28","modified_gmt":"2026-05-03T02:43:28","slug":"escort-redline-ex-international-radarwarner","status":"publish","type":"product","link":"https:\/\/radarservice.eu\/fr\/produit\/escort-redline-ex-international-radarwarner\/","title":{"rendered":"Escort RedLine EX International"},"content":{"rendered":"<h2>Escort RedLine EX International Radar avertisseur<\/h2>\n<p>La s\u00e9rie RedLine d\u2019Escort est l\u2019un des avertisseurs de radar les plus appr\u00e9ci\u00e9s ces derni\u00e8res ann\u00e9es et a re\u00e7u de nombreux avis positifs des clients. Avec l\u2019avertisseur radar RedLine EX, Escort am\u00e9liore un classique en d\u00e9veloppant un \u00e9cran couleur moderne et un faux filtre am\u00e9lior\u00e9.<\/p>\n<figure style=\"width: 600px\" class=\"wp-caption alignnone\"><img decoding=\"async\" src=\"https:\/\/radarservice.eu\/wp-content\/uploads\/2020\/09\/Escort_Redline_Lieferumfang.jpg alt=\"Escort Redline EX Lieferumfang \u00bb width=\"\"600 \u00bb height=\"600 \u00bb class=\"size-full wp-image-14374 \u00bb srcset=\"https:\/\/radarservice.eu\/wp-content\/uploads\/2020\/09\/Escort_Redline_Lieferumfang.jpg 800w, https:\/\/radarservice.eu\/wp-content\/uploads\/2020\/09\/Escort_Redline_Lieferumfang-300x300.jpg 300w, https:\/\/radarservice.eu\/wp-content\/uploads\/2020\/09\/Escort_Redline_Lieferumfang-150x150.jpg 150w, https:\/\/radarservice.eu\/wp-content\/uploads\/2020\/09\/Escort_Redline_Lieferumfang-768x768.jpg 768w, https:\/\/radarservice.eu\/wp-content\/uploads\/2020\/09\/Escort_Redline_Lieferumfang-510x510.jpg 510w, https:\/\/radarservice.eu\/wp-content\/uploads\/2020\/09\/Escort_Redline_Lieferumfang-100x100.jpg 100w\" sizes=\"(max-width: 800px) 100vw, 800px\" \/><figcaption class=\"wp-caption-text\">Escort Redline EX Lieferumfang<\/figcaption><\/figure>\n<h3>filtre anti-alerte am\u00e9lior\u00e9<\/h3>\n<p>La mise en place des syst\u00e8mes d\u2019aide \u00e0 la conduite dans les voitures modernes a cr\u00e9\u00e9 des probl\u00e8mes suppl\u00e9mentaires et de fr\u00e9quentes fausses alertes pour les avertisseurs de radars.  Parce que les syst\u00e8mes d\u2019assistance utilisent des fr\u00e9quences similaires \u00e0 celles des pi\u00e8ges radar classiques. L\u2019Escort RedLine EX d\u00e9tecte les signaux des syst\u00e8mes d\u2019aide \u00e0 la conduite et les s\u00e9pare des signaux des v\u00e9ritables pi\u00e8ges radar, \u00e9vitant ainsi les fausses alarmes inutiles.<\/p>\n<h3>Technologie AutoLearn<\/h3>\n<p>La fonction AutoLearn du RedLine EX combine les informations de localisation GPS avec la gamme de fr\u00e9quences unique des signaux radar capt\u00e9s. Ainsi, l\u2019avertisseur radar d\u00e9tecte automatiquement les fausses alarmes et peut les filtrer \u00e0 l\u2019avenir. Vous entendrez moins de fausses alertes, m\u00eame si vous ne marquez pas manuellement ces zones comme une fausse alerte. Apr\u00e8s trois fois la pr\u00e9sence d\u2019une fausse alerte au m\u00eame endroit, ce site sera \u00e0 l\u2019avenir enti\u00e8rement filtr\u00e9 automatiquement au moyen d\u2019un positionnement GPS.<\/p>\n<h3>visualisation rapide des dangers<\/h3>\n<p>Le nouvel \u00e9cran OLED vous donne une vue d\u2019ensemble rapide et claire des informations pertinentes concernant les notifications de danger entrantes. Des symboles uniques et une LED suppl\u00e9mentaire offrent un avertissement visuel parfait pour une protection suppl\u00e9mentaire. La luminosit\u00e9 de l\u2019\u00e9cran peut \u00eatre r\u00e9gl\u00e9e graduellement du clair \u00e0 l\u2019obscurit\u00e9 et personnalement en couleur.<\/p>\n<h3>deux antennes pour une r\u00e9ception parfaite<\/h3>\n<p>Deux antennes radars vous offrent des alertes les plus pr\u00e9coces possibles pour toutes les fr\u00e9quences europ\u00e9ennes. Les nouveaux pi\u00e8ges radar GATSO, Multaradar CT (MRCT) \/ Multaradar CD (MRCD) \/ MultaRadar Moving et Gatso sont d\u00e9tect\u00e9s \u00e0 un stade pr\u00e9coce. Le Redline EX est \u00e9galement \u00e9quip\u00e9 de plusieurs capteurs laser. Y compris un r\u00e9cepteur laser sp\u00e9cial pour d\u00e9tecter une mesure de la vitesse par l\u2019arri\u00e8re. Le traitement brevet\u00e9 du signal num\u00e9rique analyse les transmissions entrantes et filtre le bruit, minimisant ainsi les fausses alertes g\u00eanantes. <\/p>\n<h3>GPS POI Warner avec base de donn\u00e9es flash Europa<\/h3>\n<p>Le RedLine EX International est livr\u00e9 dans toute l\u2019Europe avec une base de donn\u00e9es pr\u00e9install\u00e9e de sections de vitesse et de feux de circulation fixes et section-Control. Gr\u00e2ce au r\u00e9cepteur GPS int\u00e9gr\u00e9 et \u00e0 la base de donn\u00e9es Europa, les pi\u00e8ges radar fixes sont \u00e9galement signal\u00e9s de mani\u00e8re fiable. Les mises \u00e0 jour de la base de donn\u00e9es peuvent \u00eatre t\u00e9l\u00e9charg\u00e9es et install\u00e9es \u00e0 tout moment. Vous avez besoin d\u2019un abonnement et d\u2019un ordinateur windows\u00ae pour mettre \u00e0 jour la base de donn\u00e9es de RedLine EX. <\/p>\n<h3>Pratiquement invisible pour la d\u00e9tection<\/h3>\n<p>La technologie TotalShield vous emp\u00eache de vous localiser.  Les d\u00e9tecteurs radar VG2 et Spectre actuels de la police ne peuvent pas non plus localiser l\u2019avertisseur radar d\u2019escorte. Avec cet avantage suppl\u00e9mentaire, vous pouvez utiliser l\u2019Escort Redline EX sans crainte.<\/p>\n<h3>Connectez votre smartphone par Bluetooth<\/h3>\n<p>Avec l\u2019interface Bluetooth int\u00e9gr\u00e9e, vous pouvez facilement lier l\u2019avertisseur radar Escort \u00e0 votre t\u00e9l\u00e9phone et le connecter \u00e0 l\u2019application Escort Live.<\/p>\n<h3>filtre anti-alerte am\u00e9lior\u00e9<\/h3>\n<p>La mise en place des syst\u00e8mes d\u2019aide \u00e0 la conduite dans les voitures modernes a cr\u00e9\u00e9 des probl\u00e8mes suppl\u00e9mentaires et de fr\u00e9quentes fausses alertes pour les avertisseurs de radars.  Parce que les syst\u00e8mes d\u2019assistance utilisent des fr\u00e9quences similaires \u00e0 celles des pi\u00e8ges radar classiques. L\u2019Escort RedLine EX d\u00e9tecte les signaux des syst\u00e8mes d\u2019aide \u00e0 la conduite et les s\u00e9pare des signaux des v\u00e9ritables pi\u00e8ges radar, \u00e9vitant ainsi les fausses alarmes inutiles.<\/p>\n<h3>Technologie AutoLearn<\/h3>\n<p>La fonction AutoLearn du RedLine EX combine les informations de localisation GPS avec la gamme de fr\u00e9quences unique des signaux radar capt\u00e9s. Ainsi, l\u2019avertisseur radar d\u00e9tecte automatiquement les fausses alarmes et peut les filtrer \u00e0 l\u2019avenir. Vous entendrez moins de fausses alertes, m\u00eame si vous ne marquez pas manuellement ces zones comme une fausse alerte. Apr\u00e8s trois fois la pr\u00e9sence d\u2019une fausse alerte au m\u00eame endroit, ce site sera \u00e0 l\u2019avenir enti\u00e8rement filtr\u00e9 automatiquement au moyen d\u2019un positionnement GPS.<\/p>\n<h3>visualisation rapide des dangers<\/h3>\n<p>Le nouvel \u00e9cran OLED vous donne une vue d\u2019ensemble rapide et claire des informations pertinentes concernant les notifications de danger entrantes. Des symboles uniques et une LED suppl\u00e9mentaire offrent un avertissement visuel parfait pour une protection suppl\u00e9mentaire. La luminosit\u00e9 de l\u2019\u00e9cran peut \u00eatre r\u00e9gl\u00e9e graduellement du clair \u00e0 l\u2019obscurit\u00e9 et personnalement en couleur.<\/p>\n<h3>deux antennes pour une r\u00e9ception parfaite<\/h3>\n<p>Deux antennes radars vous offrent des alertes les plus pr\u00e9coces possibles pour toutes les fr\u00e9quences europ\u00e9ennes. Les nouveaux pi\u00e8ges radar GATSO, Multaradar CT (MRCT) \/ Multaradar CD (MRCD) \/ MultaRadar Moving et Gatso sont d\u00e9tect\u00e9s \u00e0 un stade pr\u00e9coce. Le Redline EX est \u00e9galement \u00e9quip\u00e9 de plusieurs capteurs laser. Y compris un r\u00e9cepteur laser sp\u00e9cial pour d\u00e9tecter une mesure de la vitesse par l\u2019arri\u00e8re. Le traitement brevet\u00e9 du signal num\u00e9rique analyse les transmissions entrantes et filtre le bruit, minimisant ainsi les fausses alertes g\u00eanantes. <\/p>\n<h3>GPS POI Warner avec base de donn\u00e9es flash Europa<\/h3>\n<p>Le RedLine EX International est livr\u00e9 dans toute l\u2019Europe avec une base de donn\u00e9es pr\u00e9install\u00e9e de sections de vitesse et de feux de circulation fixes et section-Control. Gr\u00e2ce au r\u00e9cepteur GPS int\u00e9gr\u00e9 et \u00e0 la base de donn\u00e9es Europa, les pi\u00e8ges radar fixes sont \u00e9galement signal\u00e9s de mani\u00e8re fiable. Les mises \u00e0 jour de la base de donn\u00e9es peuvent \u00eatre t\u00e9l\u00e9charg\u00e9es et install\u00e9es \u00e0 tout moment. Vous avez besoin d\u2019un abonnement et d\u2019un ordinateur windows\u00ae pour mettre \u00e0 jour la base de donn\u00e9es de RedLine EX. <\/p>\n<h3>Pratiquement invisible pour la d\u00e9tection<\/h3>\n<p>La technologie TotalShield vous emp\u00eache de vous localiser.  Les d\u00e9tecteurs radar VG2 et Spectre actuels de la police ne peuvent pas non plus localiser l\u2019avertisseur radar d\u2019escorte. Avec cet avantage suppl\u00e9mentaire, vous pouvez utiliser l\u2019Escort Redline EX sans crainte.<\/p>\n<h3>Connectez votre smartphone par Bluetooth<\/h3>\n<p>Avec l\u2019interface Bluetooth int\u00e9gr\u00e9e, vous pouvez facilement lier l\u2019avertisseur radar Escort \u00e0 votre t\u00e9l\u00e9phone et le connecter \u00e0 l\u2019application Escort Live.<\/p>\n<h3>Enregistrement des points de danger propres et circuit silencieux automatique<\/h3>\n<p>per la pression d\u2019un bouton permet de stocker vos propres points de danger. Le RedLine EX vous avertira \u00e0 l\u2019avenir sur ces sites d\u00e8s que vous vous approchez.  Ou appuyez sur la touche muette \u00e0 un endroit o\u00f9 vous ne voulez pas \u00eatre averti \u00e0 l\u2019avenir. L\u2019avertisseur radar Redline se souvient des coordonn\u00e9es GPS et de la fr\u00e9quence des radars et \u00e9teint l\u2019alarme la prochaine fois que vous passez devant le site. Si une fr\u00e9quence radar diff\u00e9rente est capt\u00e9e \u00e0 cet endroit, par exemple par un pi\u00e8ge radar, l\u2019escort EX vous avertira quand m\u00eame \u00e0 l\u2019avenir.<\/p>\n<h3>Utilisation conviviale<\/h3>\n<p>L\u2019avertisseur radar RedLine EX vous permet de profiter facilement des avantages de sa grande technologie. Avec deux niveaux de sensibilit\u00e9 pr\u00e9configur\u00e9s, vous pouvez r\u00e9gler l\u2019avertisseur radar pour une utilisation en ville et sur l\u2019autoroute. L\u2019alerte vocale num\u00e9rique se fait en anglais ou en espagnol et vous pouvez utiliser le circuit silencieux pour ajuster ou d\u00e9sactiver compl\u00e8tement le volume.<\/p>\n<h3>SmartCord et valise de voyage<\/h3>\n<p>Votre escort RedLine EX est fourni avec une valise de voyage et un c\u00e2ble de connexion SmartCord de 12 volts pour l\u2019allume-cigare.  Le support moderne peut \u00eatre install\u00e9 en toute s\u00e9curit\u00e9 sur le pare-brise et permet une fixation rapide de l\u2019avertisseur radar. Avec la LED int\u00e9gr\u00e9e dans le c\u00e2ble SmartCord, vous pouvez voir les avertissements m\u00eame lorsque l\u2019\u00e9cran est \u00e9teint. <\/p>\n<p><strong>Hiweis:<\/strong> L\u2019Escort Redline dispose d\u2019une bonne r\u00e9ception au laser, mais pour une protection laser s\u00fbre, nous recommandons l\u2019utilisation d\u2019un bloquant laser actif z.B. AL Priority ou LaserTrack Flare.<\/p>\n","protected":false},"excerpt":{"rendered":"<h2>Escort RedLine EX International<\/h2>\n<p> avertisseurs de radar avec Bluetooth, GPS et base de donn\u00e9es pour l\u2019Europe. Un tr\u00e8s bon avertisseur radar pour une utilisation en Europe.<br \/>\nSp\u00e9cialement adapt\u00e9 pour une utilisation en Europe, protection contre X-, K-, Ka-, MultaRadar, Gatso radar pi\u00e8ges. <\/p>\n","protected":false},"featured_media":14186,"comment_status":"open","ping_status":"closed","template":"","meta":[],"product_brand":[],"product_cat":[320,318,293],"product_tag":[642,626,416,424,577],"class_list":{"0":"post-14596","1":"product","2":"type-product","3":"status-publish","4":"has-post-thumbnail","6":"product_cat-detecteurs-de-radar-portable","7":"product_cat-detecteurs-de-radar-recommandes","8":"product_cat-escort-france","9":"product_tag-avertisseur-de-radar-mobile","10":"product_tag-detecteur-de-laser","11":"product_tag-escort-redline-fr","12":"product_tag-europa-fr","13":"product_tag-radarwarner-fr","15":"first","16":"onbackorder","17":"sale","18":"taxable","19":"shipping-taxable","20":"purchasable","21":"product-type-simple"},"yoast_head":"<!-- This site is optimized with the Yoast SEO plugin v27.2 - https:\/\/yoast.com\/product\/yoast-seo-wordpress\/ -->\n<title>Escort RedLine EX International | Radar Service<\/title>\n<meta name=\"description\" content=\"L\u2019avertisseur radar Escort RedLine EX offre une tr\u00e8s bonne alerte radar et une protection optimale contre les pi\u00e8ges radars mobiles et les mesures au laser.\" \/>\n<meta name=\"robots\" content=\"index, follow, max-snippet:-1, max-image-preview:large, max-video-preview:-1\" \/>\n<link rel=\"canonical\" href=\"https:\/\/radarservice.eu\/fr\/produit\/escort-redline-ex-international-radarwarner\/\" \/>\n<meta property=\"og:locale\" content=\"fr_FR\" \/>\n<meta property=\"og:type\" content=\"article\" \/>\n<meta property=\"og:title\" content=\"Escort RedLine EX International | Radar Service\" \/>\n<meta property=\"og:description\" content=\"L\u2019avertisseur radar Escort RedLine EX offre une tr\u00e8s bonne alerte radar et une protection optimale contre les pi\u00e8ges radars mobiles et les mesures au laser.\" \/>\n<meta property=\"og:url\" content=\"https:\/\/radarservice.eu\/fr\/produit\/escort-redline-ex-international-radarwarner\/\" \/>\n<meta property=\"og:site_name\" content=\"Radar Service\" \/>\n<meta property=\"article:modified_time\" content=\"2026-05-03T02:43:28+00:00\" \/>\n<meta property=\"og:image\" content=\"https:\/\/radarservice.eu\/wp-content\/uploads\/2020\/09\/Escort_Redline_EX_International_display.png\" \/>\n\t<meta property=\"og:image:width\" content=\"780\" \/>\n\t<meta property=\"og:image:height\" content=\"440\" \/>\n\t<meta property=\"og:image:type\" content=\"image\/png\" \/>\n<meta name=\"twitter:card\" content=\"summary_large_image\" \/>\n<meta name=\"twitter:label1\" content=\"Dur\u00e9e de lecture estim\u00e9e\" \/>\n\t<meta name=\"twitter:data1\" content=\"7 minutes\" \/>\n<script type=\"application\/ld+json\" class=\"yoast-schema-graph\">{\"@context\":\"https:\/\/schema.org\",\"@graph\":[{\"@type\":\"WebPage\",\"@id\":\"https:\/\/radarservice.eu\/fr\/produit\/escort-redline-ex-international-radarwarner\/\",\"url\":\"https:\/\/radarservice.eu\/fr\/produit\/escort-redline-ex-international-radarwarner\/\",\"name\":\"Escort RedLine EX International | Radar Service\",\"isPartOf\":{\"@id\":\"https:\/\/radarservice.eu\/fr\/#website\"},\"primaryImageOfPage\":{\"@id\":\"https:\/\/radarservice.eu\/fr\/produit\/escort-redline-ex-international-radarwarner\/#primaryimage\"},\"image\":{\"@id\":\"https:\/\/radarservice.eu\/fr\/produit\/escort-redline-ex-international-radarwarner\/#primaryimage\"},\"thumbnailUrl\":\"https:\/\/radarservice.eu\/wp-content\/uploads\/2020\/09\/Escort_Redline_EX_International_display.png\",\"datePublished\":\"2020-09-13T12:47:04+00:00\",\"dateModified\":\"2026-05-03T02:43:28+00:00\",\"description\":\"L\u2019avertisseur radar Escort RedLine EX offre une tr\u00e8s bonne alerte radar et une protection optimale contre les pi\u00e8ges radars mobiles et les mesures au laser.\",\"breadcrumb\":{\"@id\":\"https:\/\/radarservice.eu\/fr\/produit\/escort-redline-ex-international-radarwarner\/#breadcrumb\"},\"inLanguage\":\"fr-FR\",\"potentialAction\":[{\"@type\":\"ReadAction\",\"target\":[\"https:\/\/radarservice.eu\/fr\/produit\/escort-redline-ex-international-radarwarner\/\"]}]},{\"@type\":\"ImageObject\",\"inLanguage\":\"fr-FR\",\"@id\":\"https:\/\/radarservice.eu\/fr\/produit\/escort-redline-ex-international-radarwarner\/#primaryimage\",\"url\":\"https:\/\/radarservice.eu\/wp-content\/uploads\/2020\/09\/Escort_Redline_EX_International_display.png\",\"contentUrl\":\"https:\/\/radarservice.eu\/wp-content\/uploads\/2020\/09\/Escort_Redline_EX_International_display.png\",\"width\":780,\"height\":440,\"caption\":\"Escort Redline EX International Display\"},{\"@type\":\"BreadcrumbList\",\"@id\":\"https:\/\/radarservice.eu\/fr\/produit\/escort-redline-ex-international-radarwarner\/#breadcrumb\",\"itemListElement\":[{\"@type\":\"ListItem\",\"position\":1,\"name\":\"Boutique\",\"item\":\"https:\/\/radarservice.eu\/fr\/boutique\/\"},{\"@type\":\"ListItem\",\"position\":2,\"name\":\"Escort RedLine EX International\"}]},{\"@type\":\"WebSite\",\"@id\":\"https:\/\/radarservice.eu\/fr\/#website\",\"url\":\"https:\/\/radarservice.eu\/fr\/\",\"name\":\"Radar Service\",\"description\":\"Radar detector Laser jammer mobile fix\",\"publisher\":{\"@id\":\"https:\/\/radarservice.eu\/fr\/#organization\"},\"potentialAction\":[{\"@type\":\"SearchAction\",\"target\":{\"@type\":\"EntryPoint\",\"urlTemplate\":\"https:\/\/radarservice.eu\/fr\/?s={search_term_string}\"},\"query-input\":{\"@type\":\"PropertyValueSpecification\",\"valueRequired\":true,\"valueName\":\"search_term_string\"}}],\"inLanguage\":\"fr-FR\"},{\"@type\":\"Organization\",\"@id\":\"https:\/\/radarservice.eu\/fr\/#organization\",\"name\":\"RadarService\",\"url\":\"https:\/\/radarservice.eu\/fr\/\",\"logo\":{\"@type\":\"ImageObject\",\"inLanguage\":\"fr-FR\",\"@id\":\"https:\/\/radarservice.eu\/fr\/#\/schema\/logo\/image\/\",\"url\":\"https:\/\/radarservice.eu\/wp-content\/uploads\/2021\/03\/Radar_detector_service.png\",\"contentUrl\":\"https:\/\/radarservice.eu\/wp-content\/uploads\/2021\/03\/Radar_detector_service.png\",\"width\":174,\"height\":48,\"caption\":\"RadarService\"},\"image\":{\"@id\":\"https:\/\/radarservice.eu\/fr\/#\/schema\/logo\/image\/\"}}]}<\/script>\n<!-- \/ Yoast SEO plugin. -->","yoast_head_json":{"title":"Escort RedLine EX International | Radar Service","description":"L\u2019avertisseur radar Escort RedLine EX offre une tr\u00e8s bonne alerte radar et une protection optimale contre les pi\u00e8ges radars mobiles et les mesures au laser.","robots":{"index":"index","follow":"follow","max-snippet":"max-snippet:-1","max-image-preview":"max-image-preview:large","max-video-preview":"max-video-preview:-1"},"canonical":"https:\/\/radarservice.eu\/fr\/produit\/escort-redline-ex-international-radarwarner\/","og_locale":"fr_FR","og_type":"article","og_title":"Escort RedLine EX International | Radar Service","og_description":"L\u2019avertisseur radar Escort RedLine EX offre une tr\u00e8s bonne alerte radar et une protection optimale contre les pi\u00e8ges radars mobiles et les mesures au laser.","og_url":"https:\/\/radarservice.eu\/fr\/produit\/escort-redline-ex-international-radarwarner\/","og_site_name":"Radar Service","article_modified_time":"2026-05-03T02:43:28+00:00","og_image":[{"width":780,"height":440,"url":"https:\/\/radarservice.eu\/wp-content\/uploads\/2020\/09\/Escort_Redline_EX_International_display.png","type":"image\/png"}],"twitter_card":"summary_large_image","twitter_misc":{"Dur\u00e9e de lecture estim\u00e9e":"7 minutes"},"schema":{"@context":"https:\/\/schema.org","@graph":[{"@type":"WebPage","@id":"https:\/\/radarservice.eu\/fr\/produit\/escort-redline-ex-international-radarwarner\/","url":"https:\/\/radarservice.eu\/fr\/produit\/escort-redline-ex-international-radarwarner\/","name":"Escort RedLine EX International | Radar Service","isPartOf":{"@id":"https:\/\/radarservice.eu\/fr\/#website"},"primaryImageOfPage":{"@id":"https:\/\/radarservice.eu\/fr\/produit\/escort-redline-ex-international-radarwarner\/#primaryimage"},"image":{"@id":"https:\/\/radarservice.eu\/fr\/produit\/escort-redline-ex-international-radarwarner\/#primaryimage"},"thumbnailUrl":"https:\/\/radarservice.eu\/wp-content\/uploads\/2020\/09\/Escort_Redline_EX_International_display.png","datePublished":"2020-09-13T12:47:04+00:00","dateModified":"2026-05-03T02:43:28+00:00","description":"L\u2019avertisseur radar Escort RedLine EX offre une tr\u00e8s bonne alerte radar et une protection optimale contre les pi\u00e8ges radars mobiles et les mesures au laser.","breadcrumb":{"@id":"https:\/\/radarservice.eu\/fr\/produit\/escort-redline-ex-international-radarwarner\/#breadcrumb"},"inLanguage":"fr-FR","potentialAction":[{"@type":"ReadAction","target":["https:\/\/radarservice.eu\/fr\/produit\/escort-redline-ex-international-radarwarner\/"]}]},{"@type":"ImageObject","inLanguage":"fr-FR","@id":"https:\/\/radarservice.eu\/fr\/produit\/escort-redline-ex-international-radarwarner\/#primaryimage","url":"https:\/\/radarservice.eu\/wp-content\/uploads\/2020\/09\/Escort_Redline_EX_International_display.png","contentUrl":"https:\/\/radarservice.eu\/wp-content\/uploads\/2020\/09\/Escort_Redline_EX_International_display.png","width":780,"height":440,"caption":"Escort Redline EX International Display"},{"@type":"BreadcrumbList","@id":"https:\/\/radarservice.eu\/fr\/produit\/escort-redline-ex-international-radarwarner\/#breadcrumb","itemListElement":[{"@type":"ListItem","position":1,"name":"Boutique","item":"https:\/\/radarservice.eu\/fr\/boutique\/"},{"@type":"ListItem","position":2,"name":"Escort RedLine EX International"}]},{"@type":"WebSite","@id":"https:\/\/radarservice.eu\/fr\/#website","url":"https:\/\/radarservice.eu\/fr\/","name":"Radar Service","description":"Radar detector Laser jammer mobile fix","publisher":{"@id":"https:\/\/radarservice.eu\/fr\/#organization"},"potentialAction":[{"@type":"SearchAction","target":{"@type":"EntryPoint","urlTemplate":"https:\/\/radarservice.eu\/fr\/?s={search_term_string}"},"query-input":{"@type":"PropertyValueSpecification","valueRequired":true,"valueName":"search_term_string"}}],"inLanguage":"fr-FR"},{"@type":"Organization","@id":"https:\/\/radarservice.eu\/fr\/#organization","name":"RadarService","url":"https:\/\/radarservice.eu\/fr\/","logo":{"@type":"ImageObject","inLanguage":"fr-FR","@id":"https:\/\/radarservice.eu\/fr\/#\/schema\/logo\/image\/","url":"https:\/\/radarservice.eu\/wp-content\/uploads\/2021\/03\/Radar_detector_service.png","contentUrl":"https:\/\/radarservice.eu\/wp-content\/uploads\/2021\/03\/Radar_detector_service.png","width":174,"height":48,"caption":"RadarService"},"image":{"@id":"https:\/\/radarservice.eu\/fr\/#\/schema\/logo\/image\/"}}]}},"_links":{"self":[{"href":"https:\/\/radarservice.eu\/fr\/wp-json\/wp\/v2\/product\/14596","targetHints":{"allow":["GET"]}}],"collection":[{"href":"https:\/\/radarservice.eu\/fr\/wp-json\/wp\/v2\/product"}],"about":[{"href":"https:\/\/radarservice.eu\/fr\/wp-json\/wp\/v2\/types\/product"}],"replies":[{"embeddable":true,"href":"https:\/\/radarservice.eu\/fr\/wp-json\/wp\/v2\/comments?post=14596"}],"wp:featuredmedia":[{"embeddable":true,"href":"https:\/\/radarservice.eu\/fr\/wp-json\/wp\/v2\/media\/14186"}],"wp:attachment":[{"href":"https:\/\/radarservice.eu\/fr\/wp-json\/wp\/v2\/media?parent=14596"}],"wp:term":[{"taxonomy":"product_brand","embeddable":true,"href":"https:\/\/radarservice.eu\/fr\/wp-json\/wp\/v2\/product_brand?post=14596"},{"taxonomy":"product_cat","embeddable":true,"href":"https:\/\/radarservice.eu\/fr\/wp-json\/wp\/v2\/product_cat?post=14596"},{"taxonomy":"product_tag","embeddable":true,"href":"https:\/\/radarservice.eu\/fr\/wp-json\/wp\/v2\/product_tag?post=14596"}],"curies":[{"name":"wp","href":"https:\/\/api.w.org\/{rel}","templated":true}]}}