{"id":14594,"date":"2020-09-13T14:47:05","date_gmt":"2020-09-13T12:47:05","guid":{"rendered":"https:\/\/radarservice.eu\/produkt\/valentine-one-nouvelle-version\/"},"modified":"2025-11-04T05:10:24","modified_gmt":"2025-11-04T04:10:24","slug":"valentine-one-nouvelle-version","status":"publish","type":"product","link":"https:\/\/radarservice.eu\/fr\/produit\/valentine-one-nouvelle-version\/","title":{"rendered":"Valentine One nouvelle version"},"content":{"rendered":"<p>Le Valentine One dispose d\u2019un balayage de fr\u00e9quence pr\u00e9cis et offre ainsi une d\u00e9tection optimale des radars utilis\u00e9s en Europe. Les \u00e9volutions permanentes de la version europ\u00e9enne ont permis d\u2019am\u00e9liorer \u00e0 la fois les temps d\u2019alerte et la fausse alerte.<\/p>\n<p>Lors de la d\u00e9tection laser, le V1 est l\u2019appareil de pointe absolu. M\u00eame les stations de trafic d\u2019observer, souvent utilis\u00e9es en Suisse comme semi-stationnaires, sont fiables pour valentine One.<\/p>\n<p>La livraison se fait dans les param\u00e8tres de l\u2019Europe, sur demande, nous pouvons \u00e9galement programmer le Valentine One individuellement pour r\u00e9pondre \u00e0 vos besoins.<\/p>\n<p><strong>\u00e9vente:<\/strong><br \/>\n+ avertisseur radar haut de gamme<br \/>\n+ tr\u00e8s bonne d\u00e9tection laser<br \/>\n+ avertissement des radars <br \/>\n+ mise en garde contre les mesures laser <br \/>\n+ convient pour une utilisation en Europe<\/p>\n<p><strong>r\u00e9fr\u00e9quences:<\/strong><br \/>\n+ 9.410 (bande X) <br \/>\n+ 13.450 (bande KU) <br \/>\n+ 24.125 (bande K) <br \/>\n+ 34.360 (bande KA) <\/p>\n<p><strong>approvisionnement:<\/strong><br \/>\n* Alerte radar Valentine One<br \/>\n* Support pare-brise (ventouses) <br \/>\n* Support pare-soleil <br \/ ><br \/>\n* Alimentation \u00e9lectrique 12V avec connexion \u00e0 l\u2019allume-cigare<br \/>\n* mode d\u2019emploi allemand<\/p>\n<p><strong>Selon:<\/strong> Le Valentine One dispose d\u2019une tr\u00e8s bonne r\u00e9ception au laser, mais pour une protection laser s\u00fbre, nous recommandons l\u2019utilisation d\u2019un bloquant laser actif.B. Genevo FF2 ou AL Priority.<\/p>\n","protected":false},"excerpt":{"rendered":"<p>Le Valentine One dispose d\u2019un balayage de fr\u00e9quence pr\u00e9cis et offre ainsi une d\u00e9tection optimale des radars utilis\u00e9s en Europe. Les \u00e9volutions permanentes de la version europ\u00e9enne ont permis d\u2019am\u00e9liorer \u00e0 la fois les temps d\u2019alerte et la fausse alerte. Lors de la d\u00e9tection laser, le V1 est l\u2019appareil de pointe absolu. M\u00eame les stations [&#8230;]\n","protected":false},"featured_media":14146,"comment_status":"open","ping_status":"closed","template":"","meta":[],"product_brand":[],"product_cat":[320,309],"product_tag":[626,402,577,538,542,640],"class_list":{"0":"post-14594","1":"product","2":"type-product","3":"status-publish","4":"has-post-thumbnail","6":"product_cat-detecteurs-de-radar-portable","7":"product_cat-valentine-one-france","8":"product_tag-detecteur-de-laser","9":"product_tag-eu-fr","10":"product_tag-radarwarner-fr","11":"product_tag-v1-fr","12":"product_tag-valentine-one-fr","13":"product_tag-version-europeenne","15":"first","16":"instock","17":"taxable","18":"shipping-taxable","19":"purchasable","20":"product-type-simple"},"yoast_head":"<!-- This site is optimized with the Yoast SEO plugin v27.2 - https:\/\/yoast.com\/product\/yoast-seo-wordpress\/ -->\n<title>Valentine One nouvelle version | Radar Service<\/title>\n<meta name=\"description\" content=\"Valentine One radar avertisseur - un excellent avertisseur radar pour une utilisation dans toute l\u2019Europe - ach\u00e8te maintenant.\" \/>\n<meta name=\"robots\" content=\"index, follow, max-snippet:-1, max-image-preview:large, max-video-preview:-1\" \/>\n<link rel=\"canonical\" href=\"https:\/\/radarservice.eu\/fr\/produit\/valentine-one-nouvelle-version\/\" \/>\n<meta property=\"og:locale\" content=\"fr_FR\" \/>\n<meta property=\"og:type\" content=\"article\" \/>\n<meta property=\"og:title\" content=\"Valentine One nouvelle version | Radar Service\" \/>\n<meta property=\"og:description\" content=\"Valentine One radar avertisseur - un excellent avertisseur radar pour une utilisation dans toute l\u2019Europe - ach\u00e8te maintenant.\" \/>\n<meta property=\"og:url\" content=\"https:\/\/radarservice.eu\/fr\/produit\/valentine-one-nouvelle-version\/\" \/>\n<meta property=\"og:site_name\" content=\"Radar Service\" \/>\n<meta property=\"article:modified_time\" content=\"2025-11-04T04:10:24+00:00\" \/>\n<meta property=\"og:image\" content=\"https:\/\/radarservice.eu\/wp-content\/uploads\/2020\/09\/Valentine_One.jpg\" \/>\n\t<meta property=\"og:image:width\" content=\"600\" \/>\n\t<meta property=\"og:image:height\" content=\"451\" \/>\n\t<meta property=\"og:image:type\" content=\"image\/jpeg\" \/>\n<meta name=\"twitter:card\" content=\"summary_large_image\" \/>\n<meta name=\"twitter:label1\" content=\"Dur\u00e9e de lecture estim\u00e9e\" \/>\n\t<meta name=\"twitter:data1\" content=\"1 minute\" \/>\n<script type=\"application\/ld+json\" class=\"yoast-schema-graph\">{\"@context\":\"https:\/\/schema.org\",\"@graph\":[{\"@type\":\"WebPage\",\"@id\":\"https:\/\/radarservice.eu\/fr\/produit\/valentine-one-nouvelle-version\/\",\"url\":\"https:\/\/radarservice.eu\/fr\/produit\/valentine-one-nouvelle-version\/\",\"name\":\"Valentine One nouvelle version | Radar Service\",\"isPartOf\":{\"@id\":\"https:\/\/radarservice.eu\/fr\/#website\"},\"primaryImageOfPage\":{\"@id\":\"https:\/\/radarservice.eu\/fr\/produit\/valentine-one-nouvelle-version\/#primaryimage\"},\"image\":{\"@id\":\"https:\/\/radarservice.eu\/fr\/produit\/valentine-one-nouvelle-version\/#primaryimage\"},\"thumbnailUrl\":\"https:\/\/radarservice.eu\/wp-content\/uploads\/2020\/09\/Valentine_One.jpg\",\"datePublished\":\"2020-09-13T12:47:05+00:00\",\"dateModified\":\"2025-11-04T04:10:24+00:00\",\"description\":\"Valentine One radar avertisseur - un excellent avertisseur radar pour une utilisation dans toute l\u2019Europe - ach\u00e8te maintenant.\",\"breadcrumb\":{\"@id\":\"https:\/\/radarservice.eu\/fr\/produit\/valentine-one-nouvelle-version\/#breadcrumb\"},\"inLanguage\":\"fr-FR\",\"potentialAction\":[{\"@type\":\"ReadAction\",\"target\":[\"https:\/\/radarservice.eu\/fr\/produit\/valentine-one-nouvelle-version\/\"]}]},{\"@type\":\"ImageObject\",\"inLanguage\":\"fr-FR\",\"@id\":\"https:\/\/radarservice.eu\/fr\/produit\/valentine-one-nouvelle-version\/#primaryimage\",\"url\":\"https:\/\/radarservice.eu\/wp-content\/uploads\/2020\/09\/Valentine_One.jpg\",\"contentUrl\":\"https:\/\/radarservice.eu\/wp-content\/uploads\/2020\/09\/Valentine_One.jpg\",\"width\":600,\"height\":451,\"caption\":\"Valentine One EU\"},{\"@type\":\"BreadcrumbList\",\"@id\":\"https:\/\/radarservice.eu\/fr\/produit\/valentine-one-nouvelle-version\/#breadcrumb\",\"itemListElement\":[{\"@type\":\"ListItem\",\"position\":1,\"name\":\"Boutique\",\"item\":\"https:\/\/radarservice.eu\/fr\/boutique\/\"},{\"@type\":\"ListItem\",\"position\":2,\"name\":\"Valentine One nouvelle version\"}]},{\"@type\":\"WebSite\",\"@id\":\"https:\/\/radarservice.eu\/fr\/#website\",\"url\":\"https:\/\/radarservice.eu\/fr\/\",\"name\":\"Radar Service\",\"description\":\"Radar detector Laser jammer mobile fix\",\"publisher\":{\"@id\":\"https:\/\/radarservice.eu\/fr\/#organization\"},\"potentialAction\":[{\"@type\":\"SearchAction\",\"target\":{\"@type\":\"EntryPoint\",\"urlTemplate\":\"https:\/\/radarservice.eu\/fr\/?s={search_term_string}\"},\"query-input\":{\"@type\":\"PropertyValueSpecification\",\"valueRequired\":true,\"valueName\":\"search_term_string\"}}],\"inLanguage\":\"fr-FR\"},{\"@type\":\"Organization\",\"@id\":\"https:\/\/radarservice.eu\/fr\/#organization\",\"name\":\"RadarService\",\"url\":\"https:\/\/radarservice.eu\/fr\/\",\"logo\":{\"@type\":\"ImageObject\",\"inLanguage\":\"fr-FR\",\"@id\":\"https:\/\/radarservice.eu\/fr\/#\/schema\/logo\/image\/\",\"url\":\"https:\/\/radarservice.eu\/wp-content\/uploads\/2021\/03\/Radar_detector_service.png\",\"contentUrl\":\"https:\/\/radarservice.eu\/wp-content\/uploads\/2021\/03\/Radar_detector_service.png\",\"width\":174,\"height\":48,\"caption\":\"RadarService\"},\"image\":{\"@id\":\"https:\/\/radarservice.eu\/fr\/#\/schema\/logo\/image\/\"}}]}<\/script>\n<!-- \/ Yoast SEO plugin. -->","yoast_head_json":{"title":"Valentine One nouvelle version | Radar Service","description":"Valentine One radar avertisseur - un excellent avertisseur radar pour une utilisation dans toute l\u2019Europe - ach\u00e8te maintenant.","robots":{"index":"index","follow":"follow","max-snippet":"max-snippet:-1","max-image-preview":"max-image-preview:large","max-video-preview":"max-video-preview:-1"},"canonical":"https:\/\/radarservice.eu\/fr\/produit\/valentine-one-nouvelle-version\/","og_locale":"fr_FR","og_type":"article","og_title":"Valentine One nouvelle version | Radar Service","og_description":"Valentine One radar avertisseur - un excellent avertisseur radar pour une utilisation dans toute l\u2019Europe - ach\u00e8te maintenant.","og_url":"https:\/\/radarservice.eu\/fr\/produit\/valentine-one-nouvelle-version\/","og_site_name":"Radar Service","article_modified_time":"2025-11-04T04:10:24+00:00","og_image":[{"width":600,"height":451,"url":"https:\/\/radarservice.eu\/wp-content\/uploads\/2020\/09\/Valentine_One.jpg","type":"image\/jpeg"}],"twitter_card":"summary_large_image","twitter_misc":{"Dur\u00e9e de lecture estim\u00e9e":"1 minute"},"schema":{"@context":"https:\/\/schema.org","@graph":[{"@type":"WebPage","@id":"https:\/\/radarservice.eu\/fr\/produit\/valentine-one-nouvelle-version\/","url":"https:\/\/radarservice.eu\/fr\/produit\/valentine-one-nouvelle-version\/","name":"Valentine One nouvelle version | Radar Service","isPartOf":{"@id":"https:\/\/radarservice.eu\/fr\/#website"},"primaryImageOfPage":{"@id":"https:\/\/radarservice.eu\/fr\/produit\/valentine-one-nouvelle-version\/#primaryimage"},"image":{"@id":"https:\/\/radarservice.eu\/fr\/produit\/valentine-one-nouvelle-version\/#primaryimage"},"thumbnailUrl":"https:\/\/radarservice.eu\/wp-content\/uploads\/2020\/09\/Valentine_One.jpg","datePublished":"2020-09-13T12:47:05+00:00","dateModified":"2025-11-04T04:10:24+00:00","description":"Valentine One radar avertisseur - un excellent avertisseur radar pour une utilisation dans toute l\u2019Europe - ach\u00e8te maintenant.","breadcrumb":{"@id":"https:\/\/radarservice.eu\/fr\/produit\/valentine-one-nouvelle-version\/#breadcrumb"},"inLanguage":"fr-FR","potentialAction":[{"@type":"ReadAction","target":["https:\/\/radarservice.eu\/fr\/produit\/valentine-one-nouvelle-version\/"]}]},{"@type":"ImageObject","inLanguage":"fr-FR","@id":"https:\/\/radarservice.eu\/fr\/produit\/valentine-one-nouvelle-version\/#primaryimage","url":"https:\/\/radarservice.eu\/wp-content\/uploads\/2020\/09\/Valentine_One.jpg","contentUrl":"https:\/\/radarservice.eu\/wp-content\/uploads\/2020\/09\/Valentine_One.jpg","width":600,"height":451,"caption":"Valentine One EU"},{"@type":"BreadcrumbList","@id":"https:\/\/radarservice.eu\/fr\/produit\/valentine-one-nouvelle-version\/#breadcrumb","itemListElement":[{"@type":"ListItem","position":1,"name":"Boutique","item":"https:\/\/radarservice.eu\/fr\/boutique\/"},{"@type":"ListItem","position":2,"name":"Valentine One nouvelle version"}]},{"@type":"WebSite","@id":"https:\/\/radarservice.eu\/fr\/#website","url":"https:\/\/radarservice.eu\/fr\/","name":"Radar Service","description":"Radar detector Laser jammer mobile fix","publisher":{"@id":"https:\/\/radarservice.eu\/fr\/#organization"},"potentialAction":[{"@type":"SearchAction","target":{"@type":"EntryPoint","urlTemplate":"https:\/\/radarservice.eu\/fr\/?s={search_term_string}"},"query-input":{"@type":"PropertyValueSpecification","valueRequired":true,"valueName":"search_term_string"}}],"inLanguage":"fr-FR"},{"@type":"Organization","@id":"https:\/\/radarservice.eu\/fr\/#organization","name":"RadarService","url":"https:\/\/radarservice.eu\/fr\/","logo":{"@type":"ImageObject","inLanguage":"fr-FR","@id":"https:\/\/radarservice.eu\/fr\/#\/schema\/logo\/image\/","url":"https:\/\/radarservice.eu\/wp-content\/uploads\/2021\/03\/Radar_detector_service.png","contentUrl":"https:\/\/radarservice.eu\/wp-content\/uploads\/2021\/03\/Radar_detector_service.png","width":174,"height":48,"caption":"RadarService"},"image":{"@id":"https:\/\/radarservice.eu\/fr\/#\/schema\/logo\/image\/"}}]}},"_links":{"self":[{"href":"https:\/\/radarservice.eu\/fr\/wp-json\/wp\/v2\/product\/14594","targetHints":{"allow":["GET"]}}],"collection":[{"href":"https:\/\/radarservice.eu\/fr\/wp-json\/wp\/v2\/product"}],"about":[{"href":"https:\/\/radarservice.eu\/fr\/wp-json\/wp\/v2\/types\/product"}],"replies":[{"embeddable":true,"href":"https:\/\/radarservice.eu\/fr\/wp-json\/wp\/v2\/comments?post=14594"}],"wp:featuredmedia":[{"embeddable":true,"href":"https:\/\/radarservice.eu\/fr\/wp-json\/wp\/v2\/media\/14146"}],"wp:attachment":[{"href":"https:\/\/radarservice.eu\/fr\/wp-json\/wp\/v2\/media?parent=14594"}],"wp:term":[{"taxonomy":"product_brand","embeddable":true,"href":"https:\/\/radarservice.eu\/fr\/wp-json\/wp\/v2\/product_brand?post=14594"},{"taxonomy":"product_cat","embeddable":true,"href":"https:\/\/radarservice.eu\/fr\/wp-json\/wp\/v2\/product_cat?post=14594"},{"taxonomy":"product_tag","embeddable":true,"href":"https:\/\/radarservice.eu\/fr\/wp-json\/wp\/v2\/product_tag?post=14594"}],"curies":[{"name":"wp","href":"https:\/\/api.w.org\/{rel}","templated":true}]}}