{"id":14588,"date":"2020-09-13T14:47:05","date_gmt":"2020-09-13T12:47:05","guid":{"rendered":"https:\/\/radarservice.eu\/produkt\/beltronics-966-r-new-avertisseur-de-radar-externe\/"},"modified":"2021-03-18T10:57:09","modified_gmt":"2021-03-18T09:57:09","slug":"beltronics-966-r-new-avertisseur-de-radar-externe","status":"publish","type":"product","link":"https:\/\/radarservice.eu\/fr\/produit\/beltronics-966-r-new-avertisseur-de-radar-externe\/","title":{"rendered":"Beltronics 966-R NEW avertisseur de radar externe"},"content":{"rendered":"<p>Le Bel 966-R est sp\u00e9cialement con\u00e7u pour \u00eatre utilis\u00e9 dans les v\u00e9hicules \u00e9quip\u00e9s d\u2019un pare-brise \u00e0 vapeur m\u00e9tallique ou dans des cabriolets et peut \u00eatre install\u00e9 cach\u00e9 dans le compartiment moteur en raison de son bo\u00eetier imperm\u00e9able. L\u2019ex\u00e9cution r\u00e9sistante aux intemp\u00e9ries du module de r\u00e9ception ne limite pas les possibilit\u00e9s d\u2019installation.<br \/>\nLe module d\u2019affichage optique et acoustique est install\u00e9 dans l\u2019int\u00e9rieur du v\u00e9hicule.<\/p>\n<p><strong>\u00e9vente:<\/strong><br \/>\n+ BEL EVO 966-R Nouveaux dispositifs fixes externes Avertisseurs de radar<br \/>\nBandes X, K, KA et Ku<br \/>\n+ bande \u00e9troite Ka pour des performances max. sur les radars multanova europ\u00e9ens<br \/>\n+ bande K et la bande Ku d\u00e9brancher en appuyant sur un bouton<\/p>\n<p><strong> fr\u00e9quence:<\/strong><br \/>\n+ bande X &#8211; 10.525 GHz \u00b1 25 MHz<br \/>\nBande K &#8211; 24.150 GHz \u00b1 100 MHz<br \/>\n+ bande ka &#8211; 34.700 GHz \u00b1 1300 MHz<br \/>\n+ Ka Narrow &#8211; 34.0, 34.3, 34.7 et 35.5 GHz \u00b1 80 MHz<br \/>\n+ bande KU &#8211; 13.450 MHz<\/p>\n<p><strong>approvisionnement:<\/strong><br \/>\nAntenne radar externe Bel 966-R<br \/>\n* Module d\u2019affichage pour l\u2019int\u00e9rieur du v\u00e9hicule<br \/>\n* Mat\u00e9riel de montage complet pour l\u2019installation<br \/>\n* Mode d\u2019emploi<\/p>\n","protected":false},"excerpt":{"rendered":"<p>Le Bel EVO 966 R New est un avertisseur radar utilis\u00e9 avec succ\u00e8s depuis des ann\u00e9es et tr\u00e8s bon march\u00e9 par rapport \u00e0 d\u2019autres avertisseurs de radars externes.<\/p>\n","protected":false},"featured_media":14132,"comment_status":"open","ping_status":"closed","template":"","meta":[],"product_brand":[],"product_cat":[287,331],"product_tag":[347,361,625],"class_list":{"0":"post-14588","1":"product","2":"type-product","3":"status-publish","4":"has-post-thumbnail","6":"product_cat-beltronics-france","7":"product_cat-detecteurs-de-radar-fixes-invisible","8":"product_tag-bel-966r-fr","9":"product_tag-beltronics-fr","10":"product_tag-detecteur-de-radar-fixe","12":"first","13":"onbackorder","14":"sale","15":"taxable","16":"shipping-taxable","17":"purchasable","18":"product-type-simple"},"yoast_head":"<!-- This site is optimized with the Yoast SEO plugin v27.2 - https:\/\/yoast.com\/product\/yoast-seo-wordpress\/ -->\n<title>Beltronics 966-R NEW avertisseur de radar externe<\/title>\n<meta name=\"description\" content=\"L\u2019avertisseur radar Bel 966-R est \u00e9tanche et peut \u00eatre install\u00e9 cach\u00e9 dans le compartiment moteur.\" \/>\n<meta name=\"robots\" content=\"index, follow, max-snippet:-1, max-image-preview:large, max-video-preview:-1\" \/>\n<link rel=\"canonical\" href=\"https:\/\/radarservice.eu\/fr\/produit\/beltronics-966-r-new-avertisseur-de-radar-externe\/\" \/>\n<meta property=\"og:locale\" content=\"fr_FR\" \/>\n<meta property=\"og:type\" content=\"article\" \/>\n<meta property=\"og:title\" content=\"Beltronics 966-R NEW avertisseur de radar externe\" \/>\n<meta property=\"og:description\" content=\"L\u2019avertisseur radar Bel 966-R est \u00e9tanche et peut \u00eatre install\u00e9 cach\u00e9 dans le compartiment moteur.\" \/>\n<meta property=\"og:url\" content=\"https:\/\/radarservice.eu\/fr\/produit\/beltronics-966-r-new-avertisseur-de-radar-externe\/\" \/>\n<meta property=\"og:site_name\" content=\"Radar Service\" \/>\n<meta property=\"article:modified_time\" content=\"2021-03-18T09:57:09+00:00\" \/>\n<meta property=\"og:image\" content=\"https:\/\/radarservice.eu\/wp-content\/uploads\/2020\/09\/beltronics_target_966_2_1.jpg\" \/>\n\t<meta property=\"og:image:width\" content=\"340\" \/>\n\t<meta property=\"og:image:height\" content=\"340\" \/>\n\t<meta property=\"og:image:type\" content=\"image\/jpeg\" \/>\n<meta name=\"twitter:card\" content=\"summary_large_image\" \/>\n<meta name=\"twitter:label1\" content=\"Dur\u00e9e de lecture estim\u00e9e\" \/>\n\t<meta name=\"twitter:data1\" content=\"1 minute\" \/>\n<script type=\"application\/ld+json\" class=\"yoast-schema-graph\">{\"@context\":\"https:\/\/schema.org\",\"@graph\":[{\"@type\":\"WebPage\",\"@id\":\"https:\/\/radarservice.eu\/fr\/produit\/beltronics-966-r-new-avertisseur-de-radar-externe\/\",\"url\":\"https:\/\/radarservice.eu\/fr\/produit\/beltronics-966-r-new-avertisseur-de-radar-externe\/\",\"name\":\"Beltronics 966-R NEW avertisseur de radar externe\",\"isPartOf\":{\"@id\":\"https:\/\/radarservice.eu\/fr\/#website\"},\"primaryImageOfPage\":{\"@id\":\"https:\/\/radarservice.eu\/fr\/produit\/beltronics-966-r-new-avertisseur-de-radar-externe\/#primaryimage\"},\"image\":{\"@id\":\"https:\/\/radarservice.eu\/fr\/produit\/beltronics-966-r-new-avertisseur-de-radar-externe\/#primaryimage\"},\"thumbnailUrl\":\"https:\/\/radarservice.eu\/wp-content\/uploads\/2020\/09\/beltronics_target_966_2_1.jpg\",\"datePublished\":\"2020-09-13T12:47:05+00:00\",\"dateModified\":\"2021-03-18T09:57:09+00:00\",\"description\":\"L\u2019avertisseur radar Bel 966-R est \u00e9tanche et peut \u00eatre install\u00e9 cach\u00e9 dans le compartiment moteur.\",\"breadcrumb\":{\"@id\":\"https:\/\/radarservice.eu\/fr\/produit\/beltronics-966-r-new-avertisseur-de-radar-externe\/#breadcrumb\"},\"inLanguage\":\"fr-FR\",\"potentialAction\":[{\"@type\":\"ReadAction\",\"target\":[\"https:\/\/radarservice.eu\/fr\/produit\/beltronics-966-r-new-avertisseur-de-radar-externe\/\"]}]},{\"@type\":\"ImageObject\",\"inLanguage\":\"fr-FR\",\"@id\":\"https:\/\/radarservice.eu\/fr\/produit\/beltronics-966-r-new-avertisseur-de-radar-externe\/#primaryimage\",\"url\":\"https:\/\/radarservice.eu\/wp-content\/uploads\/2020\/09\/beltronics_target_966_2_1.jpg\",\"contentUrl\":\"https:\/\/radarservice.eu\/wp-content\/uploads\/2020\/09\/beltronics_target_966_2_1.jpg\",\"width\":340,\"height\":340,\"caption\":\"Beltronics Target 966 R\"},{\"@type\":\"BreadcrumbList\",\"@id\":\"https:\/\/radarservice.eu\/fr\/produit\/beltronics-966-r-new-avertisseur-de-radar-externe\/#breadcrumb\",\"itemListElement\":[{\"@type\":\"ListItem\",\"position\":1,\"name\":\"Boutique\",\"item\":\"https:\/\/radarservice.eu\/fr\/boutique\/\"},{\"@type\":\"ListItem\",\"position\":2,\"name\":\"Beltronics 966-R NEW avertisseur de radar externe\"}]},{\"@type\":\"WebSite\",\"@id\":\"https:\/\/radarservice.eu\/fr\/#website\",\"url\":\"https:\/\/radarservice.eu\/fr\/\",\"name\":\"Radar Service\",\"description\":\"Radar detector Laser jammer mobile fix\",\"publisher\":{\"@id\":\"https:\/\/radarservice.eu\/fr\/#organization\"},\"potentialAction\":[{\"@type\":\"SearchAction\",\"target\":{\"@type\":\"EntryPoint\",\"urlTemplate\":\"https:\/\/radarservice.eu\/fr\/?s={search_term_string}\"},\"query-input\":{\"@type\":\"PropertyValueSpecification\",\"valueRequired\":true,\"valueName\":\"search_term_string\"}}],\"inLanguage\":\"fr-FR\"},{\"@type\":\"Organization\",\"@id\":\"https:\/\/radarservice.eu\/fr\/#organization\",\"name\":\"RadarService\",\"url\":\"https:\/\/radarservice.eu\/fr\/\",\"logo\":{\"@type\":\"ImageObject\",\"inLanguage\":\"fr-FR\",\"@id\":\"https:\/\/radarservice.eu\/fr\/#\/schema\/logo\/image\/\",\"url\":\"https:\/\/radarservice.eu\/wp-content\/uploads\/2021\/03\/Radar_detector_service.png\",\"contentUrl\":\"https:\/\/radarservice.eu\/wp-content\/uploads\/2021\/03\/Radar_detector_service.png\",\"width\":174,\"height\":48,\"caption\":\"RadarService\"},\"image\":{\"@id\":\"https:\/\/radarservice.eu\/fr\/#\/schema\/logo\/image\/\"}}]}<\/script>\n<!-- \/ Yoast SEO plugin. -->","yoast_head_json":{"title":"Beltronics 966-R NEW avertisseur de radar externe","description":"L\u2019avertisseur radar Bel 966-R est \u00e9tanche et peut \u00eatre install\u00e9 cach\u00e9 dans le compartiment moteur.","robots":{"index":"index","follow":"follow","max-snippet":"max-snippet:-1","max-image-preview":"max-image-preview:large","max-video-preview":"max-video-preview:-1"},"canonical":"https:\/\/radarservice.eu\/fr\/produit\/beltronics-966-r-new-avertisseur-de-radar-externe\/","og_locale":"fr_FR","og_type":"article","og_title":"Beltronics 966-R NEW avertisseur de radar externe","og_description":"L\u2019avertisseur radar Bel 966-R est \u00e9tanche et peut \u00eatre install\u00e9 cach\u00e9 dans le compartiment moteur.","og_url":"https:\/\/radarservice.eu\/fr\/produit\/beltronics-966-r-new-avertisseur-de-radar-externe\/","og_site_name":"Radar Service","article_modified_time":"2021-03-18T09:57:09+00:00","og_image":[{"width":340,"height":340,"url":"https:\/\/radarservice.eu\/wp-content\/uploads\/2020\/09\/beltronics_target_966_2_1.jpg","type":"image\/jpeg"}],"twitter_card":"summary_large_image","twitter_misc":{"Dur\u00e9e de lecture estim\u00e9e":"1 minute"},"schema":{"@context":"https:\/\/schema.org","@graph":[{"@type":"WebPage","@id":"https:\/\/radarservice.eu\/fr\/produit\/beltronics-966-r-new-avertisseur-de-radar-externe\/","url":"https:\/\/radarservice.eu\/fr\/produit\/beltronics-966-r-new-avertisseur-de-radar-externe\/","name":"Beltronics 966-R NEW avertisseur de radar externe","isPartOf":{"@id":"https:\/\/radarservice.eu\/fr\/#website"},"primaryImageOfPage":{"@id":"https:\/\/radarservice.eu\/fr\/produit\/beltronics-966-r-new-avertisseur-de-radar-externe\/#primaryimage"},"image":{"@id":"https:\/\/radarservice.eu\/fr\/produit\/beltronics-966-r-new-avertisseur-de-radar-externe\/#primaryimage"},"thumbnailUrl":"https:\/\/radarservice.eu\/wp-content\/uploads\/2020\/09\/beltronics_target_966_2_1.jpg","datePublished":"2020-09-13T12:47:05+00:00","dateModified":"2021-03-18T09:57:09+00:00","description":"L\u2019avertisseur radar Bel 966-R est \u00e9tanche et peut \u00eatre install\u00e9 cach\u00e9 dans le compartiment moteur.","breadcrumb":{"@id":"https:\/\/radarservice.eu\/fr\/produit\/beltronics-966-r-new-avertisseur-de-radar-externe\/#breadcrumb"},"inLanguage":"fr-FR","potentialAction":[{"@type":"ReadAction","target":["https:\/\/radarservice.eu\/fr\/produit\/beltronics-966-r-new-avertisseur-de-radar-externe\/"]}]},{"@type":"ImageObject","inLanguage":"fr-FR","@id":"https:\/\/radarservice.eu\/fr\/produit\/beltronics-966-r-new-avertisseur-de-radar-externe\/#primaryimage","url":"https:\/\/radarservice.eu\/wp-content\/uploads\/2020\/09\/beltronics_target_966_2_1.jpg","contentUrl":"https:\/\/radarservice.eu\/wp-content\/uploads\/2020\/09\/beltronics_target_966_2_1.jpg","width":340,"height":340,"caption":"Beltronics Target 966 R"},{"@type":"BreadcrumbList","@id":"https:\/\/radarservice.eu\/fr\/produit\/beltronics-966-r-new-avertisseur-de-radar-externe\/#breadcrumb","itemListElement":[{"@type":"ListItem","position":1,"name":"Boutique","item":"https:\/\/radarservice.eu\/fr\/boutique\/"},{"@type":"ListItem","position":2,"name":"Beltronics 966-R NEW avertisseur de radar externe"}]},{"@type":"WebSite","@id":"https:\/\/radarservice.eu\/fr\/#website","url":"https:\/\/radarservice.eu\/fr\/","name":"Radar Service","description":"Radar detector Laser jammer mobile fix","publisher":{"@id":"https:\/\/radarservice.eu\/fr\/#organization"},"potentialAction":[{"@type":"SearchAction","target":{"@type":"EntryPoint","urlTemplate":"https:\/\/radarservice.eu\/fr\/?s={search_term_string}"},"query-input":{"@type":"PropertyValueSpecification","valueRequired":true,"valueName":"search_term_string"}}],"inLanguage":"fr-FR"},{"@type":"Organization","@id":"https:\/\/radarservice.eu\/fr\/#organization","name":"RadarService","url":"https:\/\/radarservice.eu\/fr\/","logo":{"@type":"ImageObject","inLanguage":"fr-FR","@id":"https:\/\/radarservice.eu\/fr\/#\/schema\/logo\/image\/","url":"https:\/\/radarservice.eu\/wp-content\/uploads\/2021\/03\/Radar_detector_service.png","contentUrl":"https:\/\/radarservice.eu\/wp-content\/uploads\/2021\/03\/Radar_detector_service.png","width":174,"height":48,"caption":"RadarService"},"image":{"@id":"https:\/\/radarservice.eu\/fr\/#\/schema\/logo\/image\/"}}]}},"_links":{"self":[{"href":"https:\/\/radarservice.eu\/fr\/wp-json\/wp\/v2\/product\/14588","targetHints":{"allow":["GET"]}}],"collection":[{"href":"https:\/\/radarservice.eu\/fr\/wp-json\/wp\/v2\/product"}],"about":[{"href":"https:\/\/radarservice.eu\/fr\/wp-json\/wp\/v2\/types\/product"}],"replies":[{"embeddable":true,"href":"https:\/\/radarservice.eu\/fr\/wp-json\/wp\/v2\/comments?post=14588"}],"wp:featuredmedia":[{"embeddable":true,"href":"https:\/\/radarservice.eu\/fr\/wp-json\/wp\/v2\/media\/14132"}],"wp:attachment":[{"href":"https:\/\/radarservice.eu\/fr\/wp-json\/wp\/v2\/media?parent=14588"}],"wp:term":[{"taxonomy":"product_brand","embeddable":true,"href":"https:\/\/radarservice.eu\/fr\/wp-json\/wp\/v2\/product_brand?post=14588"},{"taxonomy":"product_cat","embeddable":true,"href":"https:\/\/radarservice.eu\/fr\/wp-json\/wp\/v2\/product_cat?post=14588"},{"taxonomy":"product_tag","embeddable":true,"href":"https:\/\/radarservice.eu\/fr\/wp-json\/wp\/v2\/product_tag?post=14588"}],"curies":[{"name":"wp","href":"https:\/\/api.w.org\/{rel}","templated":true}]}}