{"id":14581,"date":"2020-09-13T14:47:05","date_gmt":"2020-09-13T12:47:05","guid":{"rendered":"https:\/\/radarservice.eu\/produkt\/eso-guard-dual-perturbateur-de-barriere-lumineuse\/"},"modified":"2023-04-02T20:29:19","modified_gmt":"2023-04-02T18:29:19","slug":"eso-guard-dual-perturbateur-de-barriere-lumineuse","status":"publish","type":"product","link":"https:\/\/radarservice.eu\/fr\/produit\/eso-guard-dual-perturbateur-de-barriere-lumineuse\/","title":{"rendered":"ESO Guard DUAL Perturbateur de barri\u00e8re lumineuse"},"content":{"rendered":"<p>Deux capteurs offrent une protection efficace des deux c\u00f4t\u00e9s. Quel que soit le c\u00f4t\u00e9 de la rue, le syst\u00e8me de mesure ESO. L\u2019Eso Guard de Jamtronics perturbe les capteurs d\u2019eso (\u00e9galement ESO 3.0) sur plusieurs voies. L\u2019ESO-Guard annule la mesure de l\u2019unit\u00e9 de mesure ESO sans provoquer de message d\u2019erreur.<\/p>\n<p>Le montage est simple et simple, les capteurs peuvent \u00eatre install\u00e9s discr\u00e8tement dans le support de la plaque d\u2019immatriculation. M\u00eame un montage provisoire sur des v\u00e9hicules lou\u00e9s ou lou\u00e9s est possible sans probl\u00e8me.<\/p>\n<p><strong>\u00e9vente:<\/strong><br \/>\n+ VERSION DUAL pour la d\u00e9faillance des deux faces de l\u2019ESO 3.0 barri\u00e8re lumineuse<br \/>\n+ tr\u00e8s petits capteurs<br \/>\n+ montage simple rapide dans le support de la plaque d\u2019immatriculation <br \/>\n+ Dimensions (LxLxH en mm) : 18 x 20 x 4<\/p>\n<p><strong>approvisionnement:<\/strong><br \/>\n* 2 brouilleurs <br \/>\n* Set de c\u00e2bles <br \/>\n* Mode d\u2019emploi<\/p>\n","protected":false},"excerpt":{"rendered":"<p>Deux capteurs offrent une protection efficace des deux c\u00f4t\u00e9s. Quel que soit le c\u00f4t\u00e9 de la rue, le syst\u00e8me de mesure ESO. L\u2019Eso Guard de Jamtronics perturbe les capteurs d\u2019eso (\u00e9galement ESO 3.0) sur plusieurs voies. L\u2019ESO-Guard annule la mesure de l\u2019unit\u00e9 de mesure ESO sans provoquer de message d\u2019erreur. Le montage est simple et [&#8230;]\n","protected":false},"featured_media":14162,"comment_status":"open","ping_status":"closed","template":"","meta":[],"product_brand":[],"product_cat":[323,296],"product_tag":[636,637,394,396,399,474],"class_list":{"0":"post-14581","1":"product","2":"type-product","3":"status-publish","4":"has-post-thumbnail","6":"product_cat-brouilleur-eso","7":"product_cat-jamtronics-france","8":"product_tag-barrieres-immaterielles","9":"product_tag-barrieres-immaterielles-fr","10":"product_tag-eso-3-0-fr","11":"product_tag-eso-guard-fr","12":"product_tag-eso-jammer-fr","13":"product_tag-jamtronics-fr","15":"first","16":"instock","17":"sale","18":"taxable","19":"shipping-taxable","20":"purchasable","21":"product-type-simple"},"yoast_head":"<!-- This site is optimized with the Yoast SEO plugin v27.2 - https:\/\/yoast.com\/product\/yoast-seo-wordpress\/ -->\n<title>ESO Guard DUAL Perturbateur de barri\u00e8re lumineuse | Radar Service<\/title>\n<meta name=\"description\" content=\"L\u2019Eso Guard de Jamtronics perturbe les capteurs d\u2019unit\u00e9 ESO (\u00e9galement la barri\u00e8re lumineuse ESO 3.0) sur plusieurs voies.\" \/>\n<meta name=\"robots\" content=\"index, follow, max-snippet:-1, max-image-preview:large, max-video-preview:-1\" \/>\n<link rel=\"canonical\" href=\"https:\/\/radarservice.eu\/fr\/produit\/eso-guard-dual-perturbateur-de-barriere-lumineuse\/\" \/>\n<meta property=\"og:locale\" content=\"fr_FR\" \/>\n<meta property=\"og:type\" content=\"article\" \/>\n<meta property=\"og:title\" content=\"ESO Guard DUAL Perturbateur de barri\u00e8re lumineuse | Radar Service\" \/>\n<meta property=\"og:description\" content=\"L\u2019Eso Guard de Jamtronics perturbe les capteurs d\u2019unit\u00e9 ESO (\u00e9galement la barri\u00e8re lumineuse ESO 3.0) sur plusieurs voies.\" \/>\n<meta property=\"og:url\" content=\"https:\/\/radarservice.eu\/fr\/produit\/eso-guard-dual-perturbateur-de-barriere-lumineuse\/\" \/>\n<meta property=\"og:site_name\" content=\"Radar Service\" \/>\n<meta property=\"article:modified_time\" content=\"2023-04-02T18:29:19+00:00\" \/>\n<meta property=\"og:image\" content=\"https:\/\/radarservice.eu\/wp-content\/uploads\/2020\/09\/esoguard_pro_esoschutz.jpg\" \/>\n\t<meta property=\"og:image:width\" content=\"990\" \/>\n\t<meta property=\"og:image:height\" content=\"720\" \/>\n\t<meta property=\"og:image:type\" content=\"image\/jpeg\" \/>\n<meta name=\"twitter:card\" content=\"summary_large_image\" \/>\n<meta name=\"twitter:label1\" content=\"Dur\u00e9e de lecture estim\u00e9e\" \/>\n\t<meta name=\"twitter:data1\" content=\"1 minute\" \/>\n<script type=\"application\/ld+json\" class=\"yoast-schema-graph\">{\"@context\":\"https:\/\/schema.org\",\"@graph\":[{\"@type\":\"WebPage\",\"@id\":\"https:\/\/radarservice.eu\/fr\/produit\/eso-guard-dual-perturbateur-de-barriere-lumineuse\/\",\"url\":\"https:\/\/radarservice.eu\/fr\/produit\/eso-guard-dual-perturbateur-de-barriere-lumineuse\/\",\"name\":\"ESO Guard DUAL Perturbateur de barri\u00e8re lumineuse | Radar Service\",\"isPartOf\":{\"@id\":\"https:\/\/radarservice.eu\/fr\/#website\"},\"primaryImageOfPage\":{\"@id\":\"https:\/\/radarservice.eu\/fr\/produit\/eso-guard-dual-perturbateur-de-barriere-lumineuse\/#primaryimage\"},\"image\":{\"@id\":\"https:\/\/radarservice.eu\/fr\/produit\/eso-guard-dual-perturbateur-de-barriere-lumineuse\/#primaryimage\"},\"thumbnailUrl\":\"https:\/\/radarservice.eu\/wp-content\/uploads\/2020\/09\/esoguard_pro_esoschutz.jpg\",\"datePublished\":\"2020-09-13T12:47:05+00:00\",\"dateModified\":\"2023-04-02T18:29:19+00:00\",\"description\":\"L\u2019Eso Guard de Jamtronics perturbe les capteurs d\u2019unit\u00e9 ESO (\u00e9galement la barri\u00e8re lumineuse ESO 3.0) sur plusieurs voies.\",\"breadcrumb\":{\"@id\":\"https:\/\/radarservice.eu\/fr\/produit\/eso-guard-dual-perturbateur-de-barriere-lumineuse\/#breadcrumb\"},\"inLanguage\":\"fr-FR\",\"potentialAction\":[{\"@type\":\"ReadAction\",\"target\":[\"https:\/\/radarservice.eu\/fr\/produit\/eso-guard-dual-perturbateur-de-barriere-lumineuse\/\"]}]},{\"@type\":\"ImageObject\",\"inLanguage\":\"fr-FR\",\"@id\":\"https:\/\/radarservice.eu\/fr\/produit\/eso-guard-dual-perturbateur-de-barriere-lumineuse\/#primaryimage\",\"url\":\"https:\/\/radarservice.eu\/wp-content\/uploads\/2020\/09\/esoguard_pro_esoschutz.jpg\",\"contentUrl\":\"https:\/\/radarservice.eu\/wp-content\/uploads\/2020\/09\/esoguard_pro_esoschutz.jpg\",\"width\":990,\"height\":720,\"caption\":\"ESO Guard Eso Protection\"},{\"@type\":\"BreadcrumbList\",\"@id\":\"https:\/\/radarservice.eu\/fr\/produit\/eso-guard-dual-perturbateur-de-barriere-lumineuse\/#breadcrumb\",\"itemListElement\":[{\"@type\":\"ListItem\",\"position\":1,\"name\":\"Boutique\",\"item\":\"https:\/\/radarservice.eu\/fr\/boutique\/\"},{\"@type\":\"ListItem\",\"position\":2,\"name\":\"ESO Guard DUAL Perturbateur de barri\u00e8re lumineuse\"}]},{\"@type\":\"WebSite\",\"@id\":\"https:\/\/radarservice.eu\/fr\/#website\",\"url\":\"https:\/\/radarservice.eu\/fr\/\",\"name\":\"Radar Service\",\"description\":\"Radar detector Laser jammer mobile fix\",\"publisher\":{\"@id\":\"https:\/\/radarservice.eu\/fr\/#organization\"},\"potentialAction\":[{\"@type\":\"SearchAction\",\"target\":{\"@type\":\"EntryPoint\",\"urlTemplate\":\"https:\/\/radarservice.eu\/fr\/?s={search_term_string}\"},\"query-input\":{\"@type\":\"PropertyValueSpecification\",\"valueRequired\":true,\"valueName\":\"search_term_string\"}}],\"inLanguage\":\"fr-FR\"},{\"@type\":\"Organization\",\"@id\":\"https:\/\/radarservice.eu\/fr\/#organization\",\"name\":\"RadarService\",\"url\":\"https:\/\/radarservice.eu\/fr\/\",\"logo\":{\"@type\":\"ImageObject\",\"inLanguage\":\"fr-FR\",\"@id\":\"https:\/\/radarservice.eu\/fr\/#\/schema\/logo\/image\/\",\"url\":\"https:\/\/radarservice.eu\/wp-content\/uploads\/2021\/03\/Radar_detector_service.png\",\"contentUrl\":\"https:\/\/radarservice.eu\/wp-content\/uploads\/2021\/03\/Radar_detector_service.png\",\"width\":174,\"height\":48,\"caption\":\"RadarService\"},\"image\":{\"@id\":\"https:\/\/radarservice.eu\/fr\/#\/schema\/logo\/image\/\"}}]}<\/script>\n<!-- \/ Yoast SEO plugin. -->","yoast_head_json":{"title":"ESO Guard DUAL Perturbateur de barri\u00e8re lumineuse | Radar Service","description":"L\u2019Eso Guard de Jamtronics perturbe les capteurs d\u2019unit\u00e9 ESO (\u00e9galement la barri\u00e8re lumineuse ESO 3.0) sur plusieurs voies.","robots":{"index":"index","follow":"follow","max-snippet":"max-snippet:-1","max-image-preview":"max-image-preview:large","max-video-preview":"max-video-preview:-1"},"canonical":"https:\/\/radarservice.eu\/fr\/produit\/eso-guard-dual-perturbateur-de-barriere-lumineuse\/","og_locale":"fr_FR","og_type":"article","og_title":"ESO Guard DUAL Perturbateur de barri\u00e8re lumineuse | Radar Service","og_description":"L\u2019Eso Guard de Jamtronics perturbe les capteurs d\u2019unit\u00e9 ESO (\u00e9galement la barri\u00e8re lumineuse ESO 3.0) sur plusieurs voies.","og_url":"https:\/\/radarservice.eu\/fr\/produit\/eso-guard-dual-perturbateur-de-barriere-lumineuse\/","og_site_name":"Radar Service","article_modified_time":"2023-04-02T18:29:19+00:00","og_image":[{"width":990,"height":720,"url":"https:\/\/radarservice.eu\/wp-content\/uploads\/2020\/09\/esoguard_pro_esoschutz.jpg","type":"image\/jpeg"}],"twitter_card":"summary_large_image","twitter_misc":{"Dur\u00e9e de lecture estim\u00e9e":"1 minute"},"schema":{"@context":"https:\/\/schema.org","@graph":[{"@type":"WebPage","@id":"https:\/\/radarservice.eu\/fr\/produit\/eso-guard-dual-perturbateur-de-barriere-lumineuse\/","url":"https:\/\/radarservice.eu\/fr\/produit\/eso-guard-dual-perturbateur-de-barriere-lumineuse\/","name":"ESO Guard DUAL Perturbateur de barri\u00e8re lumineuse | Radar Service","isPartOf":{"@id":"https:\/\/radarservice.eu\/fr\/#website"},"primaryImageOfPage":{"@id":"https:\/\/radarservice.eu\/fr\/produit\/eso-guard-dual-perturbateur-de-barriere-lumineuse\/#primaryimage"},"image":{"@id":"https:\/\/radarservice.eu\/fr\/produit\/eso-guard-dual-perturbateur-de-barriere-lumineuse\/#primaryimage"},"thumbnailUrl":"https:\/\/radarservice.eu\/wp-content\/uploads\/2020\/09\/esoguard_pro_esoschutz.jpg","datePublished":"2020-09-13T12:47:05+00:00","dateModified":"2023-04-02T18:29:19+00:00","description":"L\u2019Eso Guard de Jamtronics perturbe les capteurs d\u2019unit\u00e9 ESO (\u00e9galement la barri\u00e8re lumineuse ESO 3.0) sur plusieurs voies.","breadcrumb":{"@id":"https:\/\/radarservice.eu\/fr\/produit\/eso-guard-dual-perturbateur-de-barriere-lumineuse\/#breadcrumb"},"inLanguage":"fr-FR","potentialAction":[{"@type":"ReadAction","target":["https:\/\/radarservice.eu\/fr\/produit\/eso-guard-dual-perturbateur-de-barriere-lumineuse\/"]}]},{"@type":"ImageObject","inLanguage":"fr-FR","@id":"https:\/\/radarservice.eu\/fr\/produit\/eso-guard-dual-perturbateur-de-barriere-lumineuse\/#primaryimage","url":"https:\/\/radarservice.eu\/wp-content\/uploads\/2020\/09\/esoguard_pro_esoschutz.jpg","contentUrl":"https:\/\/radarservice.eu\/wp-content\/uploads\/2020\/09\/esoguard_pro_esoschutz.jpg","width":990,"height":720,"caption":"ESO Guard Eso Protection"},{"@type":"BreadcrumbList","@id":"https:\/\/radarservice.eu\/fr\/produit\/eso-guard-dual-perturbateur-de-barriere-lumineuse\/#breadcrumb","itemListElement":[{"@type":"ListItem","position":1,"name":"Boutique","item":"https:\/\/radarservice.eu\/fr\/boutique\/"},{"@type":"ListItem","position":2,"name":"ESO Guard DUAL Perturbateur de barri\u00e8re lumineuse"}]},{"@type":"WebSite","@id":"https:\/\/radarservice.eu\/fr\/#website","url":"https:\/\/radarservice.eu\/fr\/","name":"Radar Service","description":"Radar detector Laser jammer mobile fix","publisher":{"@id":"https:\/\/radarservice.eu\/fr\/#organization"},"potentialAction":[{"@type":"SearchAction","target":{"@type":"EntryPoint","urlTemplate":"https:\/\/radarservice.eu\/fr\/?s={search_term_string}"},"query-input":{"@type":"PropertyValueSpecification","valueRequired":true,"valueName":"search_term_string"}}],"inLanguage":"fr-FR"},{"@type":"Organization","@id":"https:\/\/radarservice.eu\/fr\/#organization","name":"RadarService","url":"https:\/\/radarservice.eu\/fr\/","logo":{"@type":"ImageObject","inLanguage":"fr-FR","@id":"https:\/\/radarservice.eu\/fr\/#\/schema\/logo\/image\/","url":"https:\/\/radarservice.eu\/wp-content\/uploads\/2021\/03\/Radar_detector_service.png","contentUrl":"https:\/\/radarservice.eu\/wp-content\/uploads\/2021\/03\/Radar_detector_service.png","width":174,"height":48,"caption":"RadarService"},"image":{"@id":"https:\/\/radarservice.eu\/fr\/#\/schema\/logo\/image\/"}}]}},"_links":{"self":[{"href":"https:\/\/radarservice.eu\/fr\/wp-json\/wp\/v2\/product\/14581","targetHints":{"allow":["GET"]}}],"collection":[{"href":"https:\/\/radarservice.eu\/fr\/wp-json\/wp\/v2\/product"}],"about":[{"href":"https:\/\/radarservice.eu\/fr\/wp-json\/wp\/v2\/types\/product"}],"replies":[{"embeddable":true,"href":"https:\/\/radarservice.eu\/fr\/wp-json\/wp\/v2\/comments?post=14581"}],"wp:featuredmedia":[{"embeddable":true,"href":"https:\/\/radarservice.eu\/fr\/wp-json\/wp\/v2\/media\/14162"}],"wp:attachment":[{"href":"https:\/\/radarservice.eu\/fr\/wp-json\/wp\/v2\/media?parent=14581"}],"wp:term":[{"taxonomy":"product_brand","embeddable":true,"href":"https:\/\/radarservice.eu\/fr\/wp-json\/wp\/v2\/product_brand?post=14581"},{"taxonomy":"product_cat","embeddable":true,"href":"https:\/\/radarservice.eu\/fr\/wp-json\/wp\/v2\/product_cat?post=14581"},{"taxonomy":"product_tag","embeddable":true,"href":"https:\/\/radarservice.eu\/fr\/wp-json\/wp\/v2\/product_tag?post=14581"}],"curies":[{"name":"wp","href":"https:\/\/api.w.org\/{rel}","templated":true}]}}