{"id":14579,"date":"2020-09-13T14:47:05","date_gmt":"2020-09-13T12:47:05","guid":{"rendered":"https:\/\/radarservice.eu\/produkt\/poi-locator-m-europa\/"},"modified":"2021-03-18T10:51:22","modified_gmt":"2021-03-18T09:51:22","slug":"poi-locator-m-europa","status":"publish","type":"product","link":"https:\/\/radarservice.eu\/fr\/produit\/poi-locator-m-europa\/","title":{"rendered":"POI Locator M &#8211; Europa"},"content":{"rendered":"<p>Le POI Locator M est un nouvel avertisseur de radars qui met en garde contre environ 35.000 stations de mesure fixes et environ 50.000 stations de mesure mobiles dans toute l\u2019Europe. Avec une taille de 7,5 x 4,5 cm, il est de la taille d\u2019une bo\u00eete d\u2019allumettes et peut \u00eatre exploit\u00e9 de mani\u00e8re invisible (par exemple.B dans le cendrier ou la console centrale). Pendant le trajet, un message d\u2019avertissement acoustique et optique est \u00e9mis \u00e0 l\u2019approche d\u2019un point de mesure de vitesse fixe ou mobile. Les syst\u00e8mes de contr\u00f4le de la vitesse et des feux de signalisation sont d\u00e9tect\u00e9s et affich\u00e9s de mani\u00e8re fiable. Le POI Locator peut fonctionner \u00e0 la fois avec un courant continu (12V allume-cigare) et une batterie fournie. La dur\u00e9e de vie de la batterie est suffisante m\u00eame pour un conducteur fr\u00e9quent et dure en moyenne environ 13 &#8211; 14 heures.<\/p>\n<p><strong>\u00e9vente:<\/strong><br \/>\n+ plus de 85.000 pi\u00e8ges radar mobiles et fixes<br \/>\n+ avertissement optique et acoustique clair<br \/>\n+ petite construction <br \/>\n+ jusqu\u2019\u00e0 17 heures d\u2019\u00e9lectricit\u00e9 par batterie lithium ion<\/p>\n<p><strong>approvisionnement:<\/strong><br \/>\n* POI Locator M (configur\u00e9 et utilisable imm\u00e9diatement) <br \/>\n* Base de donn\u00e9es Europa pr\u00e9install\u00e9e<br \/>\n* Chargeur de voiture (entr\u00e9e 12V, sortie 5V) <br \/>\n* Adaptateur 220V (sortie 5,3V, 500mA) <br \/>\n* Batterie lithium-ion 1100mA <br \/ ><br \/>\n* C\u00e2ble de connexion USB <br \/>\n* Tapis anti-toboggans<\/p>\n","protected":false},"excerpt":{"rendered":"<p>Le POI Locator M est un nouvel avertisseur de radars qui met en garde contre environ 35.000 stations de mesure fixes et environ 50.000 stations de mesure mobiles dans toute l\u2019Europe. Avec une taille de 7,5 x 4,5 cm, il est de la taille d\u2019une bo\u00eete d\u2019allumettes et peut \u00eatre exploit\u00e9 de mani\u00e8re invisible (par [&#8230;]\n","protected":false},"featured_media":14144,"comment_status":"open","ping_status":"closed","template":"","meta":[],"product_brand":[],"product_cat":[330],"product_tag":[424,634,635,633,632,482,481],"class_list":{"0":"post-14579","1":"product","2":"type-product","3":"status-publish","4":"has-post-thumbnail","6":"product_cat-avertisseur-radar-gps","7":"product_tag-europa-fr","8":"product_tag-fixe","9":"product_tag-fixement","10":"product_tag-mobile-fr","11":"product_tag-pieges-radar","12":"product_tag-poi-locator-fr","13":"product_tag-poi-locator-m-fr","15":"first","16":"instock","17":"taxable","18":"shipping-taxable","19":"purchasable","20":"product-type-simple"},"yoast_head":"<!-- This site is optimized with the Yoast SEO plugin v27.2 - https:\/\/yoast.com\/product\/yoast-seo-wordpress\/ -->\n<title>POI Locator M - Europa | Radar Service<\/title>\n<meta name=\"description\" content=\"Le POI Locator M met en garde de mani\u00e8re fiable contre environ 35.000 pi\u00e8ges radar fixes et 50.000 alertes radar mobiles dans toute l\u2019Europe.\" \/>\n<meta name=\"robots\" content=\"index, follow, max-snippet:-1, max-image-preview:large, max-video-preview:-1\" \/>\n<link rel=\"canonical\" href=\"https:\/\/radarservice.eu\/fr\/produit\/poi-locator-m-europa\/\" \/>\n<meta property=\"og:locale\" content=\"fr_FR\" \/>\n<meta property=\"og:type\" content=\"article\" \/>\n<meta property=\"og:title\" content=\"POI Locator M - Europa | Radar Service\" \/>\n<meta property=\"og:description\" content=\"Le POI Locator M met en garde de mani\u00e8re fiable contre environ 35.000 pi\u00e8ges radar fixes et 50.000 alertes radar mobiles dans toute l\u2019Europe.\" \/>\n<meta property=\"og:url\" content=\"https:\/\/radarservice.eu\/fr\/produit\/poi-locator-m-europa\/\" \/>\n<meta property=\"og:site_name\" content=\"Radar Service\" \/>\n<meta property=\"article:modified_time\" content=\"2021-03-18T09:51:22+00:00\" \/>\n<meta property=\"og:image\" content=\"https:\/\/radarservice.eu\/wp-content\/uploads\/2020\/09\/POILocator.jpg\" \/>\n\t<meta property=\"og:image:width\" content=\"500\" \/>\n\t<meta property=\"og:image:height\" content=\"500\" \/>\n\t<meta property=\"og:image:type\" content=\"image\/jpeg\" \/>\n<meta name=\"twitter:card\" content=\"summary_large_image\" \/>\n<meta name=\"twitter:label1\" content=\"Dur\u00e9e de lecture estim\u00e9e\" \/>\n\t<meta name=\"twitter:data1\" content=\"1 minute\" \/>\n<script type=\"application\/ld+json\" class=\"yoast-schema-graph\">{\"@context\":\"https:\/\/schema.org\",\"@graph\":[{\"@type\":\"WebPage\",\"@id\":\"https:\/\/radarservice.eu\/fr\/produit\/poi-locator-m-europa\/\",\"url\":\"https:\/\/radarservice.eu\/fr\/produit\/poi-locator-m-europa\/\",\"name\":\"POI Locator M - Europa | Radar Service\",\"isPartOf\":{\"@id\":\"https:\/\/radarservice.eu\/fr\/#website\"},\"primaryImageOfPage\":{\"@id\":\"https:\/\/radarservice.eu\/fr\/produit\/poi-locator-m-europa\/#primaryimage\"},\"image\":{\"@id\":\"https:\/\/radarservice.eu\/fr\/produit\/poi-locator-m-europa\/#primaryimage\"},\"thumbnailUrl\":\"https:\/\/radarservice.eu\/wp-content\/uploads\/2020\/09\/POILocator.jpg\",\"datePublished\":\"2020-09-13T12:47:05+00:00\",\"dateModified\":\"2021-03-18T09:51:22+00:00\",\"description\":\"Le POI Locator M met en garde de mani\u00e8re fiable contre environ 35.000 pi\u00e8ges radar fixes et 50.000 alertes radar mobiles dans toute l\u2019Europe.\",\"breadcrumb\":{\"@id\":\"https:\/\/radarservice.eu\/fr\/produit\/poi-locator-m-europa\/#breadcrumb\"},\"inLanguage\":\"fr-FR\",\"potentialAction\":[{\"@type\":\"ReadAction\",\"target\":[\"https:\/\/radarservice.eu\/fr\/produit\/poi-locator-m-europa\/\"]}]},{\"@type\":\"ImageObject\",\"inLanguage\":\"fr-FR\",\"@id\":\"https:\/\/radarservice.eu\/fr\/produit\/poi-locator-m-europa\/#primaryimage\",\"url\":\"https:\/\/radarservice.eu\/wp-content\/uploads\/2020\/09\/POILocator.jpg\",\"contentUrl\":\"https:\/\/radarservice.eu\/wp-content\/uploads\/2020\/09\/POILocator.jpg\",\"width\":500,\"height\":500,\"caption\":\"GPS POI Locator\"},{\"@type\":\"BreadcrumbList\",\"@id\":\"https:\/\/radarservice.eu\/fr\/produit\/poi-locator-m-europa\/#breadcrumb\",\"itemListElement\":[{\"@type\":\"ListItem\",\"position\":1,\"name\":\"Boutique\",\"item\":\"https:\/\/radarservice.eu\/fr\/boutique\/\"},{\"@type\":\"ListItem\",\"position\":2,\"name\":\"POI Locator M &#8211; Europa\"}]},{\"@type\":\"WebSite\",\"@id\":\"https:\/\/radarservice.eu\/fr\/#website\",\"url\":\"https:\/\/radarservice.eu\/fr\/\",\"name\":\"Radar Service\",\"description\":\"Radar detector Laser jammer mobile fix\",\"publisher\":{\"@id\":\"https:\/\/radarservice.eu\/fr\/#organization\"},\"potentialAction\":[{\"@type\":\"SearchAction\",\"target\":{\"@type\":\"EntryPoint\",\"urlTemplate\":\"https:\/\/radarservice.eu\/fr\/?s={search_term_string}\"},\"query-input\":{\"@type\":\"PropertyValueSpecification\",\"valueRequired\":true,\"valueName\":\"search_term_string\"}}],\"inLanguage\":\"fr-FR\"},{\"@type\":\"Organization\",\"@id\":\"https:\/\/radarservice.eu\/fr\/#organization\",\"name\":\"RadarService\",\"url\":\"https:\/\/radarservice.eu\/fr\/\",\"logo\":{\"@type\":\"ImageObject\",\"inLanguage\":\"fr-FR\",\"@id\":\"https:\/\/radarservice.eu\/fr\/#\/schema\/logo\/image\/\",\"url\":\"https:\/\/radarservice.eu\/wp-content\/uploads\/2021\/03\/Radar_detector_service.png\",\"contentUrl\":\"https:\/\/radarservice.eu\/wp-content\/uploads\/2021\/03\/Radar_detector_service.png\",\"width\":174,\"height\":48,\"caption\":\"RadarService\"},\"image\":{\"@id\":\"https:\/\/radarservice.eu\/fr\/#\/schema\/logo\/image\/\"}}]}<\/script>\n<!-- \/ Yoast SEO plugin. -->","yoast_head_json":{"title":"POI Locator M - Europa | Radar Service","description":"Le POI Locator M met en garde de mani\u00e8re fiable contre environ 35.000 pi\u00e8ges radar fixes et 50.000 alertes radar mobiles dans toute l\u2019Europe.","robots":{"index":"index","follow":"follow","max-snippet":"max-snippet:-1","max-image-preview":"max-image-preview:large","max-video-preview":"max-video-preview:-1"},"canonical":"https:\/\/radarservice.eu\/fr\/produit\/poi-locator-m-europa\/","og_locale":"fr_FR","og_type":"article","og_title":"POI Locator M - Europa | Radar Service","og_description":"Le POI Locator M met en garde de mani\u00e8re fiable contre environ 35.000 pi\u00e8ges radar fixes et 50.000 alertes radar mobiles dans toute l\u2019Europe.","og_url":"https:\/\/radarservice.eu\/fr\/produit\/poi-locator-m-europa\/","og_site_name":"Radar Service","article_modified_time":"2021-03-18T09:51:22+00:00","og_image":[{"width":500,"height":500,"url":"https:\/\/radarservice.eu\/wp-content\/uploads\/2020\/09\/POILocator.jpg","type":"image\/jpeg"}],"twitter_card":"summary_large_image","twitter_misc":{"Dur\u00e9e de lecture estim\u00e9e":"1 minute"},"schema":{"@context":"https:\/\/schema.org","@graph":[{"@type":"WebPage","@id":"https:\/\/radarservice.eu\/fr\/produit\/poi-locator-m-europa\/","url":"https:\/\/radarservice.eu\/fr\/produit\/poi-locator-m-europa\/","name":"POI Locator M - Europa | Radar Service","isPartOf":{"@id":"https:\/\/radarservice.eu\/fr\/#website"},"primaryImageOfPage":{"@id":"https:\/\/radarservice.eu\/fr\/produit\/poi-locator-m-europa\/#primaryimage"},"image":{"@id":"https:\/\/radarservice.eu\/fr\/produit\/poi-locator-m-europa\/#primaryimage"},"thumbnailUrl":"https:\/\/radarservice.eu\/wp-content\/uploads\/2020\/09\/POILocator.jpg","datePublished":"2020-09-13T12:47:05+00:00","dateModified":"2021-03-18T09:51:22+00:00","description":"Le POI Locator M met en garde de mani\u00e8re fiable contre environ 35.000 pi\u00e8ges radar fixes et 50.000 alertes radar mobiles dans toute l\u2019Europe.","breadcrumb":{"@id":"https:\/\/radarservice.eu\/fr\/produit\/poi-locator-m-europa\/#breadcrumb"},"inLanguage":"fr-FR","potentialAction":[{"@type":"ReadAction","target":["https:\/\/radarservice.eu\/fr\/produit\/poi-locator-m-europa\/"]}]},{"@type":"ImageObject","inLanguage":"fr-FR","@id":"https:\/\/radarservice.eu\/fr\/produit\/poi-locator-m-europa\/#primaryimage","url":"https:\/\/radarservice.eu\/wp-content\/uploads\/2020\/09\/POILocator.jpg","contentUrl":"https:\/\/radarservice.eu\/wp-content\/uploads\/2020\/09\/POILocator.jpg","width":500,"height":500,"caption":"GPS POI Locator"},{"@type":"BreadcrumbList","@id":"https:\/\/radarservice.eu\/fr\/produit\/poi-locator-m-europa\/#breadcrumb","itemListElement":[{"@type":"ListItem","position":1,"name":"Boutique","item":"https:\/\/radarservice.eu\/fr\/boutique\/"},{"@type":"ListItem","position":2,"name":"POI Locator M &#8211; Europa"}]},{"@type":"WebSite","@id":"https:\/\/radarservice.eu\/fr\/#website","url":"https:\/\/radarservice.eu\/fr\/","name":"Radar Service","description":"Radar detector Laser jammer mobile fix","publisher":{"@id":"https:\/\/radarservice.eu\/fr\/#organization"},"potentialAction":[{"@type":"SearchAction","target":{"@type":"EntryPoint","urlTemplate":"https:\/\/radarservice.eu\/fr\/?s={search_term_string}"},"query-input":{"@type":"PropertyValueSpecification","valueRequired":true,"valueName":"search_term_string"}}],"inLanguage":"fr-FR"},{"@type":"Organization","@id":"https:\/\/radarservice.eu\/fr\/#organization","name":"RadarService","url":"https:\/\/radarservice.eu\/fr\/","logo":{"@type":"ImageObject","inLanguage":"fr-FR","@id":"https:\/\/radarservice.eu\/fr\/#\/schema\/logo\/image\/","url":"https:\/\/radarservice.eu\/wp-content\/uploads\/2021\/03\/Radar_detector_service.png","contentUrl":"https:\/\/radarservice.eu\/wp-content\/uploads\/2021\/03\/Radar_detector_service.png","width":174,"height":48,"caption":"RadarService"},"image":{"@id":"https:\/\/radarservice.eu\/fr\/#\/schema\/logo\/image\/"}}]}},"_links":{"self":[{"href":"https:\/\/radarservice.eu\/fr\/wp-json\/wp\/v2\/product\/14579","targetHints":{"allow":["GET"]}}],"collection":[{"href":"https:\/\/radarservice.eu\/fr\/wp-json\/wp\/v2\/product"}],"about":[{"href":"https:\/\/radarservice.eu\/fr\/wp-json\/wp\/v2\/types\/product"}],"replies":[{"embeddable":true,"href":"https:\/\/radarservice.eu\/fr\/wp-json\/wp\/v2\/comments?post=14579"}],"wp:featuredmedia":[{"embeddable":true,"href":"https:\/\/radarservice.eu\/fr\/wp-json\/wp\/v2\/media\/14144"}],"wp:attachment":[{"href":"https:\/\/radarservice.eu\/fr\/wp-json\/wp\/v2\/media?parent=14579"}],"wp:term":[{"taxonomy":"product_brand","embeddable":true,"href":"https:\/\/radarservice.eu\/fr\/wp-json\/wp\/v2\/product_brand?post=14579"},{"taxonomy":"product_cat","embeddable":true,"href":"https:\/\/radarservice.eu\/fr\/wp-json\/wp\/v2\/product_cat?post=14579"},{"taxonomy":"product_tag","embeddable":true,"href":"https:\/\/radarservice.eu\/fr\/wp-json\/wp\/v2\/product_tag?post=14579"}],"curies":[{"name":"wp","href":"https:\/\/api.w.org\/{rel}","templated":true}]}}