{"id":14578,"date":"2020-09-13T14:47:05","date_gmt":"2020-09-13T12:47:05","guid":{"rendered":"https:\/\/radarservice.eu\/produkt\/gps-reminder-europa\/"},"modified":"2021-03-18T10:52:10","modified_gmt":"2021-03-18T09:52:10","slug":"gps-reminder-europa","status":"publish","type":"product","link":"https:\/\/radarservice.eu\/fr\/produit\/gps-reminder-europa\/","title":{"rendered":"GPS Reminder Europa"},"content":{"rendered":"<p>\u00c0 l\u2019approche d\u2019un flash, le gps reminder \u00e9met un avertissement visuel et sonore clair. L\u2019avertissement acoustique se fait par bip et avec annonce vocale allemande. Un capteur de mouvement int\u00e9gr\u00e9 met automatiquement le GPS Reminder en veille apr\u00e8s 15 minutes d\u2019arr\u00eat et s\u2019active \u00e0 nouveau automatiquement au d\u00e9but de la conduite. Ainsi, la batterie est \u00e9pargn\u00e9e et atteint sa dur\u00e9e de vie maximale sans nouveau processus de recharge.<\/p>\n<p><strong>\u00e9vente:<\/strong><br \/>\n+ la base de donn\u00e9es Europe avec plus de 40.000 flashers<br \/>\n+ avertissement optique et acoustique clair<br \/>\n+ petite construction <br \/>\n+ jusqu\u2019\u00e0 17 heures d\u2019\u00e9lectricit\u00e9 par batterie lithium ion<\/p>\n<p><strong>approvisionnement:<\/strong><br \/>\n* GPS Reminder<br \/>\n* Base de donn\u00e9es Europa pr\u00e9install\u00e9e<br \/>\n* Chargeur de voiture (entr\u00e9e 12V, sortie 5V) <br \/>\n* Adaptateur 220V (sortie 5,3V, 500mA) <br \/>\n* Batterie lithium-ion 1100mA <br \/ ><br \/>\n* C\u00e2ble de connexion USB <br \/>\n* Tapis anti-toboggans<\/p>\n","protected":false},"excerpt":{"rendered":"<p>Le GPS Reminder Europe vous met en garde contre plus de 40 000 pi\u00e8ges radar fixes dans toute l\u2019Europe.<\/p>\n","protected":false},"featured_media":14046,"comment_status":"open","ping_status":"closed","template":"","meta":[],"product_brand":[],"product_cat":[330],"product_tag":[372,424,451,631],"class_list":{"0":"post-14578","1":"product","2":"type-product","3":"status-publish","4":"has-post-thumbnail","6":"product_cat-avertisseur-radar-gps","7":"product_tag-avertissement-de-radar","8":"product_tag-europa-fr","9":"product_tag-gps-reminder-fr","10":"product_tag-gps-warner-fr","12":"first","13":"onbackorder","14":"taxable","15":"shipping-taxable","16":"purchasable","17":"product-type-simple"},"yoast_head":"<!-- This site is optimized with the Yoast SEO plugin v27.2 - https:\/\/yoast.com\/product\/yoast-seo-wordpress\/ -->\n<title>%%title% %%%%page% POI Warner Europa<\/title>\n<meta name=\"description\" content=\"Le GPS Reminder Europe vous met en garde contre plus de 40 000 pi\u00e8ges radar fixes dans toute l\u2019Europe.\" \/>\n<meta name=\"robots\" content=\"index, follow, max-snippet:-1, max-image-preview:large, max-video-preview:-1\" \/>\n<link rel=\"canonical\" href=\"https:\/\/radarservice.eu\/fr\/produit\/gps-reminder-europa\/\" \/>\n<meta property=\"og:locale\" content=\"fr_FR\" \/>\n<meta property=\"og:type\" content=\"article\" \/>\n<meta property=\"og:title\" content=\"%%title% %%%%page% POI Warner Europa\" \/>\n<meta property=\"og:description\" content=\"Le GPS Reminder Europe vous met en garde contre plus de 40 000 pi\u00e8ges radar fixes dans toute l\u2019Europe.\" \/>\n<meta property=\"og:url\" content=\"https:\/\/radarservice.eu\/fr\/produit\/gps-reminder-europa\/\" \/>\n<meta property=\"og:site_name\" content=\"Radar Service\" \/>\n<meta property=\"article:modified_time\" content=\"2021-03-18T09:52:10+00:00\" \/>\n<meta property=\"og:image\" content=\"https:\/\/radarservice.eu\/wp-content\/uploads\/2019\/07\/gps_reminder.jpg\" \/>\n\t<meta property=\"og:image:width\" content=\"500\" \/>\n\t<meta property=\"og:image:height\" content=\"222\" \/>\n\t<meta property=\"og:image:type\" content=\"image\/jpeg\" \/>\n<meta name=\"twitter:card\" content=\"summary_large_image\" \/>\n<meta name=\"twitter:label1\" content=\"Dur\u00e9e de lecture estim\u00e9e\" \/>\n\t<meta name=\"twitter:data1\" content=\"1 minute\" \/>\n<script type=\"application\/ld+json\" class=\"yoast-schema-graph\">{\"@context\":\"https:\/\/schema.org\",\"@graph\":[{\"@type\":\"WebPage\",\"@id\":\"https:\/\/radarservice.eu\/fr\/produit\/gps-reminder-europa\/\",\"url\":\"https:\/\/radarservice.eu\/fr\/produit\/gps-reminder-europa\/\",\"name\":\"%%title% %%%%page% POI Warner Europa\",\"isPartOf\":{\"@id\":\"https:\/\/radarservice.eu\/fr\/#website\"},\"primaryImageOfPage\":{\"@id\":\"https:\/\/radarservice.eu\/fr\/produit\/gps-reminder-europa\/#primaryimage\"},\"image\":{\"@id\":\"https:\/\/radarservice.eu\/fr\/produit\/gps-reminder-europa\/#primaryimage\"},\"thumbnailUrl\":\"https:\/\/radarservice.eu\/wp-content\/uploads\/2019\/07\/gps_reminder.jpg\",\"datePublished\":\"2020-09-13T12:47:05+00:00\",\"dateModified\":\"2021-03-18T09:52:10+00:00\",\"description\":\"Le GPS Reminder Europe vous met en garde contre plus de 40 000 pi\u00e8ges radar fixes dans toute l\u2019Europe.\",\"breadcrumb\":{\"@id\":\"https:\/\/radarservice.eu\/fr\/produit\/gps-reminder-europa\/#breadcrumb\"},\"inLanguage\":\"fr-FR\",\"potentialAction\":[{\"@type\":\"ReadAction\",\"target\":[\"https:\/\/radarservice.eu\/fr\/produit\/gps-reminder-europa\/\"]}]},{\"@type\":\"ImageObject\",\"inLanguage\":\"fr-FR\",\"@id\":\"https:\/\/radarservice.eu\/fr\/produit\/gps-reminder-europa\/#primaryimage\",\"url\":\"https:\/\/radarservice.eu\/wp-content\/uploads\/2019\/07\/gps_reminder.jpg\",\"contentUrl\":\"https:\/\/radarservice.eu\/wp-content\/uploads\/2019\/07\/gps_reminder.jpg\",\"width\":500,\"height\":222,\"caption\":\"GPS Reminder - POI Warner pour l\u2019Europe\"},{\"@type\":\"BreadcrumbList\",\"@id\":\"https:\/\/radarservice.eu\/fr\/produit\/gps-reminder-europa\/#breadcrumb\",\"itemListElement\":[{\"@type\":\"ListItem\",\"position\":1,\"name\":\"Boutique\",\"item\":\"https:\/\/radarservice.eu\/fr\/boutique\/\"},{\"@type\":\"ListItem\",\"position\":2,\"name\":\"GPS Reminder Europa\"}]},{\"@type\":\"WebSite\",\"@id\":\"https:\/\/radarservice.eu\/fr\/#website\",\"url\":\"https:\/\/radarservice.eu\/fr\/\",\"name\":\"Radar Service\",\"description\":\"Radar detector Laser jammer mobile fix\",\"publisher\":{\"@id\":\"https:\/\/radarservice.eu\/fr\/#organization\"},\"potentialAction\":[{\"@type\":\"SearchAction\",\"target\":{\"@type\":\"EntryPoint\",\"urlTemplate\":\"https:\/\/radarservice.eu\/fr\/?s={search_term_string}\"},\"query-input\":{\"@type\":\"PropertyValueSpecification\",\"valueRequired\":true,\"valueName\":\"search_term_string\"}}],\"inLanguage\":\"fr-FR\"},{\"@type\":\"Organization\",\"@id\":\"https:\/\/radarservice.eu\/fr\/#organization\",\"name\":\"RadarService\",\"url\":\"https:\/\/radarservice.eu\/fr\/\",\"logo\":{\"@type\":\"ImageObject\",\"inLanguage\":\"fr-FR\",\"@id\":\"https:\/\/radarservice.eu\/fr\/#\/schema\/logo\/image\/\",\"url\":\"https:\/\/radarservice.eu\/wp-content\/uploads\/2021\/03\/Radar_detector_service.png\",\"contentUrl\":\"https:\/\/radarservice.eu\/wp-content\/uploads\/2021\/03\/Radar_detector_service.png\",\"width\":174,\"height\":48,\"caption\":\"RadarService\"},\"image\":{\"@id\":\"https:\/\/radarservice.eu\/fr\/#\/schema\/logo\/image\/\"}}]}<\/script>\n<!-- \/ Yoast SEO plugin. -->","yoast_head_json":{"title":"%%title% %%%%page% POI Warner Europa","description":"Le GPS Reminder Europe vous met en garde contre plus de 40 000 pi\u00e8ges radar fixes dans toute l\u2019Europe.","robots":{"index":"index","follow":"follow","max-snippet":"max-snippet:-1","max-image-preview":"max-image-preview:large","max-video-preview":"max-video-preview:-1"},"canonical":"https:\/\/radarservice.eu\/fr\/produit\/gps-reminder-europa\/","og_locale":"fr_FR","og_type":"article","og_title":"%%title% %%%%page% POI Warner Europa","og_description":"Le GPS Reminder Europe vous met en garde contre plus de 40 000 pi\u00e8ges radar fixes dans toute l\u2019Europe.","og_url":"https:\/\/radarservice.eu\/fr\/produit\/gps-reminder-europa\/","og_site_name":"Radar Service","article_modified_time":"2021-03-18T09:52:10+00:00","og_image":[{"width":500,"height":222,"url":"https:\/\/radarservice.eu\/wp-content\/uploads\/2019\/07\/gps_reminder.jpg","type":"image\/jpeg"}],"twitter_card":"summary_large_image","twitter_misc":{"Dur\u00e9e de lecture estim\u00e9e":"1 minute"},"schema":{"@context":"https:\/\/schema.org","@graph":[{"@type":"WebPage","@id":"https:\/\/radarservice.eu\/fr\/produit\/gps-reminder-europa\/","url":"https:\/\/radarservice.eu\/fr\/produit\/gps-reminder-europa\/","name":"%%title% %%%%page% POI Warner Europa","isPartOf":{"@id":"https:\/\/radarservice.eu\/fr\/#website"},"primaryImageOfPage":{"@id":"https:\/\/radarservice.eu\/fr\/produit\/gps-reminder-europa\/#primaryimage"},"image":{"@id":"https:\/\/radarservice.eu\/fr\/produit\/gps-reminder-europa\/#primaryimage"},"thumbnailUrl":"https:\/\/radarservice.eu\/wp-content\/uploads\/2019\/07\/gps_reminder.jpg","datePublished":"2020-09-13T12:47:05+00:00","dateModified":"2021-03-18T09:52:10+00:00","description":"Le GPS Reminder Europe vous met en garde contre plus de 40 000 pi\u00e8ges radar fixes dans toute l\u2019Europe.","breadcrumb":{"@id":"https:\/\/radarservice.eu\/fr\/produit\/gps-reminder-europa\/#breadcrumb"},"inLanguage":"fr-FR","potentialAction":[{"@type":"ReadAction","target":["https:\/\/radarservice.eu\/fr\/produit\/gps-reminder-europa\/"]}]},{"@type":"ImageObject","inLanguage":"fr-FR","@id":"https:\/\/radarservice.eu\/fr\/produit\/gps-reminder-europa\/#primaryimage","url":"https:\/\/radarservice.eu\/wp-content\/uploads\/2019\/07\/gps_reminder.jpg","contentUrl":"https:\/\/radarservice.eu\/wp-content\/uploads\/2019\/07\/gps_reminder.jpg","width":500,"height":222,"caption":"GPS Reminder - POI Warner pour l\u2019Europe"},{"@type":"BreadcrumbList","@id":"https:\/\/radarservice.eu\/fr\/produit\/gps-reminder-europa\/#breadcrumb","itemListElement":[{"@type":"ListItem","position":1,"name":"Boutique","item":"https:\/\/radarservice.eu\/fr\/boutique\/"},{"@type":"ListItem","position":2,"name":"GPS Reminder Europa"}]},{"@type":"WebSite","@id":"https:\/\/radarservice.eu\/fr\/#website","url":"https:\/\/radarservice.eu\/fr\/","name":"Radar Service","description":"Radar detector Laser jammer mobile fix","publisher":{"@id":"https:\/\/radarservice.eu\/fr\/#organization"},"potentialAction":[{"@type":"SearchAction","target":{"@type":"EntryPoint","urlTemplate":"https:\/\/radarservice.eu\/fr\/?s={search_term_string}"},"query-input":{"@type":"PropertyValueSpecification","valueRequired":true,"valueName":"search_term_string"}}],"inLanguage":"fr-FR"},{"@type":"Organization","@id":"https:\/\/radarservice.eu\/fr\/#organization","name":"RadarService","url":"https:\/\/radarservice.eu\/fr\/","logo":{"@type":"ImageObject","inLanguage":"fr-FR","@id":"https:\/\/radarservice.eu\/fr\/#\/schema\/logo\/image\/","url":"https:\/\/radarservice.eu\/wp-content\/uploads\/2021\/03\/Radar_detector_service.png","contentUrl":"https:\/\/radarservice.eu\/wp-content\/uploads\/2021\/03\/Radar_detector_service.png","width":174,"height":48,"caption":"RadarService"},"image":{"@id":"https:\/\/radarservice.eu\/fr\/#\/schema\/logo\/image\/"}}]}},"_links":{"self":[{"href":"https:\/\/radarservice.eu\/fr\/wp-json\/wp\/v2\/product\/14578","targetHints":{"allow":["GET"]}}],"collection":[{"href":"https:\/\/radarservice.eu\/fr\/wp-json\/wp\/v2\/product"}],"about":[{"href":"https:\/\/radarservice.eu\/fr\/wp-json\/wp\/v2\/types\/product"}],"replies":[{"embeddable":true,"href":"https:\/\/radarservice.eu\/fr\/wp-json\/wp\/v2\/comments?post=14578"}],"wp:featuredmedia":[{"embeddable":true,"href":"https:\/\/radarservice.eu\/fr\/wp-json\/wp\/v2\/media\/14046"}],"wp:attachment":[{"href":"https:\/\/radarservice.eu\/fr\/wp-json\/wp\/v2\/media?parent=14578"}],"wp:term":[{"taxonomy":"product_brand","embeddable":true,"href":"https:\/\/radarservice.eu\/fr\/wp-json\/wp\/v2\/product_brand?post=14578"},{"taxonomy":"product_cat","embeddable":true,"href":"https:\/\/radarservice.eu\/fr\/wp-json\/wp\/v2\/product_cat?post=14578"},{"taxonomy":"product_tag","embeddable":true,"href":"https:\/\/radarservice.eu\/fr\/wp-json\/wp\/v2\/product_tag?post=14578"}],"curies":[{"name":"wp","href":"https:\/\/api.w.org\/{rel}","templated":true}]}}