{"id":14577,"date":"2020-09-13T14:47:05","date_gmt":"2020-09-13T12:47:05","guid":{"rendered":"https:\/\/radarservice.eu\/produkt\/antilaser-al-g9-rx-bloquant-laser\/"},"modified":"2021-03-18T10:52:39","modified_gmt":"2021-03-18T09:52:39","slug":"antilaser-al-g9-rx-bloquant-laser","status":"publish","type":"product","link":"https:\/\/radarservice.eu\/fr\/produit\/antilaser-al-g9-rx-bloquant-laser\/","title":{"rendered":"Antilaser AL G9 RX Bloquant laser"},"content":{"rendered":"<p>Le nouvel antilaser AL-G9 RX a encore \u00e9t\u00e9 am\u00e9lior\u00e9 par rapport \u00e0 son pr\u00e9d\u00e9cesseur AL-G9. Pour une protection encore plus efficace contre les pistolets laser, la puissance de r\u00e9ception et d\u2019\u00e9mission de l\u2019AL-G9RX a \u00e9t\u00e9 consid\u00e9rablement augment\u00e9e. L\u2019AL-G9 est un syst\u00e8me laser multifonctionnel qui peut \u00eatre utilis\u00e9 \u00e0 la fois comme capteur de parc et comme un perturbateur laser.<\/p>\n<p><strong>Non:<\/strong> Pour couvrir compl\u00e8tement la surface du v\u00e9hicule, nous recommandons la conception avec 2 capteurs pour une utilisation sur une voiture ou un SUV. Si vous souhaitez s\u00e9curiser l\u2019arri\u00e8re du v\u00e9hicule en dehors de l\u2019avant du v\u00e9hicule, vous aurez besoin de 4 capteurs.<br \/>\nLes motos ont seulement besoin d\u2019une conception simple avec un capteur ou deux capteurs de s\u00e9curit\u00e9 frontale et arri\u00e8re.<\/p>\n<p><strong>\u00e9vente:<\/strong><br \/>\nCapteur laser compact <br \/>\n+ assistant de stationnement <br \/>\n+ perturbation laser active contre les mesures laser<\/p>\n<p><strong>approvisionnement:<\/strong><br \/>\n* Capteur (s) (s) (selon la s\u00e9lection 1 \/ 2 \/ 4) <br \/>\n* Calculateur <br \/>\n* Set de c\u00e2bles et d\u2019affichage LED<br \/>\n* Accessoires de montage (plaque de montage, vis, attaches) <br \/>\n* Mode d\u2019emploi <br \/>\n2 ans de grantie<\/p>\n","protected":false},"excerpt":{"rendered":"<p>Le nouvel antilaser AL-G9 RX a encore \u00e9t\u00e9 am\u00e9lior\u00e9 par rapport \u00e0 son pr\u00e9d\u00e9cesseur AL-G9. Pour une protection encore plus efficace contre les pistolets laser, la puissance de r\u00e9ception et d\u2019\u00e9mission de l\u2019AL-G9RX a \u00e9t\u00e9 consid\u00e9rablement augment\u00e9e. L\u2019AL-G9 est un syst\u00e8me laser multifonctionnel qui peut \u00eatre utilis\u00e9 \u00e0 la fois comme capteur de parc et [&#8230;]\n","protected":false},"featured_media":14136,"comment_status":"open","ping_status":"closed","template":"","meta":[],"product_brand":[],"product_cat":[285],"product_tag":[335,345,629,630,628],"class_list":{"0":"post-14577","1":"product","2":"type-product","3":"status-publish","4":"has-post-thumbnail","6":"product_cat-antilaser-france","7":"product_tag-al-g9-rx-fr","8":"product_tag-antilaser-fr","9":"product_tag-bables-laser-fr","10":"product_tag-bables-laser-fr-2","11":"product_tag-bables-laser","13":"first","14":"outofstock","15":"taxable","16":"shipping-taxable","17":"purchasable","18":"product-type-simple"},"yoast_head":"<!-- This site is optimized with the Yoast SEO plugin v27.2 - https:\/\/yoast.com\/product\/yoast-seo-wordpress\/ -->\n<title>Antilaser AL G9 RX Bloquant laser | Radar Service<\/title>\n<meta name=\"description\" content=\"Antilaser AL G9 RX Bloquant laser | Radar Service\" \/>\n<meta name=\"robots\" content=\"index, follow, max-snippet:-1, max-image-preview:large, max-video-preview:-1\" \/>\n<link rel=\"canonical\" href=\"https:\/\/radarservice.eu\/fr\/produit\/antilaser-al-g9-rx-bloquant-laser\/\" \/>\n<meta property=\"og:locale\" content=\"fr_FR\" \/>\n<meta property=\"og:type\" content=\"article\" \/>\n<meta property=\"og:title\" content=\"Antilaser AL G9 RX Bloquant laser | Radar Service\" \/>\n<meta property=\"og:description\" content=\"Antilaser AL G9 RX Bloquant laser | Radar Service\" \/>\n<meta property=\"og:url\" content=\"https:\/\/radarservice.eu\/fr\/produit\/antilaser-al-g9-rx-bloquant-laser\/\" \/>\n<meta property=\"og:site_name\" content=\"Radar Service\" \/>\n<meta property=\"article:modified_time\" content=\"2021-03-18T09:52:39+00:00\" \/>\n<meta property=\"og:image\" content=\"https:\/\/radarservice.eu\/wp-content\/uploads\/2020\/09\/alg_9rx.jpg\" \/>\n\t<meta property=\"og:image:width\" content=\"600\" \/>\n\t<meta property=\"og:image:height\" content=\"495\" \/>\n\t<meta property=\"og:image:type\" content=\"image\/jpeg\" \/>\n<meta name=\"twitter:card\" content=\"summary_large_image\" \/>\n<meta name=\"twitter:label1\" content=\"Dur\u00e9e de lecture estim\u00e9e\" \/>\n\t<meta name=\"twitter:data1\" content=\"1 minute\" \/>\n<script type=\"application\/ld+json\" class=\"yoast-schema-graph\">{\"@context\":\"https:\/\/schema.org\",\"@graph\":[{\"@type\":\"WebPage\",\"@id\":\"https:\/\/radarservice.eu\/fr\/produit\/antilaser-al-g9-rx-bloquant-laser\/\",\"url\":\"https:\/\/radarservice.eu\/fr\/produit\/antilaser-al-g9-rx-bloquant-laser\/\",\"name\":\"Antilaser AL G9 RX Bloquant laser | Radar Service\",\"isPartOf\":{\"@id\":\"https:\/\/radarservice.eu\/fr\/#website\"},\"primaryImageOfPage\":{\"@id\":\"https:\/\/radarservice.eu\/fr\/produit\/antilaser-al-g9-rx-bloquant-laser\/#primaryimage\"},\"image\":{\"@id\":\"https:\/\/radarservice.eu\/fr\/produit\/antilaser-al-g9-rx-bloquant-laser\/#primaryimage\"},\"thumbnailUrl\":\"https:\/\/radarservice.eu\/wp-content\/uploads\/2020\/09\/alg_9rx.jpg\",\"datePublished\":\"2020-09-13T12:47:05+00:00\",\"dateModified\":\"2021-03-18T09:52:39+00:00\",\"description\":\"Antilaser AL G9 RX Bloquant laser | Radar Service\",\"breadcrumb\":{\"@id\":\"https:\/\/radarservice.eu\/fr\/produit\/antilaser-al-g9-rx-bloquant-laser\/#breadcrumb\"},\"inLanguage\":\"fr-FR\",\"potentialAction\":[{\"@type\":\"ReadAction\",\"target\":[\"https:\/\/radarservice.eu\/fr\/produit\/antilaser-al-g9-rx-bloquant-laser\/\"]}]},{\"@type\":\"ImageObject\",\"inLanguage\":\"fr-FR\",\"@id\":\"https:\/\/radarservice.eu\/fr\/produit\/antilaser-al-g9-rx-bloquant-laser\/#primaryimage\",\"url\":\"https:\/\/radarservice.eu\/wp-content\/uploads\/2020\/09\/alg_9rx.jpg\",\"contentUrl\":\"https:\/\/radarservice.eu\/wp-content\/uploads\/2020\/09\/alg_9rx.jpg\",\"width\":600,\"height\":495,\"caption\":\"Antilaser ALG 9 RX\"},{\"@type\":\"BreadcrumbList\",\"@id\":\"https:\/\/radarservice.eu\/fr\/produit\/antilaser-al-g9-rx-bloquant-laser\/#breadcrumb\",\"itemListElement\":[{\"@type\":\"ListItem\",\"position\":1,\"name\":\"Boutique\",\"item\":\"https:\/\/radarservice.eu\/fr\/boutique\/\"},{\"@type\":\"ListItem\",\"position\":2,\"name\":\"Antilaser AL G9 RX Bloquant laser\"}]},{\"@type\":\"WebSite\",\"@id\":\"https:\/\/radarservice.eu\/fr\/#website\",\"url\":\"https:\/\/radarservice.eu\/fr\/\",\"name\":\"Radar Service\",\"description\":\"Radar detector Laser jammer mobile fix\",\"publisher\":{\"@id\":\"https:\/\/radarservice.eu\/fr\/#organization\"},\"potentialAction\":[{\"@type\":\"SearchAction\",\"target\":{\"@type\":\"EntryPoint\",\"urlTemplate\":\"https:\/\/radarservice.eu\/fr\/?s={search_term_string}\"},\"query-input\":{\"@type\":\"PropertyValueSpecification\",\"valueRequired\":true,\"valueName\":\"search_term_string\"}}],\"inLanguage\":\"fr-FR\"},{\"@type\":\"Organization\",\"@id\":\"https:\/\/radarservice.eu\/fr\/#organization\",\"name\":\"RadarService\",\"url\":\"https:\/\/radarservice.eu\/fr\/\",\"logo\":{\"@type\":\"ImageObject\",\"inLanguage\":\"fr-FR\",\"@id\":\"https:\/\/radarservice.eu\/fr\/#\/schema\/logo\/image\/\",\"url\":\"https:\/\/radarservice.eu\/wp-content\/uploads\/2021\/03\/Radar_detector_service.png\",\"contentUrl\":\"https:\/\/radarservice.eu\/wp-content\/uploads\/2021\/03\/Radar_detector_service.png\",\"width\":174,\"height\":48,\"caption\":\"RadarService\"},\"image\":{\"@id\":\"https:\/\/radarservice.eu\/fr\/#\/schema\/logo\/image\/\"}}]}<\/script>\n<!-- \/ Yoast SEO plugin. -->","yoast_head_json":{"title":"Antilaser AL G9 RX Bloquant laser | Radar Service","description":"Antilaser AL G9 RX Bloquant laser | Radar Service","robots":{"index":"index","follow":"follow","max-snippet":"max-snippet:-1","max-image-preview":"max-image-preview:large","max-video-preview":"max-video-preview:-1"},"canonical":"https:\/\/radarservice.eu\/fr\/produit\/antilaser-al-g9-rx-bloquant-laser\/","og_locale":"fr_FR","og_type":"article","og_title":"Antilaser AL G9 RX Bloquant laser | Radar Service","og_description":"Antilaser AL G9 RX Bloquant laser | Radar Service","og_url":"https:\/\/radarservice.eu\/fr\/produit\/antilaser-al-g9-rx-bloquant-laser\/","og_site_name":"Radar Service","article_modified_time":"2021-03-18T09:52:39+00:00","og_image":[{"width":600,"height":495,"url":"https:\/\/radarservice.eu\/wp-content\/uploads\/2020\/09\/alg_9rx.jpg","type":"image\/jpeg"}],"twitter_card":"summary_large_image","twitter_misc":{"Dur\u00e9e de lecture estim\u00e9e":"1 minute"},"schema":{"@context":"https:\/\/schema.org","@graph":[{"@type":"WebPage","@id":"https:\/\/radarservice.eu\/fr\/produit\/antilaser-al-g9-rx-bloquant-laser\/","url":"https:\/\/radarservice.eu\/fr\/produit\/antilaser-al-g9-rx-bloquant-laser\/","name":"Antilaser AL G9 RX Bloquant laser | Radar Service","isPartOf":{"@id":"https:\/\/radarservice.eu\/fr\/#website"},"primaryImageOfPage":{"@id":"https:\/\/radarservice.eu\/fr\/produit\/antilaser-al-g9-rx-bloquant-laser\/#primaryimage"},"image":{"@id":"https:\/\/radarservice.eu\/fr\/produit\/antilaser-al-g9-rx-bloquant-laser\/#primaryimage"},"thumbnailUrl":"https:\/\/radarservice.eu\/wp-content\/uploads\/2020\/09\/alg_9rx.jpg","datePublished":"2020-09-13T12:47:05+00:00","dateModified":"2021-03-18T09:52:39+00:00","description":"Antilaser AL G9 RX Bloquant laser | Radar Service","breadcrumb":{"@id":"https:\/\/radarservice.eu\/fr\/produit\/antilaser-al-g9-rx-bloquant-laser\/#breadcrumb"},"inLanguage":"fr-FR","potentialAction":[{"@type":"ReadAction","target":["https:\/\/radarservice.eu\/fr\/produit\/antilaser-al-g9-rx-bloquant-laser\/"]}]},{"@type":"ImageObject","inLanguage":"fr-FR","@id":"https:\/\/radarservice.eu\/fr\/produit\/antilaser-al-g9-rx-bloquant-laser\/#primaryimage","url":"https:\/\/radarservice.eu\/wp-content\/uploads\/2020\/09\/alg_9rx.jpg","contentUrl":"https:\/\/radarservice.eu\/wp-content\/uploads\/2020\/09\/alg_9rx.jpg","width":600,"height":495,"caption":"Antilaser ALG 9 RX"},{"@type":"BreadcrumbList","@id":"https:\/\/radarservice.eu\/fr\/produit\/antilaser-al-g9-rx-bloquant-laser\/#breadcrumb","itemListElement":[{"@type":"ListItem","position":1,"name":"Boutique","item":"https:\/\/radarservice.eu\/fr\/boutique\/"},{"@type":"ListItem","position":2,"name":"Antilaser AL G9 RX Bloquant laser"}]},{"@type":"WebSite","@id":"https:\/\/radarservice.eu\/fr\/#website","url":"https:\/\/radarservice.eu\/fr\/","name":"Radar Service","description":"Radar detector Laser jammer mobile fix","publisher":{"@id":"https:\/\/radarservice.eu\/fr\/#organization"},"potentialAction":[{"@type":"SearchAction","target":{"@type":"EntryPoint","urlTemplate":"https:\/\/radarservice.eu\/fr\/?s={search_term_string}"},"query-input":{"@type":"PropertyValueSpecification","valueRequired":true,"valueName":"search_term_string"}}],"inLanguage":"fr-FR"},{"@type":"Organization","@id":"https:\/\/radarservice.eu\/fr\/#organization","name":"RadarService","url":"https:\/\/radarservice.eu\/fr\/","logo":{"@type":"ImageObject","inLanguage":"fr-FR","@id":"https:\/\/radarservice.eu\/fr\/#\/schema\/logo\/image\/","url":"https:\/\/radarservice.eu\/wp-content\/uploads\/2021\/03\/Radar_detector_service.png","contentUrl":"https:\/\/radarservice.eu\/wp-content\/uploads\/2021\/03\/Radar_detector_service.png","width":174,"height":48,"caption":"RadarService"},"image":{"@id":"https:\/\/radarservice.eu\/fr\/#\/schema\/logo\/image\/"}}]}},"_links":{"self":[{"href":"https:\/\/radarservice.eu\/fr\/wp-json\/wp\/v2\/product\/14577","targetHints":{"allow":["GET"]}}],"collection":[{"href":"https:\/\/radarservice.eu\/fr\/wp-json\/wp\/v2\/product"}],"about":[{"href":"https:\/\/radarservice.eu\/fr\/wp-json\/wp\/v2\/types\/product"}],"replies":[{"embeddable":true,"href":"https:\/\/radarservice.eu\/fr\/wp-json\/wp\/v2\/comments?post=14577"}],"wp:featuredmedia":[{"embeddable":true,"href":"https:\/\/radarservice.eu\/fr\/wp-json\/wp\/v2\/media\/14136"}],"wp:attachment":[{"href":"https:\/\/radarservice.eu\/fr\/wp-json\/wp\/v2\/media?parent=14577"}],"wp:term":[{"taxonomy":"product_brand","embeddable":true,"href":"https:\/\/radarservice.eu\/fr\/wp-json\/wp\/v2\/product_brand?post=14577"},{"taxonomy":"product_cat","embeddable":true,"href":"https:\/\/radarservice.eu\/fr\/wp-json\/wp\/v2\/product_cat?post=14577"},{"taxonomy":"product_tag","embeddable":true,"href":"https:\/\/radarservice.eu\/fr\/wp-json\/wp\/v2\/product_tag?post=14577"}],"curies":[{"name":"wp","href":"https:\/\/api.w.org\/{rel}","templated":true}]}}