{"id":14576,"date":"2020-09-13T14:47:06","date_gmt":"2020-09-13T12:47:06","guid":{"rendered":"https:\/\/radarservice.eu\/produkt\/navty-p1-lifetime-edition\/"},"modified":"2025-06-20T05:10:22","modified_gmt":"2025-06-20T03:10:22","slug":"navty-p1-lifetime-edition","status":"publish","type":"product","link":"https:\/\/radarservice.eu\/fr\/produit\/navty-p1-lifetime-edition\/","title":{"rendered":"Navty P1 Lifetime Edition"},"content":{"rendered":"<p><strong>Le Navty P1 Lifetime est le premier acc\u00e9l\u00e9rom\u00e8tre bas\u00e9 sur le GPS avec d\u00e9tection de radars et de lasers. <\/strong><\/p>\n<p><strong> acc\u00e9l\u00e9rom\u00e8tre \/ Tracker de performance<\/strong><br \/>\nLa mesure de l\u2019acc\u00e9l\u00e9ration du v\u00e9hicule (0-100 \/ 0-200 km\/h) est d\u00e9termin\u00e9e par le r\u00e9cepteur GPS int\u00e9gr\u00e9 et est enti\u00e8rement automatique.<\/p>\n<p><strong>radarwarner \/ reconnaissance laser<\/strong><br \/>\nLe Navty P1 a \u00e9t\u00e9 con\u00e7u pour le march\u00e9 europ\u00e9en et est l\u2019un des meilleurs avertisseurs de radars haut de gamme d\u2019Europe gr\u00e2ce \u00e0 la nouvelle d\u00e9tection de radars et de lasers en temps r\u00e9el. La P1 dispose de la derni\u00e8re technologie 3D Multaradar et reconna\u00eet \u00e9galement les nouveaux syst\u00e8mes de mesure MultaRadar.<\/p>\n<p> L\u2019un des meilleurs et des plus avanc\u00e9s syst\u00e8mes de filtrage permet de r\u00e9duire au minimum les fausses alertes sans perdre les temps d\u2019alerte importants pour les points \u00e0 risque r\u00e9els.<\/p>\n<p>Le Navty P1 est livr\u00e9 comme acc\u00e9l\u00e9rom\u00e8tre avec la fonction d\u2019alerte radar d\u00e9sactiv\u00e9e. Ainsi, le Navty P1 est l\u00e9galement utilisable dans tous les pays. Si n\u00e9cessaire, l\u2019utilisateur peut activer et d\u00e9sactiver l\u2019avertisseur radar et la fonction avertisseur laser \u00e0 tout moment.<\/p>\n<p> les pi\u00e8ges \u00e0 radar sont signal\u00e9s \u00e0 l\u2019\u00e9cran et \u00e0 l\u2019aide d\u2019un message linguistique allemand. Le conducteur re\u00e7oit des informations d\u00e9taill\u00e9es sur le pi\u00e8ge radar d\u00e9tect\u00e9, l\u2019avertissement POI ou la mesure au laser. Vous pouvez \u00e9galement enregistrer ou supprimer vos propres emplacements GPS (POI) sur le Navty P1, de sorte qu\u2019il y ait un avertissement acoustique dans ces endroits.<\/p>\n<p>Le Navty P1 Lifetime peut \u00eatre programm\u00e9 \u00e0 l\u2019aide d\u2019un menu allemand selon les besoins et peut donc \u00eatre adapt\u00e9 aux exigences et aux souhaits respectifs du client.<\/p>\n<p><strong>Blitzerdatenbank \/ Updates<\/strong><br \/>\nLes mises \u00e0 jour \u00e0 vie de la base de donn\u00e9es de l\u2019UE sur les pi\u00e8ges radar fixes sont bien s\u00fbr incluses. Les mises \u00e0 jour de la foudre et du firmware peuvent \u00eatre install\u00e9es facilement et rapidement en quelques secondes via une cl\u00e9 USB. La mise \u00e0 jour peut \u00eatre effectu\u00e9e confortablement dans le v\u00e9hicule ind\u00e9pendamment de votre syst\u00e8me d\u2019exploitation (WIN \/ MacOS \/ Linux). Le Navty P1 n\u2019a pas besoin d\u2019\u00eatre connect\u00e9 \u00e0 l\u2019ordinateur pour la mise \u00e0 jour.<\/p>\n<p><strong>\u00e9vente:<\/strong><br \/>\n+ le premier avertisseur radar mobile avec acc\u00e9l\u00e9rom\u00e8tre int\u00e9gr\u00e9<br \/>\n+ acc\u00e9l\u00e9rom\u00e8tres (0-100 \/ 0-200 km\/h) &#8211; enti\u00e8rement automatique sans pression sur un bouton ! <br \/>\nD\u00e9tection de radars et de lasers \u00e0 + 360\u00b0 degr\u00e9s en Europe<br \/>\n+ Avertissement des radars (bande X \/ K \/ KA \/ MultaRadar MRCD \/ MultaRadar MRCT \/ MultaRadar MOVING \/ Gatso RT4) <br \/ ><br \/>\n+ mise en garde contre les mesures laser <br \/>\n+ mise en garde contre les radars fixes <br \/>\n+ Avertissement contre la surveillance de la lumi\u00e8re rouge<br \/>\n+ avertissement pour les mesures section control (contr\u00f4les de section) <br \/>\n+ Configuration avec le menu allemand<br \/>\n+ Minimisation des fausses alarmes par 2 r\u00e9glages fins dans la bande K et 10 fois la pr\u00e9cision de la bande KA<br \/>\n+ filtre d\u2019alerte bi-GPS bas\u00e9 sur <br \/>\n+ mise \u00e0 jour avec cl\u00e9 USB<br \/>\n+ la base de donn\u00e9es EUROPA pour les radars fixes est d\u00e9j\u00e0 pr\u00e9install\u00e9e<br \/>\n+ Mise \u00e0 jour de la base de donn\u00e9es de l\u2019UE incluse<br \/>\n+ Signaux d\u2019alarme et param\u00e8tres complets en allemand<br \/>\n+ convient pour une utilisation en Europe.<br \/>\n+ les points de danger propres peuvent \u00eatre m\u00e9morisables<\/p>\n<p><strong>approvisionnement:<\/strong><br \/>\n* Navty P1 Alerte radar lifetime et Tracker de performance<br \/>\n* Base de donn\u00e9es de l\u2019UE pr\u00e9install\u00e9e dans toute l\u2019Europe<br \/>\n* Accessoires pour montage sur le pare-brise (ventouses) <br \/>\n* Alimentation \u00e9lectrique 12V avec connexion \u00e0 l\u2019allume-cigare<br \/>\n* mode d\u2019emploi allemand<\/p>\n","protected":false},"excerpt":{"rendered":"<p><strong>+ GPS Acc\u00e9l\u00e9rom\u00e8tre\/Tracker de performance (0-100 \/ 0-200 km\/h) <br \/>\n+ mises \u00e0 jour gratuites \u00e0 vie<br \/>\n+ avertisseur radar et avertisseur laser, met en garde contre les pi\u00e8ges radar mobiles (bande X, bande K, bande KA, MultaRadar, Gatso et laser) <br \/>\n+ GPS POI alerte contre les pi\u00e8ges \u00e0 radar fixes, les feux de amp\u00e8re-feux et les nouveaux \u00e9clairs de section SectionControl<\/strong><\/p>\n","protected":false},"featured_media":14324,"comment_status":"open","ping_status":"closed","template":"","meta":[],"product_brand":[],"product_cat":[320,299],"product_tag":[365,626,429,485,484,504,627,577],"class_list":{"0":"post-14576","1":"product","2":"type-product","3":"status-publish","4":"has-post-thumbnail","6":"product_cat-detecteurs-de-radar-portable","7":"product_cat-navty-france","8":"product_tag-accelerometre","9":"product_tag-detecteur-de-laser","10":"product_tag-gps-fr","11":"product_tag-navty-fr","12":"product_tag-p1-fr","13":"product_tag-performance-tracker-fr","14":"product_tag-poi-warner-fr","15":"product_tag-radarwarner-fr","17":"first","18":"instock","19":"sale","20":"taxable","21":"shipping-taxable","22":"purchasable","23":"product-type-simple"},"yoast_head":"<!-- This site is optimized with the Yoast SEO plugin v27.2 - https:\/\/yoast.com\/product\/yoast-seo-wordpress\/ -->\n<title>%%title% %%% alerte radar mobile<\/title>\n<meta name=\"description\" content=\"L\u2019avertisseur radar Navty P1 Lifetime est le premier acc\u00e9l\u00e9rom\u00e8tre bas\u00e9 sur le GPS avec d\u00e9tection de radars et de lasers.\" \/>\n<meta name=\"robots\" content=\"index, follow, max-snippet:-1, max-image-preview:large, max-video-preview:-1\" \/>\n<link rel=\"canonical\" href=\"https:\/\/radarservice.eu\/fr\/produit\/navty-p1-lifetime-edition\/\" \/>\n<meta property=\"og:locale\" content=\"fr_FR\" \/>\n<meta property=\"og:type\" content=\"article\" \/>\n<meta property=\"og:title\" content=\"%%title% %%% alerte radar mobile\" \/>\n<meta property=\"og:description\" content=\"L\u2019avertisseur radar Navty P1 Lifetime est le premier acc\u00e9l\u00e9rom\u00e8tre bas\u00e9 sur le GPS avec d\u00e9tection de radars et de lasers.\" \/>\n<meta property=\"og:url\" content=\"https:\/\/radarservice.eu\/fr\/produit\/navty-p1-lifetime-edition\/\" \/>\n<meta property=\"og:site_name\" content=\"Radar Service\" \/>\n<meta property=\"article:modified_time\" content=\"2025-06-20T03:10:22+00:00\" \/>\n<meta property=\"og:image\" content=\"https:\/\/radarservice.eu\/wp-content\/uploads\/2020\/09\/navtyp1-car-1.jpg\" \/>\n\t<meta property=\"og:image:width\" content=\"1800\" \/>\n\t<meta property=\"og:image:height\" content=\"1265\" \/>\n\t<meta property=\"og:image:type\" content=\"image\/jpeg\" \/>\n<meta name=\"twitter:card\" content=\"summary_large_image\" \/>\n<meta name=\"twitter:label1\" content=\"Dur\u00e9e de lecture estim\u00e9e\" \/>\n\t<meta name=\"twitter:data1\" content=\"3 minutes\" \/>\n<script type=\"application\/ld+json\" class=\"yoast-schema-graph\">{\"@context\":\"https:\/\/schema.org\",\"@graph\":[{\"@type\":\"WebPage\",\"@id\":\"https:\/\/radarservice.eu\/fr\/produit\/navty-p1-lifetime-edition\/\",\"url\":\"https:\/\/radarservice.eu\/fr\/produit\/navty-p1-lifetime-edition\/\",\"name\":\"%%title% %%% alerte radar mobile\",\"isPartOf\":{\"@id\":\"https:\/\/radarservice.eu\/fr\/#website\"},\"primaryImageOfPage\":{\"@id\":\"https:\/\/radarservice.eu\/fr\/produit\/navty-p1-lifetime-edition\/#primaryimage\"},\"image\":{\"@id\":\"https:\/\/radarservice.eu\/fr\/produit\/navty-p1-lifetime-edition\/#primaryimage\"},\"thumbnailUrl\":\"https:\/\/radarservice.eu\/wp-content\/uploads\/2020\/09\/navtyp1-car-1.jpg\",\"datePublished\":\"2020-09-13T12:47:06+00:00\",\"dateModified\":\"2025-06-20T03:10:22+00:00\",\"description\":\"L\u2019avertisseur radar Navty P1 Lifetime est le premier acc\u00e9l\u00e9rom\u00e8tre bas\u00e9 sur le GPS avec d\u00e9tection de radars et de lasers.\",\"breadcrumb\":{\"@id\":\"https:\/\/radarservice.eu\/fr\/produit\/navty-p1-lifetime-edition\/#breadcrumb\"},\"inLanguage\":\"fr-FR\",\"potentialAction\":[{\"@type\":\"ReadAction\",\"target\":[\"https:\/\/radarservice.eu\/fr\/produit\/navty-p1-lifetime-edition\/\"]}]},{\"@type\":\"ImageObject\",\"inLanguage\":\"fr-FR\",\"@id\":\"https:\/\/radarservice.eu\/fr\/produit\/navty-p1-lifetime-edition\/#primaryimage\",\"url\":\"https:\/\/radarservice.eu\/wp-content\/uploads\/2020\/09\/navtyp1-car-1.jpg\",\"contentUrl\":\"https:\/\/radarservice.eu\/wp-content\/uploads\/2020\/09\/navtyp1-car-1.jpg\",\"width\":1800,\"height\":1265,\"caption\":\"D\u00e9tecteur de radar NAVTY P1\"},{\"@type\":\"BreadcrumbList\",\"@id\":\"https:\/\/radarservice.eu\/fr\/produit\/navty-p1-lifetime-edition\/#breadcrumb\",\"itemListElement\":[{\"@type\":\"ListItem\",\"position\":1,\"name\":\"Boutique\",\"item\":\"https:\/\/radarservice.eu\/fr\/boutique\/\"},{\"@type\":\"ListItem\",\"position\":2,\"name\":\"Navty P1 Lifetime Edition\"}]},{\"@type\":\"WebSite\",\"@id\":\"https:\/\/radarservice.eu\/fr\/#website\",\"url\":\"https:\/\/radarservice.eu\/fr\/\",\"name\":\"Radar Service\",\"description\":\"Radar detector Laser jammer mobile fix\",\"publisher\":{\"@id\":\"https:\/\/radarservice.eu\/fr\/#organization\"},\"potentialAction\":[{\"@type\":\"SearchAction\",\"target\":{\"@type\":\"EntryPoint\",\"urlTemplate\":\"https:\/\/radarservice.eu\/fr\/?s={search_term_string}\"},\"query-input\":{\"@type\":\"PropertyValueSpecification\",\"valueRequired\":true,\"valueName\":\"search_term_string\"}}],\"inLanguage\":\"fr-FR\"},{\"@type\":\"Organization\",\"@id\":\"https:\/\/radarservice.eu\/fr\/#organization\",\"name\":\"RadarService\",\"url\":\"https:\/\/radarservice.eu\/fr\/\",\"logo\":{\"@type\":\"ImageObject\",\"inLanguage\":\"fr-FR\",\"@id\":\"https:\/\/radarservice.eu\/fr\/#\/schema\/logo\/image\/\",\"url\":\"https:\/\/radarservice.eu\/wp-content\/uploads\/2021\/03\/Radar_detector_service.png\",\"contentUrl\":\"https:\/\/radarservice.eu\/wp-content\/uploads\/2021\/03\/Radar_detector_service.png\",\"width\":174,\"height\":48,\"caption\":\"RadarService\"},\"image\":{\"@id\":\"https:\/\/radarservice.eu\/fr\/#\/schema\/logo\/image\/\"}}]}<\/script>\n<!-- \/ Yoast SEO plugin. -->","yoast_head_json":{"title":"%%title% %%% alerte radar mobile","description":"L\u2019avertisseur radar Navty P1 Lifetime est le premier acc\u00e9l\u00e9rom\u00e8tre bas\u00e9 sur le GPS avec d\u00e9tection de radars et de lasers.","robots":{"index":"index","follow":"follow","max-snippet":"max-snippet:-1","max-image-preview":"max-image-preview:large","max-video-preview":"max-video-preview:-1"},"canonical":"https:\/\/radarservice.eu\/fr\/produit\/navty-p1-lifetime-edition\/","og_locale":"fr_FR","og_type":"article","og_title":"%%title% %%% alerte radar mobile","og_description":"L\u2019avertisseur radar Navty P1 Lifetime est le premier acc\u00e9l\u00e9rom\u00e8tre bas\u00e9 sur le GPS avec d\u00e9tection de radars et de lasers.","og_url":"https:\/\/radarservice.eu\/fr\/produit\/navty-p1-lifetime-edition\/","og_site_name":"Radar Service","article_modified_time":"2025-06-20T03:10:22+00:00","og_image":[{"width":1800,"height":1265,"url":"https:\/\/radarservice.eu\/wp-content\/uploads\/2020\/09\/navtyp1-car-1.jpg","type":"image\/jpeg"}],"twitter_card":"summary_large_image","twitter_misc":{"Dur\u00e9e de lecture estim\u00e9e":"3 minutes"},"schema":{"@context":"https:\/\/schema.org","@graph":[{"@type":"WebPage","@id":"https:\/\/radarservice.eu\/fr\/produit\/navty-p1-lifetime-edition\/","url":"https:\/\/radarservice.eu\/fr\/produit\/navty-p1-lifetime-edition\/","name":"%%title% %%% alerte radar mobile","isPartOf":{"@id":"https:\/\/radarservice.eu\/fr\/#website"},"primaryImageOfPage":{"@id":"https:\/\/radarservice.eu\/fr\/produit\/navty-p1-lifetime-edition\/#primaryimage"},"image":{"@id":"https:\/\/radarservice.eu\/fr\/produit\/navty-p1-lifetime-edition\/#primaryimage"},"thumbnailUrl":"https:\/\/radarservice.eu\/wp-content\/uploads\/2020\/09\/navtyp1-car-1.jpg","datePublished":"2020-09-13T12:47:06+00:00","dateModified":"2025-06-20T03:10:22+00:00","description":"L\u2019avertisseur radar Navty P1 Lifetime est le premier acc\u00e9l\u00e9rom\u00e8tre bas\u00e9 sur le GPS avec d\u00e9tection de radars et de lasers.","breadcrumb":{"@id":"https:\/\/radarservice.eu\/fr\/produit\/navty-p1-lifetime-edition\/#breadcrumb"},"inLanguage":"fr-FR","potentialAction":[{"@type":"ReadAction","target":["https:\/\/radarservice.eu\/fr\/produit\/navty-p1-lifetime-edition\/"]}]},{"@type":"ImageObject","inLanguage":"fr-FR","@id":"https:\/\/radarservice.eu\/fr\/produit\/navty-p1-lifetime-edition\/#primaryimage","url":"https:\/\/radarservice.eu\/wp-content\/uploads\/2020\/09\/navtyp1-car-1.jpg","contentUrl":"https:\/\/radarservice.eu\/wp-content\/uploads\/2020\/09\/navtyp1-car-1.jpg","width":1800,"height":1265,"caption":"D\u00e9tecteur de radar NAVTY P1"},{"@type":"BreadcrumbList","@id":"https:\/\/radarservice.eu\/fr\/produit\/navty-p1-lifetime-edition\/#breadcrumb","itemListElement":[{"@type":"ListItem","position":1,"name":"Boutique","item":"https:\/\/radarservice.eu\/fr\/boutique\/"},{"@type":"ListItem","position":2,"name":"Navty P1 Lifetime Edition"}]},{"@type":"WebSite","@id":"https:\/\/radarservice.eu\/fr\/#website","url":"https:\/\/radarservice.eu\/fr\/","name":"Radar Service","description":"Radar detector Laser jammer mobile fix","publisher":{"@id":"https:\/\/radarservice.eu\/fr\/#organization"},"potentialAction":[{"@type":"SearchAction","target":{"@type":"EntryPoint","urlTemplate":"https:\/\/radarservice.eu\/fr\/?s={search_term_string}"},"query-input":{"@type":"PropertyValueSpecification","valueRequired":true,"valueName":"search_term_string"}}],"inLanguage":"fr-FR"},{"@type":"Organization","@id":"https:\/\/radarservice.eu\/fr\/#organization","name":"RadarService","url":"https:\/\/radarservice.eu\/fr\/","logo":{"@type":"ImageObject","inLanguage":"fr-FR","@id":"https:\/\/radarservice.eu\/fr\/#\/schema\/logo\/image\/","url":"https:\/\/radarservice.eu\/wp-content\/uploads\/2021\/03\/Radar_detector_service.png","contentUrl":"https:\/\/radarservice.eu\/wp-content\/uploads\/2021\/03\/Radar_detector_service.png","width":174,"height":48,"caption":"RadarService"},"image":{"@id":"https:\/\/radarservice.eu\/fr\/#\/schema\/logo\/image\/"}}]}},"_links":{"self":[{"href":"https:\/\/radarservice.eu\/fr\/wp-json\/wp\/v2\/product\/14576","targetHints":{"allow":["GET"]}}],"collection":[{"href":"https:\/\/radarservice.eu\/fr\/wp-json\/wp\/v2\/product"}],"about":[{"href":"https:\/\/radarservice.eu\/fr\/wp-json\/wp\/v2\/types\/product"}],"replies":[{"embeddable":true,"href":"https:\/\/radarservice.eu\/fr\/wp-json\/wp\/v2\/comments?post=14576"}],"wp:featuredmedia":[{"embeddable":true,"href":"https:\/\/radarservice.eu\/fr\/wp-json\/wp\/v2\/media\/14324"}],"wp:attachment":[{"href":"https:\/\/radarservice.eu\/fr\/wp-json\/wp\/v2\/media?parent=14576"}],"wp:term":[{"taxonomy":"product_brand","embeddable":true,"href":"https:\/\/radarservice.eu\/fr\/wp-json\/wp\/v2\/product_brand?post=14576"},{"taxonomy":"product_cat","embeddable":true,"href":"https:\/\/radarservice.eu\/fr\/wp-json\/wp\/v2\/product_cat?post=14576"},{"taxonomy":"product_tag","embeddable":true,"href":"https:\/\/radarservice.eu\/fr\/wp-json\/wp\/v2\/product_tag?post=14576"}],"curies":[{"name":"wp","href":"https:\/\/api.w.org\/{rel}","templated":true}]}}