{"id":14575,"date":"2020-09-13T14:47:06","date_gmt":"2020-09-13T12:47:06","guid":{"rendered":"https:\/\/radarservice.eu\/produkt\/navty-p1-premium-edition\/"},"modified":"2025-05-06T05:10:19","modified_gmt":"2025-05-06T03:10:19","slug":"navty-p1-premium-edition","status":"publish","type":"product","link":"https:\/\/radarservice.eu\/fr\/produit\/navty-p1-premium-edition\/","title":{"rendered":"Navty P1 Premium Edition"},"content":{"rendered":"<h2>Avertisseur radar Navty P1<\/h2>\n<p>Le Navty P1 Premium est le premier acc\u00e9l\u00e9rom\u00e8tre bas\u00e9 sur gps avec une fonction d\u2019alerte radar activ\u00e9e.<\/p>\n<h3>Acc\u00e9l\u00e9rom\u00e8tre \/ Tracker de performance<\/h3>\n<p>La mesure de l\u2019acc\u00e9l\u00e9ration du v\u00e9hicule (0-100 \/ 0-200 km\/h) est d\u00e9termin\u00e9e par le r\u00e9cepteur GPS int\u00e9gr\u00e9 et est enti\u00e8rement automatique.<\/p>\n<h3>Avertisseur de radar \/ reconnaissance laser<\/h3>\n<p>Le Navty P1 a \u00e9t\u00e9 con\u00e7u pour le march\u00e9 europ\u00e9en et est l\u2019un des meilleurs avertisseurs radar haut de gamme d\u2019Europe gr\u00e2ce \u00e0 la nouvelle d\u00e9tection de radars et de lasers en temps r\u00e9el. Le Navty P1 dispose de la derni\u00e8re technologie Multaradar 3D et reconna\u00eet \u00e9galement les nouveaux Radars radars (MRCD \/ MRCT \/ Moving \/ Gatso RT3 \/ Gatso RT4) en Allemagne, Autriche, Suisse et France.<\/p>\n<p><iframe loading=\"lazy\" src=\"https:\/\/www.youtube-nocookie.com\/embed\/jrR6MXELtcw \u00bb width=\"560 \u00bb height=\"315 \u00bb frameborder=\"0 \u00bb allowfullscreen=\"allowfullscreen \u00bb, ><\/iframe><\/p>\n<h3>Technologie de filtrage contre les fausses alarmes<\/h3>\n<p> L\u2019un des meilleurs et des plus avanc\u00e9s syst\u00e8mes de filtrage permet de r\u00e9duire au minimum les fausses alertes, mais sans perdre de temps d\u2019alerte pour les mesures radar r\u00e9elles.<\/p>\n<h3>Invisible \u00e0 la police<\/h3>\n<p>La technologie furtif emp\u00eache la d\u00e9tection par la police et vous prot\u00e8ge de la d\u00e9couverte. Les d\u00e9tecteurs radar VG2 et Spectre actuels de la police ne peuvent pas non plus localiser l\u2019avertisseur radar Navty P1. En outre, dans le cas d\u2019un contr\u00f4le g\u00e9n\u00e9ral du trafic ou des fronti\u00e8res, la fonction radar peut \u00eatre d\u00e9sactiv\u00e9e en une seule poign\u00e9e.<\/p>\n<h3>Avertissement convivial en quatre langues<\/h3>\n<p>\u00c0 l\u2019\u00e9cran et par annonce vocale, vous recevrez des informations pertinentes sur les messages de flash entrants. Des symboles uniques et des informations textuelles suppl\u00e9mentaires offrent un avertissement visuel parfait. La luminosit\u00e9 de l\u2019\u00e9cran peut \u00eatre ajust\u00e9e graduellement du clair \u00e0 l\u2019obscurit\u00e9. Le r\u00e9glage smart ne fait s\u2019allumer l\u2019\u00e9cran qu\u2019en cas de message de danger et est tr\u00e8s agr\u00e9able pour les trajets de nuit. Les annonces visuelles et linguistiques sont possibles en allemand, anglais, fran\u00e7ais ou espagnol. <\/p>\n<p><iframe loading=\"lazy\" src=\"https:\/\/www.youtube-nocookie.com\/embed\/FMt9f86rG5U \u00bb width=\"560 \u00bb height=\"315 \u00bb frameborder=\"0 \u00bb allowfullscreen=\"allowfullscreen \u00bb ><\/iframe><\/p>\n<h3>Mises \u00e0 jour gratuites pour les flashs fixes<\/h3>\n<p> Non limit\u00e9, les mises \u00e0 jour gratuites de la base de donn\u00e9es GPS POI sont incluses dans le prix d\u2019achat et il n\u2019y a pas de frais de suivi li\u00e9s aux abonnements co\u00fbteux. Les mises \u00e0 jour de la foudre et du firmware peuvent \u00eatre install\u00e9es facilement et rapidement en quelques secondes via une cl\u00e9 USB. La mise \u00e0 jour peut \u00eatre effectu\u00e9e confortablement dans le v\u00e9hicule ind\u00e9pendamment de votre syst\u00e8me d\u2019exploitation (WIN \/ MacOS \/ Linux). Le Navty P1 n\u2019a pas besoin d\u2019\u00eatre connect\u00e9 \u00e0 l\u2019ordinateur pour la mise \u00e0 jour.<\/p>\n<h3>Enregistrement des points de danger propres et circuit silencieux automatique<\/h3>\n<p>per appuyer sur un bouton peut stocker ses propres points de danger dans le Navty P1 Premium et l\u2019avertir \u00e0 l\u2019avenir en cas de rapprochement. Ou appuyez sur la touche muette \u00e0 un endroit o\u00f9 vous ne voulez pas \u00eatre averti \u00e0 l\u2019avenir. Le Navty P1 se souvient des coordonn\u00e9es GPS et de la fr\u00e9quence radar et \u00e9teint l\u2019alarme pour ce site. Si, \u00e0 l\u2019avenir, une fr\u00e9quence radar diff\u00e9rente est re\u00e7ue sur ce site, le Navty P1 d\u00e9clenchera quand m\u00eame une alarme.<\/p>\n<h3>Fourniture et \u00e9quipement<\/h3>\n<p>Le Navty P1 est livr\u00e9 avec la base de donn\u00e9es actuelle et la fonction radar d\u00e9sactiv\u00e9e et est ainsi l\u00e9galement vendu et envoy\u00e9 comme acc\u00e9l\u00e9rom\u00e8tre. Sur demande, la fonction radar peut \u00eatre activ\u00e9e avant la livraison. Pour ce faire, vous nous envoyez un bref e-mail avec votre souhait d\u00e8s r\u00e9ception de la confirmation de commande. La livraison comprend un porte-ventouses et un c\u00e2ble de raccordement SmartCord de 12 volts pour l\u2019allume-cigare. Le support peut \u00eatre install\u00e9 en toute s\u00e9curit\u00e9 sur le pare-brise et permet une fixation rapide de l\u2019avertisseur radar. Le mode d\u2019emploi est en allemand, anglais, fran\u00e7ais et espagnol. <\/p>\n<h3>Aper\u00e7u des fonctionnalit\u00e9s et des produits<\/h3>\n<ul>\n<li>Le premier avertisseur radar mobile \u00e9quip\u00e9 d\u2019un acc\u00e9l\u00e9rom\u00e8tre enti\u00e8rement automatique (0-100 \/ 0-200 km\/h) <\/li>\n<li>augmentation des pi\u00e8ges radar fixes et mobiles et des mesures au laser<\/li>\n<li> filtre d\u2019alerte de t\u00eate avec r\u00e9duction des messages erron\u00e9s au minimum<\/li>\n<li> Vie, mises \u00e0 jour gratuites incluses<\/li>\n<li> Signaux d\u2019alarme et param\u00e8tres en allemand \/ anglais \/ fran\u00e7ais \/ espagnol<\/li>\n<\/ul>\n","protected":false},"excerpt":{"rendered":"<h1>Avertisseur radar Navty P1 Premium<\/h1>\n<p>Le nouveau Navty P1 est \u00e0 la fois un acc\u00e9l\u00e9rom\u00e8tre l\u00e9gal et un avertisseur radar professionnel. L\u2019appareil est con\u00e7u pour \u00eatre utilis\u00e9 en Europe et prot\u00e8ge contre le laser, le X-, le K-, le Ka- et les nouveaux radars MultaRadar et Gatso. Prot\u00e9g\u00e9 par la technologie moderne stealth, le Navty P1 ne peut pas \u00eatre localis\u00e9 par la police avec des d\u00e9tecteurs radar.<\/p>\n","protected":false},"featured_media":14376,"comment_status":"open","ping_status":"closed","template":"","meta":[],"product_brand":[],"product_cat":[320,318,299],"product_tag":[365,626,429,485,484,504,627,577],"class_list":{"0":"post-14575","1":"product","2":"type-product","3":"status-publish","4":"has-post-thumbnail","6":"product_cat-detecteurs-de-radar-portable","7":"product_cat-detecteurs-de-radar-recommandes","8":"product_cat-navty-france","9":"product_tag-accelerometre","10":"product_tag-detecteur-de-laser","11":"product_tag-gps-fr","12":"product_tag-navty-fr","13":"product_tag-p1-fr","14":"product_tag-performance-tracker-fr","15":"product_tag-poi-warner-fr","16":"product_tag-radarwarner-fr","18":"first","19":"instock","20":"sale","21":"taxable","22":"shipping-taxable","23":"purchasable","24":"product-type-simple"},"yoast_head":"<!-- This site is optimized with the Yoast SEO plugin v27.2 - https:\/\/yoast.com\/product\/yoast-seo-wordpress\/ -->\n<title>Navty P1 Premium Edition %% radar mobile pour l\u2019Europe<\/title>\n<meta name=\"description\" content=\"Navty P1 Premium avertisseur radar et acc\u00e9l\u00e9rom\u00e8tre. Protection contre les radars et les mesures laser, y compris les nouveaux radars MultaRadar et Gatso.\" \/>\n<meta name=\"robots\" content=\"index, follow, max-snippet:-1, max-image-preview:large, max-video-preview:-1\" \/>\n<link rel=\"canonical\" href=\"https:\/\/radarservice.eu\/fr\/produit\/navty-p1-premium-edition\/\" \/>\n<meta property=\"og:locale\" content=\"fr_FR\" \/>\n<meta property=\"og:type\" content=\"article\" \/>\n<meta property=\"og:title\" content=\"Navty P1 Premium Edition %% radar mobile pour l\u2019Europe\" \/>\n<meta property=\"og:description\" content=\"Navty P1 Premium avertisseur radar et acc\u00e9l\u00e9rom\u00e8tre. Protection contre les radars et les mesures laser, y compris les nouveaux radars MultaRadar et Gatso.\" \/>\n<meta property=\"og:url\" content=\"https:\/\/radarservice.eu\/fr\/produit\/navty-p1-premium-edition\/\" \/>\n<meta property=\"og:site_name\" content=\"Radar Service\" \/>\n<meta property=\"article:modified_time\" content=\"2025-05-06T03:10:19+00:00\" \/>\n<meta property=\"og:image\" content=\"https:\/\/radarservice.eu\/wp-content\/uploads\/2020\/09\/NAVTY_P1_Radarwarner_800x562.jpg\" \/>\n\t<meta property=\"og:image:width\" content=\"800\" \/>\n\t<meta property=\"og:image:height\" content=\"562\" \/>\n\t<meta property=\"og:image:type\" content=\"image\/jpeg\" \/>\n<meta name=\"twitter:card\" content=\"summary_large_image\" \/>\n<meta name=\"twitter:label1\" content=\"Dur\u00e9e de lecture estim\u00e9e\" \/>\n\t<meta name=\"twitter:data1\" content=\"3 minutes\" \/>\n<script type=\"application\/ld+json\" class=\"yoast-schema-graph\">{\"@context\":\"https:\/\/schema.org\",\"@graph\":[{\"@type\":\"WebPage\",\"@id\":\"https:\/\/radarservice.eu\/fr\/produit\/navty-p1-premium-edition\/\",\"url\":\"https:\/\/radarservice.eu\/fr\/produit\/navty-p1-premium-edition\/\",\"name\":\"Navty P1 Premium Edition %% radar mobile pour l\u2019Europe\",\"isPartOf\":{\"@id\":\"https:\/\/radarservice.eu\/fr\/#website\"},\"primaryImageOfPage\":{\"@id\":\"https:\/\/radarservice.eu\/fr\/produit\/navty-p1-premium-edition\/#primaryimage\"},\"image\":{\"@id\":\"https:\/\/radarservice.eu\/fr\/produit\/navty-p1-premium-edition\/#primaryimage\"},\"thumbnailUrl\":\"https:\/\/radarservice.eu\/wp-content\/uploads\/2020\/09\/NAVTY_P1_Radarwarner_800x562.jpg\",\"datePublished\":\"2020-09-13T12:47:06+00:00\",\"dateModified\":\"2025-05-06T03:10:19+00:00\",\"description\":\"Navty P1 Premium avertisseur radar et acc\u00e9l\u00e9rom\u00e8tre. Protection contre les radars et les mesures laser, y compris les nouveaux radars MultaRadar et Gatso.\",\"breadcrumb\":{\"@id\":\"https:\/\/radarservice.eu\/fr\/produit\/navty-p1-premium-edition\/#breadcrumb\"},\"inLanguage\":\"fr-FR\",\"potentialAction\":[{\"@type\":\"ReadAction\",\"target\":[\"https:\/\/radarservice.eu\/fr\/produit\/navty-p1-premium-edition\/\"]}]},{\"@type\":\"ImageObject\",\"inLanguage\":\"fr-FR\",\"@id\":\"https:\/\/radarservice.eu\/fr\/produit\/navty-p1-premium-edition\/#primaryimage\",\"url\":\"https:\/\/radarservice.eu\/wp-content\/uploads\/2020\/09\/NAVTY_P1_Radarwarner_800x562.jpg\",\"contentUrl\":\"https:\/\/radarservice.eu\/wp-content\/uploads\/2020\/09\/NAVTY_P1_Radarwarner_800x562.jpg\",\"width\":800,\"height\":562,\"caption\":\"D\u00e9tecteur de radars NAVTY P1 Premium\"},{\"@type\":\"BreadcrumbList\",\"@id\":\"https:\/\/radarservice.eu\/fr\/produit\/navty-p1-premium-edition\/#breadcrumb\",\"itemListElement\":[{\"@type\":\"ListItem\",\"position\":1,\"name\":\"Boutique\",\"item\":\"https:\/\/radarservice.eu\/fr\/boutique\/\"},{\"@type\":\"ListItem\",\"position\":2,\"name\":\"Navty P1 Premium Edition\"}]},{\"@type\":\"WebSite\",\"@id\":\"https:\/\/radarservice.eu\/fr\/#website\",\"url\":\"https:\/\/radarservice.eu\/fr\/\",\"name\":\"Radar Service\",\"description\":\"Radar detector Laser jammer mobile fix\",\"publisher\":{\"@id\":\"https:\/\/radarservice.eu\/fr\/#organization\"},\"potentialAction\":[{\"@type\":\"SearchAction\",\"target\":{\"@type\":\"EntryPoint\",\"urlTemplate\":\"https:\/\/radarservice.eu\/fr\/?s={search_term_string}\"},\"query-input\":{\"@type\":\"PropertyValueSpecification\",\"valueRequired\":true,\"valueName\":\"search_term_string\"}}],\"inLanguage\":\"fr-FR\"},{\"@type\":\"Organization\",\"@id\":\"https:\/\/radarservice.eu\/fr\/#organization\",\"name\":\"RadarService\",\"url\":\"https:\/\/radarservice.eu\/fr\/\",\"logo\":{\"@type\":\"ImageObject\",\"inLanguage\":\"fr-FR\",\"@id\":\"https:\/\/radarservice.eu\/fr\/#\/schema\/logo\/image\/\",\"url\":\"https:\/\/radarservice.eu\/wp-content\/uploads\/2021\/03\/Radar_detector_service.png\",\"contentUrl\":\"https:\/\/radarservice.eu\/wp-content\/uploads\/2021\/03\/Radar_detector_service.png\",\"width\":174,\"height\":48,\"caption\":\"RadarService\"},\"image\":{\"@id\":\"https:\/\/radarservice.eu\/fr\/#\/schema\/logo\/image\/\"}}]}<\/script>\n<!-- \/ Yoast SEO plugin. -->","yoast_head_json":{"title":"Navty P1 Premium Edition %% radar mobile pour l\u2019Europe","description":"Navty P1 Premium avertisseur radar et acc\u00e9l\u00e9rom\u00e8tre. Protection contre les radars et les mesures laser, y compris les nouveaux radars MultaRadar et Gatso.","robots":{"index":"index","follow":"follow","max-snippet":"max-snippet:-1","max-image-preview":"max-image-preview:large","max-video-preview":"max-video-preview:-1"},"canonical":"https:\/\/radarservice.eu\/fr\/produit\/navty-p1-premium-edition\/","og_locale":"fr_FR","og_type":"article","og_title":"Navty P1 Premium Edition %% radar mobile pour l\u2019Europe","og_description":"Navty P1 Premium avertisseur radar et acc\u00e9l\u00e9rom\u00e8tre. Protection contre les radars et les mesures laser, y compris les nouveaux radars MultaRadar et Gatso.","og_url":"https:\/\/radarservice.eu\/fr\/produit\/navty-p1-premium-edition\/","og_site_name":"Radar Service","article_modified_time":"2025-05-06T03:10:19+00:00","og_image":[{"width":800,"height":562,"url":"https:\/\/radarservice.eu\/wp-content\/uploads\/2020\/09\/NAVTY_P1_Radarwarner_800x562.jpg","type":"image\/jpeg"}],"twitter_card":"summary_large_image","twitter_misc":{"Dur\u00e9e de lecture estim\u00e9e":"3 minutes"},"schema":{"@context":"https:\/\/schema.org","@graph":[{"@type":"WebPage","@id":"https:\/\/radarservice.eu\/fr\/produit\/navty-p1-premium-edition\/","url":"https:\/\/radarservice.eu\/fr\/produit\/navty-p1-premium-edition\/","name":"Navty P1 Premium Edition %% radar mobile pour l\u2019Europe","isPartOf":{"@id":"https:\/\/radarservice.eu\/fr\/#website"},"primaryImageOfPage":{"@id":"https:\/\/radarservice.eu\/fr\/produit\/navty-p1-premium-edition\/#primaryimage"},"image":{"@id":"https:\/\/radarservice.eu\/fr\/produit\/navty-p1-premium-edition\/#primaryimage"},"thumbnailUrl":"https:\/\/radarservice.eu\/wp-content\/uploads\/2020\/09\/NAVTY_P1_Radarwarner_800x562.jpg","datePublished":"2020-09-13T12:47:06+00:00","dateModified":"2025-05-06T03:10:19+00:00","description":"Navty P1 Premium avertisseur radar et acc\u00e9l\u00e9rom\u00e8tre. Protection contre les radars et les mesures laser, y compris les nouveaux radars MultaRadar et Gatso.","breadcrumb":{"@id":"https:\/\/radarservice.eu\/fr\/produit\/navty-p1-premium-edition\/#breadcrumb"},"inLanguage":"fr-FR","potentialAction":[{"@type":"ReadAction","target":["https:\/\/radarservice.eu\/fr\/produit\/navty-p1-premium-edition\/"]}]},{"@type":"ImageObject","inLanguage":"fr-FR","@id":"https:\/\/radarservice.eu\/fr\/produit\/navty-p1-premium-edition\/#primaryimage","url":"https:\/\/radarservice.eu\/wp-content\/uploads\/2020\/09\/NAVTY_P1_Radarwarner_800x562.jpg","contentUrl":"https:\/\/radarservice.eu\/wp-content\/uploads\/2020\/09\/NAVTY_P1_Radarwarner_800x562.jpg","width":800,"height":562,"caption":"D\u00e9tecteur de radars NAVTY P1 Premium"},{"@type":"BreadcrumbList","@id":"https:\/\/radarservice.eu\/fr\/produit\/navty-p1-premium-edition\/#breadcrumb","itemListElement":[{"@type":"ListItem","position":1,"name":"Boutique","item":"https:\/\/radarservice.eu\/fr\/boutique\/"},{"@type":"ListItem","position":2,"name":"Navty P1 Premium Edition"}]},{"@type":"WebSite","@id":"https:\/\/radarservice.eu\/fr\/#website","url":"https:\/\/radarservice.eu\/fr\/","name":"Radar Service","description":"Radar detector Laser jammer mobile fix","publisher":{"@id":"https:\/\/radarservice.eu\/fr\/#organization"},"potentialAction":[{"@type":"SearchAction","target":{"@type":"EntryPoint","urlTemplate":"https:\/\/radarservice.eu\/fr\/?s={search_term_string}"},"query-input":{"@type":"PropertyValueSpecification","valueRequired":true,"valueName":"search_term_string"}}],"inLanguage":"fr-FR"},{"@type":"Organization","@id":"https:\/\/radarservice.eu\/fr\/#organization","name":"RadarService","url":"https:\/\/radarservice.eu\/fr\/","logo":{"@type":"ImageObject","inLanguage":"fr-FR","@id":"https:\/\/radarservice.eu\/fr\/#\/schema\/logo\/image\/","url":"https:\/\/radarservice.eu\/wp-content\/uploads\/2021\/03\/Radar_detector_service.png","contentUrl":"https:\/\/radarservice.eu\/wp-content\/uploads\/2021\/03\/Radar_detector_service.png","width":174,"height":48,"caption":"RadarService"},"image":{"@id":"https:\/\/radarservice.eu\/fr\/#\/schema\/logo\/image\/"}}]}},"_links":{"self":[{"href":"https:\/\/radarservice.eu\/fr\/wp-json\/wp\/v2\/product\/14575","targetHints":{"allow":["GET"]}}],"collection":[{"href":"https:\/\/radarservice.eu\/fr\/wp-json\/wp\/v2\/product"}],"about":[{"href":"https:\/\/radarservice.eu\/fr\/wp-json\/wp\/v2\/types\/product"}],"replies":[{"embeddable":true,"href":"https:\/\/radarservice.eu\/fr\/wp-json\/wp\/v2\/comments?post=14575"}],"wp:featuredmedia":[{"embeddable":true,"href":"https:\/\/radarservice.eu\/fr\/wp-json\/wp\/v2\/media\/14376"}],"wp:attachment":[{"href":"https:\/\/radarservice.eu\/fr\/wp-json\/wp\/v2\/media?parent=14575"}],"wp:term":[{"taxonomy":"product_brand","embeddable":true,"href":"https:\/\/radarservice.eu\/fr\/wp-json\/wp\/v2\/product_brand?post=14575"},{"taxonomy":"product_cat","embeddable":true,"href":"https:\/\/radarservice.eu\/fr\/wp-json\/wp\/v2\/product_cat?post=14575"},{"taxonomy":"product_tag","embeddable":true,"href":"https:\/\/radarservice.eu\/fr\/wp-json\/wp\/v2\/product_tag?post=14575"}],"curies":[{"name":"wp","href":"https:\/\/api.w.org\/{rel}","templated":true}]}}