{"id":14572,"date":"2020-11-24T00:52:21","date_gmt":"2020-11-23T23:52:21","guid":{"rendered":"https:\/\/radarservice.eu\/produkt\/genevo-assist-pro-hdm-et-antilaser-priority-dual-fixe\/"},"modified":"2025-06-20T05:10:31","modified_gmt":"2025-06-20T03:10:31","slug":"genevo-assist-pro-hdm-et-antilaser-priority-dual-fixe","status":"publish","type":"product","link":"https:\/\/radarservice.eu\/fr\/produit\/genevo-assist-pro-hdm-et-antilaser-priority-dual-fixe\/","title":{"rendered":"Genevo Assist Pro HDM+ et Antilaser Priority Dual Fixe"},"content":{"rendered":"<h2>Dispositif fixe Genevo Assist Pro HDM+ Avertisseur radar et Antilaser ALP DUAL Laserst\u00f6rer<\/h2>\n<p><strong>Genevo Assist Pro HDM+ D\u00e9tecteur de radar fixe<\/strong><\/p>\n<p>L\u2019avertisseur radar Genevo Assist HDM+ est actuellement le meilleur dispositif d\u2019installation haut de gamme pour le march\u00e9 europ\u00e9en.<\/p>\n<p> Les meilleurs r\u00e9sultats d\u2019alerte avec un taux minimal de fausse alerte font du Genevo Assist HDM+ l\u2019appareil de pointe absolu de tous les avertisseurs de radars fixes.<\/p>\n<p>La partie d\u2019affichage et de commande magn\u00e9tique peut \u00eatre retir\u00e9e \u00e0 tout moment lors des contr\u00f4les de police ou des passages frontaliers. Cela permet de d\u00e9sactiver imm\u00e9diatement le Genevo Assist. <\/p>\n<p>Les options de r\u00e9glage du Genevo Assist Pro sont in\u00e9gal\u00e9es dans sa multitude. N\u00e9anmoins, m\u00eame pour les d\u00e9butants, il est tout simplement possible d\u2019adapter les r\u00e9glages \u00e0 leurs propres besoins. Un logiciel sp\u00e9cialement con\u00e7u \u00e0 cet effet permet de configurer facilement le PC domestique ou l\u2019ordinateur portable.<\/p>\n<p>Les avertissements sont effectu\u00e9s au choix par des messages linguistiques en allemand ou en anglais ou par un simple bip. La base de donn\u00e9es GPS POI du Genevo Assist est pr\u00e9install\u00e9e gratuitement et vous met en garde contre les syst\u00e8mes fixes de surveillance de la vitesse et des feux rouges dans toute l\u2019Europe.<\/p>\n<p><strong>Antilaser ALP Priority DUAL avec 2 d\u00e9tecteurs de perturbateurs laser<\/strong><\/p>\n<p>Le nouvel Antilaser AL-Priority a encore \u00e9t\u00e9 am\u00e9lior\u00e9 par rapport \u00e0 ses pr\u00e9d\u00e9cesseurs AL-G8 &#038; AL-G9 et vous offre une protection \u00e0 100% contre les contr\u00f4les de vitesse avec des pistolets laser. Malgr\u00e9 les dimensions tr\u00e8s r\u00e9duites des capteurs, l\u2019ALP offre ainsi une protection efficace et efficace contre les pistolets laser et les nouveaux pendentifs \u00e0 bliter. Le connecteur laser antilaser peut \u00eatre utilis\u00e9 \u00e0 la fois comme capteur de parc et un perturbateur laser.<\/p>\n","protected":false},"excerpt":{"rendered":"<p>Dispositif fixe Genevo Assist Pro HDM+ Avertisseur radar et Antilaser ALP DUAL Laserst\u00f6rer Genevo Assist Pro HDM+ D\u00e9tecteur de radar fixe L\u2019avertisseur radar Genevo Assist HDM+ est actuellement le meilleur dispositif d\u2019installation haut de gamme pour le march\u00e9 europ\u00e9en. Les meilleurs r\u00e9sultats d\u2019alerte avec un taux minimal de fausse alerte font du Genevo Assist HDM+ [&#8230;]\n","protected":false},"featured_media":14114,"comment_status":"open","ping_status":"closed","template":"","meta":[],"product_brand":[],"product_cat":[285,295,317],"product_tag":[],"class_list":{"0":"post-14572","1":"product","2":"type-product","3":"status-publish","4":"has-post-thumbnail","6":"product_cat-antilaser-france","7":"product_cat-genevo-france","8":"product_cat-paquets-de-protection-recommandes","10":"first","11":"instock","12":"sale","13":"taxable","14":"shipping-taxable","15":"purchasable","16":"product-type-simple"},"yoast_head":"<!-- This site is optimized with the Yoast SEO plugin v27.2 - https:\/\/yoast.com\/product\/yoast-seo-wordpress\/ -->\n<title>Genevo Assist Pro HDM+ et Antilaser Priority Dual Fixe<\/title>\n<meta name=\"description\" content=\"D\u00e9tecteur de radar \u00e0 installation fixe Genevo Assist Pro HDM+ et brouilleur laser ALP DUAL anti-laser pour installation cach\u00e9e dans le v\u00e9hicule.\" \/>\n<meta name=\"robots\" content=\"index, follow, max-snippet:-1, max-image-preview:large, max-video-preview:-1\" \/>\n<link rel=\"canonical\" href=\"https:\/\/radarservice.eu\/fr\/produit\/genevo-assist-pro-hdm-et-antilaser-priority-dual-fixe\/\" \/>\n<meta property=\"og:locale\" content=\"fr_FR\" \/>\n<meta property=\"og:type\" content=\"article\" \/>\n<meta property=\"og:title\" content=\"Genevo Assist Pro HDM+ et Antilaser Priority Dual Fixe\" \/>\n<meta property=\"og:description\" content=\"D\u00e9tecteur de radar \u00e0 installation fixe Genevo Assist Pro HDM+ et brouilleur laser ALP DUAL anti-laser pour installation cach\u00e9e dans le v\u00e9hicule.\" \/>\n<meta property=\"og:url\" content=\"https:\/\/radarservice.eu\/fr\/produit\/genevo-assist-pro-hdm-et-antilaser-priority-dual-fixe\/\" \/>\n<meta property=\"og:site_name\" content=\"Radar Service\" \/>\n<meta property=\"article:modified_time\" content=\"2025-06-20T03:10:31+00:00\" \/>\n<meta property=\"og:image\" content=\"https:\/\/radarservice.eu\/wp-content\/uploads\/2020\/09\/Genevo-Assist-Pro-HDM-Verpackung.jpg\" \/>\n\t<meta property=\"og:image:width\" content=\"1600\" \/>\n\t<meta property=\"og:image:height\" content=\"1049\" \/>\n\t<meta property=\"og:image:type\" content=\"image\/jpeg\" \/>\n<meta name=\"twitter:card\" content=\"summary_large_image\" \/>\n<meta name=\"twitter:label1\" content=\"Dur\u00e9e de lecture estim\u00e9e\" \/>\n\t<meta name=\"twitter:data1\" content=\"2 minutes\" \/>\n<script type=\"application\/ld+json\" class=\"yoast-schema-graph\">{\"@context\":\"https:\/\/schema.org\",\"@graph\":[{\"@type\":\"WebPage\",\"@id\":\"https:\/\/radarservice.eu\/fr\/produit\/genevo-assist-pro-hdm-et-antilaser-priority-dual-fixe\/\",\"url\":\"https:\/\/radarservice.eu\/fr\/produit\/genevo-assist-pro-hdm-et-antilaser-priority-dual-fixe\/\",\"name\":\"Genevo Assist Pro HDM+ et Antilaser Priority Dual Fixe\",\"isPartOf\":{\"@id\":\"https:\/\/radarservice.eu\/fr\/#website\"},\"primaryImageOfPage\":{\"@id\":\"https:\/\/radarservice.eu\/fr\/produit\/genevo-assist-pro-hdm-et-antilaser-priority-dual-fixe\/#primaryimage\"},\"image\":{\"@id\":\"https:\/\/radarservice.eu\/fr\/produit\/genevo-assist-pro-hdm-et-antilaser-priority-dual-fixe\/#primaryimage\"},\"thumbnailUrl\":\"https:\/\/radarservice.eu\/wp-content\/uploads\/2020\/09\/Genevo-Assist-Pro-HDM-Verpackung.jpg\",\"datePublished\":\"2020-11-23T23:52:21+00:00\",\"dateModified\":\"2025-06-20T03:10:31+00:00\",\"description\":\"D\u00e9tecteur de radar \u00e0 installation fixe Genevo Assist Pro HDM+ et brouilleur laser ALP DUAL anti-laser pour installation cach\u00e9e dans le v\u00e9hicule.\",\"breadcrumb\":{\"@id\":\"https:\/\/radarservice.eu\/fr\/produit\/genevo-assist-pro-hdm-et-antilaser-priority-dual-fixe\/#breadcrumb\"},\"inLanguage\":\"fr-FR\",\"potentialAction\":[{\"@type\":\"ReadAction\",\"target\":[\"https:\/\/radarservice.eu\/fr\/produit\/genevo-assist-pro-hdm-et-antilaser-priority-dual-fixe\/\"]}]},{\"@type\":\"ImageObject\",\"inLanguage\":\"fr-FR\",\"@id\":\"https:\/\/radarservice.eu\/fr\/produit\/genevo-assist-pro-hdm-et-antilaser-priority-dual-fixe\/#primaryimage\",\"url\":\"https:\/\/radarservice.eu\/wp-content\/uploads\/2020\/09\/Genevo-Assist-Pro-HDM-Verpackung.jpg\",\"contentUrl\":\"https:\/\/radarservice.eu\/wp-content\/uploads\/2020\/09\/Genevo-Assist-Pro-HDM-Verpackung.jpg\",\"width\":1600,\"height\":1049,\"caption\":\"Genevo Assist Pro EMBALLAGE HDM\"},{\"@type\":\"BreadcrumbList\",\"@id\":\"https:\/\/radarservice.eu\/fr\/produit\/genevo-assist-pro-hdm-et-antilaser-priority-dual-fixe\/#breadcrumb\",\"itemListElement\":[{\"@type\":\"ListItem\",\"position\":1,\"name\":\"Boutique\",\"item\":\"https:\/\/radarservice.eu\/fr\/boutique\/\"},{\"@type\":\"ListItem\",\"position\":2,\"name\":\"Genevo Assist Pro HDM+ et Antilaser Priority Dual Fixe\"}]},{\"@type\":\"WebSite\",\"@id\":\"https:\/\/radarservice.eu\/fr\/#website\",\"url\":\"https:\/\/radarservice.eu\/fr\/\",\"name\":\"Radar Service\",\"description\":\"Radar detector Laser jammer mobile fix\",\"publisher\":{\"@id\":\"https:\/\/radarservice.eu\/fr\/#organization\"},\"potentialAction\":[{\"@type\":\"SearchAction\",\"target\":{\"@type\":\"EntryPoint\",\"urlTemplate\":\"https:\/\/radarservice.eu\/fr\/?s={search_term_string}\"},\"query-input\":{\"@type\":\"PropertyValueSpecification\",\"valueRequired\":true,\"valueName\":\"search_term_string\"}}],\"inLanguage\":\"fr-FR\"},{\"@type\":\"Organization\",\"@id\":\"https:\/\/radarservice.eu\/fr\/#organization\",\"name\":\"RadarService\",\"url\":\"https:\/\/radarservice.eu\/fr\/\",\"logo\":{\"@type\":\"ImageObject\",\"inLanguage\":\"fr-FR\",\"@id\":\"https:\/\/radarservice.eu\/fr\/#\/schema\/logo\/image\/\",\"url\":\"https:\/\/radarservice.eu\/wp-content\/uploads\/2021\/03\/Radar_detector_service.png\",\"contentUrl\":\"https:\/\/radarservice.eu\/wp-content\/uploads\/2021\/03\/Radar_detector_service.png\",\"width\":174,\"height\":48,\"caption\":\"RadarService\"},\"image\":{\"@id\":\"https:\/\/radarservice.eu\/fr\/#\/schema\/logo\/image\/\"}}]}<\/script>\n<!-- \/ Yoast SEO plugin. -->","yoast_head_json":{"title":"Genevo Assist Pro HDM+ et Antilaser Priority Dual Fixe","description":"D\u00e9tecteur de radar \u00e0 installation fixe Genevo Assist Pro HDM+ et brouilleur laser ALP DUAL anti-laser pour installation cach\u00e9e dans le v\u00e9hicule.","robots":{"index":"index","follow":"follow","max-snippet":"max-snippet:-1","max-image-preview":"max-image-preview:large","max-video-preview":"max-video-preview:-1"},"canonical":"https:\/\/radarservice.eu\/fr\/produit\/genevo-assist-pro-hdm-et-antilaser-priority-dual-fixe\/","og_locale":"fr_FR","og_type":"article","og_title":"Genevo Assist Pro HDM+ et Antilaser Priority Dual Fixe","og_description":"D\u00e9tecteur de radar \u00e0 installation fixe Genevo Assist Pro HDM+ et brouilleur laser ALP DUAL anti-laser pour installation cach\u00e9e dans le v\u00e9hicule.","og_url":"https:\/\/radarservice.eu\/fr\/produit\/genevo-assist-pro-hdm-et-antilaser-priority-dual-fixe\/","og_site_name":"Radar Service","article_modified_time":"2025-06-20T03:10:31+00:00","og_image":[{"width":1600,"height":1049,"url":"https:\/\/radarservice.eu\/wp-content\/uploads\/2020\/09\/Genevo-Assist-Pro-HDM-Verpackung.jpg","type":"image\/jpeg"}],"twitter_card":"summary_large_image","twitter_misc":{"Dur\u00e9e de lecture estim\u00e9e":"2 minutes"},"schema":{"@context":"https:\/\/schema.org","@graph":[{"@type":"WebPage","@id":"https:\/\/radarservice.eu\/fr\/produit\/genevo-assist-pro-hdm-et-antilaser-priority-dual-fixe\/","url":"https:\/\/radarservice.eu\/fr\/produit\/genevo-assist-pro-hdm-et-antilaser-priority-dual-fixe\/","name":"Genevo Assist Pro HDM+ et Antilaser Priority Dual Fixe","isPartOf":{"@id":"https:\/\/radarservice.eu\/fr\/#website"},"primaryImageOfPage":{"@id":"https:\/\/radarservice.eu\/fr\/produit\/genevo-assist-pro-hdm-et-antilaser-priority-dual-fixe\/#primaryimage"},"image":{"@id":"https:\/\/radarservice.eu\/fr\/produit\/genevo-assist-pro-hdm-et-antilaser-priority-dual-fixe\/#primaryimage"},"thumbnailUrl":"https:\/\/radarservice.eu\/wp-content\/uploads\/2020\/09\/Genevo-Assist-Pro-HDM-Verpackung.jpg","datePublished":"2020-11-23T23:52:21+00:00","dateModified":"2025-06-20T03:10:31+00:00","description":"D\u00e9tecteur de radar \u00e0 installation fixe Genevo Assist Pro HDM+ et brouilleur laser ALP DUAL anti-laser pour installation cach\u00e9e dans le v\u00e9hicule.","breadcrumb":{"@id":"https:\/\/radarservice.eu\/fr\/produit\/genevo-assist-pro-hdm-et-antilaser-priority-dual-fixe\/#breadcrumb"},"inLanguage":"fr-FR","potentialAction":[{"@type":"ReadAction","target":["https:\/\/radarservice.eu\/fr\/produit\/genevo-assist-pro-hdm-et-antilaser-priority-dual-fixe\/"]}]},{"@type":"ImageObject","inLanguage":"fr-FR","@id":"https:\/\/radarservice.eu\/fr\/produit\/genevo-assist-pro-hdm-et-antilaser-priority-dual-fixe\/#primaryimage","url":"https:\/\/radarservice.eu\/wp-content\/uploads\/2020\/09\/Genevo-Assist-Pro-HDM-Verpackung.jpg","contentUrl":"https:\/\/radarservice.eu\/wp-content\/uploads\/2020\/09\/Genevo-Assist-Pro-HDM-Verpackung.jpg","width":1600,"height":1049,"caption":"Genevo Assist Pro EMBALLAGE HDM"},{"@type":"BreadcrumbList","@id":"https:\/\/radarservice.eu\/fr\/produit\/genevo-assist-pro-hdm-et-antilaser-priority-dual-fixe\/#breadcrumb","itemListElement":[{"@type":"ListItem","position":1,"name":"Boutique","item":"https:\/\/radarservice.eu\/fr\/boutique\/"},{"@type":"ListItem","position":2,"name":"Genevo Assist Pro HDM+ et Antilaser Priority Dual Fixe"}]},{"@type":"WebSite","@id":"https:\/\/radarservice.eu\/fr\/#website","url":"https:\/\/radarservice.eu\/fr\/","name":"Radar Service","description":"Radar detector Laser jammer mobile fix","publisher":{"@id":"https:\/\/radarservice.eu\/fr\/#organization"},"potentialAction":[{"@type":"SearchAction","target":{"@type":"EntryPoint","urlTemplate":"https:\/\/radarservice.eu\/fr\/?s={search_term_string}"},"query-input":{"@type":"PropertyValueSpecification","valueRequired":true,"valueName":"search_term_string"}}],"inLanguage":"fr-FR"},{"@type":"Organization","@id":"https:\/\/radarservice.eu\/fr\/#organization","name":"RadarService","url":"https:\/\/radarservice.eu\/fr\/","logo":{"@type":"ImageObject","inLanguage":"fr-FR","@id":"https:\/\/radarservice.eu\/fr\/#\/schema\/logo\/image\/","url":"https:\/\/radarservice.eu\/wp-content\/uploads\/2021\/03\/Radar_detector_service.png","contentUrl":"https:\/\/radarservice.eu\/wp-content\/uploads\/2021\/03\/Radar_detector_service.png","width":174,"height":48,"caption":"RadarService"},"image":{"@id":"https:\/\/radarservice.eu\/fr\/#\/schema\/logo\/image\/"}}]}},"_links":{"self":[{"href":"https:\/\/radarservice.eu\/fr\/wp-json\/wp\/v2\/product\/14572","targetHints":{"allow":["GET"]}}],"collection":[{"href":"https:\/\/radarservice.eu\/fr\/wp-json\/wp\/v2\/product"}],"about":[{"href":"https:\/\/radarservice.eu\/fr\/wp-json\/wp\/v2\/types\/product"}],"replies":[{"embeddable":true,"href":"https:\/\/radarservice.eu\/fr\/wp-json\/wp\/v2\/comments?post=14572"}],"wp:featuredmedia":[{"embeddable":true,"href":"https:\/\/radarservice.eu\/fr\/wp-json\/wp\/v2\/media\/14114"}],"wp:attachment":[{"href":"https:\/\/radarservice.eu\/fr\/wp-json\/wp\/v2\/media?parent=14572"}],"wp:term":[{"taxonomy":"product_brand","embeddable":true,"href":"https:\/\/radarservice.eu\/fr\/wp-json\/wp\/v2\/product_brand?post=14572"},{"taxonomy":"product_cat","embeddable":true,"href":"https:\/\/radarservice.eu\/fr\/wp-json\/wp\/v2\/product_cat?post=14572"},{"taxonomy":"product_tag","embeddable":true,"href":"https:\/\/radarservice.eu\/fr\/wp-json\/wp\/v2\/product_tag?post=14572"}],"curies":[{"name":"wp","href":"https:\/\/api.w.org\/{rel}","templated":true}]}}