{"id":14571,"date":"2020-11-24T01:00:06","date_gmt":"2020-11-24T00:00:06","guid":{"rendered":"https:\/\/radarservice.eu\/produkt\/genevo-gps-hdm-antenne-radar-genevo-ff2-brouilleur-laser\/"},"modified":"2021-03-18T10:43:44","modified_gmt":"2021-03-18T09:43:44","slug":"genevo-gps-hdm-antenne-radar-genevo-ff2-brouilleur-laser","status":"publish","type":"product","link":"https:\/\/radarservice.eu\/fr\/produit\/genevo-gps-hdm-antenne-radar-genevo-ff2-brouilleur-laser\/","title":{"rendered":"GENEVO GPS+&#038; HDM+ ANTENNE RADAR &#038; GENEVO FF2 BROUILLEUR LASER"},"content":{"rendered":"<h1>GENEVO GPS+ et HDM+ RADAR WARNER et GENEVO FF2 LASER DISTURBERS<\/h1>\n<h2>Genevo GPS+ &#038; HDM+ D\u00e9tecteur radar<\/h2>\n<p>Le d\u00e9tecteur de radar sans fil Genevo HDM+ est un petit et puissant d\u00e9tecteur de radar fixe con\u00e7u pour une installation dissimul\u00e9e \u00e0 l&rsquo;avant du v\u00e9hicule. Les avertissements sonores et visuels sont fournis par le Genevo GPS+ POI Warner avec des messages vocaux en allemand. Le Genevo GPS+ peut \u00eatre soit fix\u00e9 au pare-brise \u00e0 l&rsquo;aide de ventouses, soit plac\u00e9 de mani\u00e8re pratique dans la console centrale. Ce syst\u00e8me petit et puissant vous avertit de mani\u00e8re fiable des pi\u00e8ges \u00e0 vitesse (y compris les nouveaux MultaRadar MRCD \/ MRCT \/ Moving et Gatso RT3 \/ RT4) en Europe.<\/p>\n<h2>Laser Jammer Genevo FF2<\/h2>\n<p>Le syst\u00e8me laser Genevo FF2 peut \u00eatre utilis\u00e9 \u00e0 la fois comme capteur de stationnement l\u00e9gal ou comme brouilleur de laser contre les mesures de vitesse avec des pistolets laser.<br \/>.<br \/>\nLa conception tr\u00e8s compacte des capteurs permet un montage discret \u00e0 l&rsquo;avant du v\u00e9hicule. La fonction de brouilleur de laser peut \u00eatre d\u00e9sactiv\u00e9e \u00e0 tout moment en appuyant sur un bouton. Ainsi, une op\u00e9ration l\u00e9gale en tant que pure aide au stationnement est possible.<\/p>\n","protected":false},"excerpt":{"rendered":"<p>GENEVO GPS+ et HDM+ RADAR WARNER et GENEVO FF2 LASER DISTURBERS Genevo GPS+ &#038; HDM+ D\u00e9tecteur radar Le d\u00e9tecteur de radar sans fil Genevo HDM+ est un petit et puissant d\u00e9tecteur de radar fixe con\u00e7u pour une installation dissimul\u00e9e \u00e0 l&rsquo;avant du v\u00e9hicule. Les avertissements sonores et visuels sont fournis par le Genevo GPS+ POI [&#8230;]\n","protected":false},"featured_media":14296,"comment_status":"open","ping_status":"closed","template":"","meta":[],"product_brand":[],"product_cat":[295,317],"product_tag":[],"class_list":{"0":"post-14571","1":"product","2":"type-product","3":"status-publish","4":"has-post-thumbnail","6":"product_cat-genevo-france","7":"product_cat-paquets-de-protection-recommandes","9":"first","10":"instock","11":"sale","12":"taxable","13":"shipping-taxable","14":"purchasable","15":"product-type-simple"},"yoast_head":"<!-- This site is optimized with the Yoast SEO plugin v27.2 - https:\/\/yoast.com\/product\/yoast-seo-wordpress\/ -->\n<title>GENEVO GPS+&amp; HDM+ ANTENNE RADAR &amp; GENEVO FF2 BROUILLEUR LASER<\/title>\n<meta name=\"description\" content=\"Ensemble d&#039;entr\u00e9e de gamme fiable avec d\u00e9tecteur de radar Genevo GPS+ HDM+ sans fil et brouilleur laser Genevo FF2 pour installation fixe dans le v\u00e9hicule.\" \/>\n<meta name=\"robots\" content=\"index, follow, max-snippet:-1, max-image-preview:large, max-video-preview:-1\" \/>\n<link rel=\"canonical\" href=\"https:\/\/radarservice.eu\/fr\/produit\/genevo-gps-hdm-antenne-radar-genevo-ff2-brouilleur-laser\/\" \/>\n<meta property=\"og:locale\" content=\"fr_FR\" \/>\n<meta property=\"og:type\" content=\"article\" \/>\n<meta property=\"og:title\" content=\"GENEVO GPS+&amp; HDM+ ANTENNE RADAR &amp; GENEVO FF2 BROUILLEUR LASER\" \/>\n<meta property=\"og:description\" content=\"Ensemble d&#039;entr\u00e9e de gamme fiable avec d\u00e9tecteur de radar Genevo GPS+ HDM+ sans fil et brouilleur laser Genevo FF2 pour installation fixe dans le v\u00e9hicule.\" \/>\n<meta property=\"og:url\" content=\"https:\/\/radarservice.eu\/fr\/produit\/genevo-gps-hdm-antenne-radar-genevo-ff2-brouilleur-laser\/\" \/>\n<meta property=\"og:site_name\" content=\"Radar Service\" \/>\n<meta property=\"article:modified_time\" content=\"2021-03-18T09:43:44+00:00\" \/>\n<meta property=\"og:image\" content=\"https:\/\/radarservice.eu\/wp-content\/uploads\/2020\/09\/genevo_gps_hdm_radar.jpg\" \/>\n\t<meta property=\"og:image:width\" content=\"990\" \/>\n\t<meta property=\"og:image:height\" content=\"720\" \/>\n\t<meta property=\"og:image:type\" content=\"image\/jpeg\" \/>\n<meta name=\"twitter:card\" content=\"summary_large_image\" \/>\n<meta name=\"twitter:label1\" content=\"Dur\u00e9e de lecture estim\u00e9e\" \/>\n\t<meta name=\"twitter:data1\" content=\"1 minute\" \/>\n<script type=\"application\/ld+json\" class=\"yoast-schema-graph\">{\"@context\":\"https:\/\/schema.org\",\"@graph\":[{\"@type\":\"WebPage\",\"@id\":\"https:\/\/radarservice.eu\/fr\/produit\/genevo-gps-hdm-antenne-radar-genevo-ff2-brouilleur-laser\/\",\"url\":\"https:\/\/radarservice.eu\/fr\/produit\/genevo-gps-hdm-antenne-radar-genevo-ff2-brouilleur-laser\/\",\"name\":\"GENEVO GPS+& HDM+ ANTENNE RADAR & GENEVO FF2 BROUILLEUR LASER\",\"isPartOf\":{\"@id\":\"https:\/\/radarservice.eu\/fr\/#website\"},\"primaryImageOfPage\":{\"@id\":\"https:\/\/radarservice.eu\/fr\/produit\/genevo-gps-hdm-antenne-radar-genevo-ff2-brouilleur-laser\/#primaryimage\"},\"image\":{\"@id\":\"https:\/\/radarservice.eu\/fr\/produit\/genevo-gps-hdm-antenne-radar-genevo-ff2-brouilleur-laser\/#primaryimage\"},\"thumbnailUrl\":\"https:\/\/radarservice.eu\/wp-content\/uploads\/2020\/09\/genevo_gps_hdm_radar.jpg\",\"datePublished\":\"2020-11-24T00:00:06+00:00\",\"dateModified\":\"2021-03-18T09:43:44+00:00\",\"description\":\"Ensemble d'entr\u00e9e de gamme fiable avec d\u00e9tecteur de radar Genevo GPS+ HDM+ sans fil et brouilleur laser Genevo FF2 pour installation fixe dans le v\u00e9hicule.\",\"breadcrumb\":{\"@id\":\"https:\/\/radarservice.eu\/fr\/produit\/genevo-gps-hdm-antenne-radar-genevo-ff2-brouilleur-laser\/#breadcrumb\"},\"inLanguage\":\"fr-FR\",\"potentialAction\":[{\"@type\":\"ReadAction\",\"target\":[\"https:\/\/radarservice.eu\/fr\/produit\/genevo-gps-hdm-antenne-radar-genevo-ff2-brouilleur-laser\/\"]}]},{\"@type\":\"ImageObject\",\"inLanguage\":\"fr-FR\",\"@id\":\"https:\/\/radarservice.eu\/fr\/produit\/genevo-gps-hdm-antenne-radar-genevo-ff2-brouilleur-laser\/#primaryimage\",\"url\":\"https:\/\/radarservice.eu\/wp-content\/uploads\/2020\/09\/genevo_gps_hdm_radar.jpg\",\"contentUrl\":\"https:\/\/radarservice.eu\/wp-content\/uploads\/2020\/09\/genevo_gps_hdm_radar.jpg\",\"width\":990,\"height\":720,\"caption\":\"Paquet DE GPS Genevo HDM+\"},{\"@type\":\"BreadcrumbList\",\"@id\":\"https:\/\/radarservice.eu\/fr\/produit\/genevo-gps-hdm-antenne-radar-genevo-ff2-brouilleur-laser\/#breadcrumb\",\"itemListElement\":[{\"@type\":\"ListItem\",\"position\":1,\"name\":\"Boutique\",\"item\":\"https:\/\/radarservice.eu\/fr\/boutique\/\"},{\"@type\":\"ListItem\",\"position\":2,\"name\":\"GENEVO GPS+&#038; HDM+ ANTENNE RADAR &#038; GENEVO FF2 BROUILLEUR LASER\"}]},{\"@type\":\"WebSite\",\"@id\":\"https:\/\/radarservice.eu\/fr\/#website\",\"url\":\"https:\/\/radarservice.eu\/fr\/\",\"name\":\"Radar Service\",\"description\":\"Radar detector Laser jammer mobile fix\",\"publisher\":{\"@id\":\"https:\/\/radarservice.eu\/fr\/#organization\"},\"potentialAction\":[{\"@type\":\"SearchAction\",\"target\":{\"@type\":\"EntryPoint\",\"urlTemplate\":\"https:\/\/radarservice.eu\/fr\/?s={search_term_string}\"},\"query-input\":{\"@type\":\"PropertyValueSpecification\",\"valueRequired\":true,\"valueName\":\"search_term_string\"}}],\"inLanguage\":\"fr-FR\"},{\"@type\":\"Organization\",\"@id\":\"https:\/\/radarservice.eu\/fr\/#organization\",\"name\":\"RadarService\",\"url\":\"https:\/\/radarservice.eu\/fr\/\",\"logo\":{\"@type\":\"ImageObject\",\"inLanguage\":\"fr-FR\",\"@id\":\"https:\/\/radarservice.eu\/fr\/#\/schema\/logo\/image\/\",\"url\":\"https:\/\/radarservice.eu\/wp-content\/uploads\/2021\/03\/Radar_detector_service.png\",\"contentUrl\":\"https:\/\/radarservice.eu\/wp-content\/uploads\/2021\/03\/Radar_detector_service.png\",\"width\":174,\"height\":48,\"caption\":\"RadarService\"},\"image\":{\"@id\":\"https:\/\/radarservice.eu\/fr\/#\/schema\/logo\/image\/\"}}]}<\/script>\n<!-- \/ Yoast SEO plugin. -->","yoast_head_json":{"title":"GENEVO GPS+& HDM+ ANTENNE RADAR & GENEVO FF2 BROUILLEUR LASER","description":"Ensemble d'entr\u00e9e de gamme fiable avec d\u00e9tecteur de radar Genevo GPS+ HDM+ sans fil et brouilleur laser Genevo FF2 pour installation fixe dans le v\u00e9hicule.","robots":{"index":"index","follow":"follow","max-snippet":"max-snippet:-1","max-image-preview":"max-image-preview:large","max-video-preview":"max-video-preview:-1"},"canonical":"https:\/\/radarservice.eu\/fr\/produit\/genevo-gps-hdm-antenne-radar-genevo-ff2-brouilleur-laser\/","og_locale":"fr_FR","og_type":"article","og_title":"GENEVO GPS+& HDM+ ANTENNE RADAR & GENEVO FF2 BROUILLEUR LASER","og_description":"Ensemble d'entr\u00e9e de gamme fiable avec d\u00e9tecteur de radar Genevo GPS+ HDM+ sans fil et brouilleur laser Genevo FF2 pour installation fixe dans le v\u00e9hicule.","og_url":"https:\/\/radarservice.eu\/fr\/produit\/genevo-gps-hdm-antenne-radar-genevo-ff2-brouilleur-laser\/","og_site_name":"Radar Service","article_modified_time":"2021-03-18T09:43:44+00:00","og_image":[{"width":990,"height":720,"url":"https:\/\/radarservice.eu\/wp-content\/uploads\/2020\/09\/genevo_gps_hdm_radar.jpg","type":"image\/jpeg"}],"twitter_card":"summary_large_image","twitter_misc":{"Dur\u00e9e de lecture estim\u00e9e":"1 minute"},"schema":{"@context":"https:\/\/schema.org","@graph":[{"@type":"WebPage","@id":"https:\/\/radarservice.eu\/fr\/produit\/genevo-gps-hdm-antenne-radar-genevo-ff2-brouilleur-laser\/","url":"https:\/\/radarservice.eu\/fr\/produit\/genevo-gps-hdm-antenne-radar-genevo-ff2-brouilleur-laser\/","name":"GENEVO GPS+& HDM+ ANTENNE RADAR & GENEVO FF2 BROUILLEUR LASER","isPartOf":{"@id":"https:\/\/radarservice.eu\/fr\/#website"},"primaryImageOfPage":{"@id":"https:\/\/radarservice.eu\/fr\/produit\/genevo-gps-hdm-antenne-radar-genevo-ff2-brouilleur-laser\/#primaryimage"},"image":{"@id":"https:\/\/radarservice.eu\/fr\/produit\/genevo-gps-hdm-antenne-radar-genevo-ff2-brouilleur-laser\/#primaryimage"},"thumbnailUrl":"https:\/\/radarservice.eu\/wp-content\/uploads\/2020\/09\/genevo_gps_hdm_radar.jpg","datePublished":"2020-11-24T00:00:06+00:00","dateModified":"2021-03-18T09:43:44+00:00","description":"Ensemble d'entr\u00e9e de gamme fiable avec d\u00e9tecteur de radar Genevo GPS+ HDM+ sans fil et brouilleur laser Genevo FF2 pour installation fixe dans le v\u00e9hicule.","breadcrumb":{"@id":"https:\/\/radarservice.eu\/fr\/produit\/genevo-gps-hdm-antenne-radar-genevo-ff2-brouilleur-laser\/#breadcrumb"},"inLanguage":"fr-FR","potentialAction":[{"@type":"ReadAction","target":["https:\/\/radarservice.eu\/fr\/produit\/genevo-gps-hdm-antenne-radar-genevo-ff2-brouilleur-laser\/"]}]},{"@type":"ImageObject","inLanguage":"fr-FR","@id":"https:\/\/radarservice.eu\/fr\/produit\/genevo-gps-hdm-antenne-radar-genevo-ff2-brouilleur-laser\/#primaryimage","url":"https:\/\/radarservice.eu\/wp-content\/uploads\/2020\/09\/genevo_gps_hdm_radar.jpg","contentUrl":"https:\/\/radarservice.eu\/wp-content\/uploads\/2020\/09\/genevo_gps_hdm_radar.jpg","width":990,"height":720,"caption":"Paquet DE GPS Genevo HDM+"},{"@type":"BreadcrumbList","@id":"https:\/\/radarservice.eu\/fr\/produit\/genevo-gps-hdm-antenne-radar-genevo-ff2-brouilleur-laser\/#breadcrumb","itemListElement":[{"@type":"ListItem","position":1,"name":"Boutique","item":"https:\/\/radarservice.eu\/fr\/boutique\/"},{"@type":"ListItem","position":2,"name":"GENEVO GPS+&#038; HDM+ ANTENNE RADAR &#038; GENEVO FF2 BROUILLEUR LASER"}]},{"@type":"WebSite","@id":"https:\/\/radarservice.eu\/fr\/#website","url":"https:\/\/radarservice.eu\/fr\/","name":"Radar Service","description":"Radar detector Laser jammer mobile fix","publisher":{"@id":"https:\/\/radarservice.eu\/fr\/#organization"},"potentialAction":[{"@type":"SearchAction","target":{"@type":"EntryPoint","urlTemplate":"https:\/\/radarservice.eu\/fr\/?s={search_term_string}"},"query-input":{"@type":"PropertyValueSpecification","valueRequired":true,"valueName":"search_term_string"}}],"inLanguage":"fr-FR"},{"@type":"Organization","@id":"https:\/\/radarservice.eu\/fr\/#organization","name":"RadarService","url":"https:\/\/radarservice.eu\/fr\/","logo":{"@type":"ImageObject","inLanguage":"fr-FR","@id":"https:\/\/radarservice.eu\/fr\/#\/schema\/logo\/image\/","url":"https:\/\/radarservice.eu\/wp-content\/uploads\/2021\/03\/Radar_detector_service.png","contentUrl":"https:\/\/radarservice.eu\/wp-content\/uploads\/2021\/03\/Radar_detector_service.png","width":174,"height":48,"caption":"RadarService"},"image":{"@id":"https:\/\/radarservice.eu\/fr\/#\/schema\/logo\/image\/"}}]}},"_links":{"self":[{"href":"https:\/\/radarservice.eu\/fr\/wp-json\/wp\/v2\/product\/14571","targetHints":{"allow":["GET"]}}],"collection":[{"href":"https:\/\/radarservice.eu\/fr\/wp-json\/wp\/v2\/product"}],"about":[{"href":"https:\/\/radarservice.eu\/fr\/wp-json\/wp\/v2\/types\/product"}],"replies":[{"embeddable":true,"href":"https:\/\/radarservice.eu\/fr\/wp-json\/wp\/v2\/comments?post=14571"}],"wp:featuredmedia":[{"embeddable":true,"href":"https:\/\/radarservice.eu\/fr\/wp-json\/wp\/v2\/media\/14296"}],"wp:attachment":[{"href":"https:\/\/radarservice.eu\/fr\/wp-json\/wp\/v2\/media?parent=14571"}],"wp:term":[{"taxonomy":"product_brand","embeddable":true,"href":"https:\/\/radarservice.eu\/fr\/wp-json\/wp\/v2\/product_brand?post=14571"},{"taxonomy":"product_cat","embeddable":true,"href":"https:\/\/radarservice.eu\/fr\/wp-json\/wp\/v2\/product_cat?post=14571"},{"taxonomy":"product_tag","embeddable":true,"href":"https:\/\/radarservice.eu\/fr\/wp-json\/wp\/v2\/product_tag?post=14571"}],"curies":[{"name":"wp","href":"https:\/\/api.w.org\/{rel}","templated":true}]}}