{"id":14569,"date":"2020-11-24T01:11:09","date_gmt":"2020-11-24T00:11:09","guid":{"rendered":"https:\/\/radarservice.eu\/produkt\/stinger-freedom-laser-fiber-optics-touch-field\/"},"modified":"2023-07-25T20:42:53","modified_gmt":"2023-07-25T18:42:53","slug":"stinger-freedom-laser-fiber-optics-touch-field","status":"publish","type":"product","link":"https:\/\/radarservice.eu\/fr\/produit\/stinger-freedom-laser-fiber-optics-touch-field\/","title":{"rendered":"Stinger Freedom Laser Fiber Optics &#038; Touch Field"},"content":{"rendered":"<h1>Brouilleur laser Stinger Freedom avec capteurs \u00e0 fibres optiques invisibles et champ tactile<\/h1>\n<p>.<\/p>\n<p><strong>OPTIMAL LASER PROTECTION &#8211; TOTALEMENT INVISIBLE<\/strong><br \/>.<br \/>\nLes lasers Stinger HD d\u00e9tectent et analysent les mesures laser de mani\u00e8re fiable et invisible. Le r\u00e9cepteur et les capteurs d&rsquo;interf\u00e9rences sont regroup\u00e9s dans des c\u00e2bles \u00e0 fibres optiques d&rsquo;un diam\u00e8tre de 2,5 \u00e0 3 mm<br \/>\n et sont donc pratiquement invisibles. Aussi petits qu&rsquo;une t\u00eate d&rsquo;allumette, ces capteurs \u00e0 fibres optiques trouvent leur place dans l&rsquo;espace le plus \u00e9troit. <\/p>\n<p><strong>Stinger Freedom Laser plus de sensibilit\u00e9 et plus de puissance<\/strong.\nLes lasers HD Stinger sont plus puissants que leurs pr\u00e9d\u00e9cesseurs, qui combinaient l'\u00e9metteur et le r\u00e9cepteur en un seul capteur. En construisant maintenant les deux composants s\u00e9par\u00e9ment, la sensibilit\u00e9 du r\u00e9cepteur augmente tandis que l'action de l'\u00e9metteur est plus puissante. \n\n<strong>Touch field for operation and visual warning<\/strong><br \/>.<br \/>\nUn champ tactile moderne signale visuellement les avertissements lors des mesures laser. En outre, le champ tactile peut \u00eatre utilis\u00e9 pour configurer le syst\u00e8me, par exemple, la mise en sourdine, le contr\u00f4le du volume, etc. <\/p>\n<p>.<\/p>\n","protected":false},"excerpt":{"rendered":"<p>Brouilleur laser Stinger Freedom avec capteurs \u00e0 fibres optiques invisibles et champ tactile . OPTIMAL LASER PROTECTION &#8211; TOTALEMENT INVISIBLE. Les lasers Stinger HD d\u00e9tectent et analysent les mesures laser de mani\u00e8re fiable et invisible. Le r\u00e9cepteur et les capteurs d&rsquo;interf\u00e9rences sont regroup\u00e9s dans des c\u00e2bles \u00e0 fibres optiques d&rsquo;un diam\u00e8tre de 2,5 \u00e0 3 [&#8230;]\n","protected":false},"featured_media":14344,"comment_status":"open","ping_status":"closed","template":"","meta":[],"product_brand":[],"product_cat":[324,319,304],"product_tag":[],"class_list":{"0":"post-14569","1":"product","2":"type-product","3":"status-publish","4":"has-post-thumbnail","6":"product_cat-brouilleur-laser","7":"product_cat-brouilleur-laser-recommande","8":"product_cat-stinger-france","10":"first","11":"instock","12":"taxable","13":"shipping-taxable","14":"purchasable","15":"product-type-variable","16":"has-default-attributes"},"yoast_head":"<!-- This site is optimized with the Yoast SEO plugin v27.2 - https:\/\/yoast.com\/product\/yoast-seo-wordpress\/ -->\n<title>Stinger Freedom Laser Fiber Optics &amp; Touch Field | Radar Service<\/title>\n<meta name=\"description\" content=\"Brouilleur laser Stinger Freedom avec capteurs \u00e0 fibres optiques invisibles et champ tactile. Emp\u00eache les mesures de vitesse avec des appareils de mesure au laser.\" \/>\n<meta name=\"robots\" content=\"index, follow, max-snippet:-1, max-image-preview:large, max-video-preview:-1\" \/>\n<link rel=\"canonical\" href=\"https:\/\/radarservice.eu\/fr\/produit\/stinger-freedom-laser-fiber-optics-touch-field\/\" \/>\n<meta property=\"og:locale\" content=\"fr_FR\" \/>\n<meta property=\"og:type\" content=\"article\" \/>\n<meta property=\"og:title\" content=\"Stinger Freedom Laser Fiber Optics &amp; Touch Field | Radar Service\" \/>\n<meta property=\"og:description\" content=\"Brouilleur laser Stinger Freedom avec capteurs \u00e0 fibres optiques invisibles et champ tactile. Emp\u00eache les mesures de vitesse avec des appareils de mesure au laser.\" \/>\n<meta property=\"og:url\" content=\"https:\/\/radarservice.eu\/fr\/produit\/stinger-freedom-laser-fiber-optics-touch-field\/\" \/>\n<meta property=\"og:site_name\" content=\"Radar Service\" \/>\n<meta property=\"article:modified_time\" content=\"2023-07-25T18:42:53+00:00\" \/>\n<meta property=\"og:image\" content=\"https:\/\/radarservice.eu\/wp-content\/uploads\/2020\/11\/Stinger-Freedom-Touchfeld-scaled.jpg\" \/>\n\t<meta property=\"og:image:width\" content=\"2048\" \/>\n\t<meta property=\"og:image:height\" content=\"1366\" \/>\n\t<meta property=\"og:image:type\" content=\"image\/jpeg\" \/>\n<meta name=\"twitter:card\" content=\"summary_large_image\" \/>\n<script type=\"application\/ld+json\" class=\"yoast-schema-graph\">{\"@context\":\"https:\/\/schema.org\",\"@graph\":[{\"@type\":\"WebPage\",\"@id\":\"https:\/\/radarservice.eu\/fr\/produit\/stinger-freedom-laser-fiber-optics-touch-field\/\",\"url\":\"https:\/\/radarservice.eu\/fr\/produit\/stinger-freedom-laser-fiber-optics-touch-field\/\",\"name\":\"Stinger Freedom Laser Fiber Optics & Touch Field | Radar Service\",\"isPartOf\":{\"@id\":\"https:\/\/radarservice.eu\/fr\/#website\"},\"primaryImageOfPage\":{\"@id\":\"https:\/\/radarservice.eu\/fr\/produit\/stinger-freedom-laser-fiber-optics-touch-field\/#primaryimage\"},\"image\":{\"@id\":\"https:\/\/radarservice.eu\/fr\/produit\/stinger-freedom-laser-fiber-optics-touch-field\/#primaryimage\"},\"thumbnailUrl\":\"https:\/\/radarservice.eu\/wp-content\/uploads\/2020\/11\/Stinger-Freedom-Touchfeld-scaled.jpg\",\"datePublished\":\"2020-11-24T00:11:09+00:00\",\"dateModified\":\"2023-07-25T18:42:53+00:00\",\"description\":\"Brouilleur laser Stinger Freedom avec capteurs \u00e0 fibres optiques invisibles et champ tactile. Emp\u00eache les mesures de vitesse avec des appareils de mesure au laser.\",\"breadcrumb\":{\"@id\":\"https:\/\/radarservice.eu\/fr\/produit\/stinger-freedom-laser-fiber-optics-touch-field\/#breadcrumb\"},\"inLanguage\":\"fr-FR\",\"potentialAction\":[{\"@type\":\"ReadAction\",\"target\":[\"https:\/\/radarservice.eu\/fr\/produit\/stinger-freedom-laser-fiber-optics-touch-field\/\"]}]},{\"@type\":\"ImageObject\",\"inLanguage\":\"fr-FR\",\"@id\":\"https:\/\/radarservice.eu\/fr\/produit\/stinger-freedom-laser-fiber-optics-touch-field\/#primaryimage\",\"url\":\"https:\/\/radarservice.eu\/wp-content\/uploads\/2020\/11\/Stinger-Freedom-Touchfeld-scaled.jpg\",\"contentUrl\":\"https:\/\/radarservice.eu\/wp-content\/uploads\/2020\/11\/Stinger-Freedom-Touchfeld-scaled.jpg\",\"width\":2048,\"height\":1366,\"caption\":\"Stinger Freedom Touch Field\"},{\"@type\":\"BreadcrumbList\",\"@id\":\"https:\/\/radarservice.eu\/fr\/produit\/stinger-freedom-laser-fiber-optics-touch-field\/#breadcrumb\",\"itemListElement\":[{\"@type\":\"ListItem\",\"position\":1,\"name\":\"Boutique\",\"item\":\"https:\/\/radarservice.eu\/fr\/boutique\/\"},{\"@type\":\"ListItem\",\"position\":2,\"name\":\"Stinger Freedom Laser Fiber Optics &#038; Touch Field\"}]},{\"@type\":\"WebSite\",\"@id\":\"https:\/\/radarservice.eu\/fr\/#website\",\"url\":\"https:\/\/radarservice.eu\/fr\/\",\"name\":\"Radar Service\",\"description\":\"Radar detector Laser jammer mobile fix\",\"publisher\":{\"@id\":\"https:\/\/radarservice.eu\/fr\/#organization\"},\"potentialAction\":[{\"@type\":\"SearchAction\",\"target\":{\"@type\":\"EntryPoint\",\"urlTemplate\":\"https:\/\/radarservice.eu\/fr\/?s={search_term_string}\"},\"query-input\":{\"@type\":\"PropertyValueSpecification\",\"valueRequired\":true,\"valueName\":\"search_term_string\"}}],\"inLanguage\":\"fr-FR\"},{\"@type\":\"Organization\",\"@id\":\"https:\/\/radarservice.eu\/fr\/#organization\",\"name\":\"RadarService\",\"url\":\"https:\/\/radarservice.eu\/fr\/\",\"logo\":{\"@type\":\"ImageObject\",\"inLanguage\":\"fr-FR\",\"@id\":\"https:\/\/radarservice.eu\/fr\/#\/schema\/logo\/image\/\",\"url\":\"https:\/\/radarservice.eu\/wp-content\/uploads\/2021\/03\/Radar_detector_service.png\",\"contentUrl\":\"https:\/\/radarservice.eu\/wp-content\/uploads\/2021\/03\/Radar_detector_service.png\",\"width\":174,\"height\":48,\"caption\":\"RadarService\"},\"image\":{\"@id\":\"https:\/\/radarservice.eu\/fr\/#\/schema\/logo\/image\/\"}}]}<\/script>\n<!-- \/ Yoast SEO plugin. -->","yoast_head_json":{"title":"Stinger Freedom Laser Fiber Optics & Touch Field | Radar Service","description":"Brouilleur laser Stinger Freedom avec capteurs \u00e0 fibres optiques invisibles et champ tactile. Emp\u00eache les mesures de vitesse avec des appareils de mesure au laser.","robots":{"index":"index","follow":"follow","max-snippet":"max-snippet:-1","max-image-preview":"max-image-preview:large","max-video-preview":"max-video-preview:-1"},"canonical":"https:\/\/radarservice.eu\/fr\/produit\/stinger-freedom-laser-fiber-optics-touch-field\/","og_locale":"fr_FR","og_type":"article","og_title":"Stinger Freedom Laser Fiber Optics & Touch Field | Radar Service","og_description":"Brouilleur laser Stinger Freedom avec capteurs \u00e0 fibres optiques invisibles et champ tactile. Emp\u00eache les mesures de vitesse avec des appareils de mesure au laser.","og_url":"https:\/\/radarservice.eu\/fr\/produit\/stinger-freedom-laser-fiber-optics-touch-field\/","og_site_name":"Radar Service","article_modified_time":"2023-07-25T18:42:53+00:00","og_image":[{"width":2048,"height":1366,"url":"https:\/\/radarservice.eu\/wp-content\/uploads\/2020\/11\/Stinger-Freedom-Touchfeld-scaled.jpg","type":"image\/jpeg"}],"twitter_card":"summary_large_image","schema":{"@context":"https:\/\/schema.org","@graph":[{"@type":"WebPage","@id":"https:\/\/radarservice.eu\/fr\/produit\/stinger-freedom-laser-fiber-optics-touch-field\/","url":"https:\/\/radarservice.eu\/fr\/produit\/stinger-freedom-laser-fiber-optics-touch-field\/","name":"Stinger Freedom Laser Fiber Optics & Touch Field | Radar Service","isPartOf":{"@id":"https:\/\/radarservice.eu\/fr\/#website"},"primaryImageOfPage":{"@id":"https:\/\/radarservice.eu\/fr\/produit\/stinger-freedom-laser-fiber-optics-touch-field\/#primaryimage"},"image":{"@id":"https:\/\/radarservice.eu\/fr\/produit\/stinger-freedom-laser-fiber-optics-touch-field\/#primaryimage"},"thumbnailUrl":"https:\/\/radarservice.eu\/wp-content\/uploads\/2020\/11\/Stinger-Freedom-Touchfeld-scaled.jpg","datePublished":"2020-11-24T00:11:09+00:00","dateModified":"2023-07-25T18:42:53+00:00","description":"Brouilleur laser Stinger Freedom avec capteurs \u00e0 fibres optiques invisibles et champ tactile. Emp\u00eache les mesures de vitesse avec des appareils de mesure au laser.","breadcrumb":{"@id":"https:\/\/radarservice.eu\/fr\/produit\/stinger-freedom-laser-fiber-optics-touch-field\/#breadcrumb"},"inLanguage":"fr-FR","potentialAction":[{"@type":"ReadAction","target":["https:\/\/radarservice.eu\/fr\/produit\/stinger-freedom-laser-fiber-optics-touch-field\/"]}]},{"@type":"ImageObject","inLanguage":"fr-FR","@id":"https:\/\/radarservice.eu\/fr\/produit\/stinger-freedom-laser-fiber-optics-touch-field\/#primaryimage","url":"https:\/\/radarservice.eu\/wp-content\/uploads\/2020\/11\/Stinger-Freedom-Touchfeld-scaled.jpg","contentUrl":"https:\/\/radarservice.eu\/wp-content\/uploads\/2020\/11\/Stinger-Freedom-Touchfeld-scaled.jpg","width":2048,"height":1366,"caption":"Stinger Freedom Touch Field"},{"@type":"BreadcrumbList","@id":"https:\/\/radarservice.eu\/fr\/produit\/stinger-freedom-laser-fiber-optics-touch-field\/#breadcrumb","itemListElement":[{"@type":"ListItem","position":1,"name":"Boutique","item":"https:\/\/radarservice.eu\/fr\/boutique\/"},{"@type":"ListItem","position":2,"name":"Stinger Freedom Laser Fiber Optics &#038; Touch Field"}]},{"@type":"WebSite","@id":"https:\/\/radarservice.eu\/fr\/#website","url":"https:\/\/radarservice.eu\/fr\/","name":"Radar Service","description":"Radar detector Laser jammer mobile fix","publisher":{"@id":"https:\/\/radarservice.eu\/fr\/#organization"},"potentialAction":[{"@type":"SearchAction","target":{"@type":"EntryPoint","urlTemplate":"https:\/\/radarservice.eu\/fr\/?s={search_term_string}"},"query-input":{"@type":"PropertyValueSpecification","valueRequired":true,"valueName":"search_term_string"}}],"inLanguage":"fr-FR"},{"@type":"Organization","@id":"https:\/\/radarservice.eu\/fr\/#organization","name":"RadarService","url":"https:\/\/radarservice.eu\/fr\/","logo":{"@type":"ImageObject","inLanguage":"fr-FR","@id":"https:\/\/radarservice.eu\/fr\/#\/schema\/logo\/image\/","url":"https:\/\/radarservice.eu\/wp-content\/uploads\/2021\/03\/Radar_detector_service.png","contentUrl":"https:\/\/radarservice.eu\/wp-content\/uploads\/2021\/03\/Radar_detector_service.png","width":174,"height":48,"caption":"RadarService"},"image":{"@id":"https:\/\/radarservice.eu\/fr\/#\/schema\/logo\/image\/"}}]}},"_links":{"self":[{"href":"https:\/\/radarservice.eu\/fr\/wp-json\/wp\/v2\/product\/14569","targetHints":{"allow":["GET"]}}],"collection":[{"href":"https:\/\/radarservice.eu\/fr\/wp-json\/wp\/v2\/product"}],"about":[{"href":"https:\/\/radarservice.eu\/fr\/wp-json\/wp\/v2\/types\/product"}],"replies":[{"embeddable":true,"href":"https:\/\/radarservice.eu\/fr\/wp-json\/wp\/v2\/comments?post=14569"}],"wp:featuredmedia":[{"embeddable":true,"href":"https:\/\/radarservice.eu\/fr\/wp-json\/wp\/v2\/media\/14344"}],"wp:attachment":[{"href":"https:\/\/radarservice.eu\/fr\/wp-json\/wp\/v2\/media?parent=14569"}],"wp:term":[{"taxonomy":"product_brand","embeddable":true,"href":"https:\/\/radarservice.eu\/fr\/wp-json\/wp\/v2\/product_brand?post=14569"},{"taxonomy":"product_cat","embeddable":true,"href":"https:\/\/radarservice.eu\/fr\/wp-json\/wp\/v2\/product_cat?post=14569"},{"taxonomy":"product_tag","embeddable":true,"href":"https:\/\/radarservice.eu\/fr\/wp-json\/wp\/v2\/product_tag?post=14569"}],"curies":[{"name":"wp","href":"https:\/\/api.w.org\/{rel}","templated":true}]}}