{"id":14568,"date":"2020-11-24T01:14:57","date_gmt":"2020-11-24T00:14:57","guid":{"rendered":"https:\/\/radarservice.eu\/produkt\/detecteur-radar-vip-stinger-et-fibre-optique-laser-stinger-freedom\/"},"modified":"2021-03-18T10:41:13","modified_gmt":"2021-03-18T09:41:13","slug":"detecteur-radar-vip-stinger-et-fibre-optique-laser-stinger-freedom","status":"publish","type":"product","link":"https:\/\/radarservice.eu\/fr\/produit\/detecteur-radar-vip-stinger-et-fibre-optique-laser-stinger-freedom\/","title":{"rendered":"D\u00e9tecteur radar VIP Stinger et fibre optique laser Stinger Freedom"},"content":{"rendered":"<h1>Stinger VIP D\u00e9tecteur radar \u00e0 montage fixe et laser \u00e0 fibre optique Stinger Freedom<\/h1>\n<h3>STINGER VIP D\u00e9tecteur radar \u00e0 montage fixe<\/h3>\n<p><strong>D\u00e9tecteur de radar invisible pour installation dissimul\u00e9e<\/strong><br \/>.<br \/>\nLe Stinger VIP peut \u00eatre install\u00e9 de mani\u00e8re invisible dans le compartiment moteur. Les avertissements sont affich\u00e9s sur un \u00e9cran couleur tactile moderne \u00e0 l&rsquo;int\u00e9rieur du v\u00e9hicule. De plus, les signaux d&rsquo;alerte acoustique sont sonores. Si vous le souhaitez, une sortie vocale peut \u00e9galement \u00eatre activ\u00e9e pour l&rsquo;avertissement. Cela permet de s&rsquo;assurer que le conducteur n&rsquo;est pas distrait de la circulation. Si n\u00e9cessaire, l&rsquo;\u00e9cran peut \u00eatre retir\u00e9 du support magn\u00e9tique \u00e0 l&rsquo;aide d&rsquo;une poign\u00e9e. <\/p>\n<p><strong>s\u00e9curit\u00e9 maximale<\/strong><br \/>.<br \/>\nLes pi\u00e8ges \u00e0 vitesse mobiles, les canons laser, les mesures de section de contr\u00f4le, les radars mobiles (provenant de v\u00e9hicules en mouvement), les pi\u00e8ges \u00e0 vitesse fixes et les radars de feux de circulation sont d\u00e9tect\u00e9s de mani\u00e8re fiable. <\/p>\n<h3>STINGER VIP LASER<\/h3>\n<p><strong>OPTIMAL LASER PROTECTION &#8211; TOTALEMENT INVISIBLE<\/strong><br \/>.<br \/>\nLes lasers Stinger \u00e0 fibre optique d\u00e9tectent de mani\u00e8re fiable et analysent les mesures laser de mani\u00e8re invisible. Le r\u00e9cepteur et les capteurs d&rsquo;interf\u00e9rence sont chacun regroup\u00e9s dans un c\u00e2ble \u00e0 fibre optique s\u00e9par\u00e9 d&rsquo;un diam\u00e8tre d&rsquo;environ 2,7 mm (brouilleur laser) et d&rsquo;environ 3,2 mm (r\u00e9cepteur laser). En s\u00e9parant le r\u00e9cepteur et le capteur de brouillage, les diff\u00e9rentes fibres optiques peuvent \u00eatre install\u00e9es de mani\u00e8re presque invisible. <\/p>\n<p>Pour une voiture normale, il faut au moins 1 r\u00e9cepteur et 1 brouilleur laser (version simple) par avant de v\u00e9hicule. Pour plus de s\u00e9curit\u00e9 et une meilleure couverture, nous recommandons 2 r\u00e9cepteurs et 2 brouilleurs chacun (VERSION DOUBLE). Pour les SUV ou les fourgonnettes, veuillez choisir la version DUAL avec 2 r\u00e9cepteurs et 2 capteurs de brouillage par avant du v\u00e9hicule pour un fonctionnement fiable.    <\/p>\n<p><strong>Future proof<\/strong><br \/>.<br \/>\nGr\u00e2ce \u00e0 sa conception modulaire, le syst\u00e8me peut \u00eatre \u00e9tendu avec des capteurs suppl\u00e9mentaires pour \u00eatre toujours enti\u00e8rement prot\u00e9g\u00e9 \u00e0 l&rsquo;avenir.<\/p>\n","protected":false},"excerpt":{"rendered":"<p>Stinger VIP D\u00e9tecteur radar \u00e0 montage fixe et laser \u00e0 fibre optique Stinger Freedom STINGER VIP D\u00e9tecteur radar \u00e0 montage fixe D\u00e9tecteur de radar invisible pour installation dissimul\u00e9e. Le Stinger VIP peut \u00eatre install\u00e9 de mani\u00e8re invisible dans le compartiment moteur. Les avertissements sont affich\u00e9s sur un \u00e9cran couleur tactile moderne \u00e0 l&rsquo;int\u00e9rieur du v\u00e9hicule. [&#8230;]\n","protected":false},"featured_media":14352,"comment_status":"open","ping_status":"closed","template":"","meta":[],"product_brand":[],"product_cat":[317,304],"product_tag":[],"class_list":{"0":"post-14568","1":"product","2":"type-product","3":"status-publish","4":"has-post-thumbnail","6":"product_cat-paquets-de-protection-recommandes","7":"product_cat-stinger-france","9":"first","10":"instock","11":"sale","12":"taxable","13":"shipping-taxable","14":"purchasable","15":"product-type-simple"},"yoast_head":"<!-- This site is optimized with the Yoast SEO plugin v27.2 - https:\/\/yoast.com\/product\/yoast-seo-wordpress\/ -->\n<title>D\u00e9tecteur radar VIP Stinger et fibre optique laser Stinger Freedom<\/title>\n<meta name=\"description\" content=\"D\u00e9tecteur de radar fixe Stinger VIP et brouilleur laser pour une installation invisible dans le compartiment moteur. Convient pour une utilisation en Europe.\" \/>\n<meta name=\"robots\" content=\"index, follow, max-snippet:-1, max-image-preview:large, max-video-preview:-1\" \/>\n<link rel=\"canonical\" href=\"https:\/\/radarservice.eu\/fr\/produit\/detecteur-radar-vip-stinger-et-fibre-optique-laser-stinger-freedom\/\" \/>\n<meta property=\"og:locale\" content=\"fr_FR\" \/>\n<meta property=\"og:type\" content=\"article\" \/>\n<meta property=\"og:title\" content=\"D\u00e9tecteur radar VIP Stinger et fibre optique laser Stinger Freedom\" \/>\n<meta property=\"og:description\" content=\"D\u00e9tecteur de radar fixe Stinger VIP et brouilleur laser pour une installation invisible dans le compartiment moteur. Convient pour une utilisation en Europe.\" \/>\n<meta property=\"og:url\" content=\"https:\/\/radarservice.eu\/fr\/produit\/detecteur-radar-vip-stinger-et-fibre-optique-laser-stinger-freedom\/\" \/>\n<meta property=\"og:site_name\" content=\"Radar Service\" \/>\n<meta property=\"article:modified_time\" content=\"2021-03-18T09:41:13+00:00\" \/>\n<meta property=\"og:image\" content=\"https:\/\/radarservice.eu\/wp-content\/uploads\/2020\/11\/Stinger_VIP_display.jpg\" \/>\n\t<meta property=\"og:image:width\" content=\"580\" \/>\n\t<meta property=\"og:image:height\" content=\"370\" \/>\n\t<meta property=\"og:image:type\" content=\"image\/jpeg\" \/>\n<meta name=\"twitter:card\" content=\"summary_large_image\" \/>\n<meta name=\"twitter:label1\" content=\"Dur\u00e9e de lecture estim\u00e9e\" \/>\n\t<meta name=\"twitter:data1\" content=\"2 minutes\" \/>\n<script type=\"application\/ld+json\" class=\"yoast-schema-graph\">{\"@context\":\"https:\/\/schema.org\",\"@graph\":[{\"@type\":\"WebPage\",\"@id\":\"https:\/\/radarservice.eu\/fr\/produit\/detecteur-radar-vip-stinger-et-fibre-optique-laser-stinger-freedom\/\",\"url\":\"https:\/\/radarservice.eu\/fr\/produit\/detecteur-radar-vip-stinger-et-fibre-optique-laser-stinger-freedom\/\",\"name\":\"D\u00e9tecteur radar VIP Stinger et fibre optique laser Stinger Freedom\",\"isPartOf\":{\"@id\":\"https:\/\/radarservice.eu\/fr\/#website\"},\"primaryImageOfPage\":{\"@id\":\"https:\/\/radarservice.eu\/fr\/produit\/detecteur-radar-vip-stinger-et-fibre-optique-laser-stinger-freedom\/#primaryimage\"},\"image\":{\"@id\":\"https:\/\/radarservice.eu\/fr\/produit\/detecteur-radar-vip-stinger-et-fibre-optique-laser-stinger-freedom\/#primaryimage\"},\"thumbnailUrl\":\"https:\/\/radarservice.eu\/wp-content\/uploads\/2020\/11\/Stinger_VIP_display.jpg\",\"datePublished\":\"2020-11-24T00:14:57+00:00\",\"dateModified\":\"2021-03-18T09:41:13+00:00\",\"description\":\"D\u00e9tecteur de radar fixe Stinger VIP et brouilleur laser pour une installation invisible dans le compartiment moteur. Convient pour une utilisation en Europe.\",\"breadcrumb\":{\"@id\":\"https:\/\/radarservice.eu\/fr\/produit\/detecteur-radar-vip-stinger-et-fibre-optique-laser-stinger-freedom\/#breadcrumb\"},\"inLanguage\":\"fr-FR\",\"potentialAction\":[{\"@type\":\"ReadAction\",\"target\":[\"https:\/\/radarservice.eu\/fr\/produit\/detecteur-radar-vip-stinger-et-fibre-optique-laser-stinger-freedom\/\"]}]},{\"@type\":\"ImageObject\",\"inLanguage\":\"fr-FR\",\"@id\":\"https:\/\/radarservice.eu\/fr\/produit\/detecteur-radar-vip-stinger-et-fibre-optique-laser-stinger-freedom\/#primaryimage\",\"url\":\"https:\/\/radarservice.eu\/wp-content\/uploads\/2020\/11\/Stinger_VIP_display.jpg\",\"contentUrl\":\"https:\/\/radarservice.eu\/wp-content\/uploads\/2020\/11\/Stinger_VIP_display.jpg\",\"width\":580,\"height\":370,\"caption\":\"D\u00e9tecteur radar fixe Stinger VIP + brouilleur laser\"},{\"@type\":\"BreadcrumbList\",\"@id\":\"https:\/\/radarservice.eu\/fr\/produit\/detecteur-radar-vip-stinger-et-fibre-optique-laser-stinger-freedom\/#breadcrumb\",\"itemListElement\":[{\"@type\":\"ListItem\",\"position\":1,\"name\":\"Boutique\",\"item\":\"https:\/\/radarservice.eu\/fr\/boutique\/\"},{\"@type\":\"ListItem\",\"position\":2,\"name\":\"D\u00e9tecteur radar VIP Stinger et fibre optique laser Stinger Freedom\"}]},{\"@type\":\"WebSite\",\"@id\":\"https:\/\/radarservice.eu\/fr\/#website\",\"url\":\"https:\/\/radarservice.eu\/fr\/\",\"name\":\"Radar Service\",\"description\":\"Radar detector Laser jammer mobile fix\",\"publisher\":{\"@id\":\"https:\/\/radarservice.eu\/fr\/#organization\"},\"potentialAction\":[{\"@type\":\"SearchAction\",\"target\":{\"@type\":\"EntryPoint\",\"urlTemplate\":\"https:\/\/radarservice.eu\/fr\/?s={search_term_string}\"},\"query-input\":{\"@type\":\"PropertyValueSpecification\",\"valueRequired\":true,\"valueName\":\"search_term_string\"}}],\"inLanguage\":\"fr-FR\"},{\"@type\":\"Organization\",\"@id\":\"https:\/\/radarservice.eu\/fr\/#organization\",\"name\":\"RadarService\",\"url\":\"https:\/\/radarservice.eu\/fr\/\",\"logo\":{\"@type\":\"ImageObject\",\"inLanguage\":\"fr-FR\",\"@id\":\"https:\/\/radarservice.eu\/fr\/#\/schema\/logo\/image\/\",\"url\":\"https:\/\/radarservice.eu\/wp-content\/uploads\/2021\/03\/Radar_detector_service.png\",\"contentUrl\":\"https:\/\/radarservice.eu\/wp-content\/uploads\/2021\/03\/Radar_detector_service.png\",\"width\":174,\"height\":48,\"caption\":\"RadarService\"},\"image\":{\"@id\":\"https:\/\/radarservice.eu\/fr\/#\/schema\/logo\/image\/\"}}]}<\/script>\n<!-- \/ Yoast SEO plugin. -->","yoast_head_json":{"title":"D\u00e9tecteur radar VIP Stinger et fibre optique laser Stinger Freedom","description":"D\u00e9tecteur de radar fixe Stinger VIP et brouilleur laser pour une installation invisible dans le compartiment moteur. Convient pour une utilisation en Europe.","robots":{"index":"index","follow":"follow","max-snippet":"max-snippet:-1","max-image-preview":"max-image-preview:large","max-video-preview":"max-video-preview:-1"},"canonical":"https:\/\/radarservice.eu\/fr\/produit\/detecteur-radar-vip-stinger-et-fibre-optique-laser-stinger-freedom\/","og_locale":"fr_FR","og_type":"article","og_title":"D\u00e9tecteur radar VIP Stinger et fibre optique laser Stinger Freedom","og_description":"D\u00e9tecteur de radar fixe Stinger VIP et brouilleur laser pour une installation invisible dans le compartiment moteur. Convient pour une utilisation en Europe.","og_url":"https:\/\/radarservice.eu\/fr\/produit\/detecteur-radar-vip-stinger-et-fibre-optique-laser-stinger-freedom\/","og_site_name":"Radar Service","article_modified_time":"2021-03-18T09:41:13+00:00","og_image":[{"width":580,"height":370,"url":"https:\/\/radarservice.eu\/wp-content\/uploads\/2020\/11\/Stinger_VIP_display.jpg","type":"image\/jpeg"}],"twitter_card":"summary_large_image","twitter_misc":{"Dur\u00e9e de lecture estim\u00e9e":"2 minutes"},"schema":{"@context":"https:\/\/schema.org","@graph":[{"@type":"WebPage","@id":"https:\/\/radarservice.eu\/fr\/produit\/detecteur-radar-vip-stinger-et-fibre-optique-laser-stinger-freedom\/","url":"https:\/\/radarservice.eu\/fr\/produit\/detecteur-radar-vip-stinger-et-fibre-optique-laser-stinger-freedom\/","name":"D\u00e9tecteur radar VIP Stinger et fibre optique laser Stinger Freedom","isPartOf":{"@id":"https:\/\/radarservice.eu\/fr\/#website"},"primaryImageOfPage":{"@id":"https:\/\/radarservice.eu\/fr\/produit\/detecteur-radar-vip-stinger-et-fibre-optique-laser-stinger-freedom\/#primaryimage"},"image":{"@id":"https:\/\/radarservice.eu\/fr\/produit\/detecteur-radar-vip-stinger-et-fibre-optique-laser-stinger-freedom\/#primaryimage"},"thumbnailUrl":"https:\/\/radarservice.eu\/wp-content\/uploads\/2020\/11\/Stinger_VIP_display.jpg","datePublished":"2020-11-24T00:14:57+00:00","dateModified":"2021-03-18T09:41:13+00:00","description":"D\u00e9tecteur de radar fixe Stinger VIP et brouilleur laser pour une installation invisible dans le compartiment moteur. Convient pour une utilisation en Europe.","breadcrumb":{"@id":"https:\/\/radarservice.eu\/fr\/produit\/detecteur-radar-vip-stinger-et-fibre-optique-laser-stinger-freedom\/#breadcrumb"},"inLanguage":"fr-FR","potentialAction":[{"@type":"ReadAction","target":["https:\/\/radarservice.eu\/fr\/produit\/detecteur-radar-vip-stinger-et-fibre-optique-laser-stinger-freedom\/"]}]},{"@type":"ImageObject","inLanguage":"fr-FR","@id":"https:\/\/radarservice.eu\/fr\/produit\/detecteur-radar-vip-stinger-et-fibre-optique-laser-stinger-freedom\/#primaryimage","url":"https:\/\/radarservice.eu\/wp-content\/uploads\/2020\/11\/Stinger_VIP_display.jpg","contentUrl":"https:\/\/radarservice.eu\/wp-content\/uploads\/2020\/11\/Stinger_VIP_display.jpg","width":580,"height":370,"caption":"D\u00e9tecteur radar fixe Stinger VIP + brouilleur laser"},{"@type":"BreadcrumbList","@id":"https:\/\/radarservice.eu\/fr\/produit\/detecteur-radar-vip-stinger-et-fibre-optique-laser-stinger-freedom\/#breadcrumb","itemListElement":[{"@type":"ListItem","position":1,"name":"Boutique","item":"https:\/\/radarservice.eu\/fr\/boutique\/"},{"@type":"ListItem","position":2,"name":"D\u00e9tecteur radar VIP Stinger et fibre optique laser Stinger Freedom"}]},{"@type":"WebSite","@id":"https:\/\/radarservice.eu\/fr\/#website","url":"https:\/\/radarservice.eu\/fr\/","name":"Radar Service","description":"Radar detector Laser jammer mobile fix","publisher":{"@id":"https:\/\/radarservice.eu\/fr\/#organization"},"potentialAction":[{"@type":"SearchAction","target":{"@type":"EntryPoint","urlTemplate":"https:\/\/radarservice.eu\/fr\/?s={search_term_string}"},"query-input":{"@type":"PropertyValueSpecification","valueRequired":true,"valueName":"search_term_string"}}],"inLanguage":"fr-FR"},{"@type":"Organization","@id":"https:\/\/radarservice.eu\/fr\/#organization","name":"RadarService","url":"https:\/\/radarservice.eu\/fr\/","logo":{"@type":"ImageObject","inLanguage":"fr-FR","@id":"https:\/\/radarservice.eu\/fr\/#\/schema\/logo\/image\/","url":"https:\/\/radarservice.eu\/wp-content\/uploads\/2021\/03\/Radar_detector_service.png","contentUrl":"https:\/\/radarservice.eu\/wp-content\/uploads\/2021\/03\/Radar_detector_service.png","width":174,"height":48,"caption":"RadarService"},"image":{"@id":"https:\/\/radarservice.eu\/fr\/#\/schema\/logo\/image\/"}}]}},"_links":{"self":[{"href":"https:\/\/radarservice.eu\/fr\/wp-json\/wp\/v2\/product\/14568","targetHints":{"allow":["GET"]}}],"collection":[{"href":"https:\/\/radarservice.eu\/fr\/wp-json\/wp\/v2\/product"}],"about":[{"href":"https:\/\/radarservice.eu\/fr\/wp-json\/wp\/v2\/types\/product"}],"replies":[{"embeddable":true,"href":"https:\/\/radarservice.eu\/fr\/wp-json\/wp\/v2\/comments?post=14568"}],"wp:featuredmedia":[{"embeddable":true,"href":"https:\/\/radarservice.eu\/fr\/wp-json\/wp\/v2\/media\/14352"}],"wp:attachment":[{"href":"https:\/\/radarservice.eu\/fr\/wp-json\/wp\/v2\/media?parent=14568"}],"wp:term":[{"taxonomy":"product_brand","embeddable":true,"href":"https:\/\/radarservice.eu\/fr\/wp-json\/wp\/v2\/product_brand?post=14568"},{"taxonomy":"product_cat","embeddable":true,"href":"https:\/\/radarservice.eu\/fr\/wp-json\/wp\/v2\/product_cat?post=14568"},{"taxonomy":"product_tag","embeddable":true,"href":"https:\/\/radarservice.eu\/fr\/wp-json\/wp\/v2\/product_tag?post=14568"}],"curies":[{"name":"wp","href":"https:\/\/api.w.org\/{rel}","templated":true}]}}