{"id":14567,"date":"2020-11-24T01:18:19","date_gmt":"2020-11-24T00:18:19","guid":{"rendered":"https:\/\/radarservice.eu\/produkt\/target-lasertrack-flare-laser-jammer\/"},"modified":"2021-03-18T10:41:50","modified_gmt":"2021-03-18T09:41:50","slug":"brouilleur-laser-target-lasertrack-flare","status":"publish","type":"product","link":"https:\/\/radarservice.eu\/fr\/produit\/brouilleur-laser-target-lasertrack-flare\/","title":{"rendered":"Brouilleur laser Target Lasertrack Flare"},"content":{"rendered":"<h1>Target Lasertrack Flare laser disrupter<\/h1>\n<h3>LaserTrack Flare &#8211; le bloqueur de laser ultime contre les canons \u00e0 laser<\/h3>\n<p>.<\/p>\n<p>LaserTrack Flare est une t\u00e9l\u00e9commande innovante et multifonctionnelle d&rsquo;ouverture de porte de garage et de portail, combin\u00e9e \u00e0 la technologie la plus avanc\u00e9e pour se prot\u00e9ger des vis\u00e9es laser.  En tant qu&rsquo;ouvre-porte, le LaserTrack Flare peut \u00eatre achet\u00e9 et utilis\u00e9 l\u00e9galement partout dans le monde.<\/p>\n<p><strong>Brouilleur de laser \/ bloqueur de laser<\/strong><br \/>\nLes capteurs laser du LaserTrack Flare sont puissants et tr\u00e8s petits. Cela permet d&rsquo;installer les capteurs discr\u00e8tement dans la grille du radiateur.<br \/>\nLorsque la fonction de brouillage laser est activ\u00e9e, votre v\u00e9hicule est prot\u00e9g\u00e9 contre les mesures de vitesse par un appareil de mesure laser ou un pistolet laser. D\u00e8s qu&rsquo;une mesure est d\u00e9tect\u00e9e, le LaserTrack Flare active un bouclier de protection et le v\u00e9hicule ne peut plus \u00eatre mesur\u00e9. Un signal d&rsquo;avertissement sonore et visuel sur l&rsquo;\u00e9cran indique que le mode de protection contre les lasers est actif et qu&rsquo;aucune mesure de vitesse ne peut donc \u00eatre effectu\u00e9e avec le pistolet laser. Au bout de 4 secondes, le mode de protection se d\u00e9sactive et le v\u00e9hicule peut \u00eatre mesur\u00e9. Pendant ces 4 secondes, vous avez suffisamment de temps pour ajuster votre vitesse.<\/p>\n<p>.<\/p>\n<p><strong>New APR Technology<\/strong><br \/>.<br \/>\nLa technologie APR calcule individuellement la fr\u00e9quence du pouls tout en interf\u00e9rant avec la mesure du laser. Cela permet au syst\u00e8me Lasertrack Flare System de rester non d\u00e9tect\u00e9 et ind\u00e9tectable par la police.<\/p>\n","protected":false},"excerpt":{"rendered":"<p>Target Lasertrack Flare laser disrupter LaserTrack Flare &#8211; le bloqueur de laser ultime contre les canons \u00e0 laser . LaserTrack Flare est une t\u00e9l\u00e9commande innovante et multifonctionnelle d&rsquo;ouverture de porte de garage et de portail, combin\u00e9e \u00e0 la technologie la plus avanc\u00e9e pour se prot\u00e9ger des vis\u00e9es laser. En tant qu&rsquo;ouvre-porte, le LaserTrack Flare peut [&#8230;]\n","protected":false},"featured_media":14368,"comment_status":"open","ping_status":"closed","template":"","meta":[],"product_brand":[],"product_cat":[324,306],"product_tag":[],"class_list":{"0":"post-14567","1":"product","2":"type-product","3":"status-publish","4":"has-post-thumbnail","6":"product_cat-brouilleur-laser","7":"product_cat-target-france","9":"first","10":"instock","11":"sale","12":"taxable","13":"shipping-taxable","14":"purchasable","15":"product-type-variable","16":"has-default-attributes"},"yoast_head":"<!-- This site is optimized with the Yoast SEO plugin v27.2 - https:\/\/yoast.com\/product\/yoast-seo-wordpress\/ -->\n<title>Brouilleur laser Target Lasertrack Flare | Radar Service<\/title>\n<meta name=\"description\" content=\"Brouilleur laser Target Lasertrack Flare | Radar Service\" \/>\n<meta name=\"robots\" content=\"index, follow, max-snippet:-1, max-image-preview:large, max-video-preview:-1\" \/>\n<link rel=\"canonical\" href=\"https:\/\/radarservice.eu\/fr\/produit\/brouilleur-laser-target-lasertrack-flare\/\" \/>\n<meta property=\"og:locale\" content=\"fr_FR\" \/>\n<meta property=\"og:type\" content=\"article\" \/>\n<meta property=\"og:title\" content=\"Brouilleur laser Target Lasertrack Flare | Radar Service\" \/>\n<meta property=\"og:description\" content=\"Brouilleur laser Target Lasertrack Flare | Radar Service\" \/>\n<meta property=\"og:url\" content=\"https:\/\/radarservice.eu\/fr\/produit\/brouilleur-laser-target-lasertrack-flare\/\" \/>\n<meta property=\"og:site_name\" content=\"Radar Service\" \/>\n<meta property=\"article:modified_time\" content=\"2021-03-18T09:41:50+00:00\" \/>\n<meta property=\"og:image\" content=\"https:\/\/radarservice.eu\/wp-content\/uploads\/2020\/11\/Target_Lasertrack_Anti_laser_Jammer.jpg\" \/>\n\t<meta property=\"og:image:width\" content=\"1200\" \/>\n\t<meta property=\"og:image:height\" content=\"800\" \/>\n\t<meta property=\"og:image:type\" content=\"image\/jpeg\" \/>\n<meta name=\"twitter:card\" content=\"summary_large_image\" \/>\n<meta name=\"twitter:label1\" content=\"Dur\u00e9e de lecture estim\u00e9e\" \/>\n\t<meta name=\"twitter:data1\" content=\"1 minute\" \/>\n<script type=\"application\/ld+json\" class=\"yoast-schema-graph\">{\"@context\":\"https:\/\/schema.org\",\"@graph\":[{\"@type\":\"WebPage\",\"@id\":\"https:\/\/radarservice.eu\/fr\/produit\/brouilleur-laser-target-lasertrack-flare\/\",\"url\":\"https:\/\/radarservice.eu\/fr\/produit\/brouilleur-laser-target-lasertrack-flare\/\",\"name\":\"Brouilleur laser Target Lasertrack Flare | Radar Service\",\"isPartOf\":{\"@id\":\"https:\/\/radarservice.eu\/fr\/#website\"},\"primaryImageOfPage\":{\"@id\":\"https:\/\/radarservice.eu\/fr\/produit\/brouilleur-laser-target-lasertrack-flare\/#primaryimage\"},\"image\":{\"@id\":\"https:\/\/radarservice.eu\/fr\/produit\/brouilleur-laser-target-lasertrack-flare\/#primaryimage\"},\"thumbnailUrl\":\"https:\/\/radarservice.eu\/wp-content\/uploads\/2020\/11\/Target_Lasertrack_Anti_laser_Jammer.jpg\",\"datePublished\":\"2020-11-24T00:18:19+00:00\",\"dateModified\":\"2021-03-18T09:41:50+00:00\",\"description\":\"Brouilleur laser Target Lasertrack Flare | Radar Service\",\"breadcrumb\":{\"@id\":\"https:\/\/radarservice.eu\/fr\/produit\/brouilleur-laser-target-lasertrack-flare\/#breadcrumb\"},\"inLanguage\":\"fr-FR\",\"potentialAction\":[{\"@type\":\"ReadAction\",\"target\":[\"https:\/\/radarservice.eu\/fr\/produit\/brouilleur-laser-target-lasertrack-flare\/\"]}]},{\"@type\":\"ImageObject\",\"inLanguage\":\"fr-FR\",\"@id\":\"https:\/\/radarservice.eu\/fr\/produit\/brouilleur-laser-target-lasertrack-flare\/#primaryimage\",\"url\":\"https:\/\/radarservice.eu\/wp-content\/uploads\/2020\/11\/Target_Lasertrack_Anti_laser_Jammer.jpg\",\"contentUrl\":\"https:\/\/radarservice.eu\/wp-content\/uploads\/2020\/11\/Target_Lasertrack_Anti_laser_Jammer.jpg\",\"width\":1200,\"height\":800,\"caption\":\"Target Lasertrack Antilaser Jammer Laser Blocker\"},{\"@type\":\"BreadcrumbList\",\"@id\":\"https:\/\/radarservice.eu\/fr\/produit\/brouilleur-laser-target-lasertrack-flare\/#breadcrumb\",\"itemListElement\":[{\"@type\":\"ListItem\",\"position\":1,\"name\":\"Boutique\",\"item\":\"https:\/\/radarservice.eu\/fr\/boutique\/\"},{\"@type\":\"ListItem\",\"position\":2,\"name\":\"Brouilleur laser Target Lasertrack Flare\"}]},{\"@type\":\"WebSite\",\"@id\":\"https:\/\/radarservice.eu\/fr\/#website\",\"url\":\"https:\/\/radarservice.eu\/fr\/\",\"name\":\"Radar Service\",\"description\":\"Radar detector Laser jammer mobile fix\",\"publisher\":{\"@id\":\"https:\/\/radarservice.eu\/fr\/#organization\"},\"potentialAction\":[{\"@type\":\"SearchAction\",\"target\":{\"@type\":\"EntryPoint\",\"urlTemplate\":\"https:\/\/radarservice.eu\/fr\/?s={search_term_string}\"},\"query-input\":{\"@type\":\"PropertyValueSpecification\",\"valueRequired\":true,\"valueName\":\"search_term_string\"}}],\"inLanguage\":\"fr-FR\"},{\"@type\":\"Organization\",\"@id\":\"https:\/\/radarservice.eu\/fr\/#organization\",\"name\":\"RadarService\",\"url\":\"https:\/\/radarservice.eu\/fr\/\",\"logo\":{\"@type\":\"ImageObject\",\"inLanguage\":\"fr-FR\",\"@id\":\"https:\/\/radarservice.eu\/fr\/#\/schema\/logo\/image\/\",\"url\":\"https:\/\/radarservice.eu\/wp-content\/uploads\/2021\/03\/Radar_detector_service.png\",\"contentUrl\":\"https:\/\/radarservice.eu\/wp-content\/uploads\/2021\/03\/Radar_detector_service.png\",\"width\":174,\"height\":48,\"caption\":\"RadarService\"},\"image\":{\"@id\":\"https:\/\/radarservice.eu\/fr\/#\/schema\/logo\/image\/\"}}]}<\/script>\n<!-- \/ Yoast SEO plugin. -->","yoast_head_json":{"title":"Brouilleur laser Target Lasertrack Flare | Radar Service","description":"Brouilleur laser Target Lasertrack Flare | Radar Service","robots":{"index":"index","follow":"follow","max-snippet":"max-snippet:-1","max-image-preview":"max-image-preview:large","max-video-preview":"max-video-preview:-1"},"canonical":"https:\/\/radarservice.eu\/fr\/produit\/brouilleur-laser-target-lasertrack-flare\/","og_locale":"fr_FR","og_type":"article","og_title":"Brouilleur laser Target Lasertrack Flare | Radar Service","og_description":"Brouilleur laser Target Lasertrack Flare | Radar Service","og_url":"https:\/\/radarservice.eu\/fr\/produit\/brouilleur-laser-target-lasertrack-flare\/","og_site_name":"Radar Service","article_modified_time":"2021-03-18T09:41:50+00:00","og_image":[{"width":1200,"height":800,"url":"https:\/\/radarservice.eu\/wp-content\/uploads\/2020\/11\/Target_Lasertrack_Anti_laser_Jammer.jpg","type":"image\/jpeg"}],"twitter_card":"summary_large_image","twitter_misc":{"Dur\u00e9e de lecture estim\u00e9e":"1 minute"},"schema":{"@context":"https:\/\/schema.org","@graph":[{"@type":"WebPage","@id":"https:\/\/radarservice.eu\/fr\/produit\/brouilleur-laser-target-lasertrack-flare\/","url":"https:\/\/radarservice.eu\/fr\/produit\/brouilleur-laser-target-lasertrack-flare\/","name":"Brouilleur laser Target Lasertrack Flare | Radar Service","isPartOf":{"@id":"https:\/\/radarservice.eu\/fr\/#website"},"primaryImageOfPage":{"@id":"https:\/\/radarservice.eu\/fr\/produit\/brouilleur-laser-target-lasertrack-flare\/#primaryimage"},"image":{"@id":"https:\/\/radarservice.eu\/fr\/produit\/brouilleur-laser-target-lasertrack-flare\/#primaryimage"},"thumbnailUrl":"https:\/\/radarservice.eu\/wp-content\/uploads\/2020\/11\/Target_Lasertrack_Anti_laser_Jammer.jpg","datePublished":"2020-11-24T00:18:19+00:00","dateModified":"2021-03-18T09:41:50+00:00","description":"Brouilleur laser Target Lasertrack Flare | Radar Service","breadcrumb":{"@id":"https:\/\/radarservice.eu\/fr\/produit\/brouilleur-laser-target-lasertrack-flare\/#breadcrumb"},"inLanguage":"fr-FR","potentialAction":[{"@type":"ReadAction","target":["https:\/\/radarservice.eu\/fr\/produit\/brouilleur-laser-target-lasertrack-flare\/"]}]},{"@type":"ImageObject","inLanguage":"fr-FR","@id":"https:\/\/radarservice.eu\/fr\/produit\/brouilleur-laser-target-lasertrack-flare\/#primaryimage","url":"https:\/\/radarservice.eu\/wp-content\/uploads\/2020\/11\/Target_Lasertrack_Anti_laser_Jammer.jpg","contentUrl":"https:\/\/radarservice.eu\/wp-content\/uploads\/2020\/11\/Target_Lasertrack_Anti_laser_Jammer.jpg","width":1200,"height":800,"caption":"Target Lasertrack Antilaser Jammer Laser Blocker"},{"@type":"BreadcrumbList","@id":"https:\/\/radarservice.eu\/fr\/produit\/brouilleur-laser-target-lasertrack-flare\/#breadcrumb","itemListElement":[{"@type":"ListItem","position":1,"name":"Boutique","item":"https:\/\/radarservice.eu\/fr\/boutique\/"},{"@type":"ListItem","position":2,"name":"Brouilleur laser Target Lasertrack Flare"}]},{"@type":"WebSite","@id":"https:\/\/radarservice.eu\/fr\/#website","url":"https:\/\/radarservice.eu\/fr\/","name":"Radar Service","description":"Radar detector Laser jammer mobile fix","publisher":{"@id":"https:\/\/radarservice.eu\/fr\/#organization"},"potentialAction":[{"@type":"SearchAction","target":{"@type":"EntryPoint","urlTemplate":"https:\/\/radarservice.eu\/fr\/?s={search_term_string}"},"query-input":{"@type":"PropertyValueSpecification","valueRequired":true,"valueName":"search_term_string"}}],"inLanguage":"fr-FR"},{"@type":"Organization","@id":"https:\/\/radarservice.eu\/fr\/#organization","name":"RadarService","url":"https:\/\/radarservice.eu\/fr\/","logo":{"@type":"ImageObject","inLanguage":"fr-FR","@id":"https:\/\/radarservice.eu\/fr\/#\/schema\/logo\/image\/","url":"https:\/\/radarservice.eu\/wp-content\/uploads\/2021\/03\/Radar_detector_service.png","contentUrl":"https:\/\/radarservice.eu\/wp-content\/uploads\/2021\/03\/Radar_detector_service.png","width":174,"height":48,"caption":"RadarService"},"image":{"@id":"https:\/\/radarservice.eu\/fr\/#\/schema\/logo\/image\/"}}]}},"_links":{"self":[{"href":"https:\/\/radarservice.eu\/fr\/wp-json\/wp\/v2\/product\/14567","targetHints":{"allow":["GET"]}}],"collection":[{"href":"https:\/\/radarservice.eu\/fr\/wp-json\/wp\/v2\/product"}],"about":[{"href":"https:\/\/radarservice.eu\/fr\/wp-json\/wp\/v2\/types\/product"}],"replies":[{"embeddable":true,"href":"https:\/\/radarservice.eu\/fr\/wp-json\/wp\/v2\/comments?post=14567"}],"wp:featuredmedia":[{"embeddable":true,"href":"https:\/\/radarservice.eu\/fr\/wp-json\/wp\/v2\/media\/14368"}],"wp:attachment":[{"href":"https:\/\/radarservice.eu\/fr\/wp-json\/wp\/v2\/media?parent=14567"}],"wp:term":[{"taxonomy":"product_brand","embeddable":true,"href":"https:\/\/radarservice.eu\/fr\/wp-json\/wp\/v2\/product_brand?post=14567"},{"taxonomy":"product_cat","embeddable":true,"href":"https:\/\/radarservice.eu\/fr\/wp-json\/wp\/v2\/product_cat?post=14567"},{"taxonomy":"product_tag","embeddable":true,"href":"https:\/\/radarservice.eu\/fr\/wp-json\/wp\/v2\/product_tag?post=14567"}],"curies":[{"name":"wp","href":"https:\/\/api.w.org\/{rel}","templated":true}]}}