{"id":14566,"date":"2020-11-24T01:20:39","date_gmt":"2020-11-24T00:20:39","guid":{"rendered":"https:\/\/radarservice.eu\/produkt\/lasertrack-flare-porte-plaque-dimmatriculation-cache\/"},"modified":"2025-06-20T05:10:27","modified_gmt":"2025-06-20T03:10:27","slug":"lasertrack-flare-porte-plaque-dimmatriculation-cache","status":"publish","type":"product","link":"https:\/\/radarservice.eu\/fr\/produit\/lasertrack-flare-porte-plaque-dimmatriculation-cache\/","title":{"rendered":"Lasertrack Flare porte-plaque d&rsquo;immatriculation cach\u00e9"},"content":{"rendered":"<h1>Cible Lasertrack Flare invisiblement cach\u00e9 dans le support de la plaque d&rsquo;immatriculation<\/h1>\n<p><strong>LaserTrack Flare invisiblement cach\u00e9 dans le porte-plaque d&rsquo;immatriculation<\/strong><br \/>.<br \/>\nLes nouveaux et tr\u00e8s petits capteurs du LaserTrack Flare sont int\u00e9gr\u00e9s de mani\u00e8re invisible dans un support de plaque d&rsquo;immatriculation. Cela permet une installation simple et discr\u00e8te sur presque tous les v\u00e9hicules. Pour ce faire, il suffit de remplacer l&rsquo;ancien support de plaque d&rsquo;immatriculation par le nouveau support avec les capteurs d&rsquo;interf\u00e9rence int\u00e9gr\u00e9s.  <\/p>\n<p><strong>LaserTrack Flare anti-laser technology<\/strong><br \/>.<br \/>\nLe LaserTrack Flare, sophistiqu\u00e9 et tr\u00e8s petit, est \u00e9quip\u00e9 de la m\u00eame technologie que celle utilis\u00e9e dans les pistolets laser de la police et vous offre, \u00e0 vous, l&rsquo;utilisateur, un grand avantage. Le syst\u00e8me fait une distinction tr\u00e8s pr\u00e9cise entre les signaux individuels des nombreux appareils de mesure laser et les pistolets laser de la police.<\/p>\n<p><strong>Op\u00e9ration l\u00e9gale en tant qu&rsquo;ouvreur de portail et de garage<\/strong><br \/>.<br \/>\nLorsqu&rsquo;il est exp\u00e9di\u00e9, le LaserTrack Flare est dot\u00e9 d&rsquo;un ouvre-porte et d&rsquo;une fonction d&rsquo;ouverture de garage. Cette fonction est autoris\u00e9e partout dans le monde et permet donc un achat et une installation l\u00e9gaux. <\/p>\n<p><strong>Fonction de brouilleur de laser \/ bloqueur de laser<\/strong><br \/>.<br \/>\nLorsque la fonction de brouillage laser est activ\u00e9e, votre v\u00e9hicule est prot\u00e9g\u00e9 contre les mesures de vitesse par un appareil de mesure laser ou un pistolet laser.  D\u00e8s qu&rsquo;une mesure est d\u00e9tect\u00e9e, le LaserTrack Flare active un bouclier de protection et le v\u00e9hicule ne peut plus \u00eatre mesur\u00e9. Un signal d&rsquo;avertissement acoustique et optique sur l&rsquo;\u00e9cran indique que le mode de protection contre les lasers est actif et qu&rsquo;aucune mesure de vitesse ne peut donc \u00eatre effectu\u00e9e avec le pistolet laser. Au bout de 4 secondes, le mode de protection est d\u00e9sactiv\u00e9 et le v\u00e9hicule peut \u00eatre mesur\u00e9. Pendant ces 4 secondes, vous avez suffisamment de temps pour ajuster votre vitesse. <\/p>\n","protected":false},"excerpt":{"rendered":"<p>Cible Lasertrack Flare invisiblement cach\u00e9 dans le support de la plaque d&rsquo;immatriculation LaserTrack Flare invisiblement cach\u00e9 dans le porte-plaque d&rsquo;immatriculation. Les nouveaux et tr\u00e8s petits capteurs du LaserTrack Flare sont int\u00e9gr\u00e9s de mani\u00e8re invisible dans un support de plaque d&rsquo;immatriculation. Cela permet une installation simple et discr\u00e8te sur presque tous les v\u00e9hicules. Pour ce faire, [&#8230;]\n","protected":false},"featured_media":14118,"comment_status":"open","ping_status":"closed","template":"","meta":[],"product_brand":[],"product_cat":[324,319,306],"product_tag":[],"class_list":{"0":"post-14566","1":"product","2":"type-product","3":"status-publish","4":"has-post-thumbnail","6":"product_cat-brouilleur-laser","7":"product_cat-brouilleur-laser-recommande","8":"product_cat-target-france","10":"first","11":"instock","12":"sale","13":"taxable","14":"shipping-taxable","15":"purchasable","16":"product-type-variable","17":"has-default-attributes"},"yoast_head":"<!-- This site is optimized with the Yoast SEO plugin v27.2 - https:\/\/yoast.com\/product\/yoast-seo-wordpress\/ -->\n<title>Lasertrack Flare porte-plaque d&#039;immatriculation cach\u00e9 | Radar Service<\/title>\n<meta name=\"description\" content=\"Lasertrack Flare porte-plaque d&#039;immatriculation cach\u00e9 | Radar Service\" \/>\n<meta name=\"robots\" content=\"index, follow, max-snippet:-1, max-image-preview:large, max-video-preview:-1\" \/>\n<link rel=\"canonical\" href=\"https:\/\/radarservice.eu\/fr\/produit\/lasertrack-flare-porte-plaque-dimmatriculation-cache\/\" \/>\n<meta property=\"og:locale\" content=\"fr_FR\" \/>\n<meta property=\"og:type\" content=\"article\" \/>\n<meta property=\"og:title\" content=\"Lasertrack Flare porte-plaque d&#039;immatriculation cach\u00e9 | Radar Service\" \/>\n<meta property=\"og:description\" content=\"Lasertrack Flare porte-plaque d&#039;immatriculation cach\u00e9 | Radar Service\" \/>\n<meta property=\"og:url\" content=\"https:\/\/radarservice.eu\/fr\/produit\/lasertrack-flare-porte-plaque-dimmatriculation-cache\/\" \/>\n<meta property=\"og:site_name\" content=\"Radar Service\" \/>\n<meta property=\"article:modified_time\" content=\"2025-06-20T03:10:27+00:00\" \/>\n<meta property=\"og:image\" content=\"https:\/\/radarservice.eu\/wp-content\/uploads\/2020\/09\/Lasertrack-Flare-Nummernschild.jpg\" \/>\n\t<meta property=\"og:image:width\" content=\"1900\" \/>\n\t<meta property=\"og:image:height\" content=\"1267\" \/>\n\t<meta property=\"og:image:type\" content=\"image\/jpeg\" \/>\n<meta name=\"twitter:card\" content=\"summary_large_image\" \/>\n<meta name=\"twitter:label1\" content=\"Dur\u00e9e de lecture estim\u00e9e\" \/>\n\t<meta name=\"twitter:data1\" content=\"2 minutes\" \/>\n<script type=\"application\/ld+json\" class=\"yoast-schema-graph\">{\"@context\":\"https:\/\/schema.org\",\"@graph\":[{\"@type\":\"WebPage\",\"@id\":\"https:\/\/radarservice.eu\/fr\/produit\/lasertrack-flare-porte-plaque-dimmatriculation-cache\/\",\"url\":\"https:\/\/radarservice.eu\/fr\/produit\/lasertrack-flare-porte-plaque-dimmatriculation-cache\/\",\"name\":\"Lasertrack Flare porte-plaque d'immatriculation cach\u00e9 | Radar Service\",\"isPartOf\":{\"@id\":\"https:\/\/radarservice.eu\/fr\/#website\"},\"primaryImageOfPage\":{\"@id\":\"https:\/\/radarservice.eu\/fr\/produit\/lasertrack-flare-porte-plaque-dimmatriculation-cache\/#primaryimage\"},\"image\":{\"@id\":\"https:\/\/radarservice.eu\/fr\/produit\/lasertrack-flare-porte-plaque-dimmatriculation-cache\/#primaryimage\"},\"thumbnailUrl\":\"https:\/\/radarservice.eu\/wp-content\/uploads\/2020\/09\/Lasertrack-Flare-Nummernschild.jpg\",\"datePublished\":\"2020-11-24T00:20:39+00:00\",\"dateModified\":\"2025-06-20T03:10:27+00:00\",\"description\":\"Lasertrack Flare porte-plaque d'immatriculation cach\u00e9 | Radar Service\",\"breadcrumb\":{\"@id\":\"https:\/\/radarservice.eu\/fr\/produit\/lasertrack-flare-porte-plaque-dimmatriculation-cache\/#breadcrumb\"},\"inLanguage\":\"fr-FR\",\"potentialAction\":[{\"@type\":\"ReadAction\",\"target\":[\"https:\/\/radarservice.eu\/fr\/produit\/lasertrack-flare-porte-plaque-dimmatriculation-cache\/\"]}]},{\"@type\":\"ImageObject\",\"inLanguage\":\"fr-FR\",\"@id\":\"https:\/\/radarservice.eu\/fr\/produit\/lasertrack-flare-porte-plaque-dimmatriculation-cache\/#primaryimage\",\"url\":\"https:\/\/radarservice.eu\/wp-content\/uploads\/2020\/09\/Lasertrack-Flare-Nummernschild.jpg\",\"contentUrl\":\"https:\/\/radarservice.eu\/wp-content\/uploads\/2020\/09\/Lasertrack-Flare-Nummernschild.jpg\",\"width\":1900,\"height\":1267,\"caption\":\"Plaque d'immatriculation des fus\u00e9es \u00e9clairantes Lasertrack\"},{\"@type\":\"BreadcrumbList\",\"@id\":\"https:\/\/radarservice.eu\/fr\/produit\/lasertrack-flare-porte-plaque-dimmatriculation-cache\/#breadcrumb\",\"itemListElement\":[{\"@type\":\"ListItem\",\"position\":1,\"name\":\"Boutique\",\"item\":\"https:\/\/radarservice.eu\/fr\/boutique\/\"},{\"@type\":\"ListItem\",\"position\":2,\"name\":\"Lasertrack Flare porte-plaque d&#8217;immatriculation cach\u00e9\"}]},{\"@type\":\"WebSite\",\"@id\":\"https:\/\/radarservice.eu\/fr\/#website\",\"url\":\"https:\/\/radarservice.eu\/fr\/\",\"name\":\"Radar Service\",\"description\":\"Radar detector Laser jammer mobile fix\",\"publisher\":{\"@id\":\"https:\/\/radarservice.eu\/fr\/#organization\"},\"potentialAction\":[{\"@type\":\"SearchAction\",\"target\":{\"@type\":\"EntryPoint\",\"urlTemplate\":\"https:\/\/radarservice.eu\/fr\/?s={search_term_string}\"},\"query-input\":{\"@type\":\"PropertyValueSpecification\",\"valueRequired\":true,\"valueName\":\"search_term_string\"}}],\"inLanguage\":\"fr-FR\"},{\"@type\":\"Organization\",\"@id\":\"https:\/\/radarservice.eu\/fr\/#organization\",\"name\":\"RadarService\",\"url\":\"https:\/\/radarservice.eu\/fr\/\",\"logo\":{\"@type\":\"ImageObject\",\"inLanguage\":\"fr-FR\",\"@id\":\"https:\/\/radarservice.eu\/fr\/#\/schema\/logo\/image\/\",\"url\":\"https:\/\/radarservice.eu\/wp-content\/uploads\/2021\/03\/Radar_detector_service.png\",\"contentUrl\":\"https:\/\/radarservice.eu\/wp-content\/uploads\/2021\/03\/Radar_detector_service.png\",\"width\":174,\"height\":48,\"caption\":\"RadarService\"},\"image\":{\"@id\":\"https:\/\/radarservice.eu\/fr\/#\/schema\/logo\/image\/\"}}]}<\/script>\n<!-- \/ Yoast SEO plugin. -->","yoast_head_json":{"title":"Lasertrack Flare porte-plaque d'immatriculation cach\u00e9 | Radar Service","description":"Lasertrack Flare porte-plaque d'immatriculation cach\u00e9 | Radar Service","robots":{"index":"index","follow":"follow","max-snippet":"max-snippet:-1","max-image-preview":"max-image-preview:large","max-video-preview":"max-video-preview:-1"},"canonical":"https:\/\/radarservice.eu\/fr\/produit\/lasertrack-flare-porte-plaque-dimmatriculation-cache\/","og_locale":"fr_FR","og_type":"article","og_title":"Lasertrack Flare porte-plaque d'immatriculation cach\u00e9 | Radar Service","og_description":"Lasertrack Flare porte-plaque d'immatriculation cach\u00e9 | Radar Service","og_url":"https:\/\/radarservice.eu\/fr\/produit\/lasertrack-flare-porte-plaque-dimmatriculation-cache\/","og_site_name":"Radar Service","article_modified_time":"2025-06-20T03:10:27+00:00","og_image":[{"width":1900,"height":1267,"url":"https:\/\/radarservice.eu\/wp-content\/uploads\/2020\/09\/Lasertrack-Flare-Nummernschild.jpg","type":"image\/jpeg"}],"twitter_card":"summary_large_image","twitter_misc":{"Dur\u00e9e de lecture estim\u00e9e":"2 minutes"},"schema":{"@context":"https:\/\/schema.org","@graph":[{"@type":"WebPage","@id":"https:\/\/radarservice.eu\/fr\/produit\/lasertrack-flare-porte-plaque-dimmatriculation-cache\/","url":"https:\/\/radarservice.eu\/fr\/produit\/lasertrack-flare-porte-plaque-dimmatriculation-cache\/","name":"Lasertrack Flare porte-plaque d'immatriculation cach\u00e9 | Radar Service","isPartOf":{"@id":"https:\/\/radarservice.eu\/fr\/#website"},"primaryImageOfPage":{"@id":"https:\/\/radarservice.eu\/fr\/produit\/lasertrack-flare-porte-plaque-dimmatriculation-cache\/#primaryimage"},"image":{"@id":"https:\/\/radarservice.eu\/fr\/produit\/lasertrack-flare-porte-plaque-dimmatriculation-cache\/#primaryimage"},"thumbnailUrl":"https:\/\/radarservice.eu\/wp-content\/uploads\/2020\/09\/Lasertrack-Flare-Nummernschild.jpg","datePublished":"2020-11-24T00:20:39+00:00","dateModified":"2025-06-20T03:10:27+00:00","description":"Lasertrack Flare porte-plaque d'immatriculation cach\u00e9 | Radar Service","breadcrumb":{"@id":"https:\/\/radarservice.eu\/fr\/produit\/lasertrack-flare-porte-plaque-dimmatriculation-cache\/#breadcrumb"},"inLanguage":"fr-FR","potentialAction":[{"@type":"ReadAction","target":["https:\/\/radarservice.eu\/fr\/produit\/lasertrack-flare-porte-plaque-dimmatriculation-cache\/"]}]},{"@type":"ImageObject","inLanguage":"fr-FR","@id":"https:\/\/radarservice.eu\/fr\/produit\/lasertrack-flare-porte-plaque-dimmatriculation-cache\/#primaryimage","url":"https:\/\/radarservice.eu\/wp-content\/uploads\/2020\/09\/Lasertrack-Flare-Nummernschild.jpg","contentUrl":"https:\/\/radarservice.eu\/wp-content\/uploads\/2020\/09\/Lasertrack-Flare-Nummernschild.jpg","width":1900,"height":1267,"caption":"Plaque d'immatriculation des fus\u00e9es \u00e9clairantes Lasertrack"},{"@type":"BreadcrumbList","@id":"https:\/\/radarservice.eu\/fr\/produit\/lasertrack-flare-porte-plaque-dimmatriculation-cache\/#breadcrumb","itemListElement":[{"@type":"ListItem","position":1,"name":"Boutique","item":"https:\/\/radarservice.eu\/fr\/boutique\/"},{"@type":"ListItem","position":2,"name":"Lasertrack Flare porte-plaque d&#8217;immatriculation cach\u00e9"}]},{"@type":"WebSite","@id":"https:\/\/radarservice.eu\/fr\/#website","url":"https:\/\/radarservice.eu\/fr\/","name":"Radar Service","description":"Radar detector Laser jammer mobile fix","publisher":{"@id":"https:\/\/radarservice.eu\/fr\/#organization"},"potentialAction":[{"@type":"SearchAction","target":{"@type":"EntryPoint","urlTemplate":"https:\/\/radarservice.eu\/fr\/?s={search_term_string}"},"query-input":{"@type":"PropertyValueSpecification","valueRequired":true,"valueName":"search_term_string"}}],"inLanguage":"fr-FR"},{"@type":"Organization","@id":"https:\/\/radarservice.eu\/fr\/#organization","name":"RadarService","url":"https:\/\/radarservice.eu\/fr\/","logo":{"@type":"ImageObject","inLanguage":"fr-FR","@id":"https:\/\/radarservice.eu\/fr\/#\/schema\/logo\/image\/","url":"https:\/\/radarservice.eu\/wp-content\/uploads\/2021\/03\/Radar_detector_service.png","contentUrl":"https:\/\/radarservice.eu\/wp-content\/uploads\/2021\/03\/Radar_detector_service.png","width":174,"height":48,"caption":"RadarService"},"image":{"@id":"https:\/\/radarservice.eu\/fr\/#\/schema\/logo\/image\/"}}]}},"_links":{"self":[{"href":"https:\/\/radarservice.eu\/fr\/wp-json\/wp\/v2\/product\/14566","targetHints":{"allow":["GET"]}}],"collection":[{"href":"https:\/\/radarservice.eu\/fr\/wp-json\/wp\/v2\/product"}],"about":[{"href":"https:\/\/radarservice.eu\/fr\/wp-json\/wp\/v2\/types\/product"}],"replies":[{"embeddable":true,"href":"https:\/\/radarservice.eu\/fr\/wp-json\/wp\/v2\/comments?post=14566"}],"wp:featuredmedia":[{"embeddable":true,"href":"https:\/\/radarservice.eu\/fr\/wp-json\/wp\/v2\/media\/14118"}],"wp:attachment":[{"href":"https:\/\/radarservice.eu\/fr\/wp-json\/wp\/v2\/media?parent=14566"}],"wp:term":[{"taxonomy":"product_brand","embeddable":true,"href":"https:\/\/radarservice.eu\/fr\/wp-json\/wp\/v2\/product_brand?post=14566"},{"taxonomy":"product_cat","embeddable":true,"href":"https:\/\/radarservice.eu\/fr\/wp-json\/wp\/v2\/product_cat?post=14566"},{"taxonomy":"product_tag","embeddable":true,"href":"https:\/\/radarservice.eu\/fr\/wp-json\/wp\/v2\/product_tag?post=14566"}],"curies":[{"name":"wp","href":"https:\/\/api.w.org\/{rel}","templated":true}]}}