{"id":14565,"date":"2020-11-24T01:28:18","date_gmt":"2020-11-24T00:28:18","guid":{"rendered":"https:\/\/radarservice.eu\/produkt\/service-dinstallation-de-detecteurs-de-radars-et-de-brouilleurs-de-laser\/"},"modified":"2026-03-31T05:13:22","modified_gmt":"2026-03-31T03:13:22","slug":"service-dinstallation-de-detecteurs-de-radars-et-de-brouilleurs-de-laser","status":"publish","type":"product","link":"https:\/\/radarservice.eu\/fr\/produit\/service-dinstallation-de-detecteurs-de-radars-et-de-brouilleurs-de-laser\/","title":{"rendered":"Service d&rsquo;installation de d\u00e9tecteurs de radars et de brouilleurs de laser"},"content":{"rendered":"<p>Nous r\u00e9alisons des installations professionnelles de d\u00e9tecteurs de radars dans notre atelier \u00e0 Hambourg. Les co\u00fbts varient en fonction du type de v\u00e9hicule et de l&rsquo;\u00e9tendue de l&rsquo;installation de d\u00e9tecteur de radars souhait\u00e9e.<br \/>\nPour obtenir un devis, veuillez nous contacter par courrier \u00e9lectronique ou nous appeler. T\u00e9l : +49 (0)40 &#8211; 228 590 32<\/p>\n","protected":false},"excerpt":{"rendered":"<p>Nous r\u00e9alisons des installations professionnelles de d\u00e9tecteurs de radars dans notre atelier \u00e0 Hambourg. Les co\u00fbts varient en fonction du type de v\u00e9hicule et de l&rsquo;\u00e9tendue de l&rsquo;installation de d\u00e9tecteur de radars souhait\u00e9e. Pour obtenir un devis, veuillez nous contacter par courrier \u00e9lectronique ou nous appeler. T\u00e9l : +49 (0)40 &#8211; 228 590 32<\/p>\n","protected":false},"featured_media":14326,"comment_status":"open","ping_status":"closed","template":"","meta":[],"product_brand":[],"product_cat":[324,319,331,317,332],"product_tag":[],"class_list":{"0":"post-14565","1":"product","2":"type-product","3":"status-publish","4":"has-post-thumbnail","6":"product_cat-brouilleur-laser","7":"product_cat-brouilleur-laser-recommande","8":"product_cat-detecteurs-de-radar-fixes-invisible","9":"product_cat-paquets-de-protection-recommandes","10":"product_cat-service-pour-les-radars","12":"first","13":"instock","14":"virtual","15":"taxable","16":"purchasable","17":"product-type-simple"},"yoast_head":"<!-- This site is optimized with the Yoast SEO plugin v27.2 - https:\/\/yoast.com\/product\/yoast-seo-wordpress\/ -->\n<title>Service d&#039;installation de d\u00e9tecteurs de radars et de brouilleurs de laser in Hamburg<\/title>\n<meta name=\"description\" content=\"Service d&#039;installation de d\u00e9tecteurs de radars et atelier. En tant que service d&#039;installation exp\u00e9riment\u00e9 \u00e0 Hambourg, nous installons depuis de nombreuses ann\u00e9es des d\u00e9tecteurs de radars et des brouilleurs de laser.\" \/>\n<meta name=\"robots\" content=\"index, follow, max-snippet:-1, max-image-preview:large, max-video-preview:-1\" \/>\n<link rel=\"canonical\" href=\"https:\/\/radarservice.eu\/fr\/produit\/service-dinstallation-de-detecteurs-de-radars-et-de-brouilleurs-de-laser\/\" \/>\n<meta property=\"og:locale\" content=\"fr_FR\" \/>\n<meta property=\"og:type\" content=\"article\" \/>\n<meta property=\"og:title\" content=\"Service d&#039;installation de d\u00e9tecteurs de radars et de brouilleurs de laser in Hamburg\" \/>\n<meta property=\"og:description\" content=\"Service d&#039;installation de d\u00e9tecteurs de radars et atelier. En tant que service d&#039;installation exp\u00e9riment\u00e9 \u00e0 Hambourg, nous installons depuis de nombreuses ann\u00e9es des d\u00e9tecteurs de radars et des brouilleurs de laser.\" \/>\n<meta property=\"og:url\" content=\"https:\/\/radarservice.eu\/fr\/produit\/service-dinstallation-de-detecteurs-de-radars-et-de-brouilleurs-de-laser\/\" \/>\n<meta property=\"og:site_name\" content=\"Radar Service\" \/>\n<meta property=\"article:modified_time\" content=\"2026-03-31T03:13:22+00:00\" \/>\n<meta property=\"og:image\" content=\"https:\/\/radarservice.eu\/wp-content\/uploads\/2020\/11\/McLaren_1280x853.jpg\" \/>\n\t<meta property=\"og:image:width\" content=\"1280\" \/>\n\t<meta property=\"og:image:height\" content=\"853\" \/>\n\t<meta property=\"og:image:type\" content=\"image\/jpeg\" \/>\n<meta name=\"twitter:card\" content=\"summary_large_image\" \/>\n<script type=\"application\/ld+json\" class=\"yoast-schema-graph\">{\"@context\":\"https:\/\/schema.org\",\"@graph\":[{\"@type\":\"WebPage\",\"@id\":\"https:\/\/radarservice.eu\/fr\/produit\/service-dinstallation-de-detecteurs-de-radars-et-de-brouilleurs-de-laser\/\",\"url\":\"https:\/\/radarservice.eu\/fr\/produit\/service-dinstallation-de-detecteurs-de-radars-et-de-brouilleurs-de-laser\/\",\"name\":\"Service d'installation de d\u00e9tecteurs de radars et de brouilleurs de laser in Hamburg\",\"isPartOf\":{\"@id\":\"https:\/\/radarservice.eu\/fr\/#website\"},\"primaryImageOfPage\":{\"@id\":\"https:\/\/radarservice.eu\/fr\/produit\/service-dinstallation-de-detecteurs-de-radars-et-de-brouilleurs-de-laser\/#primaryimage\"},\"image\":{\"@id\":\"https:\/\/radarservice.eu\/fr\/produit\/service-dinstallation-de-detecteurs-de-radars-et-de-brouilleurs-de-laser\/#primaryimage\"},\"thumbnailUrl\":\"https:\/\/radarservice.eu\/wp-content\/uploads\/2020\/11\/McLaren_1280x853.jpg\",\"datePublished\":\"2020-11-24T00:28:18+00:00\",\"dateModified\":\"2026-03-31T03:13:22+00:00\",\"description\":\"Service d'installation de d\u00e9tecteurs de radars et atelier. En tant que service d'installation exp\u00e9riment\u00e9 \u00e0 Hambourg, nous installons depuis de nombreuses ann\u00e9es des d\u00e9tecteurs de radars et des brouilleurs de laser.\",\"breadcrumb\":{\"@id\":\"https:\/\/radarservice.eu\/fr\/produit\/service-dinstallation-de-detecteurs-de-radars-et-de-brouilleurs-de-laser\/#breadcrumb\"},\"inLanguage\":\"fr-FR\",\"potentialAction\":[{\"@type\":\"ReadAction\",\"target\":[\"https:\/\/radarservice.eu\/fr\/produit\/service-dinstallation-de-detecteurs-de-radars-et-de-brouilleurs-de-laser\/\"]}]},{\"@type\":\"ImageObject\",\"inLanguage\":\"fr-FR\",\"@id\":\"https:\/\/radarservice.eu\/fr\/produit\/service-dinstallation-de-detecteurs-de-radars-et-de-brouilleurs-de-laser\/#primaryimage\",\"url\":\"https:\/\/radarservice.eu\/wp-content\/uploads\/2020\/11\/McLaren_1280x853.jpg\",\"contentUrl\":\"https:\/\/radarservice.eu\/wp-content\/uploads\/2020\/11\/McLaren_1280x853.jpg\",\"width\":1280,\"height\":853,\"caption\":\"Radar avertisseur radar detector auto car\"},{\"@type\":\"BreadcrumbList\",\"@id\":\"https:\/\/radarservice.eu\/fr\/produit\/service-dinstallation-de-detecteurs-de-radars-et-de-brouilleurs-de-laser\/#breadcrumb\",\"itemListElement\":[{\"@type\":\"ListItem\",\"position\":1,\"name\":\"Boutique\",\"item\":\"https:\/\/radarservice.eu\/fr\/boutique\/\"},{\"@type\":\"ListItem\",\"position\":2,\"name\":\"Service d&rsquo;installation de d\u00e9tecteurs de radars et de brouilleurs de laser\"}]},{\"@type\":\"WebSite\",\"@id\":\"https:\/\/radarservice.eu\/fr\/#website\",\"url\":\"https:\/\/radarservice.eu\/fr\/\",\"name\":\"Radar Service\",\"description\":\"Radar detector Laser jammer mobile fix\",\"publisher\":{\"@id\":\"https:\/\/radarservice.eu\/fr\/#organization\"},\"potentialAction\":[{\"@type\":\"SearchAction\",\"target\":{\"@type\":\"EntryPoint\",\"urlTemplate\":\"https:\/\/radarservice.eu\/fr\/?s={search_term_string}\"},\"query-input\":{\"@type\":\"PropertyValueSpecification\",\"valueRequired\":true,\"valueName\":\"search_term_string\"}}],\"inLanguage\":\"fr-FR\"},{\"@type\":\"Organization\",\"@id\":\"https:\/\/radarservice.eu\/fr\/#organization\",\"name\":\"RadarService\",\"url\":\"https:\/\/radarservice.eu\/fr\/\",\"logo\":{\"@type\":\"ImageObject\",\"inLanguage\":\"fr-FR\",\"@id\":\"https:\/\/radarservice.eu\/fr\/#\/schema\/logo\/image\/\",\"url\":\"https:\/\/radarservice.eu\/wp-content\/uploads\/2021\/03\/Radar_detector_service.png\",\"contentUrl\":\"https:\/\/radarservice.eu\/wp-content\/uploads\/2021\/03\/Radar_detector_service.png\",\"width\":174,\"height\":48,\"caption\":\"RadarService\"},\"image\":{\"@id\":\"https:\/\/radarservice.eu\/fr\/#\/schema\/logo\/image\/\"}}]}<\/script>\n<!-- \/ Yoast SEO plugin. -->","yoast_head_json":{"title":"Service d'installation de d\u00e9tecteurs de radars et de brouilleurs de laser in Hamburg","description":"Service d'installation de d\u00e9tecteurs de radars et atelier. En tant que service d'installation exp\u00e9riment\u00e9 \u00e0 Hambourg, nous installons depuis de nombreuses ann\u00e9es des d\u00e9tecteurs de radars et des brouilleurs de laser.","robots":{"index":"index","follow":"follow","max-snippet":"max-snippet:-1","max-image-preview":"max-image-preview:large","max-video-preview":"max-video-preview:-1"},"canonical":"https:\/\/radarservice.eu\/fr\/produit\/service-dinstallation-de-detecteurs-de-radars-et-de-brouilleurs-de-laser\/","og_locale":"fr_FR","og_type":"article","og_title":"Service d'installation de d\u00e9tecteurs de radars et de brouilleurs de laser in Hamburg","og_description":"Service d'installation de d\u00e9tecteurs de radars et atelier. En tant que service d'installation exp\u00e9riment\u00e9 \u00e0 Hambourg, nous installons depuis de nombreuses ann\u00e9es des d\u00e9tecteurs de radars et des brouilleurs de laser.","og_url":"https:\/\/radarservice.eu\/fr\/produit\/service-dinstallation-de-detecteurs-de-radars-et-de-brouilleurs-de-laser\/","og_site_name":"Radar Service","article_modified_time":"2026-03-31T03:13:22+00:00","og_image":[{"width":1280,"height":853,"url":"https:\/\/radarservice.eu\/wp-content\/uploads\/2020\/11\/McLaren_1280x853.jpg","type":"image\/jpeg"}],"twitter_card":"summary_large_image","schema":{"@context":"https:\/\/schema.org","@graph":[{"@type":"WebPage","@id":"https:\/\/radarservice.eu\/fr\/produit\/service-dinstallation-de-detecteurs-de-radars-et-de-brouilleurs-de-laser\/","url":"https:\/\/radarservice.eu\/fr\/produit\/service-dinstallation-de-detecteurs-de-radars-et-de-brouilleurs-de-laser\/","name":"Service d'installation de d\u00e9tecteurs de radars et de brouilleurs de laser in Hamburg","isPartOf":{"@id":"https:\/\/radarservice.eu\/fr\/#website"},"primaryImageOfPage":{"@id":"https:\/\/radarservice.eu\/fr\/produit\/service-dinstallation-de-detecteurs-de-radars-et-de-brouilleurs-de-laser\/#primaryimage"},"image":{"@id":"https:\/\/radarservice.eu\/fr\/produit\/service-dinstallation-de-detecteurs-de-radars-et-de-brouilleurs-de-laser\/#primaryimage"},"thumbnailUrl":"https:\/\/radarservice.eu\/wp-content\/uploads\/2020\/11\/McLaren_1280x853.jpg","datePublished":"2020-11-24T00:28:18+00:00","dateModified":"2026-03-31T03:13:22+00:00","description":"Service d'installation de d\u00e9tecteurs de radars et atelier. En tant que service d'installation exp\u00e9riment\u00e9 \u00e0 Hambourg, nous installons depuis de nombreuses ann\u00e9es des d\u00e9tecteurs de radars et des brouilleurs de laser.","breadcrumb":{"@id":"https:\/\/radarservice.eu\/fr\/produit\/service-dinstallation-de-detecteurs-de-radars-et-de-brouilleurs-de-laser\/#breadcrumb"},"inLanguage":"fr-FR","potentialAction":[{"@type":"ReadAction","target":["https:\/\/radarservice.eu\/fr\/produit\/service-dinstallation-de-detecteurs-de-radars-et-de-brouilleurs-de-laser\/"]}]},{"@type":"ImageObject","inLanguage":"fr-FR","@id":"https:\/\/radarservice.eu\/fr\/produit\/service-dinstallation-de-detecteurs-de-radars-et-de-brouilleurs-de-laser\/#primaryimage","url":"https:\/\/radarservice.eu\/wp-content\/uploads\/2020\/11\/McLaren_1280x853.jpg","contentUrl":"https:\/\/radarservice.eu\/wp-content\/uploads\/2020\/11\/McLaren_1280x853.jpg","width":1280,"height":853,"caption":"Radar avertisseur radar detector auto car"},{"@type":"BreadcrumbList","@id":"https:\/\/radarservice.eu\/fr\/produit\/service-dinstallation-de-detecteurs-de-radars-et-de-brouilleurs-de-laser\/#breadcrumb","itemListElement":[{"@type":"ListItem","position":1,"name":"Boutique","item":"https:\/\/radarservice.eu\/fr\/boutique\/"},{"@type":"ListItem","position":2,"name":"Service d&rsquo;installation de d\u00e9tecteurs de radars et de brouilleurs de laser"}]},{"@type":"WebSite","@id":"https:\/\/radarservice.eu\/fr\/#website","url":"https:\/\/radarservice.eu\/fr\/","name":"Radar Service","description":"Radar detector Laser jammer mobile fix","publisher":{"@id":"https:\/\/radarservice.eu\/fr\/#organization"},"potentialAction":[{"@type":"SearchAction","target":{"@type":"EntryPoint","urlTemplate":"https:\/\/radarservice.eu\/fr\/?s={search_term_string}"},"query-input":{"@type":"PropertyValueSpecification","valueRequired":true,"valueName":"search_term_string"}}],"inLanguage":"fr-FR"},{"@type":"Organization","@id":"https:\/\/radarservice.eu\/fr\/#organization","name":"RadarService","url":"https:\/\/radarservice.eu\/fr\/","logo":{"@type":"ImageObject","inLanguage":"fr-FR","@id":"https:\/\/radarservice.eu\/fr\/#\/schema\/logo\/image\/","url":"https:\/\/radarservice.eu\/wp-content\/uploads\/2021\/03\/Radar_detector_service.png","contentUrl":"https:\/\/radarservice.eu\/wp-content\/uploads\/2021\/03\/Radar_detector_service.png","width":174,"height":48,"caption":"RadarService"},"image":{"@id":"https:\/\/radarservice.eu\/fr\/#\/schema\/logo\/image\/"}}]}},"_links":{"self":[{"href":"https:\/\/radarservice.eu\/fr\/wp-json\/wp\/v2\/product\/14565","targetHints":{"allow":["GET"]}}],"collection":[{"href":"https:\/\/radarservice.eu\/fr\/wp-json\/wp\/v2\/product"}],"about":[{"href":"https:\/\/radarservice.eu\/fr\/wp-json\/wp\/v2\/types\/product"}],"replies":[{"embeddable":true,"href":"https:\/\/radarservice.eu\/fr\/wp-json\/wp\/v2\/comments?post=14565"}],"wp:featuredmedia":[{"embeddable":true,"href":"https:\/\/radarservice.eu\/fr\/wp-json\/wp\/v2\/media\/14326"}],"wp:attachment":[{"href":"https:\/\/radarservice.eu\/fr\/wp-json\/wp\/v2\/media?parent=14565"}],"wp:term":[{"taxonomy":"product_brand","embeddable":true,"href":"https:\/\/radarservice.eu\/fr\/wp-json\/wp\/v2\/product_brand?post=14565"},{"taxonomy":"product_cat","embeddable":true,"href":"https:\/\/radarservice.eu\/fr\/wp-json\/wp\/v2\/product_cat?post=14565"},{"taxonomy":"product_tag","embeddable":true,"href":"https:\/\/radarservice.eu\/fr\/wp-json\/wp\/v2\/product_tag?post=14565"}],"curies":[{"name":"wp","href":"https:\/\/api.w.org\/{rel}","templated":true}]}}