{"id":14440,"date":"2021-01-13T02:01:00","date_gmt":"2021-01-13T01:01:00","guid":{"rendered":"https:\/\/radarservice.eu\/produkt\/genevo-assist-pro-2-m-festeinbau\/"},"modified":"2025-09-13T22:20:43","modified_gmt":"2025-09-13T20:20:43","slug":"genevo-assist-pro-2-m-detecteur-de-radar-fixe","status":"publish","type":"product","link":"https:\/\/radarservice.eu\/fr\/produit\/genevo-assist-pro-2-m-detecteur-de-radar-fixe\/","title":{"rendered":"Genevo Assist Pro II M (HDM+)"},"content":{"rendered":"<p>Le nouveau Genevo Assist Pro 2 M est un d\u00e9tecteur de radars pour une installation cach\u00e9e avec un nouvel \u00e9cran couleur OLED et une antenne radar HDM+ performante. Lors du d\u00e9veloppement, une importance particuli\u00e8re a \u00e9t\u00e9 accord\u00e9e \u00e0 la haute qualit\u00e9, \u00e0 la convivialit\u00e9 et \u00e0 la facilit\u00e9 d&rsquo;installation. Le d\u00e9tecteur de radar se compose d&rsquo;une unit\u00e9 de commande principale, d&rsquo;une antenne GPS, d&rsquo;une antenne radar, d&rsquo;un \u00e9cran couleur OLED et d&rsquo;un support magn\u00e9tique pour l&rsquo;\u00e9cran.<\/p>\n<h3>Tout en un : protection radar et laser<\/h3>\n<p>.<\/p>\n<p>Le Genevo Assist PRO 2 peut \u00eatre reli\u00e9 \u00e0 un brouilleur laser suppl\u00e9mentaire. Vous pouvez choisir entre Genevo FF, Antilaser Priority et Target LaserTrack. Les brouilleurs laser peuvent \u00eatre facilement contr\u00f4l\u00e9s via le menu du Genevo Assist.<\/p>\n<h3>Deux antennes, de meilleures performances<\/h3>\n<p>.<\/p>\n<p>Le Genevo Assist PRO 2 M est livr\u00e9 avec l&rsquo;antenne radar HDM+ et peut \u00eatre \u00e9quip\u00e9 en option d&rsquo;une deuxi\u00e8me antenne radar. Ainsi, vous pouvez \u00e9galement prot\u00e9ger l&rsquo;arri\u00e8re du v\u00e9hicule des mesures effectu\u00e9es depuis l&rsquo;arri\u00e8re. Pour une utilisation en Allemagne, en Autriche, l&rsquo;antenne HDM+ fournie est suffisante, car aucun pistolet radar n&rsquo;est utilis\u00e9.<\/p>\n<h3>Contr\u00f4le gestuel pour une utilisation confortable<\/h3>\n<p>Le nouveau capteur de mouvement pour une utilisation sans contact permet une utilisation confortable. Vous pouvez par exemple couper le son de l&rsquo;alarme sans avoir \u00e0 chercher la bonne touche pendant le trajet. Il suffit d&rsquo;agiter la main \u00e0 la place.<br \/>\n<figure id=\"attachment_13956\" aria-describedby=\"caption-attachment-13956\" style=\"width: 450px\" class=\"wp-caption aligncenter\"><img loading=\"lazy\" decoding=\"async\" src=\"https:\/\/radarservice.eu\/wp-content\/uploads\/2021\/01\/pro2_gesture_control-e1610501972758.jpg\" alt=\"Genevo Assist Commande gestuelle\" width=\"450\" height=\"341\" class=\"size-full wp-image-14381\" \/><figcaption id=\"caption-attachment-13956\" class=\"wp-caption-text\">Genevo Assist Commande gestuelle<\/figcaption><\/figure>\n<h3>Base de donn\u00e9es de POI avec mises \u00e0 jour illimit\u00e9es<\/h3>\n<p>La base de donn\u00e9es GPS, y compris les mises \u00e0 jour \u00e0 vie, est incluse dans le prix d&rsquo;achat. Cela comprend les radars fixes, les contr\u00f4les de tron\u00e7on (Section Control) et les radars de feux de signalisation.<\/p>\n<p>Les mises \u00e0 jour et les r\u00e9glages n&rsquo;ont jamais \u00e9t\u00e9 aussi simples.<br \/>\nGenevo Asssit 2 peut \u00eatre facilement mis \u00e0 jour et configur\u00e9 \u00e0 l&rsquo;aide de n&rsquo;importe quelle cl\u00e9 USB. <\/p>\n<h3>D\u00e9sactivation rapide en cas de contr\u00f4le de police<\/h3>\n<p>Il suffit de retirer le nouvel \u00e9cran magn\u00e9tique pour d\u00e9sactiver le Genevo Assist 2. Si l&rsquo;utilisation du Genevo Assist 2 est l\u00e9gale dans certains pays de l&rsquo;UE, ce n&rsquo;est pas le cas dans d&rsquo;autres pays, c&rsquo;est pourquoi l&rsquo;appareil dispose d&rsquo;un \u00e9cran amovible. Cela signifie que lorsque vous devez \u00e9teindre l&rsquo;appareil, il vous suffit de retirer l&rsquo;\u00e9cran du support magn\u00e9tique et de le mettre dans votre poche ou votre sac, par exemple. L&rsquo;appareil devient alors inactif et vous seul pouvez r\u00e9activer l&rsquo;avertisseur de radars via l&rsquo;\u00e9cran. Si vous souhaitez retirer l&rsquo;\u00e9cran et le support magn\u00e9tique, ce n&rsquo;est pas non plus un probl\u00e8me. Il ne reste que le chargeur micro USB dans le v\u00e9hicule, que vous pouvez utiliser par exemple pour recharger votre smartphone.<br \/>\n<figure id=\"attachment_13953\" aria-describedby=\"caption-attachment-13953\" style=\"width: 900px\" class=\"wp-caption aligncenter\"><img loading=\"lazy\" decoding=\"async\" src=\"https:\/\/radarservice.eu\/wp-content\/uploads\/2021\/01\/installation_car.jpg\" alt=\"Genevo Assist d\u00e9tecteur de radar fixe\" width=\"900\" height=\"518\" class=\"size-full wp-image-14378\" srcset=\"https:\/\/radarservice.eu\/wp-content\/uploads\/2021\/01\/installation_car.jpg 900w, https:\/\/radarservice.eu\/wp-content\/uploads\/2021\/01\/installation_car-300x173.jpg 300w, https:\/\/radarservice.eu\/wp-content\/uploads\/2021\/01\/installation_car-768x442.jpg 768w, https:\/\/radarservice.eu\/wp-content\/uploads\/2021\/01\/installation_car-510x294.jpg 510w\" sizes=\"auto, (max-width: 900px) 100vw, 900px\" \/><figcaption id=\"caption-attachment-13953\" class=\"wp-caption-text\">Genevo Assist d\u00e9tecteur de radar fixe<\/figcaption><\/figure>\n<h3>Trade-in \/ Echange ancien contre nouveau<\/h3>\n<p>Vous poss\u00e9dez un ancien avertisseur de radars Genevo encastr\u00e9 ou un ancien avertisseur de radars mobile ? Alors profitez de notre programme Trade in et mettez \u00e0 niveau votre ancien d\u00e9tecteur de radars contre le nouveau Genevo Assist Pro 2 M. Veuillez nous contacter pour plus d&rsquo;informations. Si vous \u00eates \u00e0 la recherche du meilleur d\u00e9tecteur pour toute l&rsquo;Europe, Genevo PRO est le bon choix !<\/p>\n<h3>Les principaux avantages du Genevo Assist PRO II M:<\/h3>\n<ul>\n<li>Meilleur rapport qualit\u00e9-prix<\/li>\n<li>Connexion du brouilleur laser<\/li>\n<li>Connexion de deux antennes radar (1x antenne HDM+ incluse)<\/li>\n<li>\u00c9cran magn\u00e9tique amovible<\/li>\n<li>\u00c9cran OLED multicolore<\/li>\n<li>Capteur de mouvement pour la commande gestuelle<\/li>\n<li>Mise \u00e0 jour facile via une cl\u00e9 USB<\/li>\n<li>Le menu le plus convivial<\/li>\n<li>Meilleurs temps de pr\u00e9-alerte gr\u00e2ce \u00e0 la nouvelle antenne HDM+<\/li>\n<li>Excellent filtre de fausses alertes<\/li>\n<li>Base de donn\u00e9es de radars POI pour toute l&rsquo;Europe avec licence illimit\u00e9e (pas de frais de suivi)<\/li>\n<li>Convient pour l&rsquo;Europe<\/li>\n<\/ul>\n","protected":false},"excerpt":{"rendered":"<p>Le nouveau Genevo Assist Pro 2 M d\u00e9tecteur de radars fixe est le meilleur d\u00e9tecteur de radars haut de gamme et est parfaitement adapt\u00e9 \u00e0 une utilisation en Europe. Gr\u00e2ce \u00e0 sa puissante antenne HDM+, le Genevo Assist 2 avertit de mani\u00e8re fiable des nouveaux radars MultaRadar (MRCD \/ MRCT \/ Moving) en Europe.<\/p>\n","protected":false},"featured_media":14380,"comment_status":"open","ping_status":"closed","template":"","meta":[],"product_brand":[],"product_cat":[331,318,295],"product_tag":[424,575,442,444,447,440,468,471,576,577,408],"class_list":{"0":"post-14440","1":"product","2":"type-product","3":"status-publish","4":"has-post-thumbnail","6":"product_cat-detecteurs-de-radar-fixes-invisible","7":"product_cat-detecteurs-de-radar-recommandes","8":"product_cat-genevo-france","9":"product_tag-europa-fr","10":"product_tag-festeinbau-fr","11":"product_tag-genevo-fr","12":"product_tag-genevo-assist-fr","13":"product_tag-genevo-assist-hdm-fr","14":"product_tag-genevo-ff-fr","15":"product_tag-genevo-pro-fr","16":"product_tag-genevo-pro-hdm-fr","17":"product_tag-hamburg-fr","18":"product_tag-radarwarner-fr","19":"product_tag-service-dinstallation","21":"first","22":"instock","23":"sale","24":"taxable","25":"shipping-taxable","26":"purchasable","27":"product-type-variable","28":"has-default-attributes"},"yoast_head":"<!-- This site is optimized with the Yoast SEO plugin v27.2 - https:\/\/yoast.com\/product\/yoast-seo-wordpress\/ -->\n<title>Genevo Assist Pro II M (HDM+) d\u00e9tecteur de radar cach\u00e9, fixe<\/title>\n<meta name=\"description\" content=\"Le Genevo Assist Pro HDM+ d\u00e9tecteur de radar fixe est actuellement la meilleure solution compl\u00e8te haut de gamme avec MultaRadar et avertissement Gatso.\" \/>\n<meta name=\"robots\" content=\"index, follow, max-snippet:-1, max-image-preview:large, max-video-preview:-1\" \/>\n<link rel=\"canonical\" href=\"https:\/\/radarservice.eu\/fr\/produit\/genevo-assist-pro-2-m-detecteur-de-radar-fixe\/\" \/>\n<meta property=\"og:locale\" content=\"fr_FR\" \/>\n<meta property=\"og:type\" content=\"article\" \/>\n<meta property=\"og:title\" content=\"Genevo Assist Pro II M (HDM+) d\u00e9tecteur de radar cach\u00e9, fixe\" \/>\n<meta property=\"og:description\" content=\"Le Genevo Assist Pro HDM+ d\u00e9tecteur de radar fixe est actuellement la meilleure solution compl\u00e8te haut de gamme avec MultaRadar et avertissement Gatso.\" \/>\n<meta property=\"og:url\" content=\"https:\/\/radarservice.eu\/fr\/produit\/genevo-assist-pro-2-m-detecteur-de-radar-fixe\/\" \/>\n<meta property=\"og:site_name\" content=\"Radar Service\" \/>\n<meta property=\"article:modified_time\" content=\"2025-09-13T20:20:43+00:00\" \/>\n<meta property=\"og:image\" content=\"https:\/\/radarservice.eu\/wp-content\/uploads\/2021\/01\/multi_color_magnetic_display.jpg\" \/>\n\t<meta property=\"og:image:width\" content=\"1582\" \/>\n\t<meta property=\"og:image:height\" content=\"1092\" \/>\n\t<meta property=\"og:image:type\" content=\"image\/jpeg\" \/>\n<meta name=\"twitter:card\" content=\"summary_large_image\" \/>\n<meta name=\"twitter:label1\" content=\"Dur\u00e9e de lecture estim\u00e9e\" \/>\n\t<meta name=\"twitter:data1\" content=\"3 minutes\" \/>\n<script type=\"application\/ld+json\" class=\"yoast-schema-graph\">{\"@context\":\"https:\/\/schema.org\",\"@graph\":[{\"@type\":\"WebPage\",\"@id\":\"https:\/\/radarservice.eu\/fr\/produit\/genevo-assist-pro-2-m-detecteur-de-radar-fixe\/\",\"url\":\"https:\/\/radarservice.eu\/fr\/produit\/genevo-assist-pro-2-m-detecteur-de-radar-fixe\/\",\"name\":\"Genevo Assist Pro II M (HDM+) d\u00e9tecteur de radar cach\u00e9, fixe\",\"isPartOf\":{\"@id\":\"https:\/\/radarservice.eu\/fr\/#website\"},\"primaryImageOfPage\":{\"@id\":\"https:\/\/radarservice.eu\/fr\/produit\/genevo-assist-pro-2-m-detecteur-de-radar-fixe\/#primaryimage\"},\"image\":{\"@id\":\"https:\/\/radarservice.eu\/fr\/produit\/genevo-assist-pro-2-m-detecteur-de-radar-fixe\/#primaryimage\"},\"thumbnailUrl\":\"https:\/\/radarservice.eu\/wp-content\/uploads\/2021\/01\/multi_color_magnetic_display.jpg\",\"datePublished\":\"2021-01-13T01:01:00+00:00\",\"dateModified\":\"2025-09-13T20:20:43+00:00\",\"description\":\"Le Genevo Assist Pro HDM+ d\u00e9tecteur de radar fixe est actuellement la meilleure solution compl\u00e8te haut de gamme avec MultaRadar et avertissement Gatso.\",\"breadcrumb\":{\"@id\":\"https:\/\/radarservice.eu\/fr\/produit\/genevo-assist-pro-2-m-detecteur-de-radar-fixe\/#breadcrumb\"},\"inLanguage\":\"fr-FR\",\"potentialAction\":[{\"@type\":\"ReadAction\",\"target\":[\"https:\/\/radarservice.eu\/fr\/produit\/genevo-assist-pro-2-m-detecteur-de-radar-fixe\/\"]}]},{\"@type\":\"ImageObject\",\"inLanguage\":\"fr-FR\",\"@id\":\"https:\/\/radarservice.eu\/fr\/produit\/genevo-assist-pro-2-m-detecteur-de-radar-fixe\/#primaryimage\",\"url\":\"https:\/\/radarservice.eu\/wp-content\/uploads\/2021\/01\/multi_color_magnetic_display.jpg\",\"contentUrl\":\"https:\/\/radarservice.eu\/wp-content\/uploads\/2021\/01\/multi_color_magnetic_display.jpg\",\"width\":1582,\"height\":1092,\"caption\":\"Genevo Assist Pro II M\"},{\"@type\":\"BreadcrumbList\",\"@id\":\"https:\/\/radarservice.eu\/fr\/produit\/genevo-assist-pro-2-m-detecteur-de-radar-fixe\/#breadcrumb\",\"itemListElement\":[{\"@type\":\"ListItem\",\"position\":1,\"name\":\"Boutique\",\"item\":\"https:\/\/radarservice.eu\/fr\/boutique\/\"},{\"@type\":\"ListItem\",\"position\":2,\"name\":\"Genevo Assist Pro II M (HDM+)\"}]},{\"@type\":\"WebSite\",\"@id\":\"https:\/\/radarservice.eu\/fr\/#website\",\"url\":\"https:\/\/radarservice.eu\/fr\/\",\"name\":\"Radar Service\",\"description\":\"Radar detector Laser jammer mobile fix\",\"publisher\":{\"@id\":\"https:\/\/radarservice.eu\/fr\/#organization\"},\"potentialAction\":[{\"@type\":\"SearchAction\",\"target\":{\"@type\":\"EntryPoint\",\"urlTemplate\":\"https:\/\/radarservice.eu\/fr\/?s={search_term_string}\"},\"query-input\":{\"@type\":\"PropertyValueSpecification\",\"valueRequired\":true,\"valueName\":\"search_term_string\"}}],\"inLanguage\":\"fr-FR\"},{\"@type\":\"Organization\",\"@id\":\"https:\/\/radarservice.eu\/fr\/#organization\",\"name\":\"RadarService\",\"url\":\"https:\/\/radarservice.eu\/fr\/\",\"logo\":{\"@type\":\"ImageObject\",\"inLanguage\":\"fr-FR\",\"@id\":\"https:\/\/radarservice.eu\/fr\/#\/schema\/logo\/image\/\",\"url\":\"https:\/\/radarservice.eu\/wp-content\/uploads\/2021\/03\/Radar_detector_service.png\",\"contentUrl\":\"https:\/\/radarservice.eu\/wp-content\/uploads\/2021\/03\/Radar_detector_service.png\",\"width\":174,\"height\":48,\"caption\":\"RadarService\"},\"image\":{\"@id\":\"https:\/\/radarservice.eu\/fr\/#\/schema\/logo\/image\/\"}}]}<\/script>\n<!-- \/ Yoast SEO plugin. -->","yoast_head_json":{"title":"Genevo Assist Pro II M (HDM+) d\u00e9tecteur de radar cach\u00e9, fixe","description":"Le Genevo Assist Pro HDM+ d\u00e9tecteur de radar fixe est actuellement la meilleure solution compl\u00e8te haut de gamme avec MultaRadar et avertissement Gatso.","robots":{"index":"index","follow":"follow","max-snippet":"max-snippet:-1","max-image-preview":"max-image-preview:large","max-video-preview":"max-video-preview:-1"},"canonical":"https:\/\/radarservice.eu\/fr\/produit\/genevo-assist-pro-2-m-detecteur-de-radar-fixe\/","og_locale":"fr_FR","og_type":"article","og_title":"Genevo Assist Pro II M (HDM+) d\u00e9tecteur de radar cach\u00e9, fixe","og_description":"Le Genevo Assist Pro HDM+ d\u00e9tecteur de radar fixe est actuellement la meilleure solution compl\u00e8te haut de gamme avec MultaRadar et avertissement Gatso.","og_url":"https:\/\/radarservice.eu\/fr\/produit\/genevo-assist-pro-2-m-detecteur-de-radar-fixe\/","og_site_name":"Radar Service","article_modified_time":"2025-09-13T20:20:43+00:00","og_image":[{"width":1582,"height":1092,"url":"https:\/\/radarservice.eu\/wp-content\/uploads\/2021\/01\/multi_color_magnetic_display.jpg","type":"image\/jpeg"}],"twitter_card":"summary_large_image","twitter_misc":{"Dur\u00e9e de lecture estim\u00e9e":"3 minutes"},"schema":{"@context":"https:\/\/schema.org","@graph":[{"@type":"WebPage","@id":"https:\/\/radarservice.eu\/fr\/produit\/genevo-assist-pro-2-m-detecteur-de-radar-fixe\/","url":"https:\/\/radarservice.eu\/fr\/produit\/genevo-assist-pro-2-m-detecteur-de-radar-fixe\/","name":"Genevo Assist Pro II M (HDM+) d\u00e9tecteur de radar cach\u00e9, fixe","isPartOf":{"@id":"https:\/\/radarservice.eu\/fr\/#website"},"primaryImageOfPage":{"@id":"https:\/\/radarservice.eu\/fr\/produit\/genevo-assist-pro-2-m-detecteur-de-radar-fixe\/#primaryimage"},"image":{"@id":"https:\/\/radarservice.eu\/fr\/produit\/genevo-assist-pro-2-m-detecteur-de-radar-fixe\/#primaryimage"},"thumbnailUrl":"https:\/\/radarservice.eu\/wp-content\/uploads\/2021\/01\/multi_color_magnetic_display.jpg","datePublished":"2021-01-13T01:01:00+00:00","dateModified":"2025-09-13T20:20:43+00:00","description":"Le Genevo Assist Pro HDM+ d\u00e9tecteur de radar fixe est actuellement la meilleure solution compl\u00e8te haut de gamme avec MultaRadar et avertissement Gatso.","breadcrumb":{"@id":"https:\/\/radarservice.eu\/fr\/produit\/genevo-assist-pro-2-m-detecteur-de-radar-fixe\/#breadcrumb"},"inLanguage":"fr-FR","potentialAction":[{"@type":"ReadAction","target":["https:\/\/radarservice.eu\/fr\/produit\/genevo-assist-pro-2-m-detecteur-de-radar-fixe\/"]}]},{"@type":"ImageObject","inLanguage":"fr-FR","@id":"https:\/\/radarservice.eu\/fr\/produit\/genevo-assist-pro-2-m-detecteur-de-radar-fixe\/#primaryimage","url":"https:\/\/radarservice.eu\/wp-content\/uploads\/2021\/01\/multi_color_magnetic_display.jpg","contentUrl":"https:\/\/radarservice.eu\/wp-content\/uploads\/2021\/01\/multi_color_magnetic_display.jpg","width":1582,"height":1092,"caption":"Genevo Assist Pro II M"},{"@type":"BreadcrumbList","@id":"https:\/\/radarservice.eu\/fr\/produit\/genevo-assist-pro-2-m-detecteur-de-radar-fixe\/#breadcrumb","itemListElement":[{"@type":"ListItem","position":1,"name":"Boutique","item":"https:\/\/radarservice.eu\/fr\/boutique\/"},{"@type":"ListItem","position":2,"name":"Genevo Assist Pro II M (HDM+)"}]},{"@type":"WebSite","@id":"https:\/\/radarservice.eu\/fr\/#website","url":"https:\/\/radarservice.eu\/fr\/","name":"Radar Service","description":"Radar detector Laser jammer mobile fix","publisher":{"@id":"https:\/\/radarservice.eu\/fr\/#organization"},"potentialAction":[{"@type":"SearchAction","target":{"@type":"EntryPoint","urlTemplate":"https:\/\/radarservice.eu\/fr\/?s={search_term_string}"},"query-input":{"@type":"PropertyValueSpecification","valueRequired":true,"valueName":"search_term_string"}}],"inLanguage":"fr-FR"},{"@type":"Organization","@id":"https:\/\/radarservice.eu\/fr\/#organization","name":"RadarService","url":"https:\/\/radarservice.eu\/fr\/","logo":{"@type":"ImageObject","inLanguage":"fr-FR","@id":"https:\/\/radarservice.eu\/fr\/#\/schema\/logo\/image\/","url":"https:\/\/radarservice.eu\/wp-content\/uploads\/2021\/03\/Radar_detector_service.png","contentUrl":"https:\/\/radarservice.eu\/wp-content\/uploads\/2021\/03\/Radar_detector_service.png","width":174,"height":48,"caption":"RadarService"},"image":{"@id":"https:\/\/radarservice.eu\/fr\/#\/schema\/logo\/image\/"}}]}},"_links":{"self":[{"href":"https:\/\/radarservice.eu\/fr\/wp-json\/wp\/v2\/product\/14440","targetHints":{"allow":["GET"]}}],"collection":[{"href":"https:\/\/radarservice.eu\/fr\/wp-json\/wp\/v2\/product"}],"about":[{"href":"https:\/\/radarservice.eu\/fr\/wp-json\/wp\/v2\/types\/product"}],"replies":[{"embeddable":true,"href":"https:\/\/radarservice.eu\/fr\/wp-json\/wp\/v2\/comments?post=14440"}],"wp:featuredmedia":[{"embeddable":true,"href":"https:\/\/radarservice.eu\/fr\/wp-json\/wp\/v2\/media\/14380"}],"wp:attachment":[{"href":"https:\/\/radarservice.eu\/fr\/wp-json\/wp\/v2\/media?parent=14440"}],"wp:term":[{"taxonomy":"product_brand","embeddable":true,"href":"https:\/\/radarservice.eu\/fr\/wp-json\/wp\/v2\/product_brand?post=14440"},{"taxonomy":"product_cat","embeddable":true,"href":"https:\/\/radarservice.eu\/fr\/wp-json\/wp\/v2\/product_cat?post=14440"},{"taxonomy":"product_tag","embeddable":true,"href":"https:\/\/radarservice.eu\/fr\/wp-json\/wp\/v2\/product_tag?post=14440"}],"curies":[{"name":"wp","href":"https:\/\/api.w.org\/{rel}","templated":true}]}}