{"id":14442,"date":"2019-07-16T12:50:59","date_gmt":"2019-07-16T10:50:59","guid":{"rendered":"https:\/\/radarservice.eu\/impressum\/"},"modified":"2022-01-19T18:03:55","modified_gmt":"2022-01-19T17:03:55","slug":"impressum","status":"publish","type":"page","link":"https:\/\/radarservice.eu\/fr\/impressum\/","title":{"rendered":"Impressum"},"content":{"rendered":"\r\n<div>\r\n<img loading=\"lazy\" decoding=\"async\" class=\"size-full wp-image-16345\" src=\"https:\/\/radarservice.eu\/wp-content\/uploads\/2022\/01\/imprint.jpg\" alt=\"asdsadsgz662sada\" width=\"400\" height=\"340\" srcset=\"https:\/\/radarservice.eu\/wp-content\/uploads\/2022\/01\/imprint.jpg 600w, https:\/\/radarservice.eu\/wp-content\/uploads\/2022\/01\/imprint-300x255.jpg 300w, https:\/\/radarservice.eu\/wp-content\/uploads\/2022\/01\/imprint-510x434.jpg 510w\" sizes=\"auto, (max-width: 400px) 100vw, 400px\" \/>\r\n<p>&nbsp;<\/p>\r\n<\/div>\r\n<div>Plate-forme de la Commission europ\u00e9enne pour le r\u00e8glement en ligne des litiges :\u00a0<a href=\"https:\/\/ec.europa.eu\/odr\" target=\"_blank\" rel=\"noreferrer noopener\">https:\/\/ec.europa.eu\/odr<\/a><br \/><br \/>Nous ne sommes ni oblig\u00e9s ni pr\u00eats \u00e0 participer \u00e0 une proc\u00e9dure de r\u00e8glement des litiges devant un organisme de conciliation des consommateurs.<\/div>\r\n","protected":false},"excerpt":{"rendered":"<p>&nbsp; Plate-forme de la Commission europ\u00e9enne pour le r\u00e8glement en ligne des litiges :\u00a0https:\/\/ec.europa.eu\/odr Nous ne sommes ni oblig\u00e9s ni pr\u00eats \u00e0 participer \u00e0 une proc\u00e9dure de r\u00e8glement des litiges devant un organisme de conciliation des consommateurs.<\/p>\n","protected":false},"author":1,"featured_media":0,"parent":0,"menu_order":830,"comment_status":"closed","ping_status":"closed","template":"","meta":{"footnotes":""},"class_list":["post-14442","page","type-page","status-publish","hentry"],"yoast_head":"<!-- This site is optimized with the Yoast SEO plugin v27.2 - https:\/\/yoast.com\/product\/yoast-seo-wordpress\/ -->\n<title>Impressum | Radar Service<\/title>\n<meta name=\"description\" content=\"Impressum | Radar Service\" \/>\n<meta name=\"robots\" content=\"noindex, nofollow\" \/>\n<meta property=\"og:locale\" content=\"fr_FR\" \/>\n<meta property=\"og:type\" content=\"article\" \/>\n<meta property=\"og:title\" content=\"Impressum | Radar Service\" \/>\n<meta property=\"og:description\" content=\"Impressum | Radar Service\" \/>\n<meta property=\"og:url\" content=\"https:\/\/radarservice.eu\/fr\/impressum\/\" \/>\n<meta property=\"og:site_name\" content=\"Radar Service\" \/>\n<meta property=\"article:modified_time\" content=\"2022-01-19T17:03:55+00:00\" \/>\n<meta property=\"og:image\" content=\"https:\/\/radarservice.eu\/wp-content\/uploads\/2022\/01\/imprint.jpg\" \/>\n<meta name=\"twitter:card\" content=\"summary_large_image\" \/>\n<script type=\"application\/ld+json\" class=\"yoast-schema-graph\">{\"@context\":\"https:\/\/schema.org\",\"@graph\":[{\"@type\":\"WebPage\",\"@id\":\"https:\/\/radarservice.eu\/fr\/impressum\/\",\"url\":\"https:\/\/radarservice.eu\/fr\/impressum\/\",\"name\":\"Impressum | Radar Service\",\"isPartOf\":{\"@id\":\"https:\/\/radarservice.eu\/fr\/#website\"},\"primaryImageOfPage\":{\"@id\":\"https:\/\/radarservice.eu\/fr\/impressum\/#primaryimage\"},\"image\":{\"@id\":\"https:\/\/radarservice.eu\/fr\/impressum\/#primaryimage\"},\"thumbnailUrl\":\"https:\/\/radarservice.eu\/wp-content\/uploads\/2022\/01\/imprint.jpg\",\"datePublished\":\"2019-07-16T10:50:59+00:00\",\"dateModified\":\"2022-01-19T17:03:55+00:00\",\"description\":\"Impressum | Radar Service\",\"inLanguage\":\"fr-FR\",\"potentialAction\":[{\"@type\":\"ReadAction\",\"target\":[\"https:\/\/radarservice.eu\/fr\/impressum\/\"]}]},{\"@type\":\"ImageObject\",\"inLanguage\":\"fr-FR\",\"@id\":\"https:\/\/radarservice.eu\/fr\/impressum\/#primaryimage\",\"url\":\"https:\/\/radarservice.eu\/wp-content\/uploads\/2022\/01\/imprint.jpg\",\"contentUrl\":\"https:\/\/radarservice.eu\/wp-content\/uploads\/2022\/01\/imprint.jpg\"},{\"@type\":\"WebSite\",\"@id\":\"https:\/\/radarservice.eu\/fr\/#website\",\"url\":\"https:\/\/radarservice.eu\/fr\/\",\"name\":\"Radar Service\",\"description\":\"Radar detector Laser jammer mobile fix\",\"publisher\":{\"@id\":\"https:\/\/radarservice.eu\/fr\/#organization\"},\"potentialAction\":[{\"@type\":\"SearchAction\",\"target\":{\"@type\":\"EntryPoint\",\"urlTemplate\":\"https:\/\/radarservice.eu\/fr\/?s={search_term_string}\"},\"query-input\":{\"@type\":\"PropertyValueSpecification\",\"valueRequired\":true,\"valueName\":\"search_term_string\"}}],\"inLanguage\":\"fr-FR\"},{\"@type\":\"Organization\",\"@id\":\"https:\/\/radarservice.eu\/fr\/#organization\",\"name\":\"RadarService\",\"url\":\"https:\/\/radarservice.eu\/fr\/\",\"logo\":{\"@type\":\"ImageObject\",\"inLanguage\":\"fr-FR\",\"@id\":\"https:\/\/radarservice.eu\/fr\/#\/schema\/logo\/image\/\",\"url\":\"https:\/\/radarservice.eu\/wp-content\/uploads\/2021\/03\/Radar_detector_service.png\",\"contentUrl\":\"https:\/\/radarservice.eu\/wp-content\/uploads\/2021\/03\/Radar_detector_service.png\",\"width\":174,\"height\":48,\"caption\":\"RadarService\"},\"image\":{\"@id\":\"https:\/\/radarservice.eu\/fr\/#\/schema\/logo\/image\/\"}}]}<\/script>\n<!-- \/ Yoast SEO plugin. -->","yoast_head_json":{"title":"Impressum | Radar Service","description":"Impressum | Radar Service","robots":{"index":"noindex","follow":"nofollow"},"og_locale":"fr_FR","og_type":"article","og_title":"Impressum | Radar Service","og_description":"Impressum | Radar Service","og_url":"https:\/\/radarservice.eu\/fr\/impressum\/","og_site_name":"Radar Service","article_modified_time":"2022-01-19T17:03:55+00:00","og_image":[{"url":"https:\/\/radarservice.eu\/wp-content\/uploads\/2022\/01\/imprint.jpg","type":"","width":"","height":""}],"twitter_card":"summary_large_image","schema":{"@context":"https:\/\/schema.org","@graph":[{"@type":"WebPage","@id":"https:\/\/radarservice.eu\/fr\/impressum\/","url":"https:\/\/radarservice.eu\/fr\/impressum\/","name":"Impressum | Radar Service","isPartOf":{"@id":"https:\/\/radarservice.eu\/fr\/#website"},"primaryImageOfPage":{"@id":"https:\/\/radarservice.eu\/fr\/impressum\/#primaryimage"},"image":{"@id":"https:\/\/radarservice.eu\/fr\/impressum\/#primaryimage"},"thumbnailUrl":"https:\/\/radarservice.eu\/wp-content\/uploads\/2022\/01\/imprint.jpg","datePublished":"2019-07-16T10:50:59+00:00","dateModified":"2022-01-19T17:03:55+00:00","description":"Impressum | Radar Service","inLanguage":"fr-FR","potentialAction":[{"@type":"ReadAction","target":["https:\/\/radarservice.eu\/fr\/impressum\/"]}]},{"@type":"ImageObject","inLanguage":"fr-FR","@id":"https:\/\/radarservice.eu\/fr\/impressum\/#primaryimage","url":"https:\/\/radarservice.eu\/wp-content\/uploads\/2022\/01\/imprint.jpg","contentUrl":"https:\/\/radarservice.eu\/wp-content\/uploads\/2022\/01\/imprint.jpg"},{"@type":"WebSite","@id":"https:\/\/radarservice.eu\/fr\/#website","url":"https:\/\/radarservice.eu\/fr\/","name":"Radar Service","description":"Radar detector Laser jammer mobile fix","publisher":{"@id":"https:\/\/radarservice.eu\/fr\/#organization"},"potentialAction":[{"@type":"SearchAction","target":{"@type":"EntryPoint","urlTemplate":"https:\/\/radarservice.eu\/fr\/?s={search_term_string}"},"query-input":{"@type":"PropertyValueSpecification","valueRequired":true,"valueName":"search_term_string"}}],"inLanguage":"fr-FR"},{"@type":"Organization","@id":"https:\/\/radarservice.eu\/fr\/#organization","name":"RadarService","url":"https:\/\/radarservice.eu\/fr\/","logo":{"@type":"ImageObject","inLanguage":"fr-FR","@id":"https:\/\/radarservice.eu\/fr\/#\/schema\/logo\/image\/","url":"https:\/\/radarservice.eu\/wp-content\/uploads\/2021\/03\/Radar_detector_service.png","contentUrl":"https:\/\/radarservice.eu\/wp-content\/uploads\/2021\/03\/Radar_detector_service.png","width":174,"height":48,"caption":"RadarService"},"image":{"@id":"https:\/\/radarservice.eu\/fr\/#\/schema\/logo\/image\/"}}]}},"_links":{"self":[{"href":"https:\/\/radarservice.eu\/fr\/wp-json\/wp\/v2\/pages\/14442","targetHints":{"allow":["GET"]}}],"collection":[{"href":"https:\/\/radarservice.eu\/fr\/wp-json\/wp\/v2\/pages"}],"about":[{"href":"https:\/\/radarservice.eu\/fr\/wp-json\/wp\/v2\/types\/page"}],"author":[{"embeddable":true,"href":"https:\/\/radarservice.eu\/fr\/wp-json\/wp\/v2\/users\/1"}],"replies":[{"embeddable":true,"href":"https:\/\/radarservice.eu\/fr\/wp-json\/wp\/v2\/comments?post=14442"}],"version-history":[{"count":6,"href":"https:\/\/radarservice.eu\/fr\/wp-json\/wp\/v2\/pages\/14442\/revisions"}],"predecessor-version":[{"id":16363,"href":"https:\/\/radarservice.eu\/fr\/wp-json\/wp\/v2\/pages\/14442\/revisions\/16363"}],"wp:attachment":[{"href":"https:\/\/radarservice.eu\/fr\/wp-json\/wp\/v2\/media?parent=14442"}],"curies":[{"name":"wp","href":"https:\/\/api.w.org\/{rel}","templated":true}]}}