{"id":14413,"date":"2019-07-14T14:26:45","date_gmt":"2019-07-14T12:26:45","guid":{"rendered":"https:\/\/radarservice.eu\/kontakt\/"},"modified":"2022-04-03T12:24:39","modified_gmt":"2022-04-03T10:24:39","slug":"contact","status":"publish","type":"page","link":"https:\/\/radarservice.eu\/fr\/contact\/","title":{"rendered":"Contact"},"content":{"rendered":"  <div id=\"page-header-779701232\" class=\"page-header-wrapper\">\n  <div class=\"page-title dark normal-title\">\n\n        <div class=\"page-title-bg\">\n      <div class=\"title-bg fill bg-fill\"\n        data-parallax-container=\".page-title\"\n        data-parallax-background\n        data-parallax=\"-\">\n      <\/div>\n      <div class=\"title-overlay fill\"><\/div>\n    <\/div>\n    \n    <div class=\"page-title-inner container align-center text-center flex-row-col medium-flex-wrap\" >\n              <div class=\"title-wrapper uppercase is-large flex-col\">\n          <h1 class=\"entry-title mb-0\">\n            Contact          <\/h1>\n        <\/div>\n                    <div class=\"title-content flex-col\">\n              <\/div>\n    <\/div>\n\n     \n<style>\n#page-header-779701232 .page-title-inner {\n  min-height: 200px;\n}\n#page-header-779701232 .title-bg {\n  background-image: url(https:\/\/radarservice.eu\/wp-content\/uploads\/2022\/03\/callcenter-bdl-top.jpg);\n}\n<\/style>\n  <\/div>\n    <\/div>\n  \n\t<div id=\"gap-100233427\" class=\"gap-element clearfix\" style=\"display:block; height:auto;\">\n\t\t\n<style>\n#gap-100233427 {\n  padding-top: 40px;\n}\n<\/style>\n\t<\/div>\n\t\n<div class=\"row\"  id=\"row-9063605\">\n\n\t<div id=\"col-56051364\" class=\"col medium-6 large-6\"  >\n\t\t\t\t<div class=\"col-inner\"  >\n\t\t\t\n\t\t\t\n<div class=\"container section-title-container\" ><h3 class=\"section-title section-title-normal\"><b aria-hidden=\"true\"><\/b><span class=\"section-title-main\" >Questions fr\u00e9quentes<\/span><b aria-hidden=\"true\"><\/b><\/h3><\/div>\n<p class=\"lead\">Les questions les plus fr\u00e9quentes sur le processus de commande\n<\/p>\n<div class=\"accordion\">\n\t<div id=\"accordion-4039514363\" class=\"accordion-item\">\n\t\t<a id=\"accordion-4039514363-label\" class=\"accordion-title plain\" href=\"#accordion-item-quels-sont-les-frais-de-livraison-?\" aria-expanded=\"false\" aria-controls=\"accordion-4039514363-content\">\n\t\t\t<button class=\"toggle\" aria-label=\"Basculer\"><i class=\"icon-angle-down\" aria-hidden=\"true\"><\/i><\/button>\n\t\t\t<span>Quels sont les frais de livraison ?<\/span>\n\t\t<\/a>\n\t\t<div id=\"accordion-4039514363-content\" class=\"accordion-inner\" aria-labelledby=\"accordion-4039514363-label\">\n\t\t\t\n<p>En Europe, les frais de port sont gratuits \u00e0 partir de 150 euros. Pour les envois express, nous facturons 11,90 euros.<\/p>\n\t\t<\/div>\n\t<\/div>\n\t\n\t<div id=\"accordion-3430097858\" class=\"accordion-item\">\n\t\t<a id=\"accordion-3430097858-label\" class=\"accordion-title plain\" href=\"#accordion-item-quelles-sont-les-possibilit\u00e9s-de-paiement-?\" aria-expanded=\"false\" aria-controls=\"accordion-3430097858-content\">\n\t\t\t<button class=\"toggle\" aria-label=\"Basculer\"><i class=\"icon-angle-down\" aria-hidden=\"true\"><\/i><\/button>\n\t\t\t<span>Quelles sont les possibilit\u00e9s de paiement ?<\/span>\n\t\t<\/a>\n\t\t<div id=\"accordion-3430097858-content\" class=\"accordion-inner\" aria-labelledby=\"accordion-3430097858-label\">\n\t\t\t\n<p>Dans notre boutique en ligne, nous proposons le paiement par carte de cr\u00e9dit, le paiement anticip\u00e9 et le paiement par bitcoin. Paypal et le paiement \u00e0 la livraison ne sont possibles qu&rsquo;apr\u00e8s un entretien t\u00e9l\u00e9phonique.<\/p>\n\t\t<\/div>\n\t<\/div>\n\t\n\t<div id=\"accordion-3848359651\" class=\"accordion-item\">\n\t\t<a id=\"accordion-3848359651-label\" class=\"accordion-title plain\" href=\"#accordion-item-combien-de-temps-dure-la-livraison-?\" aria-expanded=\"false\" aria-controls=\"accordion-3848359651-content\">\n\t\t\t<button class=\"toggle\" aria-label=\"Basculer\"><i class=\"icon-angle-down\" aria-hidden=\"true\"><\/i><\/button>\n\t\t\t<span>Combien de temps dure la livraison ?<\/span>\n\t\t<\/a>\n\t\t<div id=\"accordion-3848359651-content\" class=\"accordion-inner\" aria-labelledby=\"accordion-3848359651-label\">\n\t\t\t\n<p>Le d\u00e9lai de livraison est d&rsquo;environ 3 jours ouvrables pour un envoi standard et d&rsquo;environ 1 jour ouvrable pour un envoi express. L&rsquo;envoi express a lieu le jour m\u00eame de la commande si celle-ci est termin\u00e9e avant 14 heures.<\/p>\n\t\t<\/div>\n\t<\/div>\n\t\n\t<div id=\"accordion-1567325772\" class=\"accordion-item\">\n\t\t<a id=\"accordion-1567325772-label\" class=\"accordion-title plain\" href=\"#accordion-item-la-livraison-se-fait-elle-de-mani\u00e8re-neutre-?\" aria-expanded=\"false\" aria-controls=\"accordion-1567325772-content\">\n\t\t\t<button class=\"toggle\" aria-label=\"Basculer\"><i class=\"icon-angle-down\" aria-hidden=\"true\"><\/i><\/button>\n\t\t\t<span>La livraison se fait-elle de mani\u00e8re neutre ?<\/span>\n\t\t<\/a>\n\t\t<div id=\"accordion-1567325772-content\" class=\"accordion-inner\" aria-labelledby=\"accordion-1567325772-label\">\n\t\t\t\n<p>Nous livrons de mani\u00e8re absolument discr\u00e8te et dans un emballage neutre.<\/p>\n\t\t<\/div>\n\t<\/div>\n\t\n\t<div id=\"accordion-3538802863\" class=\"accordion-item\">\n\t\t<a id=\"accordion-3538802863-label\" class=\"accordion-title plain\" href=\"#accordion-item-la-boutique-et-mes-donn\u00e9es-sont-elles-bien-s\u00e9curis\u00e9es-?\" aria-expanded=\"false\" aria-controls=\"accordion-3538802863-content\">\n\t\t\t<button class=\"toggle\" aria-label=\"Basculer\"><i class=\"icon-angle-down\" aria-hidden=\"true\"><\/i><\/button>\n\t\t\t<span>La boutique et mes donn\u00e9es sont-elles bien s\u00e9curis\u00e9es ?<\/span>\n\t\t<\/a>\n\t\t<div id=\"accordion-3538802863-content\" class=\"accordion-inner\" aria-labelledby=\"accordion-3538802863-label\">\n\t\t\t\n<p>La transmission des donn\u00e9es est crypt\u00e9e et les donn\u00e9es ne sont utilis\u00e9es que pour le traitement de la commande. <\/p>\n\t\t<\/div>\n\t<\/div>\n\t\n\t<div id=\"accordion-676561126\" class=\"accordion-item\">\n\t\t<a id=\"accordion-676561126-label\" class=\"accordion-title plain\" href=\"#accordion-item-est-ce-que-je-re\u00e7ois-une-facture-pour-ma-commande-?\" aria-expanded=\"false\" aria-controls=\"accordion-676561126-content\">\n\t\t\t<button class=\"toggle\" aria-label=\"Basculer\"><i class=\"icon-angle-down\" aria-hidden=\"true\"><\/i><\/button>\n\t\t\t<span>Est-ce que je re\u00e7ois une facture pour ma commande ?<\/span>\n\t\t<\/a>\n\t\t<div id=\"accordion-676561126-content\" class=\"accordion-inner\" aria-labelledby=\"accordion-676561126-label\">\n\t\t\t\n<p>Oui, nous \u00e9tablissons une facture pour chaque commande, qui vous est envoy\u00e9e par e-mail.\n<\/p>\n\t\t<\/div>\n\t<\/div>\n\t\n\t<div id=\"accordion-127446798\" class=\"accordion-item\">\n\t\t<a id=\"accordion-127446798-label\" class=\"accordion-title plain\" href=\"#accordion-item-est-ce-que-j&#039;ai-une-garantie-sur-l&#039;article-?\" aria-expanded=\"false\" aria-controls=\"accordion-127446798-content\">\n\t\t\t<button class=\"toggle\" aria-label=\"Basculer\"><i class=\"icon-angle-down\" aria-hidden=\"true\"><\/i><\/button>\n\t\t\t<span>Est-ce que j'ai une garantie sur l'article ?<\/span>\n\t\t<\/a>\n\t\t<div id=\"accordion-127446798-content\" class=\"accordion-inner\" aria-labelledby=\"accordion-127446798-label\">\n\t\t\t\n<p>Nous accordons une garantie sur tous les articles. En cas de recours \u00e0 la garantie, veuillez nous envoyer un e-mail avec votre num\u00e9ro de commande\/facture et, le cas \u00e9ch\u00e9ant, le num\u00e9ro de s\u00e9rie de l&rsquo;appareil.<\/p>\n\t\t<\/div>\n\t<\/div>\n\t\n<\/div>\n\t\t<\/div>\n\t\t\t\t\t<\/div>\n\n\t\n\n\t<div id=\"col-1839986594\" class=\"col medium-6 large-6\"  >\n\t\t\t\t<div class=\"col-inner\"  >\n\t\t\t\n\t\t\t\n<div class=\"container section-title-container\" ><h3 class=\"section-title section-title-normal\"><b aria-hidden=\"true\"><\/b><span class=\"section-title-main\" >Envoyez-nous un e-mail<\/span><b aria-hidden=\"true\"><\/b><\/h3><\/div>\n\n<div class=\"wpcf7 no-js\" id=\"wpcf7-f14434-o1\" lang=\"fr-FR\" dir=\"ltr\" data-wpcf7-id=\"14434\">\n<div class=\"screen-reader-response\"><p role=\"status\" aria-live=\"polite\" aria-atomic=\"true\"><\/p> <ul><\/ul><\/div>\n<form action=\"\/fr\/wp-json\/wp\/v2\/pages\/14413#wpcf7-f14434-o1\" method=\"post\" class=\"wpcf7-form init\" aria-label=\"Formulaire de contact\" novalidate=\"novalidate\" data-status=\"init\">\n<fieldset class=\"hidden-fields-container\"><input type=\"hidden\" name=\"_wpcf7\" value=\"14434\" \/><input type=\"hidden\" name=\"_wpcf7_version\" value=\"6.1.5\" \/><input type=\"hidden\" name=\"_wpcf7_locale\" value=\"fr_FR\" \/><input type=\"hidden\" name=\"_wpcf7_unit_tag\" value=\"wpcf7-f14434-o1\" \/><input type=\"hidden\" name=\"_wpcf7_container_post\" value=\"0\" \/><input type=\"hidden\" name=\"_wpcf7_posted_data_hash\" value=\"\" \/><input type=\"hidden\" name=\"_wpcf7_recaptcha_response\" value=\"\" \/>\n<\/fieldset>\n<p><label> Nom (Obligatoire)<br \/>\n<span class=\"wpcf7-form-control-wrap\" data-name=\"your-name\"><input size=\"40\" maxlength=\"400\" class=\"wpcf7-form-control wpcf7-text wpcf7-validates-as-required\" aria-required=\"true\" aria-invalid=\"false\" value=\"\" type=\"text\" name=\"your-name\" \/><\/span> <\/label>\n<\/p>\n<p><label> E-mail (Obligatoire)<br \/>\n<span class=\"wpcf7-form-control-wrap\" data-name=\"your-email\"><input size=\"40\" maxlength=\"400\" class=\"wpcf7-form-control wpcf7-email wpcf7-validates-as-required wpcf7-text wpcf7-validates-as-email\" aria-required=\"true\" aria-invalid=\"false\" value=\"\" type=\"email\" name=\"your-email\" \/><\/span> <\/label>\n<\/p>\n<p><label> Sujet (Obligatoire)<br \/>\n<span class=\"wpcf7-form-control-wrap\" data-name=\"your-subject\"><input size=\"40\" maxlength=\"400\" class=\"wpcf7-form-control wpcf7-text wpcf7-validates-as-required\" aria-required=\"true\" aria-invalid=\"false\" value=\"\" type=\"text\" name=\"your-subject\" \/><\/span> <\/label>\n<\/p>\n<p><label> Votre message<br \/>\n<span class=\"wpcf7-form-control-wrap\" data-name=\"your-message\"><textarea cols=\"40\" rows=\"10\" maxlength=\"2000\" class=\"wpcf7-form-control wpcf7-textarea\" aria-invalid=\"false\" name=\"your-message\"><\/textarea><\/span> <\/label>\n<\/p>\n<p><input class=\"wpcf7-form-control wpcf7-submit has-spinner\" type=\"submit\" value=\"Envoyer\" \/>\n<\/p><p style=\"display: none !important;\" class=\"akismet-fields-container\" data-prefix=\"_wpcf7_ak_\"><label>&#916;<textarea name=\"_wpcf7_ak_hp_textarea\" cols=\"45\" rows=\"8\" maxlength=\"100\"><\/textarea><\/label><input type=\"hidden\" id=\"ak_js_1\" name=\"_wpcf7_ak_js\" value=\"106\"\/><script>document.getElementById( \"ak_js_1\" ).setAttribute( \"value\", ( new Date() ).getTime() );<\/script><\/p><div class=\"wpcf7-response-output\" aria-hidden=\"true\"><\/div>\n<\/form>\n<\/div>\n\n\t\t<\/div>\n\t\t\t\t\t<\/div>\n\n\t\n<\/div>\n\t<div id=\"text-3111208615\" class=\"text\">\n\t\t\n<p><h3>Ligne d\u2019assistance:<\/h3>\n<h4>T\u00e9l\u00e9phone: <a href=\"tel:00494022859032\">+49 (0)40 \/ 228 590 32<\/a> (uniquement en allemand ou en anglais)<\/h4>\n<p>Du lundi au vendredi<br \/> 10:00 \u00e0 18:00 heures<\/p>\n<\/p>\n\t\t\n<style>\n#text-3111208615 {\n  font-size: 1.5rem;\n  line-height: 1;\n  text-align: center;\n}\n<\/style>\n\t<\/div>\n\t\n\t<div id=\"gap-1496129247\" class=\"gap-element clearfix\" style=\"display:block; height:auto;\">\n\t\t\n<style>\n#gap-1496129247 {\n  padding-top: 40px;\n}\n<\/style>\n\t<\/div>\n\t\n","protected":false},"excerpt":{"rendered":"","protected":false},"author":1,"featured_media":0,"parent":0,"menu_order":190,"comment_status":"closed","ping_status":"closed","template":"page-blank.php","meta":{"footnotes":""},"class_list":["post-14413","page","type-page","status-publish","hentry"],"yoast_head":"<!-- This site is optimized with the Yoast SEO plugin v27.2 - https:\/\/yoast.com\/product\/yoast-seo-wordpress\/ -->\n<title>Contact | Radar Service<\/title>\n<meta name=\"description\" content=\"Contact | Radar Service\" \/>\n<meta name=\"robots\" content=\"noindex, nofollow\" \/>\n<meta property=\"og:locale\" content=\"fr_FR\" \/>\n<meta property=\"og:type\" content=\"article\" \/>\n<meta property=\"og:title\" content=\"Contact | Radar Service\" \/>\n<meta property=\"og:description\" content=\"Contact | Radar Service\" \/>\n<meta property=\"og:url\" content=\"https:\/\/radarservice.eu\/fr\/contact\/\" \/>\n<meta property=\"og:site_name\" content=\"Radar Service\" \/>\n<meta property=\"article:modified_time\" content=\"2022-04-03T10:24:39+00:00\" \/>\n<meta name=\"twitter:card\" content=\"summary_large_image\" \/>\n<meta name=\"twitter:label1\" content=\"Dur\u00e9e de lecture estim\u00e9e\" \/>\n\t<meta name=\"twitter:data1\" content=\"2 minutes\" \/>\n<script type=\"application\/ld+json\" class=\"yoast-schema-graph\">{\"@context\":\"https:\/\/schema.org\",\"@graph\":[{\"@type\":\"WebPage\",\"@id\":\"https:\/\/radarservice.eu\/fr\/contact\/\",\"url\":\"https:\/\/radarservice.eu\/fr\/contact\/\",\"name\":\"Contact | Radar Service\",\"isPartOf\":{\"@id\":\"https:\/\/radarservice.eu\/fr\/#website\"},\"datePublished\":\"2019-07-14T12:26:45+00:00\",\"dateModified\":\"2022-04-03T10:24:39+00:00\",\"description\":\"Contact | Radar Service\",\"inLanguage\":\"fr-FR\",\"potentialAction\":[{\"@type\":\"ReadAction\",\"target\":[\"https:\/\/radarservice.eu\/fr\/contact\/\"]}]},{\"@type\":\"WebSite\",\"@id\":\"https:\/\/radarservice.eu\/fr\/#website\",\"url\":\"https:\/\/radarservice.eu\/fr\/\",\"name\":\"Radar Service\",\"description\":\"Radar detector Laser jammer mobile fix\",\"publisher\":{\"@id\":\"https:\/\/radarservice.eu\/fr\/#organization\"},\"potentialAction\":[{\"@type\":\"SearchAction\",\"target\":{\"@type\":\"EntryPoint\",\"urlTemplate\":\"https:\/\/radarservice.eu\/fr\/?s={search_term_string}\"},\"query-input\":{\"@type\":\"PropertyValueSpecification\",\"valueRequired\":true,\"valueName\":\"search_term_string\"}}],\"inLanguage\":\"fr-FR\"},{\"@type\":\"Organization\",\"@id\":\"https:\/\/radarservice.eu\/fr\/#organization\",\"name\":\"RadarService\",\"url\":\"https:\/\/radarservice.eu\/fr\/\",\"logo\":{\"@type\":\"ImageObject\",\"inLanguage\":\"fr-FR\",\"@id\":\"https:\/\/radarservice.eu\/fr\/#\/schema\/logo\/image\/\",\"url\":\"https:\/\/radarservice.eu\/wp-content\/uploads\/2021\/03\/Radar_detector_service.png\",\"contentUrl\":\"https:\/\/radarservice.eu\/wp-content\/uploads\/2021\/03\/Radar_detector_service.png\",\"width\":174,\"height\":48,\"caption\":\"RadarService\"},\"image\":{\"@id\":\"https:\/\/radarservice.eu\/fr\/#\/schema\/logo\/image\/\"}}]}<\/script>\n<!-- \/ Yoast SEO plugin. -->","yoast_head_json":{"title":"Contact | Radar Service","description":"Contact | Radar Service","robots":{"index":"noindex","follow":"nofollow"},"og_locale":"fr_FR","og_type":"article","og_title":"Contact | Radar Service","og_description":"Contact | Radar Service","og_url":"https:\/\/radarservice.eu\/fr\/contact\/","og_site_name":"Radar Service","article_modified_time":"2022-04-03T10:24:39+00:00","twitter_card":"summary_large_image","twitter_misc":{"Dur\u00e9e de lecture estim\u00e9e":"2 minutes"},"schema":{"@context":"https:\/\/schema.org","@graph":[{"@type":"WebPage","@id":"https:\/\/radarservice.eu\/fr\/contact\/","url":"https:\/\/radarservice.eu\/fr\/contact\/","name":"Contact | Radar Service","isPartOf":{"@id":"https:\/\/radarservice.eu\/fr\/#website"},"datePublished":"2019-07-14T12:26:45+00:00","dateModified":"2022-04-03T10:24:39+00:00","description":"Contact | Radar Service","inLanguage":"fr-FR","potentialAction":[{"@type":"ReadAction","target":["https:\/\/radarservice.eu\/fr\/contact\/"]}]},{"@type":"WebSite","@id":"https:\/\/radarservice.eu\/fr\/#website","url":"https:\/\/radarservice.eu\/fr\/","name":"Radar Service","description":"Radar detector Laser jammer mobile fix","publisher":{"@id":"https:\/\/radarservice.eu\/fr\/#organization"},"potentialAction":[{"@type":"SearchAction","target":{"@type":"EntryPoint","urlTemplate":"https:\/\/radarservice.eu\/fr\/?s={search_term_string}"},"query-input":{"@type":"PropertyValueSpecification","valueRequired":true,"valueName":"search_term_string"}}],"inLanguage":"fr-FR"},{"@type":"Organization","@id":"https:\/\/radarservice.eu\/fr\/#organization","name":"RadarService","url":"https:\/\/radarservice.eu\/fr\/","logo":{"@type":"ImageObject","inLanguage":"fr-FR","@id":"https:\/\/radarservice.eu\/fr\/#\/schema\/logo\/image\/","url":"https:\/\/radarservice.eu\/wp-content\/uploads\/2021\/03\/Radar_detector_service.png","contentUrl":"https:\/\/radarservice.eu\/wp-content\/uploads\/2021\/03\/Radar_detector_service.png","width":174,"height":48,"caption":"RadarService"},"image":{"@id":"https:\/\/radarservice.eu\/fr\/#\/schema\/logo\/image\/"}}]}},"_links":{"self":[{"href":"https:\/\/radarservice.eu\/fr\/wp-json\/wp\/v2\/pages\/14413","targetHints":{"allow":["GET"]}}],"collection":[{"href":"https:\/\/radarservice.eu\/fr\/wp-json\/wp\/v2\/pages"}],"about":[{"href":"https:\/\/radarservice.eu\/fr\/wp-json\/wp\/v2\/types\/page"}],"author":[{"embeddable":true,"href":"https:\/\/radarservice.eu\/fr\/wp-json\/wp\/v2\/users\/1"}],"replies":[{"embeddable":true,"href":"https:\/\/radarservice.eu\/fr\/wp-json\/wp\/v2\/comments?post=14413"}],"version-history":[{"count":25,"href":"https:\/\/radarservice.eu\/fr\/wp-json\/wp\/v2\/pages\/14413\/revisions"}],"predecessor-version":[{"id":18359,"href":"https:\/\/radarservice.eu\/fr\/wp-json\/wp\/v2\/pages\/14413\/revisions\/18359"}],"wp:attachment":[{"href":"https:\/\/radarservice.eu\/fr\/wp-json\/wp\/v2\/media?parent=14413"}],"curies":[{"name":"wp","href":"https:\/\/api.w.org\/{rel}","templated":true}]}}