{"id":19450,"date":"2024-04-02T18:19:57","date_gmt":"2024-04-02T16:19:57","guid":{"rendered":"https:\/\/radarservice.eu\/produkt\/hifi-sarja-antilaser-al-prioriteettia-varten\/"},"modified":"2024-04-02T18:19:57","modified_gmt":"2024-04-02T16:19:57","slug":"hifi-sarja-antilaser-al-prioriteettia-varten","status":"publish","type":"product","link":"https:\/\/radarservice.eu\/fi\/tuote\/hifi-sarja-antilaser-al-prioriteettia-varten\/","title":{"rendered":"HIFI-SARJA ANTILASER AL -PRIORITEETTIA VARTEN"},"content":{"rendered":"<p>Laita AL Priority varoittamaan sinua \u00e4\u00e4ni-ilmoituksella. \u00c4\u00e4ni-ilmoitus antaa sinulle \u00e4\u00e4nek\u00e4st\u00e4 ja yksityiskohtaista varoitustietoa.<\/p>\n<p>AL Priority\u00ae HiFi p\u00e4ivityssarja sis\u00e4lt\u00e4\u00e4:<br \/>\n* HiFi-s\u00e4\u00e4dinsarja<br \/>\n* Kaiuttimet<\/p>\n","protected":false},"excerpt":{"rendered":"<p><b><strong>AL Priority\u00ae HiFi -p\u00e4ivitysmoduuli, johon sis\u00e4ltyy ulkoinen kaiutin<\/strong><\/b><\/p>\n","protected":false},"featured_media":19437,"comment_status":"open","ping_status":"closed","template":"","meta":[],"product_brand":[],"product_cat":[1970,2030,1969],"product_tag":[],"class_list":{"0":"post-19450","1":"product","2":"type-product","3":"status-publish","4":"has-post-thumbnail","6":"product_cat-antilaser-fi","7":"product_cat-laserhairinta","8":"product_cat-tarvikkeet","10":"first","11":"instock","12":"taxable","13":"shipping-taxable","14":"purchasable","15":"product-type-simple"},"yoast_head":"<!-- This site is optimized with the Yoast SEO plugin v27.2 - https:\/\/yoast.com\/product\/yoast-seo-wordpress\/ -->\n<title>HIFI-SARJA ANTILASER AL -PRIORITEETTIA VARTEN | Radar Service<\/title>\n<meta name=\"description\" content=\"HIFI-SARJA ANTILASER AL -PRIORITEETTIA VARTEN | Radar Service\" \/>\n<meta name=\"robots\" content=\"index, follow, max-snippet:-1, max-image-preview:large, max-video-preview:-1\" \/>\n<link rel=\"canonical\" href=\"https:\/\/radarservice.eu\/fi\/tuote\/hifi-sarja-antilaser-al-prioriteettia-varten\/\" \/>\n<meta property=\"og:locale\" content=\"fi_FI\" \/>\n<meta property=\"og:type\" content=\"article\" \/>\n<meta property=\"og:title\" content=\"HIFI-SARJA ANTILASER AL -PRIORITEETTIA VARTEN | Radar Service\" \/>\n<meta property=\"og:description\" content=\"HIFI-SARJA ANTILASER AL -PRIORITEETTIA VARTEN | Radar Service\" \/>\n<meta property=\"og:url\" content=\"https:\/\/radarservice.eu\/fi\/tuote\/hifi-sarja-antilaser-al-prioriteettia-varten\/\" \/>\n<meta property=\"og:site_name\" content=\"Radar Service\" \/>\n<meta property=\"og:image\" content=\"https:\/\/radarservice.eu\/wp-content\/uploads\/2024\/04\/ALP-HiFi-Set.jpg\" \/>\n\t<meta property=\"og:image:width\" content=\"756\" \/>\n\t<meta property=\"og:image:height\" content=\"582\" \/>\n\t<meta property=\"og:image:type\" content=\"image\/jpeg\" \/>\n<meta name=\"twitter:card\" content=\"summary_large_image\" \/>\n<script type=\"application\/ld+json\" class=\"yoast-schema-graph\">{\"@context\":\"https:\/\/schema.org\",\"@graph\":[{\"@type\":\"WebPage\",\"@id\":\"https:\/\/radarservice.eu\/fi\/tuote\/hifi-sarja-antilaser-al-prioriteettia-varten\/\",\"url\":\"https:\/\/radarservice.eu\/fi\/tuote\/hifi-sarja-antilaser-al-prioriteettia-varten\/\",\"name\":\"HIFI-SARJA ANTILASER AL -PRIORITEETTIA VARTEN | Radar Service\",\"isPartOf\":{\"@id\":\"https:\/\/radarservice.eu\/fi\/#website\"},\"primaryImageOfPage\":{\"@id\":\"https:\/\/radarservice.eu\/fi\/tuote\/hifi-sarja-antilaser-al-prioriteettia-varten\/#primaryimage\"},\"image\":{\"@id\":\"https:\/\/radarservice.eu\/fi\/tuote\/hifi-sarja-antilaser-al-prioriteettia-varten\/#primaryimage\"},\"thumbnailUrl\":\"https:\/\/radarservice.eu\/wp-content\/uploads\/2024\/04\/ALP-HiFi-Set.jpg\",\"datePublished\":\"2024-04-02T16:19:57+00:00\",\"description\":\"HIFI-SARJA ANTILASER AL -PRIORITEETTIA VARTEN | Radar Service\",\"breadcrumb\":{\"@id\":\"https:\/\/radarservice.eu\/fi\/tuote\/hifi-sarja-antilaser-al-prioriteettia-varten\/#breadcrumb\"},\"inLanguage\":\"fi\",\"potentialAction\":[{\"@type\":\"ReadAction\",\"target\":[\"https:\/\/radarservice.eu\/fi\/tuote\/hifi-sarja-antilaser-al-prioriteettia-varten\/\"]}]},{\"@type\":\"ImageObject\",\"inLanguage\":\"fi\",\"@id\":\"https:\/\/radarservice.eu\/fi\/tuote\/hifi-sarja-antilaser-al-prioriteettia-varten\/#primaryimage\",\"url\":\"https:\/\/radarservice.eu\/wp-content\/uploads\/2024\/04\/ALP-HiFi-Set.jpg\",\"contentUrl\":\"https:\/\/radarservice.eu\/wp-content\/uploads\/2024\/04\/ALP-HiFi-Set.jpg\",\"width\":756,\"height\":582,\"caption\":\"ALP-HiFi-Set\"},{\"@type\":\"BreadcrumbList\",\"@id\":\"https:\/\/radarservice.eu\/fi\/tuote\/hifi-sarja-antilaser-al-prioriteettia-varten\/#breadcrumb\",\"itemListElement\":[{\"@type\":\"ListItem\",\"position\":1,\"name\":\"Kauppa\",\"item\":\"https:\/\/radarservice.eu\/fi\/kauppa\/\"},{\"@type\":\"ListItem\",\"position\":2,\"name\":\"HIFI-SARJA ANTILASER AL -PRIORITEETTIA VARTEN\"}]},{\"@type\":\"WebSite\",\"@id\":\"https:\/\/radarservice.eu\/fi\/#website\",\"url\":\"https:\/\/radarservice.eu\/fi\/\",\"name\":\"Radar Service\",\"description\":\"Radar detector Laser jammer mobile fix\",\"publisher\":{\"@id\":\"https:\/\/radarservice.eu\/fi\/#organization\"},\"potentialAction\":[{\"@type\":\"SearchAction\",\"target\":{\"@type\":\"EntryPoint\",\"urlTemplate\":\"https:\/\/radarservice.eu\/fi\/?s={search_term_string}\"},\"query-input\":{\"@type\":\"PropertyValueSpecification\",\"valueRequired\":true,\"valueName\":\"search_term_string\"}}],\"inLanguage\":\"fi\"},{\"@type\":\"Organization\",\"@id\":\"https:\/\/radarservice.eu\/fi\/#organization\",\"name\":\"RadarService\",\"url\":\"https:\/\/radarservice.eu\/fi\/\",\"logo\":{\"@type\":\"ImageObject\",\"inLanguage\":\"fi\",\"@id\":\"https:\/\/radarservice.eu\/fi\/#\/schema\/logo\/image\/\",\"url\":\"https:\/\/radarservice.eu\/wp-content\/uploads\/2021\/03\/Radar_detector_service.png\",\"contentUrl\":\"https:\/\/radarservice.eu\/wp-content\/uploads\/2021\/03\/Radar_detector_service.png\",\"width\":174,\"height\":48,\"caption\":\"RadarService\"},\"image\":{\"@id\":\"https:\/\/radarservice.eu\/fi\/#\/schema\/logo\/image\/\"}}]}<\/script>\n<!-- \/ Yoast SEO plugin. -->","yoast_head_json":{"title":"HIFI-SARJA ANTILASER AL -PRIORITEETTIA VARTEN | Radar Service","description":"HIFI-SARJA ANTILASER AL -PRIORITEETTIA VARTEN | Radar Service","robots":{"index":"index","follow":"follow","max-snippet":"max-snippet:-1","max-image-preview":"max-image-preview:large","max-video-preview":"max-video-preview:-1"},"canonical":"https:\/\/radarservice.eu\/fi\/tuote\/hifi-sarja-antilaser-al-prioriteettia-varten\/","og_locale":"fi_FI","og_type":"article","og_title":"HIFI-SARJA ANTILASER AL -PRIORITEETTIA VARTEN | Radar Service","og_description":"HIFI-SARJA ANTILASER AL -PRIORITEETTIA VARTEN | Radar Service","og_url":"https:\/\/radarservice.eu\/fi\/tuote\/hifi-sarja-antilaser-al-prioriteettia-varten\/","og_site_name":"Radar Service","og_image":[{"width":756,"height":582,"url":"https:\/\/radarservice.eu\/wp-content\/uploads\/2024\/04\/ALP-HiFi-Set.jpg","type":"image\/jpeg"}],"twitter_card":"summary_large_image","schema":{"@context":"https:\/\/schema.org","@graph":[{"@type":"WebPage","@id":"https:\/\/radarservice.eu\/fi\/tuote\/hifi-sarja-antilaser-al-prioriteettia-varten\/","url":"https:\/\/radarservice.eu\/fi\/tuote\/hifi-sarja-antilaser-al-prioriteettia-varten\/","name":"HIFI-SARJA ANTILASER AL -PRIORITEETTIA VARTEN | Radar Service","isPartOf":{"@id":"https:\/\/radarservice.eu\/fi\/#website"},"primaryImageOfPage":{"@id":"https:\/\/radarservice.eu\/fi\/tuote\/hifi-sarja-antilaser-al-prioriteettia-varten\/#primaryimage"},"image":{"@id":"https:\/\/radarservice.eu\/fi\/tuote\/hifi-sarja-antilaser-al-prioriteettia-varten\/#primaryimage"},"thumbnailUrl":"https:\/\/radarservice.eu\/wp-content\/uploads\/2024\/04\/ALP-HiFi-Set.jpg","datePublished":"2024-04-02T16:19:57+00:00","description":"HIFI-SARJA ANTILASER AL -PRIORITEETTIA VARTEN | Radar Service","breadcrumb":{"@id":"https:\/\/radarservice.eu\/fi\/tuote\/hifi-sarja-antilaser-al-prioriteettia-varten\/#breadcrumb"},"inLanguage":"fi","potentialAction":[{"@type":"ReadAction","target":["https:\/\/radarservice.eu\/fi\/tuote\/hifi-sarja-antilaser-al-prioriteettia-varten\/"]}]},{"@type":"ImageObject","inLanguage":"fi","@id":"https:\/\/radarservice.eu\/fi\/tuote\/hifi-sarja-antilaser-al-prioriteettia-varten\/#primaryimage","url":"https:\/\/radarservice.eu\/wp-content\/uploads\/2024\/04\/ALP-HiFi-Set.jpg","contentUrl":"https:\/\/radarservice.eu\/wp-content\/uploads\/2024\/04\/ALP-HiFi-Set.jpg","width":756,"height":582,"caption":"ALP-HiFi-Set"},{"@type":"BreadcrumbList","@id":"https:\/\/radarservice.eu\/fi\/tuote\/hifi-sarja-antilaser-al-prioriteettia-varten\/#breadcrumb","itemListElement":[{"@type":"ListItem","position":1,"name":"Kauppa","item":"https:\/\/radarservice.eu\/fi\/kauppa\/"},{"@type":"ListItem","position":2,"name":"HIFI-SARJA ANTILASER AL -PRIORITEETTIA VARTEN"}]},{"@type":"WebSite","@id":"https:\/\/radarservice.eu\/fi\/#website","url":"https:\/\/radarservice.eu\/fi\/","name":"Radar Service","description":"Radar detector Laser jammer mobile fix","publisher":{"@id":"https:\/\/radarservice.eu\/fi\/#organization"},"potentialAction":[{"@type":"SearchAction","target":{"@type":"EntryPoint","urlTemplate":"https:\/\/radarservice.eu\/fi\/?s={search_term_string}"},"query-input":{"@type":"PropertyValueSpecification","valueRequired":true,"valueName":"search_term_string"}}],"inLanguage":"fi"},{"@type":"Organization","@id":"https:\/\/radarservice.eu\/fi\/#organization","name":"RadarService","url":"https:\/\/radarservice.eu\/fi\/","logo":{"@type":"ImageObject","inLanguage":"fi","@id":"https:\/\/radarservice.eu\/fi\/#\/schema\/logo\/image\/","url":"https:\/\/radarservice.eu\/wp-content\/uploads\/2021\/03\/Radar_detector_service.png","contentUrl":"https:\/\/radarservice.eu\/wp-content\/uploads\/2021\/03\/Radar_detector_service.png","width":174,"height":48,"caption":"RadarService"},"image":{"@id":"https:\/\/radarservice.eu\/fi\/#\/schema\/logo\/image\/"}}]}},"_links":{"self":[{"href":"https:\/\/radarservice.eu\/fi\/wp-json\/wp\/v2\/product\/19450","targetHints":{"allow":["GET"]}}],"collection":[{"href":"https:\/\/radarservice.eu\/fi\/wp-json\/wp\/v2\/product"}],"about":[{"href":"https:\/\/radarservice.eu\/fi\/wp-json\/wp\/v2\/types\/product"}],"replies":[{"embeddable":true,"href":"https:\/\/radarservice.eu\/fi\/wp-json\/wp\/v2\/comments?post=19450"}],"wp:featuredmedia":[{"embeddable":true,"href":"https:\/\/radarservice.eu\/fi\/wp-json\/wp\/v2\/media\/19437"}],"wp:attachment":[{"href":"https:\/\/radarservice.eu\/fi\/wp-json\/wp\/v2\/media?parent=19450"}],"wp:term":[{"taxonomy":"product_brand","embeddable":true,"href":"https:\/\/radarservice.eu\/fi\/wp-json\/wp\/v2\/product_brand?post=19450"},{"taxonomy":"product_cat","embeddable":true,"href":"https:\/\/radarservice.eu\/fi\/wp-json\/wp\/v2\/product_cat?post=19450"},{"taxonomy":"product_tag","embeddable":true,"href":"https:\/\/radarservice.eu\/fi\/wp-json\/wp\/v2\/product_tag?post=19450"}],"curies":[{"name":"wp","href":"https:\/\/api.w.org\/{rel}","templated":true}]}}