{"id":17699,"date":"2022-03-24T11:48:35","date_gmt":"2022-03-24T10:48:35","guid":{"rendered":"https:\/\/radarservice.eu\/yleiset-kayttoehdot\/"},"modified":"2022-03-24T11:48:38","modified_gmt":"2022-03-24T10:48:38","slug":"yleiset-kayttoehdot","status":"publish","type":"page","link":"https:\/\/radarservice.eu\/fi\/yleiset-kayttoehdot\/","title":{"rendered":"Yleiset k\u00e4ytt\u00f6ehdot"},"content":{"rendered":"\n<h1 class=\"wp-block-heading\">Yleiset k\u00e4ytt\u00f6ehdot asiakastiedoilla<\/h1>\n\n<h2 class=\"wp-block-heading\">Sis\u00e4llysluettelo<\/h2>\n\n<ol class=\"wp-block-list\"><li>Laajuus<\/li><li>Sopimus<\/li><li>Nosto<\/li><li>Hinnat ja maksuehdot<\/li><li>Toimitus- ja toimitusehdot<\/li><li>Omistus<\/li><li>Vastuu vioista (takuu)<\/li><li>Sovellettava laki<\/li><li>Tapahtumapaikka<\/li><li>Vaihtoehtoinen riidanratkaisu<\/li><\/ol>\n\n<h2 class=\"wp-block-heading\">1) Soveltamisala<\/h2>\n\n<p><strong>1.1<\/strong> N\u00e4it\u00e4 RadarServicen (j\u00e4ljemp\u00e4n\u00e4 &#8221;MYYJ\u00c4&#8221;) yleisi\u00e4 k\u00e4ytt\u00f6ehtoja (j\u00e4ljemp\u00e4n\u00e4 &#8221;GTC&#8221;) sovelletaan kaikkiin sopimuksiin, jotka koskevat sellaisten tavaroiden toimittamista, jotka kuluttaja tai yritt\u00e4j\u00e4 (j\u00e4ljemp\u00e4n\u00e4 &#8221;Asiakas&#8221;) tekee Myyj\u00e4n kanssa Myyj\u00e4n verkkokaupassaan esitt\u00e4mien tavaroiden osalta. T\u00e4ten vastustetaan asiakkaan omien k\u00e4ytt\u00f6ehtojen sis\u00e4llytt\u00e4mist\u00e4, ellei toisin sovita.<\/p>\n\n<p><strong>1.2<\/strong> N\u00e4iss\u00e4 ehdoissa tarkoitettu kuluttaja on luonnollinen henkil\u00f6, joka toteuttaa oikeudellisen liiketoimen tarkoituksiin, joiden ei voida p\u00e4\u00e4asiallisesti katsoa johtuvan heid\u00e4n kaupallisesta tai itsen\u00e4isest\u00e4 ammatillisesta toiminnastaan. N\u00e4iss\u00e4 ehdoissa tarkoitettu yritt\u00e4j\u00e4 on luonnollinen henkil\u00f6 tai oikeushenkil\u00f6 tai oikeustoimikelpoinen kumppanuus, joka oikeustoimivaltaa tehdess\u00e4\u00e4n toimii kaupallista tai itsen\u00e4ist\u00e4 ammatillista toimintaansa harjoittaessaan.<\/p>\n\n<h2 class=\"wp-block-heading\">2) Sopimuksen tekeminen<\/h2>\n\n<p><strong>2.1<\/strong> Myyj\u00e4n verkkokaupan tuotekuvaukset eiv\u00e4t ole Myyj\u00e4n sitovia tarjouksia, vaan ne palvelevat Asiakkaan sitovan tarjouksen tekemist\u00e4.<\/p>\n\n<p><strong>2.2<\/strong> Asiakas voi j\u00e4tt\u00e4\u00e4 tarjouksen myyj\u00e4n verkkokauppaan integroidun verkkotilauslomakkeen kautta. Kun olet asettanut valitut tavarat virtuaaliseen ostoskoriin ja k\u00e4ynyt l\u00e4pi s\u00e4hk\u00f6isen tilausprosessin, asiakas tekee oikeudellisesti sitovan sopimustarjouksen ostoskorissa olevista tavaroista napsauttamalla tilausprosessin p\u00e4\u00e4tt\u00e4v\u00e4\u00e4 painiketta. Lis\u00e4ksi asiakas voi l\u00e4hett\u00e4\u00e4 tarjouksen myyj\u00e4lle puhelimitse, s\u00e4hk\u00f6postitse tai verkkoyhteyslomakkeella.<\/p>\n\n<p><strong>2.3<\/strong> Myyj\u00e4 voi hyv\u00e4ksy\u00e4 Asiakkaan tarjouksen viiden p\u00e4iv\u00e4n kuluessa,<\/p>\n\n<ul class=\"wp-block-list\"><li>l\u00e4hett\u00e4m\u00e4ll\u00e4 asiakkaalle kirjallisen tilausvahvistuksen tai tilausvahvistuksen tekstimuodossa (faksi tai s\u00e4hk\u00f6posti), jossa asiakkaan tilausvahvistuksen vastaanottaminen on t\u00e4ss\u00e4 suhteessa ratkaisevaa, tai<\/li><li>toimittamalla tilatut tavarat asiakkaalle, jolloin se, ett\u00e4 asiakas vastaanottaa tavarat, on t\u00e4ss\u00e4 suhteessa ratkaisevaa, tai<\/li><li>pyyt\u00e4m\u00e4ll\u00e4 maksua asiakkaalta tilauksen tekemisen j\u00e4lkeen.<\/li><\/ul>\n\n<p>Jos edell\u00e4 mainittuja vaihtoehtoja on useita, sopimus tehd\u00e4\u00e4n silloin, kun jokin edell\u00e4 mainituista vaihtoehdoista ensimm\u00e4isen kerran tapahtuu. Tarjouksen hyv\u00e4ksymisaika alkaa siit\u00e4 p\u00e4iv\u00e4st\u00e4, jona asiakas on l\u00e4hett\u00e4nyt tarjouksen, ja p\u00e4\u00e4ttyy viidennen p\u00e4iv\u00e4n p\u00e4\u00e4ttymiseen tarjouksen l\u00e4hett\u00e4misest\u00e4. Jos myyj\u00e4 ei hyv\u00e4ksy asiakkaan tarjousta edell\u00e4 mainitussa m\u00e4\u00e4r\u00e4ajassa, t\u00e4m\u00e4 katsotaan tarjouksen hylk\u00e4\u00e4miseksi, mink\u00e4 seurauksena asiakasta ei en\u00e4\u00e4 sido h\u00e4nen aiejulistuksensa.<\/p>\n\n<p><strong>2.4<\/strong>Jos maksutapa &#8221;Amazon Payments&#8221; on valittuna, maksun k\u00e4sittelee maksupalveluntarjoaja Amazon Payments Europe s.c.a., 38 avenue John F. Kennedy, L-1855 Luxembourg (j\u00e4ljemp\u00e4n\u00e4: &#8221;Amazon&#8221;), edellytt\u00e4en, ett\u00e4 Amazon Payments Europe -k\u00e4ytt\u00e4j\u00e4sopimus, jota voidaan tarkastella kohdassa https:\/\/payments.amazon.de\/help\/201751590. Jos asiakas valitsee maksutavaksi &#8221;Amazon Payments&#8221; osana online-tilausprosessia, h\u00e4n antaa maksutavaksi &#8221;Amazon Payments&#8221; napsauttamalla tilausprosessin p\u00e4\u00e4tt\u00e4v\u00e4\u00e4 painiketta.  samalla my\u00f6s maksum\u00e4\u00e4r\u00e4ys Amazonille. T\u00e4ss\u00e4 tapauksessa myyj\u00e4 ilmoittaa t\u00e4ten asiakkaan tarjouksen hyv\u00e4ksymisest\u00e4 silloin, kun asiakas k\u00e4ynnist\u00e4\u00e4 maksuprosessin napsauttamalla tilausprosessin p\u00e4\u00e4tt\u00e4v\u00e4\u00e4 painiketta.<\/p>\n\n<p><strong>2.5<\/strong> Kun myyj\u00e4 l\u00e4hett\u00e4\u00e4 tarjouksen Myyj\u00e4n verkkotilauslomakkeen kautta, Myyj\u00e4 tallentaa sopimuksen tekstin sopimuksen tekemisen j\u00e4lkeen ja l\u00e4hett\u00e4\u00e4 sen Asiakkaalle tekstimuodossa (e.B s\u00e4hk\u00f6posti, faksi tai kirje) tilauksen l\u00e4hett\u00e4misen j\u00e4lkeen. Myyj\u00e4 ei anna sopimuksen teksti\u00e4 saataville t\u00e4m\u00e4n lis\u00e4ksi. Jos asiakas on perustanut k\u00e4ytt\u00e4j\u00e4tilin myyj\u00e4n verkkokauppaan ennen tilauksen l\u00e4hett\u00e4mist\u00e4, tilaustiedot arkistoidaan myyj\u00e4n verkkosivustolle ja asiakas voi hakea ne veloituksetta salasanalla suojatun k\u00e4ytt\u00e4j\u00e4tilins\u00e4 kautta antamalla vastaavat kirjautumistiedot.<\/p>\n\n<p><strong>2.6<\/strong> Ennen tilauksen sitomista Myyj\u00e4n verkkotilauslomakkeen kautta Asiakas voi havaita mahdolliset sy\u00f6tt\u00f6virheet lukemalla huolellisesti n\u00e4yt\u00f6ll\u00e4 n\u00e4kyv\u00e4t tiedot. Tehokas tekninen keino sy\u00f6tt\u00f6virheiden parempaan havaitsemiseen voi olla selaimen suurennustoiminto, jonka avulla n\u00e4yt\u00f6n n\u00e4ytt\u00f6 on suurennettu. Osana s\u00e4hk\u00f6ist\u00e4 tilausprosessia asiakas voi korjata merkinn\u00e4t tavallisilla n\u00e4pp\u00e4imist\u00f6- ja hiiritoiminnoilla, kunnes h\u00e4n napsauttaa tilausprosessin p\u00e4\u00e4tt\u00e4v\u00e4\u00e4 painiketta.<\/p>\n\n<p><strong>2.7<\/strong> Sopimuksen tekemiseen on saatavilla saksan- ja englannin kieli\u00e4.<\/p>\n\n<p><strong>2.8<\/strong> Tilausten k\u00e4sittely ja yhteydenotto tapahtuvat yleens\u00e4 s\u00e4hk\u00f6postitse ja automaattisella tilausten k\u00e4sittelyll\u00e4. Asiakkaan on varmistettava, ett\u00e4 h\u00e4nen tilauksensa k\u00e4sittely\u00e4 varten antama s\u00e4hk\u00f6postiosoite on oikea, jotta myyj\u00e4n l\u00e4hett\u00e4m\u00e4t s\u00e4hk\u00f6postiviestit voidaan vastaanottaa t\u00e4h\u00e4n osoitteeseen. Erityisesti roskapostisuodattimia k\u00e4ytett\u00e4ess\u00e4 asiakkaan on varmistettava, ett\u00e4 kaikki myyj\u00e4n tai myyj\u00e4n tilaamien kolmansien osapuolten tilauksen k\u00e4sittelyn yhteydess\u00e4 l\u00e4hett\u00e4m\u00e4t s\u00e4hk\u00f6postiviestit voidaan toimittaa.<\/p>\n\n<h2 class=\"wp-block-heading\">3) Peruuttamisoikeus<\/h2>\n\n<p><strong>3.1<\/strong> Kuluttajilla on yleens\u00e4 oikeus peruuttamisoikeuteen.<\/p>\n\n<p><strong>3.2<\/strong> Lis\u00e4tietoja peruuttamisoikeudesta on myyj\u00e4n peruutusehdossa.<\/p>\n\n<h2 class=\"wp-block-heading\">4) Hinnat ja maksuehdot<\/h2>\n\n<p><strong>4.1<\/strong> Ellei Myyj\u00e4n tuotekuvauksessa toisin mainita, noteeratut hinnat ovat kokonaishintoja, jotka sis\u00e4lt\u00e4v\u00e4t lakis\u00e4\u00e4teisen arvonlis\u00e4veron. Mahdolliset ylim\u00e4\u00e4r\u00e4iset toimitus- ja toimituskulut ilmoitetaan erikseen asianomaisessa tuotekuvauksessa.<\/p>\n\n<p><strong>4.2<\/strong> Jos toimituksia toimitetaan Euroopan unionin ulkopuolisiin maihin, lis\u00e4kustannuksia voi aiheutua yksitt\u00e4isist\u00e4 tapauksista, joista Myyj\u00e4 ei ole vastuussa ja joista Asiakas vastaa. N\u00e4it\u00e4 ovat esimerkiksi kustannukset, jotka aiheutuvat luottolaitosten rahansiirrosta (e.B siirtomaksut, valuuttakurssimaksut) tai tuontitullit tai verot (e.B tullit). T\u00e4llaisia kustannuksia voi aiheutua my\u00f6s rahansiirrosta, jos toimitusta ei suoriteta Euroopan unionin ulkopuoliseen maahan, mutta asiakas suorittaa maksun Euroopan unionin ulkopuolisesta maasta.<\/p>\n\n<p><strong>4.3<\/strong> Maksutavat ilmoitetaan Asiakkaalle Myyj\u00e4n verkkokaupassa.<\/p>\n\n<p><strong>4.4<\/strong> Jos ennakkomaksu pankkisiirrolla on sovittu, maksu er\u00e4\u00e4ntyy v\u00e4litt\u00f6m\u00e4sti sopimuksen tekemisen j\u00e4lkeen, elleiv\u00e4t osapuolet ole sopineet my\u00f6hemm\u00e4st\u00e4 er\u00e4p\u00e4iv\u00e4st\u00e4.<\/p>\n\n<p><strong>4.5<\/strong>Jos maksu suoritetaan PayPal tarjoaman maksutavan avulla, maksun k\u00e4sittelee maksupalveluntarjoaja PayPal (Eurooppa) S.\u00e0 r.l. et Cie, S.C.A., 22-24 Boulevard Royal, L-2449 Luxembourg (j\u00e4ljemp\u00e4n\u00e4 &#8221;PayPal&#8221;), https:\/\/www.paypal.com\/de\/webapps\/mpp\/ua\/useragreement-full saatavilla olevien PayPal k\u00e4ytt\u00f6ehtojen mukaisesti tai, jos Asiakkaalla ei ole PayPal tili\u00e4, ilman PayPal tili\u00e4 olevien maksujen ehtojen mukaisesti, jotka ovat saatavilla osoitteessa https:\/\/www.paypal.com\/de\/webapps\/mpp\/ua\/useragreement-full saatavilla PayPal k\u00e4ytt\u00f6ehtojen mukaisesti tai, jos Asiakkaalla ei ole PayPal-tili\u00e4, ilman PayPal tili\u00e4 olevien maksujen ehtojen mukaisesti, jotka ovat saatavilla osoitteessa  https:\/\/www.paypal.com\/de\/webapps\/mpp\/ua\/privacywax-full.<\/p>\n\n<h2 class=\"wp-block-heading\">5) Toimitus- ja toimitusehdot<\/h2>\n\n<p><strong>5.1<\/strong> Tavarat on toimitettava l\u00e4hetyksen\u00e4 asiakkaan ilmoittamaan toimitusosoitteeseen, ellei toisin sovita. Tapahtumaa k\u00e4sitelt\u00e4ess\u00e4 ratkaisevaa on myyj\u00e4n tilausk\u00e4sittelyss\u00e4 m\u00e4\u00e4ritetty toimitusosoite.<\/p>\n\n<p><strong>5.2<\/strong> Jos kuljetusyritys palauttaa l\u00e4hetetyt tavarat myyj\u00e4lle, koska toimitus asiakkaalle ei ollut mahdollista, asiakkaan on vastattava ep\u00e4onnistuneen l\u00e4hetyksen kustannuksista. T\u00e4m\u00e4 ei p\u00e4de, jos asiakas ei ole vastuussa olosuhteista, jotka johtivat toimituksen mahdottomuuteen, tai jos h\u00e4nt\u00e4 on v\u00e4liaikaisesti estetty hyv\u00e4ksym\u00e4st\u00e4 tarjottua palvelua, ellei myyj\u00e4 ole ilmoittanut palvelusta h\u00e4nelle kohtuulliseen aikaan etuk\u00e4teen. T\u00e4m\u00e4 ei my\u00f6sk\u00e4\u00e4n koske ulkoisesta l\u00e4hetyksest\u00e4 aiheutuvia kustannuksia, jos asiakas tosiasiallisesti k\u00e4ytt\u00e4\u00e4 peruuttamisoikeuttaan. Jos asiakas tosiasiallisesti k\u00e4ytt\u00e4\u00e4 peruutusoikeuttaan, palautuskustannuksiin sovelletaan myyj\u00e4n peruutusehdoissa olevaa ehtoa.<\/p>\n\n<p><strong>5.3<\/strong> Itseker\u00e4yksen tapauksessa Myyj\u00e4n on ensin ilmoitettava Asiakkaalle s\u00e4hk\u00f6postitse, ett\u00e4 h\u00e4nen tilaamansa tavarat ovat valmiita noudettaviksi. Saatuaan t\u00e4m\u00e4n s\u00e4hk\u00f6postiviestin asiakas voi noutaa tavarat neuvoteltuaan myyj\u00e4n kanssa myyj\u00e4n kanssa myyj\u00e4n s\u00e4\u00e4nt\u00f6m\u00e4\u00e4r\u00e4isess\u00e4 toimipaikassa. T\u00e4ss\u00e4 tapauksessa toimituskuluja ei veloiteta.<\/p>\n\n<h2 class=\"wp-block-heading\">6) Omistusoikeuden s\u00e4ilytt\u00e4minen<\/h2>\n\n<p>Jos myyj\u00e4 suorittaa ennakkomaksun, h\u00e4n pid\u00e4tt\u00e4\u00e4 omistusoikeuden toimitettuihin tavaroihin, kunnes ostohinta on maksettu kokonaan.<\/p>\n\n<h2 class=\"wp-block-heading\">7) Vastuu vioista (takuu)<\/h2>\n\n<p><strong>7.1<\/strong> Jos ostettu tuote on viallinen, sovelletaan lakis\u00e4\u00e4teisen virhevastuun m\u00e4\u00e4r\u00e4yksi\u00e4.<\/p>\n\n<p><strong>7.2<\/strong> T\u00e4st\u00e4 huolimatta k\u00e4ytettyihin tavaroihin sovelletaan seuraavaa: Virhev\u00e4itteit\u00e4 ei hyv\u00e4ksyt\u00e4, jos vika ilmenee vasta vuoden kuluttua tavaran toimituksesta. Vuoden kuluessa tavaroiden toimituksesta ilmenev\u00e4t viat voidaan korjata lakis\u00e4\u00e4teisen vanhentumisajan kuluessa. Vastuuajan lyhent\u00e4minen yhteen vuoteen ei kuitenkaan p\u00e4de<\/p>\n\n<ul class=\"wp-block-list\"><li>tavaroille, joita on k\u00e4ytetty rakennukseen niiden tavanomaisen k\u00e4yt\u00f6n mukaisesti ja jotka ovat aiheuttaneet sen viallisuuden,<\/li><li>vahingonkorvausvaatimuksiin ja asiakkaan kulujen korvaamiseen sek\u00e4<\/li><li>jos myyj\u00e4 on vilpillisesti salannut vian.<\/li><\/ul>\n\n<p><strong>7.3<\/strong> Asiakasta pyydet\u00e4\u00e4n valittamaan toimittajalle toimitetuista tavaroista, joissa on ilmeisi\u00e4 kuljetusvaurioita, ja ilmoittamaan t\u00e4st\u00e4 myyj\u00e4lle. Jos asiakas ei noudata t\u00e4t\u00e4, sill\u00e4 ei ole vaikutusta h\u00e4nen oikeudellisiin tai sopimusperusteisiin virhevaatimuksiinsa.<\/p>\n\n<h2 class=\"wp-block-heading\">8) Sovellettava laki<\/h2>\n\n<p>Kaikkiin osapuolten v\u00e4lisiin oikeussuhteisiin sovelletaan Saksan liittotasavallan lakia, lukuun ottamatta irtaimen tavaran kansainv\u00e4list\u00e4 ostoa koskevaa lains\u00e4\u00e4d\u00e4nt\u00f6\u00e4. Kuluttajien osalta t\u00e4t\u00e4 lainvalintaa sovelletaan vain silt\u00e4 osin kuin my\u00f6nnetty\u00e4 suojaa ei peruuteta sen valtion lain pakottavilla s\u00e4\u00e4nn\u00f6ksill\u00e4, jossa kuluttajan asuinpaikka on.<\/p>\n\n<h2 class=\"wp-block-heading\">9) Toimivalta-alue<\/h2>\n\n<p>Jos asiakas toimii kauppiaana, julkisoikeudellisena oikeushenkil\u00f6n\u00e4 tai julkisoikeudellisena erityisrahastona, jonka s\u00e4\u00e4nt\u00f6m\u00e4\u00e4r\u00e4inen kotipaikka on Saksan liittotasavallan alueella, yksinomainen toimivalta kaikissa t\u00e4st\u00e4 sopimuksesta johtuvissa riita-asioissa on myyj\u00e4n s\u00e4\u00e4nt\u00f6m\u00e4\u00e4r\u00e4inen kotipaikka. Jos asiakkaan s\u00e4\u00e4nt\u00f6m\u00e4\u00e4r\u00e4inen kotipaikka on Saksan liittotasavallan alueen ulkopuolella, myyj\u00e4n toimipaikka on yksinomainen toimivalta kaikissa t\u00e4st\u00e4 sopimuksesta johtuvissa riita-asioissa, jos sopimus tai sopimuksesta johtuvat vaateet voidaan katsoa asiakkaan ammattimaiseksi tai kaupalliseksi toiminnaksi. Edell\u00e4 mainituissa tapauksissa Myyj\u00e4ll\u00e4 on kuitenkin joka tapauksessa oikeus valittaa asiakkaan s\u00e4\u00e4nt\u00f6m\u00e4\u00e4r\u00e4isen kotipaikan tuomioistuimeen.<\/p>\n\n<h2 class=\"wp-block-heading\">10) Vaihtoehtoinen riidanratkaisu<\/h2>\n\n<p><strong>10.1<\/strong> EU:n komissio tarjoaa verkkov\u00e4litteisen riidanratkaisualustan Internetiss\u00e4 seuraavan linkin kautta: https:\/\/ec.europa.eu\/consumers\/odr<\/p>\n\n<p>T\u00e4m\u00e4 alusta toimii yhteyspisteen\u00e4 tuomioistuinten ulkopuoliselle riitojen ratkaisemiselle, jotka johtuvat verkko-osto- tai palvelusopimuksista, joissa kuluttaja on mukana.<\/p>\n\n<p><strong>10.2<\/strong> Myyj\u00e4 ei ole velvollinen eik\u00e4 halukas osallistumaan riitojenratkaisumenettelyyn kuluttaja-asioiden v\u00e4limiespaneelissa.<\/p>\n","protected":false},"excerpt":{"rendered":"<p>Yleiset k\u00e4ytt\u00f6ehdot asiakastiedoilla Sis\u00e4llysluettelo Laajuus Sopimus Nosto Hinnat ja maksuehdot Toimitus- ja toimitusehdot Omistus Vastuu vioista (takuu) Sovellettava laki Tapahtumapaikka Vaihtoehtoinen riidanratkaisu 1) Soveltamisala 1.1 N\u00e4it\u00e4 RadarServicen (j\u00e4ljemp\u00e4n\u00e4 &#8221;MYYJ\u00c4&#8221;) yleisi\u00e4 k\u00e4ytt\u00f6ehtoja (j\u00e4ljemp\u00e4n\u00e4 &#8221;GTC&#8221;) sovelletaan kaikkiin sopimuksiin, jotka koskevat sellaisten tavaroiden toimittamista, jotka kuluttaja tai yritt\u00e4j\u00e4 (j\u00e4ljemp\u00e4n\u00e4 &#8221;Asiakas&#8221;) tekee Myyj\u00e4n kanssa Myyj\u00e4n verkkokaupassaan esitt\u00e4mien tavaroiden osalta. [&#8230;]\n","protected":false},"author":1,"featured_media":0,"parent":0,"menu_order":810,"comment_status":"closed","ping_status":"closed","template":"","meta":{"footnotes":""},"class_list":["post-17699","page","type-page","status-publish","hentry"],"yoast_head":"<!-- This site is optimized with the Yoast SEO plugin v27.2 - https:\/\/yoast.com\/product\/yoast-seo-wordpress\/ -->\n<title>Yleiset k\u00e4ytt\u00f6ehdot | Radar Service<\/title>\n<meta name=\"description\" content=\"Yleiset k\u00e4ytt\u00f6ehdot | Radar Service\" \/>\n<meta name=\"robots\" content=\"noindex, nofollow\" \/>\n<meta property=\"og:locale\" content=\"fi_FI\" \/>\n<meta property=\"og:type\" content=\"article\" \/>\n<meta property=\"og:title\" content=\"Yleiset k\u00e4ytt\u00f6ehdot | Radar Service\" \/>\n<meta property=\"og:description\" content=\"Yleiset k\u00e4ytt\u00f6ehdot | Radar Service\" \/>\n<meta property=\"og:url\" content=\"https:\/\/radarservice.eu\/fi\/yleiset-kayttoehdot\/\" \/>\n<meta property=\"og:site_name\" content=\"Radar Service\" \/>\n<meta property=\"article:modified_time\" content=\"2022-03-24T10:48:38+00:00\" \/>\n<meta name=\"twitter:card\" content=\"summary_large_image\" \/>\n<meta name=\"twitter:label1\" content=\"Arvioitu lukuaika\" \/>\n\t<meta name=\"twitter:data1\" content=\"7 minuuttia\" \/>\n<script type=\"application\/ld+json\" class=\"yoast-schema-graph\">{\"@context\":\"https:\/\/schema.org\",\"@graph\":[{\"@type\":\"WebPage\",\"@id\":\"https:\/\/radarservice.eu\/fi\/yleiset-kayttoehdot\/\",\"url\":\"https:\/\/radarservice.eu\/fi\/yleiset-kayttoehdot\/\",\"name\":\"Yleiset k\u00e4ytt\u00f6ehdot | Radar Service\",\"isPartOf\":{\"@id\":\"https:\/\/radarservice.eu\/fi\/#website\"},\"datePublished\":\"2022-03-24T10:48:35+00:00\",\"dateModified\":\"2022-03-24T10:48:38+00:00\",\"description\":\"Yleiset k\u00e4ytt\u00f6ehdot | Radar Service\",\"inLanguage\":\"fi\",\"potentialAction\":[{\"@type\":\"ReadAction\",\"target\":[\"https:\/\/radarservice.eu\/fi\/yleiset-kayttoehdot\/\"]}]},{\"@type\":\"WebSite\",\"@id\":\"https:\/\/radarservice.eu\/fi\/#website\",\"url\":\"https:\/\/radarservice.eu\/fi\/\",\"name\":\"Radar Service\",\"description\":\"Radar detector Laser jammer mobile fix\",\"publisher\":{\"@id\":\"https:\/\/radarservice.eu\/fi\/#organization\"},\"potentialAction\":[{\"@type\":\"SearchAction\",\"target\":{\"@type\":\"EntryPoint\",\"urlTemplate\":\"https:\/\/radarservice.eu\/fi\/?s={search_term_string}\"},\"query-input\":{\"@type\":\"PropertyValueSpecification\",\"valueRequired\":true,\"valueName\":\"search_term_string\"}}],\"inLanguage\":\"fi\"},{\"@type\":\"Organization\",\"@id\":\"https:\/\/radarservice.eu\/fi\/#organization\",\"name\":\"RadarService\",\"url\":\"https:\/\/radarservice.eu\/fi\/\",\"logo\":{\"@type\":\"ImageObject\",\"inLanguage\":\"fi\",\"@id\":\"https:\/\/radarservice.eu\/fi\/#\/schema\/logo\/image\/\",\"url\":\"https:\/\/radarservice.eu\/wp-content\/uploads\/2021\/03\/Radar_detector_service.png\",\"contentUrl\":\"https:\/\/radarservice.eu\/wp-content\/uploads\/2021\/03\/Radar_detector_service.png\",\"width\":174,\"height\":48,\"caption\":\"RadarService\"},\"image\":{\"@id\":\"https:\/\/radarservice.eu\/fi\/#\/schema\/logo\/image\/\"}}]}<\/script>\n<!-- \/ Yoast SEO plugin. -->","yoast_head_json":{"title":"Yleiset k\u00e4ytt\u00f6ehdot | Radar Service","description":"Yleiset k\u00e4ytt\u00f6ehdot | Radar Service","robots":{"index":"noindex","follow":"nofollow"},"og_locale":"fi_FI","og_type":"article","og_title":"Yleiset k\u00e4ytt\u00f6ehdot | Radar Service","og_description":"Yleiset k\u00e4ytt\u00f6ehdot | Radar Service","og_url":"https:\/\/radarservice.eu\/fi\/yleiset-kayttoehdot\/","og_site_name":"Radar Service","article_modified_time":"2022-03-24T10:48:38+00:00","twitter_card":"summary_large_image","twitter_misc":{"Arvioitu lukuaika":"7 minuuttia"},"schema":{"@context":"https:\/\/schema.org","@graph":[{"@type":"WebPage","@id":"https:\/\/radarservice.eu\/fi\/yleiset-kayttoehdot\/","url":"https:\/\/radarservice.eu\/fi\/yleiset-kayttoehdot\/","name":"Yleiset k\u00e4ytt\u00f6ehdot | Radar Service","isPartOf":{"@id":"https:\/\/radarservice.eu\/fi\/#website"},"datePublished":"2022-03-24T10:48:35+00:00","dateModified":"2022-03-24T10:48:38+00:00","description":"Yleiset k\u00e4ytt\u00f6ehdot | Radar Service","inLanguage":"fi","potentialAction":[{"@type":"ReadAction","target":["https:\/\/radarservice.eu\/fi\/yleiset-kayttoehdot\/"]}]},{"@type":"WebSite","@id":"https:\/\/radarservice.eu\/fi\/#website","url":"https:\/\/radarservice.eu\/fi\/","name":"Radar Service","description":"Radar detector Laser jammer mobile fix","publisher":{"@id":"https:\/\/radarservice.eu\/fi\/#organization"},"potentialAction":[{"@type":"SearchAction","target":{"@type":"EntryPoint","urlTemplate":"https:\/\/radarservice.eu\/fi\/?s={search_term_string}"},"query-input":{"@type":"PropertyValueSpecification","valueRequired":true,"valueName":"search_term_string"}}],"inLanguage":"fi"},{"@type":"Organization","@id":"https:\/\/radarservice.eu\/fi\/#organization","name":"RadarService","url":"https:\/\/radarservice.eu\/fi\/","logo":{"@type":"ImageObject","inLanguage":"fi","@id":"https:\/\/radarservice.eu\/fi\/#\/schema\/logo\/image\/","url":"https:\/\/radarservice.eu\/wp-content\/uploads\/2021\/03\/Radar_detector_service.png","contentUrl":"https:\/\/radarservice.eu\/wp-content\/uploads\/2021\/03\/Radar_detector_service.png","width":174,"height":48,"caption":"RadarService"},"image":{"@id":"https:\/\/radarservice.eu\/fi\/#\/schema\/logo\/image\/"}}]}},"_links":{"self":[{"href":"https:\/\/radarservice.eu\/fi\/wp-json\/wp\/v2\/pages\/17699","targetHints":{"allow":["GET"]}}],"collection":[{"href":"https:\/\/radarservice.eu\/fi\/wp-json\/wp\/v2\/pages"}],"about":[{"href":"https:\/\/radarservice.eu\/fi\/wp-json\/wp\/v2\/types\/page"}],"author":[{"embeddable":true,"href":"https:\/\/radarservice.eu\/fi\/wp-json\/wp\/v2\/users\/1"}],"replies":[{"embeddable":true,"href":"https:\/\/radarservice.eu\/fi\/wp-json\/wp\/v2\/comments?post=17699"}],"version-history":[{"count":3,"href":"https:\/\/radarservice.eu\/fi\/wp-json\/wp\/v2\/pages\/17699\/revisions"}],"predecessor-version":[{"id":17702,"href":"https:\/\/radarservice.eu\/fi\/wp-json\/wp\/v2\/pages\/17699\/revisions\/17702"}],"wp:attachment":[{"href":"https:\/\/radarservice.eu\/fi\/wp-json\/wp\/v2\/media?parent=17699"}],"curies":[{"name":"wp","href":"https:\/\/api.w.org\/{rel}","templated":true}]}}