{"id":17594,"date":"2019-07-14T14:26:45","date_gmt":"2019-07-14T12:26:45","guid":{"rendered":"https:\/\/radarservice.eu\/contact\/"},"modified":"2022-04-03T12:27:07","modified_gmt":"2022-04-03T10:27:07","slug":"yhteystiedot","status":"publish","type":"page","link":"https:\/\/radarservice.eu\/fi\/yhteystiedot\/","title":{"rendered":"Yhteystiedot"},"content":{"rendered":"  <div id=\"page-header-1865376220\" class=\"page-header-wrapper\">\n  <div class=\"page-title dark normal-title\">\n\n        <div class=\"page-title-bg\">\n      <div class=\"title-bg fill bg-fill\"\n        data-parallax-container=\".page-title\"\n        data-parallax-background\n        data-parallax=\"-\">\n      <\/div>\n      <div class=\"title-overlay fill\"><\/div>\n    <\/div>\n    \n    <div class=\"page-title-inner container align-center text-center flex-row-col medium-flex-wrap\" >\n              <div class=\"title-wrapper uppercase is-large flex-col\">\n          <h1 class=\"entry-title mb-0\">\n            Yhteystiedot          <\/h1>\n        <\/div>\n                    <div class=\"title-content flex-col\">\n              <\/div>\n    <\/div>\n\n     \n<style>\n#page-header-1865376220 .page-title-inner {\n  min-height: 200px;\n}\n#page-header-1865376220 .title-bg {\n  background-image: url(https:\/\/radarservice.eu\/wp-content\/uploads\/2022\/03\/callcenter-bdl-top.jpg);\n}\n<\/style>\n  <\/div>\n    <\/div>\n  \n\t<div id=\"gap-1723720308\" class=\"gap-element clearfix\" style=\"display:block; height:auto;\">\n\t\t\n<style>\n#gap-1723720308 {\n  padding-top: 40px;\n}\n<\/style>\n\t<\/div>\n\t\n<div class=\"row\"  id=\"row-955521983\">\n\n\t<div id=\"col-2049953746\" class=\"col medium-6 large-6\"  >\n\t\t\t\t<div class=\"col-inner\"  >\n\t\t\t\n\t\t\t\n<div class=\"container section-title-container\" ><h3 class=\"section-title section-title-normal\"><b aria-hidden=\"true\"><\/b><span class=\"section-title-main\" >Usein kysytyt kysymykset<\/span><b aria-hidden=\"true\"><\/b><\/h3><\/div>\n<p class=\"lead\">Useimmin kysytyt kysymykset tilausprosessista<\/p>\n<div class=\"accordion\">\n\t<div id=\"accordion-1036623050\" class=\"accordion-item\">\n\t\t<a id=\"accordion-1036623050-label\" class=\"accordion-title plain\" href=\"#accordion-item-mitk\u00e4-ovat-toimituskulut?\" aria-expanded=\"false\" aria-controls=\"accordion-1036623050-content\">\n\t\t\t<button class=\"toggle\" aria-label=\"Toggle\"><i class=\"icon-angle-down\" aria-hidden=\"true\"><\/i><\/button>\n\t\t\t<span>Mitk\u00e4 ovat toimituskulut?<\/span>\n\t\t<\/a>\n\t\t<div id=\"accordion-1036623050-content\" class=\"accordion-inner\" aria-labelledby=\"accordion-1036623050-label\">\n\t\t\t\n<p>Euroopan sis\u00e4ll\u00e4 toimitamme maksutta yli 150 euron tilaukset. Pikatoimituksesta veloitamme 11,90 euroa.<\/p>\n\t\t<\/div>\n\t<\/div>\n\t\n\t<div id=\"accordion-3912929089\" class=\"accordion-item\">\n\t\t<a id=\"accordion-3912929089-label\" class=\"accordion-title plain\" href=\"#accordion-item-mit\u00e4-maksuvaihtoehtoja-on-saatavilla?\" aria-expanded=\"false\" aria-controls=\"accordion-3912929089-content\">\n\t\t\t<button class=\"toggle\" aria-label=\"Toggle\"><i class=\"icon-angle-down\" aria-hidden=\"true\"><\/i><\/button>\n\t\t\t<span>Mit\u00e4 maksuvaihtoehtoja on saatavilla?<\/span>\n\t\t<\/a>\n\t\t<div id=\"accordion-3912929089-content\" class=\"accordion-inner\" aria-labelledby=\"accordion-3912929089-label\">\n\t\t\t\n<p>Tarjoamme luottokortti-, ennakkomaksu- ja bitcoin-maksua verkkokaupassamme. Paypal ja k\u00e4teismaksu ovat mahdollisia vain puhelimitse tapahtuvan neuvottelun j\u00e4lkeen.<\/p>\n\t\t<\/div>\n\t<\/div>\n\t\n\t<div id=\"accordion-1007351148\" class=\"accordion-item\">\n\t\t<a id=\"accordion-1007351148-label\" class=\"accordion-title plain\" href=\"#accordion-item-kuinka-kauan-toimitus-kest\u00e4\u00e4?\" aria-expanded=\"false\" aria-controls=\"accordion-1007351148-content\">\n\t\t\t<button class=\"toggle\" aria-label=\"Toggle\"><i class=\"icon-angle-down\" aria-hidden=\"true\"><\/i><\/button>\n\t\t\t<span>Kuinka kauan toimitus kest\u00e4\u00e4?<\/span>\n\t\t<\/a>\n\t\t<div id=\"accordion-1007351148-content\" class=\"accordion-inner\" aria-labelledby=\"accordion-1007351148-label\">\n\t\t\t\n<p>Toimitusaika on noin 3 arkip\u00e4iv\u00e4\u00e4 vakiotoimituksissa ja noin 1 arkip\u00e4iv\u00e4 pikatoimituksissa. Pikatoimitus tapahtuu samana arkip\u00e4iv\u00e4n\u00e4, jos tilausprosessi on valmis klo 14.00 menness\u00e4.<\/p>\n\t\t<\/div>\n\t<\/div>\n\t\n\t<div id=\"accordion-2727378411\" class=\"accordion-item\">\n\t\t<a id=\"accordion-2727378411-label\" class=\"accordion-title plain\" href=\"#accordion-item-onko-toimitus-neutraali?\" aria-expanded=\"false\" aria-controls=\"accordion-2727378411-content\">\n\t\t\t<button class=\"toggle\" aria-label=\"Toggle\"><i class=\"icon-angle-down\" aria-hidden=\"true\"><\/i><\/button>\n\t\t\t<span>Onko toimitus neutraali?<\/span>\n\t\t<\/a>\n\t\t<div id=\"accordion-2727378411-content\" class=\"accordion-inner\" aria-labelledby=\"accordion-2727378411-label\">\n\t\t\t\n<p>Toimitamme t\u00e4ysin huomaamattomasti ja neutraaleissa pakkauksissa.\n<\/p>\n\t\t<\/div>\n\t<\/div>\n\t\n\t<div id=\"accordion-3027548632\" class=\"accordion-item\">\n\t\t<a id=\"accordion-3027548632-label\" class=\"accordion-title plain\" href=\"#accordion-item-kuinka-turvassa-kauppa-ja-tietoni-ovat?\" aria-expanded=\"false\" aria-controls=\"accordion-3027548632-content\">\n\t\t\t<button class=\"toggle\" aria-label=\"Toggle\"><i class=\"icon-angle-down\" aria-hidden=\"true\"><\/i><\/button>\n\t\t\t<span>Kuinka turvassa kauppa ja tietoni ovat?<\/span>\n\t\t<\/a>\n\t\t<div id=\"accordion-3027548632-content\" class=\"accordion-inner\" aria-labelledby=\"accordion-3027548632-label\">\n\t\t\t\n<p>Tiedonsiirto on salattu, ja tietoja k\u00e4ytet\u00e4\u00e4n ainoastaan tilausten k\u00e4sittelyyn.\n<\/p>\n\t\t<\/div>\n\t<\/div>\n\t\n\t<div id=\"accordion-2699638026\" class=\"accordion-item\">\n\t\t<a id=\"accordion-2699638026-label\" class=\"accordion-title plain\" href=\"#accordion-item-saanko-laskun-tilauksestani?\" aria-expanded=\"false\" aria-controls=\"accordion-2699638026-content\">\n\t\t\t<button class=\"toggle\" aria-label=\"Toggle\"><i class=\"icon-angle-down\" aria-hidden=\"true\"><\/i><\/button>\n\t\t\t<span>Saanko laskun tilauksestani?<\/span>\n\t\t<\/a>\n\t\t<div id=\"accordion-2699638026-content\" class=\"accordion-inner\" aria-labelledby=\"accordion-2699638026-label\">\n\t\t\t\n<p>Kyll\u00e4, laadimme jokaisesta tilauksesta laskun, joka l\u00e4hetet\u00e4\u00e4n sinulle s\u00e4hk\u00f6postitse.<\/p>\n\t\t<\/div>\n\t<\/div>\n\t\n\t<div id=\"accordion-3753970694\" class=\"accordion-item\">\n\t\t<a id=\"accordion-3753970694-label\" class=\"accordion-title plain\" href=\"#accordion-item-onko-minulla-tavaroille-takuu?\" aria-expanded=\"false\" aria-controls=\"accordion-3753970694-content\">\n\t\t\t<button class=\"toggle\" aria-label=\"Toggle\"><i class=\"icon-angle-down\" aria-hidden=\"true\"><\/i><\/button>\n\t\t\t<span>Onko minulla tavaroille takuu?<\/span>\n\t\t<\/a>\n\t\t<div id=\"accordion-3753970694-content\" class=\"accordion-inner\" aria-labelledby=\"accordion-3753970694-label\">\n\t\t\t\n<p>My\u00f6nn\u00e4mme takuun kaikille tuotteille. Jos kyseess\u00e4 on takuu- tai takuuvaatimus, l\u00e4het\u00e4 meille s\u00e4hk\u00f6postia, jossa on tilausnumerosi\/laskusi numero ja tarvittaessa laitteen sarjanumero.<\/p>\n\t\t<\/div>\n\t<\/div>\n\t\n<\/div>\n\t\t<\/div>\n\t\t\t\t\t<\/div>\n\n\t\n\n\t<div id=\"col-851673760\" class=\"col medium-6 large-6\"  >\n\t\t\t\t<div class=\"col-inner\"  >\n\t\t\t\n\t\t\t\n<div class=\"container section-title-container\" ><h3 class=\"section-title section-title-normal\"><b aria-hidden=\"true\"><\/b><span class=\"section-title-main\" >L\u00e4het\u00e4 meille s\u00e4hk\u00f6postia<\/span><b aria-hidden=\"true\"><\/b><\/h3><\/div>\n\n<div class=\"wpcf7 no-js\" id=\"wpcf7-f17485-o1\" lang=\"fi\" dir=\"ltr\" data-wpcf7-id=\"17485\">\n<div class=\"screen-reader-response\"><p role=\"status\" aria-live=\"polite\" aria-atomic=\"true\"><\/p> <ul><\/ul><\/div>\n<form action=\"\/fi\/wp-json\/wp\/v2\/pages\/17594#wpcf7-f17485-o1\" method=\"post\" class=\"wpcf7-form init\" aria-label=\"Yhteydenottolomake\" novalidate=\"novalidate\" data-status=\"init\">\n<fieldset class=\"hidden-fields-container\"><input type=\"hidden\" name=\"_wpcf7\" value=\"17485\" \/><input type=\"hidden\" name=\"_wpcf7_version\" value=\"6.1.5\" \/><input type=\"hidden\" name=\"_wpcf7_locale\" value=\"fi\" \/><input type=\"hidden\" name=\"_wpcf7_unit_tag\" value=\"wpcf7-f17485-o1\" \/><input type=\"hidden\" name=\"_wpcf7_container_post\" value=\"0\" \/><input type=\"hidden\" name=\"_wpcf7_posted_data_hash\" value=\"\" \/><input type=\"hidden\" name=\"_wpcf7_recaptcha_response\" value=\"\" \/>\n<\/fieldset>\n<p><label> Nimesi (vaaditaan)<br \/>\n<span class=\"wpcf7-form-control-wrap\" data-name=\"your-name\"><input size=\"40\" maxlength=\"400\" class=\"wpcf7-form-control wpcf7-text wpcf7-validates-as-required\" aria-required=\"true\" aria-invalid=\"false\" value=\"\" type=\"text\" name=\"your-name\" \/><\/span> <\/label>\n<\/p>\n<p><label> S\u00e4hk\u00f6postiosoitteesi (vaaditaan)<br \/>\n<span class=\"wpcf7-form-control-wrap\" data-name=\"your-email\"><input size=\"40\" maxlength=\"400\" class=\"wpcf7-form-control wpcf7-email wpcf7-validates-as-required wpcf7-text wpcf7-validates-as-email\" aria-required=\"true\" aria-invalid=\"false\" value=\"\" type=\"email\" name=\"your-email\" \/><\/span> <\/label>\n<\/p>\n<p><label> Aihe (vaaditaan)<br \/>\n<span class=\"wpcf7-form-control-wrap\" data-name=\"your-subject\"><input size=\"40\" maxlength=\"400\" class=\"wpcf7-form-control wpcf7-text wpcf7-validates-as-required\" aria-required=\"true\" aria-invalid=\"false\" value=\"\" type=\"text\" name=\"your-subject\" \/><\/span> <\/label>\n<\/p>\n<p><label> Viestisi<br \/>\n<span class=\"wpcf7-form-control-wrap\" data-name=\"your-message\"><textarea cols=\"40\" rows=\"10\" maxlength=\"2000\" class=\"wpcf7-form-control wpcf7-textarea\" aria-invalid=\"false\" name=\"your-message\"><\/textarea><\/span> <\/label>\n<\/p>\n<p><input class=\"wpcf7-form-control wpcf7-submit has-spinner\" type=\"submit\" value=\"L\u00e4het\u00e4\" \/>\n<\/p><p style=\"display: none !important;\" class=\"akismet-fields-container\" data-prefix=\"_wpcf7_ak_\"><label>&#916;<textarea name=\"_wpcf7_ak_hp_textarea\" cols=\"45\" rows=\"8\" maxlength=\"100\"><\/textarea><\/label><input type=\"hidden\" id=\"ak_js_1\" name=\"_wpcf7_ak_js\" value=\"72\"\/><script>document.getElementById( \"ak_js_1\" ).setAttribute( \"value\", ( new Date() ).getTime() );<\/script><\/p><div class=\"wpcf7-response-output\" aria-hidden=\"true\"><\/div>\n<\/form>\n<\/div>\n\n\t\t<\/div>\n\t\t\t\t\t<\/div>\n\n\t\n<\/div>\n\t<div id=\"text-4117470644\" class=\"text\">\n\t\t\n<p><h3>HOTLINE:<\/h3>\n<h4>Puhelin: <a href=\"tel:00494022859032\">+49 (0)40 \/ 228 590 32<\/a> (Englanti oder saksa)<\/h4>\n<p>Maanantaista perjantaihin<br \/> klo 10-18<\/p>\n<\/p>\n\t\t\n<style>\n#text-4117470644 {\n  font-size: 1.5rem;\n  line-height: 1;\n  text-align: center;\n}\n<\/style>\n\t<\/div>\n\t\n\t<div id=\"gap-1911679287\" class=\"gap-element clearfix\" style=\"display:block; height:auto;\">\n\t\t\n<style>\n#gap-1911679287 {\n  padding-top: 40px;\n}\n<\/style>\n\t<\/div>\n\t\n","protected":false},"excerpt":{"rendered":"","protected":false},"author":1,"featured_media":0,"parent":0,"menu_order":190,"comment_status":"closed","ping_status":"closed","template":"page-blank.php","meta":{"footnotes":""},"class_list":["post-17594","page","type-page","status-publish","hentry"],"yoast_head":"<!-- This site is optimized with the Yoast SEO plugin v27.2 - https:\/\/yoast.com\/product\/yoast-seo-wordpress\/ -->\n<title>Yhteystiedot | Radar Service<\/title>\n<meta name=\"description\" content=\"Yhteystiedot | Radar Service\" \/>\n<meta name=\"robots\" content=\"noindex, nofollow\" \/>\n<meta property=\"og:locale\" content=\"fi_FI\" \/>\n<meta property=\"og:type\" content=\"article\" \/>\n<meta property=\"og:title\" content=\"Yhteystiedot | Radar Service\" \/>\n<meta property=\"og:description\" content=\"Yhteystiedot | Radar Service\" \/>\n<meta property=\"og:url\" content=\"https:\/\/radarservice.eu\/fi\/yhteystiedot\/\" \/>\n<meta property=\"og:site_name\" content=\"Radar Service\" \/>\n<meta property=\"article:modified_time\" content=\"2022-04-03T10:27:07+00:00\" \/>\n<meta name=\"twitter:card\" content=\"summary_large_image\" \/>\n<meta name=\"twitter:label1\" content=\"Arvioitu lukuaika\" \/>\n\t<meta name=\"twitter:data1\" content=\"1 minuutti\" \/>\n<script type=\"application\/ld+json\" class=\"yoast-schema-graph\">{\"@context\":\"https:\/\/schema.org\",\"@graph\":[{\"@type\":\"WebPage\",\"@id\":\"https:\/\/radarservice.eu\/fi\/yhteystiedot\/\",\"url\":\"https:\/\/radarservice.eu\/fi\/yhteystiedot\/\",\"name\":\"Yhteystiedot | Radar Service\",\"isPartOf\":{\"@id\":\"https:\/\/radarservice.eu\/fi\/#website\"},\"datePublished\":\"2019-07-14T12:26:45+00:00\",\"dateModified\":\"2022-04-03T10:27:07+00:00\",\"description\":\"Yhteystiedot | Radar Service\",\"inLanguage\":\"fi\",\"potentialAction\":[{\"@type\":\"ReadAction\",\"target\":[\"https:\/\/radarservice.eu\/fi\/yhteystiedot\/\"]}]},{\"@type\":\"WebSite\",\"@id\":\"https:\/\/radarservice.eu\/fi\/#website\",\"url\":\"https:\/\/radarservice.eu\/fi\/\",\"name\":\"Radar Service\",\"description\":\"Radar detector Laser jammer mobile fix\",\"publisher\":{\"@id\":\"https:\/\/radarservice.eu\/fi\/#organization\"},\"potentialAction\":[{\"@type\":\"SearchAction\",\"target\":{\"@type\":\"EntryPoint\",\"urlTemplate\":\"https:\/\/radarservice.eu\/fi\/?s={search_term_string}\"},\"query-input\":{\"@type\":\"PropertyValueSpecification\",\"valueRequired\":true,\"valueName\":\"search_term_string\"}}],\"inLanguage\":\"fi\"},{\"@type\":\"Organization\",\"@id\":\"https:\/\/radarservice.eu\/fi\/#organization\",\"name\":\"RadarService\",\"url\":\"https:\/\/radarservice.eu\/fi\/\",\"logo\":{\"@type\":\"ImageObject\",\"inLanguage\":\"fi\",\"@id\":\"https:\/\/radarservice.eu\/fi\/#\/schema\/logo\/image\/\",\"url\":\"https:\/\/radarservice.eu\/wp-content\/uploads\/2021\/03\/Radar_detector_service.png\",\"contentUrl\":\"https:\/\/radarservice.eu\/wp-content\/uploads\/2021\/03\/Radar_detector_service.png\",\"width\":174,\"height\":48,\"caption\":\"RadarService\"},\"image\":{\"@id\":\"https:\/\/radarservice.eu\/fi\/#\/schema\/logo\/image\/\"}}]}<\/script>\n<!-- \/ Yoast SEO plugin. -->","yoast_head_json":{"title":"Yhteystiedot | Radar Service","description":"Yhteystiedot | Radar Service","robots":{"index":"noindex","follow":"nofollow"},"og_locale":"fi_FI","og_type":"article","og_title":"Yhteystiedot | Radar Service","og_description":"Yhteystiedot | Radar Service","og_url":"https:\/\/radarservice.eu\/fi\/yhteystiedot\/","og_site_name":"Radar Service","article_modified_time":"2022-04-03T10:27:07+00:00","twitter_card":"summary_large_image","twitter_misc":{"Arvioitu lukuaika":"1 minuutti"},"schema":{"@context":"https:\/\/schema.org","@graph":[{"@type":"WebPage","@id":"https:\/\/radarservice.eu\/fi\/yhteystiedot\/","url":"https:\/\/radarservice.eu\/fi\/yhteystiedot\/","name":"Yhteystiedot | Radar Service","isPartOf":{"@id":"https:\/\/radarservice.eu\/fi\/#website"},"datePublished":"2019-07-14T12:26:45+00:00","dateModified":"2022-04-03T10:27:07+00:00","description":"Yhteystiedot | Radar Service","inLanguage":"fi","potentialAction":[{"@type":"ReadAction","target":["https:\/\/radarservice.eu\/fi\/yhteystiedot\/"]}]},{"@type":"WebSite","@id":"https:\/\/radarservice.eu\/fi\/#website","url":"https:\/\/radarservice.eu\/fi\/","name":"Radar Service","description":"Radar detector Laser jammer mobile fix","publisher":{"@id":"https:\/\/radarservice.eu\/fi\/#organization"},"potentialAction":[{"@type":"SearchAction","target":{"@type":"EntryPoint","urlTemplate":"https:\/\/radarservice.eu\/fi\/?s={search_term_string}"},"query-input":{"@type":"PropertyValueSpecification","valueRequired":true,"valueName":"search_term_string"}}],"inLanguage":"fi"},{"@type":"Organization","@id":"https:\/\/radarservice.eu\/fi\/#organization","name":"RadarService","url":"https:\/\/radarservice.eu\/fi\/","logo":{"@type":"ImageObject","inLanguage":"fi","@id":"https:\/\/radarservice.eu\/fi\/#\/schema\/logo\/image\/","url":"https:\/\/radarservice.eu\/wp-content\/uploads\/2021\/03\/Radar_detector_service.png","contentUrl":"https:\/\/radarservice.eu\/wp-content\/uploads\/2021\/03\/Radar_detector_service.png","width":174,"height":48,"caption":"RadarService"},"image":{"@id":"https:\/\/radarservice.eu\/fi\/#\/schema\/logo\/image\/"}}]}},"_links":{"self":[{"href":"https:\/\/radarservice.eu\/fi\/wp-json\/wp\/v2\/pages\/17594","targetHints":{"allow":["GET"]}}],"collection":[{"href":"https:\/\/radarservice.eu\/fi\/wp-json\/wp\/v2\/pages"}],"about":[{"href":"https:\/\/radarservice.eu\/fi\/wp-json\/wp\/v2\/types\/page"}],"author":[{"embeddable":true,"href":"https:\/\/radarservice.eu\/fi\/wp-json\/wp\/v2\/users\/1"}],"replies":[{"embeddable":true,"href":"https:\/\/radarservice.eu\/fi\/wp-json\/wp\/v2\/comments?post=17594"}],"version-history":[{"count":13,"href":"https:\/\/radarservice.eu\/fi\/wp-json\/wp\/v2\/pages\/17594\/revisions"}],"predecessor-version":[{"id":18363,"href":"https:\/\/radarservice.eu\/fi\/wp-json\/wp\/v2\/pages\/17594\/revisions\/18363"}],"wp:attachment":[{"href":"https:\/\/radarservice.eu\/fi\/wp-json\/wp\/v2\/media?parent=17594"}],"curies":[{"name":"wp","href":"https:\/\/api.w.org\/{rel}","templated":true}]}}