{"id":15123,"date":"2021-03-24T08:40:48","date_gmt":"2021-03-24T07:40:48","guid":{"rendered":"https:\/\/radarservice.eu\/produkt\/detector-de-radares-escort-9500ix-europe\/"},"modified":"2021-03-24T08:40:48","modified_gmt":"2021-03-24T07:40:48","slug":"detector-de-radares-escort-9500ix-europe","status":"publish","type":"product","link":"https:\/\/radarservice.eu\/es\/producto\/detector-de-radares-escort-9500ix-europe\/","title":{"rendered":"Detector de radares Escort 9500iX Europe"},"content":{"rendered":"<p>El detector de radares Escort 9500ix le ofrece una protecci\u00f3n perfecta contra las trampas de velocidad, las mediciones l\u00e1ser y todos los radares fijos de toda Europa. Con el Escort 9500 iX EU la empresa Escort ofrece una alternativa a los conocidos detectores de radar Bel y Valentine One. Gracias a un receptor de radar y l\u00e1ser de nuevo desarrollo en combinaci\u00f3n con el chip GPS integrado, las falsas alarmas pudieron reducirse al m\u00ednimo.<\/p>\n<p\n\n\n<p>El GPS 9500iX no es s\u00f3lo un simple detector de radares por GPS que muestra los radares fijos, sino tambi\u00e9n un detector de radares y l\u00e1seres activos que avisa de los radares m\u00f3viles. Dependiendo del m\u00e9todo de medici\u00f3n y del dispositivo de medici\u00f3n por radar, el Escort 9500 Europe avisa unos 200 &#8211; 500 metros antes de una medici\u00f3n por radar y l\u00e1ser. Estas distancias de preaviso son comparables a las de otros dispositivos de primera l\u00ednea.<\/p>\n<p><p><strong>Presentaci\u00f3n:<\/strong><br \/>\n+ detector de radares m\u00f3vil<br \/>\n+ pantalla de texto de alta resoluci\u00f3n<br \/>\n+ Detecci\u00f3n de 360 \u00b0 grados de todas las fuentes de radar en Europa (banda X \/ K \/ Ka)<br \/>\n+ Aviso de las mediciones del radar<br \/>\n+ Advertencia de las mediciones l\u00e1ser<br \/>\n+ Aviso de radar estacionario<br \/>\n+ Aviso de control de luces rojas<br \/>\n+ Advertencia para las medidas de control de la secci\u00f3n<br \/>\n+ actualizable a trav\u00e9s de la conexi\u00f3n USB<br \/>\n+ La base de datos EUROPA para los radares fijos ya est\u00e1 preinstalada<br \/>\n+ apto para su uso en Europa<br \/>\n+ puntos de peligro propios almacenables<br \/>\n+ Dimensiones (ancho x largo x alto en mm): 70 x 115 x 32<\/p>\n<p><strong>Resumen de frecuencias:<\/strong><br \/>\n+ 10,525-10,575 GHz (Banda X)<br \/>\n+ 24,050-24,250 GHz (Banda K &#8211; SuperWide)<br \/>\nseleccionable en:<br \/>\n+ 24,050-24,110 GHz (Banda K 1)<br \/>\n+ 24,111-24,185 GHz (Banda K 2)<br \/>\n+ 24,186-24,250 GHz (Banda K 3)<br \/>\n+ 33,400-36,000 GHz (Banda KA &#8211; SuperWide)<br \/>\nseleccionable en:<br \/>\n+ 33,720-33,910 GHz (Banda KA 1)<br \/>\n+ 34,200-34,390 GHz (banda KA 2)<br \/>\n+ 34,700-34,790 GHz (banda KA 3)<br \/>\n+ 35,400-35,590 GHz (banda KA 4)<\/p>\n<p><p><strong>Alcance de la entrega:<\/strong><br \/>\n* Detector de radares Escort 9500 iX versi\u00f3n europea<br \/>.<br \/>\n* Caja de viaje<br \/>\n* Soporte para el parabrisas (ventosas)<br \/>\n* Cable de conexi\u00f3n de alimentaci\u00f3n de 12V para el encendedor de cigarrillos<br \/>\n* Manual de instrucciones<\/p>\n<p><strong>Nota:<\/strong> El Escort 9500ix Europe tiene recepci\u00f3n l\u00e1ser, pero para una protecci\u00f3n l\u00e1ser segura recomendamos el uso de un bloqueador l\u00e1ser activo, por ejemplo, Antilaser ALP Priority o Lasertrack Flare.<\/p>\n<p\n\n<\/p>\n","protected":false},"excerpt":{"rendered":"<p>El detector de radares Escort 9500ix le ofrece una protecci\u00f3n perfecta contra las trampas de velocidad, las mediciones l\u00e1ser y todos los radares fijos de toda Europa. Con el Escort 9500 iX EU la empresa Escort ofrece una alternativa a los conocidos detectores de radar Bel y Valentine One. Gracias a un receptor de radar [&#8230;]\n","protected":false},"featured_media":15124,"comment_status":"open","ping_status":"closed","template":"","meta":[],"product_brand":[],"product_cat":[918,988],"product_tag":[1044,1062,901,1060,902,1061],"class_list":{"0":"post-15123","1":"product","2":"type-product","3":"status-publish","4":"has-post-thumbnail","6":"product_cat-detectores-de-radar-moviles","7":"product_cat-escort-es","8":"product_tag-advertencia-laser","9":"product_tag-controles-de-velocidad-fijos-es","10":"product_tag-detector-de-radar","11":"product_tag-escort-9500ix-es","12":"product_tag-europa-es","13":"product_tag-receptor-gps","15":"first","16":"onbackorder","17":"taxable","18":"shipping-taxable","19":"purchasable","20":"product-type-simple"},"yoast_head":"<!-- This site is optimized with the Yoast SEO plugin v27.2 - https:\/\/yoast.com\/product\/yoast-seo-wordpress\/ -->\n<title>Detector de radares Escort 9500iX Europe | Radar Service<\/title>\n<meta name=\"description\" content=\"Detector de radares Escort 9500iX Europe | Radar Service\" \/>\n<meta name=\"robots\" content=\"index, follow, max-snippet:-1, max-image-preview:large, max-video-preview:-1\" \/>\n<link rel=\"canonical\" href=\"https:\/\/radarservice.eu\/es\/producto\/detector-de-radares-escort-9500ix-europe\/\" \/>\n<meta property=\"og:locale\" content=\"es_ES\" \/>\n<meta property=\"og:type\" content=\"article\" \/>\n<meta property=\"og:title\" content=\"Detector de radares Escort 9500iX Europe | Radar Service\" \/>\n<meta property=\"og:description\" content=\"Detector de radares Escort 9500iX Europe | Radar Service\" \/>\n<meta property=\"og:url\" content=\"https:\/\/radarservice.eu\/es\/producto\/detector-de-radares-escort-9500ix-europe\/\" \/>\n<meta property=\"og:site_name\" content=\"Radar Service\" \/>\n<meta property=\"og:image\" content=\"https:\/\/radarservice.eu\/wp-content\/uploads\/2020\/09\/Escort_9500ix_EU_solo.jpg\" \/>\n\t<meta property=\"og:image:width\" content=\"500\" \/>\n\t<meta property=\"og:image:height\" content=\"500\" \/>\n\t<meta property=\"og:image:type\" content=\"image\/jpeg\" \/>\n<meta name=\"twitter:card\" content=\"summary_large_image\" \/>\n<script type=\"application\/ld+json\" class=\"yoast-schema-graph\">{\"@context\":\"https:\/\/schema.org\",\"@graph\":[{\"@type\":\"WebPage\",\"@id\":\"https:\/\/radarservice.eu\/es\/producto\/detector-de-radares-escort-9500ix-europe\/\",\"url\":\"https:\/\/radarservice.eu\/es\/producto\/detector-de-radares-escort-9500ix-europe\/\",\"name\":\"Detector de radares Escort 9500iX Europe | Radar Service\",\"isPartOf\":{\"@id\":\"https:\/\/radarservice.eu\/es\/#website\"},\"primaryImageOfPage\":{\"@id\":\"https:\/\/radarservice.eu\/es\/producto\/detector-de-radares-escort-9500ix-europe\/#primaryimage\"},\"image\":{\"@id\":\"https:\/\/radarservice.eu\/es\/producto\/detector-de-radares-escort-9500ix-europe\/#primaryimage\"},\"thumbnailUrl\":\"https:\/\/radarservice.eu\/wp-content\/uploads\/2020\/09\/Escort_9500ix_EU_solo.jpg\",\"datePublished\":\"2021-03-24T07:40:48+00:00\",\"description\":\"Detector de radares Escort 9500iX Europe | Radar Service\",\"breadcrumb\":{\"@id\":\"https:\/\/radarservice.eu\/es\/producto\/detector-de-radares-escort-9500ix-europe\/#breadcrumb\"},\"inLanguage\":\"es\",\"potentialAction\":[{\"@type\":\"ReadAction\",\"target\":[\"https:\/\/radarservice.eu\/es\/producto\/detector-de-radares-escort-9500ix-europe\/\"]}]},{\"@type\":\"ImageObject\",\"inLanguage\":\"es\",\"@id\":\"https:\/\/radarservice.eu\/es\/producto\/detector-de-radares-escort-9500ix-europe\/#primaryimage\",\"url\":\"https:\/\/radarservice.eu\/wp-content\/uploads\/2020\/09\/Escort_9500ix_EU_solo.jpg\",\"contentUrl\":\"https:\/\/radarservice.eu\/wp-content\/uploads\/2020\/09\/Escort_9500ix_EU_solo.jpg\",\"width\":500,\"height\":500,\"caption\":\"Escort 9500ix Europa\"},{\"@type\":\"BreadcrumbList\",\"@id\":\"https:\/\/radarservice.eu\/es\/producto\/detector-de-radares-escort-9500ix-europe\/#breadcrumb\",\"itemListElement\":[{\"@type\":\"ListItem\",\"position\":1,\"name\":\"Tienda\",\"item\":\"https:\/\/radarservice.eu\/es\/tienda\/\"},{\"@type\":\"ListItem\",\"position\":2,\"name\":\"Detector de radares Escort 9500iX Europe\"}]},{\"@type\":\"WebSite\",\"@id\":\"https:\/\/radarservice.eu\/es\/#website\",\"url\":\"https:\/\/radarservice.eu\/es\/\",\"name\":\"Radar Service\",\"description\":\"Radar detector Laser jammer mobile fix\",\"publisher\":{\"@id\":\"https:\/\/radarservice.eu\/es\/#organization\"},\"potentialAction\":[{\"@type\":\"SearchAction\",\"target\":{\"@type\":\"EntryPoint\",\"urlTemplate\":\"https:\/\/radarservice.eu\/es\/?s={search_term_string}\"},\"query-input\":{\"@type\":\"PropertyValueSpecification\",\"valueRequired\":true,\"valueName\":\"search_term_string\"}}],\"inLanguage\":\"es\"},{\"@type\":\"Organization\",\"@id\":\"https:\/\/radarservice.eu\/es\/#organization\",\"name\":\"RadarService\",\"url\":\"https:\/\/radarservice.eu\/es\/\",\"logo\":{\"@type\":\"ImageObject\",\"inLanguage\":\"es\",\"@id\":\"https:\/\/radarservice.eu\/es\/#\/schema\/logo\/image\/\",\"url\":\"https:\/\/radarservice.eu\/wp-content\/uploads\/2021\/03\/Radar_detector_service.png\",\"contentUrl\":\"https:\/\/radarservice.eu\/wp-content\/uploads\/2021\/03\/Radar_detector_service.png\",\"width\":174,\"height\":48,\"caption\":\"RadarService\"},\"image\":{\"@id\":\"https:\/\/radarservice.eu\/es\/#\/schema\/logo\/image\/\"}}]}<\/script>\n<!-- \/ Yoast SEO plugin. -->","yoast_head_json":{"title":"Detector de radares Escort 9500iX Europe | Radar Service","description":"Detector de radares Escort 9500iX Europe | Radar Service","robots":{"index":"index","follow":"follow","max-snippet":"max-snippet:-1","max-image-preview":"max-image-preview:large","max-video-preview":"max-video-preview:-1"},"canonical":"https:\/\/radarservice.eu\/es\/producto\/detector-de-radares-escort-9500ix-europe\/","og_locale":"es_ES","og_type":"article","og_title":"Detector de radares Escort 9500iX Europe | Radar Service","og_description":"Detector de radares Escort 9500iX Europe | Radar Service","og_url":"https:\/\/radarservice.eu\/es\/producto\/detector-de-radares-escort-9500ix-europe\/","og_site_name":"Radar Service","og_image":[{"width":500,"height":500,"url":"https:\/\/radarservice.eu\/wp-content\/uploads\/2020\/09\/Escort_9500ix_EU_solo.jpg","type":"image\/jpeg"}],"twitter_card":"summary_large_image","schema":{"@context":"https:\/\/schema.org","@graph":[{"@type":"WebPage","@id":"https:\/\/radarservice.eu\/es\/producto\/detector-de-radares-escort-9500ix-europe\/","url":"https:\/\/radarservice.eu\/es\/producto\/detector-de-radares-escort-9500ix-europe\/","name":"Detector de radares Escort 9500iX Europe | Radar Service","isPartOf":{"@id":"https:\/\/radarservice.eu\/es\/#website"},"primaryImageOfPage":{"@id":"https:\/\/radarservice.eu\/es\/producto\/detector-de-radares-escort-9500ix-europe\/#primaryimage"},"image":{"@id":"https:\/\/radarservice.eu\/es\/producto\/detector-de-radares-escort-9500ix-europe\/#primaryimage"},"thumbnailUrl":"https:\/\/radarservice.eu\/wp-content\/uploads\/2020\/09\/Escort_9500ix_EU_solo.jpg","datePublished":"2021-03-24T07:40:48+00:00","description":"Detector de radares Escort 9500iX Europe | Radar Service","breadcrumb":{"@id":"https:\/\/radarservice.eu\/es\/producto\/detector-de-radares-escort-9500ix-europe\/#breadcrumb"},"inLanguage":"es","potentialAction":[{"@type":"ReadAction","target":["https:\/\/radarservice.eu\/es\/producto\/detector-de-radares-escort-9500ix-europe\/"]}]},{"@type":"ImageObject","inLanguage":"es","@id":"https:\/\/radarservice.eu\/es\/producto\/detector-de-radares-escort-9500ix-europe\/#primaryimage","url":"https:\/\/radarservice.eu\/wp-content\/uploads\/2020\/09\/Escort_9500ix_EU_solo.jpg","contentUrl":"https:\/\/radarservice.eu\/wp-content\/uploads\/2020\/09\/Escort_9500ix_EU_solo.jpg","width":500,"height":500,"caption":"Escort 9500ix Europa"},{"@type":"BreadcrumbList","@id":"https:\/\/radarservice.eu\/es\/producto\/detector-de-radares-escort-9500ix-europe\/#breadcrumb","itemListElement":[{"@type":"ListItem","position":1,"name":"Tienda","item":"https:\/\/radarservice.eu\/es\/tienda\/"},{"@type":"ListItem","position":2,"name":"Detector de radares Escort 9500iX Europe"}]},{"@type":"WebSite","@id":"https:\/\/radarservice.eu\/es\/#website","url":"https:\/\/radarservice.eu\/es\/","name":"Radar Service","description":"Radar detector Laser jammer mobile fix","publisher":{"@id":"https:\/\/radarservice.eu\/es\/#organization"},"potentialAction":[{"@type":"SearchAction","target":{"@type":"EntryPoint","urlTemplate":"https:\/\/radarservice.eu\/es\/?s={search_term_string}"},"query-input":{"@type":"PropertyValueSpecification","valueRequired":true,"valueName":"search_term_string"}}],"inLanguage":"es"},{"@type":"Organization","@id":"https:\/\/radarservice.eu\/es\/#organization","name":"RadarService","url":"https:\/\/radarservice.eu\/es\/","logo":{"@type":"ImageObject","inLanguage":"es","@id":"https:\/\/radarservice.eu\/es\/#\/schema\/logo\/image\/","url":"https:\/\/radarservice.eu\/wp-content\/uploads\/2021\/03\/Radar_detector_service.png","contentUrl":"https:\/\/radarservice.eu\/wp-content\/uploads\/2021\/03\/Radar_detector_service.png","width":174,"height":48,"caption":"RadarService"},"image":{"@id":"https:\/\/radarservice.eu\/es\/#\/schema\/logo\/image\/"}}]}},"_links":{"self":[{"href":"https:\/\/radarservice.eu\/es\/wp-json\/wp\/v2\/product\/15123","targetHints":{"allow":["GET"]}}],"collection":[{"href":"https:\/\/radarservice.eu\/es\/wp-json\/wp\/v2\/product"}],"about":[{"href":"https:\/\/radarservice.eu\/es\/wp-json\/wp\/v2\/types\/product"}],"replies":[{"embeddable":true,"href":"https:\/\/radarservice.eu\/es\/wp-json\/wp\/v2\/comments?post=15123"}],"wp:featuredmedia":[{"embeddable":true,"href":"https:\/\/radarservice.eu\/es\/wp-json\/wp\/v2\/media\/15124"}],"wp:attachment":[{"href":"https:\/\/radarservice.eu\/es\/wp-json\/wp\/v2\/media?parent=15123"}],"wp:term":[{"taxonomy":"product_brand","embeddable":true,"href":"https:\/\/radarservice.eu\/es\/wp-json\/wp\/v2\/product_brand?post=15123"},{"taxonomy":"product_cat","embeddable":true,"href":"https:\/\/radarservice.eu\/es\/wp-json\/wp\/v2\/product_cat?post=15123"},{"taxonomy":"product_tag","embeddable":true,"href":"https:\/\/radarservice.eu\/es\/wp-json\/wp\/v2\/product_tag?post=15123"}],"curies":[{"name":"wp","href":"https:\/\/api.w.org\/{rel}","templated":true}]}}