{"id":15119,"date":"2021-03-24T08:38:54","date_gmt":"2021-03-24T07:38:54","guid":{"rendered":"https:\/\/radarservice.eu\/produkt\/genevo-one-s-avisador-de-radar\/"},"modified":"2021-03-24T08:38:54","modified_gmt":"2021-03-24T07:38:54","slug":"genevo-one-s-avisador-de-radar","status":"publish","type":"product","link":"https:\/\/radarservice.eu\/es\/producto\/genevo-one-s-avisador-de-radar\/","title":{"rendered":"Genevo One S  Avisador de radar"},"content":{"rendered":"<p>El detector de radares Genevo One S es perfectamente adecuado para el uso de detectores de radares m\u00f3viles.<br \/>\nEl Genevo One ofrece una muy buena antelaci\u00f3n de las mediciones de velocidad m\u00f3viles, as\u00ed como un aviso a nivel europeo de los radares fijos.<\/p>\n<p\n\n\n<p>El Genevo S informa de los controles de velocidad tanto en la pantalla como mediante un anuncio de voz en alem\u00e1n. El conductor recibe informaci\u00f3n detallada sobre el sistema detectado<br \/>\ntrampa de radar, aviso de PDI o medici\u00f3n l\u00e1ser. En el caso de la detecci\u00f3n por radar, tambi\u00e9n se muestra la intensidad de la se\u00f1al mediante un pitido para indicar la distancia a la trampa del radar.<\/p>\n<p><p>El usuario tambi\u00e9n puede guardar o eliminar sus propias ubicaciones GPS (POI) para que se emita un aviso sonoro en estos lugares si as\u00ed lo desea.<\/p>\n<p\n\n\n<p>El G1 se puede programar a voluntad mediante un men\u00fa alem\u00e1n, lo que permite adaptarlo a las necesidades y deseos particulares del cliente.<\/p>\n<p><p><strong>Presentaci\u00f3n:<\/strong><br \/>\n+ el detector de radar m\u00f3vil m\u00e1s compacto con antena de radar para radares m\u00f3viles as\u00ed como tecnolog\u00eda GPS<br \/>.<br \/>\n+ Detecci\u00f3n de 360 \u00b0 grados de todas las fuentes de radar en Europa (banda X \/ K \/ Ka)<br \/>\n+ Advertencia de las mediciones l\u00e1ser<br \/>\n+ Aviso de radar estacionario<br \/>\n+ Aviso de control de luces rojas<br \/>\n+ Advertencia para las medidas de control de la secci\u00f3n<br \/>\n+ Posibilidades de configuraci\u00f3n mediante el men\u00fa alem\u00e1n<br \/>\n+ actualizable mediante conexi\u00f3n USB<br \/> + base de datos EUROPA para radares fijos<br \/>\n+ La base de datos EUROPA para los radares fijos ya est\u00e1 preinstalada<br \/>\n+ se\u00f1ales de alarma y ajustes completamente en alem\u00e1n<br \/>\n+ apto para su uso en Alemania, Austria, Suiza y Europa Occidental<br \/>\n+ puntos de peligro propios almacenables<\/p>\n<p><strong>Alcance del suministro:<\/strong><br \/>\n* Detector de radares Genevo One S con receptor GPS integrado<br \/>.<br \/>\n* Base de datos de la UE preinstalada para toda Europa<br \/>\n* Accesorios para el montaje en el parabrisas (ventosas)<br \/>\n* Fuente de alimentaci\u00f3n de 12V con conexi\u00f3n al mechero<br \/>\n* Instrucciones de uso en alem\u00e1n.<br \/>\n* 24 meses de garant\u00eda<\/p>\n<p><strong>Nota:<\/strong> El Genevo One tiene recepci\u00f3n l\u00e1ser, pero para una protecci\u00f3n l\u00e1ser segura recomendamos el uso de un bloqueador l\u00e1ser activo, por ejemplo, Antilaser ALP Priority o Lasertrack Flare.<\/p>\n<p\n\n<\/p>\n","protected":false},"excerpt":{"rendered":"<p>El detector de radares Genevo One S es perfectamente adecuado para el uso de detectores de radares m\u00f3viles. El Genevo One ofrece una muy buena antelaci\u00f3n de las mediciones de velocidad m\u00f3viles, as\u00ed como un aviso a nivel europeo de los radares fijos.<\/p>\n","protected":false},"featured_media":15122,"comment_status":"open","ping_status":"closed","template":"","meta":[],"product_brand":[],"product_cat":[918,899],"product_tag":[901,989,902,1058,1057,1059],"class_list":{"0":"post-15119","1":"product","2":"type-product","3":"status-publish","4":"has-post-thumbnail","6":"product_cat-detectores-de-radar-moviles","7":"product_cat-genevo-es","8":"product_tag-detector-de-radar","9":"product_tag-detector-de-radar-movil","10":"product_tag-europa-es","11":"product_tag-g1-es","12":"product_tag-genevo-one-es","13":"product_tag-genevo-one-s-es","15":"first","16":"instock","17":"taxable","18":"shipping-taxable","19":"purchasable","20":"product-type-simple"},"yoast_head":"<!-- This site is optimized with the Yoast SEO plugin v27.2 - https:\/\/yoast.com\/product\/yoast-seo-wordpress\/ -->\n<title>Genevo One S Avisador de radar | Radar Service<\/title>\n<meta name=\"description\" content=\"Genevo One S Avisador de radar | Radar Service\" \/>\n<meta name=\"robots\" content=\"index, follow, max-snippet:-1, max-image-preview:large, max-video-preview:-1\" \/>\n<link rel=\"canonical\" href=\"https:\/\/radarservice.eu\/es\/producto\/genevo-one-s-avisador-de-radar\/\" \/>\n<meta property=\"og:locale\" content=\"es_ES\" \/>\n<meta property=\"og:type\" content=\"article\" \/>\n<meta property=\"og:title\" content=\"Genevo One S Avisador de radar | Radar Service\" \/>\n<meta property=\"og:description\" content=\"Genevo One S Avisador de radar | Radar Service\" \/>\n<meta property=\"og:url\" content=\"https:\/\/radarservice.eu\/es\/producto\/genevo-one-s-avisador-de-radar\/\" \/>\n<meta property=\"og:site_name\" content=\"Radar Service\" \/>\n<meta property=\"og:image\" content=\"https:\/\/radarservice.eu\/wp-content\/uploads\/2020\/09\/Genevo_One_S_Packung.jpg\" \/>\n\t<meta property=\"og:image:width\" content=\"1600\" \/>\n\t<meta property=\"og:image:height\" content=\"1031\" \/>\n\t<meta property=\"og:image:type\" content=\"image\/jpeg\" \/>\n<meta name=\"twitter:card\" content=\"summary_large_image\" \/>\n<script type=\"application\/ld+json\" class=\"yoast-schema-graph\">{\"@context\":\"https:\/\/schema.org\",\"@graph\":[{\"@type\":\"WebPage\",\"@id\":\"https:\/\/radarservice.eu\/es\/producto\/genevo-one-s-avisador-de-radar\/\",\"url\":\"https:\/\/radarservice.eu\/es\/producto\/genevo-one-s-avisador-de-radar\/\",\"name\":\"Genevo One S Avisador de radar | Radar Service\",\"isPartOf\":{\"@id\":\"https:\/\/radarservice.eu\/es\/#website\"},\"primaryImageOfPage\":{\"@id\":\"https:\/\/radarservice.eu\/es\/producto\/genevo-one-s-avisador-de-radar\/#primaryimage\"},\"image\":{\"@id\":\"https:\/\/radarservice.eu\/es\/producto\/genevo-one-s-avisador-de-radar\/#primaryimage\"},\"thumbnailUrl\":\"https:\/\/radarservice.eu\/wp-content\/uploads\/2020\/09\/Genevo_One_S_Packung.jpg\",\"datePublished\":\"2021-03-24T07:38:54+00:00\",\"description\":\"Genevo One S Avisador de radar | Radar Service\",\"breadcrumb\":{\"@id\":\"https:\/\/radarservice.eu\/es\/producto\/genevo-one-s-avisador-de-radar\/#breadcrumb\"},\"inLanguage\":\"es\",\"potentialAction\":[{\"@type\":\"ReadAction\",\"target\":[\"https:\/\/radarservice.eu\/es\/producto\/genevo-one-s-avisador-de-radar\/\"]}]},{\"@type\":\"ImageObject\",\"inLanguage\":\"es\",\"@id\":\"https:\/\/radarservice.eu\/es\/producto\/genevo-one-s-avisador-de-radar\/#primaryimage\",\"url\":\"https:\/\/radarservice.eu\/wp-content\/uploads\/2020\/09\/Genevo_One_S_Packung.jpg\",\"contentUrl\":\"https:\/\/radarservice.eu\/wp-content\/uploads\/2020\/09\/Genevo_One_S_Packung.jpg\",\"width\":1600,\"height\":1031,\"caption\":\"Paquete Genevo One S\"},{\"@type\":\"BreadcrumbList\",\"@id\":\"https:\/\/radarservice.eu\/es\/producto\/genevo-one-s-avisador-de-radar\/#breadcrumb\",\"itemListElement\":[{\"@type\":\"ListItem\",\"position\":1,\"name\":\"Tienda\",\"item\":\"https:\/\/radarservice.eu\/es\/tienda\/\"},{\"@type\":\"ListItem\",\"position\":2,\"name\":\"Genevo One S Avisador de radar\"}]},{\"@type\":\"WebSite\",\"@id\":\"https:\/\/radarservice.eu\/es\/#website\",\"url\":\"https:\/\/radarservice.eu\/es\/\",\"name\":\"Radar Service\",\"description\":\"Radar detector Laser jammer mobile fix\",\"publisher\":{\"@id\":\"https:\/\/radarservice.eu\/es\/#organization\"},\"potentialAction\":[{\"@type\":\"SearchAction\",\"target\":{\"@type\":\"EntryPoint\",\"urlTemplate\":\"https:\/\/radarservice.eu\/es\/?s={search_term_string}\"},\"query-input\":{\"@type\":\"PropertyValueSpecification\",\"valueRequired\":true,\"valueName\":\"search_term_string\"}}],\"inLanguage\":\"es\"},{\"@type\":\"Organization\",\"@id\":\"https:\/\/radarservice.eu\/es\/#organization\",\"name\":\"RadarService\",\"url\":\"https:\/\/radarservice.eu\/es\/\",\"logo\":{\"@type\":\"ImageObject\",\"inLanguage\":\"es\",\"@id\":\"https:\/\/radarservice.eu\/es\/#\/schema\/logo\/image\/\",\"url\":\"https:\/\/radarservice.eu\/wp-content\/uploads\/2021\/03\/Radar_detector_service.png\",\"contentUrl\":\"https:\/\/radarservice.eu\/wp-content\/uploads\/2021\/03\/Radar_detector_service.png\",\"width\":174,\"height\":48,\"caption\":\"RadarService\"},\"image\":{\"@id\":\"https:\/\/radarservice.eu\/es\/#\/schema\/logo\/image\/\"}}]}<\/script>\n<!-- \/ Yoast SEO plugin. -->","yoast_head_json":{"title":"Genevo One S Avisador de radar | Radar Service","description":"Genevo One S Avisador de radar | Radar Service","robots":{"index":"index","follow":"follow","max-snippet":"max-snippet:-1","max-image-preview":"max-image-preview:large","max-video-preview":"max-video-preview:-1"},"canonical":"https:\/\/radarservice.eu\/es\/producto\/genevo-one-s-avisador-de-radar\/","og_locale":"es_ES","og_type":"article","og_title":"Genevo One S Avisador de radar | Radar Service","og_description":"Genevo One S Avisador de radar | Radar Service","og_url":"https:\/\/radarservice.eu\/es\/producto\/genevo-one-s-avisador-de-radar\/","og_site_name":"Radar Service","og_image":[{"width":1600,"height":1031,"url":"https:\/\/radarservice.eu\/wp-content\/uploads\/2020\/09\/Genevo_One_S_Packung.jpg","type":"image\/jpeg"}],"twitter_card":"summary_large_image","schema":{"@context":"https:\/\/schema.org","@graph":[{"@type":"WebPage","@id":"https:\/\/radarservice.eu\/es\/producto\/genevo-one-s-avisador-de-radar\/","url":"https:\/\/radarservice.eu\/es\/producto\/genevo-one-s-avisador-de-radar\/","name":"Genevo One S Avisador de radar | Radar Service","isPartOf":{"@id":"https:\/\/radarservice.eu\/es\/#website"},"primaryImageOfPage":{"@id":"https:\/\/radarservice.eu\/es\/producto\/genevo-one-s-avisador-de-radar\/#primaryimage"},"image":{"@id":"https:\/\/radarservice.eu\/es\/producto\/genevo-one-s-avisador-de-radar\/#primaryimage"},"thumbnailUrl":"https:\/\/radarservice.eu\/wp-content\/uploads\/2020\/09\/Genevo_One_S_Packung.jpg","datePublished":"2021-03-24T07:38:54+00:00","description":"Genevo One S Avisador de radar | Radar Service","breadcrumb":{"@id":"https:\/\/radarservice.eu\/es\/producto\/genevo-one-s-avisador-de-radar\/#breadcrumb"},"inLanguage":"es","potentialAction":[{"@type":"ReadAction","target":["https:\/\/radarservice.eu\/es\/producto\/genevo-one-s-avisador-de-radar\/"]}]},{"@type":"ImageObject","inLanguage":"es","@id":"https:\/\/radarservice.eu\/es\/producto\/genevo-one-s-avisador-de-radar\/#primaryimage","url":"https:\/\/radarservice.eu\/wp-content\/uploads\/2020\/09\/Genevo_One_S_Packung.jpg","contentUrl":"https:\/\/radarservice.eu\/wp-content\/uploads\/2020\/09\/Genevo_One_S_Packung.jpg","width":1600,"height":1031,"caption":"Paquete Genevo One S"},{"@type":"BreadcrumbList","@id":"https:\/\/radarservice.eu\/es\/producto\/genevo-one-s-avisador-de-radar\/#breadcrumb","itemListElement":[{"@type":"ListItem","position":1,"name":"Tienda","item":"https:\/\/radarservice.eu\/es\/tienda\/"},{"@type":"ListItem","position":2,"name":"Genevo One S Avisador de radar"}]},{"@type":"WebSite","@id":"https:\/\/radarservice.eu\/es\/#website","url":"https:\/\/radarservice.eu\/es\/","name":"Radar Service","description":"Radar detector Laser jammer mobile fix","publisher":{"@id":"https:\/\/radarservice.eu\/es\/#organization"},"potentialAction":[{"@type":"SearchAction","target":{"@type":"EntryPoint","urlTemplate":"https:\/\/radarservice.eu\/es\/?s={search_term_string}"},"query-input":{"@type":"PropertyValueSpecification","valueRequired":true,"valueName":"search_term_string"}}],"inLanguage":"es"},{"@type":"Organization","@id":"https:\/\/radarservice.eu\/es\/#organization","name":"RadarService","url":"https:\/\/radarservice.eu\/es\/","logo":{"@type":"ImageObject","inLanguage":"es","@id":"https:\/\/radarservice.eu\/es\/#\/schema\/logo\/image\/","url":"https:\/\/radarservice.eu\/wp-content\/uploads\/2021\/03\/Radar_detector_service.png","contentUrl":"https:\/\/radarservice.eu\/wp-content\/uploads\/2021\/03\/Radar_detector_service.png","width":174,"height":48,"caption":"RadarService"},"image":{"@id":"https:\/\/radarservice.eu\/es\/#\/schema\/logo\/image\/"}}]}},"_links":{"self":[{"href":"https:\/\/radarservice.eu\/es\/wp-json\/wp\/v2\/product\/15119","targetHints":{"allow":["GET"]}}],"collection":[{"href":"https:\/\/radarservice.eu\/es\/wp-json\/wp\/v2\/product"}],"about":[{"href":"https:\/\/radarservice.eu\/es\/wp-json\/wp\/v2\/types\/product"}],"replies":[{"embeddable":true,"href":"https:\/\/radarservice.eu\/es\/wp-json\/wp\/v2\/comments?post=15119"}],"wp:featuredmedia":[{"embeddable":true,"href":"https:\/\/radarservice.eu\/es\/wp-json\/wp\/v2\/media\/15122"}],"wp:attachment":[{"href":"https:\/\/radarservice.eu\/es\/wp-json\/wp\/v2\/media?parent=15119"}],"wp:term":[{"taxonomy":"product_brand","embeddable":true,"href":"https:\/\/radarservice.eu\/es\/wp-json\/wp\/v2\/product_brand?post=15119"},{"taxonomy":"product_cat","embeddable":true,"href":"https:\/\/radarservice.eu\/es\/wp-json\/wp\/v2\/product_cat?post=15119"},{"taxonomy":"product_tag","embeddable":true,"href":"https:\/\/radarservice.eu\/es\/wp-json\/wp\/v2\/product_tag?post=15119"}],"curies":[{"name":"wp","href":"https:\/\/api.w.org\/{rel}","templated":true}]}}