{"id":15116,"date":"2021-03-24T08:36:51","date_gmt":"2021-03-24T07:36:51","guid":{"rendered":"https:\/\/radarservice.eu\/produkt\/alp-connect-al-priority-bluetooth-modul\/"},"modified":"2021-03-24T08:36:51","modified_gmt":"2021-03-24T07:36:51","slug":"alp-connect-al-priority-bluetooth-modul","status":"publish","type":"product","link":"https:\/\/radarservice.eu\/es\/producto\/alp-connect-al-priority-bluetooth-modul\/","title":{"rendered":"ALP Connect &#8211; AL Priority Bluetooth Modul"},"content":{"rendered":"<p>Con el m\u00f3dulo ALP Connect Bluetooth, el sistema antil\u00e1ser ALP puede manejarse a trav\u00e9s de una aplicaci\u00f3n de smartphone (iPhone+Android). <br \/>Con la aplicaci\u00f3n, se muestran avisos detallados en la pantalla del smartphone y se pueden seleccionar varios modos de funcionamiento preconfigurados a trav\u00e9s de la pantalla del smartphone. <br \/>Esto hace posible una instalaci\u00f3n completamente invisible, el panel de control real del Antilaser puede instalarse completamente oculto detr\u00e1s de la consola del veh\u00edculo.<\/p>\n<p>\n","protected":false},"excerpt":{"rendered":"<p>Con el m\u00f3dulo ALP Connect Bluetooth, el sistema antil\u00e1ser ALP puede manejarse a trav\u00e9s de una aplicaci\u00f3n de smartphone (iPhone+Android). Con la aplicaci\u00f3n, se muestran avisos detallados en la pantalla del smartphone y se pueden seleccionar varios modos de funcionamiento preconfigurados a trav\u00e9s de la pantalla del smartphone. Esto hace posible una instalaci\u00f3n completamente invisible, [&#8230;]\n","protected":false},"featured_media":15118,"comment_status":"open","ping_status":"closed","template":"","meta":[],"product_brand":[],"product_cat":[1029,913],"product_tag":[951,1053,1056,941,1055,1054],"class_list":{"0":"post-15116","1":"product","2":"type-product","3":"status-publish","4":"has-post-thumbnail","6":"product_cat-accesorios","7":"product_cat-antilaser-es","8":"product_tag-al-priority-es","9":"product_tag-alp-connect-es","10":"product_tag-android-es","11":"product_tag-anti-laser","12":"product_tag-iphone-es","13":"product_tag-modulo-bluetooth-es","15":"first","16":"instock","17":"taxable","18":"shipping-taxable","19":"purchasable","20":"product-type-simple"},"yoast_head":"<!-- This site is optimized with the Yoast SEO plugin v27.2 - https:\/\/yoast.com\/product\/yoast-seo-wordpress\/ -->\n<title>ALP Connect - AL Priority Bluetooth Modul | Radar Service<\/title>\n<meta name=\"description\" content=\"Con el m\u00f3dulo Bluetooth Antilaser ALP Connect, el sistema ALP Antilaser puede manejarse a trav\u00e9s de una aplicaci\u00f3n para smartphones iPhone o Android.\" \/>\n<meta name=\"robots\" content=\"index, follow, max-snippet:-1, max-image-preview:large, max-video-preview:-1\" \/>\n<link rel=\"canonical\" href=\"https:\/\/radarservice.eu\/es\/producto\/alp-connect-al-priority-bluetooth-modul\/\" \/>\n<meta property=\"og:locale\" content=\"es_ES\" \/>\n<meta property=\"og:type\" content=\"article\" \/>\n<meta property=\"og:title\" content=\"ALP Connect - AL Priority Bluetooth Modul | Radar Service\" \/>\n<meta property=\"og:description\" content=\"Con el m\u00f3dulo Bluetooth Antilaser ALP Connect, el sistema ALP Antilaser puede manejarse a trav\u00e9s de una aplicaci\u00f3n para smartphones iPhone o Android.\" \/>\n<meta property=\"og:url\" content=\"https:\/\/radarservice.eu\/es\/producto\/alp-connect-al-priority-bluetooth-modul\/\" \/>\n<meta property=\"og:site_name\" content=\"Radar Service\" \/>\n<meta property=\"og:image\" content=\"https:\/\/radarservice.eu\/wp-content\/uploads\/2020\/09\/antilaser_alp_bluetooth.png\" \/>\n\t<meta property=\"og:image:width\" content=\"720\" \/>\n\t<meta property=\"og:image:height\" content=\"900\" \/>\n\t<meta property=\"og:image:type\" content=\"image\/png\" \/>\n<meta name=\"twitter:card\" content=\"summary_large_image\" \/>\n<script type=\"application\/ld+json\" class=\"yoast-schema-graph\">{\"@context\":\"https:\/\/schema.org\",\"@graph\":[{\"@type\":\"WebPage\",\"@id\":\"https:\/\/radarservice.eu\/es\/producto\/alp-connect-al-priority-bluetooth-modul\/\",\"url\":\"https:\/\/radarservice.eu\/es\/producto\/alp-connect-al-priority-bluetooth-modul\/\",\"name\":\"ALP Connect - AL Priority Bluetooth Modul | Radar Service\",\"isPartOf\":{\"@id\":\"https:\/\/radarservice.eu\/es\/#website\"},\"primaryImageOfPage\":{\"@id\":\"https:\/\/radarservice.eu\/es\/producto\/alp-connect-al-priority-bluetooth-modul\/#primaryimage\"},\"image\":{\"@id\":\"https:\/\/radarservice.eu\/es\/producto\/alp-connect-al-priority-bluetooth-modul\/#primaryimage\"},\"thumbnailUrl\":\"https:\/\/radarservice.eu\/wp-content\/uploads\/2020\/09\/antilaser_alp_bluetooth.png\",\"datePublished\":\"2021-03-24T07:36:51+00:00\",\"description\":\"Con el m\u00f3dulo Bluetooth Antilaser ALP Connect, el sistema ALP Antilaser puede manejarse a trav\u00e9s de una aplicaci\u00f3n para smartphones iPhone o Android.\",\"breadcrumb\":{\"@id\":\"https:\/\/radarservice.eu\/es\/producto\/alp-connect-al-priority-bluetooth-modul\/#breadcrumb\"},\"inLanguage\":\"es\",\"potentialAction\":[{\"@type\":\"ReadAction\",\"target\":[\"https:\/\/radarservice.eu\/es\/producto\/alp-connect-al-priority-bluetooth-modul\/\"]}]},{\"@type\":\"ImageObject\",\"inLanguage\":\"es\",\"@id\":\"https:\/\/radarservice.eu\/es\/producto\/alp-connect-al-priority-bluetooth-modul\/#primaryimage\",\"url\":\"https:\/\/radarservice.eu\/wp-content\/uploads\/2020\/09\/antilaser_alp_bluetooth.png\",\"contentUrl\":\"https:\/\/radarservice.eu\/wp-content\/uploads\/2020\/09\/antilaser_alp_bluetooth.png\",\"width\":720,\"height\":900,\"caption\":\"Antilaser ALP Bluetooth\"},{\"@type\":\"BreadcrumbList\",\"@id\":\"https:\/\/radarservice.eu\/es\/producto\/alp-connect-al-priority-bluetooth-modul\/#breadcrumb\",\"itemListElement\":[{\"@type\":\"ListItem\",\"position\":1,\"name\":\"Tienda\",\"item\":\"https:\/\/radarservice.eu\/es\/tienda\/\"},{\"@type\":\"ListItem\",\"position\":2,\"name\":\"ALP Connect &#8211; AL Priority Bluetooth Modul\"}]},{\"@type\":\"WebSite\",\"@id\":\"https:\/\/radarservice.eu\/es\/#website\",\"url\":\"https:\/\/radarservice.eu\/es\/\",\"name\":\"Radar Service\",\"description\":\"Radar detector Laser jammer mobile fix\",\"publisher\":{\"@id\":\"https:\/\/radarservice.eu\/es\/#organization\"},\"potentialAction\":[{\"@type\":\"SearchAction\",\"target\":{\"@type\":\"EntryPoint\",\"urlTemplate\":\"https:\/\/radarservice.eu\/es\/?s={search_term_string}\"},\"query-input\":{\"@type\":\"PropertyValueSpecification\",\"valueRequired\":true,\"valueName\":\"search_term_string\"}}],\"inLanguage\":\"es\"},{\"@type\":\"Organization\",\"@id\":\"https:\/\/radarservice.eu\/es\/#organization\",\"name\":\"RadarService\",\"url\":\"https:\/\/radarservice.eu\/es\/\",\"logo\":{\"@type\":\"ImageObject\",\"inLanguage\":\"es\",\"@id\":\"https:\/\/radarservice.eu\/es\/#\/schema\/logo\/image\/\",\"url\":\"https:\/\/radarservice.eu\/wp-content\/uploads\/2021\/03\/Radar_detector_service.png\",\"contentUrl\":\"https:\/\/radarservice.eu\/wp-content\/uploads\/2021\/03\/Radar_detector_service.png\",\"width\":174,\"height\":48,\"caption\":\"RadarService\"},\"image\":{\"@id\":\"https:\/\/radarservice.eu\/es\/#\/schema\/logo\/image\/\"}}]}<\/script>\n<!-- \/ Yoast SEO plugin. -->","yoast_head_json":{"title":"ALP Connect - AL Priority Bluetooth Modul | Radar Service","description":"Con el m\u00f3dulo Bluetooth Antilaser ALP Connect, el sistema ALP Antilaser puede manejarse a trav\u00e9s de una aplicaci\u00f3n para smartphones iPhone o Android.","robots":{"index":"index","follow":"follow","max-snippet":"max-snippet:-1","max-image-preview":"max-image-preview:large","max-video-preview":"max-video-preview:-1"},"canonical":"https:\/\/radarservice.eu\/es\/producto\/alp-connect-al-priority-bluetooth-modul\/","og_locale":"es_ES","og_type":"article","og_title":"ALP Connect - AL Priority Bluetooth Modul | Radar Service","og_description":"Con el m\u00f3dulo Bluetooth Antilaser ALP Connect, el sistema ALP Antilaser puede manejarse a trav\u00e9s de una aplicaci\u00f3n para smartphones iPhone o Android.","og_url":"https:\/\/radarservice.eu\/es\/producto\/alp-connect-al-priority-bluetooth-modul\/","og_site_name":"Radar Service","og_image":[{"width":720,"height":900,"url":"https:\/\/radarservice.eu\/wp-content\/uploads\/2020\/09\/antilaser_alp_bluetooth.png","type":"image\/png"}],"twitter_card":"summary_large_image","schema":{"@context":"https:\/\/schema.org","@graph":[{"@type":"WebPage","@id":"https:\/\/radarservice.eu\/es\/producto\/alp-connect-al-priority-bluetooth-modul\/","url":"https:\/\/radarservice.eu\/es\/producto\/alp-connect-al-priority-bluetooth-modul\/","name":"ALP Connect - AL Priority Bluetooth Modul | Radar Service","isPartOf":{"@id":"https:\/\/radarservice.eu\/es\/#website"},"primaryImageOfPage":{"@id":"https:\/\/radarservice.eu\/es\/producto\/alp-connect-al-priority-bluetooth-modul\/#primaryimage"},"image":{"@id":"https:\/\/radarservice.eu\/es\/producto\/alp-connect-al-priority-bluetooth-modul\/#primaryimage"},"thumbnailUrl":"https:\/\/radarservice.eu\/wp-content\/uploads\/2020\/09\/antilaser_alp_bluetooth.png","datePublished":"2021-03-24T07:36:51+00:00","description":"Con el m\u00f3dulo Bluetooth Antilaser ALP Connect, el sistema ALP Antilaser puede manejarse a trav\u00e9s de una aplicaci\u00f3n para smartphones iPhone o Android.","breadcrumb":{"@id":"https:\/\/radarservice.eu\/es\/producto\/alp-connect-al-priority-bluetooth-modul\/#breadcrumb"},"inLanguage":"es","potentialAction":[{"@type":"ReadAction","target":["https:\/\/radarservice.eu\/es\/producto\/alp-connect-al-priority-bluetooth-modul\/"]}]},{"@type":"ImageObject","inLanguage":"es","@id":"https:\/\/radarservice.eu\/es\/producto\/alp-connect-al-priority-bluetooth-modul\/#primaryimage","url":"https:\/\/radarservice.eu\/wp-content\/uploads\/2020\/09\/antilaser_alp_bluetooth.png","contentUrl":"https:\/\/radarservice.eu\/wp-content\/uploads\/2020\/09\/antilaser_alp_bluetooth.png","width":720,"height":900,"caption":"Antilaser ALP Bluetooth"},{"@type":"BreadcrumbList","@id":"https:\/\/radarservice.eu\/es\/producto\/alp-connect-al-priority-bluetooth-modul\/#breadcrumb","itemListElement":[{"@type":"ListItem","position":1,"name":"Tienda","item":"https:\/\/radarservice.eu\/es\/tienda\/"},{"@type":"ListItem","position":2,"name":"ALP Connect &#8211; AL Priority Bluetooth Modul"}]},{"@type":"WebSite","@id":"https:\/\/radarservice.eu\/es\/#website","url":"https:\/\/radarservice.eu\/es\/","name":"Radar Service","description":"Radar detector Laser jammer mobile fix","publisher":{"@id":"https:\/\/radarservice.eu\/es\/#organization"},"potentialAction":[{"@type":"SearchAction","target":{"@type":"EntryPoint","urlTemplate":"https:\/\/radarservice.eu\/es\/?s={search_term_string}"},"query-input":{"@type":"PropertyValueSpecification","valueRequired":true,"valueName":"search_term_string"}}],"inLanguage":"es"},{"@type":"Organization","@id":"https:\/\/radarservice.eu\/es\/#organization","name":"RadarService","url":"https:\/\/radarservice.eu\/es\/","logo":{"@type":"ImageObject","inLanguage":"es","@id":"https:\/\/radarservice.eu\/es\/#\/schema\/logo\/image\/","url":"https:\/\/radarservice.eu\/wp-content\/uploads\/2021\/03\/Radar_detector_service.png","contentUrl":"https:\/\/radarservice.eu\/wp-content\/uploads\/2021\/03\/Radar_detector_service.png","width":174,"height":48,"caption":"RadarService"},"image":{"@id":"https:\/\/radarservice.eu\/es\/#\/schema\/logo\/image\/"}}]}},"_links":{"self":[{"href":"https:\/\/radarservice.eu\/es\/wp-json\/wp\/v2\/product\/15116","targetHints":{"allow":["GET"]}}],"collection":[{"href":"https:\/\/radarservice.eu\/es\/wp-json\/wp\/v2\/product"}],"about":[{"href":"https:\/\/radarservice.eu\/es\/wp-json\/wp\/v2\/types\/product"}],"replies":[{"embeddable":true,"href":"https:\/\/radarservice.eu\/es\/wp-json\/wp\/v2\/comments?post=15116"}],"wp:featuredmedia":[{"embeddable":true,"href":"https:\/\/radarservice.eu\/es\/wp-json\/wp\/v2\/media\/15118"}],"wp:attachment":[{"href":"https:\/\/radarservice.eu\/es\/wp-json\/wp\/v2\/media?parent=15116"}],"wp:term":[{"taxonomy":"product_brand","embeddable":true,"href":"https:\/\/radarservice.eu\/es\/wp-json\/wp\/v2\/product_brand?post=15116"},{"taxonomy":"product_cat","embeddable":true,"href":"https:\/\/radarservice.eu\/es\/wp-json\/wp\/v2\/product_cat?post=15116"},{"taxonomy":"product_tag","embeddable":true,"href":"https:\/\/radarservice.eu\/es\/wp-json\/wp\/v2\/product_tag?post=15116"}],"curies":[{"name":"wp","href":"https:\/\/api.w.org\/{rel}","templated":true}]}}