{"id":15104,"date":"2021-03-24T08:29:01","date_gmt":"2021-03-24T07:29:01","guid":{"rendered":"https:\/\/radarservice.eu\/produkt\/beltronics-evo-997-version-europa\/"},"modified":"2025-08-31T21:08:28","modified_gmt":"2025-08-31T19:08:28","slug":"beltronics-evo-997-version-europa","status":"publish","type":"product","link":"https:\/\/radarservice.eu\/es\/producto\/beltronics-evo-997-version-europa\/","title":{"rendered":"Beltronics EVO 997 Versi\u00f3n Europa"},"content":{"rendered":"<p>El Beltronics EVO 997 es, en comparaci\u00f3n con el Bel 966NEW, un 30% m\u00e1s potente y puede instalarse oculto en la parte delantera del veh\u00edculo.<br \/>\nGracias a la carcasa a prueba de salpicaduras, una instalaci\u00f3n invisible no supone ning\u00fan problema. Los avisos y ajustes se realizan a trav\u00e9s de un panel de control muy peque\u00f1o en el interior del veh\u00edculo.<\/p>\n<p><p>Opcionalmente, el Bel EVO997 puede pedirse con Silent Start, que silencia la fase de autocomprobaci\u00f3n audible durante el encendido.<\/p>\n<p><p><strong>Nota:<\/strong> El Bel EVO 997 es un detector s\u00f3lo de radar y no tiene aviso l\u00e1ser. Los m\u00f3dulos receptores l\u00e1ser originales opcionales no se recomiendan en Europa. Si necesita protecci\u00f3n l\u00e1ser, se recomienda utilizar un bloqueador l\u00e1ser activo, por ejemplo, Genevo FF2 o AL Priority.<\/p>\n<p><p><strong>Presentaci\u00f3n:<\/strong><br \/>\n+ BEL EVO 997 con un 30% m\u00e1s de potencia de recepci\u00f3n que el Bel 966NEW<br \/>.<br \/>\n+ Banda X, K, KA y Ku<br \/>\n+ Banda Ka-estrecha para un m\u00e1ximo rendimiento con los radares europeos Multanova<br \/>\n+ La banda K y la banda Ku se pueden desconectar con s\u00f3lo pulsar un bot\u00f3n<br \/>.<br \/>\n+ Opcional: \u00abInicio silencioso\u00bb<\/p>\n<p><p><strong>Gamas de frecuencia:<\/strong><br \/>\n+ Banda X &#8211; 10,525 GHz \u00b1 25 MHz<br \/>\n+ Banda K &#8211; 24,150 GHz \u00b1 100 MHz<br \/>\n+ Banda Ka &#8211; 34,700 GHz \u00b1 1300 MHz<br \/>\n+ Ka Narrow &#8211; 34,0, 34,3, 34,7 y 35,5 GHz \u00b1 80 MHz<br \/>\n+ Banda KU &#8211; 13.450 MHz<\/p>\n<p><strong>Alcance del suministro:<\/strong><br \/>.<br \/>\n* Antena de radar externa Bel EVO 997<br \/>\n* Unidad de control con pantalla<br \/>\n* Instrucciones de uso<br \/>\n* material de montaje completo para la instalaci\u00f3n<\/p>\n","protected":false},"excerpt":{"rendered":"<p>El Beltronics EVO 997 es, en comparaci\u00f3n con el Bel 966NEW, un 30% m\u00e1s potente y puede instalarse oculto en la parte delantera del veh\u00edculo. Gracias a la carcasa a prueba de salpicaduras, una instalaci\u00f3n invisible no supone ning\u00fan problema. Los avisos y ajustes se realizan a trav\u00e9s de un panel de control muy peque\u00f1o [&#8230;]\n","protected":false},"featured_media":15107,"comment_status":"open","ping_status":"closed","template":"","meta":[],"product_brand":[],"product_cat":[953,898],"product_tag":[1030,954,901,1045,903,1046],"class_list":{"0":"post-15104","1":"product","2":"type-product","3":"status-publish","4":"has-post-thumbnail","6":"product_cat-beltronics-es","7":"product_cat-detectores-de-radar-fijos","8":"product_tag-bel-es","9":"product_tag-beltronics-es","10":"product_tag-detector-de-radar","11":"product_tag-evo-997-es","12":"product_tag-instalacion-fija","13":"product_tag-instalacion-oculta","15":"first","16":"instock","17":"sale","18":"taxable","19":"shipping-taxable","20":"purchasable","21":"product-type-simple"},"yoast_head":"<!-- This site is optimized with the Yoast SEO plugin v27.2 - https:\/\/yoast.com\/product\/yoast-seo-wordpress\/ -->\n<title>Beltronics EVO 997 Versi\u00f3n Europa | Radar Service<\/title>\n<meta name=\"description\" content=\"El Beltronics EVO 997 es, en comparaci\u00f3n con el Bel 966NEW, un 30% m\u00e1s potente y puede ocultarse en la parte delantera del veh\u00edculo.\" \/>\n<meta name=\"robots\" content=\"index, follow, max-snippet:-1, max-image-preview:large, max-video-preview:-1\" \/>\n<link rel=\"canonical\" href=\"https:\/\/radarservice.eu\/es\/producto\/beltronics-evo-997-version-europa\/\" \/>\n<meta property=\"og:locale\" content=\"es_ES\" \/>\n<meta property=\"og:type\" content=\"article\" \/>\n<meta property=\"og:title\" content=\"Beltronics EVO 997 Versi\u00f3n Europa | Radar Service\" \/>\n<meta property=\"og:description\" content=\"El Beltronics EVO 997 es, en comparaci\u00f3n con el Bel 966NEW, un 30% m\u00e1s potente y puede ocultarse en la parte delantera del veh\u00edculo.\" \/>\n<meta property=\"og:url\" content=\"https:\/\/radarservice.eu\/es\/producto\/beltronics-evo-997-version-europa\/\" \/>\n<meta property=\"og:site_name\" content=\"Radar Service\" \/>\n<meta property=\"article:modified_time\" content=\"2025-08-31T19:08:28+00:00\" \/>\n<meta property=\"og:image\" content=\"https:\/\/radarservice.eu\/wp-content\/uploads\/2020\/09\/Bel_997_Euro.jpg\" \/>\n\t<meta property=\"og:image:width\" content=\"800\" \/>\n\t<meta property=\"og:image:height\" content=\"531\" \/>\n\t<meta property=\"og:image:type\" content=\"image\/jpeg\" \/>\n<meta name=\"twitter:card\" content=\"summary_large_image\" \/>\n<meta name=\"twitter:label1\" content=\"Tiempo de lectura\" \/>\n\t<meta name=\"twitter:data1\" content=\"1 minuto\" \/>\n<script type=\"application\/ld+json\" class=\"yoast-schema-graph\">{\"@context\":\"https:\/\/schema.org\",\"@graph\":[{\"@type\":\"WebPage\",\"@id\":\"https:\/\/radarservice.eu\/es\/producto\/beltronics-evo-997-version-europa\/\",\"url\":\"https:\/\/radarservice.eu\/es\/producto\/beltronics-evo-997-version-europa\/\",\"name\":\"Beltronics EVO 997 Versi\u00f3n Europa | Radar Service\",\"isPartOf\":{\"@id\":\"https:\/\/radarservice.eu\/es\/#website\"},\"primaryImageOfPage\":{\"@id\":\"https:\/\/radarservice.eu\/es\/producto\/beltronics-evo-997-version-europa\/#primaryimage\"},\"image\":{\"@id\":\"https:\/\/radarservice.eu\/es\/producto\/beltronics-evo-997-version-europa\/#primaryimage\"},\"thumbnailUrl\":\"https:\/\/radarservice.eu\/wp-content\/uploads\/2020\/09\/Bel_997_Euro.jpg\",\"datePublished\":\"2021-03-24T07:29:01+00:00\",\"dateModified\":\"2025-08-31T19:08:28+00:00\",\"description\":\"El Beltronics EVO 997 es, en comparaci\u00f3n con el Bel 966NEW, un 30% m\u00e1s potente y puede ocultarse en la parte delantera del veh\u00edculo.\",\"breadcrumb\":{\"@id\":\"https:\/\/radarservice.eu\/es\/producto\/beltronics-evo-997-version-europa\/#breadcrumb\"},\"inLanguage\":\"es\",\"potentialAction\":[{\"@type\":\"ReadAction\",\"target\":[\"https:\/\/radarservice.eu\/es\/producto\/beltronics-evo-997-version-europa\/\"]}]},{\"@type\":\"ImageObject\",\"inLanguage\":\"es\",\"@id\":\"https:\/\/radarservice.eu\/es\/producto\/beltronics-evo-997-version-europa\/#primaryimage\",\"url\":\"https:\/\/radarservice.eu\/wp-content\/uploads\/2020\/09\/Bel_997_Euro.jpg\",\"contentUrl\":\"https:\/\/radarservice.eu\/wp-content\/uploads\/2020\/09\/Bel_997_Euro.jpg\",\"width\":800,\"height\":531,\"caption\":\"Bel 997 Euro\"},{\"@type\":\"BreadcrumbList\",\"@id\":\"https:\/\/radarservice.eu\/es\/producto\/beltronics-evo-997-version-europa\/#breadcrumb\",\"itemListElement\":[{\"@type\":\"ListItem\",\"position\":1,\"name\":\"Tienda\",\"item\":\"https:\/\/radarservice.eu\/es\/tienda\/\"},{\"@type\":\"ListItem\",\"position\":2,\"name\":\"Beltronics EVO 997 Versi\u00f3n Europa\"}]},{\"@type\":\"WebSite\",\"@id\":\"https:\/\/radarservice.eu\/es\/#website\",\"url\":\"https:\/\/radarservice.eu\/es\/\",\"name\":\"Radar Service\",\"description\":\"Radar detector Laser jammer mobile fix\",\"publisher\":{\"@id\":\"https:\/\/radarservice.eu\/es\/#organization\"},\"potentialAction\":[{\"@type\":\"SearchAction\",\"target\":{\"@type\":\"EntryPoint\",\"urlTemplate\":\"https:\/\/radarservice.eu\/es\/?s={search_term_string}\"},\"query-input\":{\"@type\":\"PropertyValueSpecification\",\"valueRequired\":true,\"valueName\":\"search_term_string\"}}],\"inLanguage\":\"es\"},{\"@type\":\"Organization\",\"@id\":\"https:\/\/radarservice.eu\/es\/#organization\",\"name\":\"RadarService\",\"url\":\"https:\/\/radarservice.eu\/es\/\",\"logo\":{\"@type\":\"ImageObject\",\"inLanguage\":\"es\",\"@id\":\"https:\/\/radarservice.eu\/es\/#\/schema\/logo\/image\/\",\"url\":\"https:\/\/radarservice.eu\/wp-content\/uploads\/2021\/03\/Radar_detector_service.png\",\"contentUrl\":\"https:\/\/radarservice.eu\/wp-content\/uploads\/2021\/03\/Radar_detector_service.png\",\"width\":174,\"height\":48,\"caption\":\"RadarService\"},\"image\":{\"@id\":\"https:\/\/radarservice.eu\/es\/#\/schema\/logo\/image\/\"}}]}<\/script>\n<!-- \/ Yoast SEO plugin. -->","yoast_head_json":{"title":"Beltronics EVO 997 Versi\u00f3n Europa | Radar Service","description":"El Beltronics EVO 997 es, en comparaci\u00f3n con el Bel 966NEW, un 30% m\u00e1s potente y puede ocultarse en la parte delantera del veh\u00edculo.","robots":{"index":"index","follow":"follow","max-snippet":"max-snippet:-1","max-image-preview":"max-image-preview:large","max-video-preview":"max-video-preview:-1"},"canonical":"https:\/\/radarservice.eu\/es\/producto\/beltronics-evo-997-version-europa\/","og_locale":"es_ES","og_type":"article","og_title":"Beltronics EVO 997 Versi\u00f3n Europa | Radar Service","og_description":"El Beltronics EVO 997 es, en comparaci\u00f3n con el Bel 966NEW, un 30% m\u00e1s potente y puede ocultarse en la parte delantera del veh\u00edculo.","og_url":"https:\/\/radarservice.eu\/es\/producto\/beltronics-evo-997-version-europa\/","og_site_name":"Radar Service","article_modified_time":"2025-08-31T19:08:28+00:00","og_image":[{"width":800,"height":531,"url":"https:\/\/radarservice.eu\/wp-content\/uploads\/2020\/09\/Bel_997_Euro.jpg","type":"image\/jpeg"}],"twitter_card":"summary_large_image","twitter_misc":{"Tiempo de lectura":"1 minuto"},"schema":{"@context":"https:\/\/schema.org","@graph":[{"@type":"WebPage","@id":"https:\/\/radarservice.eu\/es\/producto\/beltronics-evo-997-version-europa\/","url":"https:\/\/radarservice.eu\/es\/producto\/beltronics-evo-997-version-europa\/","name":"Beltronics EVO 997 Versi\u00f3n Europa | Radar Service","isPartOf":{"@id":"https:\/\/radarservice.eu\/es\/#website"},"primaryImageOfPage":{"@id":"https:\/\/radarservice.eu\/es\/producto\/beltronics-evo-997-version-europa\/#primaryimage"},"image":{"@id":"https:\/\/radarservice.eu\/es\/producto\/beltronics-evo-997-version-europa\/#primaryimage"},"thumbnailUrl":"https:\/\/radarservice.eu\/wp-content\/uploads\/2020\/09\/Bel_997_Euro.jpg","datePublished":"2021-03-24T07:29:01+00:00","dateModified":"2025-08-31T19:08:28+00:00","description":"El Beltronics EVO 997 es, en comparaci\u00f3n con el Bel 966NEW, un 30% m\u00e1s potente y puede ocultarse en la parte delantera del veh\u00edculo.","breadcrumb":{"@id":"https:\/\/radarservice.eu\/es\/producto\/beltronics-evo-997-version-europa\/#breadcrumb"},"inLanguage":"es","potentialAction":[{"@type":"ReadAction","target":["https:\/\/radarservice.eu\/es\/producto\/beltronics-evo-997-version-europa\/"]}]},{"@type":"ImageObject","inLanguage":"es","@id":"https:\/\/radarservice.eu\/es\/producto\/beltronics-evo-997-version-europa\/#primaryimage","url":"https:\/\/radarservice.eu\/wp-content\/uploads\/2020\/09\/Bel_997_Euro.jpg","contentUrl":"https:\/\/radarservice.eu\/wp-content\/uploads\/2020\/09\/Bel_997_Euro.jpg","width":800,"height":531,"caption":"Bel 997 Euro"},{"@type":"BreadcrumbList","@id":"https:\/\/radarservice.eu\/es\/producto\/beltronics-evo-997-version-europa\/#breadcrumb","itemListElement":[{"@type":"ListItem","position":1,"name":"Tienda","item":"https:\/\/radarservice.eu\/es\/tienda\/"},{"@type":"ListItem","position":2,"name":"Beltronics EVO 997 Versi\u00f3n Europa"}]},{"@type":"WebSite","@id":"https:\/\/radarservice.eu\/es\/#website","url":"https:\/\/radarservice.eu\/es\/","name":"Radar Service","description":"Radar detector Laser jammer mobile fix","publisher":{"@id":"https:\/\/radarservice.eu\/es\/#organization"},"potentialAction":[{"@type":"SearchAction","target":{"@type":"EntryPoint","urlTemplate":"https:\/\/radarservice.eu\/es\/?s={search_term_string}"},"query-input":{"@type":"PropertyValueSpecification","valueRequired":true,"valueName":"search_term_string"}}],"inLanguage":"es"},{"@type":"Organization","@id":"https:\/\/radarservice.eu\/es\/#organization","name":"RadarService","url":"https:\/\/radarservice.eu\/es\/","logo":{"@type":"ImageObject","inLanguage":"es","@id":"https:\/\/radarservice.eu\/es\/#\/schema\/logo\/image\/","url":"https:\/\/radarservice.eu\/wp-content\/uploads\/2021\/03\/Radar_detector_service.png","contentUrl":"https:\/\/radarservice.eu\/wp-content\/uploads\/2021\/03\/Radar_detector_service.png","width":174,"height":48,"caption":"RadarService"},"image":{"@id":"https:\/\/radarservice.eu\/es\/#\/schema\/logo\/image\/"}}]}},"_links":{"self":[{"href":"https:\/\/radarservice.eu\/es\/wp-json\/wp\/v2\/product\/15104","targetHints":{"allow":["GET"]}}],"collection":[{"href":"https:\/\/radarservice.eu\/es\/wp-json\/wp\/v2\/product"}],"about":[{"href":"https:\/\/radarservice.eu\/es\/wp-json\/wp\/v2\/types\/product"}],"replies":[{"embeddable":true,"href":"https:\/\/radarservice.eu\/es\/wp-json\/wp\/v2\/comments?post=15104"}],"wp:featuredmedia":[{"embeddable":true,"href":"https:\/\/radarservice.eu\/es\/wp-json\/wp\/v2\/media\/15107"}],"wp:attachment":[{"href":"https:\/\/radarservice.eu\/es\/wp-json\/wp\/v2\/media?parent=15104"}],"wp:term":[{"taxonomy":"product_brand","embeddable":true,"href":"https:\/\/radarservice.eu\/es\/wp-json\/wp\/v2\/product_brand?post=15104"},{"taxonomy":"product_cat","embeddable":true,"href":"https:\/\/radarservice.eu\/es\/wp-json\/wp\/v2\/product_cat?post=15104"},{"taxonomy":"product_tag","embeddable":true,"href":"https:\/\/radarservice.eu\/es\/wp-json\/wp\/v2\/product_tag?post=15104"}],"curies":[{"name":"wp","href":"https:\/\/api.w.org\/{rel}","templated":true}]}}