{"id":15092,"date":"2021-03-24T08:21:11","date_gmt":"2021-03-24T07:21:11","guid":{"rendered":"https:\/\/radarservice.eu\/produkt\/blind-m27-m47-xtreme-laser-jammer\/"},"modified":"2021-03-24T08:21:11","modified_gmt":"2021-03-24T07:21:11","slug":"blind-m27-m47-xtreme-laser-jammer","status":"publish","type":"product","link":"https:\/\/radarservice.eu\/es\/producto\/blind-m27-m47-xtreme-laser-jammer\/","title":{"rendered":"Blind M27 &#038; M47 XTREME Laser Jammer"},"content":{"rendered":"<p>El Blinder M27 &amp; M47 X-TREME es el predecesor del Blinder HP 905 y sigue confiando en los LED para la protecci\u00f3n l\u00e1ser. Por lo tanto, el uso en Europa s\u00f3lo se recomienda de forma condicional.<br \/>\nEl sucesor HP905 funciona con diodos l\u00e1ser y, por tanto, es casi 100 veces m\u00e1s potente y tambi\u00e9n de dimensiones mucho m\u00e1s reducidas.<br \/>\nEl M27 &amp; M47 puede configurarse a trav\u00e9s de las distintas opciones de ajuste tanto como asistente de aparcamiento puro, avisador l\u00e1ser o como bloqueador l\u00e1ser.<\/p>\n<p\n\n\n<p><strong>Presentaci\u00f3n:<\/strong><br \/>\n+ Asistente de estacionamiento \/ Bloqueo \/ Modo de detecci\u00f3n ajustable<br \/>.<br \/>\n+ carcasa del sensor resistente al agua<br \/>\n+ alarma sonora<br \/>\n+ dimensiones del sensor: 90,0 x 17,0 x 50,0 mm<\/p>\n<p><strong>Alcance del suministro:<\/strong><br \/>.<br \/>\n* Sensores de cegado<br \/>\n* Unidad de control con conexi\u00f3n USB<br \/>\n* Altavoz<br \/>\n* Material de montaje<br \/>\n* Manual de instrucciones<\/p>\n<p><strong>Nota:<\/strong> para su uso en Europa Occidental recomendamos los bloqueadores l\u00e1ser Blinder HP905, Genevo FF2 o AL Priority.<\/p>\n<p\n\n<\/p>\n","protected":false},"excerpt":{"rendered":"<p>El Blinder M27 &amp; M47 X-TREME es el predecesor del Blinder HP 905 y sigue confiando en los LED para la protecci\u00f3n l\u00e1ser. Por lo tanto, el uso en Europa s\u00f3lo se recomienda de forma condicional. El sucesor HP905 funciona con diodos l\u00e1ser y, por tanto, es casi 100 veces m\u00e1s potente y tambi\u00e9n de [&#8230;]\n","protected":false},"featured_media":15094,"comment_status":"open","ping_status":"closed","template":"","meta":[],"product_brand":[],"product_cat":[1034,912],"product_tag":[1035,1038,943,942,1036,1037],"class_list":{"0":"post-15092","1":"product","2":"type-product","3":"status-publish","4":"has-post-thumbnail","6":"product_cat-blinder-es","7":"product_cat-interferente-laser","8":"product_tag-blinder-es","9":"product_tag-blinder-x-treme-es","10":"product_tag-bloqueador-laser","11":"product_tag-interferente-laser","12":"product_tag-m27-es","13":"product_tag-m47-es","15":"first","16":"outofstock","17":"taxable","18":"shipping-taxable","19":"purchasable","20":"product-type-simple"},"yoast_head":"<!-- This site is optimized with the Yoast SEO plugin v27.2 - https:\/\/yoast.com\/product\/yoast-seo-wordpress\/ -->\n<title>Blind M27 &amp; M47 XTREME Laser Jammer | Radar Service<\/title>\n<meta name=\"description\" content=\"Blind M27 &amp; M47 XTREME Laser Jammer | Radar Service\" \/>\n<meta name=\"robots\" content=\"index, follow, max-snippet:-1, max-image-preview:large, max-video-preview:-1\" \/>\n<link rel=\"canonical\" href=\"https:\/\/radarservice.eu\/es\/producto\/blind-m27-m47-xtreme-laser-jammer\/\" \/>\n<meta property=\"og:locale\" content=\"es_ES\" \/>\n<meta property=\"og:type\" content=\"article\" \/>\n<meta property=\"og:title\" content=\"Blind M27 &amp; M47 XTREME Laser Jammer | Radar Service\" \/>\n<meta property=\"og:description\" content=\"Blind M27 &amp; M47 XTREME Laser Jammer | Radar Service\" \/>\n<meta property=\"og:url\" content=\"https:\/\/radarservice.eu\/es\/producto\/blind-m27-m47-xtreme-laser-jammer\/\" \/>\n<meta property=\"og:site_name\" content=\"Radar Service\" \/>\n<meta property=\"og:image\" content=\"https:\/\/radarservice.eu\/wp-content\/uploads\/2020\/09\/blinder_m27_xtreme.jpg\" \/>\n\t<meta property=\"og:image:width\" content=\"750\" \/>\n\t<meta property=\"og:image:height\" content=\"563\" \/>\n\t<meta property=\"og:image:type\" content=\"image\/jpeg\" \/>\n<meta name=\"twitter:card\" content=\"summary_large_image\" \/>\n<script type=\"application\/ld+json\" class=\"yoast-schema-graph\">{\"@context\":\"https:\/\/schema.org\",\"@graph\":[{\"@type\":\"WebPage\",\"@id\":\"https:\/\/radarservice.eu\/es\/producto\/blind-m27-m47-xtreme-laser-jammer\/\",\"url\":\"https:\/\/radarservice.eu\/es\/producto\/blind-m27-m47-xtreme-laser-jammer\/\",\"name\":\"Blind M27 & M47 XTREME Laser Jammer | Radar Service\",\"isPartOf\":{\"@id\":\"https:\/\/radarservice.eu\/es\/#website\"},\"primaryImageOfPage\":{\"@id\":\"https:\/\/radarservice.eu\/es\/producto\/blind-m27-m47-xtreme-laser-jammer\/#primaryimage\"},\"image\":{\"@id\":\"https:\/\/radarservice.eu\/es\/producto\/blind-m27-m47-xtreme-laser-jammer\/#primaryimage\"},\"thumbnailUrl\":\"https:\/\/radarservice.eu\/wp-content\/uploads\/2020\/09\/blinder_m27_xtreme.jpg\",\"datePublished\":\"2021-03-24T07:21:11+00:00\",\"description\":\"Blind M27 & M47 XTREME Laser Jammer | Radar Service\",\"breadcrumb\":{\"@id\":\"https:\/\/radarservice.eu\/es\/producto\/blind-m27-m47-xtreme-laser-jammer\/#breadcrumb\"},\"inLanguage\":\"es\",\"potentialAction\":[{\"@type\":\"ReadAction\",\"target\":[\"https:\/\/radarservice.eu\/es\/producto\/blind-m27-m47-xtreme-laser-jammer\/\"]}]},{\"@type\":\"ImageObject\",\"inLanguage\":\"es\",\"@id\":\"https:\/\/radarservice.eu\/es\/producto\/blind-m27-m47-xtreme-laser-jammer\/#primaryimage\",\"url\":\"https:\/\/radarservice.eu\/wp-content\/uploads\/2020\/09\/blinder_m27_xtreme.jpg\",\"contentUrl\":\"https:\/\/radarservice.eu\/wp-content\/uploads\/2020\/09\/blinder_m27_xtreme.jpg\",\"width\":750,\"height\":563,\"caption\":\"Blinder M27 xtreme\"},{\"@type\":\"BreadcrumbList\",\"@id\":\"https:\/\/radarservice.eu\/es\/producto\/blind-m27-m47-xtreme-laser-jammer\/#breadcrumb\",\"itemListElement\":[{\"@type\":\"ListItem\",\"position\":1,\"name\":\"Tienda\",\"item\":\"https:\/\/radarservice.eu\/es\/tienda\/\"},{\"@type\":\"ListItem\",\"position\":2,\"name\":\"Blind M27 &#038; M47 XTREME Laser Jammer\"}]},{\"@type\":\"WebSite\",\"@id\":\"https:\/\/radarservice.eu\/es\/#website\",\"url\":\"https:\/\/radarservice.eu\/es\/\",\"name\":\"Radar Service\",\"description\":\"Radar detector Laser jammer mobile fix\",\"publisher\":{\"@id\":\"https:\/\/radarservice.eu\/es\/#organization\"},\"potentialAction\":[{\"@type\":\"SearchAction\",\"target\":{\"@type\":\"EntryPoint\",\"urlTemplate\":\"https:\/\/radarservice.eu\/es\/?s={search_term_string}\"},\"query-input\":{\"@type\":\"PropertyValueSpecification\",\"valueRequired\":true,\"valueName\":\"search_term_string\"}}],\"inLanguage\":\"es\"},{\"@type\":\"Organization\",\"@id\":\"https:\/\/radarservice.eu\/es\/#organization\",\"name\":\"RadarService\",\"url\":\"https:\/\/radarservice.eu\/es\/\",\"logo\":{\"@type\":\"ImageObject\",\"inLanguage\":\"es\",\"@id\":\"https:\/\/radarservice.eu\/es\/#\/schema\/logo\/image\/\",\"url\":\"https:\/\/radarservice.eu\/wp-content\/uploads\/2021\/03\/Radar_detector_service.png\",\"contentUrl\":\"https:\/\/radarservice.eu\/wp-content\/uploads\/2021\/03\/Radar_detector_service.png\",\"width\":174,\"height\":48,\"caption\":\"RadarService\"},\"image\":{\"@id\":\"https:\/\/radarservice.eu\/es\/#\/schema\/logo\/image\/\"}}]}<\/script>\n<!-- \/ Yoast SEO plugin. -->","yoast_head_json":{"title":"Blind M27 & M47 XTREME Laser Jammer | Radar Service","description":"Blind M27 & M47 XTREME Laser Jammer | Radar Service","robots":{"index":"index","follow":"follow","max-snippet":"max-snippet:-1","max-image-preview":"max-image-preview:large","max-video-preview":"max-video-preview:-1"},"canonical":"https:\/\/radarservice.eu\/es\/producto\/blind-m27-m47-xtreme-laser-jammer\/","og_locale":"es_ES","og_type":"article","og_title":"Blind M27 & M47 XTREME Laser Jammer | Radar Service","og_description":"Blind M27 & M47 XTREME Laser Jammer | Radar Service","og_url":"https:\/\/radarservice.eu\/es\/producto\/blind-m27-m47-xtreme-laser-jammer\/","og_site_name":"Radar Service","og_image":[{"width":750,"height":563,"url":"https:\/\/radarservice.eu\/wp-content\/uploads\/2020\/09\/blinder_m27_xtreme.jpg","type":"image\/jpeg"}],"twitter_card":"summary_large_image","schema":{"@context":"https:\/\/schema.org","@graph":[{"@type":"WebPage","@id":"https:\/\/radarservice.eu\/es\/producto\/blind-m27-m47-xtreme-laser-jammer\/","url":"https:\/\/radarservice.eu\/es\/producto\/blind-m27-m47-xtreme-laser-jammer\/","name":"Blind M27 & M47 XTREME Laser Jammer | Radar Service","isPartOf":{"@id":"https:\/\/radarservice.eu\/es\/#website"},"primaryImageOfPage":{"@id":"https:\/\/radarservice.eu\/es\/producto\/blind-m27-m47-xtreme-laser-jammer\/#primaryimage"},"image":{"@id":"https:\/\/radarservice.eu\/es\/producto\/blind-m27-m47-xtreme-laser-jammer\/#primaryimage"},"thumbnailUrl":"https:\/\/radarservice.eu\/wp-content\/uploads\/2020\/09\/blinder_m27_xtreme.jpg","datePublished":"2021-03-24T07:21:11+00:00","description":"Blind M27 & M47 XTREME Laser Jammer | Radar Service","breadcrumb":{"@id":"https:\/\/radarservice.eu\/es\/producto\/blind-m27-m47-xtreme-laser-jammer\/#breadcrumb"},"inLanguage":"es","potentialAction":[{"@type":"ReadAction","target":["https:\/\/radarservice.eu\/es\/producto\/blind-m27-m47-xtreme-laser-jammer\/"]}]},{"@type":"ImageObject","inLanguage":"es","@id":"https:\/\/radarservice.eu\/es\/producto\/blind-m27-m47-xtreme-laser-jammer\/#primaryimage","url":"https:\/\/radarservice.eu\/wp-content\/uploads\/2020\/09\/blinder_m27_xtreme.jpg","contentUrl":"https:\/\/radarservice.eu\/wp-content\/uploads\/2020\/09\/blinder_m27_xtreme.jpg","width":750,"height":563,"caption":"Blinder M27 xtreme"},{"@type":"BreadcrumbList","@id":"https:\/\/radarservice.eu\/es\/producto\/blind-m27-m47-xtreme-laser-jammer\/#breadcrumb","itemListElement":[{"@type":"ListItem","position":1,"name":"Tienda","item":"https:\/\/radarservice.eu\/es\/tienda\/"},{"@type":"ListItem","position":2,"name":"Blind M27 &#038; M47 XTREME Laser Jammer"}]},{"@type":"WebSite","@id":"https:\/\/radarservice.eu\/es\/#website","url":"https:\/\/radarservice.eu\/es\/","name":"Radar Service","description":"Radar detector Laser jammer mobile fix","publisher":{"@id":"https:\/\/radarservice.eu\/es\/#organization"},"potentialAction":[{"@type":"SearchAction","target":{"@type":"EntryPoint","urlTemplate":"https:\/\/radarservice.eu\/es\/?s={search_term_string}"},"query-input":{"@type":"PropertyValueSpecification","valueRequired":true,"valueName":"search_term_string"}}],"inLanguage":"es"},{"@type":"Organization","@id":"https:\/\/radarservice.eu\/es\/#organization","name":"RadarService","url":"https:\/\/radarservice.eu\/es\/","logo":{"@type":"ImageObject","inLanguage":"es","@id":"https:\/\/radarservice.eu\/es\/#\/schema\/logo\/image\/","url":"https:\/\/radarservice.eu\/wp-content\/uploads\/2021\/03\/Radar_detector_service.png","contentUrl":"https:\/\/radarservice.eu\/wp-content\/uploads\/2021\/03\/Radar_detector_service.png","width":174,"height":48,"caption":"RadarService"},"image":{"@id":"https:\/\/radarservice.eu\/es\/#\/schema\/logo\/image\/"}}]}},"_links":{"self":[{"href":"https:\/\/radarservice.eu\/es\/wp-json\/wp\/v2\/product\/15092","targetHints":{"allow":["GET"]}}],"collection":[{"href":"https:\/\/radarservice.eu\/es\/wp-json\/wp\/v2\/product"}],"about":[{"href":"https:\/\/radarservice.eu\/es\/wp-json\/wp\/v2\/types\/product"}],"replies":[{"embeddable":true,"href":"https:\/\/radarservice.eu\/es\/wp-json\/wp\/v2\/comments?post=15092"}],"wp:featuredmedia":[{"embeddable":true,"href":"https:\/\/radarservice.eu\/es\/wp-json\/wp\/v2\/media\/15094"}],"wp:attachment":[{"href":"https:\/\/radarservice.eu\/es\/wp-json\/wp\/v2\/media?parent=15092"}],"wp:term":[{"taxonomy":"product_brand","embeddable":true,"href":"https:\/\/radarservice.eu\/es\/wp-json\/wp\/v2\/product_brand?post=15092"},{"taxonomy":"product_cat","embeddable":true,"href":"https:\/\/radarservice.eu\/es\/wp-json\/wp\/v2\/product_cat?post=15092"},{"taxonomy":"product_tag","embeddable":true,"href":"https:\/\/radarservice.eu\/es\/wp-json\/wp\/v2\/product_tag?post=15092"}],"curies":[{"name":"wp","href":"https:\/\/api.w.org\/{rel}","templated":true}]}}