{"id":15082,"date":"2021-03-24T08:16:17","date_gmt":"2021-03-24T07:16:17","guid":{"rendered":"https:\/\/radarservice.eu\/produkt\/escort-8500ci-plus\/"},"modified":"2021-03-24T08:16:17","modified_gmt":"2021-03-24T07:16:17","slug":"escort-8500ci-plus","status":"publish","type":"product","link":"https:\/\/radarservice.eu\/es\/producto\/escort-8500ci-plus\/","title":{"rendered":"ESCORT 8500ci PLUS"},"content":{"rendered":"<p>El ESCORT 8500ci PLUS es un detector de radar fijo con ajustes especiales en la banda K para reducir las falsas alarmas, alerta l\u00e1ser y visualizaci\u00f3n de trampas de velocidad por GPS.<br \/>\nCon los ajustes avanzados de la banda K, el 8500ci Plus puede personalizarse para satisfacer las necesidades espec\u00edficas de cada pa\u00eds y reducir las falsas alarmas. Adem\u00e1s, las falsas alarmas se pueden guardar con s\u00f3lo pulsar un bot\u00f3n, elimin\u00e1ndolas la pr\u00f3xima vez que pase por all\u00ed. La versi\u00f3n europea se ha optimizado especialmente para su uso en Europa, incluidos Alemania, Austria, Francia, Italia y los Pa\u00edses Bajos. Adem\u00e1s, el nuevo Escort 8500ci Plus tambi\u00e9n avisa de los radares fijos, de los controles de tramo as\u00ed como de los radares de sem\u00e1foro en toda Europa.<\/p>\n<p\n\n\n<p>La unidad receptora del Escort 8500ci se instala de forma invisible en la parte delantera del veh\u00edculo y la visualizaci\u00f3n es a trav\u00e9s de una peque\u00f1a pantalla con elemento de control integrado. El elemento de control es muy peque\u00f1o y tambi\u00e9n puede ocultarse f\u00e1cilmente en el cenicero o en otro compartimento de almacenamiento.<\/p>\n<p>Tambi\u00e9n est\u00e1 disponible el sistema de aviso sonoro.<\/p>\n<p>El aviso ac\u00fastico es mediante una voz y tambi\u00e9n le da informaci\u00f3n sobre la fuente de alarma dedicada, por ejemplo, la banda de frecuencia o el l\u00e1ser.<\/p>\n<p><p><strong>Presentaci\u00f3n:<\/strong><br \/>\n+ Detector de radar fijo para una instalaci\u00f3n invisible<br \/>.<br \/>\n+ Advertencia de las mediciones l\u00e1ser<br \/>\n+ Advertencia para las medidas de control de secci\u00f3n (controles de secci\u00f3n)<br \/>\n+ Aviso de dispositivos de radar fijos<br \/>\n+ Aviso de control de luces rojas estacionarias<br \/>\n+ filtro de autoescaneo \/ ciudad \/ carretera activable (reduce las falsas alarmas)<br \/>\n+ ajuste autom\u00e1tico del brillo de la pantalla<br \/>\n+ apto para su uso en Europa<\/p>\n<p><strong>Alcance de la entrega:<\/strong><br \/>\n* Escort 8500ci radar &amp; receptor l\u00e1ser<br \/>.<br \/>\n* Pantalla separada &amp; m\u00f3dulo de control<br \/>.<br \/>\n* Unidad de control con altavoces incluidos<br \/>\n* Material de montaje<br \/>\n* Instrucciones de uso e instalaci\u00f3n<\/p>\n<p><strong>Nota:<\/strong> El Escort 8500ci tiene recepci\u00f3n l\u00e1ser, pero para una protecci\u00f3n l\u00e1ser segura recomendamos el uso de un bloqueador l\u00e1ser activo, por ejemplo, Antilaser ALP Priority o Lasertrack Flare.<\/p>\n","protected":false},"excerpt":{"rendered":"<p>El ESCORT 8500ci PLUS es un detector de radar fijo con ajustes especiales en la banda K para reducir las falsas alarmas, alerta l\u00e1ser y visualizaci\u00f3n de trampas de velocidad por GPS. Con los ajustes avanzados de la banda K, el 8500ci Plus puede personalizarse para satisfacer las necesidades espec\u00edficas de cada pa\u00eds y reducir [&#8230;]\n","protected":false},"featured_media":15086,"comment_status":"open","ping_status":"closed","template":"","meta":[],"product_brand":[],"product_cat":[898,988],"product_tag":[901,927,924,1027],"class_list":{"0":"post-15082","1":"product","2":"type-product","3":"status-publish","4":"has-post-thumbnail","6":"product_cat-detectores-de-radar-fijos","7":"product_cat-escort-es","8":"product_tag-detector-de-radar","9":"product_tag-detector-de-radar-fijo","10":"product_tag-detector-laser","11":"product_tag-escort-8500ci-plus-es","13":"first","14":"instock","15":"taxable","16":"shipping-taxable","17":"purchasable","18":"product-type-simple"},"yoast_head":"<!-- This site is optimized with the Yoast SEO plugin v27.2 - https:\/\/yoast.com\/product\/yoast-seo-wordpress\/ -->\n<title>ESCORT 8500ci PLUS | Radar Service<\/title>\n<meta name=\"description\" content=\"El ESCORT 8500ci PLUS es un detector de radar fijo invisible con aviso de radar, l\u00e1ser y pantalla de trampa de radar GPS.\" \/>\n<meta name=\"robots\" content=\"index, follow, max-snippet:-1, max-image-preview:large, max-video-preview:-1\" \/>\n<link rel=\"canonical\" href=\"https:\/\/radarservice.eu\/es\/producto\/escort-8500ci-plus\/\" \/>\n<meta property=\"og:locale\" content=\"es_ES\" \/>\n<meta property=\"og:type\" content=\"article\" \/>\n<meta property=\"og:title\" content=\"ESCORT 8500ci PLUS | Radar Service\" \/>\n<meta property=\"og:description\" content=\"El ESCORT 8500ci PLUS es un detector de radar fijo invisible con aviso de radar, l\u00e1ser y pantalla de trampa de radar GPS.\" \/>\n<meta property=\"og:url\" content=\"https:\/\/radarservice.eu\/es\/producto\/escort-8500ci-plus\/\" \/>\n<meta property=\"og:site_name\" content=\"Radar Service\" \/>\n<meta property=\"og:image\" content=\"https:\/\/radarservice.eu\/wp-content\/uploads\/2020\/09\/escort8500ci_plus_set.jpg\" \/>\n\t<meta property=\"og:image:width\" content=\"531\" \/>\n\t<meta property=\"og:image:height\" content=\"379\" \/>\n\t<meta property=\"og:image:type\" content=\"image\/jpeg\" \/>\n<meta name=\"twitter:card\" content=\"summary_large_image\" \/>\n<meta name=\"twitter:label1\" content=\"Tiempo de lectura\" \/>\n\t<meta name=\"twitter:data1\" content=\"1 minuto\" \/>\n<script type=\"application\/ld+json\" class=\"yoast-schema-graph\">{\"@context\":\"https:\/\/schema.org\",\"@graph\":[{\"@type\":\"WebPage\",\"@id\":\"https:\/\/radarservice.eu\/es\/producto\/escort-8500ci-plus\/\",\"url\":\"https:\/\/radarservice.eu\/es\/producto\/escort-8500ci-plus\/\",\"name\":\"ESCORT 8500ci PLUS | Radar Service\",\"isPartOf\":{\"@id\":\"https:\/\/radarservice.eu\/es\/#website\"},\"primaryImageOfPage\":{\"@id\":\"https:\/\/radarservice.eu\/es\/producto\/escort-8500ci-plus\/#primaryimage\"},\"image\":{\"@id\":\"https:\/\/radarservice.eu\/es\/producto\/escort-8500ci-plus\/#primaryimage\"},\"thumbnailUrl\":\"https:\/\/radarservice.eu\/wp-content\/uploads\/2020\/09\/escort8500ci_plus_set.jpg\",\"datePublished\":\"2021-03-24T07:16:17+00:00\",\"description\":\"El ESCORT 8500ci PLUS es un detector de radar fijo invisible con aviso de radar, l\u00e1ser y pantalla de trampa de radar GPS.\",\"breadcrumb\":{\"@id\":\"https:\/\/radarservice.eu\/es\/producto\/escort-8500ci-plus\/#breadcrumb\"},\"inLanguage\":\"es\",\"potentialAction\":[{\"@type\":\"ReadAction\",\"target\":[\"https:\/\/radarservice.eu\/es\/producto\/escort-8500ci-plus\/\"]}]},{\"@type\":\"ImageObject\",\"inLanguage\":\"es\",\"@id\":\"https:\/\/radarservice.eu\/es\/producto\/escort-8500ci-plus\/#primaryimage\",\"url\":\"https:\/\/radarservice.eu\/wp-content\/uploads\/2020\/09\/escort8500ci_plus_set.jpg\",\"contentUrl\":\"https:\/\/radarservice.eu\/wp-content\/uploads\/2020\/09\/escort8500ci_plus_set.jpg\",\"width\":531,\"height\":379,\"caption\":\"Escort 8500ci Plus\"},{\"@type\":\"BreadcrumbList\",\"@id\":\"https:\/\/radarservice.eu\/es\/producto\/escort-8500ci-plus\/#breadcrumb\",\"itemListElement\":[{\"@type\":\"ListItem\",\"position\":1,\"name\":\"Tienda\",\"item\":\"https:\/\/radarservice.eu\/es\/tienda\/\"},{\"@type\":\"ListItem\",\"position\":2,\"name\":\"ESCORT 8500ci PLUS\"}]},{\"@type\":\"WebSite\",\"@id\":\"https:\/\/radarservice.eu\/es\/#website\",\"url\":\"https:\/\/radarservice.eu\/es\/\",\"name\":\"Radar Service\",\"description\":\"Radar detector Laser jammer mobile fix\",\"publisher\":{\"@id\":\"https:\/\/radarservice.eu\/es\/#organization\"},\"potentialAction\":[{\"@type\":\"SearchAction\",\"target\":{\"@type\":\"EntryPoint\",\"urlTemplate\":\"https:\/\/radarservice.eu\/es\/?s={search_term_string}\"},\"query-input\":{\"@type\":\"PropertyValueSpecification\",\"valueRequired\":true,\"valueName\":\"search_term_string\"}}],\"inLanguage\":\"es\"},{\"@type\":\"Organization\",\"@id\":\"https:\/\/radarservice.eu\/es\/#organization\",\"name\":\"RadarService\",\"url\":\"https:\/\/radarservice.eu\/es\/\",\"logo\":{\"@type\":\"ImageObject\",\"inLanguage\":\"es\",\"@id\":\"https:\/\/radarservice.eu\/es\/#\/schema\/logo\/image\/\",\"url\":\"https:\/\/radarservice.eu\/wp-content\/uploads\/2021\/03\/Radar_detector_service.png\",\"contentUrl\":\"https:\/\/radarservice.eu\/wp-content\/uploads\/2021\/03\/Radar_detector_service.png\",\"width\":174,\"height\":48,\"caption\":\"RadarService\"},\"image\":{\"@id\":\"https:\/\/radarservice.eu\/es\/#\/schema\/logo\/image\/\"}}]}<\/script>\n<!-- \/ Yoast SEO plugin. -->","yoast_head_json":{"title":"ESCORT 8500ci PLUS | Radar Service","description":"El ESCORT 8500ci PLUS es un detector de radar fijo invisible con aviso de radar, l\u00e1ser y pantalla de trampa de radar GPS.","robots":{"index":"index","follow":"follow","max-snippet":"max-snippet:-1","max-image-preview":"max-image-preview:large","max-video-preview":"max-video-preview:-1"},"canonical":"https:\/\/radarservice.eu\/es\/producto\/escort-8500ci-plus\/","og_locale":"es_ES","og_type":"article","og_title":"ESCORT 8500ci PLUS | Radar Service","og_description":"El ESCORT 8500ci PLUS es un detector de radar fijo invisible con aviso de radar, l\u00e1ser y pantalla de trampa de radar GPS.","og_url":"https:\/\/radarservice.eu\/es\/producto\/escort-8500ci-plus\/","og_site_name":"Radar Service","og_image":[{"width":531,"height":379,"url":"https:\/\/radarservice.eu\/wp-content\/uploads\/2020\/09\/escort8500ci_plus_set.jpg","type":"image\/jpeg"}],"twitter_card":"summary_large_image","twitter_misc":{"Tiempo de lectura":"1 minuto"},"schema":{"@context":"https:\/\/schema.org","@graph":[{"@type":"WebPage","@id":"https:\/\/radarservice.eu\/es\/producto\/escort-8500ci-plus\/","url":"https:\/\/radarservice.eu\/es\/producto\/escort-8500ci-plus\/","name":"ESCORT 8500ci PLUS | Radar Service","isPartOf":{"@id":"https:\/\/radarservice.eu\/es\/#website"},"primaryImageOfPage":{"@id":"https:\/\/radarservice.eu\/es\/producto\/escort-8500ci-plus\/#primaryimage"},"image":{"@id":"https:\/\/radarservice.eu\/es\/producto\/escort-8500ci-plus\/#primaryimage"},"thumbnailUrl":"https:\/\/radarservice.eu\/wp-content\/uploads\/2020\/09\/escort8500ci_plus_set.jpg","datePublished":"2021-03-24T07:16:17+00:00","description":"El ESCORT 8500ci PLUS es un detector de radar fijo invisible con aviso de radar, l\u00e1ser y pantalla de trampa de radar GPS.","breadcrumb":{"@id":"https:\/\/radarservice.eu\/es\/producto\/escort-8500ci-plus\/#breadcrumb"},"inLanguage":"es","potentialAction":[{"@type":"ReadAction","target":["https:\/\/radarservice.eu\/es\/producto\/escort-8500ci-plus\/"]}]},{"@type":"ImageObject","inLanguage":"es","@id":"https:\/\/radarservice.eu\/es\/producto\/escort-8500ci-plus\/#primaryimage","url":"https:\/\/radarservice.eu\/wp-content\/uploads\/2020\/09\/escort8500ci_plus_set.jpg","contentUrl":"https:\/\/radarservice.eu\/wp-content\/uploads\/2020\/09\/escort8500ci_plus_set.jpg","width":531,"height":379,"caption":"Escort 8500ci Plus"},{"@type":"BreadcrumbList","@id":"https:\/\/radarservice.eu\/es\/producto\/escort-8500ci-plus\/#breadcrumb","itemListElement":[{"@type":"ListItem","position":1,"name":"Tienda","item":"https:\/\/radarservice.eu\/es\/tienda\/"},{"@type":"ListItem","position":2,"name":"ESCORT 8500ci PLUS"}]},{"@type":"WebSite","@id":"https:\/\/radarservice.eu\/es\/#website","url":"https:\/\/radarservice.eu\/es\/","name":"Radar Service","description":"Radar detector Laser jammer mobile fix","publisher":{"@id":"https:\/\/radarservice.eu\/es\/#organization"},"potentialAction":[{"@type":"SearchAction","target":{"@type":"EntryPoint","urlTemplate":"https:\/\/radarservice.eu\/es\/?s={search_term_string}"},"query-input":{"@type":"PropertyValueSpecification","valueRequired":true,"valueName":"search_term_string"}}],"inLanguage":"es"},{"@type":"Organization","@id":"https:\/\/radarservice.eu\/es\/#organization","name":"RadarService","url":"https:\/\/radarservice.eu\/es\/","logo":{"@type":"ImageObject","inLanguage":"es","@id":"https:\/\/radarservice.eu\/es\/#\/schema\/logo\/image\/","url":"https:\/\/radarservice.eu\/wp-content\/uploads\/2021\/03\/Radar_detector_service.png","contentUrl":"https:\/\/radarservice.eu\/wp-content\/uploads\/2021\/03\/Radar_detector_service.png","width":174,"height":48,"caption":"RadarService"},"image":{"@id":"https:\/\/radarservice.eu\/es\/#\/schema\/logo\/image\/"}}]}},"_links":{"self":[{"href":"https:\/\/radarservice.eu\/es\/wp-json\/wp\/v2\/product\/15082","targetHints":{"allow":["GET"]}}],"collection":[{"href":"https:\/\/radarservice.eu\/es\/wp-json\/wp\/v2\/product"}],"about":[{"href":"https:\/\/radarservice.eu\/es\/wp-json\/wp\/v2\/types\/product"}],"replies":[{"embeddable":true,"href":"https:\/\/radarservice.eu\/es\/wp-json\/wp\/v2\/comments?post=15082"}],"wp:featuredmedia":[{"embeddable":true,"href":"https:\/\/radarservice.eu\/es\/wp-json\/wp\/v2\/media\/15086"}],"wp:attachment":[{"href":"https:\/\/radarservice.eu\/es\/wp-json\/wp\/v2\/media?parent=15082"}],"wp:term":[{"taxonomy":"product_brand","embeddable":true,"href":"https:\/\/radarservice.eu\/es\/wp-json\/wp\/v2\/product_brand?post=15082"},{"taxonomy":"product_cat","embeddable":true,"href":"https:\/\/radarservice.eu\/es\/wp-json\/wp\/v2\/product_cat?post=15082"},{"taxonomy":"product_tag","embeddable":true,"href":"https:\/\/radarservice.eu\/es\/wp-json\/wp\/v2\/product_tag?post=15082"}],"curies":[{"name":"wp","href":"https:\/\/api.w.org\/{rel}","templated":true}]}}