{"id":15071,"date":"2021-03-24T08:13:07","date_gmt":"2021-03-24T07:13:07","guid":{"rendered":"https:\/\/radarservice.eu\/produkt\/escort-redline-360c-internacional\/"},"modified":"2021-04-02T12:25:16","modified_gmt":"2021-04-02T10:25:16","slug":"escort-redline-360c-internacional","status":"publish","type":"product","link":"https:\/\/radarservice.eu\/es\/producto\/escort-redline-360c-internacional\/","title":{"rendered":"Escort Redline 360c Internacional"},"content":{"rendered":"<p>El Escort Redline 360c no es para todo el mundo, sino s\u00f3lo para aquellos que esperan lo mejor.  Gracias a su extremo alcance (2x mayor alcance en comparaci\u00f3n con el Escort Redline EX) usted sabe exactamente lo que est\u00e1 sucediendo delante, detr\u00e1s y en todas partes a su alrededor. El detector de radares Escort Redline 360c detecta de forma fiable las trampas de velocidad y las mediciones l\u00e1ser. Incluso los nuevos radares MultaRadar (MRCD \/ MRCT \/ Moving) y Gatso se informan a tiempo. Los radares fijos y los tramos de control de velocidad son informados de forma fiable por el receptor GPS integrado y una base de datos europea. <\/p>\n<p>Gracias al nuevo filtro de falsas alarmas, \u00e9stas se suprimen espec\u00edficamente.<\/p>\n<p\n\n\n<p>La avanzada tecnolog\u00eda de sigilo del Escort Redline 360c garantiza una protecci\u00f3n fiable frente a los detectores de radar utilizados por la polic\u00eda francesa y holandesa.<\/p>\n<p><p><strong>Presentaci\u00f3n:<\/strong><br \/>\n+ Detector de radar m\u00f3vil con conector de mechero de 12V<br \/>.<br \/>\n+ Aviso de radar y l\u00e1ser (banda X \/ banda K \/ banda KA \/ MultaRadar \/ Gatso y l\u00e1ser)<br \/>\n+ Tecnolog\u00eda True-Lock GPS AutoLearn para la supresi\u00f3n de falsas alarmas<br \/>.<br \/>\n+ veloc\u00edmetro GPS<br \/>\n+ Protecci\u00f3n electr\u00f3nica contra la detecci\u00f3n por parte de los detectores de radar<br \/>\n+ pantalla OLED multicolor<br \/>\n+ control de brillo multinivel m\u00e1s modo oscuro<br \/>\n+ m\u00faltiples opciones de ajuste<\/p>\n<p><strong>Alcance de la entrega:<\/strong><br \/>\n* Detector de radar Escort Redline 360c<br \/>\n* Accesorios para el montaje en el parabrisas (ventosas)<br \/>.<br \/>\n* Fuente de alimentaci\u00f3n de 12V con conector de mechero<br \/>.<br \/>\n* Manual de instrucciones<\/p>\n<p><strong>Nota:<\/strong> El Escort Redline 360c tiene recepci\u00f3n l\u00e1ser, pero para una protecci\u00f3n l\u00e1ser segura recomendamos el uso de un bloqueador l\u00e1ser activo, por ejemplo, Antilaser ALP Priority o Lasertrack Flare.<\/p>\n<p\n\n<\/p>\n","protected":false},"excerpt":{"rendered":"<p>El Escort Redline 360c no es para todo el mundo, sino s\u00f3lo para aquellos que esperan lo mejor. Gracias a su extremo alcance (2x mayor alcance en comparaci\u00f3n con el Escort Redline EX) usted sabe exactamente lo que est\u00e1 sucediendo delante, detr\u00e1s y en todas partes a su alrededor. El detector de radares Escort Redline [&#8230;]\n","protected":false},"featured_media":15076,"comment_status":"open","ping_status":"closed","template":"","meta":[],"product_brand":[],"product_cat":[918,988],"product_tag":[1019,1020,901,990,1022,902,1021,1023],"class_list":{"0":"post-15071","1":"product","2":"type-product","3":"status-publish","4":"has-post-thumbnail","6":"product_cat-detectores-de-radar-moviles","7":"product_cat-escort-es","8":"product_tag-alemania","9":"product_tag-barato","10":"product_tag-detector-de-radar","11":"product_tag-escort-redline-es","12":"product_tag-escort-redline-360c-es","13":"product_tag-europa-es","14":"product_tag-modelo-basico","15":"product_tag-redline-360c-es","17":"first","18":"onbackorder","19":"sale","20":"taxable","21":"shipping-taxable","22":"purchasable","23":"product-type-simple"},"yoast_head":"<!-- This site is optimized with the Yoast SEO plugin v27.2 - https:\/\/yoast.com\/product\/yoast-seo-wordpress\/ -->\n<title>Escort Redline 360c Internacional | Radar Service<\/title>\n<meta name=\"description\" content=\"Escort Redline 360c Internacional | Radar Service\" \/>\n<meta name=\"robots\" content=\"index, follow, max-snippet:-1, max-image-preview:large, max-video-preview:-1\" \/>\n<link rel=\"canonical\" href=\"https:\/\/radarservice.eu\/es\/producto\/escort-redline-360c-internacional\/\" \/>\n<meta property=\"og:locale\" content=\"es_ES\" \/>\n<meta property=\"og:type\" content=\"article\" \/>\n<meta property=\"og:title\" content=\"Escort Redline 360c Internacional | Radar Service\" \/>\n<meta property=\"og:description\" content=\"Escort Redline 360c Internacional | Radar Service\" \/>\n<meta property=\"og:url\" content=\"https:\/\/radarservice.eu\/es\/producto\/escort-redline-360c-internacional\/\" \/>\n<meta property=\"og:site_name\" content=\"Radar Service\" \/>\n<meta property=\"article:modified_time\" content=\"2021-04-02T10:25:16+00:00\" \/>\n<meta property=\"og:image\" content=\"https:\/\/radarservice.eu\/wp-content\/uploads\/2020\/09\/Escort_Redline_360c_International_display.jpg\" \/>\n\t<meta property=\"og:image:width\" content=\"800\" \/>\n\t<meta property=\"og:image:height\" content=\"800\" \/>\n\t<meta property=\"og:image:type\" content=\"image\/jpeg\" \/>\n<meta name=\"twitter:card\" content=\"summary_large_image\" \/>\n<meta name=\"twitter:label1\" content=\"Tiempo de lectura\" \/>\n\t<meta name=\"twitter:data1\" content=\"1 minuto\" \/>\n<script type=\"application\/ld+json\" class=\"yoast-schema-graph\">{\"@context\":\"https:\/\/schema.org\",\"@graph\":[{\"@type\":\"WebPage\",\"@id\":\"https:\/\/radarservice.eu\/es\/producto\/escort-redline-360c-internacional\/\",\"url\":\"https:\/\/radarservice.eu\/es\/producto\/escort-redline-360c-internacional\/\",\"name\":\"Escort Redline 360c Internacional | Radar Service\",\"isPartOf\":{\"@id\":\"https:\/\/radarservice.eu\/es\/#website\"},\"primaryImageOfPage\":{\"@id\":\"https:\/\/radarservice.eu\/es\/producto\/escort-redline-360c-internacional\/#primaryimage\"},\"image\":{\"@id\":\"https:\/\/radarservice.eu\/es\/producto\/escort-redline-360c-internacional\/#primaryimage\"},\"thumbnailUrl\":\"https:\/\/radarservice.eu\/wp-content\/uploads\/2020\/09\/Escort_Redline_360c_International_display.jpg\",\"datePublished\":\"2021-03-24T07:13:07+00:00\",\"dateModified\":\"2021-04-02T10:25:16+00:00\",\"description\":\"Escort Redline 360c Internacional | Radar Service\",\"breadcrumb\":{\"@id\":\"https:\/\/radarservice.eu\/es\/producto\/escort-redline-360c-internacional\/#breadcrumb\"},\"inLanguage\":\"es\",\"potentialAction\":[{\"@type\":\"ReadAction\",\"target\":[\"https:\/\/radarservice.eu\/es\/producto\/escort-redline-360c-internacional\/\"]}]},{\"@type\":\"ImageObject\",\"inLanguage\":\"es\",\"@id\":\"https:\/\/radarservice.eu\/es\/producto\/escort-redline-360c-internacional\/#primaryimage\",\"url\":\"https:\/\/radarservice.eu\/wp-content\/uploads\/2020\/09\/Escort_Redline_360c_International_display.jpg\",\"contentUrl\":\"https:\/\/radarservice.eu\/wp-content\/uploads\/2020\/09\/Escort_Redline_360c_International_display.jpg\",\"width\":800,\"height\":800,\"caption\":\"Escort Redline 360c Internacional\"},{\"@type\":\"BreadcrumbList\",\"@id\":\"https:\/\/radarservice.eu\/es\/producto\/escort-redline-360c-internacional\/#breadcrumb\",\"itemListElement\":[{\"@type\":\"ListItem\",\"position\":1,\"name\":\"Tienda\",\"item\":\"https:\/\/radarservice.eu\/es\/tienda\/\"},{\"@type\":\"ListItem\",\"position\":2,\"name\":\"Escort Redline 360c Internacional\"}]},{\"@type\":\"WebSite\",\"@id\":\"https:\/\/radarservice.eu\/es\/#website\",\"url\":\"https:\/\/radarservice.eu\/es\/\",\"name\":\"Radar Service\",\"description\":\"Radar detector Laser jammer mobile fix\",\"publisher\":{\"@id\":\"https:\/\/radarservice.eu\/es\/#organization\"},\"potentialAction\":[{\"@type\":\"SearchAction\",\"target\":{\"@type\":\"EntryPoint\",\"urlTemplate\":\"https:\/\/radarservice.eu\/es\/?s={search_term_string}\"},\"query-input\":{\"@type\":\"PropertyValueSpecification\",\"valueRequired\":true,\"valueName\":\"search_term_string\"}}],\"inLanguage\":\"es\"},{\"@type\":\"Organization\",\"@id\":\"https:\/\/radarservice.eu\/es\/#organization\",\"name\":\"RadarService\",\"url\":\"https:\/\/radarservice.eu\/es\/\",\"logo\":{\"@type\":\"ImageObject\",\"inLanguage\":\"es\",\"@id\":\"https:\/\/radarservice.eu\/es\/#\/schema\/logo\/image\/\",\"url\":\"https:\/\/radarservice.eu\/wp-content\/uploads\/2021\/03\/Radar_detector_service.png\",\"contentUrl\":\"https:\/\/radarservice.eu\/wp-content\/uploads\/2021\/03\/Radar_detector_service.png\",\"width\":174,\"height\":48,\"caption\":\"RadarService\"},\"image\":{\"@id\":\"https:\/\/radarservice.eu\/es\/#\/schema\/logo\/image\/\"}}]}<\/script>\n<!-- \/ Yoast SEO plugin. -->","yoast_head_json":{"title":"Escort Redline 360c Internacional | Radar Service","description":"Escort Redline 360c Internacional | Radar Service","robots":{"index":"index","follow":"follow","max-snippet":"max-snippet:-1","max-image-preview":"max-image-preview:large","max-video-preview":"max-video-preview:-1"},"canonical":"https:\/\/radarservice.eu\/es\/producto\/escort-redline-360c-internacional\/","og_locale":"es_ES","og_type":"article","og_title":"Escort Redline 360c Internacional | Radar Service","og_description":"Escort Redline 360c Internacional | Radar Service","og_url":"https:\/\/radarservice.eu\/es\/producto\/escort-redline-360c-internacional\/","og_site_name":"Radar Service","article_modified_time":"2021-04-02T10:25:16+00:00","og_image":[{"width":800,"height":800,"url":"https:\/\/radarservice.eu\/wp-content\/uploads\/2020\/09\/Escort_Redline_360c_International_display.jpg","type":"image\/jpeg"}],"twitter_card":"summary_large_image","twitter_misc":{"Tiempo de lectura":"1 minuto"},"schema":{"@context":"https:\/\/schema.org","@graph":[{"@type":"WebPage","@id":"https:\/\/radarservice.eu\/es\/producto\/escort-redline-360c-internacional\/","url":"https:\/\/radarservice.eu\/es\/producto\/escort-redline-360c-internacional\/","name":"Escort Redline 360c Internacional | Radar Service","isPartOf":{"@id":"https:\/\/radarservice.eu\/es\/#website"},"primaryImageOfPage":{"@id":"https:\/\/radarservice.eu\/es\/producto\/escort-redline-360c-internacional\/#primaryimage"},"image":{"@id":"https:\/\/radarservice.eu\/es\/producto\/escort-redline-360c-internacional\/#primaryimage"},"thumbnailUrl":"https:\/\/radarservice.eu\/wp-content\/uploads\/2020\/09\/Escort_Redline_360c_International_display.jpg","datePublished":"2021-03-24T07:13:07+00:00","dateModified":"2021-04-02T10:25:16+00:00","description":"Escort Redline 360c Internacional | Radar Service","breadcrumb":{"@id":"https:\/\/radarservice.eu\/es\/producto\/escort-redline-360c-internacional\/#breadcrumb"},"inLanguage":"es","potentialAction":[{"@type":"ReadAction","target":["https:\/\/radarservice.eu\/es\/producto\/escort-redline-360c-internacional\/"]}]},{"@type":"ImageObject","inLanguage":"es","@id":"https:\/\/radarservice.eu\/es\/producto\/escort-redline-360c-internacional\/#primaryimage","url":"https:\/\/radarservice.eu\/wp-content\/uploads\/2020\/09\/Escort_Redline_360c_International_display.jpg","contentUrl":"https:\/\/radarservice.eu\/wp-content\/uploads\/2020\/09\/Escort_Redline_360c_International_display.jpg","width":800,"height":800,"caption":"Escort Redline 360c Internacional"},{"@type":"BreadcrumbList","@id":"https:\/\/radarservice.eu\/es\/producto\/escort-redline-360c-internacional\/#breadcrumb","itemListElement":[{"@type":"ListItem","position":1,"name":"Tienda","item":"https:\/\/radarservice.eu\/es\/tienda\/"},{"@type":"ListItem","position":2,"name":"Escort Redline 360c Internacional"}]},{"@type":"WebSite","@id":"https:\/\/radarservice.eu\/es\/#website","url":"https:\/\/radarservice.eu\/es\/","name":"Radar Service","description":"Radar detector Laser jammer mobile fix","publisher":{"@id":"https:\/\/radarservice.eu\/es\/#organization"},"potentialAction":[{"@type":"SearchAction","target":{"@type":"EntryPoint","urlTemplate":"https:\/\/radarservice.eu\/es\/?s={search_term_string}"},"query-input":{"@type":"PropertyValueSpecification","valueRequired":true,"valueName":"search_term_string"}}],"inLanguage":"es"},{"@type":"Organization","@id":"https:\/\/radarservice.eu\/es\/#organization","name":"RadarService","url":"https:\/\/radarservice.eu\/es\/","logo":{"@type":"ImageObject","inLanguage":"es","@id":"https:\/\/radarservice.eu\/es\/#\/schema\/logo\/image\/","url":"https:\/\/radarservice.eu\/wp-content\/uploads\/2021\/03\/Radar_detector_service.png","contentUrl":"https:\/\/radarservice.eu\/wp-content\/uploads\/2021\/03\/Radar_detector_service.png","width":174,"height":48,"caption":"RadarService"},"image":{"@id":"https:\/\/radarservice.eu\/es\/#\/schema\/logo\/image\/"}}]}},"_links":{"self":[{"href":"https:\/\/radarservice.eu\/es\/wp-json\/wp\/v2\/product\/15071","targetHints":{"allow":["GET"]}}],"collection":[{"href":"https:\/\/radarservice.eu\/es\/wp-json\/wp\/v2\/product"}],"about":[{"href":"https:\/\/radarservice.eu\/es\/wp-json\/wp\/v2\/types\/product"}],"replies":[{"embeddable":true,"href":"https:\/\/radarservice.eu\/es\/wp-json\/wp\/v2\/comments?post=15071"}],"wp:featuredmedia":[{"embeddable":true,"href":"https:\/\/radarservice.eu\/es\/wp-json\/wp\/v2\/media\/15076"}],"wp:attachment":[{"href":"https:\/\/radarservice.eu\/es\/wp-json\/wp\/v2\/media?parent=15071"}],"wp:term":[{"taxonomy":"product_brand","embeddable":true,"href":"https:\/\/radarservice.eu\/es\/wp-json\/wp\/v2\/product_brand?post=15071"},{"taxonomy":"product_cat","embeddable":true,"href":"https:\/\/radarservice.eu\/es\/wp-json\/wp\/v2\/product_cat?post=15071"},{"taxonomy":"product_tag","embeddable":true,"href":"https:\/\/radarservice.eu\/es\/wp-json\/wp\/v2\/product_tag?post=15071"}],"curies":[{"name":"wp","href":"https:\/\/api.w.org\/{rel}","templated":true}]}}