{"id":15065,"date":"2021-03-24T08:11:06","date_gmt":"2021-03-24T07:11:06","guid":{"rendered":"https:\/\/radarservice.eu\/produkt\/genevo-ff-laser-jammer-laser-blocker\/"},"modified":"2021-03-24T08:11:06","modified_gmt":"2021-03-24T07:11:06","slug":"genevo-ff-laser-jammer-laser-blocker","status":"publish","type":"product","link":"https:\/\/radarservice.eu\/es\/producto\/genevo-ff-laser-jammer-laser-blocker\/","title":{"rendered":"Genevo FF Laser jammer | Laser blocker"},"content":{"rendered":"<p>El nuevo sistema l\u00e1ser Genevo FF puede utilizarse tanto como sensor de aparcamiento legal y\/o como inhibidor l\u00e1ser contra las mediciones de velocidad con pistolas l\u00e1ser.<br \/>\nEl dise\u00f1o muy peque\u00f1o de los sensores y el soporte de matr\u00edcula Genevo especialmente desarrollado para la instalaci\u00f3n invisible est\u00e1ndar permiten por primera vez una instalaci\u00f3n completamente invisible y al mismo tiempo sencilla de los sensores de aparcamiento y de interferencia l\u00e1ser.<br \/>\nLa funci\u00f3n de interferencia l\u00e1ser tambi\u00e9n puede desconectarse de forma irrevocable con s\u00f3lo pulsar un bot\u00f3n y de acuerdo con la StVO. As\u00ed, la operaci\u00f3n legal puede establecerse en cualquier momento.<\/p>\n<p><p><strong>Nota:<\/strong> Para cubrir completamente la superficie del veh\u00edculo, recomendamos para su uso en un coche o SUV la versi\u00f3n Genevo FF2 con 2 sensores.<br \/>\nSi desea proteger la parte trasera del veh\u00edculo adem\u00e1s de la delantera, le recomendamos la versi\u00f3n FF2x2 para turismos o todoterrenos.<br \/>\nLas motocicletas s\u00f3lo necesitan la versi\u00f3n sencilla Genevo FF con sensor o la Genevo FF2 para la protecci\u00f3n delantera y trasera.<br \/>\nLa versi\u00f3n Genevo FF4 con 4 sensores se recomienda para camiones y autocares y para la protecci\u00f3n delantera y trasera la versi\u00f3n FF4x4 con 8 sensores.<\/p>\n<p><p><strong>Presentaci\u00f3n:<\/strong><br \/>\n+ sensores l\u00e1ser m\u00e1s peque\u00f1os del mercado<br \/>.<br \/>\n+ soporte de matr\u00edcula especial para facilitar &amp; instalaci\u00f3n invisible (dimensiones soporte: 520mm x 110mm &#8211; norma UE, no apto para Austria)<br \/>\n+ puede utilizarse como asistente de aparcamiento asistido por l\u00e1ser<br \/>\n+ Aviso de l\u00e1ser o interferencia de l\u00e1ser activo contra todas las mediciones de l\u00e1ser<br \/>\n+ El funcionamiento legal como asistente de aparcamiento puro puede activarse pulsando un bot\u00f3n<br \/>\n+ Marca de prueba CE y E certificada<\/p>\n<p><strong>Alcance del suministro:<\/strong><br \/>\n* Sensores l\u00e1ser (s\u00ed tras la selecci\u00f3n 1 \/ 2 \/ 4 u 8 sensores)<br \/>\n* Unidad de control<br \/>\n* Juego de cables incl. altavoz y LED<\/p>\n","protected":false},"excerpt":{"rendered":"<p>El nuevo sistema l\u00e1ser Genevo FF puede utilizarse tanto como sensor de aparcamiento legal y\/o como inhibidor l\u00e1ser contra las mediciones de velocidad con pistolas l\u00e1ser. El dise\u00f1o muy peque\u00f1o de los sensores y el soporte de matr\u00edcula Genevo especialmente desarrollado para la instalaci\u00f3n invisible est\u00e1ndar permiten por primera vez una instalaci\u00f3n completamente invisible y [&#8230;]\n","protected":false},"featured_media":15066,"comment_status":"open","ping_status":"closed","template":"","meta":[],"product_brand":[],"product_cat":[899,912],"product_tag":[943,904,942,1018,1017],"class_list":{"0":"post-15065","1":"product","2":"type-product","3":"status-publish","4":"has-post-thumbnail","6":"product_cat-genevo-es","7":"product_cat-interferente-laser","8":"product_tag-bloqueador-laser","9":"product_tag-genevo-ff-es","10":"product_tag-interferente-laser","11":"product_tag-sensores-de-aparcamiento","12":"product_tag-sensores-laser","14":"first","15":"onbackorder","16":"taxable","17":"shipping-taxable","18":"purchasable","19":"product-type-simple"},"yoast_head":"<!-- This site is optimized with the Yoast SEO plugin v27.2 - https:\/\/yoast.com\/product\/yoast-seo-wordpress\/ -->\n<title>Genevo FF Laser jammer | Laser blocker | Radar Service<\/title>\n<meta name=\"description\" content=\"El Genevo FF Antilaser puede utilizarse como sensor de aparcamiento legal y bloqueador l\u00e1ser contra las mediciones de velocidad con pistolas l\u00e1ser.\" \/>\n<meta name=\"robots\" content=\"index, follow, max-snippet:-1, max-image-preview:large, max-video-preview:-1\" \/>\n<link rel=\"canonical\" href=\"https:\/\/radarservice.eu\/es\/producto\/genevo-ff-laser-jammer-laser-blocker\/\" \/>\n<meta property=\"og:locale\" content=\"es_ES\" \/>\n<meta property=\"og:type\" content=\"article\" \/>\n<meta property=\"og:title\" content=\"Genevo FF Laser jammer | Laser blocker | Radar Service\" \/>\n<meta property=\"og:description\" content=\"El Genevo FF Antilaser puede utilizarse como sensor de aparcamiento legal y bloqueador l\u00e1ser contra las mediciones de velocidad con pistolas l\u00e1ser.\" \/>\n<meta property=\"og:url\" content=\"https:\/\/radarservice.eu\/es\/producto\/genevo-ff-laser-jammer-laser-blocker\/\" \/>\n<meta property=\"og:site_name\" content=\"Radar Service\" \/>\n<meta property=\"og:image\" content=\"https:\/\/radarservice.eu\/wp-content\/uploads\/2020\/09\/GENEVO_FF_Nummerschildhalterung.png\" \/>\n\t<meta property=\"og:image:width\" content=\"725\" \/>\n\t<meta property=\"og:image:height\" content=\"472\" \/>\n\t<meta property=\"og:image:type\" content=\"image\/png\" \/>\n<meta name=\"twitter:card\" content=\"summary_large_image\" \/>\n<meta name=\"twitter:label1\" content=\"Tiempo de lectura\" \/>\n\t<meta name=\"twitter:data1\" content=\"2 minutos\" \/>\n<script type=\"application\/ld+json\" class=\"yoast-schema-graph\">{\"@context\":\"https:\/\/schema.org\",\"@graph\":[{\"@type\":\"WebPage\",\"@id\":\"https:\/\/radarservice.eu\/es\/producto\/genevo-ff-laser-jammer-laser-blocker\/\",\"url\":\"https:\/\/radarservice.eu\/es\/producto\/genevo-ff-laser-jammer-laser-blocker\/\",\"name\":\"Genevo FF Laser jammer | Laser blocker | Radar Service\",\"isPartOf\":{\"@id\":\"https:\/\/radarservice.eu\/es\/#website\"},\"primaryImageOfPage\":{\"@id\":\"https:\/\/radarservice.eu\/es\/producto\/genevo-ff-laser-jammer-laser-blocker\/#primaryimage\"},\"image\":{\"@id\":\"https:\/\/radarservice.eu\/es\/producto\/genevo-ff-laser-jammer-laser-blocker\/#primaryimage\"},\"thumbnailUrl\":\"https:\/\/radarservice.eu\/wp-content\/uploads\/2020\/09\/GENEVO_FF_Nummerschildhalterung.png\",\"datePublished\":\"2021-03-24T07:11:06+00:00\",\"description\":\"El Genevo FF Antilaser puede utilizarse como sensor de aparcamiento legal y bloqueador l\u00e1ser contra las mediciones de velocidad con pistolas l\u00e1ser.\",\"breadcrumb\":{\"@id\":\"https:\/\/radarservice.eu\/es\/producto\/genevo-ff-laser-jammer-laser-blocker\/#breadcrumb\"},\"inLanguage\":\"es\",\"potentialAction\":[{\"@type\":\"ReadAction\",\"target\":[\"https:\/\/radarservice.eu\/es\/producto\/genevo-ff-laser-jammer-laser-blocker\/\"]}]},{\"@type\":\"ImageObject\",\"inLanguage\":\"es\",\"@id\":\"https:\/\/radarservice.eu\/es\/producto\/genevo-ff-laser-jammer-laser-blocker\/#primaryimage\",\"url\":\"https:\/\/radarservice.eu\/wp-content\/uploads\/2020\/09\/GENEVO_FF_Nummerschildhalterung.png\",\"contentUrl\":\"https:\/\/radarservice.eu\/wp-content\/uploads\/2020\/09\/GENEVO_FF_Nummerschildhalterung.png\",\"width\":725,\"height\":472,\"caption\":\"GENEVO FF Soporte de matr\u00edcula\"},{\"@type\":\"BreadcrumbList\",\"@id\":\"https:\/\/radarservice.eu\/es\/producto\/genevo-ff-laser-jammer-laser-blocker\/#breadcrumb\",\"itemListElement\":[{\"@type\":\"ListItem\",\"position\":1,\"name\":\"Tienda\",\"item\":\"https:\/\/radarservice.eu\/es\/tienda\/\"},{\"@type\":\"ListItem\",\"position\":2,\"name\":\"Genevo FF Laser jammer | Laser blocker\"}]},{\"@type\":\"WebSite\",\"@id\":\"https:\/\/radarservice.eu\/es\/#website\",\"url\":\"https:\/\/radarservice.eu\/es\/\",\"name\":\"Radar Service\",\"description\":\"Radar detector Laser jammer mobile fix\",\"publisher\":{\"@id\":\"https:\/\/radarservice.eu\/es\/#organization\"},\"potentialAction\":[{\"@type\":\"SearchAction\",\"target\":{\"@type\":\"EntryPoint\",\"urlTemplate\":\"https:\/\/radarservice.eu\/es\/?s={search_term_string}\"},\"query-input\":{\"@type\":\"PropertyValueSpecification\",\"valueRequired\":true,\"valueName\":\"search_term_string\"}}],\"inLanguage\":\"es\"},{\"@type\":\"Organization\",\"@id\":\"https:\/\/radarservice.eu\/es\/#organization\",\"name\":\"RadarService\",\"url\":\"https:\/\/radarservice.eu\/es\/\",\"logo\":{\"@type\":\"ImageObject\",\"inLanguage\":\"es\",\"@id\":\"https:\/\/radarservice.eu\/es\/#\/schema\/logo\/image\/\",\"url\":\"https:\/\/radarservice.eu\/wp-content\/uploads\/2021\/03\/Radar_detector_service.png\",\"contentUrl\":\"https:\/\/radarservice.eu\/wp-content\/uploads\/2021\/03\/Radar_detector_service.png\",\"width\":174,\"height\":48,\"caption\":\"RadarService\"},\"image\":{\"@id\":\"https:\/\/radarservice.eu\/es\/#\/schema\/logo\/image\/\"}}]}<\/script>\n<!-- \/ Yoast SEO plugin. -->","yoast_head_json":{"title":"Genevo FF Laser jammer | Laser blocker | Radar Service","description":"El Genevo FF Antilaser puede utilizarse como sensor de aparcamiento legal y bloqueador l\u00e1ser contra las mediciones de velocidad con pistolas l\u00e1ser.","robots":{"index":"index","follow":"follow","max-snippet":"max-snippet:-1","max-image-preview":"max-image-preview:large","max-video-preview":"max-video-preview:-1"},"canonical":"https:\/\/radarservice.eu\/es\/producto\/genevo-ff-laser-jammer-laser-blocker\/","og_locale":"es_ES","og_type":"article","og_title":"Genevo FF Laser jammer | Laser blocker | Radar Service","og_description":"El Genevo FF Antilaser puede utilizarse como sensor de aparcamiento legal y bloqueador l\u00e1ser contra las mediciones de velocidad con pistolas l\u00e1ser.","og_url":"https:\/\/radarservice.eu\/es\/producto\/genevo-ff-laser-jammer-laser-blocker\/","og_site_name":"Radar Service","og_image":[{"width":725,"height":472,"url":"https:\/\/radarservice.eu\/wp-content\/uploads\/2020\/09\/GENEVO_FF_Nummerschildhalterung.png","type":"image\/png"}],"twitter_card":"summary_large_image","twitter_misc":{"Tiempo de lectura":"2 minutos"},"schema":{"@context":"https:\/\/schema.org","@graph":[{"@type":"WebPage","@id":"https:\/\/radarservice.eu\/es\/producto\/genevo-ff-laser-jammer-laser-blocker\/","url":"https:\/\/radarservice.eu\/es\/producto\/genevo-ff-laser-jammer-laser-blocker\/","name":"Genevo FF Laser jammer | Laser blocker | Radar Service","isPartOf":{"@id":"https:\/\/radarservice.eu\/es\/#website"},"primaryImageOfPage":{"@id":"https:\/\/radarservice.eu\/es\/producto\/genevo-ff-laser-jammer-laser-blocker\/#primaryimage"},"image":{"@id":"https:\/\/radarservice.eu\/es\/producto\/genevo-ff-laser-jammer-laser-blocker\/#primaryimage"},"thumbnailUrl":"https:\/\/radarservice.eu\/wp-content\/uploads\/2020\/09\/GENEVO_FF_Nummerschildhalterung.png","datePublished":"2021-03-24T07:11:06+00:00","description":"El Genevo FF Antilaser puede utilizarse como sensor de aparcamiento legal y bloqueador l\u00e1ser contra las mediciones de velocidad con pistolas l\u00e1ser.","breadcrumb":{"@id":"https:\/\/radarservice.eu\/es\/producto\/genevo-ff-laser-jammer-laser-blocker\/#breadcrumb"},"inLanguage":"es","potentialAction":[{"@type":"ReadAction","target":["https:\/\/radarservice.eu\/es\/producto\/genevo-ff-laser-jammer-laser-blocker\/"]}]},{"@type":"ImageObject","inLanguage":"es","@id":"https:\/\/radarservice.eu\/es\/producto\/genevo-ff-laser-jammer-laser-blocker\/#primaryimage","url":"https:\/\/radarservice.eu\/wp-content\/uploads\/2020\/09\/GENEVO_FF_Nummerschildhalterung.png","contentUrl":"https:\/\/radarservice.eu\/wp-content\/uploads\/2020\/09\/GENEVO_FF_Nummerschildhalterung.png","width":725,"height":472,"caption":"GENEVO FF Soporte de matr\u00edcula"},{"@type":"BreadcrumbList","@id":"https:\/\/radarservice.eu\/es\/producto\/genevo-ff-laser-jammer-laser-blocker\/#breadcrumb","itemListElement":[{"@type":"ListItem","position":1,"name":"Tienda","item":"https:\/\/radarservice.eu\/es\/tienda\/"},{"@type":"ListItem","position":2,"name":"Genevo FF Laser jammer | Laser blocker"}]},{"@type":"WebSite","@id":"https:\/\/radarservice.eu\/es\/#website","url":"https:\/\/radarservice.eu\/es\/","name":"Radar Service","description":"Radar detector Laser jammer mobile fix","publisher":{"@id":"https:\/\/radarservice.eu\/es\/#organization"},"potentialAction":[{"@type":"SearchAction","target":{"@type":"EntryPoint","urlTemplate":"https:\/\/radarservice.eu\/es\/?s={search_term_string}"},"query-input":{"@type":"PropertyValueSpecification","valueRequired":true,"valueName":"search_term_string"}}],"inLanguage":"es"},{"@type":"Organization","@id":"https:\/\/radarservice.eu\/es\/#organization","name":"RadarService","url":"https:\/\/radarservice.eu\/es\/","logo":{"@type":"ImageObject","inLanguage":"es","@id":"https:\/\/radarservice.eu\/es\/#\/schema\/logo\/image\/","url":"https:\/\/radarservice.eu\/wp-content\/uploads\/2021\/03\/Radar_detector_service.png","contentUrl":"https:\/\/radarservice.eu\/wp-content\/uploads\/2021\/03\/Radar_detector_service.png","width":174,"height":48,"caption":"RadarService"},"image":{"@id":"https:\/\/radarservice.eu\/es\/#\/schema\/logo\/image\/"}}]}},"_links":{"self":[{"href":"https:\/\/radarservice.eu\/es\/wp-json\/wp\/v2\/product\/15065","targetHints":{"allow":["GET"]}}],"collection":[{"href":"https:\/\/radarservice.eu\/es\/wp-json\/wp\/v2\/product"}],"about":[{"href":"https:\/\/radarservice.eu\/es\/wp-json\/wp\/v2\/types\/product"}],"replies":[{"embeddable":true,"href":"https:\/\/radarservice.eu\/es\/wp-json\/wp\/v2\/comments?post=15065"}],"wp:featuredmedia":[{"embeddable":true,"href":"https:\/\/radarservice.eu\/es\/wp-json\/wp\/v2\/media\/15066"}],"wp:attachment":[{"href":"https:\/\/radarservice.eu\/es\/wp-json\/wp\/v2\/media?parent=15065"}],"wp:term":[{"taxonomy":"product_brand","embeddable":true,"href":"https:\/\/radarservice.eu\/es\/wp-json\/wp\/v2\/product_brand?post=15065"},{"taxonomy":"product_cat","embeddable":true,"href":"https:\/\/radarservice.eu\/es\/wp-json\/wp\/v2\/product_cat?post=15065"},{"taxonomy":"product_tag","embeddable":true,"href":"https:\/\/radarservice.eu\/es\/wp-json\/wp\/v2\/product_tag?post=15065"}],"curies":[{"name":"wp","href":"https:\/\/api.w.org\/{rel}","templated":true}]}}