{"id":15064,"date":"2021-03-24T08:08:00","date_gmt":"2021-03-24T07:08:00","guid":{"rendered":"https:\/\/radarservice.eu\/produkt\/detector-de-radar-genevo-gps-hdm\/"},"modified":"2024-06-29T13:25:36","modified_gmt":"2024-06-29T11:25:36","slug":"detector-de-radar-genevo-gps-hdm","status":"publish","type":"product","link":"https:\/\/radarservice.eu\/es\/producto\/detector-de-radar-genevo-gps-hdm\/","title":{"rendered":"Detector de radar Genevo GPS+ HDM+"},"content":{"rendered":"<p>El detector de radar inal\u00e1mbrico Genevo HDM+ es un peque\u00f1o y potente detector de radar fijo para su instalaci\u00f3n oculta en la parte delantera del veh\u00edculo.<br \/>.<br \/>\nGracias a la carcasa a prueba de salpicaduras, la instalaci\u00f3n invisible no supone ning\u00fan problema. Los avisos ac\u00fasticos y visuales son realizados por el Genevo GPS + POI Warner con anuncio de voz en alem\u00e1n. El Genevo GPS+ se puede fijar opcionalmente con ventosas en el parabrisas o tambi\u00e9n en la consola central.<br \/>\nA trav\u00e9s del GPS+ Warner tambi\u00e9n recibir\u00e1s avisos de sistemas fijos de control de velocidad y de sem\u00e1foros en rojo en toda Europa.<\/p>\n<p\n\n\n<p>La potente antena de radar HDM+ tambi\u00e9n le avisa de forma fiable de los nuevos controles de velocidad MultaRadar (MRCD \/ MRCT \/ Moving) y Gatso en Europa.<\/p>\n<p><p><strong>Presentaci\u00f3n:<\/strong><br \/>\n+ peque\u00f1o y potente detector de radar fijo<br \/>\n+ aviso de l\u00e1ser<br \/>\n+ montaje inal\u00e1mbrico<br \/>\n+ X-, K-, KA-Band, MultaRadar, Gatso<br \/>\n+ Aviso de radar estacionario<br \/>\n+ Aviso de control de luces rojas<br \/>\n+ Advertencia para las medidas de control de secci\u00f3n (controles de secci\u00f3n)<br \/>\n+ se\u00f1ales de alarma en alem\u00e1n<br \/>\n+ Adecuado para su uso en Europa<br \/>\n+ Base de datos EUROPA para radares fijos ya preinstalada<\/p>\n<p><strong>Alcance del suministro:<\/strong><br \/>\n* Antena externa de radar inal\u00e1mbrica Genevo HDM+<br \/>\n* Genevo GPS+ POI Warner<br \/>\n* Juego de cables<br \/>\n* Material de montaje completo para la instalaci\u00f3n<br \/>\n* Manual de instrucciones<\/p>\n<p><strong>Nota:<\/strong> El detector de radares Genevo HDM+ tiene recepci\u00f3n l\u00e1ser, pero para una protecci\u00f3n l\u00e1ser segura recomendamos el uso de un bloqueador l\u00e1ser activo, por ejemplo, Antilaser ALP Priority y Lasertrack Flare.<\/p>\n<p\n\n<\/p>\n","protected":false},"excerpt":{"rendered":"<p>El detector de radar inal\u00e1mbrico Genevo HDM+ es un peque\u00f1o y potente detector de radar fijo para su instalaci\u00f3n oculta en la parte delantera del veh\u00edculo.. Gracias a la carcasa a prueba de salpicaduras, la instalaci\u00f3n invisible no supone ning\u00fan problema. Los avisos ac\u00fasticos y visuales son realizados por el Genevo GPS + POI Warner [&#8230;]\n","protected":false},"featured_media":14949,"comment_status":"open","ping_status":"closed","template":"","meta":[],"product_brand":[],"product_cat":[898,899],"product_tag":[1013,901,924,902,1001,1012,1016],"class_list":{"0":"post-15064","1":"product","2":"type-product","3":"status-publish","4":"has-post-thumbnail","6":"product_cat-detectores-de-radar-fijos","7":"product_cat-genevo-es","8":"product_tag-antena-de-radar-hdm","9":"product_tag-detector-de-radar","10":"product_tag-detector-laser","11":"product_tag-europa-es","12":"product_tag-genevo-gps-es","13":"product_tag-genevo-hdm-es","14":"product_tag-instalacion-fija-inalambrica","16":"first","17":"instock","18":"sale","19":"taxable","20":"shipping-taxable","21":"purchasable","22":"product-type-simple"},"yoast_head":"<!-- This site is optimized with the Yoast SEO plugin v27.2 - https:\/\/yoast.com\/product\/yoast-seo-wordpress\/ -->\n<title>Detector de radar Genevo GPS+ HDM+ | Radar Service<\/title>\n<meta name=\"description\" content=\"El detector de radar inal\u00e1mbrico Genevo HDM+ es un peque\u00f1o detector de radar fijo para su instalaci\u00f3n oculta en la parte delantera del veh\u00edculo.\" \/>\n<meta name=\"robots\" content=\"index, follow, max-snippet:-1, max-image-preview:large, max-video-preview:-1\" \/>\n<link rel=\"canonical\" href=\"https:\/\/radarservice.eu\/es\/producto\/detector-de-radar-genevo-gps-hdm\/\" \/>\n<meta property=\"og:locale\" content=\"es_ES\" \/>\n<meta property=\"og:type\" content=\"article\" \/>\n<meta property=\"og:title\" content=\"Detector de radar Genevo GPS+ HDM+ | Radar Service\" \/>\n<meta property=\"og:description\" content=\"El detector de radar inal\u00e1mbrico Genevo HDM+ es un peque\u00f1o detector de radar fijo para su instalaci\u00f3n oculta en la parte delantera del veh\u00edculo.\" \/>\n<meta property=\"og:url\" content=\"https:\/\/radarservice.eu\/es\/producto\/detector-de-radar-genevo-gps-hdm\/\" \/>\n<meta property=\"og:site_name\" content=\"Radar Service\" \/>\n<meta property=\"article:modified_time\" content=\"2024-06-29T11:25:36+00:00\" \/>\n<meta property=\"og:image\" content=\"https:\/\/radarservice.eu\/wp-content\/uploads\/2020\/09\/genevo_gpshdm_radarwarner.jpg\" \/>\n\t<meta property=\"og:image:width\" content=\"990\" \/>\n\t<meta property=\"og:image:height\" content=\"720\" \/>\n\t<meta property=\"og:image:type\" content=\"image\/jpeg\" \/>\n<meta name=\"twitter:card\" content=\"summary_large_image\" \/>\n<meta name=\"twitter:label1\" content=\"Tiempo de lectura\" \/>\n\t<meta name=\"twitter:data1\" content=\"1 minuto\" \/>\n<script type=\"application\/ld+json\" class=\"yoast-schema-graph\">{\"@context\":\"https:\/\/schema.org\",\"@graph\":[{\"@type\":\"WebPage\",\"@id\":\"https:\/\/radarservice.eu\/es\/producto\/detector-de-radar-genevo-gps-hdm\/\",\"url\":\"https:\/\/radarservice.eu\/es\/producto\/detector-de-radar-genevo-gps-hdm\/\",\"name\":\"Detector de radar Genevo GPS+ HDM+ | Radar Service\",\"isPartOf\":{\"@id\":\"https:\/\/radarservice.eu\/es\/#website\"},\"primaryImageOfPage\":{\"@id\":\"https:\/\/radarservice.eu\/es\/producto\/detector-de-radar-genevo-gps-hdm\/#primaryimage\"},\"image\":{\"@id\":\"https:\/\/radarservice.eu\/es\/producto\/detector-de-radar-genevo-gps-hdm\/#primaryimage\"},\"thumbnailUrl\":\"https:\/\/radarservice.eu\/wp-content\/uploads\/2020\/09\/genevo_gpshdm_radarwarner.jpg\",\"datePublished\":\"2021-03-24T07:08:00+00:00\",\"dateModified\":\"2024-06-29T11:25:36+00:00\",\"description\":\"El detector de radar inal\u00e1mbrico Genevo HDM+ es un peque\u00f1o detector de radar fijo para su instalaci\u00f3n oculta en la parte delantera del veh\u00edculo.\",\"breadcrumb\":{\"@id\":\"https:\/\/radarservice.eu\/es\/producto\/detector-de-radar-genevo-gps-hdm\/#breadcrumb\"},\"inLanguage\":\"es\",\"potentialAction\":[{\"@type\":\"ReadAction\",\"target\":[\"https:\/\/radarservice.eu\/es\/producto\/detector-de-radar-genevo-gps-hdm\/\"]}]},{\"@type\":\"ImageObject\",\"inLanguage\":\"es\",\"@id\":\"https:\/\/radarservice.eu\/es\/producto\/detector-de-radar-genevo-gps-hdm\/#primaryimage\",\"url\":\"https:\/\/radarservice.eu\/wp-content\/uploads\/2020\/09\/genevo_gpshdm_radarwarner.jpg\",\"contentUrl\":\"https:\/\/radarservice.eu\/wp-content\/uploads\/2020\/09\/genevo_gpshdm_radarwarner.jpg\",\"width\":990,\"height\":720,\"caption\":\"Detector de radar con GPS Genevo HDM+\"},{\"@type\":\"BreadcrumbList\",\"@id\":\"https:\/\/radarservice.eu\/es\/producto\/detector-de-radar-genevo-gps-hdm\/#breadcrumb\",\"itemListElement\":[{\"@type\":\"ListItem\",\"position\":1,\"name\":\"Tienda\",\"item\":\"https:\/\/radarservice.eu\/es\/tienda\/\"},{\"@type\":\"ListItem\",\"position\":2,\"name\":\"Detector de radar Genevo GPS+ HDM+\"}]},{\"@type\":\"WebSite\",\"@id\":\"https:\/\/radarservice.eu\/es\/#website\",\"url\":\"https:\/\/radarservice.eu\/es\/\",\"name\":\"Radar Service\",\"description\":\"Radar detector Laser jammer mobile fix\",\"publisher\":{\"@id\":\"https:\/\/radarservice.eu\/es\/#organization\"},\"potentialAction\":[{\"@type\":\"SearchAction\",\"target\":{\"@type\":\"EntryPoint\",\"urlTemplate\":\"https:\/\/radarservice.eu\/es\/?s={search_term_string}\"},\"query-input\":{\"@type\":\"PropertyValueSpecification\",\"valueRequired\":true,\"valueName\":\"search_term_string\"}}],\"inLanguage\":\"es\"},{\"@type\":\"Organization\",\"@id\":\"https:\/\/radarservice.eu\/es\/#organization\",\"name\":\"RadarService\",\"url\":\"https:\/\/radarservice.eu\/es\/\",\"logo\":{\"@type\":\"ImageObject\",\"inLanguage\":\"es\",\"@id\":\"https:\/\/radarservice.eu\/es\/#\/schema\/logo\/image\/\",\"url\":\"https:\/\/radarservice.eu\/wp-content\/uploads\/2021\/03\/Radar_detector_service.png\",\"contentUrl\":\"https:\/\/radarservice.eu\/wp-content\/uploads\/2021\/03\/Radar_detector_service.png\",\"width\":174,\"height\":48,\"caption\":\"RadarService\"},\"image\":{\"@id\":\"https:\/\/radarservice.eu\/es\/#\/schema\/logo\/image\/\"}}]}<\/script>\n<!-- \/ Yoast SEO plugin. -->","yoast_head_json":{"title":"Detector de radar Genevo GPS+ HDM+ | Radar Service","description":"El detector de radar inal\u00e1mbrico Genevo HDM+ es un peque\u00f1o detector de radar fijo para su instalaci\u00f3n oculta en la parte delantera del veh\u00edculo.","robots":{"index":"index","follow":"follow","max-snippet":"max-snippet:-1","max-image-preview":"max-image-preview:large","max-video-preview":"max-video-preview:-1"},"canonical":"https:\/\/radarservice.eu\/es\/producto\/detector-de-radar-genevo-gps-hdm\/","og_locale":"es_ES","og_type":"article","og_title":"Detector de radar Genevo GPS+ HDM+ | Radar Service","og_description":"El detector de radar inal\u00e1mbrico Genevo HDM+ es un peque\u00f1o detector de radar fijo para su instalaci\u00f3n oculta en la parte delantera del veh\u00edculo.","og_url":"https:\/\/radarservice.eu\/es\/producto\/detector-de-radar-genevo-gps-hdm\/","og_site_name":"Radar Service","article_modified_time":"2024-06-29T11:25:36+00:00","og_image":[{"width":990,"height":720,"url":"https:\/\/radarservice.eu\/wp-content\/uploads\/2020\/09\/genevo_gpshdm_radarwarner.jpg","type":"image\/jpeg"}],"twitter_card":"summary_large_image","twitter_misc":{"Tiempo de lectura":"1 minuto"},"schema":{"@context":"https:\/\/schema.org","@graph":[{"@type":"WebPage","@id":"https:\/\/radarservice.eu\/es\/producto\/detector-de-radar-genevo-gps-hdm\/","url":"https:\/\/radarservice.eu\/es\/producto\/detector-de-radar-genevo-gps-hdm\/","name":"Detector de radar Genevo GPS+ HDM+ | Radar Service","isPartOf":{"@id":"https:\/\/radarservice.eu\/es\/#website"},"primaryImageOfPage":{"@id":"https:\/\/radarservice.eu\/es\/producto\/detector-de-radar-genevo-gps-hdm\/#primaryimage"},"image":{"@id":"https:\/\/radarservice.eu\/es\/producto\/detector-de-radar-genevo-gps-hdm\/#primaryimage"},"thumbnailUrl":"https:\/\/radarservice.eu\/wp-content\/uploads\/2020\/09\/genevo_gpshdm_radarwarner.jpg","datePublished":"2021-03-24T07:08:00+00:00","dateModified":"2024-06-29T11:25:36+00:00","description":"El detector de radar inal\u00e1mbrico Genevo HDM+ es un peque\u00f1o detector de radar fijo para su instalaci\u00f3n oculta en la parte delantera del veh\u00edculo.","breadcrumb":{"@id":"https:\/\/radarservice.eu\/es\/producto\/detector-de-radar-genevo-gps-hdm\/#breadcrumb"},"inLanguage":"es","potentialAction":[{"@type":"ReadAction","target":["https:\/\/radarservice.eu\/es\/producto\/detector-de-radar-genevo-gps-hdm\/"]}]},{"@type":"ImageObject","inLanguage":"es","@id":"https:\/\/radarservice.eu\/es\/producto\/detector-de-radar-genevo-gps-hdm\/#primaryimage","url":"https:\/\/radarservice.eu\/wp-content\/uploads\/2020\/09\/genevo_gpshdm_radarwarner.jpg","contentUrl":"https:\/\/radarservice.eu\/wp-content\/uploads\/2020\/09\/genevo_gpshdm_radarwarner.jpg","width":990,"height":720,"caption":"Detector de radar con GPS Genevo HDM+"},{"@type":"BreadcrumbList","@id":"https:\/\/radarservice.eu\/es\/producto\/detector-de-radar-genevo-gps-hdm\/#breadcrumb","itemListElement":[{"@type":"ListItem","position":1,"name":"Tienda","item":"https:\/\/radarservice.eu\/es\/tienda\/"},{"@type":"ListItem","position":2,"name":"Detector de radar Genevo GPS+ HDM+"}]},{"@type":"WebSite","@id":"https:\/\/radarservice.eu\/es\/#website","url":"https:\/\/radarservice.eu\/es\/","name":"Radar Service","description":"Radar detector Laser jammer mobile fix","publisher":{"@id":"https:\/\/radarservice.eu\/es\/#organization"},"potentialAction":[{"@type":"SearchAction","target":{"@type":"EntryPoint","urlTemplate":"https:\/\/radarservice.eu\/es\/?s={search_term_string}"},"query-input":{"@type":"PropertyValueSpecification","valueRequired":true,"valueName":"search_term_string"}}],"inLanguage":"es"},{"@type":"Organization","@id":"https:\/\/radarservice.eu\/es\/#organization","name":"RadarService","url":"https:\/\/radarservice.eu\/es\/","logo":{"@type":"ImageObject","inLanguage":"es","@id":"https:\/\/radarservice.eu\/es\/#\/schema\/logo\/image\/","url":"https:\/\/radarservice.eu\/wp-content\/uploads\/2021\/03\/Radar_detector_service.png","contentUrl":"https:\/\/radarservice.eu\/wp-content\/uploads\/2021\/03\/Radar_detector_service.png","width":174,"height":48,"caption":"RadarService"},"image":{"@id":"https:\/\/radarservice.eu\/es\/#\/schema\/logo\/image\/"}}]}},"_links":{"self":[{"href":"https:\/\/radarservice.eu\/es\/wp-json\/wp\/v2\/product\/15064","targetHints":{"allow":["GET"]}}],"collection":[{"href":"https:\/\/radarservice.eu\/es\/wp-json\/wp\/v2\/product"}],"about":[{"href":"https:\/\/radarservice.eu\/es\/wp-json\/wp\/v2\/types\/product"}],"replies":[{"embeddable":true,"href":"https:\/\/radarservice.eu\/es\/wp-json\/wp\/v2\/comments?post=15064"}],"wp:featuredmedia":[{"embeddable":true,"href":"https:\/\/radarservice.eu\/es\/wp-json\/wp\/v2\/media\/14949"}],"wp:attachment":[{"href":"https:\/\/radarservice.eu\/es\/wp-json\/wp\/v2\/media?parent=15064"}],"wp:term":[{"taxonomy":"product_brand","embeddable":true,"href":"https:\/\/radarservice.eu\/es\/wp-json\/wp\/v2\/product_brand?post=15064"},{"taxonomy":"product_cat","embeddable":true,"href":"https:\/\/radarservice.eu\/es\/wp-json\/wp\/v2\/product_cat?post=15064"},{"taxonomy":"product_tag","embeddable":true,"href":"https:\/\/radarservice.eu\/es\/wp-json\/wp\/v2\/product_tag?post=15064"}],"curies":[{"name":"wp","href":"https:\/\/api.w.org\/{rel}","templated":true}]}}