{"id":15063,"date":"2021-03-24T08:02:03","date_gmt":"2021-03-24T07:02:03","guid":{"rendered":"https:\/\/radarservice.eu\/produkt\/detector-de-radares-y-bloqueador-laser-genevo-hd-gps-ff2\/"},"modified":"2021-03-24T08:02:03","modified_gmt":"2021-03-24T07:02:03","slug":"detector-de-radares-y-bloqueador-laser-genevo-hd-gps-ff2","status":"publish","type":"product","link":"https:\/\/radarservice.eu\/es\/producto\/detector-de-radares-y-bloqueador-laser-genevo-hd-gps-ff2\/","title":{"rendered":"Detector de radares y bloqueador l\u00e1ser Genevo HD+ &#038; GPS+ &#038; FF2"},"content":{"rendered":"<p>Paquete inicial econ\u00f3mico de detector de radar fijo Genevo y bloqueador l\u00e1ser. <\/p>\n<p> <strong>Detector de radar fijo inal\u00e1mbrico:<\/strong><br \/>El detector de radar inal\u00e1mbrico Genevo HD+ es un peque\u00f1o y potente detector de radar fijo para su instalaci\u00f3n oculta en la parte delantera del veh\u00edculo. <br \/>La carcasa a prueba de salpicaduras hace que la instalaci\u00f3n invisible no sea un problema. Los avisos ac\u00fasticos y visuales son realizados por el Genevo GPS+ POI Warner con anuncio de voz en alem\u00e1n. El Genevo GPS+ puede fijarse opcionalmente en el parabrisas con ventosas o tambi\u00e9n en la consola central.<br \/>Con el GPS+ Warner tambi\u00e9n recibir\u00e1 avisos de los sistemas de control de velocidad y de sem\u00e1foros en rojo instalados permanentemente en toda Europa. <\/p>\n<p><strong>Presentaci\u00f3n: <\/strong><br \/>+ peque\u00f1o y potente detector de radar de instalaci\u00f3n fija<br \/>+ aviso l\u00e1ser<br \/>+ montaje inal\u00e1mbrico<br \/>+ X-, K-, Banda KA y Ku<br \/>+ aviso de radar estacionario<br \/>+ aviso de control de luz roja<br \/>+ aviso de medidas de control de tramo (controles de tramo)<br \/>+ se\u00f1ales de alarma en alem\u00e1n<br \/>+ apto para su uso en Europa<br \/>+ base de datos EUROPA para radares fijos ya preinstalada<br \/><strong>Bloqueador l\u00e1ser: <\/strong><br \/>El nuevo Genevo FF2 puede utilizarse tanto como sensor de aparcamiento legal y\/o como bloqueador l\u00e1ser contra las mediciones de velocidad con pistolas l\u00e1ser. <br \/>El dise\u00f1o muy peque\u00f1o de los sensores y el soporte de matr\u00edcula Genevo especialmente desarrollado para la instalaci\u00f3n invisible de serie permiten por primera vez una instalaci\u00f3n completamente invisible y al mismo tiempo sencilla de los sensores de aparcamiento y de bloqueo l\u00e1ser.<br \/>La funci\u00f3n de bloqueo l\u00e1ser tambi\u00e9n se puede solicitar pulsando un bot\u00f3n y seg\u00fan StVO es irrevocable. Esto significa que la operaci\u00f3n legal puede establecerse en cualquier momento. <\/p>\n<p><strong>Resumen:<\/strong><br \/>+ sensores l\u00e1ser m\u00e1s peque\u00f1os del mercado<br \/>+ soporte de matr\u00edcula especial para una instalaci\u00f3n f\u00e1cil e invisible (dimensiones soporte: 520mm x 110mm &#8211; norma de la UE, no apto para Austria)<br \/>+ Se puede utilizar como asistente de aparcamiento basado en l\u00e1ser<br \/>+ Advertencia l\u00e1ser o interferencia l\u00e1ser activa contra todas las mediciones l\u00e1ser<br \/>+ El funcionamiento legal como asistente de aparcamiento puro se puede activar pulsando un bot\u00f3n<br \/>+ Certificado CE y marca E<br \/><strong>Alcance total del suministro: <\/strong><br \/>* antena de radar externa e inal\u00e1mbrica Genevo HD+ <br \/>* Genevo GPS+ POI Warner<br \/>* juego de cables para el detector de radar<br \/>* material de montaje completo para la instalaci\u00f3n del detector de radar<br \/>* instrucciones de uso detector de radar<br \/>* 2 sensores l\u00e1ser<br \/>* soporte de matr\u00edcula para sensores l\u00e1ser<br \/>* unidad de control bloqueador l\u00e1ser<br \/>* juego de cables incl. Altavoz y LED para el bloqueador l\u00e1ser<\/p>\n","protected":false},"excerpt":{"rendered":"<p>Paquete inicial econ\u00f3mico de detector de radar fijo Genevo y bloqueador l\u00e1ser. Detector de radar fijo inal\u00e1mbrico:El detector de radar inal\u00e1mbrico Genevo HD+ es un peque\u00f1o y potente detector de radar fijo para su instalaci\u00f3n oculta en la parte delantera del veh\u00edculo. La carcasa a prueba de salpicaduras hace que la instalaci\u00f3n invisible no sea [&#8230;]\n","protected":false},"featured_media":0,"comment_status":"open","ping_status":"closed","template":"","meta":[],"product_brand":[],"product_cat":[899],"product_tag":[943,901,1015,1001,1014,944],"class_list":{"0":"post-15063","1":"product","2":"type-product","3":"status-publish","5":"product_cat-genevo-es","6":"product_tag-bloqueador-laser","7":"product_tag-detector-de-radar","8":"product_tag-genevo-ff2-es","9":"product_tag-genevo-gps-es","10":"product_tag-genevo-hd-es","11":"product_tag-laserblind","13":"first","14":"instock","15":"sale","16":"taxable","17":"shipping-taxable","18":"purchasable","19":"product-type-simple"},"yoast_head":"<!-- This site is optimized with the Yoast SEO plugin v27.2 - https:\/\/yoast.com\/product\/yoast-seo-wordpress\/ -->\n<title>Detector de radares y bloqueador l\u00e1ser Genevo HD+ &amp; GPS+ &amp; FF2 | Radar Service<\/title>\n<meta name=\"description\" content=\"Detector de radares y bloqueador l\u00e1ser Genevo HD+ &amp; GPS+ &amp; FF2 | Radar Service\" \/>\n<meta name=\"robots\" content=\"index, follow, max-snippet:-1, max-image-preview:large, max-video-preview:-1\" \/>\n<link rel=\"canonical\" href=\"https:\/\/radarservice.eu\/es\/producto\/detector-de-radares-y-bloqueador-laser-genevo-hd-gps-ff2\/\" \/>\n<meta property=\"og:locale\" content=\"es_ES\" \/>\n<meta property=\"og:type\" content=\"article\" \/>\n<meta property=\"og:title\" content=\"Detector de radares y bloqueador l\u00e1ser Genevo HD+ &amp; GPS+ &amp; FF2 | Radar Service\" \/>\n<meta property=\"og:description\" content=\"Detector de radares y bloqueador l\u00e1ser Genevo HD+ &amp; GPS+ &amp; FF2 | Radar Service\" \/>\n<meta property=\"og:url\" content=\"https:\/\/radarservice.eu\/es\/producto\/detector-de-radares-y-bloqueador-laser-genevo-hd-gps-ff2\/\" \/>\n<meta property=\"og:site_name\" content=\"Radar Service\" \/>\n<meta name=\"twitter:card\" content=\"summary_large_image\" \/>\n<meta name=\"twitter:label1\" content=\"Tiempo de lectura\" \/>\n\t<meta name=\"twitter:data1\" content=\"2 minutos\" \/>\n<script type=\"application\/ld+json\" class=\"yoast-schema-graph\">{\"@context\":\"https:\/\/schema.org\",\"@graph\":[{\"@type\":\"WebPage\",\"@id\":\"https:\/\/radarservice.eu\/es\/producto\/detector-de-radares-y-bloqueador-laser-genevo-hd-gps-ff2\/\",\"url\":\"https:\/\/radarservice.eu\/es\/producto\/detector-de-radares-y-bloqueador-laser-genevo-hd-gps-ff2\/\",\"name\":\"Detector de radares y bloqueador l\u00e1ser Genevo HD+ & GPS+ & FF2 | Radar Service\",\"isPartOf\":{\"@id\":\"https:\/\/radarservice.eu\/es\/#website\"},\"datePublished\":\"2021-03-24T07:02:03+00:00\",\"description\":\"Detector de radares y bloqueador l\u00e1ser Genevo HD+ & GPS+ & FF2 | Radar Service\",\"breadcrumb\":{\"@id\":\"https:\/\/radarservice.eu\/es\/producto\/detector-de-radares-y-bloqueador-laser-genevo-hd-gps-ff2\/#breadcrumb\"},\"inLanguage\":\"es\",\"potentialAction\":[{\"@type\":\"ReadAction\",\"target\":[\"https:\/\/radarservice.eu\/es\/producto\/detector-de-radares-y-bloqueador-laser-genevo-hd-gps-ff2\/\"]}]},{\"@type\":\"BreadcrumbList\",\"@id\":\"https:\/\/radarservice.eu\/es\/producto\/detector-de-radares-y-bloqueador-laser-genevo-hd-gps-ff2\/#breadcrumb\",\"itemListElement\":[{\"@type\":\"ListItem\",\"position\":1,\"name\":\"Tienda\",\"item\":\"https:\/\/radarservice.eu\/es\/tienda\/\"},{\"@type\":\"ListItem\",\"position\":2,\"name\":\"Detector de radares y bloqueador l\u00e1ser Genevo HD+ &#038; GPS+ &#038; FF2\"}]},{\"@type\":\"WebSite\",\"@id\":\"https:\/\/radarservice.eu\/es\/#website\",\"url\":\"https:\/\/radarservice.eu\/es\/\",\"name\":\"Radar Service\",\"description\":\"Radar detector Laser jammer mobile fix\",\"publisher\":{\"@id\":\"https:\/\/radarservice.eu\/es\/#organization\"},\"potentialAction\":[{\"@type\":\"SearchAction\",\"target\":{\"@type\":\"EntryPoint\",\"urlTemplate\":\"https:\/\/radarservice.eu\/es\/?s={search_term_string}\"},\"query-input\":{\"@type\":\"PropertyValueSpecification\",\"valueRequired\":true,\"valueName\":\"search_term_string\"}}],\"inLanguage\":\"es\"},{\"@type\":\"Organization\",\"@id\":\"https:\/\/radarservice.eu\/es\/#organization\",\"name\":\"RadarService\",\"url\":\"https:\/\/radarservice.eu\/es\/\",\"logo\":{\"@type\":\"ImageObject\",\"inLanguage\":\"es\",\"@id\":\"https:\/\/radarservice.eu\/es\/#\/schema\/logo\/image\/\",\"url\":\"https:\/\/radarservice.eu\/wp-content\/uploads\/2021\/03\/Radar_detector_service.png\",\"contentUrl\":\"https:\/\/radarservice.eu\/wp-content\/uploads\/2021\/03\/Radar_detector_service.png\",\"width\":174,\"height\":48,\"caption\":\"RadarService\"},\"image\":{\"@id\":\"https:\/\/radarservice.eu\/es\/#\/schema\/logo\/image\/\"}}]}<\/script>\n<!-- \/ Yoast SEO plugin. -->","yoast_head_json":{"title":"Detector de radares y bloqueador l\u00e1ser Genevo HD+ & GPS+ & FF2 | Radar Service","description":"Detector de radares y bloqueador l\u00e1ser Genevo HD+ & GPS+ & FF2 | Radar Service","robots":{"index":"index","follow":"follow","max-snippet":"max-snippet:-1","max-image-preview":"max-image-preview:large","max-video-preview":"max-video-preview:-1"},"canonical":"https:\/\/radarservice.eu\/es\/producto\/detector-de-radares-y-bloqueador-laser-genevo-hd-gps-ff2\/","og_locale":"es_ES","og_type":"article","og_title":"Detector de radares y bloqueador l\u00e1ser Genevo HD+ & GPS+ & FF2 | Radar Service","og_description":"Detector de radares y bloqueador l\u00e1ser Genevo HD+ & GPS+ & FF2 | Radar Service","og_url":"https:\/\/radarservice.eu\/es\/producto\/detector-de-radares-y-bloqueador-laser-genevo-hd-gps-ff2\/","og_site_name":"Radar Service","twitter_card":"summary_large_image","twitter_misc":{"Tiempo de lectura":"2 minutos"},"schema":{"@context":"https:\/\/schema.org","@graph":[{"@type":"WebPage","@id":"https:\/\/radarservice.eu\/es\/producto\/detector-de-radares-y-bloqueador-laser-genevo-hd-gps-ff2\/","url":"https:\/\/radarservice.eu\/es\/producto\/detector-de-radares-y-bloqueador-laser-genevo-hd-gps-ff2\/","name":"Detector de radares y bloqueador l\u00e1ser Genevo HD+ & GPS+ & FF2 | Radar Service","isPartOf":{"@id":"https:\/\/radarservice.eu\/es\/#website"},"datePublished":"2021-03-24T07:02:03+00:00","description":"Detector de radares y bloqueador l\u00e1ser Genevo HD+ & GPS+ & FF2 | Radar Service","breadcrumb":{"@id":"https:\/\/radarservice.eu\/es\/producto\/detector-de-radares-y-bloqueador-laser-genevo-hd-gps-ff2\/#breadcrumb"},"inLanguage":"es","potentialAction":[{"@type":"ReadAction","target":["https:\/\/radarservice.eu\/es\/producto\/detector-de-radares-y-bloqueador-laser-genevo-hd-gps-ff2\/"]}]},{"@type":"BreadcrumbList","@id":"https:\/\/radarservice.eu\/es\/producto\/detector-de-radares-y-bloqueador-laser-genevo-hd-gps-ff2\/#breadcrumb","itemListElement":[{"@type":"ListItem","position":1,"name":"Tienda","item":"https:\/\/radarservice.eu\/es\/tienda\/"},{"@type":"ListItem","position":2,"name":"Detector de radares y bloqueador l\u00e1ser Genevo HD+ &#038; GPS+ &#038; FF2"}]},{"@type":"WebSite","@id":"https:\/\/radarservice.eu\/es\/#website","url":"https:\/\/radarservice.eu\/es\/","name":"Radar Service","description":"Radar detector Laser jammer mobile fix","publisher":{"@id":"https:\/\/radarservice.eu\/es\/#organization"},"potentialAction":[{"@type":"SearchAction","target":{"@type":"EntryPoint","urlTemplate":"https:\/\/radarservice.eu\/es\/?s={search_term_string}"},"query-input":{"@type":"PropertyValueSpecification","valueRequired":true,"valueName":"search_term_string"}}],"inLanguage":"es"},{"@type":"Organization","@id":"https:\/\/radarservice.eu\/es\/#organization","name":"RadarService","url":"https:\/\/radarservice.eu\/es\/","logo":{"@type":"ImageObject","inLanguage":"es","@id":"https:\/\/radarservice.eu\/es\/#\/schema\/logo\/image\/","url":"https:\/\/radarservice.eu\/wp-content\/uploads\/2021\/03\/Radar_detector_service.png","contentUrl":"https:\/\/radarservice.eu\/wp-content\/uploads\/2021\/03\/Radar_detector_service.png","width":174,"height":48,"caption":"RadarService"},"image":{"@id":"https:\/\/radarservice.eu\/es\/#\/schema\/logo\/image\/"}}]}},"_links":{"self":[{"href":"https:\/\/radarservice.eu\/es\/wp-json\/wp\/v2\/product\/15063","targetHints":{"allow":["GET"]}}],"collection":[{"href":"https:\/\/radarservice.eu\/es\/wp-json\/wp\/v2\/product"}],"about":[{"href":"https:\/\/radarservice.eu\/es\/wp-json\/wp\/v2\/types\/product"}],"replies":[{"embeddable":true,"href":"https:\/\/radarservice.eu\/es\/wp-json\/wp\/v2\/comments?post=15063"}],"wp:attachment":[{"href":"https:\/\/radarservice.eu\/es\/wp-json\/wp\/v2\/media?parent=15063"}],"wp:term":[{"taxonomy":"product_brand","embeddable":true,"href":"https:\/\/radarservice.eu\/es\/wp-json\/wp\/v2\/product_brand?post=15063"},{"taxonomy":"product_cat","embeddable":true,"href":"https:\/\/radarservice.eu\/es\/wp-json\/wp\/v2\/product_cat?post=15063"},{"taxonomy":"product_tag","embeddable":true,"href":"https:\/\/radarservice.eu\/es\/wp-json\/wp\/v2\/product_tag?post=15063"}],"curies":[{"name":"wp","href":"https:\/\/api.w.org\/{rel}","templated":true}]}}