{"id":15060,"date":"2021-03-24T07:59:25","date_gmt":"2021-03-24T06:59:25","guid":{"rendered":"https:\/\/radarservice.eu\/produkt\/antena-de-radar-inalambrica-genevo-hdm\/"},"modified":"2021-11-27T16:06:21","modified_gmt":"2021-11-27T15:06:21","slug":"antena-de-radar-genevo-hdm","status":"publish","type":"product","link":"https:\/\/radarservice.eu\/es\/producto\/antena-de-radar-genevo-hdm\/","title":{"rendered":"Antena de radar Genevo HDM+"},"content":{"rendered":"<p>La antena de radar Genevo HDM+ es una peque\u00f1a y potente antena de detector de radar fija para su instalaci\u00f3n oculta en la parte delantera del veh\u00edculo. La carcasa a prueba de salpicaduras hace que la instalaci\u00f3n invisible no sea un problema.<\/p>\n<p><strong>Resumen: <\/strong><br \/>\n+ antena de radar fija peque\u00f1a y potente<br \/>\n+ advertencia l\u00e1ser<br \/>\n+ Banda X, K, KA, MultaRadar y Gatso<\/p>\n<p><strong>Alcance de la entrega:<\/strong><br \/>\n* Antena de radar externa Genevo HDM+<br \/>\n* juego de cables<br \/>\n* Material de montaje completo para la instalaci\u00f3n<br \/>\n* Instrucciones de uso<\/p>\n","protected":false},"excerpt":{"rendered":"<p>La antena de radar Genevo HDM+ es una peque\u00f1a y potente antena de detector de radar fija para su instalaci\u00f3n oculta en la parte delantera del veh\u00edculo. La carcasa a prueba de salpicaduras hace que la instalaci\u00f3n invisible no sea un problema. Resumen: + antena de radar fija peque\u00f1a y potente + advertencia l\u00e1ser + [&#8230;]\n","protected":false},"featured_media":15061,"comment_status":"open","ping_status":"closed","template":"","meta":[],"product_brand":[],"product_cat":[898,899],"product_tag":[1013,902,905,1012,1011,903],"class_list":{"0":"post-15060","1":"product","2":"type-product","3":"status-publish","4":"has-post-thumbnail","6":"product_cat-detectores-de-radar-fijos","7":"product_cat-genevo-es","8":"product_tag-antena-de-radar-hdm","9":"product_tag-europa-es","10":"product_tag-genevo-es","11":"product_tag-genevo-hdm-es","12":"product_tag-inalambrico","13":"product_tag-instalacion-fija","15":"first","16":"instock","17":"sale","18":"taxable","19":"shipping-taxable","20":"purchasable","21":"product-type-variable","22":"has-default-attributes"},"yoast_head":"<!-- This site is optimized with the Yoast SEO plugin v27.2 - https:\/\/yoast.com\/product\/yoast-seo-wordpress\/ -->\n<title>Antena de radar Genevo HDM+ | Radar Service<\/title>\n<meta name=\"description\" content=\"La antena de radar Genevo HDM+ es una peque\u00f1a y potente antena de radar para su instalaci\u00f3n oculta en la parte delantera del veh\u00edculo.\" \/>\n<meta name=\"robots\" content=\"index, follow, max-snippet:-1, max-image-preview:large, max-video-preview:-1\" \/>\n<link rel=\"canonical\" href=\"https:\/\/radarservice.eu\/es\/producto\/antena-de-radar-genevo-hdm\/\" \/>\n<meta property=\"og:locale\" content=\"es_ES\" \/>\n<meta property=\"og:type\" content=\"article\" \/>\n<meta property=\"og:title\" content=\"Antena de radar Genevo HDM+ | Radar Service\" \/>\n<meta property=\"og:description\" content=\"La antena de radar Genevo HDM+ es una peque\u00f1a y potente antena de radar para su instalaci\u00f3n oculta en la parte delantera del veh\u00edculo.\" \/>\n<meta property=\"og:url\" content=\"https:\/\/radarservice.eu\/es\/producto\/antena-de-radar-genevo-hdm\/\" \/>\n<meta property=\"og:site_name\" content=\"Radar Service\" \/>\n<meta property=\"article:modified_time\" content=\"2021-11-27T15:06:21+00:00\" \/>\n<meta property=\"og:image\" content=\"https:\/\/radarservice.eu\/wp-content\/uploads\/2020\/09\/genevo_hdm_radarantenne.jpg\" \/>\n\t<meta property=\"og:image:width\" content=\"600\" \/>\n\t<meta property=\"og:image:height\" content=\"398\" \/>\n\t<meta property=\"og:image:type\" content=\"image\/jpeg\" \/>\n<meta name=\"twitter:card\" content=\"summary_large_image\" \/>\n<script type=\"application\/ld+json\" class=\"yoast-schema-graph\">{\"@context\":\"https:\/\/schema.org\",\"@graph\":[{\"@type\":\"WebPage\",\"@id\":\"https:\/\/radarservice.eu\/es\/producto\/antena-de-radar-genevo-hdm\/\",\"url\":\"https:\/\/radarservice.eu\/es\/producto\/antena-de-radar-genevo-hdm\/\",\"name\":\"Antena de radar Genevo HDM+ | Radar Service\",\"isPartOf\":{\"@id\":\"https:\/\/radarservice.eu\/es\/#website\"},\"primaryImageOfPage\":{\"@id\":\"https:\/\/radarservice.eu\/es\/producto\/antena-de-radar-genevo-hdm\/#primaryimage\"},\"image\":{\"@id\":\"https:\/\/radarservice.eu\/es\/producto\/antena-de-radar-genevo-hdm\/#primaryimage\"},\"thumbnailUrl\":\"https:\/\/radarservice.eu\/wp-content\/uploads\/2020\/09\/genevo_hdm_radarantenne.jpg\",\"datePublished\":\"2021-03-24T06:59:25+00:00\",\"dateModified\":\"2021-11-27T15:06:21+00:00\",\"description\":\"La antena de radar Genevo HDM+ es una peque\u00f1a y potente antena de radar para su instalaci\u00f3n oculta en la parte delantera del veh\u00edculo.\",\"breadcrumb\":{\"@id\":\"https:\/\/radarservice.eu\/es\/producto\/antena-de-radar-genevo-hdm\/#breadcrumb\"},\"inLanguage\":\"es\",\"potentialAction\":[{\"@type\":\"ReadAction\",\"target\":[\"https:\/\/radarservice.eu\/es\/producto\/antena-de-radar-genevo-hdm\/\"]}]},{\"@type\":\"ImageObject\",\"inLanguage\":\"es\",\"@id\":\"https:\/\/radarservice.eu\/es\/producto\/antena-de-radar-genevo-hdm\/#primaryimage\",\"url\":\"https:\/\/radarservice.eu\/wp-content\/uploads\/2020\/09\/genevo_hdm_radarantenne.jpg\",\"contentUrl\":\"https:\/\/radarservice.eu\/wp-content\/uploads\/2020\/09\/genevo_hdm_radarantenne.jpg\",\"width\":600,\"height\":398,\"caption\":\"Antena de radar Genevo HDM+\"},{\"@type\":\"BreadcrumbList\",\"@id\":\"https:\/\/radarservice.eu\/es\/producto\/antena-de-radar-genevo-hdm\/#breadcrumb\",\"itemListElement\":[{\"@type\":\"ListItem\",\"position\":1,\"name\":\"Tienda\",\"item\":\"https:\/\/radarservice.eu\/es\/tienda\/\"},{\"@type\":\"ListItem\",\"position\":2,\"name\":\"Antena de radar Genevo HDM+\"}]},{\"@type\":\"WebSite\",\"@id\":\"https:\/\/radarservice.eu\/es\/#website\",\"url\":\"https:\/\/radarservice.eu\/es\/\",\"name\":\"Radar Service\",\"description\":\"Radar detector Laser jammer mobile fix\",\"publisher\":{\"@id\":\"https:\/\/radarservice.eu\/es\/#organization\"},\"potentialAction\":[{\"@type\":\"SearchAction\",\"target\":{\"@type\":\"EntryPoint\",\"urlTemplate\":\"https:\/\/radarservice.eu\/es\/?s={search_term_string}\"},\"query-input\":{\"@type\":\"PropertyValueSpecification\",\"valueRequired\":true,\"valueName\":\"search_term_string\"}}],\"inLanguage\":\"es\"},{\"@type\":\"Organization\",\"@id\":\"https:\/\/radarservice.eu\/es\/#organization\",\"name\":\"RadarService\",\"url\":\"https:\/\/radarservice.eu\/es\/\",\"logo\":{\"@type\":\"ImageObject\",\"inLanguage\":\"es\",\"@id\":\"https:\/\/radarservice.eu\/es\/#\/schema\/logo\/image\/\",\"url\":\"https:\/\/radarservice.eu\/wp-content\/uploads\/2021\/03\/Radar_detector_service.png\",\"contentUrl\":\"https:\/\/radarservice.eu\/wp-content\/uploads\/2021\/03\/Radar_detector_service.png\",\"width\":174,\"height\":48,\"caption\":\"RadarService\"},\"image\":{\"@id\":\"https:\/\/radarservice.eu\/es\/#\/schema\/logo\/image\/\"}}]}<\/script>\n<!-- \/ Yoast SEO plugin. -->","yoast_head_json":{"title":"Antena de radar Genevo HDM+ | Radar Service","description":"La antena de radar Genevo HDM+ es una peque\u00f1a y potente antena de radar para su instalaci\u00f3n oculta en la parte delantera del veh\u00edculo.","robots":{"index":"index","follow":"follow","max-snippet":"max-snippet:-1","max-image-preview":"max-image-preview:large","max-video-preview":"max-video-preview:-1"},"canonical":"https:\/\/radarservice.eu\/es\/producto\/antena-de-radar-genevo-hdm\/","og_locale":"es_ES","og_type":"article","og_title":"Antena de radar Genevo HDM+ | Radar Service","og_description":"La antena de radar Genevo HDM+ es una peque\u00f1a y potente antena de radar para su instalaci\u00f3n oculta en la parte delantera del veh\u00edculo.","og_url":"https:\/\/radarservice.eu\/es\/producto\/antena-de-radar-genevo-hdm\/","og_site_name":"Radar Service","article_modified_time":"2021-11-27T15:06:21+00:00","og_image":[{"width":600,"height":398,"url":"https:\/\/radarservice.eu\/wp-content\/uploads\/2020\/09\/genevo_hdm_radarantenne.jpg","type":"image\/jpeg"}],"twitter_card":"summary_large_image","schema":{"@context":"https:\/\/schema.org","@graph":[{"@type":"WebPage","@id":"https:\/\/radarservice.eu\/es\/producto\/antena-de-radar-genevo-hdm\/","url":"https:\/\/radarservice.eu\/es\/producto\/antena-de-radar-genevo-hdm\/","name":"Antena de radar Genevo HDM+ | Radar Service","isPartOf":{"@id":"https:\/\/radarservice.eu\/es\/#website"},"primaryImageOfPage":{"@id":"https:\/\/radarservice.eu\/es\/producto\/antena-de-radar-genevo-hdm\/#primaryimage"},"image":{"@id":"https:\/\/radarservice.eu\/es\/producto\/antena-de-radar-genevo-hdm\/#primaryimage"},"thumbnailUrl":"https:\/\/radarservice.eu\/wp-content\/uploads\/2020\/09\/genevo_hdm_radarantenne.jpg","datePublished":"2021-03-24T06:59:25+00:00","dateModified":"2021-11-27T15:06:21+00:00","description":"La antena de radar Genevo HDM+ es una peque\u00f1a y potente antena de radar para su instalaci\u00f3n oculta en la parte delantera del veh\u00edculo.","breadcrumb":{"@id":"https:\/\/radarservice.eu\/es\/producto\/antena-de-radar-genevo-hdm\/#breadcrumb"},"inLanguage":"es","potentialAction":[{"@type":"ReadAction","target":["https:\/\/radarservice.eu\/es\/producto\/antena-de-radar-genevo-hdm\/"]}]},{"@type":"ImageObject","inLanguage":"es","@id":"https:\/\/radarservice.eu\/es\/producto\/antena-de-radar-genevo-hdm\/#primaryimage","url":"https:\/\/radarservice.eu\/wp-content\/uploads\/2020\/09\/genevo_hdm_radarantenne.jpg","contentUrl":"https:\/\/radarservice.eu\/wp-content\/uploads\/2020\/09\/genevo_hdm_radarantenne.jpg","width":600,"height":398,"caption":"Antena de radar Genevo HDM+"},{"@type":"BreadcrumbList","@id":"https:\/\/radarservice.eu\/es\/producto\/antena-de-radar-genevo-hdm\/#breadcrumb","itemListElement":[{"@type":"ListItem","position":1,"name":"Tienda","item":"https:\/\/radarservice.eu\/es\/tienda\/"},{"@type":"ListItem","position":2,"name":"Antena de radar Genevo HDM+"}]},{"@type":"WebSite","@id":"https:\/\/radarservice.eu\/es\/#website","url":"https:\/\/radarservice.eu\/es\/","name":"Radar Service","description":"Radar detector Laser jammer mobile fix","publisher":{"@id":"https:\/\/radarservice.eu\/es\/#organization"},"potentialAction":[{"@type":"SearchAction","target":{"@type":"EntryPoint","urlTemplate":"https:\/\/radarservice.eu\/es\/?s={search_term_string}"},"query-input":{"@type":"PropertyValueSpecification","valueRequired":true,"valueName":"search_term_string"}}],"inLanguage":"es"},{"@type":"Organization","@id":"https:\/\/radarservice.eu\/es\/#organization","name":"RadarService","url":"https:\/\/radarservice.eu\/es\/","logo":{"@type":"ImageObject","inLanguage":"es","@id":"https:\/\/radarservice.eu\/es\/#\/schema\/logo\/image\/","url":"https:\/\/radarservice.eu\/wp-content\/uploads\/2021\/03\/Radar_detector_service.png","contentUrl":"https:\/\/radarservice.eu\/wp-content\/uploads\/2021\/03\/Radar_detector_service.png","width":174,"height":48,"caption":"RadarService"},"image":{"@id":"https:\/\/radarservice.eu\/es\/#\/schema\/logo\/image\/"}}]}},"_links":{"self":[{"href":"https:\/\/radarservice.eu\/es\/wp-json\/wp\/v2\/product\/15060","targetHints":{"allow":["GET"]}}],"collection":[{"href":"https:\/\/radarservice.eu\/es\/wp-json\/wp\/v2\/product"}],"about":[{"href":"https:\/\/radarservice.eu\/es\/wp-json\/wp\/v2\/types\/product"}],"replies":[{"embeddable":true,"href":"https:\/\/radarservice.eu\/es\/wp-json\/wp\/v2\/comments?post=15060"}],"wp:featuredmedia":[{"embeddable":true,"href":"https:\/\/radarservice.eu\/es\/wp-json\/wp\/v2\/media\/15061"}],"wp:attachment":[{"href":"https:\/\/radarservice.eu\/es\/wp-json\/wp\/v2\/media?parent=15060"}],"wp:term":[{"taxonomy":"product_brand","embeddable":true,"href":"https:\/\/radarservice.eu\/es\/wp-json\/wp\/v2\/product_brand?post=15060"},{"taxonomy":"product_cat","embeddable":true,"href":"https:\/\/radarservice.eu\/es\/wp-json\/wp\/v2\/product_cat?post=15060"},{"taxonomy":"product_tag","embeddable":true,"href":"https:\/\/radarservice.eu\/es\/wp-json\/wp\/v2\/product_tag?post=15060"}],"curies":[{"name":"wp","href":"https:\/\/api.w.org\/{rel}","templated":true}]}}