{"id":15054,"date":"2021-03-24T07:57:33","date_gmt":"2021-03-24T06:57:33","guid":{"rendered":"https:\/\/radarservice.eu\/produkt\/detector-de-radar-genevo-max\/"},"modified":"2023-04-02T20:29:13","modified_gmt":"2023-04-02T18:29:13","slug":"detector-de-radar-genevo-max","status":"publish","type":"product","link":"https:\/\/radarservice.eu\/es\/producto\/detector-de-radar-genevo-max\/","title":{"rendered":"Detector de radar Genevo Max"},"content":{"rendered":"<p>El detector de radares Genevo Max est\u00e1 perfectamente adaptado para su uso en Europa y puede utilizarse de forma flexible como detector de radares m\u00f3vil con unos sencillos pasos. El Genevo Max ofrece una muy buena antelaci\u00f3n para las mediciones m\u00f3viles de velocidad y l\u00e1ser. Adem\u00e1s, recibe avisos de radares fijos y sem\u00e1foros y sistemas de medici\u00f3n SectioControl.<\/p>\n<p><p>El Genevo Max informa de las trampas de radar tanto en la pantalla como mediante un anuncio de voz en alem\u00e1n. El conductor recibe informaci\u00f3n detallada sobre la trampa de velocidad detectada, el aviso de PDI o la medici\u00f3n l\u00e1ser. En el caso de la detecci\u00f3n por radar, tambi\u00e9n se muestra la intensidad de la se\u00f1al mediante un pitido para indicar la distancia a la trampa del radar.<\/p>\n<p><p>El usuario tambi\u00e9n puede guardar o eliminar sus propias ubicaciones GPS (POI) para que se emita un aviso sonoro en estos lugares si as\u00ed lo desea.<\/p>\n<p\n\n\n<p>El Genevo Max se puede programar seg\u00fan sea necesario mediante un men\u00fa alem\u00e1n, lo que lo hace personalizable para satisfacer necesidades y preferencias espec\u00edficas.<\/p>\n<p><p><strong>Presentaci\u00f3n:<\/strong><br \/>\n+ el detector de radar m\u00f3vil m\u00e1s compacto con antena de radar para radares m\u00f3viles as\u00ed como tecnolog\u00eda GPS<br \/>.<br \/>\n+ Detecci\u00f3n de 360 \u00b0 grados de todas las fuentes de radar en Europa (banda X \/ K \/ Ka \/ MultaRadar \/ Gatso)<br \/>\n+ Advertencia de las mediciones l\u00e1ser<br \/>\n+ Aviso de radar estacionario<br \/>\n+ Aviso de control de luces rojas<br \/>\n+ Advertencia para las medidas de control de la secci\u00f3n<br \/>\n+ Posibilidades de configuraci\u00f3n mediante el men\u00fa alem\u00e1n<br \/>\n+ actualizable a trav\u00e9s de la conexi\u00f3n USB<br \/>\n+ se\u00f1ales de alarma y ajustes completamente en alem\u00e1n<br \/>\n+ puntos de peligro propios almacenables<\/p>\n<p><strong>Alcance del suministro:<\/strong><br \/>\n* Detector de radares Genevo Max con receptor GPS integrado<br \/>\n* Base de datos europea preinstalada<br \/>\n* Soporte magn\u00e9tico para el parabrisas<br \/>\n* Juego de cables de alimentaci\u00f3n de 12V<br \/>\n* Manual de instrucciones en alem\u00e1n<\/p>\n<p><strong>Nota:<\/strong> El detector de radar Genevo Max tiene recepci\u00f3n l\u00e1ser, pero para una protecci\u00f3n l\u00e1ser segura recomendamos el uso de un bloqueador l\u00e1ser activo, por ejemplo, Antilaser ALP Priority o Lasertrack Flare.<\/p>\n<p\n\n<\/p>\n","protected":false},"excerpt":{"rendered":"<p>El detector de radares Genevo Max est\u00e1 perfectamente adaptado para su uso en Europa y puede utilizarse de forma flexible como detector de radares m\u00f3vil con unos sencillos pasos. El Genevo Max ofrece una muy buena antelaci\u00f3n para las mediciones m\u00f3viles de velocidad y l\u00e1ser. Adem\u00e1s, recibe avisos de radares fijos y sem\u00e1foros y sistemas [&#8230;]\n","protected":false},"featured_media":15059,"comment_status":"open","ping_status":"closed","template":"","meta":[],"product_brand":[],"product_cat":[918,900,899],"product_tag":[901,902,905,1010],"class_list":{"0":"post-15054","1":"product","2":"type-product","3":"status-publish","4":"has-post-thumbnail","6":"product_cat-detectores-de-radar-moviles","7":"product_cat-detectores-de-radar-recomendados","8":"product_cat-genevo-es","9":"product_tag-detector-de-radar","10":"product_tag-europa-es","11":"product_tag-genevo-es","12":"product_tag-genevo-max-es","14":"first","15":"instock","16":"sale","17":"taxable","18":"shipping-taxable","19":"purchasable","20":"product-type-simple"},"yoast_head":"<!-- This site is optimized with the Yoast SEO plugin v27.2 - https:\/\/yoast.com\/product\/yoast-seo-wordpress\/ -->\n<title>Detector de radar Genevo Max | Radar Service<\/title>\n<meta name=\"description\" content=\"El detector de radares Genevo Max es perfectamente adecuado para su uso en Europa y puede utilizarse de forma flexible como detector de radares m\u00f3vil.\" \/>\n<meta name=\"robots\" content=\"index, follow, max-snippet:-1, max-image-preview:large, max-video-preview:-1\" \/>\n<link rel=\"canonical\" href=\"https:\/\/radarservice.eu\/es\/producto\/detector-de-radar-genevo-max\/\" \/>\n<meta property=\"og:locale\" content=\"es_ES\" \/>\n<meta property=\"og:type\" content=\"article\" \/>\n<meta property=\"og:title\" content=\"Detector de radar Genevo Max | Radar Service\" \/>\n<meta property=\"og:description\" content=\"El detector de radares Genevo Max es perfectamente adecuado para su uso en Europa y puede utilizarse de forma flexible como detector de radares m\u00f3vil.\" \/>\n<meta property=\"og:url\" content=\"https:\/\/radarservice.eu\/es\/producto\/detector-de-radar-genevo-max\/\" \/>\n<meta property=\"og:site_name\" content=\"Radar Service\" \/>\n<meta property=\"article:modified_time\" content=\"2023-04-02T18:29:13+00:00\" \/>\n<meta property=\"og:image\" content=\"https:\/\/radarservice.eu\/wp-content\/uploads\/2020\/09\/Genevo_Max_Seite.jpg\" \/>\n\t<meta property=\"og:image:width\" content=\"1096\" \/>\n\t<meta property=\"og:image:height\" content=\"949\" \/>\n\t<meta property=\"og:image:type\" content=\"image\/jpeg\" \/>\n<meta name=\"twitter:card\" content=\"summary_large_image\" \/>\n<meta name=\"twitter:label1\" content=\"Tiempo de lectura\" \/>\n\t<meta name=\"twitter:data1\" content=\"1 minuto\" \/>\n<script type=\"application\/ld+json\" class=\"yoast-schema-graph\">{\"@context\":\"https:\/\/schema.org\",\"@graph\":[{\"@type\":\"WebPage\",\"@id\":\"https:\/\/radarservice.eu\/es\/producto\/detector-de-radar-genevo-max\/\",\"url\":\"https:\/\/radarservice.eu\/es\/producto\/detector-de-radar-genevo-max\/\",\"name\":\"Detector de radar Genevo Max | Radar Service\",\"isPartOf\":{\"@id\":\"https:\/\/radarservice.eu\/es\/#website\"},\"primaryImageOfPage\":{\"@id\":\"https:\/\/radarservice.eu\/es\/producto\/detector-de-radar-genevo-max\/#primaryimage\"},\"image\":{\"@id\":\"https:\/\/radarservice.eu\/es\/producto\/detector-de-radar-genevo-max\/#primaryimage\"},\"thumbnailUrl\":\"https:\/\/radarservice.eu\/wp-content\/uploads\/2020\/09\/Genevo_Max_Seite.jpg\",\"datePublished\":\"2021-03-24T06:57:33+00:00\",\"dateModified\":\"2023-04-02T18:29:13+00:00\",\"description\":\"El detector de radares Genevo Max es perfectamente adecuado para su uso en Europa y puede utilizarse de forma flexible como detector de radares m\u00f3vil.\",\"breadcrumb\":{\"@id\":\"https:\/\/radarservice.eu\/es\/producto\/detector-de-radar-genevo-max\/#breadcrumb\"},\"inLanguage\":\"es\",\"potentialAction\":[{\"@type\":\"ReadAction\",\"target\":[\"https:\/\/radarservice.eu\/es\/producto\/detector-de-radar-genevo-max\/\"]}]},{\"@type\":\"ImageObject\",\"inLanguage\":\"es\",\"@id\":\"https:\/\/radarservice.eu\/es\/producto\/detector-de-radar-genevo-max\/#primaryimage\",\"url\":\"https:\/\/radarservice.eu\/wp-content\/uploads\/2020\/09\/Genevo_Max_Seite.jpg\",\"contentUrl\":\"https:\/\/radarservice.eu\/wp-content\/uploads\/2020\/09\/Genevo_Max_Seite.jpg\",\"width\":1096,\"height\":949,\"caption\":\"Detector de radar Genevo Max\"},{\"@type\":\"BreadcrumbList\",\"@id\":\"https:\/\/radarservice.eu\/es\/producto\/detector-de-radar-genevo-max\/#breadcrumb\",\"itemListElement\":[{\"@type\":\"ListItem\",\"position\":1,\"name\":\"Tienda\",\"item\":\"https:\/\/radarservice.eu\/es\/tienda\/\"},{\"@type\":\"ListItem\",\"position\":2,\"name\":\"Detector de radar Genevo Max\"}]},{\"@type\":\"WebSite\",\"@id\":\"https:\/\/radarservice.eu\/es\/#website\",\"url\":\"https:\/\/radarservice.eu\/es\/\",\"name\":\"Radar Service\",\"description\":\"Radar detector Laser jammer mobile fix\",\"publisher\":{\"@id\":\"https:\/\/radarservice.eu\/es\/#organization\"},\"potentialAction\":[{\"@type\":\"SearchAction\",\"target\":{\"@type\":\"EntryPoint\",\"urlTemplate\":\"https:\/\/radarservice.eu\/es\/?s={search_term_string}\"},\"query-input\":{\"@type\":\"PropertyValueSpecification\",\"valueRequired\":true,\"valueName\":\"search_term_string\"}}],\"inLanguage\":\"es\"},{\"@type\":\"Organization\",\"@id\":\"https:\/\/radarservice.eu\/es\/#organization\",\"name\":\"RadarService\",\"url\":\"https:\/\/radarservice.eu\/es\/\",\"logo\":{\"@type\":\"ImageObject\",\"inLanguage\":\"es\",\"@id\":\"https:\/\/radarservice.eu\/es\/#\/schema\/logo\/image\/\",\"url\":\"https:\/\/radarservice.eu\/wp-content\/uploads\/2021\/03\/Radar_detector_service.png\",\"contentUrl\":\"https:\/\/radarservice.eu\/wp-content\/uploads\/2021\/03\/Radar_detector_service.png\",\"width\":174,\"height\":48,\"caption\":\"RadarService\"},\"image\":{\"@id\":\"https:\/\/radarservice.eu\/es\/#\/schema\/logo\/image\/\"}}]}<\/script>\n<!-- \/ Yoast SEO plugin. -->","yoast_head_json":{"title":"Detector de radar Genevo Max | Radar Service","description":"El detector de radares Genevo Max es perfectamente adecuado para su uso en Europa y puede utilizarse de forma flexible como detector de radares m\u00f3vil.","robots":{"index":"index","follow":"follow","max-snippet":"max-snippet:-1","max-image-preview":"max-image-preview:large","max-video-preview":"max-video-preview:-1"},"canonical":"https:\/\/radarservice.eu\/es\/producto\/detector-de-radar-genevo-max\/","og_locale":"es_ES","og_type":"article","og_title":"Detector de radar Genevo Max | Radar Service","og_description":"El detector de radares Genevo Max es perfectamente adecuado para su uso en Europa y puede utilizarse de forma flexible como detector de radares m\u00f3vil.","og_url":"https:\/\/radarservice.eu\/es\/producto\/detector-de-radar-genevo-max\/","og_site_name":"Radar Service","article_modified_time":"2023-04-02T18:29:13+00:00","og_image":[{"width":1096,"height":949,"url":"https:\/\/radarservice.eu\/wp-content\/uploads\/2020\/09\/Genevo_Max_Seite.jpg","type":"image\/jpeg"}],"twitter_card":"summary_large_image","twitter_misc":{"Tiempo de lectura":"1 minuto"},"schema":{"@context":"https:\/\/schema.org","@graph":[{"@type":"WebPage","@id":"https:\/\/radarservice.eu\/es\/producto\/detector-de-radar-genevo-max\/","url":"https:\/\/radarservice.eu\/es\/producto\/detector-de-radar-genevo-max\/","name":"Detector de radar Genevo Max | Radar Service","isPartOf":{"@id":"https:\/\/radarservice.eu\/es\/#website"},"primaryImageOfPage":{"@id":"https:\/\/radarservice.eu\/es\/producto\/detector-de-radar-genevo-max\/#primaryimage"},"image":{"@id":"https:\/\/radarservice.eu\/es\/producto\/detector-de-radar-genevo-max\/#primaryimage"},"thumbnailUrl":"https:\/\/radarservice.eu\/wp-content\/uploads\/2020\/09\/Genevo_Max_Seite.jpg","datePublished":"2021-03-24T06:57:33+00:00","dateModified":"2023-04-02T18:29:13+00:00","description":"El detector de radares Genevo Max es perfectamente adecuado para su uso en Europa y puede utilizarse de forma flexible como detector de radares m\u00f3vil.","breadcrumb":{"@id":"https:\/\/radarservice.eu\/es\/producto\/detector-de-radar-genevo-max\/#breadcrumb"},"inLanguage":"es","potentialAction":[{"@type":"ReadAction","target":["https:\/\/radarservice.eu\/es\/producto\/detector-de-radar-genevo-max\/"]}]},{"@type":"ImageObject","inLanguage":"es","@id":"https:\/\/radarservice.eu\/es\/producto\/detector-de-radar-genevo-max\/#primaryimage","url":"https:\/\/radarservice.eu\/wp-content\/uploads\/2020\/09\/Genevo_Max_Seite.jpg","contentUrl":"https:\/\/radarservice.eu\/wp-content\/uploads\/2020\/09\/Genevo_Max_Seite.jpg","width":1096,"height":949,"caption":"Detector de radar Genevo Max"},{"@type":"BreadcrumbList","@id":"https:\/\/radarservice.eu\/es\/producto\/detector-de-radar-genevo-max\/#breadcrumb","itemListElement":[{"@type":"ListItem","position":1,"name":"Tienda","item":"https:\/\/radarservice.eu\/es\/tienda\/"},{"@type":"ListItem","position":2,"name":"Detector de radar Genevo Max"}]},{"@type":"WebSite","@id":"https:\/\/radarservice.eu\/es\/#website","url":"https:\/\/radarservice.eu\/es\/","name":"Radar Service","description":"Radar detector Laser jammer mobile fix","publisher":{"@id":"https:\/\/radarservice.eu\/es\/#organization"},"potentialAction":[{"@type":"SearchAction","target":{"@type":"EntryPoint","urlTemplate":"https:\/\/radarservice.eu\/es\/?s={search_term_string}"},"query-input":{"@type":"PropertyValueSpecification","valueRequired":true,"valueName":"search_term_string"}}],"inLanguage":"es"},{"@type":"Organization","@id":"https:\/\/radarservice.eu\/es\/#organization","name":"RadarService","url":"https:\/\/radarservice.eu\/es\/","logo":{"@type":"ImageObject","inLanguage":"es","@id":"https:\/\/radarservice.eu\/es\/#\/schema\/logo\/image\/","url":"https:\/\/radarservice.eu\/wp-content\/uploads\/2021\/03\/Radar_detector_service.png","contentUrl":"https:\/\/radarservice.eu\/wp-content\/uploads\/2021\/03\/Radar_detector_service.png","width":174,"height":48,"caption":"RadarService"},"image":{"@id":"https:\/\/radarservice.eu\/es\/#\/schema\/logo\/image\/"}}]}},"_links":{"self":[{"href":"https:\/\/radarservice.eu\/es\/wp-json\/wp\/v2\/product\/15054","targetHints":{"allow":["GET"]}}],"collection":[{"href":"https:\/\/radarservice.eu\/es\/wp-json\/wp\/v2\/product"}],"about":[{"href":"https:\/\/radarservice.eu\/es\/wp-json\/wp\/v2\/types\/product"}],"replies":[{"embeddable":true,"href":"https:\/\/radarservice.eu\/es\/wp-json\/wp\/v2\/comments?post=15054"}],"wp:featuredmedia":[{"embeddable":true,"href":"https:\/\/radarservice.eu\/es\/wp-json\/wp\/v2\/media\/15059"}],"wp:attachment":[{"href":"https:\/\/radarservice.eu\/es\/wp-json\/wp\/v2\/media?parent=15054"}],"wp:term":[{"taxonomy":"product_brand","embeddable":true,"href":"https:\/\/radarservice.eu\/es\/wp-json\/wp\/v2\/product_brand?post=15054"},{"taxonomy":"product_cat","embeddable":true,"href":"https:\/\/radarservice.eu\/es\/wp-json\/wp\/v2\/product_cat?post=15054"},{"taxonomy":"product_tag","embeddable":true,"href":"https:\/\/radarservice.eu\/es\/wp-json\/wp\/v2\/product_tag?post=15054"}],"curies":[{"name":"wp","href":"https:\/\/api.w.org\/{rel}","templated":true}]}}