{"id":15052,"date":"2021-03-24T07:52:16","date_gmt":"2021-03-24T06:52:16","guid":{"rendered":"https:\/\/radarservice.eu\/produkt\/cheetah-c50-gps-poi-warner\/"},"modified":"2021-03-24T07:52:16","modified_gmt":"2021-03-24T06:52:16","slug":"cheetah-c50-gps-poi-warner","status":"publish","type":"product","link":"https:\/\/radarservice.eu\/es\/producto\/cheetah-c50-gps-poi-warner\/","title":{"rendered":"Cheetah C50 GPS POI Warner"},"content":{"rendered":"<p>El Cheetah C50 es un avisador GPS para radares fijos y control de sem\u00e1foros en rojo.<br \/>\nEl detector de radares con GPS le avisa de forma visual y ac\u00fastica (anuncio de voz) de peligros como radares fijos, puntos negros de accidentes y zonas de peligro en el tr\u00e1fico rodado.<br \/>\nLa base de datos se puede actualizar a trav\u00e9s de la interfaz USB e incluye instalaciones fijas en toda Europa.<\/p>\n<p><p><strong>Presentaci\u00f3n:<\/strong><br \/>\n+ Pantalla del veloc\u00edmetro GPS (su velocidad actual conducida es determinada por el GPS y mostrada)<br \/>\n+ Anuncio de voz en alem\u00e1n<br \/>\n+ Aviso de control de velocidad estacionaria<br \/>\n+ Aviso de control de luces rojas<br \/>\n+ Advertencia para las medidas de control de la secci\u00f3n<br \/>\n+ Advertencia sobre las zonas de peligro y los puntos negros de los accidentes<br \/>\n+ Aviso direccional (aviso de radares en el sentido de la marcha)<br \/>\n+ recordatorios autom\u00e1ticos para la base de datos obsoleta<br \/>\n+ a\u00f1adir &amp; eliminar puntos de peligro propios (m\u00e1x. 100)<br \/>\n+ conector de auriculares para uso en moto<\/p>\n<p>.<\/p>\n<p><strong>Alcance de la entrega:<\/strong><br \/>\n* Cheetah C50 GPS Warner<br \/>\n* Cable de mechero de 12V<br \/>.<br \/>\n* Actualizar el software<\/p>\n","protected":false},"excerpt":{"rendered":"<p>El Cheetah C50 es un avisador GPS para radares fijos y control de sem\u00e1foros en rojo. El detector de radares con GPS le avisa de forma visual y ac\u00fastica (anuncio de voz) de peligros como radares fijos, puntos negros de accidentes y zonas de peligro en el tr\u00e1fico rodado. La base de datos se puede [&#8230;]\n","protected":false},"featured_media":15053,"comment_status":"open","ping_status":"closed","template":"","meta":[],"product_brand":[],"product_cat":[1007,931],"product_tag":[1009,1008,902,925,926],"class_list":{"0":"post-15052","1":"product","2":"type-product","3":"status-publish","4":"has-post-thumbnail","6":"product_cat-cheetah-es","7":"product_cat-detectores-de-pdi-por-gps","8":"product_tag-c50-es","9":"product_tag-cheetah-es","10":"product_tag-europa-es","11":"product_tag-gps-es","12":"product_tag-poi-warner-es","14":"first","15":"outofstock","16":"taxable","17":"shipping-taxable","18":"purchasable","19":"product-type-simple"},"yoast_head":"<!-- This site is optimized with the Yoast SEO plugin v27.2 - https:\/\/yoast.com\/product\/yoast-seo-wordpress\/ -->\n<title>Cheetah C50 GPS POI Warner | Radar Service<\/title>\n<meta name=\"description\" content=\"El Cheetah C50 es un avisador GPS para sistemas fijos de medici\u00f3n de velocidad y sistemas de control de sem\u00e1foros en rojo.\" \/>\n<meta name=\"robots\" content=\"index, follow, max-snippet:-1, max-image-preview:large, max-video-preview:-1\" \/>\n<link rel=\"canonical\" href=\"https:\/\/radarservice.eu\/es\/producto\/cheetah-c50-gps-poi-warner\/\" \/>\n<meta property=\"og:locale\" content=\"es_ES\" \/>\n<meta property=\"og:type\" content=\"article\" \/>\n<meta property=\"og:title\" content=\"Cheetah C50 GPS POI Warner | Radar Service\" \/>\n<meta property=\"og:description\" content=\"El Cheetah C50 es un avisador GPS para sistemas fijos de medici\u00f3n de velocidad y sistemas de control de sem\u00e1foros en rojo.\" \/>\n<meta property=\"og:url\" content=\"https:\/\/radarservice.eu\/es\/producto\/cheetah-c50-gps-poi-warner\/\" \/>\n<meta property=\"og:site_name\" content=\"Radar Service\" \/>\n<meta property=\"og:image\" content=\"https:\/\/radarservice.eu\/wp-content\/uploads\/2020\/09\/cheetah_c50_front.jpg\" \/>\n\t<meta property=\"og:image:width\" content=\"655\" \/>\n\t<meta property=\"og:image:height\" content=\"400\" \/>\n\t<meta property=\"og:image:type\" content=\"image\/jpeg\" \/>\n<meta name=\"twitter:card\" content=\"summary_large_image\" \/>\n<meta name=\"twitter:label1\" content=\"Tiempo de lectura\" \/>\n\t<meta name=\"twitter:data1\" content=\"1 minuto\" \/>\n<script type=\"application\/ld+json\" class=\"yoast-schema-graph\">{\"@context\":\"https:\/\/schema.org\",\"@graph\":[{\"@type\":\"WebPage\",\"@id\":\"https:\/\/radarservice.eu\/es\/producto\/cheetah-c50-gps-poi-warner\/\",\"url\":\"https:\/\/radarservice.eu\/es\/producto\/cheetah-c50-gps-poi-warner\/\",\"name\":\"Cheetah C50 GPS POI Warner | Radar Service\",\"isPartOf\":{\"@id\":\"https:\/\/radarservice.eu\/es\/#website\"},\"primaryImageOfPage\":{\"@id\":\"https:\/\/radarservice.eu\/es\/producto\/cheetah-c50-gps-poi-warner\/#primaryimage\"},\"image\":{\"@id\":\"https:\/\/radarservice.eu\/es\/producto\/cheetah-c50-gps-poi-warner\/#primaryimage\"},\"thumbnailUrl\":\"https:\/\/radarservice.eu\/wp-content\/uploads\/2020\/09\/cheetah_c50_front.jpg\",\"datePublished\":\"2021-03-24T06:52:16+00:00\",\"description\":\"El Cheetah C50 es un avisador GPS para sistemas fijos de medici\u00f3n de velocidad y sistemas de control de sem\u00e1foros en rojo.\",\"breadcrumb\":{\"@id\":\"https:\/\/radarservice.eu\/es\/producto\/cheetah-c50-gps-poi-warner\/#breadcrumb\"},\"inLanguage\":\"es\",\"potentialAction\":[{\"@type\":\"ReadAction\",\"target\":[\"https:\/\/radarservice.eu\/es\/producto\/cheetah-c50-gps-poi-warner\/\"]}]},{\"@type\":\"ImageObject\",\"inLanguage\":\"es\",\"@id\":\"https:\/\/radarservice.eu\/es\/producto\/cheetah-c50-gps-poi-warner\/#primaryimage\",\"url\":\"https:\/\/radarservice.eu\/wp-content\/uploads\/2020\/09\/cheetah_c50_front.jpg\",\"contentUrl\":\"https:\/\/radarservice.eu\/wp-content\/uploads\/2020\/09\/cheetah_c50_front.jpg\",\"width\":655,\"height\":400,\"caption\":\"Cheetah C50\"},{\"@type\":\"BreadcrumbList\",\"@id\":\"https:\/\/radarservice.eu\/es\/producto\/cheetah-c50-gps-poi-warner\/#breadcrumb\",\"itemListElement\":[{\"@type\":\"ListItem\",\"position\":1,\"name\":\"Tienda\",\"item\":\"https:\/\/radarservice.eu\/es\/tienda\/\"},{\"@type\":\"ListItem\",\"position\":2,\"name\":\"Cheetah C50 GPS POI Warner\"}]},{\"@type\":\"WebSite\",\"@id\":\"https:\/\/radarservice.eu\/es\/#website\",\"url\":\"https:\/\/radarservice.eu\/es\/\",\"name\":\"Radar Service\",\"description\":\"Radar detector Laser jammer mobile fix\",\"publisher\":{\"@id\":\"https:\/\/radarservice.eu\/es\/#organization\"},\"potentialAction\":[{\"@type\":\"SearchAction\",\"target\":{\"@type\":\"EntryPoint\",\"urlTemplate\":\"https:\/\/radarservice.eu\/es\/?s={search_term_string}\"},\"query-input\":{\"@type\":\"PropertyValueSpecification\",\"valueRequired\":true,\"valueName\":\"search_term_string\"}}],\"inLanguage\":\"es\"},{\"@type\":\"Organization\",\"@id\":\"https:\/\/radarservice.eu\/es\/#organization\",\"name\":\"RadarService\",\"url\":\"https:\/\/radarservice.eu\/es\/\",\"logo\":{\"@type\":\"ImageObject\",\"inLanguage\":\"es\",\"@id\":\"https:\/\/radarservice.eu\/es\/#\/schema\/logo\/image\/\",\"url\":\"https:\/\/radarservice.eu\/wp-content\/uploads\/2021\/03\/Radar_detector_service.png\",\"contentUrl\":\"https:\/\/radarservice.eu\/wp-content\/uploads\/2021\/03\/Radar_detector_service.png\",\"width\":174,\"height\":48,\"caption\":\"RadarService\"},\"image\":{\"@id\":\"https:\/\/radarservice.eu\/es\/#\/schema\/logo\/image\/\"}}]}<\/script>\n<!-- \/ Yoast SEO plugin. -->","yoast_head_json":{"title":"Cheetah C50 GPS POI Warner | Radar Service","description":"El Cheetah C50 es un avisador GPS para sistemas fijos de medici\u00f3n de velocidad y sistemas de control de sem\u00e1foros en rojo.","robots":{"index":"index","follow":"follow","max-snippet":"max-snippet:-1","max-image-preview":"max-image-preview:large","max-video-preview":"max-video-preview:-1"},"canonical":"https:\/\/radarservice.eu\/es\/producto\/cheetah-c50-gps-poi-warner\/","og_locale":"es_ES","og_type":"article","og_title":"Cheetah C50 GPS POI Warner | Radar Service","og_description":"El Cheetah C50 es un avisador GPS para sistemas fijos de medici\u00f3n de velocidad y sistemas de control de sem\u00e1foros en rojo.","og_url":"https:\/\/radarservice.eu\/es\/producto\/cheetah-c50-gps-poi-warner\/","og_site_name":"Radar Service","og_image":[{"width":655,"height":400,"url":"https:\/\/radarservice.eu\/wp-content\/uploads\/2020\/09\/cheetah_c50_front.jpg","type":"image\/jpeg"}],"twitter_card":"summary_large_image","twitter_misc":{"Tiempo de lectura":"1 minuto"},"schema":{"@context":"https:\/\/schema.org","@graph":[{"@type":"WebPage","@id":"https:\/\/radarservice.eu\/es\/producto\/cheetah-c50-gps-poi-warner\/","url":"https:\/\/radarservice.eu\/es\/producto\/cheetah-c50-gps-poi-warner\/","name":"Cheetah C50 GPS POI Warner | Radar Service","isPartOf":{"@id":"https:\/\/radarservice.eu\/es\/#website"},"primaryImageOfPage":{"@id":"https:\/\/radarservice.eu\/es\/producto\/cheetah-c50-gps-poi-warner\/#primaryimage"},"image":{"@id":"https:\/\/radarservice.eu\/es\/producto\/cheetah-c50-gps-poi-warner\/#primaryimage"},"thumbnailUrl":"https:\/\/radarservice.eu\/wp-content\/uploads\/2020\/09\/cheetah_c50_front.jpg","datePublished":"2021-03-24T06:52:16+00:00","description":"El Cheetah C50 es un avisador GPS para sistemas fijos de medici\u00f3n de velocidad y sistemas de control de sem\u00e1foros en rojo.","breadcrumb":{"@id":"https:\/\/radarservice.eu\/es\/producto\/cheetah-c50-gps-poi-warner\/#breadcrumb"},"inLanguage":"es","potentialAction":[{"@type":"ReadAction","target":["https:\/\/radarservice.eu\/es\/producto\/cheetah-c50-gps-poi-warner\/"]}]},{"@type":"ImageObject","inLanguage":"es","@id":"https:\/\/radarservice.eu\/es\/producto\/cheetah-c50-gps-poi-warner\/#primaryimage","url":"https:\/\/radarservice.eu\/wp-content\/uploads\/2020\/09\/cheetah_c50_front.jpg","contentUrl":"https:\/\/radarservice.eu\/wp-content\/uploads\/2020\/09\/cheetah_c50_front.jpg","width":655,"height":400,"caption":"Cheetah C50"},{"@type":"BreadcrumbList","@id":"https:\/\/radarservice.eu\/es\/producto\/cheetah-c50-gps-poi-warner\/#breadcrumb","itemListElement":[{"@type":"ListItem","position":1,"name":"Tienda","item":"https:\/\/radarservice.eu\/es\/tienda\/"},{"@type":"ListItem","position":2,"name":"Cheetah C50 GPS POI Warner"}]},{"@type":"WebSite","@id":"https:\/\/radarservice.eu\/es\/#website","url":"https:\/\/radarservice.eu\/es\/","name":"Radar Service","description":"Radar detector Laser jammer mobile fix","publisher":{"@id":"https:\/\/radarservice.eu\/es\/#organization"},"potentialAction":[{"@type":"SearchAction","target":{"@type":"EntryPoint","urlTemplate":"https:\/\/radarservice.eu\/es\/?s={search_term_string}"},"query-input":{"@type":"PropertyValueSpecification","valueRequired":true,"valueName":"search_term_string"}}],"inLanguage":"es"},{"@type":"Organization","@id":"https:\/\/radarservice.eu\/es\/#organization","name":"RadarService","url":"https:\/\/radarservice.eu\/es\/","logo":{"@type":"ImageObject","inLanguage":"es","@id":"https:\/\/radarservice.eu\/es\/#\/schema\/logo\/image\/","url":"https:\/\/radarservice.eu\/wp-content\/uploads\/2021\/03\/Radar_detector_service.png","contentUrl":"https:\/\/radarservice.eu\/wp-content\/uploads\/2021\/03\/Radar_detector_service.png","width":174,"height":48,"caption":"RadarService"},"image":{"@id":"https:\/\/radarservice.eu\/es\/#\/schema\/logo\/image\/"}}]}},"_links":{"self":[{"href":"https:\/\/radarservice.eu\/es\/wp-json\/wp\/v2\/product\/15052","targetHints":{"allow":["GET"]}}],"collection":[{"href":"https:\/\/radarservice.eu\/es\/wp-json\/wp\/v2\/product"}],"about":[{"href":"https:\/\/radarservice.eu\/es\/wp-json\/wp\/v2\/types\/product"}],"replies":[{"embeddable":true,"href":"https:\/\/radarservice.eu\/es\/wp-json\/wp\/v2\/comments?post=15052"}],"wp:featuredmedia":[{"embeddable":true,"href":"https:\/\/radarservice.eu\/es\/wp-json\/wp\/v2\/media\/15053"}],"wp:attachment":[{"href":"https:\/\/radarservice.eu\/es\/wp-json\/wp\/v2\/media?parent=15052"}],"wp:term":[{"taxonomy":"product_brand","embeddable":true,"href":"https:\/\/radarservice.eu\/es\/wp-json\/wp\/v2\/product_brand?post=15052"},{"taxonomy":"product_cat","embeddable":true,"href":"https:\/\/radarservice.eu\/es\/wp-json\/wp\/v2\/product_cat?post=15052"},{"taxonomy":"product_tag","embeddable":true,"href":"https:\/\/radarservice.eu\/es\/wp-json\/wp\/v2\/product_tag?post=15052"}],"curies":[{"name":"wp","href":"https:\/\/api.w.org\/{rel}","templated":true}]}}