{"id":15049,"date":"2021-03-24T07:51:10","date_gmt":"2021-03-24T06:51:10","guid":{"rendered":"https:\/\/radarservice.eu\/produkt\/genevo-one-s-detector-de-radar-negro\/"},"modified":"2023-04-02T20:26:06","modified_gmt":"2023-04-02T18:26:06","slug":"genevo-one-s-detector-de-radar-negro","status":"publish","type":"product","link":"https:\/\/radarservice.eu\/es\/producto\/genevo-one-s-detector-de-radar-negro\/","title":{"rendered":"Genevo One S &#8211; Detector de radar negro"},"content":{"rendered":"<p>Con la antena de radar UHD de nuevo desarrollo, el Genevo G1 S Black Edition ha sido especialmente desarrollado para el mercado europeo.<\/p>\n<p\n\n\n<p>Si es necesario, en el Genevo Black Edition se puede activar un modo legal (s\u00f3lo indicaci\u00f3n de velocidad) con s\u00f3lo pulsar un bot\u00f3n, desactivando la funci\u00f3n de advertencia de radar y l\u00e1ser no permitida. La funci\u00f3n de aviso de radar se puede reactivar posteriormente en el ordenador port\u00e1til o en el de casa.<\/p>\n<p\n\n\n<p>El detector de radares Genevo One S Black es perfecto para el uso de detectores de radares m\u00f3viles. Ofrece los mejores resultados de prealerta para las mediciones de velocidad m\u00f3viles, as\u00ed como un aviso de radares fijos en toda Europa.<br \/>.<br \/>\nLas actualizaciones de por vida de la base de datos de la UE para el Radafallen fijo son selbstverst\u00e4ndlich inclusivo.<\/p>\n<p>.<\/p>\n<p>El Genevo S Black informa de los controles de velocidad tanto en la nueva pantalla matricial como mediante un anuncio de voz en alem\u00e1n. El conductor recibe informaci\u00f3n detallada sobre los objetos detectados<br \/>\ntrampa de velocidad, aviso de PDI o medici\u00f3n l\u00e1ser. En el caso de la detecci\u00f3n por radar, tambi\u00e9n se muestra la intensidad de la se\u00f1al mediante un pitido para indicar la distancia a la trampa del radar.<\/p>\n<p><p>El usuario tambi\u00e9n puede guardar o eliminar sus propias ubicaciones GPS (POI) para que se emita un aviso sonoro en estos lugares si as\u00ed lo desea.<\/p>\n<p\n\n\n<p>El Genevo G1 S Black Edition se puede programar seg\u00fan las necesidades mediante un men\u00fa alem\u00e1n, lo que lo hace personalizable seg\u00fan las necesidades y preferencias particulares del cliente.<\/p>\n<p\n\n\n<p><strong>Presentaci\u00f3n:<\/strong><br \/>\n+ el detector de radar m\u00f3vil m\u00e1s compacto con antena de radar para radares m\u00f3viles as\u00ed como tecnolog\u00eda GPS<br \/>.<br \/>\n+ Detecci\u00f3n de 360 \u00b0 grados de todas las fuentes de radar en Europa (banda X \/ K \/ Ka)<br \/>\n+ Aviso de medici\u00f3n de radar<br \/>\n+ Advertencia de las mediciones l\u00e1ser<br \/>\n+ Aviso de radar estacionario<br \/>\n+ Aviso de control de luces rojas<br \/>\n+ Advertencia de las medidas de control de secci\u00f3n<br \/> + Advertencia de las medidas de control de secci\u00f3n<br \/>\n+ Posibilidades de configuraci\u00f3n mediante el men\u00fa alem\u00e1n<br \/>\n+ actualizable mediante conexi\u00f3n USB<br \/> + base de datos EUROPA para radares fijos<br \/>\n+ La base de datos EUROPA para los radares fijos ya est\u00e1 preinstalada<br \/>\n+ Actualizaciones de por vida Base de datos de la UE incluida<br \/>\n+ Se\u00f1ales de alarma y ajustes completamente en alem\u00e1n<br \/>\n+ apto para su uso en Europa<br \/>\n+ puntos de peligro propios almacenables<\/p>\n<p><strong>Alcance del suministro:<\/strong><br \/>\n* Detector de radares Genevo One S Black Edition con receptor GPS integrado<br \/>.<br \/>\n* Base de datos de la UE preinstalada para toda Europa<br \/>\n* Accesorios para el montaje en el parabrisas (ventosas)<br \/>\n* Fuente de alimentaci\u00f3n de 12V con conexi\u00f3n al mechero<br \/>\n* Instrucciones de uso en alem\u00e1n.<br \/>\n* 24 meses de garant\u00eda<\/p>\n<p><strong>Nota:<\/strong> El Genevo One S Black Edition tiene recepci\u00f3n l\u00e1ser, pero para una protecci\u00f3n l\u00e1ser segura recomendamos el uso de un bloqueador l\u00e1ser activo, por ejemplo, Antilaser ALP Priority o Lasertrack Flare.<\/p>\n<p\n\n<\/p>\n","protected":false},"excerpt":{"rendered":"<p>Con la antena de radar UHD de nuevo desarrollo, el Genevo G1 S Black Edition ha sido especialmente desarrollado para el mercado europeo.<\/p>\n","protected":false},"featured_media":15051,"comment_status":"open","ping_status":"closed","template":"","meta":[],"product_brand":[],"product_cat":[918,899],"product_tag":[989,1005,902,1006,1004,1003],"class_list":{"0":"post-15049","1":"product","2":"type-product","3":"status-publish","4":"has-post-thumbnail","6":"product_cat-detectores-de-radar-moviles","7":"product_cat-genevo-es","8":"product_tag-detector-de-radar-movil","9":"product_tag-detector-de-radares-de-alta-gama","10":"product_tag-europa-es","11":"product_tag-ganador-de-la-prueba","12":"product_tag-genevo-g1-s-edicion-negra","13":"product_tag-genevo-one-s-edicion-negra","15":"first","16":"instock","17":"taxable","18":"shipping-taxable","19":"purchasable","20":"product-type-simple"},"yoast_head":"<!-- This site is optimized with the Yoast SEO plugin v27.2 - https:\/\/yoast.com\/product\/yoast-seo-wordpress\/ -->\n<title>Genevo One S - Detector de radar negro | Radar Service<\/title>\n<meta name=\"description\" content=\"Con la nueva antena de radar UHD, el Genevo G1 S Black Edition se ha desarrollado especialmente para el mercado europeo.\" \/>\n<meta name=\"robots\" content=\"index, follow, max-snippet:-1, max-image-preview:large, max-video-preview:-1\" \/>\n<link rel=\"canonical\" href=\"https:\/\/radarservice.eu\/es\/producto\/genevo-one-s-detector-de-radar-negro\/\" \/>\n<meta property=\"og:locale\" content=\"es_ES\" \/>\n<meta property=\"og:type\" content=\"article\" \/>\n<meta property=\"og:title\" content=\"Genevo One S - Detector de radar negro | Radar Service\" \/>\n<meta property=\"og:description\" content=\"Con la nueva antena de radar UHD, el Genevo G1 S Black Edition se ha desarrollado especialmente para el mercado europeo.\" \/>\n<meta property=\"og:url\" content=\"https:\/\/radarservice.eu\/es\/producto\/genevo-one-s-detector-de-radar-negro\/\" \/>\n<meta property=\"og:site_name\" content=\"Radar Service\" \/>\n<meta property=\"article:modified_time\" content=\"2023-04-02T18:26:06+00:00\" \/>\n<meta property=\"og:image\" content=\"https:\/\/radarservice.eu\/wp-content\/uploads\/2020\/09\/genevo-black-edition-radarwarner.jpg\" \/>\n\t<meta property=\"og:image:width\" content=\"800\" \/>\n\t<meta property=\"og:image:height\" content=\"636\" \/>\n\t<meta property=\"og:image:type\" content=\"image\/jpeg\" \/>\n<meta name=\"twitter:card\" content=\"summary_large_image\" \/>\n<script type=\"application\/ld+json\" class=\"yoast-schema-graph\">{\"@context\":\"https:\/\/schema.org\",\"@graph\":[{\"@type\":\"WebPage\",\"@id\":\"https:\/\/radarservice.eu\/es\/producto\/genevo-one-s-detector-de-radar-negro\/\",\"url\":\"https:\/\/radarservice.eu\/es\/producto\/genevo-one-s-detector-de-radar-negro\/\",\"name\":\"Genevo One S - Detector de radar negro | Radar Service\",\"isPartOf\":{\"@id\":\"https:\/\/radarservice.eu\/es\/#website\"},\"primaryImageOfPage\":{\"@id\":\"https:\/\/radarservice.eu\/es\/producto\/genevo-one-s-detector-de-radar-negro\/#primaryimage\"},\"image\":{\"@id\":\"https:\/\/radarservice.eu\/es\/producto\/genevo-one-s-detector-de-radar-negro\/#primaryimage\"},\"thumbnailUrl\":\"https:\/\/radarservice.eu\/wp-content\/uploads\/2020\/09\/genevo-black-edition-radarwarner.jpg\",\"datePublished\":\"2021-03-24T06:51:10+00:00\",\"dateModified\":\"2023-04-02T18:26:06+00:00\",\"description\":\"Con la nueva antena de radar UHD, el Genevo G1 S Black Edition se ha desarrollado especialmente para el mercado europeo.\",\"breadcrumb\":{\"@id\":\"https:\/\/radarservice.eu\/es\/producto\/genevo-one-s-detector-de-radar-negro\/#breadcrumb\"},\"inLanguage\":\"es\",\"potentialAction\":[{\"@type\":\"ReadAction\",\"target\":[\"https:\/\/radarservice.eu\/es\/producto\/genevo-one-s-detector-de-radar-negro\/\"]}]},{\"@type\":\"ImageObject\",\"inLanguage\":\"es\",\"@id\":\"https:\/\/radarservice.eu\/es\/producto\/genevo-one-s-detector-de-radar-negro\/#primaryimage\",\"url\":\"https:\/\/radarservice.eu\/wp-content\/uploads\/2020\/09\/genevo-black-edition-radarwarner.jpg\",\"contentUrl\":\"https:\/\/radarservice.eu\/wp-content\/uploads\/2020\/09\/genevo-black-edition-radarwarner.jpg\",\"width\":800,\"height\":636,\"caption\":\"Genevo One S - Detector de radar negro\"},{\"@type\":\"BreadcrumbList\",\"@id\":\"https:\/\/radarservice.eu\/es\/producto\/genevo-one-s-detector-de-radar-negro\/#breadcrumb\",\"itemListElement\":[{\"@type\":\"ListItem\",\"position\":1,\"name\":\"Tienda\",\"item\":\"https:\/\/radarservice.eu\/es\/tienda\/\"},{\"@type\":\"ListItem\",\"position\":2,\"name\":\"Genevo One S &#8211; Detector de radar negro\"}]},{\"@type\":\"WebSite\",\"@id\":\"https:\/\/radarservice.eu\/es\/#website\",\"url\":\"https:\/\/radarservice.eu\/es\/\",\"name\":\"Radar Service\",\"description\":\"Radar detector Laser jammer mobile fix\",\"publisher\":{\"@id\":\"https:\/\/radarservice.eu\/es\/#organization\"},\"potentialAction\":[{\"@type\":\"SearchAction\",\"target\":{\"@type\":\"EntryPoint\",\"urlTemplate\":\"https:\/\/radarservice.eu\/es\/?s={search_term_string}\"},\"query-input\":{\"@type\":\"PropertyValueSpecification\",\"valueRequired\":true,\"valueName\":\"search_term_string\"}}],\"inLanguage\":\"es\"},{\"@type\":\"Organization\",\"@id\":\"https:\/\/radarservice.eu\/es\/#organization\",\"name\":\"RadarService\",\"url\":\"https:\/\/radarservice.eu\/es\/\",\"logo\":{\"@type\":\"ImageObject\",\"inLanguage\":\"es\",\"@id\":\"https:\/\/radarservice.eu\/es\/#\/schema\/logo\/image\/\",\"url\":\"https:\/\/radarservice.eu\/wp-content\/uploads\/2021\/03\/Radar_detector_service.png\",\"contentUrl\":\"https:\/\/radarservice.eu\/wp-content\/uploads\/2021\/03\/Radar_detector_service.png\",\"width\":174,\"height\":48,\"caption\":\"RadarService\"},\"image\":{\"@id\":\"https:\/\/radarservice.eu\/es\/#\/schema\/logo\/image\/\"}}]}<\/script>\n<!-- \/ Yoast SEO plugin. -->","yoast_head_json":{"title":"Genevo One S - Detector de radar negro | Radar Service","description":"Con la nueva antena de radar UHD, el Genevo G1 S Black Edition se ha desarrollado especialmente para el mercado europeo.","robots":{"index":"index","follow":"follow","max-snippet":"max-snippet:-1","max-image-preview":"max-image-preview:large","max-video-preview":"max-video-preview:-1"},"canonical":"https:\/\/radarservice.eu\/es\/producto\/genevo-one-s-detector-de-radar-negro\/","og_locale":"es_ES","og_type":"article","og_title":"Genevo One S - Detector de radar negro | Radar Service","og_description":"Con la nueva antena de radar UHD, el Genevo G1 S Black Edition se ha desarrollado especialmente para el mercado europeo.","og_url":"https:\/\/radarservice.eu\/es\/producto\/genevo-one-s-detector-de-radar-negro\/","og_site_name":"Radar Service","article_modified_time":"2023-04-02T18:26:06+00:00","og_image":[{"width":800,"height":636,"url":"https:\/\/radarservice.eu\/wp-content\/uploads\/2020\/09\/genevo-black-edition-radarwarner.jpg","type":"image\/jpeg"}],"twitter_card":"summary_large_image","schema":{"@context":"https:\/\/schema.org","@graph":[{"@type":"WebPage","@id":"https:\/\/radarservice.eu\/es\/producto\/genevo-one-s-detector-de-radar-negro\/","url":"https:\/\/radarservice.eu\/es\/producto\/genevo-one-s-detector-de-radar-negro\/","name":"Genevo One S - Detector de radar negro | Radar Service","isPartOf":{"@id":"https:\/\/radarservice.eu\/es\/#website"},"primaryImageOfPage":{"@id":"https:\/\/radarservice.eu\/es\/producto\/genevo-one-s-detector-de-radar-negro\/#primaryimage"},"image":{"@id":"https:\/\/radarservice.eu\/es\/producto\/genevo-one-s-detector-de-radar-negro\/#primaryimage"},"thumbnailUrl":"https:\/\/radarservice.eu\/wp-content\/uploads\/2020\/09\/genevo-black-edition-radarwarner.jpg","datePublished":"2021-03-24T06:51:10+00:00","dateModified":"2023-04-02T18:26:06+00:00","description":"Con la nueva antena de radar UHD, el Genevo G1 S Black Edition se ha desarrollado especialmente para el mercado europeo.","breadcrumb":{"@id":"https:\/\/radarservice.eu\/es\/producto\/genevo-one-s-detector-de-radar-negro\/#breadcrumb"},"inLanguage":"es","potentialAction":[{"@type":"ReadAction","target":["https:\/\/radarservice.eu\/es\/producto\/genevo-one-s-detector-de-radar-negro\/"]}]},{"@type":"ImageObject","inLanguage":"es","@id":"https:\/\/radarservice.eu\/es\/producto\/genevo-one-s-detector-de-radar-negro\/#primaryimage","url":"https:\/\/radarservice.eu\/wp-content\/uploads\/2020\/09\/genevo-black-edition-radarwarner.jpg","contentUrl":"https:\/\/radarservice.eu\/wp-content\/uploads\/2020\/09\/genevo-black-edition-radarwarner.jpg","width":800,"height":636,"caption":"Genevo One S - Detector de radar negro"},{"@type":"BreadcrumbList","@id":"https:\/\/radarservice.eu\/es\/producto\/genevo-one-s-detector-de-radar-negro\/#breadcrumb","itemListElement":[{"@type":"ListItem","position":1,"name":"Tienda","item":"https:\/\/radarservice.eu\/es\/tienda\/"},{"@type":"ListItem","position":2,"name":"Genevo One S &#8211; Detector de radar negro"}]},{"@type":"WebSite","@id":"https:\/\/radarservice.eu\/es\/#website","url":"https:\/\/radarservice.eu\/es\/","name":"Radar Service","description":"Radar detector Laser jammer mobile fix","publisher":{"@id":"https:\/\/radarservice.eu\/es\/#organization"},"potentialAction":[{"@type":"SearchAction","target":{"@type":"EntryPoint","urlTemplate":"https:\/\/radarservice.eu\/es\/?s={search_term_string}"},"query-input":{"@type":"PropertyValueSpecification","valueRequired":true,"valueName":"search_term_string"}}],"inLanguage":"es"},{"@type":"Organization","@id":"https:\/\/radarservice.eu\/es\/#organization","name":"RadarService","url":"https:\/\/radarservice.eu\/es\/","logo":{"@type":"ImageObject","inLanguage":"es","@id":"https:\/\/radarservice.eu\/es\/#\/schema\/logo\/image\/","url":"https:\/\/radarservice.eu\/wp-content\/uploads\/2021\/03\/Radar_detector_service.png","contentUrl":"https:\/\/radarservice.eu\/wp-content\/uploads\/2021\/03\/Radar_detector_service.png","width":174,"height":48,"caption":"RadarService"},"image":{"@id":"https:\/\/radarservice.eu\/es\/#\/schema\/logo\/image\/"}}]}},"_links":{"self":[{"href":"https:\/\/radarservice.eu\/es\/wp-json\/wp\/v2\/product\/15049","targetHints":{"allow":["GET"]}}],"collection":[{"href":"https:\/\/radarservice.eu\/es\/wp-json\/wp\/v2\/product"}],"about":[{"href":"https:\/\/radarservice.eu\/es\/wp-json\/wp\/v2\/types\/product"}],"replies":[{"embeddable":true,"href":"https:\/\/radarservice.eu\/es\/wp-json\/wp\/v2\/comments?post=15049"}],"wp:featuredmedia":[{"embeddable":true,"href":"https:\/\/radarservice.eu\/es\/wp-json\/wp\/v2\/media\/15051"}],"wp:attachment":[{"href":"https:\/\/radarservice.eu\/es\/wp-json\/wp\/v2\/media?parent=15049"}],"wp:term":[{"taxonomy":"product_brand","embeddable":true,"href":"https:\/\/radarservice.eu\/es\/wp-json\/wp\/v2\/product_brand?post=15049"},{"taxonomy":"product_cat","embeddable":true,"href":"https:\/\/radarservice.eu\/es\/wp-json\/wp\/v2\/product_cat?post=15049"},{"taxonomy":"product_tag","embeddable":true,"href":"https:\/\/radarservice.eu\/es\/wp-json\/wp\/v2\/product_tag?post=15049"}],"curies":[{"name":"wp","href":"https:\/\/api.w.org\/{rel}","templated":true}]}}