{"id":15042,"date":"2021-03-23T18:43:20","date_gmt":"2021-03-23T17:43:20","guid":{"rendered":"https:\/\/radarservice.eu\/produkt\/quintezz-drive-control-gps-v4-0\/"},"modified":"2021-03-23T18:43:20","modified_gmt":"2021-03-23T17:43:20","slug":"quintezz-drive-control-gps-v4-0","status":"publish","type":"product","link":"https:\/\/radarservice.eu\/es\/producto\/quintezz-drive-control-gps-v4-0\/","title":{"rendered":"Quintezz Drive Control GPS V4.0"},"content":{"rendered":"<p>El detector de radares m\u00f3vil Quintezz Drive Control es un dispositivo econ\u00f3mico de nivel b\u00e1sico que es adecuado para su uso en Europa. A trav\u00e9s del receptor GPS incorporado, recibir\u00e1 no s\u00f3lo los avisos de radar y l\u00e1ser, sino tambi\u00e9n los avisos de los sistemas de control de velocidad fija y de luz roja.<br \/>.<br \/>\nLa funci\u00f3n de advertencia por radar y l\u00e1ser puede desactivarse con la pulsaci\u00f3n de un bot\u00f3n si es necesario (por ejemplo, control de tr\u00e1fico, tr\u00e1fico fronterizo) y reactivarse m\u00e1s tarde mediante un c\u00f3digo secreto.<\/p>\n<p\n\n\n<p>El Quintezz Drive Control es \u00f3ptimo para los conductores que se conforman con un rendimiento medio y para los que una protecci\u00f3n b\u00e1sica es suficiente.<\/p>\n<p\n\n\n<p><strong>Nota:<\/strong> El Quintezz Drive Control tiene recepci\u00f3n l\u00e1ser, pero para una protecci\u00f3n l\u00e1ser segura recomendamos<br \/>\nel uso de un bloqueador l\u00e1ser activo, por ejemplo, Genevo FF2 o AL Priority.<\/p>\n<p><p><strong>Presentaci\u00f3n:<\/strong><br \/>\n+ Detector de radar m\u00f3vil con conexi\u00f3n al mechero de 12V<br \/>.<br \/>\n+ Advertencia por radar y l\u00e1ser<br \/>\n+ Banda Ka-estrecha para un m\u00e1ximo rendimiento con los radares europeos Multanova<br \/>\n+ Dimensiones: 34 x 75 x 117 (alto x ancho x largo en mm)<\/p>\n<p>.<\/p>\n<p><strong>Gamas de frecuencia:<\/strong><br \/>.<br \/>\n+ Banda X &#8211; 9,41 GHz, 9,90 GHz, 10,50 GHz, 10,525 GHz, 10,60 GHz<br \/>\n+ Banda K &#8211; 24,10 GHz, 24,125 GHz, 24,150 GHz<br \/>\n+ Ka-estrecho &#8211; 34,00 GHz, 34,30 GHz, 34,36 GHz<br \/>\n+ Ka-Wide &#8211; 35,50 GHz, 35,70 GHz<br \/>\n+ Banda KU &#8211; 13,450 GHz<\/p>\n<p><strong>Alcance de la entrega:<\/strong><br \/>\n* Detector de radares Quintezz Drive Control V4.0.<br \/>\n* Soporte y cable de conexi\u00f3n de 12 V.<br \/>\n* Cable USB<br \/>\n* Actualizar el software (c\u00e1mara de velocidad fija)<br \/>\n* Instrucciones de uso en alem\u00e1n<\/p>\n","protected":false},"excerpt":{"rendered":"<p>El detector de radares m\u00f3vil Quintezz Drive Control es un dispositivo econ\u00f3mico de nivel b\u00e1sico que es adecuado para su uso en Europa. A trav\u00e9s del receptor GPS incorporado, recibir\u00e1 no s\u00f3lo los avisos de radar y l\u00e1ser, sino tambi\u00e9n los avisos de los sistemas de control de velocidad fija y de luz roja.. La [&#8230;]\n","protected":false},"featured_media":15043,"comment_status":"open","ping_status":"closed","template":"","meta":[],"product_brand":[],"product_cat":[918,991],"product_tag":[901,924,995,902,925,926,994],"class_list":{"0":"post-15042","1":"product","2":"type-product","3":"status-publish","4":"has-post-thumbnail","6":"product_cat-detectores-de-radar-moviles","7":"product_cat-quintezz-es","8":"product_tag-detector-de-radar","9":"product_tag-detector-laser","10":"product_tag-dispositivo-de-nivel-basico","11":"product_tag-europa-es","12":"product_tag-gps-es","13":"product_tag-poi-warner-es","14":"product_tag-quintezz-drive-control-es","16":"first","17":"instock","18":"taxable","19":"shipping-taxable","20":"purchasable","21":"product-type-simple"},"yoast_head":"<!-- This site is optimized with the Yoast SEO plugin v27.2 - https:\/\/yoast.com\/product\/yoast-seo-wordpress\/ -->\n<title>Quintezz Drive Control GPS V4.0 | Radar Service<\/title>\n<meta name=\"description\" content=\"El detector de radares m\u00f3vil Quintezz Drive Control es un dispositivo econ\u00f3mico de nivel b\u00e1sico que se puede utilizar en Europa.\" \/>\n<meta name=\"robots\" content=\"index, follow, max-snippet:-1, max-image-preview:large, max-video-preview:-1\" \/>\n<link rel=\"canonical\" href=\"https:\/\/radarservice.eu\/es\/producto\/quintezz-drive-control-gps-v4-0\/\" \/>\n<meta property=\"og:locale\" content=\"es_ES\" \/>\n<meta property=\"og:type\" content=\"article\" \/>\n<meta property=\"og:title\" content=\"Quintezz Drive Control GPS V4.0 | Radar Service\" \/>\n<meta property=\"og:description\" content=\"El detector de radares m\u00f3vil Quintezz Drive Control es un dispositivo econ\u00f3mico de nivel b\u00e1sico que se puede utilizar en Europa.\" \/>\n<meta property=\"og:url\" content=\"https:\/\/radarservice.eu\/es\/producto\/quintezz-drive-control-gps-v4-0\/\" \/>\n<meta property=\"og:site_name\" content=\"Radar Service\" \/>\n<meta property=\"og:image\" content=\"https:\/\/radarservice.eu\/wp-content\/uploads\/2020\/09\/quintezz_drive_control_gps_v4.jpg\" \/>\n\t<meta property=\"og:image:width\" content=\"450\" \/>\n\t<meta property=\"og:image:height\" content=\"450\" \/>\n\t<meta property=\"og:image:type\" content=\"image\/jpeg\" \/>\n<meta name=\"twitter:card\" content=\"summary_large_image\" \/>\n<meta name=\"twitter:label1\" content=\"Tiempo de lectura\" \/>\n\t<meta name=\"twitter:data1\" content=\"1 minuto\" \/>\n<script type=\"application\/ld+json\" class=\"yoast-schema-graph\">{\"@context\":\"https:\/\/schema.org\",\"@graph\":[{\"@type\":\"WebPage\",\"@id\":\"https:\/\/radarservice.eu\/es\/producto\/quintezz-drive-control-gps-v4-0\/\",\"url\":\"https:\/\/radarservice.eu\/es\/producto\/quintezz-drive-control-gps-v4-0\/\",\"name\":\"Quintezz Drive Control GPS V4.0 | Radar Service\",\"isPartOf\":{\"@id\":\"https:\/\/radarservice.eu\/es\/#website\"},\"primaryImageOfPage\":{\"@id\":\"https:\/\/radarservice.eu\/es\/producto\/quintezz-drive-control-gps-v4-0\/#primaryimage\"},\"image\":{\"@id\":\"https:\/\/radarservice.eu\/es\/producto\/quintezz-drive-control-gps-v4-0\/#primaryimage\"},\"thumbnailUrl\":\"https:\/\/radarservice.eu\/wp-content\/uploads\/2020\/09\/quintezz_drive_control_gps_v4.jpg\",\"datePublished\":\"2021-03-23T17:43:20+00:00\",\"description\":\"El detector de radares m\u00f3vil Quintezz Drive Control es un dispositivo econ\u00f3mico de nivel b\u00e1sico que se puede utilizar en Europa.\",\"breadcrumb\":{\"@id\":\"https:\/\/radarservice.eu\/es\/producto\/quintezz-drive-control-gps-v4-0\/#breadcrumb\"},\"inLanguage\":\"es\",\"potentialAction\":[{\"@type\":\"ReadAction\",\"target\":[\"https:\/\/radarservice.eu\/es\/producto\/quintezz-drive-control-gps-v4-0\/\"]}]},{\"@type\":\"ImageObject\",\"inLanguage\":\"es\",\"@id\":\"https:\/\/radarservice.eu\/es\/producto\/quintezz-drive-control-gps-v4-0\/#primaryimage\",\"url\":\"https:\/\/radarservice.eu\/wp-content\/uploads\/2020\/09\/quintezz_drive_control_gps_v4.jpg\",\"contentUrl\":\"https:\/\/radarservice.eu\/wp-content\/uploads\/2020\/09\/quintezz_drive_control_gps_v4.jpg\",\"width\":450,\"height\":450,\"caption\":\"Quintezz Drive Control GPS V4.0\"},{\"@type\":\"BreadcrumbList\",\"@id\":\"https:\/\/radarservice.eu\/es\/producto\/quintezz-drive-control-gps-v4-0\/#breadcrumb\",\"itemListElement\":[{\"@type\":\"ListItem\",\"position\":1,\"name\":\"Tienda\",\"item\":\"https:\/\/radarservice.eu\/es\/tienda\/\"},{\"@type\":\"ListItem\",\"position\":2,\"name\":\"Quintezz Drive Control GPS V4.0\"}]},{\"@type\":\"WebSite\",\"@id\":\"https:\/\/radarservice.eu\/es\/#website\",\"url\":\"https:\/\/radarservice.eu\/es\/\",\"name\":\"Radar Service\",\"description\":\"Radar detector Laser jammer mobile fix\",\"publisher\":{\"@id\":\"https:\/\/radarservice.eu\/es\/#organization\"},\"potentialAction\":[{\"@type\":\"SearchAction\",\"target\":{\"@type\":\"EntryPoint\",\"urlTemplate\":\"https:\/\/radarservice.eu\/es\/?s={search_term_string}\"},\"query-input\":{\"@type\":\"PropertyValueSpecification\",\"valueRequired\":true,\"valueName\":\"search_term_string\"}}],\"inLanguage\":\"es\"},{\"@type\":\"Organization\",\"@id\":\"https:\/\/radarservice.eu\/es\/#organization\",\"name\":\"RadarService\",\"url\":\"https:\/\/radarservice.eu\/es\/\",\"logo\":{\"@type\":\"ImageObject\",\"inLanguage\":\"es\",\"@id\":\"https:\/\/radarservice.eu\/es\/#\/schema\/logo\/image\/\",\"url\":\"https:\/\/radarservice.eu\/wp-content\/uploads\/2021\/03\/Radar_detector_service.png\",\"contentUrl\":\"https:\/\/radarservice.eu\/wp-content\/uploads\/2021\/03\/Radar_detector_service.png\",\"width\":174,\"height\":48,\"caption\":\"RadarService\"},\"image\":{\"@id\":\"https:\/\/radarservice.eu\/es\/#\/schema\/logo\/image\/\"}}]}<\/script>\n<!-- \/ Yoast SEO plugin. -->","yoast_head_json":{"title":"Quintezz Drive Control GPS V4.0 | Radar Service","description":"El detector de radares m\u00f3vil Quintezz Drive Control es un dispositivo econ\u00f3mico de nivel b\u00e1sico que se puede utilizar en Europa.","robots":{"index":"index","follow":"follow","max-snippet":"max-snippet:-1","max-image-preview":"max-image-preview:large","max-video-preview":"max-video-preview:-1"},"canonical":"https:\/\/radarservice.eu\/es\/producto\/quintezz-drive-control-gps-v4-0\/","og_locale":"es_ES","og_type":"article","og_title":"Quintezz Drive Control GPS V4.0 | Radar Service","og_description":"El detector de radares m\u00f3vil Quintezz Drive Control es un dispositivo econ\u00f3mico de nivel b\u00e1sico que se puede utilizar en Europa.","og_url":"https:\/\/radarservice.eu\/es\/producto\/quintezz-drive-control-gps-v4-0\/","og_site_name":"Radar Service","og_image":[{"width":450,"height":450,"url":"https:\/\/radarservice.eu\/wp-content\/uploads\/2020\/09\/quintezz_drive_control_gps_v4.jpg","type":"image\/jpeg"}],"twitter_card":"summary_large_image","twitter_misc":{"Tiempo de lectura":"1 minuto"},"schema":{"@context":"https:\/\/schema.org","@graph":[{"@type":"WebPage","@id":"https:\/\/radarservice.eu\/es\/producto\/quintezz-drive-control-gps-v4-0\/","url":"https:\/\/radarservice.eu\/es\/producto\/quintezz-drive-control-gps-v4-0\/","name":"Quintezz Drive Control GPS V4.0 | Radar Service","isPartOf":{"@id":"https:\/\/radarservice.eu\/es\/#website"},"primaryImageOfPage":{"@id":"https:\/\/radarservice.eu\/es\/producto\/quintezz-drive-control-gps-v4-0\/#primaryimage"},"image":{"@id":"https:\/\/radarservice.eu\/es\/producto\/quintezz-drive-control-gps-v4-0\/#primaryimage"},"thumbnailUrl":"https:\/\/radarservice.eu\/wp-content\/uploads\/2020\/09\/quintezz_drive_control_gps_v4.jpg","datePublished":"2021-03-23T17:43:20+00:00","description":"El detector de radares m\u00f3vil Quintezz Drive Control es un dispositivo econ\u00f3mico de nivel b\u00e1sico que se puede utilizar en Europa.","breadcrumb":{"@id":"https:\/\/radarservice.eu\/es\/producto\/quintezz-drive-control-gps-v4-0\/#breadcrumb"},"inLanguage":"es","potentialAction":[{"@type":"ReadAction","target":["https:\/\/radarservice.eu\/es\/producto\/quintezz-drive-control-gps-v4-0\/"]}]},{"@type":"ImageObject","inLanguage":"es","@id":"https:\/\/radarservice.eu\/es\/producto\/quintezz-drive-control-gps-v4-0\/#primaryimage","url":"https:\/\/radarservice.eu\/wp-content\/uploads\/2020\/09\/quintezz_drive_control_gps_v4.jpg","contentUrl":"https:\/\/radarservice.eu\/wp-content\/uploads\/2020\/09\/quintezz_drive_control_gps_v4.jpg","width":450,"height":450,"caption":"Quintezz Drive Control GPS V4.0"},{"@type":"BreadcrumbList","@id":"https:\/\/radarservice.eu\/es\/producto\/quintezz-drive-control-gps-v4-0\/#breadcrumb","itemListElement":[{"@type":"ListItem","position":1,"name":"Tienda","item":"https:\/\/radarservice.eu\/es\/tienda\/"},{"@type":"ListItem","position":2,"name":"Quintezz Drive Control GPS V4.0"}]},{"@type":"WebSite","@id":"https:\/\/radarservice.eu\/es\/#website","url":"https:\/\/radarservice.eu\/es\/","name":"Radar Service","description":"Radar detector Laser jammer mobile fix","publisher":{"@id":"https:\/\/radarservice.eu\/es\/#organization"},"potentialAction":[{"@type":"SearchAction","target":{"@type":"EntryPoint","urlTemplate":"https:\/\/radarservice.eu\/es\/?s={search_term_string}"},"query-input":{"@type":"PropertyValueSpecification","valueRequired":true,"valueName":"search_term_string"}}],"inLanguage":"es"},{"@type":"Organization","@id":"https:\/\/radarservice.eu\/es\/#organization","name":"RadarService","url":"https:\/\/radarservice.eu\/es\/","logo":{"@type":"ImageObject","inLanguage":"es","@id":"https:\/\/radarservice.eu\/es\/#\/schema\/logo\/image\/","url":"https:\/\/radarservice.eu\/wp-content\/uploads\/2021\/03\/Radar_detector_service.png","contentUrl":"https:\/\/radarservice.eu\/wp-content\/uploads\/2021\/03\/Radar_detector_service.png","width":174,"height":48,"caption":"RadarService"},"image":{"@id":"https:\/\/radarservice.eu\/es\/#\/schema\/logo\/image\/"}}]}},"_links":{"self":[{"href":"https:\/\/radarservice.eu\/es\/wp-json\/wp\/v2\/product\/15042","targetHints":{"allow":["GET"]}}],"collection":[{"href":"https:\/\/radarservice.eu\/es\/wp-json\/wp\/v2\/product"}],"about":[{"href":"https:\/\/radarservice.eu\/es\/wp-json\/wp\/v2\/types\/product"}],"replies":[{"embeddable":true,"href":"https:\/\/radarservice.eu\/es\/wp-json\/wp\/v2\/comments?post=15042"}],"wp:featuredmedia":[{"embeddable":true,"href":"https:\/\/radarservice.eu\/es\/wp-json\/wp\/v2\/media\/15043"}],"wp:attachment":[{"href":"https:\/\/radarservice.eu\/es\/wp-json\/wp\/v2\/media?parent=15042"}],"wp:term":[{"taxonomy":"product_brand","embeddable":true,"href":"https:\/\/radarservice.eu\/es\/wp-json\/wp\/v2\/product_brand?post=15042"},{"taxonomy":"product_cat","embeddable":true,"href":"https:\/\/radarservice.eu\/es\/wp-json\/wp\/v2\/product_cat?post=15042"},{"taxonomy":"product_tag","embeddable":true,"href":"https:\/\/radarservice.eu\/es\/wp-json\/wp\/v2\/product_tag?post=15042"}],"curies":[{"name":"wp","href":"https:\/\/api.w.org\/{rel}","templated":true}]}}