{"id":15031,"date":"2021-03-23T18:36:37","date_gmt":"2021-03-23T17:36:37","guid":{"rendered":"https:\/\/radarservice.eu\/produkt\/stealth-mobile-advertencia-de-radar-movil\/"},"modified":"2026-04-22T11:04:09","modified_gmt":"2026-04-22T09:04:09","slug":"stealth-mobile-advertencia-de-radar-movil","status":"publish","type":"product","link":"https:\/\/radarservice.eu\/es\/producto\/stealth-mobile-advertencia-de-radar-movil\/","title":{"rendered":"Stealth Mobile &#8211; advertencia de radar m\u00f3vil"},"content":{"rendered":"<p>El Stealth Mobile es un detector de radares m\u00f3viles de gama media que avisa de los radares m\u00f3viles y fijos.<br \/>\nEl receptor GPS incorporado se utiliza en combinaci\u00f3n con la base de datos preinstalada tanto para la localizaci\u00f3n de trampas de velocidad como para la supresi\u00f3n de falsas alarmas.<\/p>\n<p\n\n\n<p><strong>Nota:<\/strong> El Stealth Mobile tiene un receptor l\u00e1ser incorporado, pero para una protecci\u00f3n l\u00e1ser segura recomendamos el uso de un bloqueador l\u00e1ser activo, por ejemplo, Genevo FF2 o AL Priority.<\/p>\n<p\n\n\n<p><strong>Presentaci\u00f3n:<\/strong><br \/>\n+ Aviso de radar en banda K y Ka<br \/>.<br \/>\n+ Receptor GPS SiRF III con base de datos preinstalada<br \/>.<br \/>\n+ supresi\u00f3n de falsas alarmas del GPS<br \/>\n+ Toma de auriculares<\/p>\n<p><strong>Alcance de la entrega:<\/strong><br \/>\n* Detector de radar m\u00f3vil Stealth<br \/>.<br \/>\n* Soporte<br \/>\n* Cable de conexi\u00f3n de 12V para el encendedor de cigarrillos<\/p>\n","protected":false},"excerpt":{"rendered":"<p>El Stealth Mobile es un detector de radares m\u00f3viles de gama media que avisa de los radares m\u00f3viles y fijos. El receptor GPS incorporado se utiliza en combinaci\u00f3n con la base de datos preinstalada tanto para la localizaci\u00f3n de trampas de velocidad como para la supresi\u00f3n de falsas alarmas.<\/p>\n","protected":false},"featured_media":15032,"comment_status":"open","ping_status":"closed","template":"","meta":[],"product_brand":[],"product_cat":[918,984],"product_tag":[987,986,901,902,985],"class_list":{"0":"post-15031","1":"product","2":"type-product","3":"status-publish","4":"has-post-thumbnail","6":"product_cat-detectores-de-radar-moviles","7":"product_cat-stealth-es","8":"product_tag-controles-de-velocidad-fijos","9":"product_tag-controles-de-velocidad-moviles","10":"product_tag-detector-de-radar","11":"product_tag-europa-es","12":"product_tag-stealth-mobile-es","14":"first","15":"instock","16":"sale","17":"taxable","18":"shipping-taxable","19":"purchasable","20":"product-type-simple"},"yoast_head":"<!-- This site is optimized with the Yoast SEO plugin v27.2 - https:\/\/yoast.com\/product\/yoast-seo-wordpress\/ -->\n<title>Stealth Mobile - advertencia de radar m\u00f3vil | Radar Service<\/title>\n<meta name=\"description\" content=\"El Stealth Mobile es un detector de radares m\u00f3viles de gama media que avisa de los radares m\u00f3viles y fijos.\" \/>\n<meta name=\"robots\" content=\"index, follow, max-snippet:-1, max-image-preview:large, max-video-preview:-1\" \/>\n<link rel=\"canonical\" href=\"https:\/\/radarservice.eu\/es\/producto\/stealth-mobile-advertencia-de-radar-movil\/\" \/>\n<meta property=\"og:locale\" content=\"es_ES\" \/>\n<meta property=\"og:type\" content=\"article\" \/>\n<meta property=\"og:title\" content=\"Stealth Mobile - advertencia de radar m\u00f3vil | Radar Service\" \/>\n<meta property=\"og:description\" content=\"El Stealth Mobile es un detector de radares m\u00f3viles de gama media que avisa de los radares m\u00f3viles y fijos.\" \/>\n<meta property=\"og:url\" content=\"https:\/\/radarservice.eu\/es\/producto\/stealth-mobile-advertencia-de-radar-movil\/\" \/>\n<meta property=\"og:site_name\" content=\"Radar Service\" \/>\n<meta property=\"article:modified_time\" content=\"2026-04-22T09:04:09+00:00\" \/>\n<meta property=\"og:image\" content=\"https:\/\/radarservice.eu\/wp-content\/uploads\/2020\/09\/stealth_mobile.jpg\" \/>\n\t<meta property=\"og:image:width\" content=\"753\" \/>\n\t<meta property=\"og:image:height\" content=\"450\" \/>\n\t<meta property=\"og:image:type\" content=\"image\/jpeg\" \/>\n<meta name=\"twitter:card\" content=\"summary_large_image\" \/>\n<script type=\"application\/ld+json\" class=\"yoast-schema-graph\">{\"@context\":\"https:\/\/schema.org\",\"@graph\":[{\"@type\":\"WebPage\",\"@id\":\"https:\/\/radarservice.eu\/es\/producto\/stealth-mobile-advertencia-de-radar-movil\/\",\"url\":\"https:\/\/radarservice.eu\/es\/producto\/stealth-mobile-advertencia-de-radar-movil\/\",\"name\":\"Stealth Mobile - advertencia de radar m\u00f3vil | Radar Service\",\"isPartOf\":{\"@id\":\"https:\/\/radarservice.eu\/es\/#website\"},\"primaryImageOfPage\":{\"@id\":\"https:\/\/radarservice.eu\/es\/producto\/stealth-mobile-advertencia-de-radar-movil\/#primaryimage\"},\"image\":{\"@id\":\"https:\/\/radarservice.eu\/es\/producto\/stealth-mobile-advertencia-de-radar-movil\/#primaryimage\"},\"thumbnailUrl\":\"https:\/\/radarservice.eu\/wp-content\/uploads\/2020\/09\/stealth_mobile.jpg\",\"datePublished\":\"2021-03-23T17:36:37+00:00\",\"dateModified\":\"2026-04-22T09:04:09+00:00\",\"description\":\"El Stealth Mobile es un detector de radares m\u00f3viles de gama media que avisa de los radares m\u00f3viles y fijos.\",\"breadcrumb\":{\"@id\":\"https:\/\/radarservice.eu\/es\/producto\/stealth-mobile-advertencia-de-radar-movil\/#breadcrumb\"},\"inLanguage\":\"es\",\"potentialAction\":[{\"@type\":\"ReadAction\",\"target\":[\"https:\/\/radarservice.eu\/es\/producto\/stealth-mobile-advertencia-de-radar-movil\/\"]}]},{\"@type\":\"ImageObject\",\"inLanguage\":\"es\",\"@id\":\"https:\/\/radarservice.eu\/es\/producto\/stealth-mobile-advertencia-de-radar-movil\/#primaryimage\",\"url\":\"https:\/\/radarservice.eu\/wp-content\/uploads\/2020\/09\/stealth_mobile.jpg\",\"contentUrl\":\"https:\/\/radarservice.eu\/wp-content\/uploads\/2020\/09\/stealth_mobile.jpg\",\"width\":753,\"height\":450,\"caption\":\"Stealth Mobile\"},{\"@type\":\"BreadcrumbList\",\"@id\":\"https:\/\/radarservice.eu\/es\/producto\/stealth-mobile-advertencia-de-radar-movil\/#breadcrumb\",\"itemListElement\":[{\"@type\":\"ListItem\",\"position\":1,\"name\":\"Tienda\",\"item\":\"https:\/\/radarservice.eu\/es\/tienda\/\"},{\"@type\":\"ListItem\",\"position\":2,\"name\":\"Stealth Mobile &#8211; advertencia de radar m\u00f3vil\"}]},{\"@type\":\"WebSite\",\"@id\":\"https:\/\/radarservice.eu\/es\/#website\",\"url\":\"https:\/\/radarservice.eu\/es\/\",\"name\":\"Radar Service\",\"description\":\"Radar detector Laser jammer mobile fix\",\"publisher\":{\"@id\":\"https:\/\/radarservice.eu\/es\/#organization\"},\"potentialAction\":[{\"@type\":\"SearchAction\",\"target\":{\"@type\":\"EntryPoint\",\"urlTemplate\":\"https:\/\/radarservice.eu\/es\/?s={search_term_string}\"},\"query-input\":{\"@type\":\"PropertyValueSpecification\",\"valueRequired\":true,\"valueName\":\"search_term_string\"}}],\"inLanguage\":\"es\"},{\"@type\":\"Organization\",\"@id\":\"https:\/\/radarservice.eu\/es\/#organization\",\"name\":\"RadarService\",\"url\":\"https:\/\/radarservice.eu\/es\/\",\"logo\":{\"@type\":\"ImageObject\",\"inLanguage\":\"es\",\"@id\":\"https:\/\/radarservice.eu\/es\/#\/schema\/logo\/image\/\",\"url\":\"https:\/\/radarservice.eu\/wp-content\/uploads\/2021\/03\/Radar_detector_service.png\",\"contentUrl\":\"https:\/\/radarservice.eu\/wp-content\/uploads\/2021\/03\/Radar_detector_service.png\",\"width\":174,\"height\":48,\"caption\":\"RadarService\"},\"image\":{\"@id\":\"https:\/\/radarservice.eu\/es\/#\/schema\/logo\/image\/\"}}]}<\/script>\n<!-- \/ Yoast SEO plugin. -->","yoast_head_json":{"title":"Stealth Mobile - advertencia de radar m\u00f3vil | Radar Service","description":"El Stealth Mobile es un detector de radares m\u00f3viles de gama media que avisa de los radares m\u00f3viles y fijos.","robots":{"index":"index","follow":"follow","max-snippet":"max-snippet:-1","max-image-preview":"max-image-preview:large","max-video-preview":"max-video-preview:-1"},"canonical":"https:\/\/radarservice.eu\/es\/producto\/stealth-mobile-advertencia-de-radar-movil\/","og_locale":"es_ES","og_type":"article","og_title":"Stealth Mobile - advertencia de radar m\u00f3vil | Radar Service","og_description":"El Stealth Mobile es un detector de radares m\u00f3viles de gama media que avisa de los radares m\u00f3viles y fijos.","og_url":"https:\/\/radarservice.eu\/es\/producto\/stealth-mobile-advertencia-de-radar-movil\/","og_site_name":"Radar Service","article_modified_time":"2026-04-22T09:04:09+00:00","og_image":[{"width":753,"height":450,"url":"https:\/\/radarservice.eu\/wp-content\/uploads\/2020\/09\/stealth_mobile.jpg","type":"image\/jpeg"}],"twitter_card":"summary_large_image","schema":{"@context":"https:\/\/schema.org","@graph":[{"@type":"WebPage","@id":"https:\/\/radarservice.eu\/es\/producto\/stealth-mobile-advertencia-de-radar-movil\/","url":"https:\/\/radarservice.eu\/es\/producto\/stealth-mobile-advertencia-de-radar-movil\/","name":"Stealth Mobile - advertencia de radar m\u00f3vil | Radar Service","isPartOf":{"@id":"https:\/\/radarservice.eu\/es\/#website"},"primaryImageOfPage":{"@id":"https:\/\/radarservice.eu\/es\/producto\/stealth-mobile-advertencia-de-radar-movil\/#primaryimage"},"image":{"@id":"https:\/\/radarservice.eu\/es\/producto\/stealth-mobile-advertencia-de-radar-movil\/#primaryimage"},"thumbnailUrl":"https:\/\/radarservice.eu\/wp-content\/uploads\/2020\/09\/stealth_mobile.jpg","datePublished":"2021-03-23T17:36:37+00:00","dateModified":"2026-04-22T09:04:09+00:00","description":"El Stealth Mobile es un detector de radares m\u00f3viles de gama media que avisa de los radares m\u00f3viles y fijos.","breadcrumb":{"@id":"https:\/\/radarservice.eu\/es\/producto\/stealth-mobile-advertencia-de-radar-movil\/#breadcrumb"},"inLanguage":"es","potentialAction":[{"@type":"ReadAction","target":["https:\/\/radarservice.eu\/es\/producto\/stealth-mobile-advertencia-de-radar-movil\/"]}]},{"@type":"ImageObject","inLanguage":"es","@id":"https:\/\/radarservice.eu\/es\/producto\/stealth-mobile-advertencia-de-radar-movil\/#primaryimage","url":"https:\/\/radarservice.eu\/wp-content\/uploads\/2020\/09\/stealth_mobile.jpg","contentUrl":"https:\/\/radarservice.eu\/wp-content\/uploads\/2020\/09\/stealth_mobile.jpg","width":753,"height":450,"caption":"Stealth Mobile"},{"@type":"BreadcrumbList","@id":"https:\/\/radarservice.eu\/es\/producto\/stealth-mobile-advertencia-de-radar-movil\/#breadcrumb","itemListElement":[{"@type":"ListItem","position":1,"name":"Tienda","item":"https:\/\/radarservice.eu\/es\/tienda\/"},{"@type":"ListItem","position":2,"name":"Stealth Mobile &#8211; advertencia de radar m\u00f3vil"}]},{"@type":"WebSite","@id":"https:\/\/radarservice.eu\/es\/#website","url":"https:\/\/radarservice.eu\/es\/","name":"Radar Service","description":"Radar detector Laser jammer mobile fix","publisher":{"@id":"https:\/\/radarservice.eu\/es\/#organization"},"potentialAction":[{"@type":"SearchAction","target":{"@type":"EntryPoint","urlTemplate":"https:\/\/radarservice.eu\/es\/?s={search_term_string}"},"query-input":{"@type":"PropertyValueSpecification","valueRequired":true,"valueName":"search_term_string"}}],"inLanguage":"es"},{"@type":"Organization","@id":"https:\/\/radarservice.eu\/es\/#organization","name":"RadarService","url":"https:\/\/radarservice.eu\/es\/","logo":{"@type":"ImageObject","inLanguage":"es","@id":"https:\/\/radarservice.eu\/es\/#\/schema\/logo\/image\/","url":"https:\/\/radarservice.eu\/wp-content\/uploads\/2021\/03\/Radar_detector_service.png","contentUrl":"https:\/\/radarservice.eu\/wp-content\/uploads\/2021\/03\/Radar_detector_service.png","width":174,"height":48,"caption":"RadarService"},"image":{"@id":"https:\/\/radarservice.eu\/es\/#\/schema\/logo\/image\/"}}]}},"_links":{"self":[{"href":"https:\/\/radarservice.eu\/es\/wp-json\/wp\/v2\/product\/15031","targetHints":{"allow":["GET"]}}],"collection":[{"href":"https:\/\/radarservice.eu\/es\/wp-json\/wp\/v2\/product"}],"about":[{"href":"https:\/\/radarservice.eu\/es\/wp-json\/wp\/v2\/types\/product"}],"replies":[{"embeddable":true,"href":"https:\/\/radarservice.eu\/es\/wp-json\/wp\/v2\/comments?post=15031"}],"wp:featuredmedia":[{"embeddable":true,"href":"https:\/\/radarservice.eu\/es\/wp-json\/wp\/v2\/media\/15032"}],"wp:attachment":[{"href":"https:\/\/radarservice.eu\/es\/wp-json\/wp\/v2\/media?parent=15031"}],"wp:term":[{"taxonomy":"product_brand","embeddable":true,"href":"https:\/\/radarservice.eu\/es\/wp-json\/wp\/v2\/product_brand?post=15031"},{"taxonomy":"product_cat","embeddable":true,"href":"https:\/\/radarservice.eu\/es\/wp-json\/wp\/v2\/product_cat?post=15031"},{"taxonomy":"product_tag","embeddable":true,"href":"https:\/\/radarservice.eu\/es\/wp-json\/wp\/v2\/product_tag?post=15031"}],"curies":[{"name":"wp","href":"https:\/\/api.w.org\/{rel}","templated":true}]}}