{"id":15027,"date":"2021-03-23T18:34:42","date_gmt":"2021-03-23T17:34:42","guid":{"rendered":"https:\/\/radarservice.eu\/produkt\/target-blu-eye\/"},"modified":"2021-03-23T18:34:42","modified_gmt":"2021-03-23T17:34:42","slug":"target-blu-eye","status":"publish","type":"product","link":"https:\/\/radarservice.eu\/es\/producto\/target-blu-eye\/","title":{"rendered":"Target Blu Eye"},"content":{"rendered":"<p>El Blu Eye es la forma legal de detectar veh\u00edculos de emergencia y puntos de control. Adem\u00e1s, el Blu Eye avisa de la aproximaci\u00f3n de patrullas civiles, coches de polic\u00eda, ambulancias y camiones de bomberos. Blu Eye se basa en la nueva red de radiocomunicaci\u00f3n TETRA utilizada por la polic\u00eda y los servicios de emergencia en la mayor\u00eda de los pa\u00edses de la UE.<\/p>\n<p>Los avisos \u00f3pticos y ac\u00fasticos se dan a trav\u00e9s de un peque\u00f1o panel de control. La distancia a un veh\u00edculo de emergencia se puede leer a trav\u00e9s del indicador de intensidad de la recepci\u00f3n.<br \/>\nLa sensibilidad de la recepci\u00f3n tambi\u00e9n se puede ajustar a trav\u00e9s del panel de control, para ello se puede elegir entre el modo de ciudad y el de carretera. As\u00ed, dependiendo de la sensibilidad, es posible avisar con antelaci\u00f3n desde unos 100 metros hasta un kil\u00f3metro.<\/p>\n<p\n\n\n<p><strong>Presentaci\u00f3n:<\/strong><br \/>\n+ Extremadamente f\u00e1cil de usar<br \/>\n+ Tama\u00f1o compacto<br \/>\n+ F\u00e1cil de instalar<\/p>\n<p><strong>Alcance de la entrega:<\/strong><br \/>\n* Target Blu Eye<br \/>\n* peque\u00f1a unidad de control y visualizaci\u00f3n<br \/>.<br \/>\n* antena externa<br \/>\n* juego de cables<\/p>\n","protected":false},"excerpt":{"rendered":"<p>El Blu Eye es la forma legal de detectar veh\u00edculos de emergencia y puntos de control. Adem\u00e1s, el Blu Eye avisa de la aproximaci\u00f3n de patrullas civiles, coches de polic\u00eda, ambulancias y camiones de bomberos. Blu Eye se basa en la nueva red de radiocomunicaci\u00f3n TETRA utilizada por la polic\u00eda y los servicios de emergencia [&#8230;]\n","protected":false},"featured_media":15030,"comment_status":"open","ping_status":"closed","template":"","meta":[],"product_brand":[],"product_cat":[898,914],"product_tag":[981,976,982,979,980,978,977,983,975],"class_list":{"0":"post-15027","1":"product","2":"type-product","3":"status-publish","4":"has-post-thumbnail","6":"product_cat-detectores-de-radar-fijos","7":"product_cat-target-es","8":"product_tag-ambulancia","9":"product_tag-blu-eye-es","10":"product_tag-departamento-de-bomberos","11":"product_tag-patrulla-civil","12":"product_tag-policia","13":"product_tag-red-inalambrica","14":"product_tag-red-tetra","15":"product_tag-servicio-de-rescate","16":"product_tag-target-es","18":"first","19":"outofstock","20":"taxable","21":"shipping-taxable","22":"purchasable","23":"product-type-simple"},"yoast_head":"<!-- This site is optimized with the Yoast SEO plugin v27.2 - https:\/\/yoast.com\/product\/yoast-seo-wordpress\/ -->\n<title>Target Blu Eye | Radar Service<\/title>\n<meta name=\"description\" content=\"El Target BluEye es la forma legal de detectar veh\u00edculos de emergencia y puntos de control a trav\u00e9s de la radio digital.\" \/>\n<meta name=\"robots\" content=\"index, follow, max-snippet:-1, max-image-preview:large, max-video-preview:-1\" \/>\n<link rel=\"canonical\" href=\"https:\/\/radarservice.eu\/es\/producto\/target-blu-eye\/\" \/>\n<meta property=\"og:locale\" content=\"es_ES\" \/>\n<meta property=\"og:type\" content=\"article\" \/>\n<meta property=\"og:title\" content=\"Target Blu Eye | Radar Service\" \/>\n<meta property=\"og:description\" content=\"El Target BluEye es la forma legal de detectar veh\u00edculos de emergencia y puntos de control a trav\u00e9s de la radio digital.\" \/>\n<meta property=\"og:url\" content=\"https:\/\/radarservice.eu\/es\/producto\/target-blu-eye\/\" \/>\n<meta property=\"og:site_name\" content=\"Radar Service\" \/>\n<meta property=\"og:image\" content=\"https:\/\/radarservice.eu\/wp-content\/uploads\/2019\/07\/target_blu_eye_steuergeraet_bedienteil.jpg\" \/>\n\t<meta property=\"og:image:width\" content=\"486\" \/>\n\t<meta property=\"og:image:height\" content=\"252\" \/>\n\t<meta property=\"og:image:type\" content=\"image\/jpeg\" \/>\n<meta name=\"twitter:card\" content=\"summary_large_image\" \/>\n<meta name=\"twitter:label1\" content=\"Tiempo de lectura\" \/>\n\t<meta name=\"twitter:data1\" content=\"1 minuto\" \/>\n<script type=\"application\/ld+json\" class=\"yoast-schema-graph\">{\"@context\":\"https:\/\/schema.org\",\"@graph\":[{\"@type\":\"WebPage\",\"@id\":\"https:\/\/radarservice.eu\/es\/producto\/target-blu-eye\/\",\"url\":\"https:\/\/radarservice.eu\/es\/producto\/target-blu-eye\/\",\"name\":\"Target Blu Eye | Radar Service\",\"isPartOf\":{\"@id\":\"https:\/\/radarservice.eu\/es\/#website\"},\"primaryImageOfPage\":{\"@id\":\"https:\/\/radarservice.eu\/es\/producto\/target-blu-eye\/#primaryimage\"},\"image\":{\"@id\":\"https:\/\/radarservice.eu\/es\/producto\/target-blu-eye\/#primaryimage\"},\"thumbnailUrl\":\"https:\/\/radarservice.eu\/wp-content\/uploads\/2019\/07\/target_blu_eye_steuergeraet_bedienteil.jpg\",\"datePublished\":\"2021-03-23T17:34:42+00:00\",\"description\":\"El Target BluEye es la forma legal de detectar veh\u00edculos de emergencia y puntos de control a trav\u00e9s de la radio digital.\",\"breadcrumb\":{\"@id\":\"https:\/\/radarservice.eu\/es\/producto\/target-blu-eye\/#breadcrumb\"},\"inLanguage\":\"es\",\"potentialAction\":[{\"@type\":\"ReadAction\",\"target\":[\"https:\/\/radarservice.eu\/es\/producto\/target-blu-eye\/\"]}]},{\"@type\":\"ImageObject\",\"inLanguage\":\"es\",\"@id\":\"https:\/\/radarservice.eu\/es\/producto\/target-blu-eye\/#primaryimage\",\"url\":\"https:\/\/radarservice.eu\/wp-content\/uploads\/2019\/07\/target_blu_eye_steuergeraet_bedienteil.jpg\",\"contentUrl\":\"https:\/\/radarservice.eu\/wp-content\/uploads\/2019\/07\/target_blu_eye_steuergeraet_bedienteil.jpg\",\"width\":486,\"height\":252,\"caption\":\"Unidad de control Target Blu Eye + panel de control\"},{\"@type\":\"BreadcrumbList\",\"@id\":\"https:\/\/radarservice.eu\/es\/producto\/target-blu-eye\/#breadcrumb\",\"itemListElement\":[{\"@type\":\"ListItem\",\"position\":1,\"name\":\"Tienda\",\"item\":\"https:\/\/radarservice.eu\/es\/tienda\/\"},{\"@type\":\"ListItem\",\"position\":2,\"name\":\"Target Blu Eye\"}]},{\"@type\":\"WebSite\",\"@id\":\"https:\/\/radarservice.eu\/es\/#website\",\"url\":\"https:\/\/radarservice.eu\/es\/\",\"name\":\"Radar Service\",\"description\":\"Radar detector Laser jammer mobile fix\",\"publisher\":{\"@id\":\"https:\/\/radarservice.eu\/es\/#organization\"},\"potentialAction\":[{\"@type\":\"SearchAction\",\"target\":{\"@type\":\"EntryPoint\",\"urlTemplate\":\"https:\/\/radarservice.eu\/es\/?s={search_term_string}\"},\"query-input\":{\"@type\":\"PropertyValueSpecification\",\"valueRequired\":true,\"valueName\":\"search_term_string\"}}],\"inLanguage\":\"es\"},{\"@type\":\"Organization\",\"@id\":\"https:\/\/radarservice.eu\/es\/#organization\",\"name\":\"RadarService\",\"url\":\"https:\/\/radarservice.eu\/es\/\",\"logo\":{\"@type\":\"ImageObject\",\"inLanguage\":\"es\",\"@id\":\"https:\/\/radarservice.eu\/es\/#\/schema\/logo\/image\/\",\"url\":\"https:\/\/radarservice.eu\/wp-content\/uploads\/2021\/03\/Radar_detector_service.png\",\"contentUrl\":\"https:\/\/radarservice.eu\/wp-content\/uploads\/2021\/03\/Radar_detector_service.png\",\"width\":174,\"height\":48,\"caption\":\"RadarService\"},\"image\":{\"@id\":\"https:\/\/radarservice.eu\/es\/#\/schema\/logo\/image\/\"}}]}<\/script>\n<!-- \/ Yoast SEO plugin. -->","yoast_head_json":{"title":"Target Blu Eye | Radar Service","description":"El Target BluEye es la forma legal de detectar veh\u00edculos de emergencia y puntos de control a trav\u00e9s de la radio digital.","robots":{"index":"index","follow":"follow","max-snippet":"max-snippet:-1","max-image-preview":"max-image-preview:large","max-video-preview":"max-video-preview:-1"},"canonical":"https:\/\/radarservice.eu\/es\/producto\/target-blu-eye\/","og_locale":"es_ES","og_type":"article","og_title":"Target Blu Eye | Radar Service","og_description":"El Target BluEye es la forma legal de detectar veh\u00edculos de emergencia y puntos de control a trav\u00e9s de la radio digital.","og_url":"https:\/\/radarservice.eu\/es\/producto\/target-blu-eye\/","og_site_name":"Radar Service","og_image":[{"width":486,"height":252,"url":"https:\/\/radarservice.eu\/wp-content\/uploads\/2019\/07\/target_blu_eye_steuergeraet_bedienteil.jpg","type":"image\/jpeg"}],"twitter_card":"summary_large_image","twitter_misc":{"Tiempo de lectura":"1 minuto"},"schema":{"@context":"https:\/\/schema.org","@graph":[{"@type":"WebPage","@id":"https:\/\/radarservice.eu\/es\/producto\/target-blu-eye\/","url":"https:\/\/radarservice.eu\/es\/producto\/target-blu-eye\/","name":"Target Blu Eye | Radar Service","isPartOf":{"@id":"https:\/\/radarservice.eu\/es\/#website"},"primaryImageOfPage":{"@id":"https:\/\/radarservice.eu\/es\/producto\/target-blu-eye\/#primaryimage"},"image":{"@id":"https:\/\/radarservice.eu\/es\/producto\/target-blu-eye\/#primaryimage"},"thumbnailUrl":"https:\/\/radarservice.eu\/wp-content\/uploads\/2019\/07\/target_blu_eye_steuergeraet_bedienteil.jpg","datePublished":"2021-03-23T17:34:42+00:00","description":"El Target BluEye es la forma legal de detectar veh\u00edculos de emergencia y puntos de control a trav\u00e9s de la radio digital.","breadcrumb":{"@id":"https:\/\/radarservice.eu\/es\/producto\/target-blu-eye\/#breadcrumb"},"inLanguage":"es","potentialAction":[{"@type":"ReadAction","target":["https:\/\/radarservice.eu\/es\/producto\/target-blu-eye\/"]}]},{"@type":"ImageObject","inLanguage":"es","@id":"https:\/\/radarservice.eu\/es\/producto\/target-blu-eye\/#primaryimage","url":"https:\/\/radarservice.eu\/wp-content\/uploads\/2019\/07\/target_blu_eye_steuergeraet_bedienteil.jpg","contentUrl":"https:\/\/radarservice.eu\/wp-content\/uploads\/2019\/07\/target_blu_eye_steuergeraet_bedienteil.jpg","width":486,"height":252,"caption":"Unidad de control Target Blu Eye + panel de control"},{"@type":"BreadcrumbList","@id":"https:\/\/radarservice.eu\/es\/producto\/target-blu-eye\/#breadcrumb","itemListElement":[{"@type":"ListItem","position":1,"name":"Tienda","item":"https:\/\/radarservice.eu\/es\/tienda\/"},{"@type":"ListItem","position":2,"name":"Target Blu Eye"}]},{"@type":"WebSite","@id":"https:\/\/radarservice.eu\/es\/#website","url":"https:\/\/radarservice.eu\/es\/","name":"Radar Service","description":"Radar detector Laser jammer mobile fix","publisher":{"@id":"https:\/\/radarservice.eu\/es\/#organization"},"potentialAction":[{"@type":"SearchAction","target":{"@type":"EntryPoint","urlTemplate":"https:\/\/radarservice.eu\/es\/?s={search_term_string}"},"query-input":{"@type":"PropertyValueSpecification","valueRequired":true,"valueName":"search_term_string"}}],"inLanguage":"es"},{"@type":"Organization","@id":"https:\/\/radarservice.eu\/es\/#organization","name":"RadarService","url":"https:\/\/radarservice.eu\/es\/","logo":{"@type":"ImageObject","inLanguage":"es","@id":"https:\/\/radarservice.eu\/es\/#\/schema\/logo\/image\/","url":"https:\/\/radarservice.eu\/wp-content\/uploads\/2021\/03\/Radar_detector_service.png","contentUrl":"https:\/\/radarservice.eu\/wp-content\/uploads\/2021\/03\/Radar_detector_service.png","width":174,"height":48,"caption":"RadarService"},"image":{"@id":"https:\/\/radarservice.eu\/es\/#\/schema\/logo\/image\/"}}]}},"_links":{"self":[{"href":"https:\/\/radarservice.eu\/es\/wp-json\/wp\/v2\/product\/15027","targetHints":{"allow":["GET"]}}],"collection":[{"href":"https:\/\/radarservice.eu\/es\/wp-json\/wp\/v2\/product"}],"about":[{"href":"https:\/\/radarservice.eu\/es\/wp-json\/wp\/v2\/types\/product"}],"replies":[{"embeddable":true,"href":"https:\/\/radarservice.eu\/es\/wp-json\/wp\/v2\/comments?post=15027"}],"wp:featuredmedia":[{"embeddable":true,"href":"https:\/\/radarservice.eu\/es\/wp-json\/wp\/v2\/media\/15030"}],"wp:attachment":[{"href":"https:\/\/radarservice.eu\/es\/wp-json\/wp\/v2\/media?parent=15027"}],"wp:term":[{"taxonomy":"product_brand","embeddable":true,"href":"https:\/\/radarservice.eu\/es\/wp-json\/wp\/v2\/product_brand?post=15027"},{"taxonomy":"product_cat","embeddable":true,"href":"https:\/\/radarservice.eu\/es\/wp-json\/wp\/v2\/product_cat?post=15027"},{"taxonomy":"product_tag","embeddable":true,"href":"https:\/\/radarservice.eu\/es\/wp-json\/wp\/v2\/product_tag?post=15027"}],"curies":[{"name":"wp","href":"https:\/\/api.w.org\/{rel}","templated":true}]}}