{"id":15023,"date":"2021-03-23T18:31:28","date_gmt":"2021-03-23T17:31:28","guid":{"rendered":"https:\/\/radarservice.eu\/produkt\/target-lasertrack-lt-400\/"},"modified":"2021-03-23T18:31:28","modified_gmt":"2021-03-23T17:31:28","slug":"target-lasertrack-lt-400","status":"publish","type":"product","link":"https:\/\/radarservice.eu\/es\/producto\/target-lasertrack-lt-400\/","title":{"rendered":"Target Lasertrack LT-400"},"content":{"rendered":"<p>El LT-400 es un bloqueador l\u00e1ser de rango medio que puede utilizarse tanto como bloqueador l\u00e1ser como abridor de garaje (requiere una unidad receptora adicional)<br \/>.<br \/>\nEl bloqueador l\u00e1ser LT-400 es totalmente autom\u00e1tico y evita las mediciones con pistola l\u00e1ser.<\/p>\n<p><p>El tama\u00f1o compacto del LaserTrack facilita su instalaci\u00f3n en el veh\u00edculo.<\/p>\n<p><p><strong>Presentaci\u00f3n:<\/strong><br \/>\n+ funci\u00f3n de interferencia l\u00e1ser<br \/>\n+ funci\u00f3n de apertura autom\u00e1tica del garaje<br \/>\n+ Dimensiones: 73 x 38 x 19 mm<\/p>\n<p><strong>Alcance de la entrega:<\/strong><br \/>\n* LaserTrack LT400<br \/>\n* Unidad de audio<br \/>\n* Accesorios de montaje, incluido el juego de cables.<br \/>\n* Manual de instrucciones<\/p>\n","protected":false},"excerpt":{"rendered":"<p>El LT-400 es un bloqueador l\u00e1ser de rango medio que puede utilizarse tanto como bloqueador l\u00e1ser como abridor de garaje (requiere una unidad receptora adicional). El bloqueador l\u00e1ser LT-400 es totalmente autom\u00e1tico y evita las mediciones con pistola l\u00e1ser. El tama\u00f1o compacto del LaserTrack facilita su instalaci\u00f3n en el veh\u00edculo. Presentaci\u00f3n: + funci\u00f3n de interferencia [&#8230;]\n","protected":false},"featured_media":15024,"comment_status":"open","ping_status":"closed","template":"","meta":[],"product_brand":[],"product_cat":[912,914],"product_tag":[974,973],"class_list":{"0":"post-15023","1":"product","2":"type-product","3":"status-publish","4":"has-post-thumbnail","6":"product_cat-interferente-laser","7":"product_cat-target-es","8":"product_tag-lt-400-es","9":"product_tag-target-lasertrack-es","11":"first","12":"outofstock","13":"taxable","14":"shipping-taxable","15":"purchasable","16":"product-type-simple"},"yoast_head":"<!-- This site is optimized with the Yoast SEO plugin v27.2 - https:\/\/yoast.com\/product\/yoast-seo-wordpress\/ -->\n<title>Target Lasertrack LT-400 | Radar Service<\/title>\n<meta name=\"description\" content=\"El bloqueador l\u00e1ser LT-400 funciona de forma totalmente autom\u00e1tica y evita las mediciones con pistola l\u00e1ser.\" \/>\n<meta name=\"robots\" content=\"index, follow, max-snippet:-1, max-image-preview:large, max-video-preview:-1\" \/>\n<link rel=\"canonical\" href=\"https:\/\/radarservice.eu\/es\/producto\/target-lasertrack-lt-400\/\" \/>\n<meta property=\"og:locale\" content=\"es_ES\" \/>\n<meta property=\"og:type\" content=\"article\" \/>\n<meta property=\"og:title\" content=\"Target Lasertrack LT-400 | Radar Service\" \/>\n<meta property=\"og:description\" content=\"El bloqueador l\u00e1ser LT-400 funciona de forma totalmente autom\u00e1tica y evita las mediciones con pistola l\u00e1ser.\" \/>\n<meta property=\"og:url\" content=\"https:\/\/radarservice.eu\/es\/producto\/target-lasertrack-lt-400\/\" \/>\n<meta property=\"og:site_name\" content=\"Radar Service\" \/>\n<meta property=\"og:image\" content=\"https:\/\/radarservice.eu\/wp-content\/uploads\/2020\/09\/target_lasertrack_lt400.jpg\" \/>\n\t<meta property=\"og:image:width\" content=\"483\" \/>\n\t<meta property=\"og:image:height\" content=\"359\" \/>\n\t<meta property=\"og:image:type\" content=\"image\/jpeg\" \/>\n<meta name=\"twitter:card\" content=\"summary_large_image\" \/>\n<script type=\"application\/ld+json\" class=\"yoast-schema-graph\">{\"@context\":\"https:\/\/schema.org\",\"@graph\":[{\"@type\":\"WebPage\",\"@id\":\"https:\/\/radarservice.eu\/es\/producto\/target-lasertrack-lt-400\/\",\"url\":\"https:\/\/radarservice.eu\/es\/producto\/target-lasertrack-lt-400\/\",\"name\":\"Target Lasertrack LT-400 | Radar Service\",\"isPartOf\":{\"@id\":\"https:\/\/radarservice.eu\/es\/#website\"},\"primaryImageOfPage\":{\"@id\":\"https:\/\/radarservice.eu\/es\/producto\/target-lasertrack-lt-400\/#primaryimage\"},\"image\":{\"@id\":\"https:\/\/radarservice.eu\/es\/producto\/target-lasertrack-lt-400\/#primaryimage\"},\"thumbnailUrl\":\"https:\/\/radarservice.eu\/wp-content\/uploads\/2020\/09\/target_lasertrack_lt400.jpg\",\"datePublished\":\"2021-03-23T17:31:28+00:00\",\"description\":\"El bloqueador l\u00e1ser LT-400 funciona de forma totalmente autom\u00e1tica y evita las mediciones con pistola l\u00e1ser.\",\"breadcrumb\":{\"@id\":\"https:\/\/radarservice.eu\/es\/producto\/target-lasertrack-lt-400\/#breadcrumb\"},\"inLanguage\":\"es\",\"potentialAction\":[{\"@type\":\"ReadAction\",\"target\":[\"https:\/\/radarservice.eu\/es\/producto\/target-lasertrack-lt-400\/\"]}]},{\"@type\":\"ImageObject\",\"inLanguage\":\"es\",\"@id\":\"https:\/\/radarservice.eu\/es\/producto\/target-lasertrack-lt-400\/#primaryimage\",\"url\":\"https:\/\/radarservice.eu\/wp-content\/uploads\/2020\/09\/target_lasertrack_lt400.jpg\",\"contentUrl\":\"https:\/\/radarservice.eu\/wp-content\/uploads\/2020\/09\/target_lasertrack_lt400.jpg\",\"width\":483,\"height\":359,\"caption\":\"Target Lasertrack LT400\"},{\"@type\":\"BreadcrumbList\",\"@id\":\"https:\/\/radarservice.eu\/es\/producto\/target-lasertrack-lt-400\/#breadcrumb\",\"itemListElement\":[{\"@type\":\"ListItem\",\"position\":1,\"name\":\"Tienda\",\"item\":\"https:\/\/radarservice.eu\/es\/tienda\/\"},{\"@type\":\"ListItem\",\"position\":2,\"name\":\"Target Lasertrack LT-400\"}]},{\"@type\":\"WebSite\",\"@id\":\"https:\/\/radarservice.eu\/es\/#website\",\"url\":\"https:\/\/radarservice.eu\/es\/\",\"name\":\"Radar Service\",\"description\":\"Radar detector Laser jammer mobile fix\",\"publisher\":{\"@id\":\"https:\/\/radarservice.eu\/es\/#organization\"},\"potentialAction\":[{\"@type\":\"SearchAction\",\"target\":{\"@type\":\"EntryPoint\",\"urlTemplate\":\"https:\/\/radarservice.eu\/es\/?s={search_term_string}\"},\"query-input\":{\"@type\":\"PropertyValueSpecification\",\"valueRequired\":true,\"valueName\":\"search_term_string\"}}],\"inLanguage\":\"es\"},{\"@type\":\"Organization\",\"@id\":\"https:\/\/radarservice.eu\/es\/#organization\",\"name\":\"RadarService\",\"url\":\"https:\/\/radarservice.eu\/es\/\",\"logo\":{\"@type\":\"ImageObject\",\"inLanguage\":\"es\",\"@id\":\"https:\/\/radarservice.eu\/es\/#\/schema\/logo\/image\/\",\"url\":\"https:\/\/radarservice.eu\/wp-content\/uploads\/2021\/03\/Radar_detector_service.png\",\"contentUrl\":\"https:\/\/radarservice.eu\/wp-content\/uploads\/2021\/03\/Radar_detector_service.png\",\"width\":174,\"height\":48,\"caption\":\"RadarService\"},\"image\":{\"@id\":\"https:\/\/radarservice.eu\/es\/#\/schema\/logo\/image\/\"}}]}<\/script>\n<!-- \/ Yoast SEO plugin. -->","yoast_head_json":{"title":"Target Lasertrack LT-400 | Radar Service","description":"El bloqueador l\u00e1ser LT-400 funciona de forma totalmente autom\u00e1tica y evita las mediciones con pistola l\u00e1ser.","robots":{"index":"index","follow":"follow","max-snippet":"max-snippet:-1","max-image-preview":"max-image-preview:large","max-video-preview":"max-video-preview:-1"},"canonical":"https:\/\/radarservice.eu\/es\/producto\/target-lasertrack-lt-400\/","og_locale":"es_ES","og_type":"article","og_title":"Target Lasertrack LT-400 | Radar Service","og_description":"El bloqueador l\u00e1ser LT-400 funciona de forma totalmente autom\u00e1tica y evita las mediciones con pistola l\u00e1ser.","og_url":"https:\/\/radarservice.eu\/es\/producto\/target-lasertrack-lt-400\/","og_site_name":"Radar Service","og_image":[{"width":483,"height":359,"url":"https:\/\/radarservice.eu\/wp-content\/uploads\/2020\/09\/target_lasertrack_lt400.jpg","type":"image\/jpeg"}],"twitter_card":"summary_large_image","schema":{"@context":"https:\/\/schema.org","@graph":[{"@type":"WebPage","@id":"https:\/\/radarservice.eu\/es\/producto\/target-lasertrack-lt-400\/","url":"https:\/\/radarservice.eu\/es\/producto\/target-lasertrack-lt-400\/","name":"Target Lasertrack LT-400 | Radar Service","isPartOf":{"@id":"https:\/\/radarservice.eu\/es\/#website"},"primaryImageOfPage":{"@id":"https:\/\/radarservice.eu\/es\/producto\/target-lasertrack-lt-400\/#primaryimage"},"image":{"@id":"https:\/\/radarservice.eu\/es\/producto\/target-lasertrack-lt-400\/#primaryimage"},"thumbnailUrl":"https:\/\/radarservice.eu\/wp-content\/uploads\/2020\/09\/target_lasertrack_lt400.jpg","datePublished":"2021-03-23T17:31:28+00:00","description":"El bloqueador l\u00e1ser LT-400 funciona de forma totalmente autom\u00e1tica y evita las mediciones con pistola l\u00e1ser.","breadcrumb":{"@id":"https:\/\/radarservice.eu\/es\/producto\/target-lasertrack-lt-400\/#breadcrumb"},"inLanguage":"es","potentialAction":[{"@type":"ReadAction","target":["https:\/\/radarservice.eu\/es\/producto\/target-lasertrack-lt-400\/"]}]},{"@type":"ImageObject","inLanguage":"es","@id":"https:\/\/radarservice.eu\/es\/producto\/target-lasertrack-lt-400\/#primaryimage","url":"https:\/\/radarservice.eu\/wp-content\/uploads\/2020\/09\/target_lasertrack_lt400.jpg","contentUrl":"https:\/\/radarservice.eu\/wp-content\/uploads\/2020\/09\/target_lasertrack_lt400.jpg","width":483,"height":359,"caption":"Target Lasertrack LT400"},{"@type":"BreadcrumbList","@id":"https:\/\/radarservice.eu\/es\/producto\/target-lasertrack-lt-400\/#breadcrumb","itemListElement":[{"@type":"ListItem","position":1,"name":"Tienda","item":"https:\/\/radarservice.eu\/es\/tienda\/"},{"@type":"ListItem","position":2,"name":"Target Lasertrack LT-400"}]},{"@type":"WebSite","@id":"https:\/\/radarservice.eu\/es\/#website","url":"https:\/\/radarservice.eu\/es\/","name":"Radar Service","description":"Radar detector Laser jammer mobile fix","publisher":{"@id":"https:\/\/radarservice.eu\/es\/#organization"},"potentialAction":[{"@type":"SearchAction","target":{"@type":"EntryPoint","urlTemplate":"https:\/\/radarservice.eu\/es\/?s={search_term_string}"},"query-input":{"@type":"PropertyValueSpecification","valueRequired":true,"valueName":"search_term_string"}}],"inLanguage":"es"},{"@type":"Organization","@id":"https:\/\/radarservice.eu\/es\/#organization","name":"RadarService","url":"https:\/\/radarservice.eu\/es\/","logo":{"@type":"ImageObject","inLanguage":"es","@id":"https:\/\/radarservice.eu\/es\/#\/schema\/logo\/image\/","url":"https:\/\/radarservice.eu\/wp-content\/uploads\/2021\/03\/Radar_detector_service.png","contentUrl":"https:\/\/radarservice.eu\/wp-content\/uploads\/2021\/03\/Radar_detector_service.png","width":174,"height":48,"caption":"RadarService"},"image":{"@id":"https:\/\/radarservice.eu\/es\/#\/schema\/logo\/image\/"}}]}},"_links":{"self":[{"href":"https:\/\/radarservice.eu\/es\/wp-json\/wp\/v2\/product\/15023","targetHints":{"allow":["GET"]}}],"collection":[{"href":"https:\/\/radarservice.eu\/es\/wp-json\/wp\/v2\/product"}],"about":[{"href":"https:\/\/radarservice.eu\/es\/wp-json\/wp\/v2\/types\/product"}],"replies":[{"embeddable":true,"href":"https:\/\/radarservice.eu\/es\/wp-json\/wp\/v2\/comments?post=15023"}],"wp:featuredmedia":[{"embeddable":true,"href":"https:\/\/radarservice.eu\/es\/wp-json\/wp\/v2\/media\/15024"}],"wp:attachment":[{"href":"https:\/\/radarservice.eu\/es\/wp-json\/wp\/v2\/media?parent=15023"}],"wp:term":[{"taxonomy":"product_brand","embeddable":true,"href":"https:\/\/radarservice.eu\/es\/wp-json\/wp\/v2\/product_brand?post=15023"},{"taxonomy":"product_cat","embeddable":true,"href":"https:\/\/radarservice.eu\/es\/wp-json\/wp\/v2\/product_cat?post=15023"},{"taxonomy":"product_tag","embeddable":true,"href":"https:\/\/radarservice.eu\/es\/wp-json\/wp\/v2\/product_tag?post=15023"}],"curies":[{"name":"wp","href":"https:\/\/api.w.org\/{rel}","templated":true}]}}