{"id":15018,"date":"2021-03-22T14:45:57","date_gmt":"2021-03-22T13:45:57","guid":{"rendered":"https:\/\/radarservice.eu\/produkt\/valentine-one-detector-de-radar\/"},"modified":"2025-11-04T05:10:24","modified_gmt":"2025-11-04T04:10:24","slug":"valentine-one-detector-de-radar","status":"publish","type":"product","link":"https:\/\/radarservice.eu\/es\/producto\/valentine-one-detector-de-radar\/","title":{"rendered":"Valentine One  Detector de radar"},"content":{"rendered":"<p>El Valentine One dispone de un escaneo de frecuencia exacto y ofrece as\u00ed una detecci\u00f3n \u00f3ptima de los radares utilizados en Europa. Gracias a la evoluci\u00f3n permanente de la versi\u00f3n europea, se han mejorado tanto los tiempos de aviso como la supresi\u00f3n de falsas alarmas.<\/p>\n<p>Cuando se trata de detecci\u00f3n por l\u00e1ser, el V1 es lo mejor de la l\u00ednea. Incluso los sistemas de medici\u00f3n de Traffic Observer utilizados en Suiza, a menudo como semiestacionarios, son detectados de forma fiable por el Valentine One.<\/p>\n<p><p>La entrega se realiza en la configuraci\u00f3n de Europa, pero a petici\u00f3n tambi\u00e9n podemos programar el Valentine One de forma individual a sus necesidades.<\/p>\n<p\n\n\n<p><strong>Presentaci\u00f3n:<\/strong><br \/>\n+ detector de radar de la clase alta<br \/>\n+ muy buena detecci\u00f3n l\u00e1ser<br \/>\n+ aviso de medici\u00f3n de radar<br \/>\n+ advertencia de las mediciones l\u00e1ser<br \/>\n+ apto para su uso en Europa<\/p>\n<p><strong>Resumen de frecuencias:<\/strong><br \/>\n+ 9,410 (banda X)<br \/>\n+ 13.450 (Banda KU)<br \/>\n+ 24,125 (Banda K)<br \/>\n+ 34,360 (banda KA)<\/p>\n<p><p><strong>Alcance de la entrega:<\/strong><br \/>\n* Detector de radar Valentine One<br \/>\n* Montaje en el parabrisas (ventosas)<br \/>\n* Soporte para el parasol<br \/>\n* Fuente de alimentaci\u00f3n de 12V con conexi\u00f3n al mechero<br \/>\n* Instrucciones de uso en alem\u00e1n<\/p>\n<p><strong>Nota:<\/strong> El Valentine One tiene una muy buena recepci\u00f3n l\u00e1ser, pero para una protecci\u00f3n l\u00e1ser segura recomendamos el uso de un bloqueador l\u00e1ser activo, por ejemplo Genevo FF2 o AL Priority.<\/p>\n<p\n\n<\/p>\n","protected":false},"excerpt":{"rendered":"<p>El Valentine One dispone de un escaneo de frecuencia exacto y ofrece as\u00ed una detecci\u00f3n \u00f3ptima de los radares utilizados en Europa. Gracias a la evoluci\u00f3n permanente de la versi\u00f3n europea, se han mejorado tanto los tiempos de aviso como la supresi\u00f3n de falsas alarmas. Cuando se trata de detecci\u00f3n por l\u00e1ser, el V1 es [&#8230;]\n","protected":false},"featured_media":15019,"comment_status":"open","ping_status":"closed","template":"","meta":[],"product_brand":[],"product_cat":[918,961],"product_tag":[901,924,956,972,966,963],"class_list":{"0":"post-15018","1":"product","2":"type-product","3":"status-publish","4":"has-post-thumbnail","6":"product_cat-detectores-de-radar-moviles","7":"product_cat-valentine-one-es","8":"product_tag-detector-de-radar","9":"product_tag-detector-laser","10":"product_tag-eu-es","11":"product_tag-v1-es","12":"product_tag-valentine-one-es","13":"product_tag-version-europea","15":"first","16":"instock","17":"taxable","18":"shipping-taxable","19":"purchasable","20":"product-type-simple"},"yoast_head":"<!-- This site is optimized with the Yoast SEO plugin v27.2 - https:\/\/yoast.com\/product\/yoast-seo-wordpress\/ -->\n<title>Valentine One Detector de radar | Radar Service<\/title>\n<meta name=\"description\" content=\"Detector de radar Valentine One - excelente detector de radar para uso en toda Europa - comprar ahora.\" \/>\n<meta name=\"robots\" content=\"index, follow, max-snippet:-1, max-image-preview:large, max-video-preview:-1\" \/>\n<link rel=\"canonical\" href=\"https:\/\/radarservice.eu\/es\/producto\/valentine-one-detector-de-radar\/\" \/>\n<meta property=\"og:locale\" content=\"es_ES\" \/>\n<meta property=\"og:type\" content=\"article\" \/>\n<meta property=\"og:title\" content=\"Valentine One Detector de radar | Radar Service\" \/>\n<meta property=\"og:description\" content=\"Detector de radar Valentine One - excelente detector de radar para uso en toda Europa - comprar ahora.\" \/>\n<meta property=\"og:url\" content=\"https:\/\/radarservice.eu\/es\/producto\/valentine-one-detector-de-radar\/\" \/>\n<meta property=\"og:site_name\" content=\"Radar Service\" \/>\n<meta property=\"article:modified_time\" content=\"2025-11-04T04:10:24+00:00\" \/>\n<meta property=\"og:image\" content=\"https:\/\/radarservice.eu\/wp-content\/uploads\/2020\/09\/Valentine_One.jpg\" \/>\n\t<meta property=\"og:image:width\" content=\"600\" \/>\n\t<meta property=\"og:image:height\" content=\"451\" \/>\n\t<meta property=\"og:image:type\" content=\"image\/jpeg\" \/>\n<meta name=\"twitter:card\" content=\"summary_large_image\" \/>\n<meta name=\"twitter:label1\" content=\"Tiempo de lectura\" \/>\n\t<meta name=\"twitter:data1\" content=\"1 minuto\" \/>\n<script type=\"application\/ld+json\" class=\"yoast-schema-graph\">{\"@context\":\"https:\/\/schema.org\",\"@graph\":[{\"@type\":\"WebPage\",\"@id\":\"https:\/\/radarservice.eu\/es\/producto\/valentine-one-detector-de-radar\/\",\"url\":\"https:\/\/radarservice.eu\/es\/producto\/valentine-one-detector-de-radar\/\",\"name\":\"Valentine One Detector de radar | Radar Service\",\"isPartOf\":{\"@id\":\"https:\/\/radarservice.eu\/es\/#website\"},\"primaryImageOfPage\":{\"@id\":\"https:\/\/radarservice.eu\/es\/producto\/valentine-one-detector-de-radar\/#primaryimage\"},\"image\":{\"@id\":\"https:\/\/radarservice.eu\/es\/producto\/valentine-one-detector-de-radar\/#primaryimage\"},\"thumbnailUrl\":\"https:\/\/radarservice.eu\/wp-content\/uploads\/2020\/09\/Valentine_One.jpg\",\"datePublished\":\"2021-03-22T13:45:57+00:00\",\"dateModified\":\"2025-11-04T04:10:24+00:00\",\"description\":\"Detector de radar Valentine One - excelente detector de radar para uso en toda Europa - comprar ahora.\",\"breadcrumb\":{\"@id\":\"https:\/\/radarservice.eu\/es\/producto\/valentine-one-detector-de-radar\/#breadcrumb\"},\"inLanguage\":\"es\",\"potentialAction\":[{\"@type\":\"ReadAction\",\"target\":[\"https:\/\/radarservice.eu\/es\/producto\/valentine-one-detector-de-radar\/\"]}]},{\"@type\":\"ImageObject\",\"inLanguage\":\"es\",\"@id\":\"https:\/\/radarservice.eu\/es\/producto\/valentine-one-detector-de-radar\/#primaryimage\",\"url\":\"https:\/\/radarservice.eu\/wp-content\/uploads\/2020\/09\/Valentine_One.jpg\",\"contentUrl\":\"https:\/\/radarservice.eu\/wp-content\/uploads\/2020\/09\/Valentine_One.jpg\",\"width\":600,\"height\":451,\"caption\":\"Valentine One EU\"},{\"@type\":\"BreadcrumbList\",\"@id\":\"https:\/\/radarservice.eu\/es\/producto\/valentine-one-detector-de-radar\/#breadcrumb\",\"itemListElement\":[{\"@type\":\"ListItem\",\"position\":1,\"name\":\"Tienda\",\"item\":\"https:\/\/radarservice.eu\/es\/tienda\/\"},{\"@type\":\"ListItem\",\"position\":2,\"name\":\"Valentine One Detector de radar\"}]},{\"@type\":\"WebSite\",\"@id\":\"https:\/\/radarservice.eu\/es\/#website\",\"url\":\"https:\/\/radarservice.eu\/es\/\",\"name\":\"Radar Service\",\"description\":\"Radar detector Laser jammer mobile fix\",\"publisher\":{\"@id\":\"https:\/\/radarservice.eu\/es\/#organization\"},\"potentialAction\":[{\"@type\":\"SearchAction\",\"target\":{\"@type\":\"EntryPoint\",\"urlTemplate\":\"https:\/\/radarservice.eu\/es\/?s={search_term_string}\"},\"query-input\":{\"@type\":\"PropertyValueSpecification\",\"valueRequired\":true,\"valueName\":\"search_term_string\"}}],\"inLanguage\":\"es\"},{\"@type\":\"Organization\",\"@id\":\"https:\/\/radarservice.eu\/es\/#organization\",\"name\":\"RadarService\",\"url\":\"https:\/\/radarservice.eu\/es\/\",\"logo\":{\"@type\":\"ImageObject\",\"inLanguage\":\"es\",\"@id\":\"https:\/\/radarservice.eu\/es\/#\/schema\/logo\/image\/\",\"url\":\"https:\/\/radarservice.eu\/wp-content\/uploads\/2021\/03\/Radar_detector_service.png\",\"contentUrl\":\"https:\/\/radarservice.eu\/wp-content\/uploads\/2021\/03\/Radar_detector_service.png\",\"width\":174,\"height\":48,\"caption\":\"RadarService\"},\"image\":{\"@id\":\"https:\/\/radarservice.eu\/es\/#\/schema\/logo\/image\/\"}}]}<\/script>\n<!-- \/ Yoast SEO plugin. -->","yoast_head_json":{"title":"Valentine One Detector de radar | Radar Service","description":"Detector de radar Valentine One - excelente detector de radar para uso en toda Europa - comprar ahora.","robots":{"index":"index","follow":"follow","max-snippet":"max-snippet:-1","max-image-preview":"max-image-preview:large","max-video-preview":"max-video-preview:-1"},"canonical":"https:\/\/radarservice.eu\/es\/producto\/valentine-one-detector-de-radar\/","og_locale":"es_ES","og_type":"article","og_title":"Valentine One Detector de radar | Radar Service","og_description":"Detector de radar Valentine One - excelente detector de radar para uso en toda Europa - comprar ahora.","og_url":"https:\/\/radarservice.eu\/es\/producto\/valentine-one-detector-de-radar\/","og_site_name":"Radar Service","article_modified_time":"2025-11-04T04:10:24+00:00","og_image":[{"width":600,"height":451,"url":"https:\/\/radarservice.eu\/wp-content\/uploads\/2020\/09\/Valentine_One.jpg","type":"image\/jpeg"}],"twitter_card":"summary_large_image","twitter_misc":{"Tiempo de lectura":"1 minuto"},"schema":{"@context":"https:\/\/schema.org","@graph":[{"@type":"WebPage","@id":"https:\/\/radarservice.eu\/es\/producto\/valentine-one-detector-de-radar\/","url":"https:\/\/radarservice.eu\/es\/producto\/valentine-one-detector-de-radar\/","name":"Valentine One Detector de radar | Radar Service","isPartOf":{"@id":"https:\/\/radarservice.eu\/es\/#website"},"primaryImageOfPage":{"@id":"https:\/\/radarservice.eu\/es\/producto\/valentine-one-detector-de-radar\/#primaryimage"},"image":{"@id":"https:\/\/radarservice.eu\/es\/producto\/valentine-one-detector-de-radar\/#primaryimage"},"thumbnailUrl":"https:\/\/radarservice.eu\/wp-content\/uploads\/2020\/09\/Valentine_One.jpg","datePublished":"2021-03-22T13:45:57+00:00","dateModified":"2025-11-04T04:10:24+00:00","description":"Detector de radar Valentine One - excelente detector de radar para uso en toda Europa - comprar ahora.","breadcrumb":{"@id":"https:\/\/radarservice.eu\/es\/producto\/valentine-one-detector-de-radar\/#breadcrumb"},"inLanguage":"es","potentialAction":[{"@type":"ReadAction","target":["https:\/\/radarservice.eu\/es\/producto\/valentine-one-detector-de-radar\/"]}]},{"@type":"ImageObject","inLanguage":"es","@id":"https:\/\/radarservice.eu\/es\/producto\/valentine-one-detector-de-radar\/#primaryimage","url":"https:\/\/radarservice.eu\/wp-content\/uploads\/2020\/09\/Valentine_One.jpg","contentUrl":"https:\/\/radarservice.eu\/wp-content\/uploads\/2020\/09\/Valentine_One.jpg","width":600,"height":451,"caption":"Valentine One EU"},{"@type":"BreadcrumbList","@id":"https:\/\/radarservice.eu\/es\/producto\/valentine-one-detector-de-radar\/#breadcrumb","itemListElement":[{"@type":"ListItem","position":1,"name":"Tienda","item":"https:\/\/radarservice.eu\/es\/tienda\/"},{"@type":"ListItem","position":2,"name":"Valentine One Detector de radar"}]},{"@type":"WebSite","@id":"https:\/\/radarservice.eu\/es\/#website","url":"https:\/\/radarservice.eu\/es\/","name":"Radar Service","description":"Radar detector Laser jammer mobile fix","publisher":{"@id":"https:\/\/radarservice.eu\/es\/#organization"},"potentialAction":[{"@type":"SearchAction","target":{"@type":"EntryPoint","urlTemplate":"https:\/\/radarservice.eu\/es\/?s={search_term_string}"},"query-input":{"@type":"PropertyValueSpecification","valueRequired":true,"valueName":"search_term_string"}}],"inLanguage":"es"},{"@type":"Organization","@id":"https:\/\/radarservice.eu\/es\/#organization","name":"RadarService","url":"https:\/\/radarservice.eu\/es\/","logo":{"@type":"ImageObject","inLanguage":"es","@id":"https:\/\/radarservice.eu\/es\/#\/schema\/logo\/image\/","url":"https:\/\/radarservice.eu\/wp-content\/uploads\/2021\/03\/Radar_detector_service.png","contentUrl":"https:\/\/radarservice.eu\/wp-content\/uploads\/2021\/03\/Radar_detector_service.png","width":174,"height":48,"caption":"RadarService"},"image":{"@id":"https:\/\/radarservice.eu\/es\/#\/schema\/logo\/image\/"}}]}},"_links":{"self":[{"href":"https:\/\/radarservice.eu\/es\/wp-json\/wp\/v2\/product\/15018","targetHints":{"allow":["GET"]}}],"collection":[{"href":"https:\/\/radarservice.eu\/es\/wp-json\/wp\/v2\/product"}],"about":[{"href":"https:\/\/radarservice.eu\/es\/wp-json\/wp\/v2\/types\/product"}],"replies":[{"embeddable":true,"href":"https:\/\/radarservice.eu\/es\/wp-json\/wp\/v2\/comments?post=15018"}],"wp:featuredmedia":[{"embeddable":true,"href":"https:\/\/radarservice.eu\/es\/wp-json\/wp\/v2\/media\/15019"}],"wp:attachment":[{"href":"https:\/\/radarservice.eu\/es\/wp-json\/wp\/v2\/media?parent=15018"}],"wp:term":[{"taxonomy":"product_brand","embeddable":true,"href":"https:\/\/radarservice.eu\/es\/wp-json\/wp\/v2\/product_brand?post=15018"},{"taxonomy":"product_cat","embeddable":true,"href":"https:\/\/radarservice.eu\/es\/wp-json\/wp\/v2\/product_cat?post=15018"},{"taxonomy":"product_tag","embeddable":true,"href":"https:\/\/radarservice.eu\/es\/wp-json\/wp\/v2\/product_tag?post=15018"}],"curies":[{"name":"wp","href":"https:\/\/api.w.org\/{rel}","templated":true}]}}