{"id":15007,"date":"2021-03-22T14:38:39","date_gmt":"2021-03-22T13:38:39","guid":{"rendered":"https:\/\/radarservice.eu\/produkt\/valentine-one-rc-europaversion-gps-warner-eu\/"},"modified":"2021-03-22T14:38:39","modified_gmt":"2021-03-22T13:38:39","slug":"valentine-one-rc-europaversion-gps-warner-eu","status":"publish","type":"product","link":"https:\/\/radarservice.eu\/es\/producto\/valentine-one-rc-europaversion-gps-warner-eu\/","title":{"rendered":"Valentine One RC Europaversion + GPS Warner EU"},"content":{"rendered":"<p>Ahorre hasta 100 euros con nuestra oferta de paquetes. Obtendr\u00e1 el paquete completo de GPS Warner versi\u00f3n Europa para radares fijos instalados y el Valentine One RC para controles m\u00f3viles de radar y l\u00e1ser.<\/p>\n<p><p>El Valentine One RC es un detector de radares externo y oculto. Su preciso barrido de frecuencias y su alta sensibilidad permiten una detecci\u00f3n \u00f3ptima de los equipos de radar utilizados en Europa. El desarrollo continuo de la versi\u00f3n europea ha mejorado tanto los tiempos de aviso como la supresi\u00f3n de falsas alarmas.<\/p>\n<p><p>Cuando se trata de detecci\u00f3n por l\u00e1ser, el V1 es lo mejor de la l\u00ednea. Incluso los sistemas de medici\u00f3n de Traffic Observer que se utilizan en Suiza, a menudo como parte estacionaria, el Valentine One detecta de forma fiable.<br \/>\nAtenci\u00f3n. Para una detecci\u00f3n l\u00e1ser imperturbable debe ser instalado en el compartimiento del motor necesariamente asegurar que el Valentine One tiene libre \u00abvista\u00bb a la parte delantera. Si esto no se desea o no es posible, instale para la protecci\u00f3n l\u00e1ser necesariamente un bloqueador l\u00e1ser adicional.<\/p>\n<p><p>La entrega se lleva a cabo en la configuraci\u00f3n de Europa, a petici\u00f3n podemos programar el Valentine One RC, sin embargo, tambi\u00e9n de forma individual en sus requisitos.<\/p>\n<p\n\n\n<p><strong>Presentaci\u00f3n:<\/strong><br \/>\n+ detector de radar de la clase alta<br \/>\n+ muy buena detecci\u00f3n l\u00e1ser<br \/>\n+ aviso de medici\u00f3n de radar<br \/>\n+ Advertencia de las mediciones l\u00e1ser<br \/>\n+ Aviso de radar estacionario<br \/>\n+ Aviso de control de luces rojas<br \/>\n+ Advertencia de las medidas de control de secci\u00f3n<br \/> + Advertencia de las medidas de control de secci\u00f3n<br \/>\n+ Opciones de configuraci\u00f3n a trav\u00e9s del men\u00fa alem\u00e1n<br \/>\n+ El receptor GPS es actualizable<br \/>\n+ apto para su uso en Europa<\/p>\n<p><strong>Resumen de frecuencias:<\/strong><br \/>\n+ 9.410 (Banda X)<br \/>\n+ 13.450 (banda KU)<br \/>\n+ 24,125 (Banda K)<br \/>\n+ 34,360 (banda KA)<\/p>\n<p><p><strong>Instalaci\u00f3n:<\/strong><br \/>\n+ la instalaci\u00f3n es dependiendo del tipo de veh\u00edculo en unas 2-4 horas por un taller especializado para realizar<\/p>\n<p>.<\/p>\n<p><strong>Alcance del suministro:<\/strong><br \/>\n* Valentine One RC versi\u00f3n europea (versi\u00f3n externa)<br \/>\n* pantalla separada<br \/>\n* M\u00f3dulo de audio independiente<br \/>\n* GPS Warner versi\u00f3n Europa<br \/>\n* Cable de alimentaci\u00f3n extra largo para la conexi\u00f3n a la red de la placa<br \/>\n* Manual de instrucciones en alem\u00e1n<\/p>\n<p><strong>Nota:<\/strong> El Valentine One RC tiene muy buena recepci\u00f3n l\u00e1ser, pero para una protecci\u00f3n l\u00e1ser segura recomendamos el uso de un bloqueador l\u00e1ser activo, por ejemplo Genevo FF2 o AL Priority.<\/p>\n<p\n\n<\/p>\n","protected":false},"excerpt":{"rendered":"<p>Ahorre hasta 100 euros con nuestra oferta de paquetes. Obtendr\u00e1 el paquete completo de GPS Warner versi\u00f3n Europa para radares fijos instalados y el Valentine One RC para controles m\u00f3viles de radar y l\u00e1ser. El Valentine One RC es un detector de radares externo y oculto. Su preciso barrido de frecuencias y su alta sensibilidad [&#8230;]\n","protected":false},"featured_media":15008,"comment_status":"open","ping_status":"closed","template":"","meta":[],"product_brand":[],"product_cat":[898,961],"product_tag":[927,938,962,965,964,963],"class_list":{"0":"post-15007","1":"product","2":"type-product","3":"status-publish","4":"has-post-thumbnail","6":"product_cat-detectores-de-radar-fijos","7":"product_cat-valentine-one-es","8":"product_tag-detector-de-radar-fijo","9":"product_tag-gps-warner-es","10":"product_tag-trampa-de-velocidad","11":"product_tag-v1-rc-es","12":"product_tag-valentine-one-rc-es","13":"product_tag-version-europea","15":"first","16":"instock","17":"sale","18":"taxable","19":"shipping-taxable","20":"purchasable","21":"product-type-simple"},"yoast_head":"<!-- This site is optimized with the Yoast SEO plugin v27.2 - https:\/\/yoast.com\/product\/yoast-seo-wordpress\/ -->\n<title>Valentine One RC Europaversion + GPS Warner EU | Radar Service<\/title>\n<meta name=\"description\" content=\"Ahorre hasta 100 euros - paquete completo de GPS POI Warner y la instalaci\u00f3n fija Valentine One RC para radares m\u00f3viles y fijos.\" \/>\n<meta name=\"robots\" content=\"index, follow, max-snippet:-1, max-image-preview:large, max-video-preview:-1\" \/>\n<link rel=\"canonical\" href=\"https:\/\/radarservice.eu\/es\/producto\/valentine-one-rc-europaversion-gps-warner-eu\/\" \/>\n<meta property=\"og:locale\" content=\"es_ES\" \/>\n<meta property=\"og:type\" content=\"article\" \/>\n<meta property=\"og:title\" content=\"Valentine One RC Europaversion + GPS Warner EU | Radar Service\" \/>\n<meta property=\"og:description\" content=\"Ahorre hasta 100 euros - paquete completo de GPS POI Warner y la instalaci\u00f3n fija Valentine One RC para radares m\u00f3viles y fijos.\" \/>\n<meta property=\"og:url\" content=\"https:\/\/radarservice.eu\/es\/producto\/valentine-one-rc-europaversion-gps-warner-eu\/\" \/>\n<meta property=\"og:site_name\" content=\"Radar Service\" \/>\n<meta property=\"og:image\" content=\"https:\/\/radarservice.eu\/wp-content\/uploads\/2020\/09\/Valentine_One_RC_GPS.jpg\" \/>\n\t<meta property=\"og:image:width\" content=\"800\" \/>\n\t<meta property=\"og:image:height\" content=\"480\" \/>\n\t<meta property=\"og:image:type\" content=\"image\/jpeg\" \/>\n<meta name=\"twitter:card\" content=\"summary_large_image\" \/>\n<meta name=\"twitter:label1\" content=\"Tiempo de lectura\" \/>\n\t<meta name=\"twitter:data1\" content=\"1 minuto\" \/>\n<script type=\"application\/ld+json\" class=\"yoast-schema-graph\">{\"@context\":\"https:\/\/schema.org\",\"@graph\":[{\"@type\":\"WebPage\",\"@id\":\"https:\/\/radarservice.eu\/es\/producto\/valentine-one-rc-europaversion-gps-warner-eu\/\",\"url\":\"https:\/\/radarservice.eu\/es\/producto\/valentine-one-rc-europaversion-gps-warner-eu\/\",\"name\":\"Valentine One RC Europaversion + GPS Warner EU | Radar Service\",\"isPartOf\":{\"@id\":\"https:\/\/radarservice.eu\/es\/#website\"},\"primaryImageOfPage\":{\"@id\":\"https:\/\/radarservice.eu\/es\/producto\/valentine-one-rc-europaversion-gps-warner-eu\/#primaryimage\"},\"image\":{\"@id\":\"https:\/\/radarservice.eu\/es\/producto\/valentine-one-rc-europaversion-gps-warner-eu\/#primaryimage\"},\"thumbnailUrl\":\"https:\/\/radarservice.eu\/wp-content\/uploads\/2020\/09\/Valentine_One_RC_GPS.jpg\",\"datePublished\":\"2021-03-22T13:38:39+00:00\",\"description\":\"Ahorre hasta 100 euros - paquete completo de GPS POI Warner y la instalaci\u00f3n fija Valentine One RC para radares m\u00f3viles y fijos.\",\"breadcrumb\":{\"@id\":\"https:\/\/radarservice.eu\/es\/producto\/valentine-one-rc-europaversion-gps-warner-eu\/#breadcrumb\"},\"inLanguage\":\"es\",\"potentialAction\":[{\"@type\":\"ReadAction\",\"target\":[\"https:\/\/radarservice.eu\/es\/producto\/valentine-one-rc-europaversion-gps-warner-eu\/\"]}]},{\"@type\":\"ImageObject\",\"inLanguage\":\"es\",\"@id\":\"https:\/\/radarservice.eu\/es\/producto\/valentine-one-rc-europaversion-gps-warner-eu\/#primaryimage\",\"url\":\"https:\/\/radarservice.eu\/wp-content\/uploads\/2020\/09\/Valentine_One_RC_GPS.jpg\",\"contentUrl\":\"https:\/\/radarservice.eu\/wp-content\/uploads\/2020\/09\/Valentine_One_RC_GPS.jpg\",\"width\":800,\"height\":480,\"caption\":\"Valentine One RC GPS POI\"},{\"@type\":\"BreadcrumbList\",\"@id\":\"https:\/\/radarservice.eu\/es\/producto\/valentine-one-rc-europaversion-gps-warner-eu\/#breadcrumb\",\"itemListElement\":[{\"@type\":\"ListItem\",\"position\":1,\"name\":\"Tienda\",\"item\":\"https:\/\/radarservice.eu\/es\/tienda\/\"},{\"@type\":\"ListItem\",\"position\":2,\"name\":\"Valentine One RC Europaversion + GPS Warner EU\"}]},{\"@type\":\"WebSite\",\"@id\":\"https:\/\/radarservice.eu\/es\/#website\",\"url\":\"https:\/\/radarservice.eu\/es\/\",\"name\":\"Radar Service\",\"description\":\"Radar detector Laser jammer mobile fix\",\"publisher\":{\"@id\":\"https:\/\/radarservice.eu\/es\/#organization\"},\"potentialAction\":[{\"@type\":\"SearchAction\",\"target\":{\"@type\":\"EntryPoint\",\"urlTemplate\":\"https:\/\/radarservice.eu\/es\/?s={search_term_string}\"},\"query-input\":{\"@type\":\"PropertyValueSpecification\",\"valueRequired\":true,\"valueName\":\"search_term_string\"}}],\"inLanguage\":\"es\"},{\"@type\":\"Organization\",\"@id\":\"https:\/\/radarservice.eu\/es\/#organization\",\"name\":\"RadarService\",\"url\":\"https:\/\/radarservice.eu\/es\/\",\"logo\":{\"@type\":\"ImageObject\",\"inLanguage\":\"es\",\"@id\":\"https:\/\/radarservice.eu\/es\/#\/schema\/logo\/image\/\",\"url\":\"https:\/\/radarservice.eu\/wp-content\/uploads\/2021\/03\/Radar_detector_service.png\",\"contentUrl\":\"https:\/\/radarservice.eu\/wp-content\/uploads\/2021\/03\/Radar_detector_service.png\",\"width\":174,\"height\":48,\"caption\":\"RadarService\"},\"image\":{\"@id\":\"https:\/\/radarservice.eu\/es\/#\/schema\/logo\/image\/\"}}]}<\/script>\n<!-- \/ Yoast SEO plugin. -->","yoast_head_json":{"title":"Valentine One RC Europaversion + GPS Warner EU | Radar Service","description":"Ahorre hasta 100 euros - paquete completo de GPS POI Warner y la instalaci\u00f3n fija Valentine One RC para radares m\u00f3viles y fijos.","robots":{"index":"index","follow":"follow","max-snippet":"max-snippet:-1","max-image-preview":"max-image-preview:large","max-video-preview":"max-video-preview:-1"},"canonical":"https:\/\/radarservice.eu\/es\/producto\/valentine-one-rc-europaversion-gps-warner-eu\/","og_locale":"es_ES","og_type":"article","og_title":"Valentine One RC Europaversion + GPS Warner EU | Radar Service","og_description":"Ahorre hasta 100 euros - paquete completo de GPS POI Warner y la instalaci\u00f3n fija Valentine One RC para radares m\u00f3viles y fijos.","og_url":"https:\/\/radarservice.eu\/es\/producto\/valentine-one-rc-europaversion-gps-warner-eu\/","og_site_name":"Radar Service","og_image":[{"width":800,"height":480,"url":"https:\/\/radarservice.eu\/wp-content\/uploads\/2020\/09\/Valentine_One_RC_GPS.jpg","type":"image\/jpeg"}],"twitter_card":"summary_large_image","twitter_misc":{"Tiempo de lectura":"1 minuto"},"schema":{"@context":"https:\/\/schema.org","@graph":[{"@type":"WebPage","@id":"https:\/\/radarservice.eu\/es\/producto\/valentine-one-rc-europaversion-gps-warner-eu\/","url":"https:\/\/radarservice.eu\/es\/producto\/valentine-one-rc-europaversion-gps-warner-eu\/","name":"Valentine One RC Europaversion + GPS Warner EU | Radar Service","isPartOf":{"@id":"https:\/\/radarservice.eu\/es\/#website"},"primaryImageOfPage":{"@id":"https:\/\/radarservice.eu\/es\/producto\/valentine-one-rc-europaversion-gps-warner-eu\/#primaryimage"},"image":{"@id":"https:\/\/radarservice.eu\/es\/producto\/valentine-one-rc-europaversion-gps-warner-eu\/#primaryimage"},"thumbnailUrl":"https:\/\/radarservice.eu\/wp-content\/uploads\/2020\/09\/Valentine_One_RC_GPS.jpg","datePublished":"2021-03-22T13:38:39+00:00","description":"Ahorre hasta 100 euros - paquete completo de GPS POI Warner y la instalaci\u00f3n fija Valentine One RC para radares m\u00f3viles y fijos.","breadcrumb":{"@id":"https:\/\/radarservice.eu\/es\/producto\/valentine-one-rc-europaversion-gps-warner-eu\/#breadcrumb"},"inLanguage":"es","potentialAction":[{"@type":"ReadAction","target":["https:\/\/radarservice.eu\/es\/producto\/valentine-one-rc-europaversion-gps-warner-eu\/"]}]},{"@type":"ImageObject","inLanguage":"es","@id":"https:\/\/radarservice.eu\/es\/producto\/valentine-one-rc-europaversion-gps-warner-eu\/#primaryimage","url":"https:\/\/radarservice.eu\/wp-content\/uploads\/2020\/09\/Valentine_One_RC_GPS.jpg","contentUrl":"https:\/\/radarservice.eu\/wp-content\/uploads\/2020\/09\/Valentine_One_RC_GPS.jpg","width":800,"height":480,"caption":"Valentine One RC GPS POI"},{"@type":"BreadcrumbList","@id":"https:\/\/radarservice.eu\/es\/producto\/valentine-one-rc-europaversion-gps-warner-eu\/#breadcrumb","itemListElement":[{"@type":"ListItem","position":1,"name":"Tienda","item":"https:\/\/radarservice.eu\/es\/tienda\/"},{"@type":"ListItem","position":2,"name":"Valentine One RC Europaversion + GPS Warner EU"}]},{"@type":"WebSite","@id":"https:\/\/radarservice.eu\/es\/#website","url":"https:\/\/radarservice.eu\/es\/","name":"Radar Service","description":"Radar detector Laser jammer mobile fix","publisher":{"@id":"https:\/\/radarservice.eu\/es\/#organization"},"potentialAction":[{"@type":"SearchAction","target":{"@type":"EntryPoint","urlTemplate":"https:\/\/radarservice.eu\/es\/?s={search_term_string}"},"query-input":{"@type":"PropertyValueSpecification","valueRequired":true,"valueName":"search_term_string"}}],"inLanguage":"es"},{"@type":"Organization","@id":"https:\/\/radarservice.eu\/es\/#organization","name":"RadarService","url":"https:\/\/radarservice.eu\/es\/","logo":{"@type":"ImageObject","inLanguage":"es","@id":"https:\/\/radarservice.eu\/es\/#\/schema\/logo\/image\/","url":"https:\/\/radarservice.eu\/wp-content\/uploads\/2021\/03\/Radar_detector_service.png","contentUrl":"https:\/\/radarservice.eu\/wp-content\/uploads\/2021\/03\/Radar_detector_service.png","width":174,"height":48,"caption":"RadarService"},"image":{"@id":"https:\/\/radarservice.eu\/es\/#\/schema\/logo\/image\/"}}]}},"_links":{"self":[{"href":"https:\/\/radarservice.eu\/es\/wp-json\/wp\/v2\/product\/15007","targetHints":{"allow":["GET"]}}],"collection":[{"href":"https:\/\/radarservice.eu\/es\/wp-json\/wp\/v2\/product"}],"about":[{"href":"https:\/\/radarservice.eu\/es\/wp-json\/wp\/v2\/types\/product"}],"replies":[{"embeddable":true,"href":"https:\/\/radarservice.eu\/es\/wp-json\/wp\/v2\/comments?post=15007"}],"wp:featuredmedia":[{"embeddable":true,"href":"https:\/\/radarservice.eu\/es\/wp-json\/wp\/v2\/media\/15008"}],"wp:attachment":[{"href":"https:\/\/radarservice.eu\/es\/wp-json\/wp\/v2\/media?parent=15007"}],"wp:term":[{"taxonomy":"product_brand","embeddable":true,"href":"https:\/\/radarservice.eu\/es\/wp-json\/wp\/v2\/product_brand?post=15007"},{"taxonomy":"product_cat","embeddable":true,"href":"https:\/\/radarservice.eu\/es\/wp-json\/wp\/v2\/product_cat?post=15007"},{"taxonomy":"product_tag","embeddable":true,"href":"https:\/\/radarservice.eu\/es\/wp-json\/wp\/v2\/product_tag?post=15007"}],"curies":[{"name":"wp","href":"https:\/\/api.w.org\/{rel}","templated":true}]}}