{"id":14997,"date":"2021-03-22T14:16:13","date_gmt":"2021-03-22T13:16:13","guid":{"rendered":"https:\/\/radarservice.eu\/produkt\/beltronics-966-r-nuevo-detector-de-radar-externo\/"},"modified":"2021-03-22T14:16:13","modified_gmt":"2021-03-22T13:16:13","slug":"beltronics-966-r-nuevo-detector-de-radar-externo","status":"publish","type":"product","link":"https:\/\/radarservice.eu\/es\/producto\/beltronics-966-r-nuevo-detector-de-radar-externo\/","title":{"rendered":"Beltronics 966-R NUEVO detector de radar externo"},"content":{"rendered":"<p>El Bel 966-R est\u00e1 especialmente dise\u00f1ado para su uso en veh\u00edculos con parabrisas con revestimiento met\u00e1lico o en descapotables y puede instalarse oculto en el compartimento del motor gracias a su carcasa impermeable. Gracias al dise\u00f1o resistente a la intemperie del m\u00f3dulo receptor, no hay l\u00edmites a las posibilidades de instalaci\u00f3n.<br \/>\nEl m\u00f3dulo de visualizaci\u00f3n \u00f3ptica y ac\u00fastica se instala en el interior del veh\u00edculo.<\/p>\n<p\n\n\n<p><strong>Presentaci\u00f3n:<\/strong><br \/>\n+ BEL EVO 966-R Nuevo detector de radar fijo externo<br \/>\n+ Banda X, K, KA y Ku<br \/>\n+ Banda Ka-estrecha para un m\u00e1ximo rendimiento con los radares europeos Multanova<br \/>\n+ La banda K y la banda Ku se pueden desconectar con s\u00f3lo pulsar un bot\u00f3n<\/p>\n<p>.<\/p>\n<p><strong>Gamas de frecuencia:<\/strong><br \/>\n+ Banda X &#8211; 10,525 GHz \u00b1 25 MHz<br \/>\n+ Banda K &#8211; 24,150 GHz \u00b1 100 MHz<br \/>\n+ Banda Ka &#8211; 34,700 GHz \u00b1 1300 MHz<br \/>\n+ Ka Narrow &#8211; 34,0, 34,3, 34,7 y 35,5 GHz \u00b1 80 MHz<br \/>\n+ Banda KU &#8211; 13.450 MHz<\/p>\n<p><strong>Alcance del suministro:<\/strong><br \/>.<br \/>\n* Antena de radar externa Bel 966-R<br \/>\n* M\u00f3dulo de visualizaci\u00f3n para el interior del veh\u00edculo<br \/>\n* Material de montaje completo para la instalaci\u00f3n<br \/>\n* instrucciones de uso<\/p>\n","protected":false},"excerpt":{"rendered":"<p>El Bel EVO 966 R New es un detector de radar que se ha utilizado con \u00e9xito durante a\u00f1os y es muy barato en comparaci\u00f3n con otros detectores de radar externos.<\/p>\n","protected":false},"featured_media":14998,"comment_status":"open","ping_status":"closed","template":"","meta":[],"product_brand":[],"product_cat":[953,898],"product_tag":[955,954,927],"class_list":{"0":"post-14997","1":"product","2":"type-product","3":"status-publish","4":"has-post-thumbnail","6":"product_cat-beltronics-es","7":"product_cat-detectores-de-radar-fijos","8":"product_tag-bel-966r-es","9":"product_tag-beltronics-es","10":"product_tag-detector-de-radar-fijo","12":"first","13":"onbackorder","14":"sale","15":"taxable","16":"shipping-taxable","17":"purchasable","18":"product-type-simple"},"yoast_head":"<!-- This site is optimized with the Yoast SEO plugin v27.2 - https:\/\/yoast.com\/product\/yoast-seo-wordpress\/ -->\n<title>Radar Service<\/title>\n<meta name=\"description\" content=\"El detector de radar Bel 966-R es resistente al agua y puede instalarse oculto en el compartimento del motor.\" \/>\n<meta name=\"robots\" content=\"index, follow, max-snippet:-1, max-image-preview:large, max-video-preview:-1\" \/>\n<link rel=\"canonical\" href=\"https:\/\/radarservice.eu\/es\/producto\/beltronics-966-r-nuevo-detector-de-radar-externo\/\" \/>\n<meta property=\"og:locale\" content=\"es_ES\" \/>\n<meta property=\"og:type\" content=\"article\" \/>\n<meta property=\"og:description\" content=\"El detector de radar Bel 966-R es resistente al agua y puede instalarse oculto en el compartimento del motor.\" \/>\n<meta property=\"og:url\" content=\"https:\/\/radarservice.eu\/es\/producto\/beltronics-966-r-nuevo-detector-de-radar-externo\/\" \/>\n<meta property=\"og:site_name\" content=\"Radar Service\" \/>\n<meta property=\"og:image\" content=\"https:\/\/radarservice.eu\/wp-content\/uploads\/2020\/09\/beltronics_target_966_2_1.jpg\" \/>\n\t<meta property=\"og:image:width\" content=\"340\" \/>\n\t<meta property=\"og:image:height\" content=\"340\" \/>\n\t<meta property=\"og:image:type\" content=\"image\/jpeg\" \/>\n<meta name=\"twitter:card\" content=\"summary_large_image\" \/>\n<script type=\"application\/ld+json\" class=\"yoast-schema-graph\">{\"@context\":\"https:\/\/schema.org\",\"@graph\":[{\"@type\":\"WebPage\",\"@id\":\"https:\/\/radarservice.eu\/es\/producto\/beltronics-966-r-nuevo-detector-de-radar-externo\/\",\"url\":\"https:\/\/radarservice.eu\/es\/producto\/beltronics-966-r-nuevo-detector-de-radar-externo\/\",\"name\":\"\",\"isPartOf\":{\"@id\":\"https:\/\/radarservice.eu\/es\/#website\"},\"primaryImageOfPage\":{\"@id\":\"https:\/\/radarservice.eu\/es\/producto\/beltronics-966-r-nuevo-detector-de-radar-externo\/#primaryimage\"},\"image\":{\"@id\":\"https:\/\/radarservice.eu\/es\/producto\/beltronics-966-r-nuevo-detector-de-radar-externo\/#primaryimage\"},\"thumbnailUrl\":\"https:\/\/radarservice.eu\/wp-content\/uploads\/2020\/09\/beltronics_target_966_2_1.jpg\",\"datePublished\":\"2021-03-22T13:16:13+00:00\",\"description\":\"El detector de radar Bel 966-R es resistente al agua y puede instalarse oculto en el compartimento del motor.\",\"breadcrumb\":{\"@id\":\"https:\/\/radarservice.eu\/es\/producto\/beltronics-966-r-nuevo-detector-de-radar-externo\/#breadcrumb\"},\"inLanguage\":\"es\",\"potentialAction\":[{\"@type\":\"ReadAction\",\"target\":[\"https:\/\/radarservice.eu\/es\/producto\/beltronics-966-r-nuevo-detector-de-radar-externo\/\"]}]},{\"@type\":\"ImageObject\",\"inLanguage\":\"es\",\"@id\":\"https:\/\/radarservice.eu\/es\/producto\/beltronics-966-r-nuevo-detector-de-radar-externo\/#primaryimage\",\"url\":\"https:\/\/radarservice.eu\/wp-content\/uploads\/2020\/09\/beltronics_target_966_2_1.jpg\",\"contentUrl\":\"https:\/\/radarservice.eu\/wp-content\/uploads\/2020\/09\/beltronics_target_966_2_1.jpg\",\"width\":340,\"height\":340,\"caption\":\"Beltronics Target 966 R\"},{\"@type\":\"BreadcrumbList\",\"@id\":\"https:\/\/radarservice.eu\/es\/producto\/beltronics-966-r-nuevo-detector-de-radar-externo\/#breadcrumb\",\"itemListElement\":[{\"@type\":\"ListItem\",\"position\":1,\"name\":\"Tienda\",\"item\":\"https:\/\/radarservice.eu\/es\/tienda\/\"},{\"@type\":\"ListItem\",\"position\":2,\"name\":\"Beltronics 966-R NUEVO detector de radar externo\"}]},{\"@type\":\"WebSite\",\"@id\":\"https:\/\/radarservice.eu\/es\/#website\",\"url\":\"https:\/\/radarservice.eu\/es\/\",\"name\":\"Radar Service\",\"description\":\"Radar detector Laser jammer mobile fix\",\"publisher\":{\"@id\":\"https:\/\/radarservice.eu\/es\/#organization\"},\"potentialAction\":[{\"@type\":\"SearchAction\",\"target\":{\"@type\":\"EntryPoint\",\"urlTemplate\":\"https:\/\/radarservice.eu\/es\/?s={search_term_string}\"},\"query-input\":{\"@type\":\"PropertyValueSpecification\",\"valueRequired\":true,\"valueName\":\"search_term_string\"}}],\"inLanguage\":\"es\"},{\"@type\":\"Organization\",\"@id\":\"https:\/\/radarservice.eu\/es\/#organization\",\"name\":\"RadarService\",\"url\":\"https:\/\/radarservice.eu\/es\/\",\"logo\":{\"@type\":\"ImageObject\",\"inLanguage\":\"es\",\"@id\":\"https:\/\/radarservice.eu\/es\/#\/schema\/logo\/image\/\",\"url\":\"https:\/\/radarservice.eu\/wp-content\/uploads\/2021\/03\/Radar_detector_service.png\",\"contentUrl\":\"https:\/\/radarservice.eu\/wp-content\/uploads\/2021\/03\/Radar_detector_service.png\",\"width\":174,\"height\":48,\"caption\":\"RadarService\"},\"image\":{\"@id\":\"https:\/\/radarservice.eu\/es\/#\/schema\/logo\/image\/\"}}]}<\/script>\n<!-- \/ Yoast SEO plugin. -->","yoast_head_json":{"title":"Radar Service","description":"El detector de radar Bel 966-R es resistente al agua y puede instalarse oculto en el compartimento del motor.","robots":{"index":"index","follow":"follow","max-snippet":"max-snippet:-1","max-image-preview":"max-image-preview:large","max-video-preview":"max-video-preview:-1"},"canonical":"https:\/\/radarservice.eu\/es\/producto\/beltronics-966-r-nuevo-detector-de-radar-externo\/","og_locale":"es_ES","og_type":"article","og_description":"El detector de radar Bel 966-R es resistente al agua y puede instalarse oculto en el compartimento del motor.","og_url":"https:\/\/radarservice.eu\/es\/producto\/beltronics-966-r-nuevo-detector-de-radar-externo\/","og_site_name":"Radar Service","og_image":[{"width":340,"height":340,"url":"https:\/\/radarservice.eu\/wp-content\/uploads\/2020\/09\/beltronics_target_966_2_1.jpg","type":"image\/jpeg"}],"twitter_card":"summary_large_image","schema":{"@context":"https:\/\/schema.org","@graph":[{"@type":"WebPage","@id":"https:\/\/radarservice.eu\/es\/producto\/beltronics-966-r-nuevo-detector-de-radar-externo\/","url":"https:\/\/radarservice.eu\/es\/producto\/beltronics-966-r-nuevo-detector-de-radar-externo\/","name":"","isPartOf":{"@id":"https:\/\/radarservice.eu\/es\/#website"},"primaryImageOfPage":{"@id":"https:\/\/radarservice.eu\/es\/producto\/beltronics-966-r-nuevo-detector-de-radar-externo\/#primaryimage"},"image":{"@id":"https:\/\/radarservice.eu\/es\/producto\/beltronics-966-r-nuevo-detector-de-radar-externo\/#primaryimage"},"thumbnailUrl":"https:\/\/radarservice.eu\/wp-content\/uploads\/2020\/09\/beltronics_target_966_2_1.jpg","datePublished":"2021-03-22T13:16:13+00:00","description":"El detector de radar Bel 966-R es resistente al agua y puede instalarse oculto en el compartimento del motor.","breadcrumb":{"@id":"https:\/\/radarservice.eu\/es\/producto\/beltronics-966-r-nuevo-detector-de-radar-externo\/#breadcrumb"},"inLanguage":"es","potentialAction":[{"@type":"ReadAction","target":["https:\/\/radarservice.eu\/es\/producto\/beltronics-966-r-nuevo-detector-de-radar-externo\/"]}]},{"@type":"ImageObject","inLanguage":"es","@id":"https:\/\/radarservice.eu\/es\/producto\/beltronics-966-r-nuevo-detector-de-radar-externo\/#primaryimage","url":"https:\/\/radarservice.eu\/wp-content\/uploads\/2020\/09\/beltronics_target_966_2_1.jpg","contentUrl":"https:\/\/radarservice.eu\/wp-content\/uploads\/2020\/09\/beltronics_target_966_2_1.jpg","width":340,"height":340,"caption":"Beltronics Target 966 R"},{"@type":"BreadcrumbList","@id":"https:\/\/radarservice.eu\/es\/producto\/beltronics-966-r-nuevo-detector-de-radar-externo\/#breadcrumb","itemListElement":[{"@type":"ListItem","position":1,"name":"Tienda","item":"https:\/\/radarservice.eu\/es\/tienda\/"},{"@type":"ListItem","position":2,"name":"Beltronics 966-R NUEVO detector de radar externo"}]},{"@type":"WebSite","@id":"https:\/\/radarservice.eu\/es\/#website","url":"https:\/\/radarservice.eu\/es\/","name":"Radar Service","description":"Radar detector Laser jammer mobile fix","publisher":{"@id":"https:\/\/radarservice.eu\/es\/#organization"},"potentialAction":[{"@type":"SearchAction","target":{"@type":"EntryPoint","urlTemplate":"https:\/\/radarservice.eu\/es\/?s={search_term_string}"},"query-input":{"@type":"PropertyValueSpecification","valueRequired":true,"valueName":"search_term_string"}}],"inLanguage":"es"},{"@type":"Organization","@id":"https:\/\/radarservice.eu\/es\/#organization","name":"RadarService","url":"https:\/\/radarservice.eu\/es\/","logo":{"@type":"ImageObject","inLanguage":"es","@id":"https:\/\/radarservice.eu\/es\/#\/schema\/logo\/image\/","url":"https:\/\/radarservice.eu\/wp-content\/uploads\/2021\/03\/Radar_detector_service.png","contentUrl":"https:\/\/radarservice.eu\/wp-content\/uploads\/2021\/03\/Radar_detector_service.png","width":174,"height":48,"caption":"RadarService"},"image":{"@id":"https:\/\/radarservice.eu\/es\/#\/schema\/logo\/image\/"}}]}},"_links":{"self":[{"href":"https:\/\/radarservice.eu\/es\/wp-json\/wp\/v2\/product\/14997","targetHints":{"allow":["GET"]}}],"collection":[{"href":"https:\/\/radarservice.eu\/es\/wp-json\/wp\/v2\/product"}],"about":[{"href":"https:\/\/radarservice.eu\/es\/wp-json\/wp\/v2\/types\/product"}],"replies":[{"embeddable":true,"href":"https:\/\/radarservice.eu\/es\/wp-json\/wp\/v2\/comments?post=14997"}],"wp:featuredmedia":[{"embeddable":true,"href":"https:\/\/radarservice.eu\/es\/wp-json\/wp\/v2\/media\/14998"}],"wp:attachment":[{"href":"https:\/\/radarservice.eu\/es\/wp-json\/wp\/v2\/media?parent=14997"}],"wp:term":[{"taxonomy":"product_brand","embeddable":true,"href":"https:\/\/radarservice.eu\/es\/wp-json\/wp\/v2\/product_brand?post=14997"},{"taxonomy":"product_cat","embeddable":true,"href":"https:\/\/radarservice.eu\/es\/wp-json\/wp\/v2\/product_cat?post=14997"},{"taxonomy":"product_tag","embeddable":true,"href":"https:\/\/radarservice.eu\/es\/wp-json\/wp\/v2\/product_tag?post=14997"}],"curies":[{"name":"wp","href":"https:\/\/api.w.org\/{rel}","templated":true}]}}